{"id":104618,"date":"2020-09-24T11:55:24","date_gmt":"2020-09-24T09:55:24","guid":{"rendered":"http:\/\/www.secowarwick.com\/seco-deals\/choose-the-right-ace-for-heat-treatment-have-the-ace-furnaces-to-win-the-game\/"},"modified":"2025-02-06T09:50:49","modified_gmt":"2025-02-06T08:50:49","slug":"wahlen-sie-das-richtige-asse-im-spiel-warmebehandlung","status":"publish","type":"page","link":"https:\/\/www.secowarwick.com\/de\/seco-deals-old\/wahlen-sie-das-richtige-asse-im-spiel-warmebehandlung\/","title":{"rendered":"W\u00e4hlen Sie das richtige ASS f\u00fcr die W\u00e4rmebehandlung. Werden Sie zum Gewinner mit den Spitzen\u00f6fen."},"content":{"rendered":"<p>[et_pb_section fb_built=&#8220;1&#8243; _builder_version=&#8220;4.16&#8243; custom_margin=&#8220;0px||0px|&#8220; custom_padding=&#8220;0px||0px|&#8220; global_colors_info=&#8220;{}&#8220;][et_pb_row _builder_version=&#8220;4.16&#8243; background_size=&#8220;initial&#8220; background_position=&#8220;top_left&#8220; background_repeat=&#8220;repeat&#8220; global_colors_info=&#8220;{}&#8220;][et_pb_column type=&#8220;4_4&#8243; _builder_version=&#8220;4.16&#8243; custom_padding=&#8220;|||&#8220; global_colors_info=&#8220;{}&#8220; custom_padding__hover=&#8220;|||&#8220;][et_pb_image src=&#8220;https:\/\/www.secowarwick.com\/wp-content\/uploads\/2020\/09\/Playing_card_head_DE.jpg&#8220; align_tablet=&#8220;center&#8220; align_phone=&#8220;&#8220; align_last_edited=&#8220;on|desktop&#8220; _builder_version=&#8220;4.23.1&#8243; hover_enabled=&#8220;0&#8243; global_colors_info=&#8220;{}&#8220; alt=&#8220;Spielkarten&#8220; sticky_enabled=&#8220;0&#8243;][\/et_pb_image][et_pb_text _builder_version=&#8220;4.16&#8243; global_colors_info=&#8220;{}&#8220;]<\/p>\n<h3 style=\"text-align: center;\">SECO\/WARWICK spielt mit im W\u00e4rmebehandlungsspiel. Das vollst\u00e4ndige Deck umfasst 52 \u00d6fen und der Trick besteht darin, die beste L\u00f6sung auszuw\u00e4hlen. Spielen Sie mit den richtigen Karten, um Ihr Unternehmen hoch zu positionieren.<\/h3>\n<h3 style=\"text-align: center;\">W\u00e4hlen Sie das richtige Ass!<\/h3>\n<p>&nbsp;<\/p>\n<p style=\"text-align: center;\"><img decoding=\"async\" class=\"alignnone size-full wp-image-104394\" src=\"https:\/\/www.secowarwick.com\/wp-content\/uploads\/2020\/09\/karta-1.png\" alt=\"\" width=\"27\" height=\"27\" \/><\/p>\n<p>[\/et_pb_text][\/et_pb_column][\/et_pb_row][\/et_pb_section][et_pb_section fb_built=&#8220;1&#8243; _builder_version=&#8220;4.16&#8243; custom_margin=&#8220;0px|||&#8220; custom_padding=&#8220;0px|||&#8220; global_colors_info=&#8220;{}&#8220;][et_pb_row column_structure=&#8220;1_2,1_2&#8243; custom_padding_last_edited=&#8220;on|phone&#8220; _builder_version=&#8220;4.16&#8243; custom_margin=&#8220;0px|||&#8220; custom_margin_tablet=&#8220;&#8220; custom_margin_phone=&#8220;0px||0px|&#8220; custom_margin_last_edited=&#8220;on|phone&#8220; custom_padding=&#8220;0px|||&#8220; custom_padding_tablet=&#8220;&#8220; custom_padding_phone=&#8220;0px||0px|&#8220; global_colors_info=&#8220;{}&#8220;][et_pb_column type=&#8220;1_2&#8243; _builder_version=&#8220;4.16&#8243; custom_padding=&#8220;|||&#8220; global_colors_info=&#8220;{}&#8220; custom_padding__hover=&#8220;|||&#8220;][et_pb_image src=&#8220;https:\/\/www.secowarwick.com\/wp-content\/uploads\/2020\/09\/SECOWARWICK_ACE_-4D-QUENCH_www1.jpg&#8220; show_in_lightbox=&#8220;on&#8220; align_tablet=&#8220;center&#8220; align_phone=&#8220;&#8220; align_last_edited=&#8220;on|desktop&#8220; disabled_on=&#8220;|on|on&#8220; _builder_version=&#8220;4.23.1&#8243; hover_enabled=&#8220;0&#8243; global_colors_info=&#8220;{}&#8220; alt=&#8220;Spielkarten&#8220; sticky_enabled=&#8220;0&#8243;][\/et_pb_image][et_pb_text admin_label=&#8220;4d&#8220; _builder_version=&#8220;4.16&#8243; custom_margin=&#8220;90px|||&#8220; custom_margin_tablet=&#8220;&#8220; custom_margin_phone=&#8220;25px|||&#8220; custom_margin_last_edited=&#8220;on|desktop&#8220; hover_enabled=&#8220;0&#8243; global_colors_info=&#8220;{}&#8220; sticky_enabled=&#8220;0&#8243;]<\/p>\n<h2><span style=\"color: #dc291e;\">4D Quench\u00ae<\/span><\/h2>\n<p>4 Kartenfarben, 4-dimensionales Abschrecken mit freiem Stickstoff.<\/p>\n<p>Spielen Sie die \u2013 4D Quench\u00ae-Karte und Sie haben deutlich weniger Verformungen im Vergleich zur \u00d6l-Batchabschreckung und genaue und wiederholbare Ergebnisse durch das fehlende \u00d6l.<\/p>\n<p><a href='https:\/\/www.secowarwick.com\/de\/produkte\/vakuum-anlagen\/unicase-master-4d-quench\/' class='small-button smallred'><span>Hier erfahren Sie mehr &gt;&gt;&gt;\u00a0<\/span><\/a><br \/>\n[\/et_pb_text][\/et_pb_column][et_pb_column type=&#8220;1_2&#8243; _builder_version=&#8220;4.16&#8243; custom_padding=&#8220;|||&#8220; global_colors_info=&#8220;{}&#8220; custom_padding__hover=&#8220;|||&#8220;][et_pb_image src=&#8220;https:\/\/www.secowarwick.com\/wp-content\/uploads\/2020\/09\/SECOWARWICK_ACE_-4D-QUENCH_www1.jpg&#8220; show_in_lightbox=&#8220;on&#8220; show_bottom_space=&#8220;off&#8220; align_tablet=&#8220;center&#8220; align_phone=&#8220;&#8220; align_last_edited=&#8220;on|desktop&#8220; disabled_on=&#8220;on||&#8220; _builder_version=&#8220;4.23.1&#8243; hover_enabled=&#8220;0&#8243; global_colors_info=&#8220;{}&#8220; alt=&#8220;Spielkarten&#8220; sticky_enabled=&#8220;0&#8243;][\/et_pb_image][\/et_pb_column][\/et_pb_row][et_pb_row custom_padding_last_edited=&#8220;on|phone&#8220; _builder_version=&#8220;4.16&#8243; custom_margin_tablet=&#8220;&#8220; custom_margin_phone=&#8220;0px||0px|&#8220; custom_margin_last_edited=&#8220;on|phone&#8220; custom_padding_tablet=&#8220;&#8220; custom_padding_phone=&#8220;0px||0px|&#8220; global_colors_info=&#8220;{}&#8220;][et_pb_column type=&#8220;4_4&#8243; _builder_version=&#8220;4.16&#8243; custom_padding=&#8220;|||&#8220; global_colors_info=&#8220;{}&#8220; custom_padding__hover=&#8220;|||&#8220;][et_pb_image src=&#8220;https:\/\/www.secowarwick.com\/wp-content\/uploads\/2020\/09\/karta-2.png&#8220; align=&#8220;center&#8220; align_tablet=&#8220;center&#8220; align_phone=&#8220;&#8220; align_last_edited=&#8220;on|desktop&#8220; _builder_version=&#8220;4.23.1&#8243; hover_enabled=&#8220;0&#8243; global_colors_info=&#8220;{}&#8220; alt=&#8220;Spielkartenfigur&#8220; sticky_enabled=&#8220;0&#8243;][\/et_pb_image][\/et_pb_column][\/et_pb_row][et_pb_row column_structure=&#8220;1_2,1_2&#8243; custom_padding_last_edited=&#8220;on|phone&#8220; _builder_version=&#8220;4.16&#8243; custom_margin_tablet=&#8220;&#8220; custom_margin_phone=&#8220;0px||0px|&#8220; custom_margin_last_edited=&#8220;on|phone&#8220; custom_padding_tablet=&#8220;&#8220; custom_padding_phone=&#8220;0px||0px|&#8220; global_colors_info=&#8220;{}&#8220;][et_pb_column type=&#8220;1_2&#8243; _builder_version=&#8220;4.16&#8243; custom_padding=&#8220;|||&#8220; global_colors_info=&#8220;{}&#8220; custom_padding__hover=&#8220;|||&#8220;][et_pb_image src=&#8220;https:\/\/www.secowarwick.com\/wp-content\/uploads\/2020\/09\/SECOWARWICK_-ACE_-VECTOR_VACUUM-FURNACE_www2-2.jpg&#8220; show_in_lightbox=&#8220;on&#8220; align_tablet=&#8220;center&#8220; align_phone=&#8220;&#8220; align_last_edited=&#8220;on|desktop&#8220; disabled_on=&#8220;off|off|off&#8220; _builder_version=&#8220;4.23.1&#8243; hover_enabled=&#8220;0&#8243; global_colors_info=&#8220;{}&#8220; alt=&#8220;Spielkarten&#8220; sticky_enabled=&#8220;0&#8243;][\/et_pb_image][\/et_pb_column][et_pb_column type=&#8220;1_2&#8243; _builder_version=&#8220;4.16&#8243; custom_padding=&#8220;|||&#8220; global_colors_info=&#8220;{}&#8220; custom_padding__hover=&#8220;|||&#8220;][et_pb_text admin_label=&#8220;vector&#8220; _builder_version=&#8220;4.16&#8243; custom_margin=&#8220;60px|||&#8220; custom_margin_tablet=&#8220;&#8220; custom_margin_phone=&#8220;0px|||&#8220; custom_margin_last_edited=&#8220;on|phone&#8220; hover_enabled=&#8220;0&#8243; global_colors_info=&#8220;{}&#8220; sticky_enabled=&#8220;0&#8243;]<\/p>\n<h2><span style=\"color: #dc291e;\">Vector<\/span><\/h2>\n<p>Der Vector HPGQ, eine spitzenm\u00e4\u00dfige Ass-Technologie bietet wichtige Funktionen zur Erzeugung einer hohen Gleichm\u00e4\u00dfigkeit bei w\u00e4rmebehandelten Teilen, einer hohen Konsistenz der Auslastung und hohen Geschwindigkeiten bei der Batch-Verarbeitung mit geringem Verbrauch von Energie und Prozessgasen.<\/p>\n<p>Der Vector HPGQ kann nach 3 Wochen Ihnen geh\u00f6ren!! W\u00e4hlen Sie das richtige Ass f\u00fcr W\u00e4rmebehandlungsprozesse und werden Sie Marktgewinner.<\/p>\n<p>&nbsp;<\/p>\n<p><a href='https:\/\/www.secowarwick.com\/de\/seco-deals\/vector-mit-schneller-lieferung\/' class='small-button smallred'><span>Hier erfahren Sie mehr &gt;&gt;&gt;\u00a0<\/span><\/a><br \/>\n[\/et_pb_text][\/et_pb_column][\/et_pb_row][et_pb_row custom_padding_last_edited=&#8220;on|phone&#8220; _builder_version=&#8220;4.16&#8243; custom_margin_tablet=&#8220;&#8220; custom_margin_phone=&#8220;||25px|&#8220; custom_margin_last_edited=&#8220;on|phone&#8220; custom_padding_tablet=&#8220;&#8220; custom_padding_phone=&#8220;||0px|&#8220; global_colors_info=&#8220;{}&#8220;][et_pb_column type=&#8220;4_4&#8243; _builder_version=&#8220;4.16&#8243; custom_padding=&#8220;|||&#8220; global_colors_info=&#8220;{}&#8220; custom_padding__hover=&#8220;|||&#8220;][et_pb_image src=&#8220;https:\/\/www.secowarwick.com\/wp-content\/uploads\/2020\/09\/karta-3.png&#8220; align=&#8220;center&#8220; align_tablet=&#8220;center&#8220; align_phone=&#8220;&#8220; align_last_edited=&#8220;on|desktop&#8220; _builder_version=&#8220;4.23.1&#8243; hover_enabled=&#8220;0&#8243; global_colors_info=&#8220;{}&#8220; alt=&#8220;Spielkartenfigur&#8220; sticky_enabled=&#8220;0&#8243;][\/et_pb_image][\/et_pb_column][\/et_pb_row][et_pb_row column_structure=&#8220;1_2,1_2&#8243; custom_padding_last_edited=&#8220;on|&#8220; _builder_version=&#8220;4.16&#8243; custom_margin_tablet=&#8220;&#8220; custom_margin_phone=&#8220;0px|||&#8220; custom_margin_last_edited=&#8220;on|phone&#8220; custom_padding=&#8220;0px|||&#8220; custom_padding_tablet=&#8220;&#8220; custom_padding_phone=&#8220;&#8220; global_colors_info=&#8220;{}&#8220;][et_pb_column type=&#8220;1_2&#8243; _builder_version=&#8220;4.16&#8243; custom_padding=&#8220;|||&#8220; global_colors_info=&#8220;{}&#8220; custom_padding__hover=&#8220;|||&#8220;][et_pb_image src=&#8220;https:\/\/www.secowarwick.com\/wp-content\/uploads\/2020\/09\/SECOWARWICK_-ACE_-PIT.jpg&#8220; align_tablet=&#8220;center&#8220; align_phone=&#8220;&#8220; align_last_edited=&#8220;on|desktop&#8220; disabled_on=&#8220;|on|on&#8220; _builder_version=&#8220;4.23.1&#8243; hover_enabled=&#8220;0&#8243; global_colors_info=&#8220;{}&#8220; alt=&#8220;Spielkarten&#8220; sticky_enabled=&#8220;0&#8243;][\/et_pb_image][et_pb_text admin_label=&#8220;pit&#8220; _builder_version=&#8220;4.16&#8243; custom_margin=&#8220;60px|||&#8220; custom_margin_tablet=&#8220;&#8220; custom_margin_phone=&#8220;25px|||&#8220; custom_margin_last_edited=&#8220;on|phone&#8220; global_colors_info=&#8220;{}&#8220;]<\/p>\n<h2><span style=\"color: #dc291e;\">Pit-LPC<\/span><\/h2>\n<p>Pit-LPC, eine moderne Alternative zur Atmosph\u00e4renaufkohlung, welche bereits das Maximum ihrer M\u00f6glichkeiten erreicht hat. Pit-LPC f\u00fcr eine Kostenreduktion, eine umweltfreundliche Arbeitsweise und f\u00fcr einen<\/p>\n<p>Produktionsaufschwung. Sind Sie bereit f\u00fcr die Ass-\u00d6fen?<\/p>\n<p><a href='https:\/\/www.secowarwick.com\/de\/produkte\/vakuum-anlagen\/pit-lpc-vakuumgrubenofen-zum-aufkohlen-dicker-schichten-fuer-grosse-details\/' class='small-button smallred'><span>Hier erfahren Sie mehr &gt;&gt;&gt;&nbsp;<\/span><\/a><br \/>\n[\/et_pb_text][\/et_pb_column][et_pb_column type=&#8220;1_2&#8243; _builder_version=&#8220;4.16&#8243; custom_padding=&#8220;|||&#8220; global_colors_info=&#8220;{}&#8220; custom_padding__hover=&#8220;|||&#8220;][et_pb_image src=&#8220;https:\/\/www.secowarwick.com\/wp-content\/uploads\/2020\/09\/SECOWARWICK_-ACE_-PIT.jpg&#8220; align_tablet=&#8220;center&#8220; align_phone=&#8220;&#8220; align_last_edited=&#8220;on|desktop&#8220; disabled_on=&#8220;on||&#8220; _builder_version=&#8220;4.23.1&#8243; hover_enabled=&#8220;0&#8243; global_colors_info=&#8220;{}&#8220; alt=&#8220;Spielkarten&#8220; sticky_enabled=&#8220;0&#8243;][\/et_pb_image][\/et_pb_column][\/et_pb_row][et_pb_row custom_padding_last_edited=&#8220;on|&#8220; _builder_version=&#8220;4.16&#8243; custom_margin_tablet=&#8220;&#8220; custom_margin_phone=&#8220;0px||0px|&#8220; custom_margin_last_edited=&#8220;on|phone&#8220; custom_padding=&#8220;0px||0px|&#8220; custom_padding_tablet=&#8220;&#8220; custom_padding_phone=&#8220;&#8220; global_colors_info=&#8220;{}&#8220;][et_pb_column type=&#8220;4_4&#8243; _builder_version=&#8220;4.16&#8243; custom_padding=&#8220;|||&#8220; global_colors_info=&#8220;{}&#8220; custom_padding__hover=&#8220;|||&#8220;][et_pb_image src=&#8220;https:\/\/www.secowarwick.com\/wp-content\/uploads\/2020\/09\/karta-4.png&#8220; align=&#8220;center&#8220; align_tablet=&#8220;center&#8220; align_phone=&#8220;&#8220; align_last_edited=&#8220;on|desktop&#8220; _builder_version=&#8220;4.23.1&#8243; hover_enabled=&#8220;0&#8243; global_colors_info=&#8220;{}&#8220; alt=&#8220;Spielkartenfigur&#8220; sticky_enabled=&#8220;0&#8243;][\/et_pb_image][\/et_pb_column][\/et_pb_row][et_pb_row column_structure=&#8220;1_2,1_2&#8243; _builder_version=&#8220;4.16&#8243; global_colors_info=&#8220;{}&#8220;][et_pb_column type=&#8220;1_2&#8243; _builder_version=&#8220;4.16&#8243; custom_padding=&#8220;|||&#8220; global_colors_info=&#8220;{}&#8220; custom_padding__hover=&#8220;|||&#8220;][et_pb_image src=&#8220;https:\/\/www.secowarwick.com\/wp-content\/uploads\/2020\/09\/SECOWARWICK_ACE_-SUPER-IQ-INTEGRAL-QUENCH-FURNACE_www.jpg&#8220; show_in_lightbox=&#8220;on&#8220; align_tablet=&#8220;center&#8220; align_phone=&#8220;&#8220; align_last_edited=&#8220;on|desktop&#8220; disabled_on=&#8220;off||&#8220; _builder_version=&#8220;4.23.1&#8243; hover_enabled=&#8220;0&#8243; global_colors_info=&#8220;{}&#8220; alt=&#8220;Spielkarten&#8220; sticky_enabled=&#8220;0&#8243;][\/et_pb_image][\/et_pb_column][et_pb_column type=&#8220;1_2&#8243; _builder_version=&#8220;4.16&#8243; custom_padding=&#8220;|||&#8220; global_colors_info=&#8220;{}&#8220; custom_padding__hover=&#8220;|||&#8220;][et_pb_text admin_label=&#8220;iq&#8220; _builder_version=&#8220;4.16&#8243; custom_margin=&#8220;60px|||&#8220; custom_margin_tablet=&#8220;&#8220; custom_margin_phone=&#8220;25px|||&#8220; custom_margin_last_edited=&#8220;on|phone&#8220; hover_enabled=&#8220;0&#8243; global_colors_info=&#8220;{}&#8220; sticky_enabled=&#8220;0&#8243;]<\/p>\n<h2><span style=\"color: #dc291e;\">Super IQ\u00ae<\/span><\/h2>\n<p>Er revolutioniert Ihr W\u00e4rmebehandlungsbusiness und steigert Ihre Produktivit\u00e4t.<\/p>\n<p>Der Super IQ\u00ae hat alle ASSE f\u00fcr eine Niederdruck-Aufkohlung ohne zus\u00e4tzliche Kosten im \u00c4rmel. Ist eine Ass-m\u00e4\u00dfige Produktivit\u00e4t notwendig?<\/p>\n<p>&nbsp;<\/p>\n<p><a href='https:\/\/www.secowarwick.com\/de\/produkte\/schutzgasoefen-und-systeme-atm\/super-iq-universal-kammerofen\/' class='small-button smallred'><span>Hier erfahren Sie mehr &gt;&gt;&gt;\u00a0<\/span><\/a><br \/>\n[\/et_pb_text][\/et_pb_column][\/et_pb_row][et_pb_row _builder_version=&#8220;4.16&#8243; background_size=&#8220;initial&#8220; background_position=&#8220;top_left&#8220; background_repeat=&#8220;repeat&#8220; global_colors_info=&#8220;{}&#8220;][et_pb_column type=&#8220;4_4&#8243; _builder_version=&#8220;4.16&#8243; custom_padding=&#8220;|||&#8220; global_colors_info=&#8220;{}&#8220; custom_padding__hover=&#8220;|||&#8220;][et_pb_image src=&#8220;https:\/\/www.secowarwick.com\/wp-content\/uploads\/2020\/09\/karty.png&#8220; align=&#8220;center&#8220; align_tablet=&#8220;center&#8220; align_phone=&#8220;&#8220; align_last_edited=&#8220;on|desktop&#8220; _builder_version=&#8220;4.23.1&#8243; hover_enabled=&#8220;0&#8243; global_colors_info=&#8220;{}&#8220; alt=&#8220;Spielkartenfigur&#8220; sticky_enabled=&#8220;0&#8243;][\/et_pb_image][\/et_pb_column][\/et_pb_row][et_pb_row _builder_version=&#8220;4.16&#8243; custom_margin=&#8220;0px|||&#8220; custom_padding=&#8220;0px|||&#8220; global_colors_info=&#8220;{}&#8220;][et_pb_column type=&#8220;4_4&#8243; _builder_version=&#8220;4.16&#8243; custom_padding=&#8220;|||&#8220; global_colors_info=&#8220;{}&#8220; custom_padding__hover=&#8220;|||&#8220;][et_pb_text _builder_version=&#8220;4.16&#8243; background_color=&#8220;#ffffff&#8220; custom_margin=&#8220;||25px|&#8220; custom_padding=&#8220;||25px|&#8220; global_colors_info=&#8220;{}&#8220;]<\/p>\n<h3 style=\"text-align: center;\"><strong>DAS KARTENSPIEL BEGINNT HIER<\/strong><br \/>\n<strong>W\u00e4hlen Sie den richtigen ACE f\u00fcr die W\u00e4rmebehandlung <\/strong><br \/>\n<strong>und <span style=\"color: #dc291e;\">KONTAKTIERE UNS!<br \/>\n<\/span><\/strong><\/h3>\n<p>[\/et_pb_text][et_pb_code admin_label=&#8220;crm-rfq-de&#8220; _builder_version=&#8220;4.10.3&#8243; _module_preset=&#8220;default&#8220; global_module=&#8220;123766&#8243; global_colors_info=&#8220;{}&#8220;]<!-- [et_pb_line_break_holder] --><pee style=\"text-align: center;\"><a class=\"small-button smallred\" style=\"font-size: 20px; padding: 20px 60px;\" href=\"https:\/\/www.secowarwick.com\/de\/fordern-sie-hier-ihr-angebot-an\/\"><span style=\"display: block; transform: skew(15deg,0deg); -webkit-transform: skew(15deg,0deg); font-size: 20px; !important\">UM EIN ANGEBOT BITTEN<\/span><\/a><\/pee>[\/et_pb_code][\/et_pb_column][\/et_pb_row][\/et_pb_section]<\/p>\n","protected":false},"excerpt":{"rendered":"<p>SECO\/WARWICK spielt mit im W\u00e4rmebehandlungsspiel. Das vollst\u00e4ndige Deck umfasst 52 \u00d6fen und der Trick besteht darin, die beste L\u00f6sung auszuw\u00e4hlen. Spielen Sie mit den richtigen Karten, um Ihr Unternehmen hoch zu positionieren. W\u00e4hlen Sie das richtige Ass! &nbsp; 4D Quench\u00ae 4 Kartenfarben, 4-dimensionales Abschrecken mit freiem Stickstoff. Spielen Sie die \u2013 4D Quench\u00ae-Karte und Sie [&hellip;]<\/p>\n","protected":false},"author":2,"featured_media":0,"parent":84826,"menu_order":0,"comment_status":"closed","ping_status":"closed","template":"","meta":{"_acf_changed":false,"_et_pb_use_builder":"on","_et_pb_old_content":"","_et_gb_content_width":"","footnotes":""},"class_list":["post-104618","page","type-page","status-publish"],"acf":[],"_links":{"self":[{"href":"https:\/\/www.secowarwick.com\/de\/wp-json\/wp\/v2\/pages\/104618","targetHints":{"allow":["GET"]}}],"collection":[{"href":"https:\/\/www.secowarwick.com\/de\/wp-json\/wp\/v2\/pages"}],"about":[{"href":"https:\/\/www.secowarwick.com\/de\/wp-json\/wp\/v2\/types\/page"}],"author":[{"embeddable":true,"href":"https:\/\/www.secowarwick.com\/de\/wp-json\/wp\/v2\/users\/2"}],"replies":[{"embeddable":true,"href":"https:\/\/www.secowarwick.com\/de\/wp-json\/wp\/v2\/comments?post=104618"}],"version-history":[{"count":3,"href":"https:\/\/www.secowarwick.com\/de\/wp-json\/wp\/v2\/pages\/104618\/revisions"}],"predecessor-version":[{"id":170587,"href":"https:\/\/www.secowarwick.com\/de\/wp-json\/wp\/v2\/pages\/104618\/revisions\/170587"}],"up":[{"embeddable":true,"href":"https:\/\/www.secowarwick.com\/de\/wp-json\/wp\/v2\/pages\/84826"}],"wp:attachment":[{"href":"https:\/\/www.secowarwick.com\/de\/wp-json\/wp\/v2\/media?parent=104618"}],"curies":[{"name":"wp","href":"https:\/\/api.w.org\/{rel}","templated":true}]}}