{"id":108027,"date":"2020-11-17T11:24:20","date_gmt":"2020-11-17T10:24:20","guid":{"rendered":"http:\/\/www.secowarwick.com\/produkte\/vakuum-anlagen\/pit-lpc-vakuumgrubenofen-zum-aufkohlen-dicker-schichten-fuer-grosse-details\/carburize-in-a-vacuum-pit-furnace\/"},"modified":"2025-02-06T09:28:42","modified_gmt":"2025-02-06T08:28:42","slug":"dicke-schichten-in-einem-vakuum-grubenofen-aufkohlen","status":"publish","type":"page","link":"https:\/\/www.secowarwick.com\/de\/produkte\/vakuum-anlagen\/pit-lpc-vakuumgrubenofen-zum-aufkohlen-dicker-schichten-fuer-grosse-details\/dicke-schichten-in-einem-vakuum-grubenofen-aufkohlen\/","title":{"rendered":"Wie k\u00f6nnen dicke Schichten in einem Vakuum-Grubenofen aufgekohlt werden?"},"content":{"rendered":"<p>[et_pb_section fb_built=&#8220;1&#8243; _builder_version=&#8220;4.16&#8243; global_colors_info=&#8220;{}&#8220;][et_pb_row module_class=&#8220;pitlpc-column-dark&#8220; _builder_version=&#8220;4.16&#8243; background_image=&#8220;https:\/\/www.secowarwick.com\/wp-content\/uploads\/2020\/11\/pitlpc-header-1.jpg&#8220; custom_margin=&#8220;||45px|&#8220; custom_margin_tablet=&#8220;&#8220; custom_margin_phone=&#8220;45px||45px|&#8220; custom_margin_last_edited=&#8220;on|phone&#8220; custom_padding=&#8220;||45px|&#8220; global_colors_info=&#8220;{}&#8220;][et_pb_column type=&#8220;4_4&#8243; _builder_version=&#8220;4.16&#8243; custom_padding=&#8220;|||&#8220; global_colors_info=&#8220;{}&#8220; custom_padding__hover=&#8220;|||&#8220;][et_pb_text module_class=&#8220;pitlpc-tytul-dark&#8220; _builder_version=&#8220;4.16&#8243; text_text_color=&#8220;rgba(255,255,255,0.75)&#8220; header_font=&#8220;|800||on|||||&#8220; header_text_align=&#8220;center&#8220; header_text_color=&#8220;#ffffff&#8220; header_font_size=&#8220;50px&#8220; background_layout=&#8220;dark&#8220; custom_margin_tablet=&#8220;&#8220; custom_margin_phone=&#8220;45px|||&#8220; custom_margin_last_edited=&#8220;on|phone&#8220; custom_padding=&#8220;120px||100px|&#8220; custom_padding_tablet=&#8220;&#8220; custom_padding_phone=&#8220;60px||40px|&#8220; custom_padding_last_edited=&#8220;on|phone&#8220; header_font_size_tablet=&#8220;&#8220; header_font_size_phone=&#8220;35px&#8220; header_font_size_last_edited=&#8220;on|phone&#8220; global_colors_info=&#8220;{}&#8220;]<\/p>\n<p style=\"text-align: center;\"><span style=\"font-size: 18pt;\">WISSEN SIE<\/span><\/p>\n<h1 class=\"pitlpc-landing-title\" style=\"text-align: center;\">Wie man aufkocht<br \/>\ndicke Schichten im Vakuum<br \/>\nGrubenofen?<\/h1>\n<p style=\"text-align: center;\">www.secowarwick.com<\/p>\n<p>[\/et_pb_text][\/et_pb_column][\/et_pb_row][et_pb_row _builder_version=&#8220;4.16&#8243; background_size=&#8220;initial&#8220; background_position=&#8220;top_left&#8220; background_repeat=&#8220;repeat&#8220; global_colors_info=&#8220;{}&#8220;][et_pb_column type=&#8220;4_4&#8243; _builder_version=&#8220;4.16&#8243; custom_padding=&#8220;|||&#8220; global_colors_info=&#8220;{}&#8220; custom_padding__hover=&#8220;|||&#8220;][et_pb_image src=&#8220;https:\/\/www.secowarwick.com\/wp-content\/uploads\/2020\/11\/Carburizing_DE.png&#8220; align=&#8220;center&#8220; align_tablet=&#8220;center&#8220; align_phone=&#8220;center&#8220; align_last_edited=&#8220;on|desktop&#8220; _builder_version=&#8220;4.16&#8243; custom_padding=&#8220;||35px|&#8220; custom_css_main_element=&#8220;max-width: 700px;&#8220; global_colors_info=&#8220;{}&#8220;][\/et_pb_image][\/et_pb_column][\/et_pb_row][et_pb_row module_class=&#8220;pitlpc-column-dark&#8220; _builder_version=&#8220;4.16&#8243; background_color=&#8220;#252b2a&#8220; global_colors_info=&#8220;{}&#8220;][et_pb_column type=&#8220;4_4&#8243; _builder_version=&#8220;4.16&#8243; custom_padding=&#8220;|||&#8220; global_colors_info=&#8220;{}&#8220; custom_padding__hover=&#8220;|||&#8220;][et_pb_text admin_label=&#8220;1&#8243; module_class=&#8220;pitlpc-tytul-dark&#8220; _builder_version=&#8220;4.16&#8243; global_colors_info=&#8220;{}&#8220;]<\/p>\n<h2><span style=\"color: #dc291e;\"><strong>1.\u00a0<\/strong><\/span>Sammeln Sie die Teile, die bei einer gegebenen Schichtdicke aufgekohlt werden sollen<\/h2>\n<p>[\/et_pb_text][et_pb_blurb image=&#8220;https:\/\/www.secowarwick.com\/wp-content\/uploads\/2020\/11\/1.gif&#8220; module_class=&#8220;pitlpc-notka&#8220; _builder_version=&#8220;4.23.1&#8243; hover_enabled=&#8220;0&#8243; global_colors_info=&#8220;{}&#8220; alt=&#8220;Graphics Interchange Format&#8220; sticky_enabled=&#8220;0&#8243;]<\/p>\n<ul>\n<li>Reinigen Sie die Teile gr\u00fcndlich und entfernen Sie alle nach der Bearbeitung verbleibenden R\u00fcckst\u00e4nde<\/li>\n<li>Sch\u00e4tzen Sie die Oberfl\u00e4che Ihrer Teile mit Hilfe der benutzerfreundlichen Software von S\/W<\/li>\n<li>Platzieren Sie die Teile auf einer speziellen Vorrichtung und stellen Sie sicher, dass die Vorrichtung bereit ist, erh\u00f6hten Temperaturen standzuhalten.<\/li>\n<\/ul>\n<p>[\/et_pb_blurb][\/et_pb_column][\/et_pb_row][et_pb_row module_class=&#8220;pitlpc-dark-kreska-row&#8220; _builder_version=&#8220;4.16&#8243; global_colors_info=&#8220;{}&#8220;][et_pb_column type=&#8220;4_4&#8243; _builder_version=&#8220;4.16&#8243; custom_padding=&#8220;|||&#8220; global_colors_info=&#8220;{}&#8220; custom_padding__hover=&#8220;|||&#8220;][et_pb_image src=&#8220;https:\/\/www.secowarwick.com\/wp-content\/uploads\/2020\/11\/pit-kreska.png&#8220; align=&#8220;center&#8220; align_tablet=&#8220;center&#8220; align_phone=&#8220;center&#8220; align_last_edited=&#8220;on|desktop&#8220; module_class=&#8220;pitlpc-dark-kreska&#8220; _builder_version=&#8220;4.16&#8243; global_colors_info=&#8220;{}&#8220;][\/et_pb_image][\/et_pb_column][\/et_pb_row][et_pb_row module_class=&#8220;pitlpc-column-dark&#8220; _builder_version=&#8220;4.16&#8243; global_colors_info=&#8220;{}&#8220;][et_pb_column type=&#8220;4_4&#8243; _builder_version=&#8220;4.16&#8243; custom_padding=&#8220;|||&#8220; global_colors_info=&#8220;{}&#8220; custom_padding__hover=&#8220;|||&#8220;][et_pb_text admin_label=&#8220;2&#8243; module_id=&#8220;pitlpc-light&#8220; module_class=&#8220;pitlpc-tytul-dark&#8220; _builder_version=&#8220;4.16&#8243; global_colors_info=&#8220;{}&#8220;]<\/p>\n<h2><span style=\"color: #dc291e;\"><strong>2<\/strong>.<\/span> Bereiten Sie Ihren Ofen vor<\/h2>\n<p>[\/et_pb_text][et_pb_blurb image=&#8220;https:\/\/www.secowarwick.com\/wp-content\/uploads\/2020\/11\/21.gif&#8220; module_id=&#8220;pitlpc-notka-light&#8220; module_class=&#8220;pitlpc-notka&#8220; _builder_version=&#8220;4.23.1&#8243; hover_enabled=&#8220;0&#8243; global_colors_info=&#8220;{}&#8220; alt=&#8220;Graphics Interchange Format&#8220; sticky_enabled=&#8220;0&#8243;]<\/p>\n<ul>\n<li>Vergewissern Sie sich, dass der Ofen in \u00dcbereinstimmung mit der Bedienungsanleitung gut gewartet wurde<\/li>\n<li>Pr\u00fcfen Sie, ob die Versorgungsleitungen angeschlossen und verf\u00fcgbar sind (Sie ben\u00f6tigen f\u00fcr diesen Prozess keinen Endogenerator, eine Mischung auf Acetylenbasis reicht aus)<\/li>\n<li>W\u00e4hlen Sie die richtige Rezeptur, die Vakuumaufkohlung kann Ihnen helfen, bemerkenswerte Einsparungen bei der Prozesszeit zu erzielen.<\/li>\n<li>Der Ofen muss nicht konditioniert werden, Sie k\u00f6nnen Ihren Vakuum-Grubenofen bei Bedarf starten, wenn Sie ihn brauchen.<\/li>\n<\/ul>\n<p>[\/et_pb_blurb][\/et_pb_column][\/et_pb_row][et_pb_row module_class=&#8220;pitlpc-column-dark&#8220; _builder_version=&#8220;4.16&#8243; background_color=&#8220;#252b2a&#8220; global_colors_info=&#8220;{}&#8220;][et_pb_column type=&#8220;4_4&#8243; _builder_version=&#8220;4.16&#8243; custom_padding=&#8220;|||&#8220; global_colors_info=&#8220;{}&#8220; custom_padding__hover=&#8220;|||&#8220;][et_pb_text admin_label=&#8220;3 dark&#8220; module_class=&#8220;pitlpc-tytul-dark&#8220; _builder_version=&#8220;4.16&#8243; hover_enabled=&#8220;0&#8243; global_colors_info=&#8220;{}&#8220; sticky_enabled=&#8220;0&#8243;]<\/p>\n<h2><span style=\"color: #dc291e;\"><strong>3.<\/strong><\/span> Beladen Sie die Vorrichtung mit den Teilen<\/h2>\n<p>[\/et_pb_text][et_pb_blurb image=&#8220;https:\/\/www.secowarwick.com\/wp-content\/uploads\/2020\/11\/2-1.gif&#8220; module_class=&#8220;pitlpc-notka&#8220; _builder_version=&#8220;4.23.1&#8243; hover_enabled=&#8220;0&#8243; global_colors_info=&#8220;{}&#8220; alt=&#8220;Graphics Interchange Format&#8220; sticky_enabled=&#8220;0&#8243;]<\/p>\n<ul>\n<li>\u00d6ffnen Sie den Ofen (achten Sie auf die Temperatur, wenn der Ofen unter hei\u00dfen Bedingungen ge\u00f6ffnet wird)<\/li>\n<li>Verwenden Sie den Br\u00fcckenkran, um die Vorrichtung mit den Teilen in den Ofen zu laden (dies kann in einem automatisierten Modus realisiert werden)<\/li>\n<li>Schlie\u00dfen Sie den Ofen<\/li>\n<\/ul>\n<p>[\/et_pb_blurb][\/et_pb_column][\/et_pb_row][et_pb_row module_class=&#8220;pitlpc-dark-kreska-row&#8220; _builder_version=&#8220;4.16&#8243; global_colors_info=&#8220;{}&#8220;][et_pb_column type=&#8220;4_4&#8243; _builder_version=&#8220;4.16&#8243; custom_padding=&#8220;|||&#8220; global_colors_info=&#8220;{}&#8220; custom_padding__hover=&#8220;|||&#8220;][et_pb_image src=&#8220;https:\/\/www.secowarwick.com\/wp-content\/uploads\/2020\/11\/pit-kreska.png&#8220; align=&#8220;center&#8220; align_tablet=&#8220;center&#8220; align_phone=&#8220;center&#8220; align_last_edited=&#8220;on|desktop&#8220; module_class=&#8220;pitlpc-dark-kreska&#8220; _builder_version=&#8220;4.16&#8243; global_colors_info=&#8220;{}&#8220;][\/et_pb_image][\/et_pb_column][\/et_pb_row][et_pb_row module_class=&#8220;pitlpc-column-dark&#8220; _builder_version=&#8220;4.16&#8243; global_colors_info=&#8220;{}&#8220;][et_pb_column type=&#8220;4_4&#8243; _builder_version=&#8220;4.16&#8243; custom_padding=&#8220;|||&#8220; global_colors_info=&#8220;{}&#8220; custom_padding__hover=&#8220;|||&#8220;][et_pb_text admin_label=&#8220;4 light&#8220; module_id=&#8220;pitlpc-light&#8220; module_class=&#8220;pitlpc-tytul-dark&#8220; _builder_version=&#8220;4.16&#8243; global_colors_info=&#8220;{}&#8220;]<\/p>\n<h2><span style=\"color: #dc291e;\"><strong>4.<\/strong><\/span> Starten Sie den Prozess<\/h2>\n<p>[\/et_pb_text][et_pb_blurb image=&#8220;https:\/\/www.secowarwick.com\/wp-content\/uploads\/2020\/11\/4.gif&#8220; module_id=&#8220;pitlpc-notka-light&#8220; module_class=&#8220;pitlpc-notka&#8220; _builder_version=&#8220;4.23.1&#8243; hover_enabled=&#8220;0&#8243; global_colors_info=&#8220;{}&#8220; alt=&#8220;Graphics Interchange Format&#8220; sticky_enabled=&#8220;0&#8243;]<\/p>\n<ul>\n<li>Starten Sie den Prozess \u00fcber die integrierte HMI am Steuerschrank des Ofens oder verwenden Sie eine Fernsteuerungsstation eines SCADA-Systems<\/li>\n<li>Das Steuersystem des Vakuum-Grubenofens erm\u00f6glicht es, Tausende von Rezepten in einer Datenbank mit sofortigem Zugriff zu speichern<\/li>\n<\/ul>\n<p>[\/et_pb_blurb][\/et_pb_column][\/et_pb_row][et_pb_row module_class=&#8220;pitlpc-column-dark&#8220; _builder_version=&#8220;4.16&#8243; background_color=&#8220;#252b2a&#8220; global_colors_info=&#8220;{}&#8220;][et_pb_column type=&#8220;4_4&#8243; _builder_version=&#8220;4.16&#8243; custom_padding=&#8220;|||&#8220; global_colors_info=&#8220;{}&#8220; custom_padding__hover=&#8220;|||&#8220;][et_pb_text admin_label=&#8220;5 dark&#8220; module_class=&#8220;pitlpc-tytul-dark&#8220; _builder_version=&#8220;4.16&#8243; global_colors_info=&#8220;{}&#8220;]<\/p>\n<h2><span style=\"color: #dc291e;\"><strong>5.<\/strong><\/span> Beobachten und steuern Sie den Ofen und den Prozess<\/h2>\n<p>[\/et_pb_text][et_pb_blurb image=&#8220;https:\/\/www.secowarwick.com\/wp-content\/uploads\/2020\/11\/5.gif&#8220; module_class=&#8220;pitlpc-notka&#8220; _builder_version=&#8220;4.23.1&#8243; hover_enabled=&#8220;0&#8243; global_colors_info=&#8220;{}&#8220; alt=&#8220;Graphics Interchange Format&#8220; sticky_enabled=&#8220;0&#8243;]<\/p>\n<ul>\n<li>Der Ofenbetrieb w\u00e4hrend des W\u00e4rmebehandlungsprozesses ist vollautomatisch und wird durch eine hochmoderne SPS mit Ausfallsicherheitsfunktion aufrechterhalten<\/li>\n<li>Trotzdem ist es ratsam, den Ofenbetrieb periodisch zu steuern, entweder \u00fcber die HMI am Schaltschrank oder per Fernzugriff (sogar von Ihren mobilen Ger\u00e4ten aus).<\/li>\n<li>Funktionen zur vorbeugenden Wartung geben Ihnen Einblick in jede wichtige Unterbaugruppe des Ofens<\/li>\n<li>Die M\u00f6glichkeit der Datenspeicherung in der Cloud gibt Ihnen unbegrenzte M\u00f6glichkeiten, Ihre Dateien zu archivieren und sicher aufzubewahren<\/li>\n<\/ul>\n<p>[\/et_pb_blurb][\/et_pb_column][\/et_pb_row][et_pb_row module_class=&#8220;pitlpc-dark-kreska-row&#8220; _builder_version=&#8220;4.16&#8243; global_colors_info=&#8220;{}&#8220;][et_pb_column type=&#8220;4_4&#8243; _builder_version=&#8220;4.16&#8243; custom_padding=&#8220;|||&#8220; global_colors_info=&#8220;{}&#8220; custom_padding__hover=&#8220;|||&#8220;][et_pb_image src=&#8220;https:\/\/www.secowarwick.com\/wp-content\/uploads\/2020\/11\/pit-kreska.png&#8220; align=&#8220;center&#8220; align_tablet=&#8220;center&#8220; align_phone=&#8220;center&#8220; align_last_edited=&#8220;on|desktop&#8220; module_class=&#8220;pitlpc-dark-kreska&#8220; _builder_version=&#8220;4.16&#8243; global_colors_info=&#8220;{}&#8220;][\/et_pb_image][\/et_pb_column][\/et_pb_row][et_pb_row module_class=&#8220;pitlpc-column-dark&#8220; _builder_version=&#8220;4.16&#8243; global_colors_info=&#8220;{}&#8220;][et_pb_column type=&#8220;4_4&#8243; _builder_version=&#8220;4.16&#8243; custom_padding=&#8220;|||&#8220; global_colors_info=&#8220;{}&#8220; custom_padding__hover=&#8220;|||&#8220;][et_pb_text admin_label=&#8220;6 light&#8220; module_id=&#8220;pitlpc-light&#8220; module_class=&#8220;pitlpc-tytul-dark&#8220; _builder_version=&#8220;4.16&#8243; global_colors_info=&#8220;{}&#8220;]<\/p>\n<h2><span style=\"color: #dc291e;\"><strong>6.<\/strong><\/span> \u00d6ffnen Sie den Ofen und beginnen Sie mit dem Abschrecken* der Teile<\/h2>\n<p>[\/et_pb_text][et_pb_blurb image=&#8220;https:\/\/www.secowarwick.com\/wp-content\/uploads\/2020\/11\/6.gif&#8220; module_id=&#8220;pitlpc-notka-light&#8220; module_class=&#8220;pitlpc-notka&#8220; _builder_version=&#8220;4.23.1&#8243; hover_enabled=&#8220;0&#8243; global_colors_info=&#8220;{}&#8220; alt=&#8220;Graphics Interchange Format&#8220; sticky_enabled=&#8220;0&#8243;]<\/p>\n<ul>\n<li>\u00d6ffnen Sie den Ofen (Warnung: 1050\u00b0C ist sehr hei\u00df)<\/li>\n<li>Ja, wir sprechen \u00fcber das \u00d6ffnen eines Vakuumofens mit Niederdruckaufkohlung unter hei\u00dfen Bedingungen, es ist m\u00f6glich<\/li>\n<li>\n<p style=\"text-align: justify;\">Benutzen Sie den Br\u00fcckenkran, um die Vorrichtung mit den Teilen anzuheben (dies kann in einem automatisierten Modus realisiert werden) und legen Sie sie in ein Abschreckbad *Wenn Sie die Teile nicht abschrecken wollen, k\u00f6nnen Sie sie mit dem Ofen mit seinem internen K\u00fchlsystem abk\u00fchlen<\/p>\n<\/li>\n<li>\n<p style=\"text-align: justify;\">Laden Sie die n\u00e4chste Charge oder schalten Sie den Ofen ab (Sie brauchen ihn nicht auf Temperatur zu halten, wenn er nicht benutzt wird).<\/p>\n<\/li>\n<\/ul>\n<p>[\/et_pb_blurb][\/et_pb_column][\/et_pb_row][et_pb_row module_class=&#8220;pitlpc-column-dark&#8220; _builder_version=&#8220;4.16&#8243; background_color=&#8220;#252b2a&#8220; global_colors_info=&#8220;{}&#8220;][et_pb_column type=&#8220;4_4&#8243; _builder_version=&#8220;4.16&#8243; custom_padding=&#8220;|||&#8220; global_colors_info=&#8220;{}&#8220; custom_padding__hover=&#8220;|||&#8220;][et_pb_text admin_label=&#8220;7 dark&#8220; module_class=&#8220;pitlpc-tytul-dark&#8220; _builder_version=&#8220;4.16&#8243; global_colors_info=&#8220;{}&#8220;]<\/p>\n<h2><span style=\"color: #dc291e;\"><strong>7.<\/strong><\/span> Waschen Sie die Teile<\/h2>\n<p>[\/et_pb_text][et_pb_blurb image=&#8220;https:\/\/www.secowarwick.com\/wp-content\/uploads\/2020\/11\/7.gif&#8220; module_class=&#8220;pitlpc-notka&#8220; _builder_version=&#8220;4.23.1&#8243; hover_enabled=&#8220;0&#8243; global_colors_info=&#8220;{}&#8220; alt=&#8220;Graphics Interchange Format&#8220; sticky_enabled=&#8220;0&#8243;]<\/p>\n<ul>\n<li>Nach dem Abschreckvorgang geben Sie die Vorrichtung mit den Teilen in eine Waschmaschine<\/li>\n<\/ul>\n<p>[\/et_pb_blurb][\/et_pb_column][\/et_pb_row][et_pb_row module_class=&#8220;pitlpc-dark-kreska-row&#8220; _builder_version=&#8220;4.16&#8243; global_colors_info=&#8220;{}&#8220;][et_pb_column type=&#8220;4_4&#8243; _builder_version=&#8220;4.16&#8243; custom_padding=&#8220;|||&#8220; global_colors_info=&#8220;{}&#8220; custom_padding__hover=&#8220;|||&#8220;][et_pb_image src=&#8220;https:\/\/www.secowarwick.com\/wp-content\/uploads\/2020\/11\/pit-kreska.png&#8220; align=&#8220;center&#8220; align_tablet=&#8220;center&#8220; align_phone=&#8220;center&#8220; align_last_edited=&#8220;on|desktop&#8220; module_class=&#8220;pitlpc-dark-kreska&#8220; _builder_version=&#8220;4.16&#8243; global_colors_info=&#8220;{}&#8220;][\/et_pb_image][\/et_pb_column][\/et_pb_row][et_pb_row module_class=&#8220;pitlpc-column-dark&#8220; _builder_version=&#8220;4.16&#8243; global_colors_info=&#8220;{}&#8220;][et_pb_column type=&#8220;4_4&#8243; _builder_version=&#8220;4.16&#8243; custom_padding=&#8220;|||&#8220; global_colors_info=&#8220;{}&#8220; custom_padding__hover=&#8220;|||&#8220;][et_pb_text admin_label=&#8220;8 light&#8220; module_id=&#8220;pitlpc-light&#8220; module_class=&#8220;pitlpc-tytul-dark&#8220; _builder_version=&#8220;4.16&#8243; global_colors_info=&#8220;{}&#8220;]<\/p>\n<h2><span style=\"color: #dc291e;\"><strong>8.<\/strong><\/span> \u00dcberpr\u00fcfen Sie die Ergebnisse des Prozesses<\/h2>\n<p>[\/et_pb_text][et_pb_blurb image=&#8220;https:\/\/www.secowarwick.com\/wp-content\/uploads\/2020\/11\/8.gif&#8220; alt=&#8220;Graphics Interchange Format&#8220; module_id=&#8220;pitlpc-notka-light&#8220; module_class=&#8220;pitlpc-notka&#8220; _builder_version=&#8220;4.23.1&#8243; hover_enabled=&#8220;0&#8243; global_colors_info=&#8220;{}&#8220; sticky_enabled=&#8220;0&#8243;]<\/p>\n<ul>\n<li>Pr\u00fcfen Sie, ob die erzielten Ergebnisse Ihren Anforderungen entsprechen<\/li>\n<li>Bewundern Sie die einheitliche effektive Falltiefe [ECD] und die Tatsache, dass es in Ihren Teilen keine intergranulare Oxidation [IGO] gibt<\/li>\n<li>Berechnen Sie Ihre Einsparungen im Vergleich zu einem herk\u00f6mmlichen Atmosph\u00e4ren-Aufkohlungsofen mit Grube<\/li>\n<\/ul>\n<p>[\/et_pb_blurb][\/et_pb_column][\/et_pb_row][et_pb_row _builder_version=&#8220;4.16&#8243; background_size=&#8220;initial&#8220; background_position=&#8220;top_left&#8220; background_repeat=&#8220;repeat&#8220; global_colors_info=&#8220;{}&#8220;][et_pb_column type=&#8220;4_4&#8243; _builder_version=&#8220;4.16&#8243; custom_padding=&#8220;|||&#8220; global_colors_info=&#8220;{}&#8220; custom_padding__hover=&#8220;|||&#8220;][et_pb_text _builder_version=&#8220;4.16&#8243; text_font_size=&#8220;24px&#8220; global_colors_info=&#8220;{}&#8220;]<a href=\"https:\/\/www.secowarwick.com\/de\/fordern-sie-hier-ihr-angebot-an\/\"><img decoding=\"async\" class=\"aligncenter wp-image-101854 size-full\" src=\"https:\/\/www.secowarwick.com\/wp-content\/uploads\/2020\/08\/contact-us-de.png\" alt=\"\" width=\"398\" height=\"64\" srcset=\"https:\/\/www.secowarwick.com\/wp-content\/uploads\/2020\/08\/contact-us-de.png 398w, https:\/\/www.secowarwick.com\/wp-content\/uploads\/2020\/08\/contact-us-de-150x24.png 150w, https:\/\/www.secowarwick.com\/wp-content\/uploads\/2020\/08\/contact-us-de-300x48.png 300w\" sizes=\"(max-width: 398px) 100vw, 398px\" \/><\/a><br \/>\n[\/et_pb_text][\/et_pb_column][\/et_pb_row][\/et_pb_section]<\/p>\n","protected":false},"excerpt":{"rendered":"<p>WISSEN SIE Wie man aufkocht dicke Schichten im Vakuum Grubenofen? www.secowarwick.com 1.\u00a0Sammeln Sie die Teile, die bei einer gegebenen Schichtdicke aufgekohlt werden sollen Reinigen Sie die Teile gr\u00fcndlich und entfernen Sie alle nach der Bearbeitung verbleibenden R\u00fcckst\u00e4nde Sch\u00e4tzen Sie die Oberfl\u00e4che Ihrer Teile mit Hilfe der benutzerfreundlichen Software von S\/W Platzieren Sie die Teile auf [&hellip;]<\/p>\n","protected":false},"author":2,"featured_media":0,"parent":97052,"menu_order":0,"comment_status":"closed","ping_status":"closed","template":"","meta":{"_acf_changed":false,"_et_pb_use_builder":"on","_et_pb_old_content":"","_et_gb_content_width":"","footnotes":""},"class_list":["post-108027","page","type-page","status-publish"],"acf":[],"_links":{"self":[{"href":"https:\/\/www.secowarwick.com\/de\/wp-json\/wp\/v2\/pages\/108027","targetHints":{"allow":["GET"]}}],"collection":[{"href":"https:\/\/www.secowarwick.com\/de\/wp-json\/wp\/v2\/pages"}],"about":[{"href":"https:\/\/www.secowarwick.com\/de\/wp-json\/wp\/v2\/types\/page"}],"author":[{"embeddable":true,"href":"https:\/\/www.secowarwick.com\/de\/wp-json\/wp\/v2\/users\/2"}],"replies":[{"embeddable":true,"href":"https:\/\/www.secowarwick.com\/de\/wp-json\/wp\/v2\/comments?post=108027"}],"version-history":[{"count":2,"href":"https:\/\/www.secowarwick.com\/de\/wp-json\/wp\/v2\/pages\/108027\/revisions"}],"predecessor-version":[{"id":170576,"href":"https:\/\/www.secowarwick.com\/de\/wp-json\/wp\/v2\/pages\/108027\/revisions\/170576"}],"up":[{"embeddable":true,"href":"https:\/\/www.secowarwick.com\/de\/wp-json\/wp\/v2\/pages\/97052"}],"wp:attachment":[{"href":"https:\/\/www.secowarwick.com\/de\/wp-json\/wp\/v2\/media?parent=108027"}],"curies":[{"name":"wp","href":"https:\/\/api.w.org\/{rel}","templated":true}]}}