{"id":108276,"date":"2020-11-26T09:24:39","date_gmt":"2020-11-26T08:24:39","guid":{"rendered":"http:\/\/www.secowarwick.com\/?page_id=108276"},"modified":"2025-11-03T16:12:12","modified_gmt":"2025-11-03T15:12:12","slug":"vector-3d","status":"publish","type":"page","link":"https:\/\/www.secowarwick.com\/de\/produkte\/vakuum-anlagen\/vector-3d\/","title":{"rendered":"Vakuumofen f\u00fcr die Metallw\u00e4rmebehandlung nach der additiven Fertigung &#8211; VECTOR\u00ae 3D"},"content":{"rendered":"<p>[et_pb_section fb_built=&#8220;1&#8243; _builder_version=&#8220;4.16&#8243; custom_padding=&#8220;||0px|&#8220; global_colors_info=&#8220;{}&#8220;][et_pb_row _builder_version=&#8220;4.16&#8243; background_size=&#8220;initial&#8220; background_position=&#8220;top_left&#8220; background_repeat=&#8220;repeat&#8220; global_colors_info=&#8220;{}&#8220;][et_pb_column type=&#8220;4_4&#8243; _builder_version=&#8220;4.16&#8243; custom_padding=&#8220;|||&#8220; global_colors_info=&#8220;{}&#8220; custom_padding__hover=&#8220;|||&#8220;][et_pb_image src=&#8220;https:\/\/www.secowarwick.com\/wp-content\/uploads\/2020\/11\/Vector_3D.jpg&#8220; alt=&#8220;Vakuumofen f\u00fcr die W\u00e4rmebehandlung von Metallen nach der additiven Fertigung &#8211; VECTOR\u00ae 3D&#8220; title_text=&#8220;Vakuumofen f\u00fcr die W\u00e4rmebehandlung von Metallen nach der additiven Fertigung &#8211; VECTOR\u00ae 3D&#8220; align_tablet=&#8220;center&#8220; align_phone=&#8220;&#8220; align_last_edited=&#8220;on|desktop&#8220; _builder_version=&#8220;4.16&#8243; global_colors_info=&#8220;{}&#8220;][\/et_pb_image][\/et_pb_column][\/et_pb_row][\/et_pb_section][et_pb_section fb_built=&#8220;1&#8243; admin_label=&#8220;section&#8220; _builder_version=&#8220;4.16&#8243; custom_padding=&#8220;25px|||&#8220; transparent_background=&#8220;off&#8220; make_fullwidth=&#8220;off&#8220; use_custom_width=&#8220;off&#8220; width_unit=&#8220;on&#8220; global_colors_info=&#8220;{}&#8220;][et_pb_row column_structure=&#8220;3_4,1_4&#8243; admin_label=&#8220;row&#8220; _builder_version=&#8220;4.16&#8243; background_size=&#8220;initial&#8220; background_position=&#8220;top_left&#8220; background_repeat=&#8220;repeat&#8220; custom_margin=&#8220;0px|||&#8220; custom_padding=&#8220;0px|||&#8220; make_fullwidth=&#8220;off&#8220; use_custom_width=&#8220;off&#8220; width_unit=&#8220;on&#8220; global_colors_info=&#8220;{}&#8220;][et_pb_column type=&#8220;3_4&#8243; _builder_version=&#8220;4.16&#8243; custom_padding=&#8220;|||&#8220; global_colors_info=&#8220;{}&#8220; custom_padding__hover=&#8220;|||&#8220;][et_pb_breadcrumbs _builder_version=&#8220;3.6&#8243; global_colors_info=&#8220;{}&#8220;][\/et_pb_breadcrumbs][et_pb_text _builder_version=&#8220;4.23.1&#8243; header_2_font_size=&#8220;22px&#8220; global_colors_info=&#8220;{}&#8220;]<\/p>\n<h1>Vakuumofen f\u00fcr die W\u00e4rmebehandlung von Metallen nach der additiven Fertigung &#8211; VECTOR 3D<\/h1>\n<h2 style=\"text-align: justify;\">Produktlinie zur W\u00e4rmebehandlung von Metallen f\u00fcr die 3D-Drucktechnologie<\/h2>\n<p style=\"text-align: justify;\">Die Vector 3D-Ofenlinie ist eine L\u00f6sung f\u00fcr alle Arten von <strong>additiven Metallfertigungsverfahren<\/strong>. Konzipiert f\u00fcr die <strong>W\u00e4rmebehandlung<\/strong> einer breiten Palette von Produkten, die durch additive Herstellung <a href=\"https:\/\/www.secowarwick.com\/de\/news\/verbesserte-aus-metall-additiven-gefertigte-bauteile\/\">additive Herstellung<\/a> (3D-Druck) gefertigt werden.<\/p>\n<p style=\"text-align: justify;\">Je\u00a0nach Drucktechnologie, T\u00e4tigkeitsbereich, gew\u00e4hltem Material oder Produktionsvolumen m\u00fcssen die Ger\u00e4te entsprechend angepasst werden, um die Produktionseffizienz und die Parameter der gedruckten Teile zu erh\u00f6hen.<\/p>\n<p>[\/et_pb_text][et_pb_tabs module_class=&#8220;red-tabs eco-tab5&#8243; _builder_version=&#8220;4.23.1&#8243; custom_css_main_element=&#8220;margin-top: 2rem;||margin-bottom: 2rem;&#8220; global_colors_info=&#8220;{}&#8220;][et_pb_tab title=&#8220;Allgemeine Informationen- Beschreibung&#8220; _builder_version=&#8220;4.23.1&#8243; global_colors_info=&#8220;{}&#8220;]<\/p>\n<p style=\"text-align: justify;\">In\u00a0der <em>Binder-Jetting-<\/em> Technologie wird den Entbinderungssystemen und der Verbesserung der Prozessparameter, insbesondere der Temperaturverteilung, gro\u00dfe Aufmerksamkeit gewidmet. Beide Punkte haben einen gro\u00dfen Einfluss auf die endg\u00fcltige Qualit\u00e4t der Teile und deren Parameter.<\/p>\n<p style=\"text-align: justify;\">Die Laser-Sinter-Technologie erm\u00f6glicht das Drucken von Bauteilen aus Materialien wie legierten <strong>St\u00e4hlen<\/strong>, <strong>Aluminium<\/strong> oder <strong>Titan<\/strong>. Die W\u00e4rmebehandlung solcher Teile erfordert eine sauerstofffreie Umgebung. Deshalb spielen Parameter wie die Infiltration oder das Vakuumniveau bei dedizierten \u00d6fen im\u00a0AM-Bereich eine wichtige Rolle.<\/p>\n<p style=\"text-align: justify;\">Dies sind die wichtigsten Parameter, die dazu beitragen, die erforderliche Molekularstruktur und den gew\u00fcnschten Reinheitsgrad der Teile zu erreichen.<\/p>\n<p style=\"text-align: justify;\">Der unter kontrollierten Bedingungen durchgef\u00fchrte W\u00e4rmebehandlungsprozess hilft, die erforderlichen Parameter der gedruckten Teile zu erhalten. Sehr anspruchsvolle Branchen wie die Luft- und Raumfahrt, die Medizintechnik oder die Automobilindustrie haben spezifische Anforderungen, die der Ofen erf\u00fcllen muss.<\/p>\n<p>[\/et_pb_tab][et_pb_tab title=&#8220;Merkmale&#8220; _builder_version=&#8220;4.23.1&#8243; global_colors_info=&#8220;{}&#8220;]<\/p>\n<p>Ein Industrieofen, der in\u00a0verschiedenen Gr\u00f6\u00dfen erh\u00e4ltlich ist, um Ihren Anforderungen gerecht zu werden.<\/p>\n<h2>Die wichtigsten Merkmale des Produkts:<\/h2>\n<p><strong><span style=\"color: #dc291e;\">\/<\/span><\/strong>\u00a0Die M\u00f6glichkeit, Entbinderung, Gl\u00fchsintern und andere Prozesse in\u00a0einem Ofen durchzuf\u00fchren<br \/><span style=\"color: #dc291e;\"><strong>\/<\/strong>\u00a0<\/span>Nutzfl\u00e4che von 250x250x400 bis 900x900x1200mm<br \/><strong><span style=\"color: #dc291e;\">\/<\/span><\/strong>\u00a0Eine Temperatur von 1500C zur Verarbeitung verschiedener Materialien,<br \/><span style=\"color: #dc291e;\"><strong>\/<\/strong> <\/span>Hervorragende und homogene Temperaturverteilung +\/-5C (+\/-3C mit K\u00e4fig)<br \/><strong><span style=\"color: #dc291e;\">\/<\/span><\/strong> Vakuum 5&#215;10-2 mbar<br \/><strong><span style=\"color: #dc291e;\">\/<\/span><\/strong>\u00a0Sehr guter Infiltrationsparameter 1&#215;10-3mbar*L\/s, der eine optimale anaerobe Umgebung bietet, die f\u00fcr viele Arten von Prozessen wesentlich ist.<br \/><span style=\"color: #dc291e;\"><strong>\/<\/strong> <\/span>Mehrstufiges System zur Entbinderung und zum Schutz des Ofens.<br \/><strong><span style=\"color: #dc291e;\">\/<\/span><\/strong> viele weitere Optionen:<\/p>\n<p>\u00a0 \u00a0 \u00a0\/ ausdehnbarer Vakuum bis 5&#215;10-5mbar<br \/>\u00a0 \u00a0 \u00a0\/ schnellk\u00fchlung bis zu 15 bar<br \/>\u00a0 \u00a0 \u00a0\/ m\u00f6glichkeit der Anwendung von Partialdruck verschiedener Gase: Stickstoff, Argon, Wasserstoff, Ammoniak, Acetylen<br \/>\u00a0 \u00a0 \u00a0\/ wahl zwischen einer Kammer und einem Graphit- oder Metallk\u00e4fig<\/p>\n<p>[\/et_pb_tab][et_pb_tab title=&#8220;Vorteile&#8220; _builder_version=&#8220;4.23.1&#8243; global_colors_info=&#8220;{}&#8220;]<\/p>\n<p><strong><span style=\"color: #dc291e;\">\/<\/span><\/strong> Kompakte Bauweise zum Einbringen des Ofens in\u00a0kleine R\u00e4ume<br \/><strong><span style=\"color: #dc291e;\">\/<\/span><\/strong> Kompakte Bauweise zum Anfahren des Ofens, wenn er\u00a0an die Medien angeschlossen ist<br \/><strong><span style=\"color: #dc291e;\">\/<\/span><\/strong> Minimaler Verbrauch von Prozessgasen<br \/><strong><span style=\"color: #dc291e;\">\/<\/span><\/strong> Schnelles, sauberes und kosteng\u00fcnstiges Verfahren<br \/><strong><span style=\"color: #dc291e;\">\/<\/span><\/strong> Keine offene Flamme oder brennbare Gase<br \/><strong><span style=\"color: #dc291e;\">\/<\/span><\/strong> Vollst\u00e4ndige Prozessverfolgung mit einem PLC\/IPC-System<br \/><strong><span style=\"color: #dc291e;\">\/<\/span><\/strong> Schnelle Abk\u00fchlung zur Reduzierung der Prozesszeit<br \/><strong><span style=\"color: #dc291e;\">\/<\/span><\/strong> Hoher Vakuumgrad<br \/><strong><span style=\"color: #dc291e;\">\/<\/span><\/strong> Effektives Entbinderungssystem = h\u00f6here Prozessreinheit und l\u00e4ngere\u00a0Lebensdauer des Ofens<br \/><strong><span style=\"color: #dc291e;\">\/<\/span><\/strong> Konstruktion zur Beschleunigung der Reinigung und Verl\u00e4ngerung der Wartungsintervalle<\/p>\n<p>[\/et_pb_tab][et_pb_tab title=&#8220;Branchen&#8220; _builder_version=&#8220;4.23.1&#8243; global_colors_info=&#8220;{}&#8220;]<\/p>\n<p><span style=\"color: #e30f00;\"><strong>\/\u00a0<\/strong><\/span>Luft- und Raumfahrtindustrie<br \/><span style=\"color: #e30f00;\"><strong>\/\u00a0<\/strong><\/span>Automobilindustrie<br \/><span style=\"color: #e30f00;\"><strong>\/\u00a0<\/strong><\/span>Medizin<br \/><span style=\"color: #e30f00;\"><strong>\/\u00a0<\/strong><\/span>Prototypenbau<br \/><span style=\"color: #e30f00;\"><strong>\/ <\/strong><\/span>Er&nbsp;kann \u00fcberall dort eingesetzt werden, wo Metallteile hergestellt werden&#8230;<\/p>\n<p>[\/et_pb_tab][et_pb_tab title=&#8220;Prozesse&#8220; _builder_version=&#8220;4.16&#8243; global_colors_info=&#8220;{}&#8220;]<span style=\"color: #e30f00;\"><strong>\/<\/strong><\/span>\u00a0Entbinderung,<br \/>\n<span style=\"color: #e30f00;\"><strong>\/<\/strong><\/span>\u00a0Sintern,<br \/>\n<span style=\"color: #e30f00;\"><strong>\/<\/strong><\/span>\u00a0Entspannung,<br \/>\n<span style=\"color: #e30f00;\"><strong>\/<\/strong><\/span>\u00a0Alterung,<br \/>\n<span style=\"color: #e30f00;\"><strong>\/<\/strong><\/span>\u00a0Gl\u00fchen.[\/et_pb_tab][et_pb_tab title=&#8220; &#8220; _builder_version=&#8220;4.23.1&#8243; _module_preset=&#8220;default&#8220; global_colors_info=&#8220;{}&#8220;]<\/p>\n<p><strong><span style=\"color: #dc291e;\">\/ <\/span><\/strong>Vakuum als Schutz- und Prozessatmosph\u00e4re eliminiert den Bedarf f\u00fcr die Anwendung der sch\u00e4dlichen Prozessgase und deren Aussto\u00df in&nbsp;die Umwelt<br \/><strong><span style=\"color: #dc291e;\">\/ <\/span><\/strong>Keine CO2-Emissionen, kein Einsatz fossiler Brennstoffe<br \/><strong><span style=\"color: #dc291e;\">\/ <\/span><\/strong>Verwendung des umweltneutralen K\u00fchlgases (Stickstoff, Argon), das aus der Luft gewonnen und in&nbsp;die Luft abgegeben wird<br \/><strong><span style=\"color: #dc291e;\">\/ <\/span><\/strong>Verbesserte W\u00e4rmed\u00e4mmung spart Strom (ca. 20%)<br \/><strong><span style=\"color: #dc291e;\">\/ <\/span><\/strong>Hohe Energieeffizienz der verwendeten elektrischen Bauelementen (Elektromotoren gem\u00e4\u00df Leistungsklasse IE3, Wechselrichtersteuerung, usw.)<br \/><strong><span style=\"color: #dc291e;\">\/ <\/span><\/strong>Einsatz von Systemen und Algorithmen, die den Verbrauch von Energie und Prozessfaktoren reduzieren (Pumpen-, Heiz- und K\u00fchlsystem)<br \/><strong><span style=\"color: #dc291e;\">\/ <\/span><\/strong>Keine Schadstoffemissionen<br \/><strong><span style=\"color: #dc291e;\">\/ <\/span><\/strong>Verringerung der H\u00e4rteverformungen und der Hartbearbeitungskosten (hard machining)<br \/><strong><span style=\"color: #dc291e;\">\/ <\/span><\/strong>Eliminierung der Teilereinigung nach der W\u00e4rmebehandlung.<\/p>\n<p>[\/et_pb_tab][\/et_pb_tabs][et_pb_code admin_label=&#8220;crm-rfq-de&#8220; _builder_version=&#8220;4.10.3&#8243; _module_preset=&#8220;default&#8220; global_module=&#8220;123766&#8243; global_colors_info=&#8220;{}&#8220;]<!-- [et_pb_line_break_holder] --><pee style=\"text-align: center;\"><a class=\"small-button smallred\" style=\"font-size: 20px; padding: 20px 60px;\" href=\"https:\/\/www.secowarwick.com\/de\/fordern-sie-hier-ihr-angebot-an\/\"><span style=\"display: block; transform: skew(15deg,0deg); -webkit-transform: skew(15deg,0deg); font-size: 20px; !important\">UM EIN ANGEBOT BITTEN<\/span><\/a><\/pee>[\/et_pb_code][\/et_pb_column][et_pb_column type=&#8220;1_4&#8243; _builder_version=&#8220;4.16&#8243; custom_padding=&#8220;|||&#8220; global_colors_info=&#8220;{}&#8220; custom_padding__hover=&#8220;|||&#8220;][et_pb_gallery gallery_ids=&#8220;88814,88821,86845&#8243; posts_number=&#8220;1&#8243; show_title_and_caption=&#8220;off&#8220; show_pagination=&#8220;off&#8220; zoom_icon_color=&#8220;#e2001a&#8220; module_class=&#8220;seco-products-gallery-new&#8220; _builder_version=&#8220;4.23.1&#8243; custom_css_overlay_icon=&#8220;content: &#8218;GALERIE ANSEHEN&#8216;!important&#8220; global_colors_info=&#8220;{}&#8220;][\/et_pb_gallery][et_pb_text admin_label=&#8220;btn_de_premiumlibrary&#8220; module_class=&#8220;premium-library-button&#8220; _builder_version=&#8220;4.23.1&#8243; _module_preset=&#8220;default&#8220; text_orientation=&#8220;center&#8220; global_module=&#8220;157246&#8243; global_colors_info=&#8220;{}&#8220;]<\/p>\n<a href='https:\/\/www.secowarwick.com\/de\/premiuminhalte\/' class='small-button smallred'><span>PREMIUMINHALTE<\/span><\/a>\n<p>[\/et_pb_text][et_pb_text admin_label=&#8220;R&#038;D de&#8220; module_class=&#8220;product_widget_wrap_rd&#8220; _builder_version=&#8220;4.23.1&#8243; _module_preset=&#8220;default&#8220; text_orientation=&#8220;center&#8220; global_module=&#8220;167836&#8243; saved_tabs=&#8220;all&#8220; locked=&#8220;off&#8220; global_colors_info=&#8220;{}&#8220;]<\/p>\n<p><a href=\"https:\/\/www.secowarwick.com\/de\/rd\/\"><span class=\"product_wigtet_name\">R&amp;D<\/span><\/a><\/p>\n<p>[\/et_pb_text][et_pb_text admin_label=&#8220;AUTOMATYKA de&#8220; module_class=&#8220;product_widget_wrap_automation&#8220; _builder_version=&#8220;4.23.1&#8243; _module_preset=&#8220;default&#8220; global_module=&#8220;167905&#8243; saved_tabs=&#8220;all&#8220; locked=&#8220;off&#8220; global_colors_info=&#8220;{}&#8220;]<\/p>\n<p><a href=\"https:\/\/www.secowarwick.com\/de\/service\/automatisierung\/\"><span class=\"product_wigtet_name\">AUTOMATISIERUNG<\/span><\/a><\/p>\n<p>[\/et_pb_text][et_pb_text admin_label=&#8220;SERVICE de&#8220; module_class=&#8220;product_widget_wrap_service&#8220; _builder_version=&#8220;4.23.1&#8243; _module_preset=&#8220;default&#8220; global_module=&#8220;167860&#8243; saved_tabs=&#8220;all&#8220; locked=&#8220;off&#8220; global_colors_info=&#8220;{}&#8220;]<\/p>\n<p><a href=\"https:\/\/www.secowarwick.com\/de\/professionelle-service-dienstleistungen\/\"><span class=\"product_wigtet_name\">SERVICE<\/span><\/a><\/p>\n<p>[\/et_pb_text][et_pb_text admin_label=&#8220;SUPLEMENTALS de&#8220; module_class=&#8220;product_widget_wrap_supleme&#8220; _builder_version=&#8220;4.23.1&#8243; _module_preset=&#8220;default&#8220; global_module=&#8220;167915&#8243; saved_tabs=&#8220;all&#8220; locked=&#8220;off&#8220; global_colors_info=&#8220;{}&#8220;]<\/p>\n<p><span class=\"product_wigtet_name\">ZUSATZSTOFFE:<\/span><\/p>\n<p>[\/et_pb_text][et_pb_text admin_label=&#8220;Product brochure&#8220; module_class=&#8220;suplementals_product_brochure suplementals_wrap&#8220; _builder_version=&#8220;4.23.1&#8243; _module_preset=&#8220;default&#8220; hover_enabled=&#8220;0&#8243; locked=&#8220;off&#8220; global_colors_info=&#8220;{}&#8220; sticky_enabled=&#8220;0&#8243;]<\/p>\n<p><a href=\"https:\/\/www.secowarwick.com\/wp-content\/uploads\/2025\/11\/VAC-VECTOR-3D-WWW.pdf\" target=\"_blank\" rel=\"noopener\">Produktbrosch\u00fcre<\/a><\/p>\n<p>[\/et_pb_text][et_pb_text admin_label=&#8220;Product catalogue de&#8220; module_class=&#8220;suplementals_product_catalogue suplementals_wrap&#8220; _builder_version=&#8220;4.23.1&#8243; _module_preset=&#8220;default&#8220; global_module=&#8220;169659&#8243; saved_tabs=&#8220;all&#8220; locked=&#8220;off&#8220; global_colors_info=&#8220;{}&#8220;]<\/p>\n<p><a href=\"https:\/\/www.secowarwick.com\/wp-content\/uploads\/2025\/11\/VAC-VACUUM-FURNACE-WWW.pdf\" target=\"_blank\" rel=\"noopener\">Produktkatalog<\/a><\/p>\n<p>[\/et_pb_text][et_pb_text admin_label=&#8220;Product movie playlista de&#8220; module_class=&#8220;suplementals_product_movie suplementals_wrap&#8220; _builder_version=&#8220;4.23.1&#8243; _module_preset=&#8220;default&#8220; global_module=&#8220;169661&#8243; saved_tabs=&#8220;all&#8220; locked=&#8220;off&#8220; global_colors_info=&#8220;{}&#8220;]<\/p>\n<p><a href=\"https:\/\/www.youtube.com\/playlist?list=PLa0hhW_hoQqEsIHM5LQtr9h_9UlwGFBO8\" target=\"_blank\" rel=\"noopener\">Produktvideo<\/a><\/p>\n<p>[\/et_pb_text][et_pb_text admin_label=&#8220;Product infographic&#8220; module_class=&#8220;suplementals_product_infographic suplementals_wrap&#8220; _builder_version=&#8220;4.23.1&#8243; _module_preset=&#8220;default&#8220; locked=&#8220;off&#8220; global_colors_info=&#8220;{}&#8220;]<\/p>\n<p><a href=\"https:\/\/www.secowarwick.com\/wp-content\/uploads\/2023\/06\/VECTOR-3D.jpg\" target=\"_blank\" rel=\"noopener\">Produkt-Infografik<\/a><\/p>\n<p>[\/et_pb_text][et_pb_text admin_label=&#8220;dnabook-de&#8220; module_class=&#8220;suplementals_product_dna suplementals_wrap&#8220; _builder_version=&#8220;4.23.1&#8243; _module_preset=&#8220;default&#8220; global_module=&#8220;167874&#8243; saved_tabs=&#8220;all&#8220; locked=&#8220;off&#8220; global_colors_info=&#8220;{}&#8220;]<\/p>\n<p><a href=\"https:\/\/www.secowarwick.com\/wp-content\/uploads\/2025\/07\/DNA_BOOK.pdf\" target=\"_blank\" rel=\"noopener\">DNA\/BOOK<\/a><\/p>\n<p>[\/et_pb_text][et_pb_text admin_label=&#8220;ECO\/BOOK-de&#8220; module_class=&#8220;suplementals_product_eco suplementals_wrap&#8220; _builder_version=&#8220;4.23.1&#8243; _module_preset=&#8220;default&#8220; global_module=&#8220;167797&#8243; locked=&#8220;off&#8220; global_colors_info=&#8220;{}&#8220;]<\/p>\n<p><a href=\"https:\/\/www.secowarwick.com\/wp-content\/uploads\/2023\/06\/ECOBOOK.pdf\" target=\"_blank\" rel=\"noopener\">ECO\/BOOK<\/a><\/p>\n<p>[\/et_pb_text][et_pb_text admin_label=&#8220;product-widget-rfq-de&#8220; module_class=&#8220;product_widget_wrap_rfq-en&#8220; _builder_version=&#8220;4.23.1&#8243; _module_preset=&#8220;default&#8220; global_module=&#8220;186250&#8243; saved_tabs=&#8220;all&#8220; locked=&#8220;off&#8220; global_colors_info=&#8220;{}&#8220;]<\/p>\n<p style=\"text-align: center;\"><a class=\"small-button smallred\" href=\"https:\/\/www.secowarwick.com\/de\/fordern-sie-hier-ihr-angebot-an\/\"><span class=\"product_wigtet_name\">FRAGE NACH MEHR<\/span><\/a><\/p>\n<p>[\/et_pb_text][\/et_pb_column][\/et_pb_row][\/et_pb_section]<\/p>\n","protected":false},"excerpt":{"rendered":"<p>[et_pb_breadcrumbs _builder_version=&#8220;3.6&#8243; global_colors_info=&#8220;{}&#8220;][\/et_pb_breadcrumbs]Vakuumofen f\u00fcr die W\u00e4rmebehandlung von Metallen nach der additiven Fertigung &#8211; VECTOR 3D Produktlinie zur W\u00e4rmebehandlung von Metallen f\u00fcr die 3D-Drucktechnologie Die Vector 3D-Ofenlinie ist eine L\u00f6sung f\u00fcr alle Arten von additiven Metallfertigungsverfahren. Konzipiert f\u00fcr die W\u00e4rmebehandlung einer breiten Palette von Produkten, die durch additive Herstellung additive Herstellung (3D-Druck) gefertigt werden. Je\u00a0nach Drucktechnologie, [&hellip;]<\/p>\n","protected":false},"author":2,"featured_media":108270,"parent":7218,"menu_order":0,"comment_status":"closed","ping_status":"closed","template":"","meta":{"_acf_changed":false,"_et_pb_use_builder":"on","_et_pb_old_content":"","_et_gb_content_width":"","footnotes":""},"class_list":["post-108276","page","type-page","status-publish","has-post-thumbnail"],"acf":[],"_links":{"self":[{"href":"https:\/\/www.secowarwick.com\/de\/wp-json\/wp\/v2\/pages\/108276","targetHints":{"allow":["GET"]}}],"collection":[{"href":"https:\/\/www.secowarwick.com\/de\/wp-json\/wp\/v2\/pages"}],"about":[{"href":"https:\/\/www.secowarwick.com\/de\/wp-json\/wp\/v2\/types\/page"}],"author":[{"embeddable":true,"href":"https:\/\/www.secowarwick.com\/de\/wp-json\/wp\/v2\/users\/2"}],"replies":[{"embeddable":true,"href":"https:\/\/www.secowarwick.com\/de\/wp-json\/wp\/v2\/comments?post=108276"}],"version-history":[{"count":21,"href":"https:\/\/www.secowarwick.com\/de\/wp-json\/wp\/v2\/pages\/108276\/revisions"}],"predecessor-version":[{"id":186661,"href":"https:\/\/www.secowarwick.com\/de\/wp-json\/wp\/v2\/pages\/108276\/revisions\/186661"}],"up":[{"embeddable":true,"href":"https:\/\/www.secowarwick.com\/de\/wp-json\/wp\/v2\/pages\/7218"}],"wp:featuredmedia":[{"embeddable":true,"href":"https:\/\/www.secowarwick.com\/de\/wp-json\/wp\/v2\/media\/108270"}],"wp:attachment":[{"href":"https:\/\/www.secowarwick.com\/de\/wp-json\/wp\/v2\/media?parent=108276"}],"curies":[{"name":"wp","href":"https:\/\/api.w.org\/{rel}","templated":true}]}}