{"id":108424,"date":"2018-06-19T12:47:21","date_gmt":"2018-06-19T10:47:21","guid":{"rendered":"http:\/\/www.secowarwick.com\/ask-the-expert-whats-the-difference-between-vab-and-cab\/"},"modified":"2025-02-05T11:30:26","modified_gmt":"2025-02-05T10:30:26","slug":"ask-the-expert-whats-the-difference-between-vab-and-cab","status":"publish","type":"page","link":"https:\/\/www.secowarwick.com\/de\/ask-the-expert-whats-the-difference-between-vab-and-cab\/","title":{"rendered":"Fragen Sie den Experten: Was ist der Unterschied zwischen VAB und CAB?"},"content":{"rendered":"<p>[et_pb_section fb_built=&#8220;1&#8243; _builder_version=&#8220;4.16&#8243; global_colors_info=&#8220;{}&#8220;][et_pb_row _builder_version=&#8220;4.16&#8243; background_size=&#8220;initial&#8220; background_position=&#8220;top_left&#8220; background_repeat=&#8220;repeat&#8220; global_colors_info=&#8220;{}&#8220;][et_pb_column type=&#8220;4_4&#8243; _builder_version=&#8220;4.16&#8243; custom_padding=&#8220;|||&#8220; global_colors_info=&#8220;{}&#8220; custom_padding__hover=&#8220;|||&#8220;][et_pb_image src=&#8220;https:\/\/www.secowarwick.com\/wp-content\/uploads\/2020\/11\/experts.jpg&#8220; align=&#8220;center&#8220; force_fullwidth=&#8220;on&#8220; align_tablet=&#8220;center&#8220; align_last_edited=&#8220;on|desktop&#8220; _builder_version=&#8220;4.23.1&#8243; custom_margin=&#8220;-50px|||&#8220; hover_enabled=&#8220;0&#8243; global_colors_info=&#8220;{}&#8220; alt=&#8220;Was ist der Unterschied zwischen VAB und CAB?&#8220; sticky_enabled=&#8220;0&#8243; align_phone=&#8220;center&#8220;][\/et_pb_image][et_pb_text _builder_version=&#8220;4.16&#8243; global_colors_info=&#8220;{}&#8220;]&nbsp;<\/p>\n<p style=\"text-align: justify;\">Auf dem globalen W\u00e4rmebehandlungsmarkt nimmt SECO\/WARWICK seit Jahren eine f\u00fchrende Position bei der Konstruktion und Lieferung von CAB-\u00d6fen (Controlled Atmosphere Brazing) ein, die auch f\u00fcr das L\u00f6ten von Aluminium eingesetzt werden. Gegenw\u00e4rtig erweitert das Unternehmen seinen Unterst\u00fctzungsbereich f\u00fcr die Hersteller von Aluminium-W\u00e4rmetauschern durch das Angebot eines neuen Vakuumprodukts, VAB (Vacuum Aluminum Brazing).<\/p>\n<p style=\"text-align: justify;\">Obwohl sowohl CAB- als auch VAB-\u00d6fen f\u00fcr das L\u00f6ten von Aluminium verwendet werden, findet es in v\u00f6llig unterschiedlichen Prozessen statt und ist f\u00fcr andere Legierungen gedacht. W\u00e4hrend es mit Luft in Kontakt kommt, wird Aluminium mit einer Schicht von Oxiden bedeckt, daher besteht bei jedem Prozess des Aluminiuml\u00f6tens der erste Schritt in der Entfernung der Oxidationsschicht, die den L\u00f6tprozess verhindert. Der f\u00fcr die Entfernung der Oxide in CAB-\u00d6fen verantwortliche Faktor ist das nichtkorrosive Flussmittel, das die Oberfl\u00e4che zus\u00e4tzlich befeuchtet und das F\u00fcllen der Verbindungen mit der fl\u00fcssigen Legierung eines Bindemittels (eine Legierung aus Aluminium und Silizium mit einer niedrigeren Schmelztemperatur) erleichtert. Das Flussmittel sch\u00fctzt Aluminium auch vor erneuten Oxidation. Die Temperatur, bei der der Prozess stattfindet, betr\u00e4gt etwa 565 &#8211; 570oC in der Schutzatmosph\u00e4re von Stickstoff.<\/p>\n<p style=\"text-align: justify;\">\n<p style=\"text-align: justify;\">Beim Vakuuml\u00f6tprozess (VAB) ist das in der Aluminiumlegierung enthaltene Magnesium notwendig, um die Oxidationsschicht zu entfernen. Bei einer Temperatur zwischen 510 &#8211; 551oC beginnen die Magnesiumpartikel in Richtung der Oberfl\u00e4che einer Legierung zu wandern und wechseln vom festen Zustand in den Gaszustand. W\u00e4hrend des Prozesses f\u00e4ngt Magnesium Sauerstoffpartikel ein und entfernt weiter Oxide von der Oberfl\u00e4che und erzeugt Magnesiumoxide. Um sicherzustellen, dass der Prozess des Abl\u00f6sens der Oxidationsschicht korrekt verl\u00e4uft, muss der Druck in der Ofenkammer zu diesem Zeitpunkt das Vakuumniveau von 10 &#8211; 5 mbar erreichen.<\/p>\n<p style=\"text-align: justify;\">Dies ist der Hauptunterschied zwischen den Prozessen in CAB- und VAB-\u00d6fen und folglich zwischen den Systemen selbst.<\/p>\n<p style=\"text-align: justify;\">Es stellt sich eine Frage: Warum werden zwei verschiedene Prozesse ben\u00f6tigt?<\/p>\n<p style=\"text-align: justify;\">Daf\u00fcr gibt es eine Reihe von Gr\u00fcnden. Der VAB wird durch die Tatsache unterst\u00fctzt, dass der Prozess Legierungen aus Aluminium und Magnesium erfordert, die in CAB-\u00d6fen nicht gel\u00f6tet werden k\u00f6nnen. Diese Legierungen sind wesentlich widerstandsf\u00e4higer, was f\u00fcr einige Anwendungen (z.B. in der Luftfahrtindustrie) von zentraler Bedeutung ist. Ein zus\u00e4tzlicher Vorteil ist das Fehlen von Flussmittelresten nach dem L\u00f6tprozess, was einen wichtigen Problem in einigen Systemen darstellt (z.B. K\u00fchlsysteme f\u00fcr \u00d6l im Motor). Andererseits sind sowohl der Prozess selbst als auch die CAB-Leitungen effizienter und damit kosteng\u00fcnstiger. Daher ist bei der Massenproduktion von Aluminiumaustauschern, wo die Legierungen von Aluminium und Magnesium nicht ben\u00f6tigt werden und die Flussmittelreste akzeptabel sind, diese Strategie die vorherrschende.<\/p>\n<p style=\"text-align: justify;\">Indem wir also sowohl die CAB-, als auch die VAB-\u00d6fen anbieten, erg\u00e4nzen wir uns bei der Lieferung von Ger\u00e4ten f\u00fcr den globalen Markt des Aluminiuml\u00f6tens.<\/p>\n<p>[\/et_pb_text][\/et_pb_column][\/et_pb_row][\/et_pb_section]<\/p>\n","protected":false},"excerpt":{"rendered":"<p>&nbsp; Auf dem globalen W\u00e4rmebehandlungsmarkt nimmt SECO\/WARWICK seit Jahren eine f\u00fchrende Position bei der Konstruktion und Lieferung von CAB-\u00d6fen (Controlled Atmosphere Brazing) ein, die auch f\u00fcr das L\u00f6ten von Aluminium eingesetzt werden. Gegenw\u00e4rtig erweitert das Unternehmen seinen Unterst\u00fctzungsbereich f\u00fcr die Hersteller von Aluminium-W\u00e4rmetauschern durch das Angebot eines neuen Vakuumprodukts, VAB (Vacuum Aluminum Brazing). Obwohl sowohl [&hellip;]<\/p>\n","protected":false},"author":2,"featured_media":0,"parent":0,"menu_order":0,"comment_status":"closed","ping_status":"closed","template":"","meta":{"_acf_changed":false,"_et_pb_use_builder":"on","_et_pb_old_content":"","_et_gb_content_width":"","footnotes":""},"class_list":["post-108424","page","type-page","status-publish"],"acf":[],"_links":{"self":[{"href":"https:\/\/www.secowarwick.com\/de\/wp-json\/wp\/v2\/pages\/108424","targetHints":{"allow":["GET"]}}],"collection":[{"href":"https:\/\/www.secowarwick.com\/de\/wp-json\/wp\/v2\/pages"}],"about":[{"href":"https:\/\/www.secowarwick.com\/de\/wp-json\/wp\/v2\/types\/page"}],"author":[{"embeddable":true,"href":"https:\/\/www.secowarwick.com\/de\/wp-json\/wp\/v2\/users\/2"}],"replies":[{"embeddable":true,"href":"https:\/\/www.secowarwick.com\/de\/wp-json\/wp\/v2\/comments?post=108424"}],"version-history":[{"count":1,"href":"https:\/\/www.secowarwick.com\/de\/wp-json\/wp\/v2\/pages\/108424\/revisions"}],"predecessor-version":[{"id":170461,"href":"https:\/\/www.secowarwick.com\/de\/wp-json\/wp\/v2\/pages\/108424\/revisions\/170461"}],"wp:attachment":[{"href":"https:\/\/www.secowarwick.com\/de\/wp-json\/wp\/v2\/media?parent=108424"}],"curies":[{"name":"wp","href":"https:\/\/api.w.org\/{rel}","templated":true}]}}