{"id":109547,"date":"2019-11-13T10:26:43","date_gmt":"2019-11-13T09:26:43","guid":{"rendered":"http:\/\/www.secowarwick.com\/contact-form-thank-you\/"},"modified":"2024-03-27T14:24:52","modified_gmt":"2024-03-27T13:24:52","slug":"danke-fuer-deine-nachricht","status":"publish","type":"page","link":"https:\/\/www.secowarwick.com\/de\/danke-fuer-deine-nachricht\/","title":{"rendered":"Danke f\u00fcr deine Nachricht"},"content":{"rendered":"<p>[et_pb_section fb_built=&#8220;1&#8243; module_class=&#8220;skos-slider-bottom innowacje-top&#8220; _builder_version=&#8220;4.23.1&#8243; background_image=&#8220;https:\/\/www.secowarwick.com\/wp-content\/uploads\/2024\/03\/SURVEY_NEW__.jpg&#8220; custom_padding=&#8220;0px||0px|&#8220; global_colors_info=&#8220;{}&#8220;][et_pb_row _builder_version=&#8220;4.16&#8243; custom_padding=&#8220;0px||0px|&#8220; global_colors_info=&#8220;{}&#8220;][et_pb_column type=&#8220;4_4&#8243; _builder_version=&#8220;4.16&#8243; custom_padding=&#8220;|||&#8220; global_colors_info=&#8220;{}&#8220; custom_padding__hover=&#8220;|||&#8220;][et_pb_text admin_label=&#8220;apostrof&#8220; module_class=&#8220;przecinek-tlo inne-naglowki&#8220; _builder_version=&#8220;4.23.1&#8243; global_colors_info=&#8220;{}&#8220;]<\/p>\n<h1><span style=\"color: #000000;\">SECO<span style=\"color: #dc291e;\">\/<\/span>WARWICK<\/span><\/h1>\n<p>[\/et_pb_text][et_pb_text module_class=&#8220;naglowek-innowacje&#8220; _builder_version=&#8220;4.23.1&#8243; header_2_font=&#8220;|600|||||||&#8220; header_2_text_color=&#8220;#ffffff&#8220; header_2_font_size=&#8220;35px&#8220; global_colors_info=&#8220;{}&#8220;][\/et_pb_text][\/et_pb_column][\/et_pb_row][\/et_pb_section][et_pb_section fb_built=&#8220;1&#8243; custom_padding_last_edited=&#8220;on|desktop&#8220; _builder_version=&#8220;4.16&#8243; custom_padding=&#8220;||0px|&#8220; custom_padding_tablet=&#8220;50px|0|50px|0&#8243; custom_padding_phone=&#8220;&#8220; global_colors_info=&#8220;{}&#8220;][et_pb_row column_structure=&#8220;1_4,3_4&#8243; use_custom_gutter=&#8220;on&#8220; gutter_width=&#8220;2&#8243; custom_padding_last_edited=&#8220;on|tablet&#8220; _builder_version=&#8220;4.16&#8243; custom_margin=&#8220;-125px|||&#8220; custom_margin_tablet=&#8220;-125px||0px|&#8220; custom_margin_phone=&#8220;&#8220; custom_margin_last_edited=&#8220;on|phone&#8220; custom_padding_tablet=&#8220;||0px|&#8220; custom_padding_phone=&#8220;&#8220; global_colors_info=&#8220;{}&#8220;][et_pb_column type=&#8220;1_4&#8243; _builder_version=&#8220;4.16&#8243; custom_padding=&#8220;|||&#8220; global_colors_info=&#8220;{}&#8220; custom_padding__hover=&#8220;|||&#8220;][et_pb_text module_class=&#8220;welcome-mediacenter&#8220; _builder_version=&#8220;4.23.1&#8243; text_font=&#8220;Titillium Web|||on|||||&#8220; custom_padding=&#8220;10px|||&#8220; border_color_right=&#8220;#dc291e&#8220; global_colors_info=&#8220;{}&#8220;]<span style=\"font-size: 30px;\"><strong><span style=\"color: #dc291e;\">DANKE F\u00dcR <br \/>DEINE NACHRICHT<br \/>\n<\/span><\/strong><\/span><span style=\"font-size: 20px;\">Es wurde gesendet<\/span>[\/et_pb_text][\/et_pb_column][et_pb_column type=&#8220;3_4&#8243; _builder_version=&#8220;4.16&#8243; custom_padding=&#8220;|||&#8220; global_colors_info=&#8220;{}&#8220; custom_padding__hover=&#8220;|||&#8220;][et_pb_text _builder_version=&#8220;4.23.1&#8243; text_font_size=&#8220;18px&#8220; custom_padding=&#8220;15px||15px|25px&#8220; custom_css_main_element=&#8220;min-height: 95px;||display: grid;||align-content: center;&#8220; border_width_left=&#8220;2&#8243; border_color_left=&#8220;#dc291e&#8220; global_colors_info=&#8220;{}&#8220;]Bitte \u00fcberpr\u00fcfe dein E-Mail-Postfach f\u00fcr weitere Details dar\u00fcber, was als n\u00e4chstes passiert. Sollte deine E-Mail nicht sofort erscheinen, vergewissere dich bitte, dass du deinen Spam-Ordner \u00fcberpr\u00fcfst. In der Zwischenzeit kannst du das Video ansehen und unsere Welt erkunden.[\/et_pb_text][\/et_pb_column][\/et_pb_row][et_pb_row _builder_version=&#8220;4.16&#8243; global_colors_info=&#8220;{}&#8220;][et_pb_column type=&#8220;4_4&#8243; _builder_version=&#8220;4.16&#8243; custom_padding=&#8220;|||&#8220; global_colors_info=&#8220;{}&#8220; custom_padding__hover=&#8220;|||&#8220;][et_pb_image src=&#8220;https:\/\/www.secowarwick.com\/wp-content\/uploads\/2024\/03\/YT-play_-1.jpg&#8220; alt=&#8220;Video&#8220; url=&#8220;https:\/\/www.youtube.com\/watch?v=0fQyER0u6BA%20&#8243; _builder_version=&#8220;4.23.1&#8243; _module_preset=&#8220;default&#8220; hover_enabled=&#8220;0&#8243; global_colors_info=&#8220;{}&#8220; align=&#8220;center&#8220; max_width=&#8220;800px&#8220; sticky_enabled=&#8220;0&#8243;][\/et_pb_image][\/et_pb_column][\/et_pb_row][et_pb_row _builder_version=&#8220;4.23.1&#8243; _module_preset=&#8220;default&#8220; global_colors_info=&#8220;{}&#8220;][et_pb_column type=&#8220;4_4&#8243; _builder_version=&#8220;4.23.1&#8243; _module_preset=&#8220;default&#8220; global_colors_info=&#8220;{}&#8220;][\/et_pb_column][\/et_pb_row][\/et_pb_section]<\/p>\n","protected":false},"excerpt":{"rendered":"<p>SECO\/WARWICKDANKE F\u00dcR DEINE NACHRICHT Es wurde gesendetBitte \u00fcberpr\u00fcfe dein E-Mail-Postfach f\u00fcr weitere Details dar\u00fcber, was als n\u00e4chstes passiert. Sollte deine E-Mail nicht sofort erscheinen, vergewissere dich bitte, dass du deinen Spam-Ordner \u00fcberpr\u00fcfst. In der Zwischenzeit kannst du das Video ansehen und unsere Welt erkunden.<\/p>\n","protected":false},"author":2,"featured_media":0,"parent":0,"menu_order":0,"comment_status":"closed","ping_status":"closed","template":"","meta":{"_acf_changed":false,"_et_pb_use_builder":"on","_et_pb_old_content":"","_et_gb_content_width":"","footnotes":""},"class_list":["post-109547","page","type-page","status-publish"],"acf":[],"_links":{"self":[{"href":"https:\/\/www.secowarwick.com\/de\/wp-json\/wp\/v2\/pages\/109547","targetHints":{"allow":["GET"]}}],"collection":[{"href":"https:\/\/www.secowarwick.com\/de\/wp-json\/wp\/v2\/pages"}],"about":[{"href":"https:\/\/www.secowarwick.com\/de\/wp-json\/wp\/v2\/types\/page"}],"author":[{"embeddable":true,"href":"https:\/\/www.secowarwick.com\/de\/wp-json\/wp\/v2\/users\/2"}],"replies":[{"embeddable":true,"href":"https:\/\/www.secowarwick.com\/de\/wp-json\/wp\/v2\/comments?post=109547"}],"version-history":[{"count":7,"href":"https:\/\/www.secowarwick.com\/de\/wp-json\/wp\/v2\/pages\/109547\/revisions"}],"predecessor-version":[{"id":154768,"href":"https:\/\/www.secowarwick.com\/de\/wp-json\/wp\/v2\/pages\/109547\/revisions\/154768"}],"wp:attachment":[{"href":"https:\/\/www.secowarwick.com\/de\/wp-json\/wp\/v2\/media?parent=109547"}],"curies":[{"name":"wp","href":"https:\/\/api.w.org\/{rel}","templated":true}]}}