{"id":110342,"date":"2021-01-21T12:25:28","date_gmt":"2021-01-21T11:25:28","guid":{"rendered":"http:\/\/www.secowarwick.com\/information-on-the-processing-swge\/"},"modified":"2021-01-21T13:03:03","modified_gmt":"2021-01-21T12:03:03","slug":"information-on-the-processing-swge","status":"publish","type":"page","link":"https:\/\/www.secowarwick.com\/de\/information-on-the-processing-swge\/","title":{"rendered":"INFORMATION ON THE PROCESSING SWGe"},"content":{"rendered":"<p>&nbsp;<\/p>\n<table class=\"tnc table table-striped table-hover\" style=\"width: 100%;\">\n<tbody>\n<tr>\n<td style=\"width: 280.83px;\"><b><strong>SECO\/WARWICK Germany GmbH<\/strong><br \/>\n<\/b>An der Molkerei 9, 47551 Bedburg-Hau, Germany<\/td>\n<td style=\"width: 280.83px;\"><a href=\"https:\/\/www.secowarwick.com\/wp-content\/uploads\/2020\/12\/Obowi\u0105zek-informacyjny-wobec-dostawc\u00f3w-i-kooperant\u00f3w_GE.pdf\" target=\"_blank\" rel=\"noopener\">INFORMATIONEN \u00dcBER VERARBEITUNG DER PERSONENBEZOGENEN DATEN F\u00dcR LIEFERANTEN UND GESCH\u00c4FTSPARTNER<\/a><\/td>\n<td style=\"width: 280.83px;\"><a href=\"https:\/\/www.secowarwick.com\/wp-content\/uploads\/2020\/12\/Informacja-o-przetwarzaniu-danych-osobowych-klienta-SWSA-PL_GE_2020_01.pdf\" target=\"_blank\" rel=\"noopener\">INFORMATIONEN \u00dcBER VERARBEITUNG DER PERSONENBEZOGENEN DATEN DER KUNDEN<\/a><\/td>\n<\/tr>\n<tr>\n<td style=\"width: 280.83px;\">\n<b><\/b><\/td>\n<td style=\"width: 280.83px;\"><a href=\"https:\/\/www.secowarwick.com\/wp-content\/uploads\/2021\/01\/Information-on-the-processing-of-suppliers-SWGe-ENG_2020_02.pdf\" target=\"_blank\" rel=\"noopener\">Information on the processing of\u00a0suppliers<\/a><\/td>\n<td style=\"width: 280.83px;\"><a href=\"https:\/\/www.secowarwick.com\/wp-content\/uploads\/2021\/01\/Information-on-the-processing-of-business-partners-SWGe-ENG_2020_02.pdf\" target=\"_blank\" rel=\"noopener\">Information on the processing of business partners<\/a><\/td>\n<\/tr>\n<\/tbody>\n<\/table>\n<p>&nbsp;<\/p>\n","protected":false},"excerpt":{"rendered":"<p>&nbsp; SECO\/WARWICK Germany GmbH An der Molkerei 9, 47551 Bedburg-Hau, Germany INFORMATIONEN \u00dcBER VERARBEITUNG DER PERSONENBEZOGENEN DATEN F\u00dcR LIEFERANTEN UND GESCH\u00c4FTSPARTNER INFORMATIONEN \u00dcBER VERARBEITUNG DER PERSONENBEZOGENEN DATEN DER KUNDEN Information on the processing of\u00a0suppliers Information on the processing of business partners &nbsp;<\/p>\n","protected":false},"author":2,"featured_media":0,"parent":0,"menu_order":0,"comment_status":"closed","ping_status":"closed","template":"","meta":{"_acf_changed":false,"_et_pb_use_builder":"","_et_pb_old_content":"<table class=\"tnc table table-striped table-hover\" style=\"width: 100%;\">\r\n<tbody>\r\n<tr>\r\n<td style=\"width: 280.83px;\"><b><strong>SECO\/WARWICK Germany GmbH<\/strong>\r\n<\/b>An der Molkerei 9, 47551 Bedburg-Hau, Germany<\/td>\r\n<td style=\"width: 280.83px;\"><a href=\"https:\/\/www.secowarwick.com\/wp-content\/uploads\/2020\/12\/Informacja-o-przetwarzaniu-danych-osobowych-klienta-SWSA-PL_GE_2020_01.pdf\" target=\"_blank\" rel=\"noopener\">INFORMATIONEN \u00dcBER VERARBEITUNG DER PERSONENBEZOGENEN DATEN DER KUNDEN<\/a><\/td>\r\n<td style=\"width: 280.83px;\"><a href=\"https:\/\/www.secowarwick.com\/wp-content\/uploads\/2020\/12\/Obowi\u0105zek-informacyjny-wobec-dostawc\u00f3w-i-kooperant\u00f3w_GE.pdf\" target=\"_blank\" rel=\"noopener\">INFORMATIONEN \u00dcBER VERARBEITUNG DER PERSONENBEZOGENEN DATEN F\u00dcR LIEFERANTEN UND GESCH\u00c4FTSPARTNER<\/a><\/td>\r\n<\/tr>\r\n<tr>\r\n<td style=\"width: 280.83px;\"><strong>SECO<span class=\"red\">\/<\/span>WARWICK SERVICES SP. Z O. O.\r\n<\/strong>76 Zachodnia Str., 66-200 \u015awiebodzin, Poland<b><\/b><\/td>\r\n<td style=\"width: 280.83px;\"><a href=\"https:\/\/www.secowarwick.com\/wp-content\/uploads\/2019\/06\/INFORMATION-ON-THE-PROCESSING-OF-SUPPLIER.pdf\" target=\"_blank\" rel=\"noopener\">Information on the processing of\u00a0suppliers<\/a><\/td>\r\n<td style=\"width: 280.83px;\"><a href=\"https:\/\/www.secowarwick.com\/wp-content\/uploads\/2020\/12\/Information-on-the-processing-of-business-partners-SWS-ENG.pdf\" target=\"_blank\" rel=\"noopener\">Information on the processing of business partners<\/a><\/td>\r\n<\/tr>\r\n<tr>\r\n<td style=\"width: 280.83px;\"><strong><b>SECO\/WARWICK S.A.<\/b>\r\n<\/strong>8 Sobieskiego Str., 66-200 \u015awiebodzin, Poland\r\n<b><\/b><\/td>\r\n<td style=\"width: 280.83px;\"><a class=\"fancybox_pdf\" title=\"Fullscreen\" href=\"https:\/\/www.secowarwick.com\/wp-content\/uploads\/2019\/04\/Obowi%C4%85zek-informacyjny-wobec-dostawcy-EN-1.pdf\" target=\"_blank\" rel=\"noopener\">Information on the processing of\u00a0suppliers<\/a><\/td>\r\n<td style=\"width: 280.83px;\"><a href=\"https:\/\/www.secowarwick.com\/wp-content\/uploads\/2021\/01\/Information-on-the-processing-of-business-partners-SWSA-ENG.pdf\" target=\"_blank\" rel=\"noopener\">Information on the processing of business partners<\/a><\/td>\r\n<\/tr>\r\n<\/tbody>\r\n<\/table>","_et_gb_content_width":"","footnotes":""},"class_list":["post-110342","page","type-page","status-publish"],"acf":[],"_links":{"self":[{"href":"https:\/\/www.secowarwick.com\/de\/wp-json\/wp\/v2\/pages\/110342","targetHints":{"allow":["GET"]}}],"collection":[{"href":"https:\/\/www.secowarwick.com\/de\/wp-json\/wp\/v2\/pages"}],"about":[{"href":"https:\/\/www.secowarwick.com\/de\/wp-json\/wp\/v2\/types\/page"}],"author":[{"embeddable":true,"href":"https:\/\/www.secowarwick.com\/de\/wp-json\/wp\/v2\/users\/2"}],"replies":[{"embeddable":true,"href":"https:\/\/www.secowarwick.com\/de\/wp-json\/wp\/v2\/comments?post=110342"}],"version-history":[{"count":0,"href":"https:\/\/www.secowarwick.com\/de\/wp-json\/wp\/v2\/pages\/110342\/revisions"}],"wp:attachment":[{"href":"https:\/\/www.secowarwick.com\/de\/wp-json\/wp\/v2\/media?parent=110342"}],"curies":[{"name":"wp","href":"https:\/\/api.w.org\/{rel}","templated":true}]}}