{"id":115628,"date":"2021-04-26T07:47:58","date_gmt":"2021-04-26T05:47:58","guid":{"rendered":"http:\/\/www.secowarwick.com\/produkte\/aluminium-prozesse\/afterburner\/"},"modified":"2025-10-30T12:19:29","modified_gmt":"2025-10-30T11:19:29","slug":"afterburner","status":"publish","type":"page","link":"https:\/\/www.secowarwick.com\/de\/produkte\/aluminium-prozesse\/afterburner\/","title":{"rendered":"Nachbrenner: VOC-Reduzierung &#8211; das hei\u00dft: eine Zusatzeinrichtung zur Reduzierung des Aussto\u00dfs von fl\u00fcchtigen organischen Verbindungen (VOC)"},"content":{"rendered":"<p>[et_pb_section fb_built=&#8220;1&#8243; _builder_version=&#8220;4.16&#8243; global_colors_info=&#8220;{}&#8220;][et_pb_row _builder_version=&#8220;4.16&#8243; background_size=&#8220;initial&#8220; background_position=&#8220;top_left&#8220; background_repeat=&#8220;repeat&#8220; global_colors_info=&#8220;{}&#8220;][et_pb_column type=&#8220;4_4&#8243; _builder_version=&#8220;4.16&#8243; custom_padding=&#8220;|||&#8220; global_colors_info=&#8220;{}&#8220; custom_padding__hover=&#8220;|||&#8220;][et_pb_image src=&#8220;https:\/\/www.secowarwick.com\/wp-content\/uploads\/2021\/05\/slider-Afterburner-1.jpg&#8220; alt=&#8220;Nachbrenner: VOC-Reduzierung &#8211; das hei\u00dft: eine Zusatzeinrichtung zur Reduzierung des Aussto\u00dfs von fl\u00fcchtigen organischen Verbindungen (VOC)&#8220; title_text=&#8220;Nachbrenner: VOC-Reduzierung &#8211; das hei\u00dft: eine Zusatzeinrichtung zur Reduzierung des Aussto\u00dfs von fl\u00fcchtigen organischen Verbindungen (VOC)&#8220; align_tablet=&#8220;center&#8220; align_phone=&#8220;&#8220; align_last_edited=&#8220;on|desktop&#8220; _builder_version=&#8220;4.16&#8243; global_colors_info=&#8220;{}&#8220;][\/et_pb_image][\/et_pb_column][\/et_pb_row][\/et_pb_section][et_pb_section fb_built=&#8220;1&#8243; admin_label=&#8220;section&#8220; _builder_version=&#8220;4.16&#8243; custom_padding=&#8220;25px|||&#8220; transparent_background=&#8220;off&#8220; make_fullwidth=&#8220;off&#8220; use_custom_width=&#8220;off&#8220; width_unit=&#8220;on&#8220; global_colors_info=&#8220;{}&#8220;][et_pb_row column_structure=&#8220;3_4,1_4&#8243; admin_label=&#8220;row&#8220; _builder_version=&#8220;4.16&#8243; background_size=&#8220;initial&#8220; background_position=&#8220;top_left&#8220; background_repeat=&#8220;repeat&#8220; custom_margin=&#8220;0px|||&#8220; custom_padding=&#8220;0px|||&#8220; make_fullwidth=&#8220;off&#8220; use_custom_width=&#8220;off&#8220; width_unit=&#8220;on&#8220; global_colors_info=&#8220;{}&#8220;][et_pb_column type=&#8220;3_4&#8243; _builder_version=&#8220;4.16&#8243; custom_padding=&#8220;|||&#8220; global_colors_info=&#8220;{}&#8220; custom_padding__hover=&#8220;|||&#8220;][et_pb_breadcrumbs _builder_version=&#8220;4.10.3&#8243; _module_preset=&#8220;default&#8220; global_colors_info=&#8220;{}&#8220;][\/et_pb_breadcrumbs][et_pb_text _builder_version=&#8220;4.23.1&#8243; global_colors_info=&#8220;{}&#8220;]<\/p>\n<h1>Nachbrenner: VOC-Reduzierung &#8211; das hei\u00dft: eine Zusatzeinrichtung zur Reduzierung des Aussto\u00dfs von fl\u00fcchtigen organischen Verbindungen (VOC)<\/h1>\n<p>Er&nbsp;wird seit Jahren in&nbsp;Anlagen zur Herstellung von Aluminium-W\u00e4rmetauschern eingesetzt und hat seinen Platz in&nbsp;Mass-Flow- und Vortex- <strong>Gl\u00fch\u00f6fen<\/strong> f\u00fcr Aluminiumband-Coils gefunden.<\/p>\n<p>Thermische <strong>Nachbrenner<\/strong> werden in\u00a0der Automobil- und <strong>Aluminiumindustrie<\/strong> eingesetzt, um industrielle Schadstoffe wie f<strong>l\u00fcchtige organische Verbindungen (VOC)<\/strong> und insbesondere aromatische Kohlenwasserstoffe zu zerst\u00f6ren.<\/p>\n<p>[\/et_pb_text][et_pb_tabs module_class=&#8220;red-tabs eco-tab6&#8243; _builder_version=&#8220;4.23.1&#8243; custom_css_main_element=&#8220;margin-top: 2rem;||margin-bottom: 2rem;&#8220; global_colors_info=&#8220;{}&#8220;][et_pb_tab title=&#8220;\u00dcberblick&#8220; _builder_version=&#8220;4.23.1&#8243; global_colors_info=&#8220;{}&#8220;]<\/p>\n<p style=\"text-align: justify;\">Der Nachbrenner ist ein Standardprodukt im&nbsp;Portfolio des Unternehmens, das zusammen mit einem Entfetter (ein Ger\u00e4t zur thermischen \u00d6lentfernung von der Oberfl\u00e4che von Aluminium-W\u00e4rmetauschern) als Teil der CAB-Linie geliefert wird.\u00a0 Es&nbsp;wird auch beim Gl\u00fchen von Aluminiumband-Coils in&nbsp;Vortex- und Massenfluss\u00f6fen eingesetzt. Beim Walzen und Nuten wird sehr oft eine gro\u00dfe Menge \u00d6l verwendet, das w\u00e4hrend der thermischen Behandlungsprozesse verdampft und sch\u00e4dliche organische Verbindungen freisetzt. Der Gesundheit und der Umwelt zuliebe bietet SECO\/WARWICK eine L\u00f6sung, die die Einhaltung der Emissionsstandards garantiert.<\/p>\n<p>[\/et_pb_tab][et_pb_tab title=&#8220;Beschreibung&#8220; _builder_version=&#8220;4.16&#8243; global_colors_info=&#8220;{}&#8220;]<\/p>\n<p style=\"text-align: justify;\">Fl\u00fcchtige organische Verbindungen (VOC), geh\u00f6ren zu einer Gruppe von organischen Verbindungen, die sich in&nbsp;Gegenwart von Sonnenlicht leicht in&nbsp;Gas oder Dampf verwandeln. Dabei werden sch\u00e4dliche Stoffe in&nbsp;die Umwelt freigesetzt. VOCs enthalten in&nbsp;ihrer Zusammensetzung eine Vielzahl von Chemikalien. Einige k\u00f6nnen sowohl kurz- als auch langfristig negative Auswirkungen auf die Gesundheit haben. Reizung von Augen, Nase und Rachen, Kopfschmerzen, Koordinationsverlust und \u00dcbelkeit. Langfristige Wirkungen k\u00f6nnen schwerwiegendere Sch\u00e4den an der Leber, den Nieren und dem zentralen Nervensystem verursachen. Eine \u00fcber l\u00e4ngere Zeit andauernde Exposition gegen\u00fcber hohen Konzentrationen von VOCs kann Krebs verursachen. Im&nbsp;thermischen Nachbrenner wirken industrielle Schadstoffe wie VOCs, wenn sie auf eine geeignete Temperatur erhitzt werden, als Brennstoffquelle, um eine vollst\u00e4ndige Verbrennung zu gew\u00e4hrleisten. Schadstoffe chemisch in&nbsp;harmlose Verbrennungsnebenprodukte wie Wasser und Kohlendioxid umgewandelt, die bereits als Abgase gefahrlos abgeleitet werden k\u00f6nnen. Aufgrund der hohen Prozesstemperatur sind thermische Nachbrenner in&nbsp;der Regel mit einem Energier\u00fcckgewinnungssystem ausgestattet. \u00a0Dies ist eine Standardl\u00f6sung in&nbsp;der Automobilindustrie an Linien zum L\u00f6ten von Aluminium-W\u00e4rmetauschern in&nbsp;kontrollierter Atmosph\u00e4re. Mit W\u00e4rmer\u00fcckgewinnungssystemen ist es&nbsp;m\u00f6glich, den Energieverbrauch um bis zu 70 % zu reduzieren.<\/p>\n<p style=\"text-align: justify;\">Der Einsatz von energieeffizienten Nachbrennern ist eine empfohlene L\u00f6sung zum Schutz der Umwelt.<\/p>\n<p>[\/et_pb_tab][et_pb_tab title=&#8220;Eigenschaften&#8220; _builder_version=&#8220;4.23.1&#8243; global_colors_info=&#8220;{}&#8220;]<\/p>\n<p><strong><span style=\"color: #dc291e;\">\/<\/span><\/strong> Verbrennung fl\u00fcchtiger organischer Verbindungen<br \/><strong><span style=\"color: #dc291e;\">\/<\/span><\/strong> Reduzierung der VOC-Emissionen<br \/><strong><span style=\"color: #dc291e;\">\/<\/span><\/strong> M\u00f6glichkeit der Installation eines W\u00e4rmetauschers f\u00fcr geringeren Energieverbrauch im\u00a0Verbrennungsprozess<br \/><strong><span style=\"color: #dc291e;\">\/<\/span><\/strong> Gasheizsystem bestehend aus einem Kompaktbrenner mit Gasweg<br \/><strong><span style=\"color: #dc291e;\">\/<\/span><\/strong> Hocheffiziente Brennkammerisolierung<br \/><strong><span style=\"color: #dc291e;\">\/<\/span><\/strong> Unabh\u00e4ngige Steuerung mit Sicherheitssystem bei Flammenausfall<\/p>\n<p>[\/et_pb_tab][et_pb_tab title=&#8220;Vorteile&#8220; _builder_version=&#8220;4.23.1&#8243; global_colors_info=&#8220;{}&#8220;]<\/p>\n<p><strong><span style=\"color: #dc291e;\">\/<\/span><\/strong> Verbrennung von fl\u00fcchtigen organischen Verbindungen bei 650\u00b0C<br \/><strong><span style=\"color: #dc291e;\">\/<\/span><\/strong> hohe Reduktion des TOC (Total Organic Carbon) bis zu 50mg\/Nm3 (gem\u00e4\u00df europ\u00e4ischen Normen), in&nbsp;Sonderf\u00e4llen bis zu 30mg\/Nm3<br \/><strong><span style=\"color: #dc291e;\">\/<\/span><\/strong> M\u00f6glichkeit der Installation eines Nachbrenners an einem bereits vorhandenen Ofen<\/p>\n<p>[\/et_pb_tab][et_pb_tab title=&#8220;Prozesse&#8220; _builder_version=&#8220;4.23.1&#8243; global_colors_info=&#8220;{}&#8220;]<\/p>\n<p><strong><span style=\"color: #dc291e;\">\/<\/span><\/strong> Aluminiuml\u00f6ten<br \/><strong><span style=\"color: #dc291e;\">\/<\/span><\/strong> W\u00e4rmebehandlung von Metallen einschlie\u00dflich Aluminium<\/p>\n<p>[\/et_pb_tab][et_pb_tab title=&#8220;Industrien&#8220; _builder_version=&#8220;4.23.1&#8243; global_colors_info=&#8220;{}&#8220;]<\/p>\n<p><strong><span style=\"color: #dc291e;\">\/<\/span><\/strong> Luftfahrtindustrie<br \/><strong><span style=\"color: #dc291e;\">\/<\/span><\/strong> Automobilindustrie<\/p>\n<p>[\/et_pb_tab][et_pb_tab title=&#8220; &#8220; _builder_version=&#8220;4.23.1&#8243; _module_preset=&#8220;default&#8220; global_colors_info=&#8220;{}&#8220;]<\/p>\n<p><strong><span style=\"color: #ff0000;\">\/<\/span><\/strong> Bei \u00f6lhaltigen Chargen eine Reduzierung der TOC-Emissionen (eng. total organic carbon\/ dt. der gesamte organische Kohlenstoff) auf das von den Normen geforderte Niveau<br \/><strong><span style=\"color: #ff0000;\">\/<\/span><\/strong> Umweltfreundliche, biol\u00f6sliche D\u00e4mmung mit richtig ausgew\u00e4hlter Dicke im&nbsp;Hinblick auf die Verringerung des W\u00e4rmeverlustes durch W\u00e4nde<\/p>\n<p>[\/et_pb_tab][\/et_pb_tabs][dipl_faq_page_schema title=&#8220;FAQ&#8220; _builder_version=&#8220;4.19.2&#8243; _module_preset=&#8220;default&#8220; global_colors_info=&#8220;{}&#8220;][dipl_faq_page_schema_item faq_question=&#8220;Was sind VOCs und wie kann man diese vom Gl\u00fchofen von Aluminiumb\u00e4ndern entfernen?&#8220; _builder_version=&#8220;4.19.2&#8243; _module_preset=&#8220;default&#8220; global_colors_info=&#8220;{}&#8220;]<\/p>\n<p>Fl\u00fcchtige organische Verbindungen (eng. \u201cvolatile organic compounds\u201d, VOC) sind eine Gruppe von gas- und dampff\u00f6rmigen Stoffen, die sich in&nbsp;Gegenwart von Sonnenlicht leicht verfl\u00fcchtigen oder verdampfen. Geichzeitig setzen sie umweltgef\u00e4hrliche Stoffe in&nbsp;die Umgebung frei.<\/p>\n<p>VOCs enthalten verschiedene Chemikalien. Einige davon k\u00f6nnen sich kurz und langfristig negativ auf Gesundheit auswirken. Kurzfristige Auswirkungen auf die Gesundheit beinhalten Augen-, Nase- und\u00a0 Rachenreizungen, Kopfschmerzen, Koordinationsst\u00f6rungen und \u00dcbelkeiten. Langfristige Auswirkungen k\u00f6nnen schweres Leber-, und Nierenversagen sowie Erkrankungen des Nervensystems verursachen.<\/p>\n<p>Gro\u00dfe Mengen \u00d6l werden h\u00e4ufig w\u00e4hrend der Herstellung von flachgewalzten Aluminiumerzeugnissen verwendet. Das \u00d6l verdampft w\u00e4hrend des W\u00e4rmebehandlungsprozesses und setzt gef\u00e4hrliche organische Verbindungen frei. Thermische Zersetzung von fl\u00fcchtigen organischen Verbindungen, die in&nbsp;der Nachverbrennungsanlage abl\u00e4uft, garantiert niedrige Emissionsrate des gesamten organischen Kohlenstoffs (eng. TOC &#8211; Total Organic Carbon) In&nbsp;\u00dcbereinstimmung mit zul\u00e4ssigen Normen.<\/p>\n<p>Verschmutzungen durch Industrie dienen als zus\u00e4tzliche Brennstoffquelle, wenn sie auf die entsprechende Temperatur erhitzt werden. Gleiches gilt f\u00fcr hocheffiziente VOC-Verbrennung.<\/p>\n<p>Bei der Verbrennung werden Verunreinigungen chemisch in&nbsp;harmlose Nebenprodukte wie Wasser und Kohlendioxyd umgewandelt. Danach k\u00f6nnen diese als Abgase sicher abgef\u00fchrt werden. Aus diesem Grund wird die VOC-Nachverbrennungsanlage von Industrien wie Aluminiumwalzwerke, Lebensmittelverpackungen, Dosen, Papierherstellung, Automobilindustrien usw. verwendet, um die Gesundheit und die Umwelt zu sch\u00fctzen.<\/p>\n<p>[\/dipl_faq_page_schema_item][dipl_faq_page_schema_item faq_question=&#8220;Welches VOC-Entfernungszubeh\u00f6r ist am\u00a0wirtschaftlichsten und effizientesten?&#8220; _builder_version=&#8220;4.19.2&#8243; _module_preset=&#8220;default&#8220; global_colors_info=&#8220;{}&#8220;]<\/p>\n<p>Die VOC-Nachverbrennungsanlage ist relativ klein und preisg\u00fcnstig, aber sie ist sehr effizient bei dem Umweltschutz durch Verbrennung von fl\u00fcchtigen organischen Verbindungen. Unsere Ausr\u00fcstung kann gas- oder elektrisch beheizt und bestimmt f\u00fcr Installationsanlagen, in&nbsp;denen eine gro\u00dfe Menge \u00d6l in&nbsp;der Ladung besteht, sein. Sie kann von dem um die Brennkammer herum installierten W\u00e4rme\u00fcbertrager begleitet werden. Diese L\u00f6sung erlaubt den Energieverbrauch bis zu 50 % im&nbsp;Vergleich zu den Anlagen ohne W\u00e4rmer\u00fcckgewinnung (f\u00fcr ausgew\u00e4hlte Anwendungen) zu reduzieren.<\/p>\n<p>[\/dipl_faq_page_schema_item][\/dipl_faq_page_schema][et_pb_code admin_label=&#8220;crm-rfq-de&#8220; _builder_version=&#8220;4.10.3&#8243; _module_preset=&#8220;default&#8220; global_module=&#8220;123766&#8243; global_colors_info=&#8220;{}&#8220;]<!-- [et_pb_line_break_holder] --><pee style=\"text-align: center;\"><a class=\"small-button smallred\" style=\"font-size: 20px; padding: 20px 60px;\" href=\"https:\/\/www.secowarwick.com\/de\/fordern-sie-hier-ihr-angebot-an\/\"><span style=\"display: block; transform: skew(15deg,0deg); -webkit-transform: skew(15deg,0deg); font-size: 20px; !important\">UM EIN ANGEBOT BITTEN<\/span><\/a><\/pee>[\/et_pb_code][\/et_pb_column][et_pb_column type=&#8220;1_4&#8243; _builder_version=&#8220;4.16&#8243; custom_padding=&#8220;|||&#8220; global_colors_info=&#8220;{}&#8220; custom_padding__hover=&#8220;|||&#8220;][et_pb_gallery gallery_ids=&#8220;142941,142955,142962,142969&#8243; posts_number=&#8220;1&#8243; show_title_and_caption=&#8220;off&#8220; show_pagination=&#8220;off&#8220; zoom_icon_color=&#8220;#e2001a&#8220; module_class=&#8220;seco-products-gallery-new&#8220; _builder_version=&#8220;4.23.1&#8243; custom_css_overlay_icon=&#8220;content:&#8217;GALERIE ANSEHEN&#8216; !important;&#8220; locked=&#8220;off&#8220; global_colors_info=&#8220;{}&#8220;][\/et_pb_gallery][et_pb_text admin_label=&#8220;btn_de_premiumlibrary&#8220; module_class=&#8220;premium-library-button&#8220; _builder_version=&#8220;4.23.1&#8243; _module_preset=&#8220;default&#8220; text_orientation=&#8220;center&#8220; global_module=&#8220;157246&#8243; global_colors_info=&#8220;{}&#8220;]<\/p>\n<a href='https:\/\/www.secowarwick.com\/de\/premiuminhalte\/' class='small-button smallred'><span>PREMIUMINHALTE<\/span><\/a>\n<p>[\/et_pb_text][et_pb_text admin_label=&#8220;R&#038;D de&#8220; module_class=&#8220;product_widget_wrap_rd&#8220; _builder_version=&#8220;4.23.1&#8243; _module_preset=&#8220;default&#8220; text_orientation=&#8220;center&#8220; global_module=&#8220;167836&#8243; saved_tabs=&#8220;all&#8220; locked=&#8220;off&#8220; global_colors_info=&#8220;{}&#8220;]<\/p>\n<p><a href=\"https:\/\/www.secowarwick.com\/de\/rd\/\"><span class=\"product_wigtet_name\">R&amp;D<\/span><\/a><\/p>\n<p>[\/et_pb_text][et_pb_text admin_label=&#8220;AUTOMATYKA de&#8220; module_class=&#8220;product_widget_wrap_automation&#8220; _builder_version=&#8220;4.23.1&#8243; _module_preset=&#8220;default&#8220; global_module=&#8220;167905&#8243; saved_tabs=&#8220;all&#8220; locked=&#8220;off&#8220; global_colors_info=&#8220;{}&#8220;]<\/p>\n<p><a href=\"https:\/\/www.secowarwick.com\/de\/service\/automatisierung\/\"><span class=\"product_wigtet_name\">AUTOMATISIERUNG<\/span><\/a><\/p>\n<p>[\/et_pb_text][et_pb_text admin_label=&#8220;SERVICE de&#8220; module_class=&#8220;product_widget_wrap_service&#8220; _builder_version=&#8220;4.23.1&#8243; _module_preset=&#8220;default&#8220; global_module=&#8220;167860&#8243; saved_tabs=&#8220;all&#8220; locked=&#8220;off&#8220; global_colors_info=&#8220;{}&#8220;]<\/p>\n<p><a href=\"https:\/\/www.secowarwick.com\/de\/professionelle-service-dienstleistungen\/\"><span class=\"product_wigtet_name\">SERVICE<\/span><\/a><\/p>\n<p>[\/et_pb_text][et_pb_text admin_label=&#8220;SUPLEMENTALS de&#8220; module_class=&#8220;product_widget_wrap_supleme&#8220; _builder_version=&#8220;4.23.1&#8243; _module_preset=&#8220;default&#8220; global_module=&#8220;167915&#8243; saved_tabs=&#8220;all&#8220; locked=&#8220;off&#8220; global_colors_info=&#8220;{}&#8220;]<\/p>\n<p><span class=\"product_wigtet_name\">ZUSATZSTOFFE:<\/span><\/p>\n<p>[\/et_pb_text][et_pb_text admin_label=&#8220;Product brochure&#8220; module_class=&#8220;suplementals_product_brochure suplementals_wrap&#8220; _builder_version=&#8220;4.23.1&#8243; _module_preset=&#8220;default&#8220; locked=&#8220;off&#8220; global_colors_info=&#8220;{}&#8220;]<\/p>\n<p><a href=\"https:\/\/www.secowarwick.com\/wp-content\/uploads\/2025\/07\/ALU-AFTERBURNER-WWW.pdf\" target=\"_blank\" rel=\"noopener\">Produktbrosch\u00fcre<\/a><\/p>\n<p>[\/et_pb_text][et_pb_text admin_label=&#8220;Product catalogue alu de&#8220; module_class=&#8220;suplementals_product_catalogue suplementals_wrap&#8220; _builder_version=&#8220;4.23.1&#8243; _module_preset=&#8220;default&#8220; global_module=&#8220;170241&#8243; saved_tabs=&#8220;all&#8220; locked=&#8220;off&#8220; global_colors_info=&#8220;{}&#8220;]<\/p>\n<p><a href=\"https:\/\/www.secowarwick.com\/wp-content\/uploads\/2025\/02\/Aluminum_Furnaces_catalogue.pdf\" target=\"_blank\" rel=\"noopener\">Produktkatalog<\/a><\/p>\n<p>[\/et_pb_text][et_pb_text admin_label=&#8220;Product infographic&#8220; module_class=&#8220;suplementals_product_infographic suplementals_wrap&#8220; _builder_version=&#8220;4.23.1&#8243; _module_preset=&#8220;default&#8220; locked=&#8220;off&#8220; global_colors_info=&#8220;{}&#8220;]<\/p>\n<p><a href=\"https:\/\/www.secowarwick.com\/wp-content\/uploads\/2023\/06\/Afterburner-reduces-the-emission-of-VOC.jpg\" target=\"_blank\" rel=\"noopener\">Produkt-Infografik<\/a><\/p>\n<p>[\/et_pb_text][et_pb_text admin_label=&#8220;Product movie alu plaulist de&#8220; module_class=&#8220;suplementals_product_movie suplementals_wrap&#8220; _builder_version=&#8220;4.23.1&#8243; _module_preset=&#8220;default&#8220; global_module=&#8220;170243&#8243; saved_tabs=&#8220;all&#8220; locked=&#8220;off&#8220; global_colors_info=&#8220;{}&#8220;]<\/p>\n<p><a href=\"https:\/\/www.youtube.com\/playlist?list=PLa0hhW_hoQqEsIHM5LQtr9h_9UlwGFBO8\" target=\"_blank\" rel=\"noopener\">Produktvideo<\/a><\/p>\n<p>[\/et_pb_text][et_pb_text admin_label=&#8220;dnabook-de&#8220; module_class=&#8220;suplementals_product_dna suplementals_wrap&#8220; _builder_version=&#8220;4.23.1&#8243; _module_preset=&#8220;default&#8220; global_module=&#8220;167874&#8243; saved_tabs=&#8220;all&#8220; locked=&#8220;off&#8220; global_colors_info=&#8220;{}&#8220;]<\/p>\n<p><a href=\"https:\/\/www.secowarwick.com\/wp-content\/uploads\/2025\/07\/DNA_BOOK.pdf\" target=\"_blank\" rel=\"noopener\">DNA\/BOOK<\/a><\/p>\n<p>[\/et_pb_text][et_pb_text admin_label=&#8220;ECO\/BOOK-de&#8220; module_class=&#8220;suplementals_product_eco suplementals_wrap&#8220; _builder_version=&#8220;4.23.1&#8243; _module_preset=&#8220;default&#8220; global_module=&#8220;167797&#8243; locked=&#8220;off&#8220; global_colors_info=&#8220;{}&#8220;]<\/p>\n<p><a href=\"https:\/\/www.secowarwick.com\/wp-content\/uploads\/2023\/06\/ECOBOOK.pdf\" target=\"_blank\" rel=\"noopener\">ECO\/BOOK<\/a><\/p>\n<p>[\/et_pb_text][et_pb_text admin_label=&#8220;product-widget-rfq-de&#8220; module_class=&#8220;product_widget_wrap_rfq-en&#8220; _builder_version=&#8220;4.23.1&#8243; _module_preset=&#8220;default&#8220; global_module=&#8220;186250&#8243; saved_tabs=&#8220;all&#8220; global_colors_info=&#8220;{}&#8220; locked=&#8220;off&#8220;]<\/p>\n<p style=\"text-align: center;\"><a class=\"small-button smallred\" href=\"https:\/\/www.secowarwick.com\/de\/fordern-sie-hier-ihr-angebot-an\/\"><span class=\"product_wigtet_name\">FRAGE NACH MEHR<\/span><\/a><\/p>\n<p>[\/et_pb_text][\/et_pb_column][\/et_pb_row][\/et_pb_section]<\/p>\n","protected":false},"excerpt":{"rendered":"<p>[et_pb_breadcrumbs _builder_version=&#8220;4.10.3&#8243; _module_preset=&#8220;default&#8220; global_colors_info=&#8220;{}&#8220;][\/et_pb_breadcrumbs]Nachbrenner: VOC-Reduzierung &#8211; das hei\u00dft: eine Zusatzeinrichtung zur Reduzierung des Aussto\u00dfs von fl\u00fcchtigen organischen Verbindungen (VOC) Er&nbsp;wird seit Jahren in&nbsp;Anlagen zur Herstellung von Aluminium-W\u00e4rmetauschern eingesetzt und hat seinen Platz in&nbsp;Mass-Flow- und Vortex- Gl\u00fch\u00f6fen f\u00fcr Aluminiumband-Coils gefunden. Thermische Nachbrenner werden in\u00a0der Automobil- und Aluminiumindustrie eingesetzt, um industrielle Schadstoffe wie fl\u00fcchtige organische Verbindungen (VOC) [&hellip;]<\/p>\n","protected":false},"author":2,"featured_media":116556,"parent":7097,"menu_order":0,"comment_status":"closed","ping_status":"closed","template":"","meta":{"_acf_changed":false,"_et_pb_use_builder":"on","_et_pb_old_content":"","_et_gb_content_width":"","footnotes":""},"class_list":["post-115628","page","type-page","status-publish","has-post-thumbnail"],"acf":[],"_links":{"self":[{"href":"https:\/\/www.secowarwick.com\/de\/wp-json\/wp\/v2\/pages\/115628","targetHints":{"allow":["GET"]}}],"collection":[{"href":"https:\/\/www.secowarwick.com\/de\/wp-json\/wp\/v2\/pages"}],"about":[{"href":"https:\/\/www.secowarwick.com\/de\/wp-json\/wp\/v2\/types\/page"}],"author":[{"embeddable":true,"href":"https:\/\/www.secowarwick.com\/de\/wp-json\/wp\/v2\/users\/2"}],"replies":[{"embeddable":true,"href":"https:\/\/www.secowarwick.com\/de\/wp-json\/wp\/v2\/comments?post=115628"}],"version-history":[{"count":20,"href":"https:\/\/www.secowarwick.com\/de\/wp-json\/wp\/v2\/pages\/115628\/revisions"}],"predecessor-version":[{"id":186302,"href":"https:\/\/www.secowarwick.com\/de\/wp-json\/wp\/v2\/pages\/115628\/revisions\/186302"}],"up":[{"embeddable":true,"href":"https:\/\/www.secowarwick.com\/de\/wp-json\/wp\/v2\/pages\/7097"}],"wp:featuredmedia":[{"embeddable":true,"href":"https:\/\/www.secowarwick.com\/de\/wp-json\/wp\/v2\/media\/116556"}],"wp:attachment":[{"href":"https:\/\/www.secowarwick.com\/de\/wp-json\/wp\/v2\/media?parent=115628"}],"curies":[{"name":"wp","href":"https:\/\/api.w.org\/{rel}","templated":true}]}}