{"id":116189,"date":"2021-04-13T13:24:04","date_gmt":"2021-04-13T11:24:04","guid":{"rendered":"http:\/\/www.secowarwick.com\/innowacje\/"},"modified":"2024-12-02T10:41:48","modified_gmt":"2024-12-02T09:41:48","slug":"innovationen","status":"publish","type":"page","link":"https:\/\/www.secowarwick.com\/de\/innovationen\/","title":{"rendered":"Innovationen"},"content":{"rendered":"<p>[et_pb_section fb_built=&#8220;1&#8243; module_class=&#8220;skos-slider-bottom innowacje-top&#8220; _builder_version=&#8220;4.16&#8243; background_image=&#8220;https:\/\/www.secowarwick.com\/wp-content\/uploads\/2018\/07\/slider-3.jpg&#8220; custom_padding=&#8220;0px||0px|&#8220; global_colors_info=&#8220;{}&#8220;][et_pb_row _builder_version=&#8220;4.16&#8243; custom_padding=&#8220;0px||0px|&#8220; global_colors_info=&#8220;{}&#8220;][et_pb_column type=&#8220;4_4&#8243; _builder_version=&#8220;4.16&#8243; custom_padding=&#8220;|||&#8220; global_colors_info=&#8220;{}&#8220; custom_padding__hover=&#8220;|||&#8220;][et_pb_text admin_label=&#8220;apostrof&#8220; module_class=&#8220;przecinek-tlo inne-naglowki&#8220; _builder_version=&#8220;4.19.2&#8243; global_colors_info=&#8220;{}&#8220;]<\/p>\n<h1>Innovationen<\/h1>\n<p>[\/et_pb_text][et_pb_text module_class=&#8220;naglowek-innowacje&#8220; _builder_version=&#8220;4.16&#8243; header_2_text_color=&#8220;#ffffff&#8220; global_colors_info=&#8220;{}&#8220;]<\/p>\n<h2>Die St\u00e4rke der SECO\/WARWICK Gruppe, ist die Innovationskraft, gemessen am Abstand zur Konkurrenz. Und auch die Anzahl der Patente und Warenzeichen, realisierte Projekte und eine lange Liste von Referenzen und Kunden weltweit.<\/h2>\n<p>[\/et_pb_text][\/et_pb_column][\/et_pb_row][\/et_pb_section][et_pb_section fb_built=&#8220;1&#8243; module_class=&#8220;innowacje-sekcja&#8220; _builder_version=&#8220;4.16&#8243; custom_margin=&#8220;||0px|&#8220; custom_padding=&#8220;||0px|&#8220; global_colors_info=&#8220;{}&#8220;][et_pb_row _builder_version=&#8220;4.16&#8243; global_colors_info=&#8220;{}&#8220;][et_pb_column type=&#8220;4_4&#8243; module_class=&#8220;innowacje-liczniki&#8220; _builder_version=&#8220;4.16&#8243; custom_padding=&#8220;|||&#8220; global_colors_info=&#8220;{}&#8220; custom_padding__hover=&#8220;|||&#8220;][et_pb_number_counter title=&#8220;Patente &#8220; number=&#8220;70&#8243; percent_sign=&#8220;off&#8220; _builder_version=&#8220;4.16&#8243; title_font_size=&#8220;28&#8243; number_font=&#8220;Titillium Web||||||||&#8220; number_font_size=&#8220;52&#8243; global_colors_info=&#8220;{}&#8220;][\/et_pb_number_counter][et_pb_number_counter title=&#8220;Marken&#8220; number=&#8220;25&#8243; percent_sign=&#8220;off&#8220; _builder_version=&#8220;4.16&#8243; title_font_size=&#8220;28&#8243; number_font=&#8220;Titillium Web||||||||&#8220; number_font_size=&#8220;52&#8243; global_colors_info=&#8220;{}&#8220;][\/et_pb_number_counter][et_pb_number_counter title=&#8220;zusammenarbeitenden Universit\u00e4ten&#8220; number=&#8220;10&#8243; percent_sign=&#8220;off&#8220; _builder_version=&#8220;4.16&#8243; title_font_size=&#8220;28&#8243; number_font=&#8220;Titillium Web||||||||&#8220; number_font_size=&#8220;52&#8243; global_colors_info=&#8220;{}&#8220;][\/et_pb_number_counter][et_pb_number_counter title=&#8220;Auszeichnungen &#8220; number=&#8220;70&#8243; percent_sign=&#8220;off&#8220; _builder_version=&#8220;4.16&#8243; title_font_size=&#8220;28&#8243; number_font=&#8220;Titillium Web||||||||&#8220; number_font_size=&#8220;52&#8243; global_colors_info=&#8220;{}&#8220;][\/et_pb_number_counter][et_pb_number_counter title=&#8220;SECO\/LAB&#8220; number=&#8220;1&#8243; percent_sign=&#8220;off&#8220; _builder_version=&#8220;4.16&#8243; title_font_size=&#8220;28&#8243; number_font=&#8220;Titillium Web||||||||&#8220; number_font_size=&#8220;52&#8243; global_colors_info=&#8220;{}&#8220;][\/et_pb_number_counter][et_pb_number_counter title=&#8220;Ingenieure&#8220; number=&#8220;60&#8243; _builder_version=&#8220;4.16&#8243; title_font_size=&#8220;28&#8243; number_font=&#8220;Titillium Web||||||||&#8220; number_font_size=&#8220;52&#8243; global_colors_info=&#8220;{}&#8220;][\/et_pb_number_counter][\/et_pb_column][\/et_pb_row][\/et_pb_section][et_pb_section fb_built=&#8220;1&#8243; custom_padding_last_edited=&#8220;on|phone&#8220; module_class=&#8220;dolny-zerowy&#8220; _builder_version=&#8220;4.16&#8243; custom_margin=&#8220;0px|||&#8220; custom_margin_tablet=&#8220;&#8220; custom_margin_phone=&#8220;&#8220; custom_margin_last_edited=&#8220;on|phone&#8220; custom_padding=&#8220;0px|||&#8220; custom_padding_tablet=&#8220;&#8220; custom_padding_phone=&#8220;0px||0px|&#8220; global_colors_info=&#8220;{}&#8220;][et_pb_row column_structure=&#8220;1_2,1_2&#8243; custom_padding_last_edited=&#8220;on|phone&#8220; _builder_version=&#8220;4.16&#8243; custom_padding_tablet=&#8220;&#8220; custom_padding_phone=&#8220;||0px|&#8220; global_colors_info=&#8220;{}&#8220;][et_pb_column type=&#8220;1_2&#8243; _builder_version=&#8220;4.16&#8243; custom_padding=&#8220;|||&#8220; global_colors_info=&#8220;{}&#8220; custom_padding__hover=&#8220;|||&#8220;][et_pb_text admin_label=&#8220;apostrof&#8220; module_class=&#8220;przecinek-tlo-nizej&#8220; _builder_version=&#8220;4.16&#8243; global_colors_info=&#8220;{}&#8220;]Um ein Marktf\u00fchrer zu sein<br \/>\n[\/et_pb_text][et_pb_text module_class=&#8220;link-nowy apostrof-pusty&#8220; _builder_version=&#8220;4.16&#8243; text_font_size=&#8220;16px&#8220; global_colors_info=&#8220;{}&#8220;]<\/p>\n<h2>Um ein Marktf\u00fchrer zu sein,<br \/>entwickeln und implementieren wir<br \/>regelbrechende Technologien<\/h2>\n<p>&nbsp;<\/p>\n<p>Bei Patenten geht es nicht nur um Statistiken. Es sind durchdachte und stark kundenorientierte L\u00f6sungen, die uns einen Wettbewerbsvorteil verschaffen. Unsere patentierten Erfindungen und L\u00f6sungen u.a. im Bereich der Vakuum\u00f6fen, der Vakuumaufkohlungstechnik und der Aluminium-Gl\u00fch\u00f6fen werden erfolgreich in der t\u00e4glichen Arbeit bei Kunden auf der ganzen Welt eingesetzt und realisiert.<\/p>\n<p>&nbsp;<\/p>\n<p><a href=\"https:\/\/www.secowarwick.com\/de\/produkte\/neueste-technologien\/\">Erfahren Sie mehr<\/a><\/p>\n<p>[\/et_pb_text][\/et_pb_column][et_pb_column type=&#8220;1_2&#8243; _builder_version=&#8220;4.16&#8243; custom_padding=&#8220;|||&#8220; global_colors_info=&#8220;{}&#8220; custom_padding__hover=&#8220;|||&#8220;][et_pb_image src=&#8220;https:\/\/www.secowarwick.com\/wp-content\/uploads\/2021\/04\/robohand_back-all-v1.png&#8220; alt=&#8220;Um ein Marktf\u00fchrer zu sein, entwickeln und implementieren wir regelbrechende Technologien&#8220; align_tablet=&#8220;center&#8220; align_phone=&#8220;&#8220; align_last_edited=&#8220;on|desktop&#8220; module_class=&#8220;foto-podramie&#8220; _builder_version=&#8220;4.23.1&#8243; global_colors_info=&#8220;{}&#8220;][\/et_pb_image][et_pb_image src=&#8220;https:\/\/www.secowarwick.com\/wp-content\/uploads\/2021\/04\/ramie.png&#8220; alt=&#8220;Um ein Marktf\u00fchrer zu sein, entwickeln und implementieren wir regelbrechende Technologien&#8220; align_tablet=&#8220;center&#8220; align_phone=&#8220;&#8220; align_last_edited=&#8220;on|desktop&#8220; admin_label=&#8220;ramie&#8220; module_id=&#8220;ramie-sekcja&#8220; module_class=&#8220;ramie-foto&#8220; _builder_version=&#8220;4.23.1&#8243; custom_margin_tablet=&#8220;&#8220; custom_margin_phone=&#8220;&#8220; custom_margin_last_edited=&#8220;on|desktop&#8220; global_colors_info=&#8220;{}&#8220;][\/et_pb_image][\/et_pb_column][\/et_pb_row][\/et_pb_section][et_pb_section fb_built=&#8220;1&#8243; module_class=&#8220;skos-bialo-szary-gora innowacje-outsourcing&#8220; _builder_version=&#8220;4.16&#8243; background_color=&#8220;#f5f5f5&#8243; custom_margin=&#8220;0px|||&#8220; custom_padding=&#8220;0px|||&#8220; global_colors_info=&#8220;{}&#8220;][et_pb_row column_structure=&#8220;1_2,1_2&#8243; _builder_version=&#8220;4.16&#8243; background_size=&#8220;initial&#8220; background_position=&#8220;top_left&#8220; background_repeat=&#8220;repeat&#8220; global_colors_info=&#8220;{}&#8220;][et_pb_column type=&#8220;1_2&#8243; _builder_version=&#8220;4.16&#8243; custom_padding=&#8220;|||&#8220; global_colors_info=&#8220;{}&#8220; custom_padding__hover=&#8220;|||&#8220;][et_pb_image src=&#8220;https:\/\/www.secowarwick.com\/wp-content\/uploads\/2021\/05\/outsourcing.png&#8220; alt=&#8220;Wir geben Ihnen Zugang zu einer spezialisierten Ingenieursgruppe&#8220; align_tablet=&#8220;center&#8220; align_phone=&#8220;&#8220; align_last_edited=&#8220;on|desktop&#8220; _builder_version=&#8220;4.23.1&#8243; global_colors_info=&#8220;{}&#8220;][\/et_pb_image][\/et_pb_column][et_pb_column type=&#8220;1_2&#8243; _builder_version=&#8220;4.16&#8243; custom_padding=&#8220;|||&#8220; global_colors_info=&#8220;{}&#8220; custom_padding__hover=&#8220;|||&#8220;][et_pb_text admin_label=&#8220;apostrof&#8220; module_class=&#8220;przecinek-tlo-nizej&#8220; _builder_version=&#8220;4.16&#8243; custom_margin=&#8220;50px|||&#8220; custom_margin_tablet=&#8220;&#8220; custom_margin_phone=&#8220;&#8220; custom_margin_last_edited=&#8220;on|phone&#8220; global_colors_info=&#8220;{}&#8220;]Um ein Marktf\u00fchrer zu sein<br \/>\n[\/et_pb_text][et_pb_text admin_label=&#8220;outsourcing&#8220; module_class=&#8220;link-nowy apostrof-pusty&#8220; _builder_version=&#8220;4.16&#8243; text_font_size=&#8220;16px&#8220; global_colors_info=&#8220;{}&#8220;]<\/p>\n<h2>Wir geben Ihnen Zugang zu einer<br \/>\nspezialisierten Ingenieursgruppe<\/h2>\n<p>&nbsp;<\/p>\n<p>Es sind jedoch die Bed\u00fcrfnisse unserer Kunden, die uns, unserem Unternehmen und unseren Produkten neue Wege aufzeigen. Forschungs- und Entwicklungsprojekte, Labore, ein wissenschaftliches Team von Weltklasse und eine starke Ingenieursgruppe &#8211; so arbeiten wir an L\u00f6sungen, die unsere Kunden am effektivsten unterst\u00fctzen. Innovation hat f\u00fcr uns viele Namen &#8211; einer davon ist der Zugang zu ingenieurtechnischem Fachwissen, d.h. ein Konstruktionsb\u00fcro, das komplette Ingenieurprojekte liefert.<\/p>\n<p>&nbsp;<\/p>\n<p><a href=\"https:\/\/www.secowarwick.com\/de\/professionelle-ingenieur-dienstleistungen\/\">Erfahren Sie mehr<\/a><br \/>\n[\/et_pb_text][\/et_pb_column][\/et_pb_row][\/et_pb_section][et_pb_section fb_built=&#8220;1&#8243; module_id=&#8220;innovationsrd&#8220; module_class=&#8220;trojtak-szary-lewy-dol&#8220; _builder_version=&#8220;4.16&#8243; custom_margin=&#8220;0px|||&#8220; custom_padding=&#8220;0px|||&#8220; global_colors_info=&#8220;{}&#8220;][et_pb_row column_structure=&#8220;1_2,1_2&#8243; custom_padding_last_edited=&#8220;on|phone&#8220; _builder_version=&#8220;4.16&#8243; custom_padding=&#8220;80px|||&#8220; custom_padding_tablet=&#8220;&#8220; custom_padding_phone=&#8220;&#8220; global_colors_info=&#8220;{}&#8220;][et_pb_column type=&#8220;1_2&#8243; _builder_version=&#8220;4.16&#8243; custom_padding=&#8220;|||&#8220; global_colors_info=&#8220;{}&#8220; custom_padding__hover=&#8220;|||&#8220;][et_pb_text admin_label=&#8220;apostrof&#8220; module_class=&#8220;przecinek-tlo-nizej&#8220; _builder_version=&#8220;4.16&#8243; global_colors_info=&#8220;{}&#8220;]F&amp;E<br \/>\n[\/et_pb_text][et_pb_text admin_label=&#8220;rd&#8220; module_class=&#8220;link-nowy apostrof-pusty&#8220; _builder_version=&#8220;4.16&#8243; text_font_size=&#8220;16px&#8220; global_colors_info=&#8220;{}&#8220;]<\/p>\n<h2>Forschungs- und Entwicklungsabteilung<br \/>von SECO\/WARWICK<\/h2>\n<p>&nbsp;<\/p>\n<p>Wir f\u00fchren eigene und einzigartige Forschungen durch, f\u00fchren vollst\u00e4ndige metallographische Tests durch, entwickeln erhaltene oder gekaufte Technologie und schaffen zusammen mit den Produktabteilungen einzigartige L\u00f6sungen. Das F&amp;E-Team sucht nach innovativen L\u00f6sungen, analysiert konstruktive und technologische Fragestellungen und optimiert Prozesse, indem es die neuesten Errungenschaften von Wissenschaft und Technik umsetzt. All dies, um den Bed\u00fcrfnissen des Marktes und des einzelnen Kunden gerecht zu werden.<\/p>\n<p style=\"text-align: right;\"><a href=\"https:\/\/www.youtube.com\/watch?v=Qgj72e-lJ08\" target=\"_blank\" rel=\"noopener\">Mehr ansehen<\/a><\/p>\n<p>[\/et_pb_text][\/et_pb_column][et_pb_column type=&#8220;1_2&#8243; _builder_version=&#8220;4.16&#8243; custom_padding=&#8220;|||&#8220; global_colors_info=&#8220;{}&#8220; custom_padding__hover=&#8220;|||&#8220;][et_pb_image src=&#8220;https:\/\/www.secowarwick.com\/wp-content\/uploads\/2021\/04\/RD.png&#8220; alt=&#8220;Forschungs- und Entwicklungsabteilung von SECO\/WARWICK&#8220; align_tablet=&#8220;center&#8220; align_phone=&#8220;&#8220; align_last_edited=&#8220;on|desktop&#8220; module_class=&#8220;foto-podramie&#8220; _builder_version=&#8220;4.23.1&#8243; global_colors_info=&#8220;{}&#8220;][\/et_pb_image][\/et_pb_column][\/et_pb_row][\/et_pb_section][et_pb_section fb_built=&#8220;1&#8243; module_id=&#8220;innovationssecolab&#8220; module_class=&#8220;skos-trojkat-dol skos-trojkat-gora&#8220; _builder_version=&#8220;4.16&#8243; background_image=&#8220;https:\/\/www.secowarwick.com\/wp-content\/uploads\/2021\/04\/innovation_tlo.jpg&#8220; parallax=&#8220;on&#8220; parallax_method=&#8220;off&#8220; global_colors_info=&#8220;{}&#8220;][et_pb_row _builder_version=&#8220;4.16&#8243; background_size=&#8220;initial&#8220; background_position=&#8220;top_left&#8220; background_repeat=&#8220;repeat&#8220; global_colors_info=&#8220;{}&#8220;][et_pb_column type=&#8220;4_4&#8243; _builder_version=&#8220;4.16&#8243; custom_padding=&#8220;|||&#8220; global_colors_info=&#8220;{}&#8220; custom_padding__hover=&#8220;|||&#8220;][et_pb_text admin_label=&#8220;apostrof&#8220; module_class=&#8220;przecinek-tlo-nizej&#8220; _builder_version=&#8220;4.16&#8243; custom_padding=&#8220;50px|||&#8220; custom_css_main_element=&#8220;max-width: 60px;||margin-left: auto;||margin-right: auto;&#8220; global_colors_info=&#8220;{}&#8220;][\/et_pb_text][et_pb_text admin_label=&#8220;SECO\/LAB&#8220; _builder_version=&#8220;4.16&#8243; text_text_color=&#8220;#ffffff&#8220; header_2_text_color=&#8220;#ffffff&#8220; text_font_size_tablet=&#8220;&#8220; text_font_size_phone=&#8220;18px&#8220; text_font_size_last_edited=&#8220;on|phone&#8220; global_colors_info=&#8220;{}&#8220;]<\/p>\n<h2 style=\"text-align: center;\">SECO\/LAB\u00ae<\/h2>\n<p>&nbsp;<\/p>\n<p style=\"text-align: center;\">SECO\/LAB\u00ae bietet schnelle und professionelle Technologieversuche, und die Schlussfolgerungen helfen Ihnen, Ihre Prozesse weiterzuentwickeln und zu optimieren, was unerl\u00e4sslich ist, wenn Sie mit fortschrittlicher Technologie und nicht mit dem Preis gewinnen wollen. Unser eigenes metallographisches Labor (SECO\/LAB\u00ae) erm\u00f6glicht es uns, fortschrittliche Untersuchungen durchzuf\u00fchren, einschlie\u00dflich der Analyse der Metallstruktur, die an ordnungsgem\u00e4\u00df pr\u00e4parierten Proben bei hoher Vergr\u00f6\u00dferung beobachtet wird.<\/p>\n<p>&nbsp;<br \/>\n[\/et_pb_text][\/et_pb_column][\/et_pb_row][\/et_pb_section][et_pb_section fb_built=&#8220;1&#8243; _builder_version=&#8220;4.16&#8243; custom_margin=&#8220;0px|||&#8220; global_colors_info=&#8220;{}&#8220;][et_pb_row column_structure=&#8220;1_2,1_2&#8243; _builder_version=&#8220;4.16&#8243; background_size=&#8220;initial&#8220; background_position=&#8220;top_left&#8220; background_repeat=&#8220;repeat&#8220; global_colors_info=&#8220;{}&#8220;][et_pb_column type=&#8220;1_2&#8243; _builder_version=&#8220;4.16&#8243; custom_padding=&#8220;|||&#8220; global_colors_info=&#8220;{}&#8220; custom_padding__hover=&#8220;|||&#8220;][et_pb_image src=&#8220;https:\/\/www.secowarwick.com\/wp-content\/uploads\/2021\/04\/SECOLENS.png&#8220; align_tablet=&#8220;center&#8220; align_phone=&#8220;&#8220; align_last_edited=&#8220;on|desktop&#8220; module_class=&#8220;foto-podramie&#8220; _builder_version=&#8220;4.23.1&#8243; hover_enabled=&#8220;0&#8243; global_colors_info=&#8220;{}&#8220; alt=&#8220;SECO\/LENS&#8220; sticky_enabled=&#8220;0&#8243;][\/et_pb_image][\/et_pb_column][et_pb_column type=&#8220;1_2&#8243; _builder_version=&#8220;4.16&#8243; custom_padding=&#8220;|||&#8220; global_colors_info=&#8220;{}&#8220; custom_padding__hover=&#8220;|||&#8220;][et_pb_text admin_label=&#8220;apostrof&#8220; module_class=&#8220;przecinek-tlo-nizej&#8220; _builder_version=&#8220;4.16&#8243; custom_css_main_element=&#8220;min-height: 70px;&#8220; global_colors_info=&#8220;{}&#8220;][\/et_pb_text][et_pb_text admin_label=&#8220;secolens&#8220; module_class=&#8220;link-nowy apostrof-pusty&#8220; _builder_version=&#8220;4.16&#8243; text_font_size=&#8220;16px&#8220; global_colors_info=&#8220;{}&#8220;]<\/p>\n<h2>SECO\/LENS\u00ae<\/h2>\n<p>&nbsp;<\/p>\n<p>Es ist eine neue \u00c4ra der Arbeit mit Ger\u00e4ten von SECO\/WARWICK \u2013 die Interaktions-\u00c4ra. Die Implementierung der virtuellen Technologien in unseren Produktionsprozessen, die Anwendung von L\u00f6sungen oder die Wartung von SECO\/WARWICK-Ger\u00e4ten ist bereits eine Tatsache. Es ist schwer, SECO\/LENS\u00ae als Brille zu bezeichnen \u2013 obwohl auf dem Kopf getragen \u2013 da dieses magische Band eine Reihe von Sensoren, Display und Datenprozessor in einem ist. SECO\/LENS kann unter anderem das zuvor vorbereitete 3D-Modell des Ger\u00e4tes auf sein aktuelles Bild setzen.<\/p>\n<p>&nbsp;<\/p>\n<p><a href=\"https:\/\/www.secowarwick.com\/de\/secolens\/\">Erfahren Sie mehr<\/a><br \/>\n[\/et_pb_text][\/et_pb_column][\/et_pb_row][\/et_pb_section]<\/p>\n","protected":false},"excerpt":{"rendered":"<p>InnovationenDie St\u00e4rke der SECO\/WARWICK Gruppe, ist die Innovationskraft, gemessen am Abstand zur Konkurrenz. Und auch die Anzahl der Patente und Warenzeichen, realisierte Projekte und eine lange Liste von Referenzen und Kunden weltweit. Um ein Marktf\u00fchrer zu sein Um ein Marktf\u00fchrer zu sein,entwickeln und implementieren wirregelbrechende Technologien &nbsp; Bei Patenten geht es nicht nur um Statistiken. [&hellip;]<\/p>\n","protected":false},"author":2,"featured_media":113746,"parent":0,"menu_order":0,"comment_status":"closed","ping_status":"closed","template":"","meta":{"_acf_changed":false,"_et_pb_use_builder":"on","_et_pb_old_content":"","_et_gb_content_width":"","footnotes":""},"class_list":["post-116189","page","type-page","status-publish","has-post-thumbnail"],"acf":[],"_links":{"self":[{"href":"https:\/\/www.secowarwick.com\/de\/wp-json\/wp\/v2\/pages\/116189","targetHints":{"allow":["GET"]}}],"collection":[{"href":"https:\/\/www.secowarwick.com\/de\/wp-json\/wp\/v2\/pages"}],"about":[{"href":"https:\/\/www.secowarwick.com\/de\/wp-json\/wp\/v2\/types\/page"}],"author":[{"embeddable":true,"href":"https:\/\/www.secowarwick.com\/de\/wp-json\/wp\/v2\/users\/2"}],"replies":[{"embeddable":true,"href":"https:\/\/www.secowarwick.com\/de\/wp-json\/wp\/v2\/comments?post=116189"}],"version-history":[{"count":9,"href":"https:\/\/www.secowarwick.com\/de\/wp-json\/wp\/v2\/pages\/116189\/revisions"}],"predecessor-version":[{"id":166776,"href":"https:\/\/www.secowarwick.com\/de\/wp-json\/wp\/v2\/pages\/116189\/revisions\/166776"}],"wp:featuredmedia":[{"embeddable":true,"href":"https:\/\/www.secowarwick.com\/de\/wp-json\/wp\/v2\/media\/113746"}],"wp:attachment":[{"href":"https:\/\/www.secowarwick.com\/de\/wp-json\/wp\/v2\/media?parent=116189"}],"curies":[{"name":"wp","href":"https:\/\/api.w.org\/{rel}","templated":true}]}}