{"id":122285,"date":"2021-11-23T11:29:54","date_gmt":"2021-11-23T10:29:54","guid":{"rendered":"https:\/\/www.secowarwick.com\/?page_id=122285"},"modified":"2021-11-23T14:03:15","modified_gmt":"2021-11-23T13:03:15","slug":"sicherheitslaurel","status":"publish","type":"page","link":"https:\/\/www.secowarwick.com\/de\/info-center\/sicherheitslaurel\/","title":{"rendered":"SICHERHEITSLAUREL"},"content":{"rendered":"<p>17. November 2021, SECO\/WARWICK mit der Auszeichnung \u201eSICHERHEITSLAUREL\u201c, verliehen an Arbeitgeber f\u00fcr besondere Leistungen bei der Schaffung eines sicheren und freundlichen Arbeitsplatzes.<\/p>\n<p>SICHERHEIT ist einer unserer Werte, nicht nur der gelieferten Produkte, sondern auch unseres Arbeitsplatzes, deshalb sch\u00e4tzen wir diese Auszeichnung umso mehr, weil die Wettbewerbsjury t\u00e4glich merkt, was unsere Mitarbeiter sch\u00e4tzen.<\/p>\n<p><img decoding=\"async\" class=\"alignnone size-full wp-image-122280\" src=\"https:\/\/www.secowarwick.com\/wp-content\/uploads\/2021\/11\/Laur-bezpieczenstwa.jpg\" alt=\"SICHERHEITSLAUREL 2021 SECO\/WARWICK\" width=\"695\" height=\"522\" srcset=\"https:\/\/www.secowarwick.com\/wp-content\/uploads\/2021\/11\/Laur-bezpieczenstwa.jpg 695w, https:\/\/www.secowarwick.com\/wp-content\/uploads\/2021\/11\/Laur-bezpieczenstwa-480x361.jpg 480w\" sizes=\"(min-width: 0px) and (max-width: 480px) 480px, (min-width: 481px) 695px, 100vw\" \/><\/p>\n","protected":false},"excerpt":{"rendered":"<p>17. November 2021, SECO\/WARWICK mit der Auszeichnung \u201eSICHERHEITSLAUREL\u201c, verliehen an Arbeitgeber f\u00fcr besondere Leistungen bei der Schaffung eines sicheren und freundlichen Arbeitsplatzes. SICHERHEIT ist einer unserer Werte, nicht nur der gelieferten Produkte, sondern auch unseres Arbeitsplatzes, deshalb sch\u00e4tzen wir diese Auszeichnung umso mehr, weil die Wettbewerbsjury t\u00e4glich merkt, was unsere Mitarbeiter sch\u00e4tzen.<\/p>\n","protected":false},"author":2,"featured_media":122280,"parent":7296,"menu_order":0,"comment_status":"closed","ping_status":"closed","template":"","meta":{"_acf_changed":false,"_et_pb_use_builder":"","_et_pb_old_content":"","_et_gb_content_width":"","footnotes":""},"class_list":["post-122285","page","type-page","status-publish","has-post-thumbnail"],"acf":[],"_links":{"self":[{"href":"https:\/\/www.secowarwick.com\/de\/wp-json\/wp\/v2\/pages\/122285","targetHints":{"allow":["GET"]}}],"collection":[{"href":"https:\/\/www.secowarwick.com\/de\/wp-json\/wp\/v2\/pages"}],"about":[{"href":"https:\/\/www.secowarwick.com\/de\/wp-json\/wp\/v2\/types\/page"}],"author":[{"embeddable":true,"href":"https:\/\/www.secowarwick.com\/de\/wp-json\/wp\/v2\/users\/2"}],"replies":[{"embeddable":true,"href":"https:\/\/www.secowarwick.com\/de\/wp-json\/wp\/v2\/comments?post=122285"}],"version-history":[{"count":4,"href":"https:\/\/www.secowarwick.com\/de\/wp-json\/wp\/v2\/pages\/122285\/revisions"}],"predecessor-version":[{"id":122313,"href":"https:\/\/www.secowarwick.com\/de\/wp-json\/wp\/v2\/pages\/122285\/revisions\/122313"}],"up":[{"embeddable":true,"href":"https:\/\/www.secowarwick.com\/de\/wp-json\/wp\/v2\/pages\/7296"}],"wp:featuredmedia":[{"embeddable":true,"href":"https:\/\/www.secowarwick.com\/de\/wp-json\/wp\/v2\/media\/122280"}],"wp:attachment":[{"href":"https:\/\/www.secowarwick.com\/de\/wp-json\/wp\/v2\/media?parent=122285"}],"curies":[{"name":"wp","href":"https:\/\/api.w.org\/{rel}","templated":true}]}}