{"id":122316,"date":"2021-11-23T13:54:32","date_gmt":"2021-11-23T12:54:32","guid":{"rendered":"https:\/\/www.secowarwick.com\/info-center\/employer-safe-work-organizer\/"},"modified":"2021-11-23T14:24:32","modified_gmt":"2021-11-23T13:24:32","slug":"arbeitgeber-safe-work-organizer","status":"publish","type":"page","link":"https:\/\/www.secowarwick.com\/de\/info-center\/arbeitgeber-safe-work-organizer\/","title":{"rendered":"ARBEITGEBER \u2013 SAFE WORK ORGANIZER"},"content":{"rendered":"<p>17. November 2021, SECO\/WARWICK mit der Auszeichnung \u201eARBEITGEBER \u2013 SAFE WORK ORGANIZER\u201c, verliehen an Arbeitgeber f\u00fcr besondere Leistungen bei der Schaffung eines sicheren und freundlichen Arbeitsplatzes.<br \/>\nSICHERHEIT ist einer unserer Werte, nicht nur der gelieferten Produkte, sondern auch unseres Arbeitsplatzes, deshalb sch\u00e4tzen wir diese Auszeichnung umso mehr, weil die Wettbewerbsjury t\u00e4glich merkt, was unsere Mitarbeiter sch\u00e4tzen.<\/p>\n<p><img decoding=\"async\" class=\"alignnone size-full wp-image-122273\" src=\"https:\/\/www.secowarwick.com\/wp-content\/uploads\/2021\/11\/Pracodawca-organizator-pracy-bezpiecznej.jpg\" alt=\"2021, SECO\/WARWICK with the &quot; EMPLOYER - SAFE WORK ORGANIZER\" width=\"1000\" height=\"750\" srcset=\"https:\/\/www.secowarwick.com\/wp-content\/uploads\/2021\/11\/Pracodawca-organizator-pracy-bezpiecznej.jpg 1000w, https:\/\/www.secowarwick.com\/wp-content\/uploads\/2021\/11\/Pracodawca-organizator-pracy-bezpiecznej-980x735.jpg 980w, https:\/\/www.secowarwick.com\/wp-content\/uploads\/2021\/11\/Pracodawca-organizator-pracy-bezpiecznej-480x360.jpg 480w\" sizes=\"(min-width: 0px) and (max-width: 480px) 480px, (min-width: 481px) and (max-width: 980px) 980px, (min-width: 981px) 1000px, 100vw\" \/><\/p>\n<p>&nbsp;<\/p>\n","protected":false},"excerpt":{"rendered":"<p>17. November 2021, SECO\/WARWICK mit der Auszeichnung \u201eARBEITGEBER \u2013 SAFE WORK ORGANIZER\u201c, verliehen an Arbeitgeber f\u00fcr besondere Leistungen bei der Schaffung eines sicheren und freundlichen Arbeitsplatzes. SICHERHEIT ist einer unserer Werte, nicht nur der gelieferten Produkte, sondern auch unseres Arbeitsplatzes, deshalb sch\u00e4tzen wir diese Auszeichnung umso mehr, weil die Wettbewerbsjury t\u00e4glich merkt, was unsere Mitarbeiter [&hellip;]<\/p>\n","protected":false},"author":2,"featured_media":122273,"parent":7296,"menu_order":0,"comment_status":"closed","ping_status":"closed","template":"","meta":{"_acf_changed":false,"_et_pb_use_builder":"","_et_pb_old_content":"","_et_gb_content_width":"","footnotes":""},"class_list":["post-122316","page","type-page","status-publish","has-post-thumbnail"],"acf":[],"_links":{"self":[{"href":"https:\/\/www.secowarwick.com\/de\/wp-json\/wp\/v2\/pages\/122316","targetHints":{"allow":["GET"]}}],"collection":[{"href":"https:\/\/www.secowarwick.com\/de\/wp-json\/wp\/v2\/pages"}],"about":[{"href":"https:\/\/www.secowarwick.com\/de\/wp-json\/wp\/v2\/types\/page"}],"author":[{"embeddable":true,"href":"https:\/\/www.secowarwick.com\/de\/wp-json\/wp\/v2\/users\/2"}],"replies":[{"embeddable":true,"href":"https:\/\/www.secowarwick.com\/de\/wp-json\/wp\/v2\/comments?post=122316"}],"version-history":[{"count":2,"href":"https:\/\/www.secowarwick.com\/de\/wp-json\/wp\/v2\/pages\/122316\/revisions"}],"predecessor-version":[{"id":122323,"href":"https:\/\/www.secowarwick.com\/de\/wp-json\/wp\/v2\/pages\/122316\/revisions\/122323"}],"up":[{"embeddable":true,"href":"https:\/\/www.secowarwick.com\/de\/wp-json\/wp\/v2\/pages\/7296"}],"wp:featuredmedia":[{"embeddable":true,"href":"https:\/\/www.secowarwick.com\/de\/wp-json\/wp\/v2\/media\/122273"}],"wp:attachment":[{"href":"https:\/\/www.secowarwick.com\/de\/wp-json\/wp\/v2\/media?parent=122316"}],"curies":[{"name":"wp","href":"https:\/\/api.w.org\/{rel}","templated":true}]}}