{"id":123014,"date":"2022-01-14T14:19:58","date_gmt":"2022-01-14T13:19:58","guid":{"rendered":"https:\/\/www.secowarwick.com\/unternehmen\/auszeichnungen-und-ehrungen\/award-statuetka-sukiennika\/"},"modified":"2022-09-05T11:05:37","modified_gmt":"2022-09-05T09:05:37","slug":"statuette-des-swiebodzinski-tuchmachers","status":"publish","type":"page","link":"https:\/\/www.secowarwick.com\/de\/unternehmen\/auszeichnungen-und-ehrungen\/statuette-des-swiebodzinski-tuchmachers\/","title":{"rendered":"Statuette des \u015awiebodzi\u0144ski-Tuchmachers"},"content":{"rendered":"<p>SECO\/WARWICK erhielt die \u201eStatuette des \u015awiebodzi\u0144ski-Tuchmachers\u201c (<em>Statuetka Sukiennika \u015awiebodzi\u0144skiego<\/em>), f\u00fcr wirtschaftliche und industrielle Verdienste. Die Statuette mit der Nummer 1 wurde am 8. Januar 2022 im Rahmen des festlichen Neujahrskonzerts \u00fcberreicht. Diese gro\u00dfe Auszeichnung der Gemeinde und des \u00f6rtlichen Amtes wurde von Pr\u00e4sident S\u0142awomir Wo\u017aniak entgegengenommen.<\/p>\n<p>SECO\/WARWICK hat als weltweit f\u00fchrendes Unternehmen der Metallw\u00e4rmebehandlungsindustrie einen bedeutenden Einfluss auf das soziale, kulturelle, wissenschaftliche und sportliche Leben der Gemeinde \u015awiebodzin. SECO\/WARWICK hat seine polnischen Wurzeln im gro\u00dfen Industriebetrieb LZT Elterma, der seit seiner Gr\u00fcndung auch das soziale Leben der \u00f6rtlichen Gemeinde stark beeinflusst hat, z.B. durch die Einrichtung des Firmenkulturhauses Termo&#8220; sowie die Unterst\u00fctzung lokaler Musikgruppen.<\/p>\n<p>Die gemeinsame Geschichte, die wiederholten wirtschaftlichen Erfolge und die aktive Teilnahme am gesellschaftlichen Leben der Stadt waren einer der vielen Gr\u00fcnde, warum das Unternehmen mit der &#8222;\u015awiebodzin-Tuchmacher-Statuette&#8220; geehrt wurde.<\/p>\n<p><img decoding=\"async\" class=\"aligncenter wp-image-123001 size-full\" src=\"https:\/\/www.secowarwick.com\/wp-content\/uploads\/2022\/01\/s2.jpg\" alt=\"\u201cStatuetka Sukiennika \u015awiebodzi\u0144skiego\u201d award SECO\/WARWICK\" width=\"1200\" height=\"800\" srcset=\"https:\/\/www.secowarwick.com\/wp-content\/uploads\/2022\/01\/s2.jpg 1200w, https:\/\/www.secowarwick.com\/wp-content\/uploads\/2022\/01\/s2-980x653.jpg 980w, https:\/\/www.secowarwick.com\/wp-content\/uploads\/2022\/01\/s2-480x320.jpg 480w\" sizes=\"(min-width: 0px) and (max-width: 480px) 480px, (min-width: 481px) and (max-width: 980px) 980px, (min-width: 981px) 1200px, 100vw\" \/><\/p>\n<p><img decoding=\"async\" class=\"alignnone wp-image-123008 size-full\" src=\"https:\/\/www.secowarwick.com\/wp-content\/uploads\/2022\/01\/782A3693-scaled.jpg\" alt=\"\u201cStatuetka Sukiennika \u015awiebodzi\u0144skiego\u201d award SECO\/WARWICK\" width=\"2560\" height=\"1707\" srcset=\"https:\/\/www.secowarwick.com\/wp-content\/uploads\/2022\/01\/782A3693-scaled.jpg 2560w, https:\/\/www.secowarwick.com\/wp-content\/uploads\/2022\/01\/782A3693-1280x854.jpg 1280w, https:\/\/www.secowarwick.com\/wp-content\/uploads\/2022\/01\/782A3693-980x653.jpg 980w, https:\/\/www.secowarwick.com\/wp-content\/uploads\/2022\/01\/782A3693-480x320.jpg 480w\" sizes=\"(min-width: 0px) and (max-width: 480px) 480px, (min-width: 481px) and (max-width: 980px) 980px, (min-width: 981px) and (max-width: 1280px) 1280px, (min-width: 1281px) 2560px, 100vw\" \/><\/p>\n","protected":false},"excerpt":{"rendered":"<p>SECO\/WARWICK erhielt die \u201eStatuette des \u015awiebodzi\u0144ski-Tuchmachers\u201c (Statuetka Sukiennika \u015awiebodzi\u0144skiego), f\u00fcr wirtschaftliche und industrielle Verdienste. Die Statuette mit der Nummer 1 wurde am 8. Januar 2022 im Rahmen des festlichen Neujahrskonzerts \u00fcberreicht. Diese gro\u00dfe Auszeichnung der Gemeinde und des \u00f6rtlichen Amtes wurde von Pr\u00e4sident S\u0142awomir Wo\u017aniak entgegengenommen. SECO\/WARWICK hat als weltweit f\u00fchrendes Unternehmen der Metallw\u00e4rmebehandlungsindustrie einen [&hellip;]<\/p>\n","protected":false},"author":2,"featured_media":123001,"parent":6718,"menu_order":0,"comment_status":"closed","ping_status":"closed","template":"","meta":{"_acf_changed":false,"_et_pb_use_builder":"","_et_pb_old_content":"","_et_gb_content_width":"","footnotes":""},"class_list":["post-123014","page","type-page","status-publish","has-post-thumbnail"],"acf":[],"_links":{"self":[{"href":"https:\/\/www.secowarwick.com\/de\/wp-json\/wp\/v2\/pages\/123014","targetHints":{"allow":["GET"]}}],"collection":[{"href":"https:\/\/www.secowarwick.com\/de\/wp-json\/wp\/v2\/pages"}],"about":[{"href":"https:\/\/www.secowarwick.com\/de\/wp-json\/wp\/v2\/types\/page"}],"author":[{"embeddable":true,"href":"https:\/\/www.secowarwick.com\/de\/wp-json\/wp\/v2\/users\/2"}],"replies":[{"embeddable":true,"href":"https:\/\/www.secowarwick.com\/de\/wp-json\/wp\/v2\/comments?post=123014"}],"version-history":[{"count":2,"href":"https:\/\/www.secowarwick.com\/de\/wp-json\/wp\/v2\/pages\/123014\/revisions"}],"predecessor-version":[{"id":130429,"href":"https:\/\/www.secowarwick.com\/de\/wp-json\/wp\/v2\/pages\/123014\/revisions\/130429"}],"up":[{"embeddable":true,"href":"https:\/\/www.secowarwick.com\/de\/wp-json\/wp\/v2\/pages\/6718"}],"wp:featuredmedia":[{"embeddable":true,"href":"https:\/\/www.secowarwick.com\/de\/wp-json\/wp\/v2\/media\/123001"}],"wp:attachment":[{"href":"https:\/\/www.secowarwick.com\/de\/wp-json\/wp\/v2\/media?parent=123014"}],"curies":[{"name":"wp","href":"https:\/\/api.w.org\/{rel}","templated":true}]}}