{"id":123353,"date":"2021-04-26T12:20:15","date_gmt":"2021-04-26T10:20:15","guid":{"rendered":"https:\/\/www.secowarwick.com\/produkte\/aluminium-prozesse\/melting-holding-furnaces-for-aluminum-5\/"},"modified":"2025-10-30T12:16:52","modified_gmt":"2025-10-30T11:16:52","slug":"schmelz-und-warmhalteoefen-fuer-aluminium","status":"publish","type":"page","link":"https:\/\/www.secowarwick.com\/de\/produkte\/aluminium-prozesse\/schmelz-und-warmhalteoefen-fuer-aluminium\/","title":{"rendered":"Schmelz- und Warmhalte\u00f6fen f\u00fcr Aluminium"},"content":{"rendered":"<p>[et_pb_section fb_built=&#8220;1&#8243; _builder_version=&#8220;4.16&#8243; custom_margin=&#8220;||0px|&#8220; custom_padding=&#8220;||0px|&#8220; global_colors_info=&#8220;{}&#8220;][et_pb_row _builder_version=&#8220;4.16&#8243; background_size=&#8220;initial&#8220; background_position=&#8220;top_left&#8220; background_repeat=&#8220;repeat&#8220; global_colors_info=&#8220;{}&#8220;][et_pb_column type=&#8220;4_4&#8243; _builder_version=&#8220;4.16&#8243; custom_padding=&#8220;|||&#8220; global_colors_info=&#8220;{}&#8220; custom_padding__hover=&#8220;|||&#8220;][et_pb_image src=&#8220;https:\/\/www.secowarwick.com\/wp-content\/uploads\/2021\/05\/melting-furnace_header2.jpg&#8220; alt=&#8220;Schmelz- und Warmhalte\u00f6fen f\u00fcr Aluminium&#8220; title_text=&#8220;Schmelz- und Warmhalte\u00f6fen f\u00fcr Aluminium&#8220; align_tablet=&#8220;center&#8220; align_phone=&#8220;&#8220; align_last_edited=&#8220;on|desktop&#8220; _builder_version=&#8220;4.23.1&#8243; custom_padding=&#8220;||25px|&#8220; global_colors_info=&#8220;{}&#8220;][\/et_pb_image][et_pb_breadcrumbs _builder_version=&#8220;3.6&#8243; global_colors_info=&#8220;{}&#8220;][\/et_pb_breadcrumbs][\/et_pb_column][\/et_pb_row][\/et_pb_section][et_pb_section fb_built=&#8220;1&#8243; admin_label=&#8220;section&#8220; _builder_version=&#8220;4.16&#8243; custom_margin=&#8220;0px|||&#8220; custom_padding=&#8220;0px|||&#8220; global_colors_info=&#8220;{}&#8220;][et_pb_row column_structure=&#8220;3_4,1_4&#8243; admin_label=&#8220;row&#8220; _builder_version=&#8220;4.16&#8243; background_size=&#8220;initial&#8220; background_position=&#8220;top_left&#8220; background_repeat=&#8220;repeat&#8220; custom_margin=&#8220;0px|||&#8220; custom_padding=&#8220;0px|||&#8220; make_fullwidth=&#8220;off&#8220; use_custom_width=&#8220;off&#8220; width_unit=&#8220;on&#8220; global_colors_info=&#8220;{}&#8220;][et_pb_column type=&#8220;3_4&#8243; _builder_version=&#8220;4.16&#8243; custom_padding=&#8220;|||&#8220; global_colors_info=&#8220;{}&#8220; custom_padding__hover=&#8220;|||&#8220;][et_pb_text _builder_version=&#8220;4.23.1&#8243; background_size=&#8220;initial&#8220; background_position=&#8220;top_left&#8220; background_repeat=&#8220;repeat&#8220; global_colors_info=&#8220;{}&#8220;]<\/p>\n<h1>Schmelz- und Warmhalte\u00f6fen f\u00fcr Aluminium<\/h1>\n<h3>\u00dcberlegene Leistung durch Design<\/h3>\n<p>Schmelz- und Warmhalteanlagen f\u00fcr unsere Kunden in\u00a0Nord- und S\u00fcdamerika. Die Marke SECO\/WARWICK ist ein Synonym f\u00fcr Qualit\u00e4t und Leistung, auf die sich die Aluminiumindustrie in\u00a0aller Welt verlassen kann. Die Designelemente und einzigartige Merkmale der Schmelz- und Warmhalte\u00f6fen von SECO\/WARWICK sind erprobt und bew\u00e4hrt, denn die Wurzeln unserer Geschichte gehen tief.\u00a0 Wenn Sie sich f\u00fcr SECO\/WARWICK als Ihren Lieferanten von Aluminium\u00f6fen entscheiden, wird das Ofensystem so konstruiert, dass es\u00a0Ihre spezifischen Bed\u00fcrfnisse und Anforderungen erf\u00fcllt.<\/p>\n<p>[\/et_pb_text][et_pb_tabs module_class=&#8220;red-tabs&#8220; _builder_version=&#8220;4.23.1&#8243; custom_css_main_element=&#8220;margin-top: 2rem;||margin-bottom: 2rem;&#8220; global_colors_info=&#8220;{}&#8220;][et_pb_tab title=&#8220;\u00dcberblick&#8220; _builder_version=&#8220;4.23.1&#8243; global_colors_info=&#8220;{}&#8220;]<\/p>\n<p>Unsere Designingenieure haben jahrelange Erfahrung mit Aluminiumschmelz- und Warmhalteanwendungen. Ganz gleich, ob Ihre Anforderungen das Vorw\u00e4rmen von Einsatzmaterial, das Schmelzen von Feststoffen wie Masseln, T-Profile, Barren, sauberem und schmutzigem Schrott oder das Warmhalten von Metall zum Reinigen und Legieren umfassen.\u00a0 SECO\/WARWICK hat den Ofen, den Sie brauchen, um zu schmelzen, zu halten und mit der Geschwindigkeit zu liefern, die Ihr Gie\u00dfprozess erfordert.<\/p>\n<p>SECO\/WARWICK \u00d6fen gibt es\u00a0in\u00a0vielen Typen, Formen und Gr\u00f6\u00dfen mit Schmelzraten und Kapazit\u00e4ten, die Ihren spezifischen Anforderungen entsprechen und viele Jahre lang effizient und zuverl\u00e4ssig arbeiten. Unsere Ingenieure arbeiten von Anfang bis Ende eng mit Ihren Mitarbeitern aus den Bereichen Anlagenbau, Produktion und Wartung zusammen, um eine optimale Leistung des Ofensystems und die Integration in\u00a0die vor- und nachgelagerten Anlagenprozesse zu gew\u00e4hrleisten.<\/p>\n<p>[\/et_pb_tab][et_pb_tab title=&#8220;Vorteile&#8220; _builder_version=&#8220;4.16&#8243; global_colors_info=&#8220;{}&#8220;]<\/p>\n<p><strong><span style=\"color: #e30f00;\">\/<\/span> Ofendesign<br \/><\/strong>SECO\/WARWICK liefert Komplettl\u00f6sungen. Wir bieten eine \u00fcberlegene Konstruktion, fortschrittliche Steuerungssysteme, Optionen f\u00fcr Verbrennungssysteme, hochleistungsf\u00e4hige feuerfeste Auskleidungen und einen schl\u00fcsselfertigen Installationsservice, damit Sie mehr aus Ihrem Gie\u00dfprozess herausholen k\u00f6nnen.<\/p>\n<p><strong><span style=\"color: #e30f00;\">\/<\/span> Stahlbau<br \/><\/strong>SECO\/WARWICK-\u00d6fen zeichnen sich durch eine schwerere Stahlkonstruktion aus, die an kritischen Belastungspunkten rund um den Ofen mit Strukturelementen verst\u00e4rkt ist. \u00d6rtlich stark beanspruchte Bereiche wie T\u00fcr\u00f6ffnungen, Abstich- und Entleerungsstopfen und \u00d6ffnungen in&nbsp;externen Sch\u00e4chten werden zus\u00e4tzlich analysiert und anschlie\u00dfend verst\u00e4rkt.<\/p>\n<p><strong><span style=\"color: #e30f00;\">\/<\/span> Steuerung<br \/><\/strong>SECO\/WARWICK verwendet die neueste SPS-basierte Steuerungshardware und -software f\u00fcr eine optimale Steuerung des Ofensystems.\u00a0 Das Brennstoff-Luft-Verh\u00e4ltnis und die Verbrennungszufuhr werden optimiert, um die angestrebten Metall-Sollwerte zu erreichen und hocheffiziente Ergebnisse zu erzielen.\u00a0 SCADA- und Ethernet-Kommunikationsfunktionen erm\u00f6glichen die Schnittstellenkommunikation mit Gie\u00dfstationen und anderen vor- und nachgeschalteten Prozessen. Fernkommunikationsfunktionen erm\u00f6glichen die Anzeige von Alarmen des Ofensystems, Sollwerten und Brennstoffverbrauch von Ihrem PC oder Smartphone aus. Diese Fernsteuerfunktionen bieten Ihnen das erforderliche Wissen, um Ihren Prozess auf Kurs zu halten.<\/p>\n<p><strong><span style=\"color: #e30f00;\">\/<\/span> Verbrennungssysteme<br \/><\/strong>SECO\/WARWICK arbeitet mit allen Brennerherstellern zusammen, um die f\u00fcr Ihre spezifische Anwendung am&nbsp;besten geeigneten Brenner zu bestimmen und auszuw\u00e4hlen, wobei ein Gleichgewicht zwischen Ihren Anforderungen an die Leistung und dem Budget hergestellt wird.<\/p>\n<p>Die Brennerplatzierung und -zufuhr wird analysiert, um eine maximale Abdeckung des Schmelzziels zu erreichen und ein schnelles und effizientes Schmelzen zu gew\u00e4hrleisten. Brennerspezifika wie Flammenl\u00e4nge, -form und -geschwindigkeit werden ber\u00fccksichtigt, um die Schmelzleistung zu maximieren, ohne die Metallqualit\u00e4t zu beeintr\u00e4chtigen.<\/p>\n<p>Die Kosten einer unsachgem\u00e4\u00dfen Beurteilung und Platzierung des Brenners k\u00f6nnen zu direktem Flammenaufprall und \u00fcberm\u00e4\u00dfiger Bewegung der Badoberfl\u00e4che f\u00fchren, was einen hohen Metallverlust zur Folge hat. Ein \u00fcberm\u00e4\u00dfiger W\u00e4rmeeintrag in&nbsp;den Ofenraum kann die Lebensdauer der wertvollen Ofenauskleidung drastisch reduzieren.<\/p>\n<p><strong><span style=\"color: #e30f00;\">\/<\/span> Feuerfeste Auskleidung<br \/><\/strong>SECO\/WARWICK ist sich dar\u00fcber im&nbsp;Klaren, dass Ihr Prozess und Ihre Betriebsparameter eine feuerfeste Ofenauskleidung und Materialien erfordern, die speziell auf Ihren Betrieb zugeschnitten sind. Zu den Faktoren, die dabei ber\u00fccksichtigt werden, geh\u00f6ren die Zusammensetzung Ihrer Legierung, die Gefrierebene des Aluminiums, die Best\u00e4ndigkeit gegen Abplatzungen, die Best\u00e4ndigkeit gegen Metallangriffe und die Abriebfestigkeit in&nbsp;stark beanspruchten Bereichen sowie Ihre Beschickungs-, Flussmittel- und Reinigungsroutine.<\/p>\n<p>Neue energiesparende feuerfeste Materialien wie Kalziumsilikatplatten, die eine nicht nass werdende Platte mit hervorragenden Isoliereigenschaften sind, werden st\u00e4ndig bewertet und eingesetzt, um effiziente und wirtschaftliche Ofenauskleidungen zu erm\u00f6glichen. Materialien wie diese werden zu einem kosteneffektiven Ersatzmaterial in&nbsp;der Wertberechnung.<\/p>\n<p><strong><span style=\"color: #e30f00;\">\/<\/span> Kosten vs. Leistung<br \/><\/strong>SECO\/WARWICK bietet eine breite Palette von Optionen zur Maximierung der Leistung innerhalb Ihres Budgets. Vorgeheizte Verbrennungsluftsysteme, Vorw\u00e4rmkammern f\u00fcr Feststoffe, Metallumw\u00e4lzpumpen und R\u00fchrwerke sind nur einige der Effizienzverbesserungen, die einbezogen werden k\u00f6nnen, um ein Gleichgewicht zwischen Ihrem Budget und Ihren Leistungsanforderungen zu erreichen.<\/p>\n<p>[\/et_pb_tab][et_pb_tab title=&#8220;Eigenschaften&#8220; _builder_version=&#8220;4.23.1&#8243; global_colors_info=&#8220;{}&#8220;]<\/p>\n<h4>Einige unserer j\u00fcngsten Anlagen in\u00a0den USA umfassen:<\/h4>\n<p><strong><span style=\"color: #dc291e;\">\/<\/span><\/strong> Eine Schmelzwanne mit einer Kapazit\u00e4t von 142.000# und Lo Nox-Brennern, der f\u00fcr das Schmelzen von Extrusionsschrott mit einer durchschnittlichen Rate von 12.000 Pfund pro Stunde ausgelegt ist. Der Ofen verf\u00fcgt \u00fcber ein Edelstahlfenster f\u00fcr einen zuk\u00fcnftigen elektromagnetischen Seitenwandr\u00fchrer. Ein Auslasspumpenschacht f\u00fcr eine Schmelzpumpe zur Automatisierung des Metalltransfers zur Kn\u00fcppelgie\u00dfanlage des Kunden.<\/p>\n<p><strong><span style=\"color: #dc291e;\">\/ <\/span><\/strong>Eine Schmelzwanne mit einer Kapazit\u00e4t von 260.000# mit einem Paar Bloom Twin-Brennerkopf, Regenerativbrennern, die zum Schmelzen von zerkleinertem Schrott in\u00a0der Wanne mit einer Rate von 24.000 Pfund pro Stunde ausgelegt sind.<br \/>Der Ofen verf\u00fcgt au\u00dferdem \u00fcber eine verl\u00e4ngerte Schwelle zum Schmelzen von 6.000 Pfund Masseln pro Stunde. Damit erreicht der Ofen eine Gesamtschmelzleistung von 30.000 Pfund pro Stunde bei einem Wirkungsgrad von 1150 bis 1100 btu\/# geschmolzen.<br \/>Der Ofen \u00fcbertrifft die Schmelzerwartungen und die Effizienz, wenn die Wanne gleichm\u00e4\u00dfig und konstant beladen wird!<br \/>Zu den weiteren Merkmalen dieser 260.000-#-Schmelzwanne geh\u00f6ren ein Unterherd-K\u00fchlsystem und eine luftgek\u00fchlte Hei\u00dfwand.<br \/>Die Wanne des Ofens ist mit einer Trennwand in\u00a0einen Beschickungsbereich unterteilt, in\u00a0dem eine Metaullics J50-Pumpe f\u00fcr eine au\u00dfergew\u00f6hnliche Zirkulation des hei\u00dfen Metalls sorgt, das aus der Hauptw\u00e4rmekammer angesaugt und durch den zerkleinerten Schrott im\u00a0Schrottbeschickungsbereich der Wanne gedr\u00fcckt wird.<\/p>\n<p><span style=\"color: #dc291e;\"><strong>\/<\/strong>\u00a0<\/span>Ein Chargenschmelzofen mit einer Kapazit\u00e4t von 45.000# und einem Paar Bloom-Regenerativbrenner, der f\u00fcr das Schmelzen von hausinternem R\u00fccklaufschrott auf der Herdplatte ausgelegt ist. Der Ofen schmilzt mit einer Geschwindigkeit von 10.000 Pfund pro Stunde bei einem Wirkungsgrad von 1100 btu\/# geschmolzen oder weniger.<br \/>Dieser Ofen wurde im\u00a0Rahmen eines Erweiterungsprojekts f\u00fcr Lithium-Aluminium angeschafft.<br \/>Der Ofen erf\u00fcllte und \u00fcbertraf alle Leistungsgarantien f\u00fcr Schmelzleistung und Wirkungsgrad.<\/p>\n<p>[\/et_pb_tab][et_pb_tab title=&#8220;Prozesse&#8220; _builder_version=&#8220;4.23.1&#8243; global_colors_info=&#8220;{}&#8220;]<\/p>\n<p><strong><span style=\"color: #dc291e;\">\/<\/span> <\/strong>Schmelzen von Nichteisenmetallen<strong><br \/><\/strong><strong><span style=\"color: #dc291e;\">\/<\/span> <\/strong>Schmelzen von Strangpressschrott<strong><br \/><\/strong><strong><span style=\"color: #dc291e;\">\/<\/span> <\/strong>Schmelzen von zerkleinertem Schrott<strong><br \/><\/strong><strong><span style=\"color: #dc291e;\">\/<\/span> <\/strong>Schmelzen von R\u00fccklaufschrott<strong><br \/><\/strong><strong><span style=\"color: #dc291e;\">\/<\/span> <\/strong>Warmhalten<\/p>\n<p>[\/et_pb_tab][et_pb_tab title=&#8220;Industrie&#8220; _builder_version=&#8220;4.23.1&#8243; global_colors_info=&#8220;{}&#8220;]<\/p>\n<p><strong><span style=\"color: #e30f00;\">\/ <\/span><\/strong>Aluminium<br \/><strong><span style=\"color: #e30f00;\">\/ <\/span><\/strong>Prim\u00e4r- und Sekund\u00e4raluminium<\/p>\n<p>[\/et_pb_tab][\/et_pb_tabs][et_pb_code admin_label=&#8220;crm-rfq-de&#8220; _builder_version=&#8220;4.10.3&#8243; _module_preset=&#8220;default&#8220; global_module=&#8220;123766&#8243; global_colors_info=&#8220;{}&#8220;]<!-- [et_pb_line_break_holder] --><pee style=\"text-align: center;\"><a class=\"small-button smallred\" style=\"font-size: 20px; padding: 20px 60px;\" href=\"https:\/\/www.secowarwick.com\/de\/fordern-sie-hier-ihr-angebot-an\/\"><span style=\"display: block; transform: skew(15deg,0deg); -webkit-transform: skew(15deg,0deg); font-size: 20px; !important\">UM EIN ANGEBOT BITTEN<\/span><\/a><\/pee>[\/et_pb_code][\/et_pb_column][et_pb_column type=&#8220;1_4&#8243; _builder_version=&#8220;4.16&#8243; custom_padding=&#8220;|||&#8220; global_colors_info=&#8220;{}&#8220; custom_padding__hover=&#8220;|||&#8220;][et_pb_gallery gallery_ids=&#8220;114308,114315&#8243; posts_number=&#8220;1&#8243; show_title_and_caption=&#8220;off&#8220; show_pagination=&#8220;off&#8220; zoom_icon_color=&#8220;#e2001a&#8220; module_class=&#8220;seco-products-gallery-new&#8220; _builder_version=&#8220;4.16&#8243; background_size=&#8220;initial&#8220; background_position=&#8220;top_left&#8220; background_repeat=&#8220;repeat&#8220; custom_css_overlay_icon=&#8220;content: &#8218;GALERIE ANSEHEN&#8216;!important;&#8220; global_colors_info=&#8220;{}&#8220;][\/et_pb_gallery][et_pb_text admin_label=&#8220;btn_de_premiumlibrary&#8220; module_class=&#8220;premium-library-button&#8220; _builder_version=&#8220;4.23.1&#8243; _module_preset=&#8220;default&#8220; text_orientation=&#8220;center&#8220; global_module=&#8220;157246&#8243; global_colors_info=&#8220;{}&#8220;]<\/p>\n<a href='https:\/\/www.secowarwick.com\/de\/premiuminhalte\/' class='small-button smallred'><span>PREMIUMINHALTE<\/span><\/a>\n<p>[\/et_pb_text][et_pb_text admin_label=&#8220;R&#038;D de&#8220; module_class=&#8220;product_widget_wrap_rd&#8220; _builder_version=&#8220;4.23.1&#8243; _module_preset=&#8220;default&#8220; text_orientation=&#8220;center&#8220; global_module=&#8220;167836&#8243; saved_tabs=&#8220;all&#8220; locked=&#8220;off&#8220; global_colors_info=&#8220;{}&#8220;]<\/p>\n<p><a href=\"https:\/\/www.secowarwick.com\/de\/rd\/\"><span class=\"product_wigtet_name\">R&amp;D<\/span><\/a><\/p>\n<p>[\/et_pb_text][et_pb_text admin_label=&#8220;AUTOMATYKA de&#8220; module_class=&#8220;product_widget_wrap_automation&#8220; _builder_version=&#8220;4.23.1&#8243; _module_preset=&#8220;default&#8220; global_module=&#8220;167905&#8243; saved_tabs=&#8220;all&#8220; locked=&#8220;off&#8220; global_colors_info=&#8220;{}&#8220;]<\/p>\n<p><a href=\"https:\/\/www.secowarwick.com\/de\/service\/automatisierung\/\"><span class=\"product_wigtet_name\">AUTOMATISIERUNG<\/span><\/a><\/p>\n<p>[\/et_pb_text][et_pb_text admin_label=&#8220;SERVICE de&#8220; module_class=&#8220;product_widget_wrap_service&#8220; _builder_version=&#8220;4.23.1&#8243; _module_preset=&#8220;default&#8220; global_module=&#8220;167860&#8243; saved_tabs=&#8220;all&#8220; locked=&#8220;off&#8220; global_colors_info=&#8220;{}&#8220;]<\/p>\n<p><a href=\"https:\/\/www.secowarwick.com\/de\/professionelle-service-dienstleistungen\/\"><span class=\"product_wigtet_name\">SERVICE<\/span><\/a><\/p>\n<p>[\/et_pb_text][et_pb_text admin_label=&#8220;SUPLEMENTALS de&#8220; module_class=&#8220;product_widget_wrap_supleme&#8220; _builder_version=&#8220;4.23.1&#8243; _module_preset=&#8220;default&#8220; global_module=&#8220;167915&#8243; saved_tabs=&#8220;all&#8220; locked=&#8220;off&#8220; global_colors_info=&#8220;{}&#8220;]<\/p>\n<p><span class=\"product_wigtet_name\">ZUSATZSTOFFE:<\/span><\/p>\n<p>[\/et_pb_text][et_pb_text admin_label=&#8220;Product catalogue alu de&#8220; module_class=&#8220;suplementals_product_catalogue suplementals_wrap&#8220; _builder_version=&#8220;4.23.1&#8243; _module_preset=&#8220;default&#8220; global_module=&#8220;170241&#8243; saved_tabs=&#8220;all&#8220; locked=&#8220;off&#8220; global_colors_info=&#8220;{}&#8220;]<\/p>\n<p><a href=\"https:\/\/www.secowarwick.com\/wp-content\/uploads\/2025\/02\/Aluminum_Furnaces_catalogue.pdf\" target=\"_blank\" rel=\"noopener\">Produktkatalog<\/a><\/p>\n<p>[\/et_pb_text][et_pb_text admin_label=&#8220;Product movie alu plaulist de&#8220; module_class=&#8220;suplementals_product_movie suplementals_wrap&#8220; _builder_version=&#8220;4.23.1&#8243; _module_preset=&#8220;default&#8220; global_module=&#8220;170243&#8243; saved_tabs=&#8220;all&#8220; locked=&#8220;off&#8220; global_colors_info=&#8220;{}&#8220;]<\/p>\n<p><a href=\"https:\/\/www.youtube.com\/playlist?list=PLa0hhW_hoQqEsIHM5LQtr9h_9UlwGFBO8\" target=\"_blank\" rel=\"noopener\">Produktvideo<\/a><\/p>\n<p>[\/et_pb_text][et_pb_text admin_label=&#8220;dnabook-de&#8220; module_class=&#8220;suplementals_product_dna suplementals_wrap&#8220; _builder_version=&#8220;4.23.1&#8243; _module_preset=&#8220;default&#8220; global_module=&#8220;167874&#8243; saved_tabs=&#8220;all&#8220; locked=&#8220;off&#8220; global_colors_info=&#8220;{}&#8220;]<\/p>\n<p><a href=\"https:\/\/www.secowarwick.com\/wp-content\/uploads\/2025\/07\/DNA_BOOK.pdf\" target=\"_blank\" rel=\"noopener\">DNA\/BOOK<\/a><\/p>\n<p>[\/et_pb_text][et_pb_text admin_label=&#8220;ECO\/BOOK-de&#8220; module_class=&#8220;suplementals_product_eco suplementals_wrap&#8220; _builder_version=&#8220;4.23.1&#8243; _module_preset=&#8220;default&#8220; global_module=&#8220;167797&#8243; locked=&#8220;off&#8220; global_colors_info=&#8220;{}&#8220;]<\/p>\n<p><a href=\"https:\/\/www.secowarwick.com\/wp-content\/uploads\/2023\/06\/ECOBOOK.pdf\" target=\"_blank\" rel=\"noopener\">ECO\/BOOK<\/a><\/p>\n<p>[\/et_pb_text][et_pb_text admin_label=&#8220;product-widget-rfq-de&#8220; module_class=&#8220;product_widget_wrap_rfq-en&#8220; _builder_version=&#8220;4.23.1&#8243; _module_preset=&#8220;default&#8220; global_module=&#8220;186250&#8243; saved_tabs=&#8220;all&#8220; global_colors_info=&#8220;{}&#8220; locked=&#8220;off&#8220;]<\/p>\n<p style=\"text-align: center;\"><a class=\"small-button smallred\" href=\"https:\/\/www.secowarwick.com\/de\/fordern-sie-hier-ihr-angebot-an\/\"><span class=\"product_wigtet_name\">FRAGE NACH MEHR<\/span><\/a><\/p>\n<p>[\/et_pb_text][\/et_pb_column][\/et_pb_row][\/et_pb_section]<\/p>\n","protected":false},"excerpt":{"rendered":"<p>[et_pb_breadcrumbs _builder_version=&#8220;3.6&#8243; global_colors_info=&#8220;{}&#8220;][\/et_pb_breadcrumbs]Schmelz- und Warmhalte\u00f6fen f\u00fcr Aluminium \u00dcberlegene Leistung durch Design Schmelz- und Warmhalteanlagen f\u00fcr unsere Kunden in\u00a0Nord- und S\u00fcdamerika. Die Marke SECO\/WARWICK ist ein Synonym f\u00fcr Qualit\u00e4t und Leistung, auf die sich die Aluminiumindustrie in\u00a0aller Welt verlassen kann. Die Designelemente und einzigartige Merkmale der Schmelz- und Warmhalte\u00f6fen von SECO\/WARWICK sind erprobt und bew\u00e4hrt, denn [&hellip;]<\/p>\n","protected":false},"author":2,"featured_media":114974,"parent":7097,"menu_order":0,"comment_status":"closed","ping_status":"closed","template":"","meta":{"_acf_changed":false,"_et_pb_use_builder":"on","_et_pb_old_content":"","_et_gb_content_width":"","footnotes":""},"class_list":["post-123353","page","type-page","status-publish","has-post-thumbnail"],"acf":[],"_links":{"self":[{"href":"https:\/\/www.secowarwick.com\/de\/wp-json\/wp\/v2\/pages\/123353","targetHints":{"allow":["GET"]}}],"collection":[{"href":"https:\/\/www.secowarwick.com\/de\/wp-json\/wp\/v2\/pages"}],"about":[{"href":"https:\/\/www.secowarwick.com\/de\/wp-json\/wp\/v2\/types\/page"}],"author":[{"embeddable":true,"href":"https:\/\/www.secowarwick.com\/de\/wp-json\/wp\/v2\/users\/2"}],"replies":[{"embeddable":true,"href":"https:\/\/www.secowarwick.com\/de\/wp-json\/wp\/v2\/comments?post=123353"}],"version-history":[{"count":14,"href":"https:\/\/www.secowarwick.com\/de\/wp-json\/wp\/v2\/pages\/123353\/revisions"}],"predecessor-version":[{"id":186298,"href":"https:\/\/www.secowarwick.com\/de\/wp-json\/wp\/v2\/pages\/123353\/revisions\/186298"}],"up":[{"embeddable":true,"href":"https:\/\/www.secowarwick.com\/de\/wp-json\/wp\/v2\/pages\/7097"}],"wp:featuredmedia":[{"embeddable":true,"href":"https:\/\/www.secowarwick.com\/de\/wp-json\/wp\/v2\/media\/114974"}],"wp:attachment":[{"href":"https:\/\/www.secowarwick.com\/de\/wp-json\/wp\/v2\/media?parent=123353"}],"curies":[{"name":"wp","href":"https:\/\/api.w.org\/{rel}","templated":true}]}}