{"id":125891,"date":"2022-04-14T13:04:04","date_gmt":"2022-04-14T11:04:04","guid":{"rendered":"https:\/\/www.secowarwick.com\/?page_id=125891"},"modified":"2026-02-11T15:56:33","modified_gmt":"2026-02-11T14:56:33","slug":"vim-jet-caster","status":"publish","type":"page","link":"https:\/\/www.secowarwick.com\/de\/vim-jet-caster\/","title":{"rendered":"Induktionsschmelz\u00f6fen zum Vakuum-Induktionsschmelzen mit gasunterst\u00fctzter Kristallisation &#8211; JetCaster VIM DS\/SC DGCC"},"content":{"rendered":"<p>[et_pb_section fb_built=&#8220;1&#8243; _builder_version=&#8220;4.16&#8243; global_colors_info=&#8220;{}&#8220;][et_pb_row _builder_version=&#8220;4.16&#8243; background_size=&#8220;initial&#8220; background_position=&#8220;top_left&#8220; background_repeat=&#8220;repeat&#8220; global_colors_info=&#8220;{}&#8220;][et_pb_column type=&#8220;4_4&#8243; _builder_version=&#8220;4.16&#8243; custom_padding=&#8220;|||&#8220; global_colors_info=&#8220;{}&#8220; custom_padding__hover=&#8220;|||&#8220;][et_pb_image src=&#8220;https:\/\/www.secowarwick.com\/wp-content\/uploads\/2022\/04\/JETCaster-slider-2.jpg&#8220; alt=&#8220;Induktionsschmelz\u00f6fen zum Vakuum-Induktionsschmelzen mit gasunterst\u00fctzter Kristallisation &#8211; Jet Caster VIM DS\/SC DGCC&#8220; title_text=&#8220;Induktionsschmelz\u00f6fen zum Vakuum-Induktionsschmelzen mit gasunterst\u00fctzter Kristallisation &#8211; Jet Caster VIM DS\/SC DGCC&#8220; align_tablet=&#8220;center&#8220; align_phone=&#8220;&#8220; align_last_edited=&#8220;on|desktop&#8220; _builder_version=&#8220;4.16&#8243; custom_margin=&#8220;||35px|&#8220; global_colors_info=&#8220;{}&#8220;][\/et_pb_image][\/et_pb_column][\/et_pb_row][et_pb_row column_structure=&#8220;3_4,1_4&#8243; admin_label=&#8220;row&#8220; _builder_version=&#8220;4.16&#8243; background_size=&#8220;initial&#8220; background_position=&#8220;top_left&#8220; background_repeat=&#8220;repeat&#8220; custom_margin=&#8220;0px|||&#8220; custom_padding=&#8220;0px|||&#8220; make_fullwidth=&#8220;off&#8220; use_custom_width=&#8220;off&#8220; width_unit=&#8220;on&#8220; global_colors_info=&#8220;{}&#8220;][et_pb_column type=&#8220;3_4&#8243; _builder_version=&#8220;4.16&#8243; custom_padding=&#8220;|||&#8220; global_colors_info=&#8220;{}&#8220; custom_padding__hover=&#8220;|||&#8220;][et_pb_breadcrumbs _builder_version=&#8220;3.6&#8243; global_colors_info=&#8220;{}&#8220;][\/et_pb_breadcrumbs][et_pb_text module_class=&#8220;podtytuly&#8220; _builder_version=&#8220;4.23.1&#8243; custom_margin=&#8220;45px|||&#8220; global_colors_info=&#8220;{}&#8220;]<\/p>\n<h1 style=\"text-align: left;\" align=\"justify\">Induktionsschmelz\u00f6fen zum Vakuum-Induktionsschmelzen mit gasunterst\u00fctzter Kristallisation &#8211; JetCaster VIM DS\/SC DGCC<\/h1>\n<h2 style=\"text-align: left;\" align=\"justify\">Vakuumgussverfahren f\u00fcr die Produktion fortschrittlicher DS\/SC-Teile<\/h2>\n<p>JetCaster VIM DS\/SC DGCC wird f\u00fcr die Produktion von hochwertigen Pr\u00e4zisionsgussteilen f\u00fcr Turbinenschaufeln in&nbsp;der Luftfahrt- und Energieindustrie eingesetzt. Die Kristallisationsmethode wird durch die Injektion von K\u00fchlgas verbessert, was die Gussstruktur verbessert und die Gesamtprozesszeit verk\u00fcrzt.<\/p>\n<p>[\/et_pb_text][et_pb_tabs module_class=&#8220;red-tabs eco-tab3&#8243; _builder_version=&#8220;4.23.1&#8243; custom_css_main_element=&#8220;margin-top: 2rem;||margin-bottom: 2rem;&#8220; global_colors_info=&#8220;{}&#8220;][et_pb_tab title=&#8220;\u00dcberblick  &#8220; _builder_version=&#8220;4.23.1&#8243; global_colors_info=&#8220;{}&#8220;]<\/p>\n<p>Die innovative JetCaster-Technologie er\u00f6ffnet eine Reihe neuer M\u00f6glichkeiten im\u00a0Bereich des monokristallinen Gie\u00dfens von Superlegierungen auf Nickel- und Kobaltbasis. Die jahrelange Arbeit unserer F&amp;E-Ingenieure an der Entwicklung einer neuen Technologie f\u00fcr monokristalline Gussteile hat es\u00a0uns erm\u00f6glicht, ein Ger\u00e4t zu entwickeln, das mit einem Gussk\u00fchlsystem mit einem \u00dcberschall-Argonstrahl ausgestattet ist.<br \/>Der Ofen zeichnet sich durch eine modulare Struktur und eine einfache Anpassung an verschiedene Geometrien von Gussformen aus, dank L\u00f6sungen wie: automatischer Austausch des thermischen Umlenkblechs, austauschbare Schmelzk\u00e4sten, die an verschiedene Chargengr\u00f6\u00dfen angepasst sind, die M\u00f6glichkeit der einfachen Konfiguration des Gaseinblas-Systems.<\/p>\n<p>[\/et_pb_tab][et_pb_tab title=&#8220;Eigenschaften&#8220; _builder_version=&#8220;4.23.1&#8243; global_colors_info=&#8220;{}&#8220;]<\/p>\n<p><strong><span style=\"color: #dc291e;\">\/ <\/span><\/strong>Metallguss unter Vakuum oder in\u00a0kontrollierter Schutzgasatmosph\u00e4re<br \/><strong><span style=\"color: #dc291e;\">\/ <\/span><\/strong>Ein- und Ausschalten des Vakuumsystems mit einem Tastendruck<br \/><strong><span style=\"color: #dc291e;\">\/ <\/span><\/strong>Industrielle Touchscreen-Bedienoberfl\u00e4che mit w\u00e4hlbaren Sprachen<br \/><strong><span style=\"color: #dc291e;\">\/ <\/span><\/strong>Alle elektrischen und pneumatischen Antriebe, keine Hydraulik<br \/><strong><span style=\"color: #dc291e;\">\/ <\/span><\/strong>Horizontale und vertikale Zuf\u00fchrsysteme f\u00fcr Sch\u00fcttgut, Bl\u00f6cke und\/oder Liner<br \/><strong><span style=\"color: #dc291e;\">\/ <\/span><\/strong>Lehrbare ein- oder zweiachsige Pr\u00e4zisionsgie\u00dfsysteme mit manuellem und automatischem Gie\u00dfen von Profilen<br \/><strong><span style=\"color: #dc291e;\">\/ <\/span><\/strong>An der T\u00fcr montierter Schmelzbeh\u00e4lter f\u00fcr schnelles Auswechseln und einfachen Zugang \u00fcber Kopf<br \/><strong><span style=\"color: #dc291e;\">\/ <\/span><\/strong>Pr\u00e4zise Schmelztemperaturmessung mit kombinierter Opto-\/TC-Kalibrierung unabh\u00e4ngig vom Tiegelf\u00fcllungsverh\u00e4ltnis<br \/><strong><span style=\"color: #dc291e;\">\/ <\/span><\/strong>Einzel- oder Mehrzonen-Formenheizungen<br \/><strong><span style=\"color: #dc291e;\">\/ <\/span><\/strong>Geschlossener Regelkreis DS\/SC Erstarrungsregelung Temperatur und Entnahmeposition<br \/><strong><span style=\"color: #dc291e;\">\/ <\/span><\/strong>Schmelzen mit Partialdruckregelung und K\u00fchlung der Form unter Schutzgas<br \/><strong><span style=\"color: #dc291e;\">\/ <\/span><\/strong>Sichere und umweltfreundliche Technologie<\/p>\n<p>[\/et_pb_tab][et_pb_tab title=&#8220;Vorteile&#8220; _builder_version=&#8220;4.23.1&#8243; global_colors_info=&#8220;{}&#8220;]<\/p>\n<p><strong><span style=\"color: #dc291e;\">\/ <\/span><\/strong>F\u00e4higkeit<strong>, <\/strong><strong>gerichtete erstarrte und <\/strong>einkristalline Gussteile durch das Bridgman-Verfahren oder\/und das entwickelte <strong>Gask\u00fchlungskristallisationsverfahren zu erzielen<br \/><span style=\"color: #dc291e;\">\/ <\/span><\/strong>Erzielung einer Fragmentierung des Gussmikrogef\u00fcges, die durch den PDAS-Parameter bestimmt wird, wodurch die Zeit der W\u00e4rmebehandlung von Gussst\u00fccken erheblich verk\u00fcrzt wird<br \/><strong><span style=\"color: #dc291e;\">\/ <\/span><\/strong>Speziell f\u00fcr die Luft- und Raumfahrt-, Energie- und Verteidigungsindustrie entwickelt<br \/><strong><span style=\"color: #dc291e;\">\/ <\/span><\/strong>Geringer Anteil an Gussfehlern, sowohl im&nbsp;Makro- als auch im&nbsp;Mikrogef\u00fcge<br \/><strong><span style=\"color: #dc291e;\">\/ <\/span><\/strong>Signifikante Verk\u00fcrzung des monokristallinen Gie\u00dfprozesses im&nbsp;Vergleich zum klassischen Verfahren durch erh\u00f6hte Entnahmegeschwindigkeiten der Form<\/p>\n<p>[\/et_pb_tab][et_pb_tab title=&#8220; &#8220; _builder_version=&#8220;4.23.1&#8243; _module_preset=&#8220;default&#8220; global_colors_info=&#8220;{}&#8220;]<\/p>\n<h2><span data-contrast=\"auto\">Der Ofen JetCaster erlaubt den Kunden:<\/span><span data-ccp-props=\"{&quot;134233117&quot;:false,&quot;134233118&quot;:false,&quot;201341983&quot;:0,&quot;335551550&quot;:6,&quot;335551620&quot;:6,&quot;335559738&quot;:0,&quot;335559739&quot;:0,&quot;335559740&quot;:240}\">\u00a0<\/span><\/h2>\n<p><span data-contrast=\"auto\"><strong><span style=\"color: #ff0000;\">\/<\/span><\/strong> Die Kristallisationszeit der Gussteile um 50% zu verk\u00fcrzen<br \/><\/span><span data-contrast=\"auto\"><strong><span style=\"color: #ff0000;\">\/<\/span><\/strong> Die Produktionseffizienz o&nbsp;82% zu erh\u00f6hen<br \/><\/span><span data-contrast=\"auto\"><strong><span style=\"color: #ff0000;\">\/<\/span><\/strong> Die Energieintensit\u00e4t der Produktion um 40% zu verringern<br \/><\/span><span data-contrast=\"auto\"><strong><span style=\"color: #ff0000;\">\/<\/span><\/strong> Den K\u00fchlwasserverbrauch um 50% zu reduzieren<br \/><\/span><span data-contrast=\"auto\"><strong><span style=\"color: #ff0000;\">\/<\/span><\/strong> Doppelt so viele Gussteile bei vergleichbarem Energiebedarf\u00a0 zu herstellen<\/span><\/p>\n<p>[\/et_pb_tab][\/et_pb_tabs][et_pb_code admin_label=&#8220;crm-rfq-de&#8220; _builder_version=&#8220;4.10.3&#8243; _module_preset=&#8220;default&#8220; global_module=&#8220;123766&#8243; global_colors_info=&#8220;{}&#8220;]<!-- [et_pb_line_break_holder] --><pee style=\"text-align: center;\"><a class=\"small-button smallred\" style=\"font-size: 20px; padding: 20px 60px;\" href=\"https:\/\/www.secowarwick.com\/de\/fordern-sie-hier-ihr-angebot-an\/\"><span style=\"display: block; transform: skew(15deg,0deg); -webkit-transform: skew(15deg,0deg); font-size: 20px; !important\">UM EIN ANGEBOT BITTEN<\/span><\/a><\/pee>[\/et_pb_code][\/et_pb_column][et_pb_column type=&#8220;1_4&#8243; _builder_version=&#8220;4.16&#8243; custom_padding=&#8220;|||&#8220; global_colors_info=&#8220;{}&#8220; custom_padding__hover=&#8220;|||&#8220;][et_pb_gallery gallery_ids=&#8220;125874,116341&#8243; posts_number=&#8220;1&#8243; show_title_and_caption=&#8220;off&#8220; show_pagination=&#8220;off&#8220; zoom_icon_color=&#8220;#e2001a&#8220; module_class=&#8220;seco-products-gallery-new&#8220; _builder_version=&#8220;4.16&#8243; custom_css_overlay_icon=&#8220;content:&#8217;GALERIE SEHEN&#8216; !important;&#8220; global_colors_info=&#8220;{}&#8220;][\/et_pb_gallery][et_pb_text admin_label=&#8220;btn_de_premiumlibrary&#8220; module_class=&#8220;premium-library-button&#8220; _builder_version=&#8220;4.23.1&#8243; _module_preset=&#8220;default&#8220; text_orientation=&#8220;center&#8220; global_module=&#8220;157246&#8243; saved_tabs=&#8220;all&#8220; global_colors_info=&#8220;{}&#8220;]<\/p>\n<a href='https:\/\/www.secowarwick.com\/de\/premiuminhalte\/' class='small-button smallred'><span>PREMIUMINHALTE<\/span><\/a>\n<p>[\/et_pb_text][et_pb_text admin_label=&#8220;R&#038;D de&#8220; module_class=&#8220;product_widget_wrap_rd&#8220; _builder_version=&#8220;4.23.1&#8243; _module_preset=&#8220;default&#8220; text_orientation=&#8220;center&#8220; global_module=&#8220;167836&#8243; saved_tabs=&#8220;all&#8220; locked=&#8220;off&#8220; global_colors_info=&#8220;{}&#8220;]<\/p>\n<p><a href=\"https:\/\/www.secowarwick.com\/de\/rd\/\"><span class=\"product_wigtet_name\">R&amp;D<\/span><\/a><\/p>\n<p>[\/et_pb_text][et_pb_text admin_label=&#8220;AUTOMATYKA de&#8220; module_class=&#8220;product_widget_wrap_automation&#8220; _builder_version=&#8220;4.23.1&#8243; _module_preset=&#8220;default&#8220; global_module=&#8220;167905&#8243; saved_tabs=&#8220;all&#8220; locked=&#8220;off&#8220; global_colors_info=&#8220;{}&#8220;]<\/p>\n<p><a href=\"https:\/\/www.secowarwick.com\/de\/service\/automatisierung\/\"><span class=\"product_wigtet_name\">AUTOMATISIERUNG<\/span><\/a><\/p>\n<p>[\/et_pb_text][et_pb_text admin_label=&#8220;SERVICE de&#8220; module_class=&#8220;product_widget_wrap_service&#8220; _builder_version=&#8220;4.23.1&#8243; _module_preset=&#8220;default&#8220; global_module=&#8220;167860&#8243; saved_tabs=&#8220;all&#8220; locked=&#8220;off&#8220; global_colors_info=&#8220;{}&#8220;]<\/p>\n<p><a href=\"https:\/\/www.secowarwick.com\/de\/professionelle-service-dienstleistungen\/\"><span class=\"product_wigtet_name\">SERVICE<\/span><\/a><\/p>\n<p>[\/et_pb_text][et_pb_text admin_label=&#8220;SUPLEMENTALS de&#8220; module_class=&#8220;product_widget_wrap_supleme&#8220; _builder_version=&#8220;4.23.1&#8243; _module_preset=&#8220;default&#8220; global_module=&#8220;167915&#8243; saved_tabs=&#8220;all&#8220; locked=&#8220;off&#8220; global_colors_info=&#8220;{}&#8220;]<\/p>\n<p><span class=\"product_wigtet_name\">ZUSATZSTOFFE:<\/span><\/p>\n<p>[\/et_pb_text][et_pb_text admin_label=&#8220;Product brochure&#8220; module_class=&#8220;suplementals_product_brochure suplementals_wrap&#8220; _builder_version=&#8220;4.23.1&#8243; _module_preset=&#8220;default&#8220; hover_enabled=&#8220;0&#8243; locked=&#8220;off&#8220; global_colors_info=&#8220;{}&#8220; sticky_enabled=&#8220;0&#8243;]<\/p>\n<p><a href=\"https:\/\/www.secowarwick.com\/wp-content\/uploads\/2025\/11\/VM-JetCaster-WWW.pdf\" target=\"_blank\" rel=\"noopener\" class=\"ga4_product_widget_brochure\">Produktbrosch\u00fcre<\/a><\/p>\n<p>[\/et_pb_text][et_pb_text admin_label=&#8220;Product infographic&#8220; module_class=&#8220;suplementals_product_infographic suplementals_wrap&#8220; _builder_version=&#8220;4.23.1&#8243; _module_preset=&#8220;default&#8220; hover_enabled=&#8220;0&#8243; locked=&#8220;off&#8220; global_colors_info=&#8220;{}&#8220; sticky_enabled=&#8220;0&#8243;]<\/p>\n<p><a href=\"https:\/\/www.secowarwick.com\/wp-content\/uploads\/2023\/06\/JetCaster.jpg\" target=\"_blank\" rel=\"noopener\" class=\"ga4_product_widget_infografic\">Produkt-Infografik<\/a><\/p>\n<p>[\/et_pb_text][et_pb_text admin_label=&#8220;Product movie playlista de&#8220; module_class=&#8220;suplementals_product_movie suplementals_wrap&#8220; _builder_version=&#8220;4.23.1&#8243; _module_preset=&#8220;default&#8220; global_module=&#8220;169661&#8243; saved_tabs=&#8220;all&#8220; locked=&#8220;off&#8220; global_colors_info=&#8220;{}&#8220;]<\/p>\n<p><a href=\"https:\/\/www.youtube.com\/playlist?list=PLa0hhW_hoQqEsIHM5LQtr9h_9UlwGFBO8\" target=\"_blank\" rel=\"noopener\">Produktvideo<\/a><\/p>\n<p>[\/et_pb_text][et_pb_text admin_label=&#8220;dnabook-de&#8220; module_class=&#8220;suplementals_product_dna suplementals_wrap&#8220; _builder_version=&#8220;4.23.1&#8243; _module_preset=&#8220;default&#8220; global_module=&#8220;167874&#8243; saved_tabs=&#8220;all&#8220; locked=&#8220;off&#8220; global_colors_info=&#8220;{}&#8220;]<\/p>\n<p><a href=\"https:\/\/www.secowarwick.com\/wp-content\/uploads\/2025\/07\/DNA_BOOK.pdf\" target=\"_blank\" rel=\"noopener\">DNA\/BOOK<\/a><\/p>\n<p>[\/et_pb_text][et_pb_text admin_label=&#8220;ECO\/BOOK-de&#8220; module_class=&#8220;suplementals_product_eco suplementals_wrap&#8220; _builder_version=&#8220;4.23.1&#8243; _module_preset=&#8220;default&#8220; global_module=&#8220;167797&#8243; locked=&#8220;off&#8220; global_colors_info=&#8220;{}&#8220;]<\/p>\n<p><a href=\"https:\/\/www.secowarwick.com\/wp-content\/uploads\/2023\/06\/ECOBOOK.pdf\" target=\"_blank\" rel=\"noopener\">ECO\/BOOK<\/a><\/p>\n<p>[\/et_pb_text][et_pb_text admin_label=&#8220;product-widget-rfq-de&#8220; module_class=&#8220;product_widget_wrap_rfq-en&#8220; _builder_version=&#8220;4.23.1&#8243; _module_preset=&#8220;default&#8220; global_module=&#8220;186250&#8243; saved_tabs=&#8220;all&#8220; locked=&#8220;off&#8220; global_colors_info=&#8220;{}&#8220;]<\/p>\n<p style=\"text-align: center;\"><a class=\"small-button smallred rfq-gtm-product-widget\" href=\"https:\/\/www.secowarwick.com\/de\/fordern-sie-hier-ihr-angebot-an\/\"><span class=\"product_wigtet_name\">FRAGE NACH MEHR<\/span><\/a><\/p>\n<p>[\/et_pb_text][\/et_pb_column][\/et_pb_row][\/et_pb_section]<\/p>\n","protected":false},"excerpt":{"rendered":"<p>[et_pb_breadcrumbs _builder_version=&#8220;3.6&#8243; global_colors_info=&#8220;{}&#8220;][\/et_pb_breadcrumbs]Induktionsschmelz\u00f6fen zum Vakuum-Induktionsschmelzen mit gasunterst\u00fctzter Kristallisation &#8211; JetCaster VIM DS\/SC DGCC Vakuumgussverfahren f\u00fcr die Produktion fortschrittlicher DS\/SC-Teile JetCaster VIM DS\/SC DGCC wird f\u00fcr die Produktion von hochwertigen Pr\u00e4zisionsgussteilen f\u00fcr Turbinenschaufeln in&nbsp;der Luftfahrt- und Energieindustrie eingesetzt. Die Kristallisationsmethode wird durch die Injektion von K\u00fchlgas verbessert, was die Gussstruktur verbessert und die Gesamtprozesszeit verk\u00fcrzt.Die innovative [&hellip;]<\/p>\n","protected":false},"author":2,"featured_media":87696,"parent":0,"menu_order":0,"comment_status":"closed","ping_status":"closed","template":"","meta":{"_acf_changed":false,"_et_pb_use_builder":"on","_et_pb_old_content":"","_et_gb_content_width":"","footnotes":""},"class_list":["post-125891","page","type-page","status-publish","has-post-thumbnail"],"acf":[],"_links":{"self":[{"href":"https:\/\/www.secowarwick.com\/de\/wp-json\/wp\/v2\/pages\/125891","targetHints":{"allow":["GET"]}}],"collection":[{"href":"https:\/\/www.secowarwick.com\/de\/wp-json\/wp\/v2\/pages"}],"about":[{"href":"https:\/\/www.secowarwick.com\/de\/wp-json\/wp\/v2\/types\/page"}],"author":[{"embeddable":true,"href":"https:\/\/www.secowarwick.com\/de\/wp-json\/wp\/v2\/users\/2"}],"replies":[{"embeddable":true,"href":"https:\/\/www.secowarwick.com\/de\/wp-json\/wp\/v2\/comments?post=125891"}],"version-history":[{"count":32,"href":"https:\/\/www.secowarwick.com\/de\/wp-json\/wp\/v2\/pages\/125891\/revisions"}],"predecessor-version":[{"id":189463,"href":"https:\/\/www.secowarwick.com\/de\/wp-json\/wp\/v2\/pages\/125891\/revisions\/189463"}],"wp:featuredmedia":[{"embeddable":true,"href":"https:\/\/www.secowarwick.com\/de\/wp-json\/wp\/v2\/media\/87696"}],"wp:attachment":[{"href":"https:\/\/www.secowarwick.com\/de\/wp-json\/wp\/v2\/media?parent=125891"}],"curies":[{"name":"wp","href":"https:\/\/api.w.org\/{rel}","templated":true}]}}