{"id":126416,"date":"2022-04-27T10:27:06","date_gmt":"2022-04-27T08:27:06","guid":{"rendered":"https:\/\/www.secowarwick.com\/?page_id=126416"},"modified":"2025-10-30T11:51:16","modified_gmt":"2025-10-30T10:51:16","slug":"vakuumwaermebehandlungssystem-ucm-custom","status":"publish","type":"page","link":"https:\/\/www.secowarwick.com\/de\/produkte\/vakuumwaermebehandlungssystem-ucm-custom\/","title":{"rendered":"Das an die individuellen Kundenbed\u00fcrfnisse angepasste Vakuumsystem zum Niederdruckkohlen (LPC) und H\u00e4rten &#8211; UniCase Master Custom"},"content":{"rendered":"<p>[et_pb_section fb_built=&#8220;1&#8243; _builder_version=&#8220;4.16&#8243; global_colors_info=&#8220;{}&#8220;][et_pb_row _builder_version=&#8220;4.16&#8243; background_size=&#8220;initial&#8220; background_position=&#8220;top_left&#8220; background_repeat=&#8220;repeat&#8220; global_colors_info=&#8220;{}&#8220;][et_pb_column type=&#8220;4_4&#8243; _builder_version=&#8220;4.16&#8243; custom_padding=&#8220;|||&#8220; global_colors_info=&#8220;{}&#8220; custom_padding__hover=&#8220;|||&#8220;][et_pb_image src=&#8220;https:\/\/www.secowarwick.com\/wp-content\/uploads\/2022\/05\/UCN_new.jpg&#8220; alt=&#8220;Das an die individuellen Kundenbed\u00fcrfnisse angepasste Vakuumsystem zum Niederdruckkohlen (LPC) und H\u00e4rten &#8211; UniCase Master\u00ae Custom&#8220; title_text=&#8220;Das an die individuellen Kundenbed\u00fcrfnisse angepasste Vakuumsystem zum Niederdruckkohlen (LPC) und H\u00e4rten &#8211; UniCase Master\u00ae Custom&#8220; align_tablet=&#8220;center&#8220; align_phone=&#8220;&#8220; align_last_edited=&#8220;on|desktop&#8220; _builder_version=&#8220;4.16&#8243; global_colors_info=&#8220;{}&#8220;][\/et_pb_image][\/et_pb_column][\/et_pb_row][\/et_pb_section][et_pb_section fb_built=&#8220;1&#8243; admin_label=&#8220;section&#8220; _builder_version=&#8220;4.16&#8243; custom_padding=&#8220;25px|||&#8220; transparent_background=&#8220;off&#8220; make_fullwidth=&#8220;off&#8220; use_custom_width=&#8220;off&#8220; width_unit=&#8220;on&#8220; global_colors_info=&#8220;{}&#8220;][et_pb_row column_structure=&#8220;3_4,1_4&#8243; admin_label=&#8220;row&#8220; _builder_version=&#8220;4.16&#8243; background_size=&#8220;initial&#8220; background_position=&#8220;top_left&#8220; background_repeat=&#8220;repeat&#8220; custom_margin=&#8220;0px|||&#8220; custom_padding=&#8220;0px|||&#8220; make_fullwidth=&#8220;off&#8220; use_custom_width=&#8220;off&#8220; width_unit=&#8220;on&#8220; global_colors_info=&#8220;{}&#8220;][et_pb_column type=&#8220;3_4&#8243; _builder_version=&#8220;4.16&#8243; custom_padding=&#8220;|||&#8220; global_colors_info=&#8220;{}&#8220; custom_padding__hover=&#8220;|||&#8220;][et_pb_breadcrumbs _builder_version=&#8220;3.6&#8243; global_colors_info=&#8220;{}&#8220;][\/et_pb_breadcrumbs][et_pb_text module_class=&#8220;podtytuly&#8220; _builder_version=&#8220;4.23.1&#8243; global_colors_info=&#8220;{}&#8220;]<\/p>\n<h1 style=\"text-align: justify;\">Das an die individuellen Kundenbed\u00fcrfnisse angepasste Vakuumsystem zum Niederdruckkohlen (LPC) und H\u00e4rten &#8211; UniCase Master Custom<\/h1>\n<h2>Das an die individuellen Kundenbed\u00fcrfnisse angepasste Vakuumsystem f\u00fcr die Single-piece flow Vakuum-W\u00e4rmebehandlung mit Verformungskontrolle und h\u00f6chstm\u00f6glicher Prozesswiederholbarkeit auf einem einzigen Detail.<\/h2>\n<p>The UniCase Master Custom \u2013 ist ein <strong>Vakuumw\u00e4rmebehandlungssystem<\/strong> f\u00fcr individuelle <strong>Vakuumw\u00e4rmebehandlung<\/strong>, das beim Niederdruckaufkohlen mit H\u00e4rten Stickstoff verwendet, um mit dem Einzelteilfluss\u00a0 mechanische Getriebekomponenten wie Zahnr\u00e4der, Wellen, Ringe, Buchsen usw., die aus gew\u00f6hnlichem Stahl, Spezialstahl bis hin zu H\u00e4rtst\u00e4hlen bestehen, zu bearbeiten. Das System kann auch f\u00fcr das Blankgl\u00fchen und Vakuuml\u00f6ten im\u00a0Einzelteilfluss angepasst werden.<\/p>\n<p>Dieses System erh\u00f6ht die Pr\u00e4zision und Wiederholbarkeit der W\u00e4rmebehandlungsergebnisse erheblich und senkt die Produktionskosten.<\/p>\n<p>Das System ist vollst\u00e4ndig automatisiert und l\u00e4sst sich problemlos in\u00a0die Inline Produktion integrieren.<\/p>\n<p>[\/et_pb_text][et_pb_tabs module_class=&#8220;red-tabs eco-tab6&#8243; _builder_version=&#8220;4.23.1&#8243; custom_css_main_element=&#8220;margin-top: 2rem;||margin-bottom: 2rem;&#8220; global_colors_info=&#8220;{}&#8220;][et_pb_tab title=&#8220;\u00dcberblick&#8220; _builder_version=&#8220;4.23.1&#8243; global_colors_info=&#8220;{}&#8220;]<\/p>\n<p>Die Anlage<strong>Uni Case Master Custom <\/strong>ist f\u00fcr diejenigen dediziert, die die Fertigungsqualit\u00e4t und Wirtschaftlichkeit ihrer Komponenten im\u00a0Vergleich zu Batch- oder kontinuierlichen Bearbeitungssystemen deutlich verbessern und den Einsatz von H\u00e4rtepressen mit all ihren Nachteilen eliminieren wollen.<\/p>\n<p>Das System besteht aus einer Vakuumheizkammer (mit der M\u00f6glichkeit zum Niederdruckaufkohlen) und einer Hochdruckstickstoffh\u00e4rtekammer, die mit Transportmechanismen ausgestattet ist. Die Werkst\u00fccke werden in\u00a0der Vakuumheizkammer auf die Prozesstemperatur erhitzt, was die Werkst\u00fcckoberfl\u00e4chen vor Verunreinigungen und unerwarteten \u00c4nderungen der Zusammensetzung sch\u00fctzt.<\/p>\n<p>Wesentliche Verbesserungen, n\u00e4mlich die Reduzierung von Verformungen, stecken hinter dem Prozess des H\u00e4rtens. Dies geschieht vor allem durch die Verwendung eines Hochdruckgask\u00fchlsystems, das in\u00a0der H\u00e4rtungs-\/Entladekammer installiert ist. Das System nutzt die patentierte Anordnung der K\u00fchld\u00fcsen um das Werkst\u00fcck und gew\u00e4hrleistet einen gleichm\u00e4\u00dfigen K\u00fchlgasfluss aus allen Richtungen: von oben, von unten, von den Seiten.<\/p>\n<p>Wir nennen es\u00a0\u201c3D\u201d K\u00fchlung. Zus\u00e4tzlich dreht der Tisch das Werkst\u00fcck, was die Gleichm\u00e4\u00dfigkeit der K\u00fchlung weiter erh\u00f6ht. Wir beziehen uns auf die rotierende Bewegung als auf die vierte Dimension, die es\u00a0uns erm\u00f6glicht, \u201c4D\u201d zu k\u00fchlen, um die bestm\u00f6gliche Gleichm\u00e4\u00dfigkeit zu gew\u00e4hrleisten. Das Muster der K\u00fchld\u00fcse kann entsprechend der spezifischen Gr\u00f6\u00dfe und Form des Teils angepasst werden. Das gesamte Stickstoffk\u00fchlsystem gew\u00e4hrleistet das effektive und gleichm\u00e4\u00dfige H\u00e4rten, das zu einer ausgezeichneten Wiederholbarkeit, einer deutlichen Reduzierung der Verformungen und schlie\u00dflich zu deren Kontrolle f\u00fchrt. Es\u00a0wird weder \u00d6l noch Helium ben\u00f6tigt. Die H\u00e4rteleistung des Systems kann vollst\u00e4ndig an die spezifischen Bed\u00fcrfnisse in\u00a0Bezug auf die K\u00fchlgeschwindigkeit eines bestimmten Werkst\u00fccks angepasst werden.<\/p>\n<p>Das Einzelteilflussverfahren, bei dem die Werkst\u00fccke einzeln nacheinander den W\u00e4rmebehandlungsprozess durchlaufen, erm\u00f6glicht eine vollst\u00e4ndige Integration in\u00a0die Inline Produktion parallel zu den CNC-Anlagen. Die Methode eliminiert auch W\u00e4rmebehandlungswerkzeuge, Materiallogistikkosten und -zeit und verk\u00fcrzt den Produktionszyklus. Dar\u00fcber hinaus bietet die Wiederholbarkeit der H\u00e4rteergebnisse zusammen mit der Kontrolle und Reduzierung von Verformungen ein gro\u00dfes Potenzial zur Reduzierung der Kosten f\u00fcr die Schwerzerspanung.<\/p>\n<p>Dar\u00fcber hinaus wird jedes Teil w\u00e4hrend der W\u00e4rmebehandlung \u00fcberwacht, was eine genaue Berichterstattung mit 100 % R\u00fcckverfolgbarkeit und Qualit\u00e4tskontrolle gew\u00e4hrleistet.<\/p>\n<p>Das verwendete System und die verwendete Technologie sind sicher, sauber und umweltfreundlich.<\/p>\n<p>[\/et_pb_tab][et_pb_tab title=&#8220;Merkmale&#8220; _builder_version=&#8220;4.23.1&#8243; global_colors_info=&#8220;{}&#8220;]<\/p>\n<p><strong><span style=\"color: #dc291e;\">\/ <\/span><\/strong>Individuelle W\u00e4rmebehandlung durch Erhitzen im\u00a0Vakuum<br \/><strong><span style=\"color: #dc291e;\">\/ <\/span><\/strong>Niederdruckaufkohlen<br \/><strong><span style=\"color: #dc291e;\">\/ <\/span><\/strong>L\u00f6ten<br \/><strong><span style=\"color: #dc291e;\">\/ <\/span><\/strong>Blankgl\u00fchen<br \/><strong><span style=\"color: #dc291e;\">\/ <\/span><\/strong>Hochdruckgask\u00fchlung (Stickstoff)<br \/><strong><span style=\"color: #dc291e;\">\/ <\/span><\/strong>Integration in\u00a0die Inline Produktion<br \/><strong><span style=\"color: #dc291e;\">\/ <\/span><\/strong>M\u00f6glichkeit, die Gr\u00f6\u00dfe des Arbeitsbereichs anzupassen<br \/><strong><span style=\"color: #dc291e;\">\/ <\/span><\/strong>F\u00fcr den Kunden angepasste Systemkonfiguration<br \/><strong><span style=\"color: #dc291e;\">\/ <\/span><\/strong>Kompakte Konstruktion, verh\u00e4ltnism\u00e4\u00dfig geringer Platzbedarf<br \/><strong><span style=\"color: #dc291e;\">\/ <\/span><\/strong>Geringer Medienverbrauch<br \/><strong><span style=\"color: #dc291e;\">\/ <\/span><\/strong>Keine unkontrollierte Emission von Prozessgasen<\/p>\n<p>[\/et_pb_tab][et_pb_tab title=&#8220;Vorteile&#8220; _builder_version=&#8220;4.23.1&#8243; global_colors_info=&#8220;{}&#8220;]<\/p>\n<p><span style=\"color: #dc291e;\"><strong>\/ <\/strong><\/span>Vakuumw\u00e4rmebehandlung mit Einzelteilfluss<br \/><span style=\"color: #dc291e;\"><strong>\/ <\/strong><\/span>Entwurf abgestimmt auf den jeweiligen Teiletyp und Prozess<br \/><span style=\"color: #dc291e;\"><strong>\/ <\/strong><\/span>Kontrolle und Reduzierung von Verformungen<br \/><span style=\"color: #dc291e;\"><strong>\/ <\/strong><\/span>Hervorragende Pr\u00e4zision und Wiederholbarkeit der Ergebnisse<br \/><span style=\"color: #dc291e;\"><strong>\/ <\/strong><\/span>Eliminierung von IGO (interkristalline Oxidation)<br \/><span style=\"color: #dc291e;\"><strong>\/ <\/strong><\/span>Keine Oxidation\/keine Anwesenheit von der Luft<br \/><span style=\"color: #dc291e;\"><strong>\/ <\/strong><\/span>Ideale Oberfl\u00e4che der Werkst\u00fccke<br \/><span style=\"color: #dc291e;\"><strong>\/ <\/strong><\/span>Gro\u00dfserienfertigung<br \/><span style=\"color: #dc291e;\"><strong>\/ <\/strong><\/span>Betriebsflexibilit\u00e4t, Start\/Stopp auf Wunsch<br \/><span style=\"color: #dc291e;\"><strong>\/ <\/strong><\/span>Vollst\u00e4ndige Automatisierung, Integration in\u00a0die Inline Produktion<br \/><span style=\"color: #dc291e;\"><strong>\/ <\/strong><\/span>100 % R\u00fcckverfolgbarkeit und Pr\u00fcfung jedes einzelnen Teils<br \/><span style=\"color: #dc291e;\"><strong>\/ <\/strong><\/span>Kein menschliches Engagement und Einfluss<br \/><span style=\"color: #dc291e;\"><strong>\/ <\/strong><\/span>Das Abschrecken mit Stickstoff erfolgt genau so schnell wie im\u00a0\u00d6l (es\u00a0wird weder \u00d6l noch Helium ben\u00f6tigt)<br \/><span style=\"color: #dc291e;\"><strong>\/ <\/strong><\/span>Eliminierung von W\u00e4rmebehandlungswerkzeugen und Materiallogistik<br \/><span style=\"color: #dc291e;\"><strong>\/ <\/strong><\/span>Eliminierung von \u00d6lverschmutzungen und \u00d6ld\u00e4mpfen (Sicherheit und Umwelt)<br \/><span style=\"color: #dc291e;\"><strong>\/ <\/strong><\/span>Eliminierung von Reinigungsmitteln und Chemikalien<br \/><span style=\"color: #dc291e;\"><strong>\/ <\/strong><\/span>Eliminierung der Hochtemperaturstrahlung und der Brandgefahr<br \/><span style=\"color: #dc291e;\"><strong>\/ <\/strong><\/span>Sichere und umweltfreundliche Technologie<\/p>\n<p>[\/et_pb_tab][et_pb_tab title=&#8220;Technologien&#8220; _builder_version=&#8220;4.23.1&#8243; global_colors_info=&#8220;{}&#8220;]<\/p>\n<p><span style=\"color: #e30f00;\"><strong>\/ <\/strong><\/span>Niederdruckaufkohlen (LPC)<br \/><span style=\"color: #e30f00;\"><strong>\/ <\/strong><\/span>Blankh\u00e4rten (Hochdruckgasabschreckung HPGQ)<br \/><span style=\"color: #e30f00;\"><strong>\/ <\/strong><\/span>Blankgl\u00fchen<br \/><span style=\"color: #e30f00;\"><strong>\/ <\/strong><\/span>Vakuuml\u00f6ten<\/p>\n<p>[\/et_pb_tab][et_pb_tab title=&#8220;Branchen&#8220; _builder_version=&#8220;4.23.1&#8243; global_colors_info=&#8220;{}&#8220;]<\/p>\n<p><strong><span style=\"color: #e30f00;\">\/ <\/span><\/strong>Automobilindustrie<br \/><strong><span style=\"color: #e30f00;\">\/ <\/span><\/strong>Getriebeindustrie<br \/><strong><span style=\"color: #e30f00;\">\/ <\/span><\/strong>Lagerproduktionsbranche<br \/><strong><span style=\"color: #e30f00;\">\/ <\/span><\/strong>Maschinenindustrie<br \/><strong><span style=\"color: #e30f00;\">\/ <\/span><\/strong>Luftfahrtindustrie<br \/><strong><span style=\"color: #e30f00;\">\/ <\/span><\/strong>Metallerzeugnisse<\/p>\n<p>[\/et_pb_tab][et_pb_tab title=&#8220;Materialien&#8220; _builder_version=&#8220;4.23.1&#8243; global_colors_info=&#8220;{}&#8220;]<\/p>\n<p><span style=\"color: #e30f00;\"><strong>\/ <\/strong><\/span>Sorten f\u00fcr Standardaufkohlen oder Durchh\u00e4rtung (in\u00a0\u00d6l)<br \/><span style=\"color: #e30f00;\"><strong>\/ <\/strong><\/span>Hochlegierte und spezielle St\u00e4hle f\u00fcr das H\u00e4rten in\u00a0Gas und \u00d6l<\/p>\n<p>[\/et_pb_tab][et_pb_tab title=&#8220; &#8220; _builder_version=&#8220;4.23.1&#8243; _module_preset=&#8220;default&#8220; global_colors_info=&#8220;{}&#8220;]<\/p>\n<p><strong><span style=\"color: #dc291e;\">\/<\/span><\/strong> Um ein Vielfaches k\u00fcrzere Schwerbearbeitungszeit<br \/><strong><span style=\"color: #dc291e;\">\/<\/span><\/strong> Eliminierung mehrerer Nachbearbeitungsvorg\u00e4nge<br \/><strong><span style=\"color: #dc291e;\">\/<\/span><\/strong> Niederdruckaufkohlung (LPC) \/ Hochdruckgasabschreckung (HPGQ)<br \/><strong><span style=\"color: #dc291e;\">\/<\/span><\/strong> Schnelle und effiziente Aufkohlung<br \/><strong><span style=\"color: #dc291e;\">\/<\/span><\/strong> Beseitigung von Brand- und Explosionsgef\u00e4hrdung<br \/><strong><span style=\"color: #dc291e;\">\/<\/span><\/strong> Optimale Oberfl\u00e4chenqualit\u00e4t<br \/><strong><span style=\"color: #dc291e;\">\/<\/span><\/strong> Beseitigung von IGO (interkristalliner Oxidation)<br \/><strong><span style=\"color: #dc291e;\">\/<\/span><\/strong> Saubere und umweltfreundliche Produktion.<\/p>\n<p>[\/et_pb_tab][\/et_pb_tabs][et_pb_code admin_label=&#8220;crm-rfq-de&#8220; _builder_version=&#8220;4.10.3&#8243; _module_preset=&#8220;default&#8220; global_module=&#8220;123766&#8243; global_colors_info=&#8220;{}&#8220;]<!-- [et_pb_line_break_holder] --><pee style=\"text-align: center;\"><a class=\"small-button smallred\" style=\"font-size: 20px; padding: 20px 60px;\" href=\"https:\/\/www.secowarwick.com\/de\/fordern-sie-hier-ihr-angebot-an\/\"><span style=\"display: block; transform: skew(15deg,0deg); -webkit-transform: skew(15deg,0deg); font-size: 20px; !important\">UM EIN ANGEBOT BITTEN<\/span><\/a><\/pee>[\/et_pb_code][\/et_pb_column][et_pb_column type=&#8220;1_4&#8243; _builder_version=&#8220;4.16&#8243; custom_padding=&#8220;|||&#8220; global_colors_info=&#8220;{}&#8220; custom_padding__hover=&#8220;|||&#8220;][et_pb_gallery gallery_ids=&#8220;88864,85445,40854&#8243; posts_number=&#8220;1&#8243; show_title_and_caption=&#8220;off&#8220; show_pagination=&#8220;off&#8220; zoom_icon_color=&#8220;#e2001a&#8220; module_class=&#8220;seco-products-gallery-new&#8220; _builder_version=&#8220;4.23.1&#8243; custom_css_overlay_icon=&#8220;content: &#8218;GALERIE ANSEHEN&#8216;!important&#8220; global_colors_info=&#8220;{}&#8220;][\/et_pb_gallery][et_pb_text admin_label=&#8220;btn_de_premiumlibrary&#8220; module_class=&#8220;premium-library-button&#8220; _builder_version=&#8220;4.23.1&#8243; _module_preset=&#8220;default&#8220; text_orientation=&#8220;center&#8220; global_module=&#8220;157246&#8243; global_colors_info=&#8220;{}&#8220;]<\/p>\n<a href='https:\/\/www.secowarwick.com\/de\/premiuminhalte\/' class='small-button smallred'><span>PREMIUMINHALTE<\/span><\/a>\n<p>[\/et_pb_text][et_pb_text admin_label=&#8220;R&#038;D de&#8220; module_class=&#8220;product_widget_wrap_rd&#8220; _builder_version=&#8220;4.23.1&#8243; _module_preset=&#8220;default&#8220; text_orientation=&#8220;center&#8220; global_module=&#8220;167836&#8243; saved_tabs=&#8220;all&#8220; locked=&#8220;off&#8220; global_colors_info=&#8220;{}&#8220;]<\/p>\n<p><a href=\"https:\/\/www.secowarwick.com\/de\/rd\/\"><span class=\"product_wigtet_name\">R&amp;D<\/span><\/a><\/p>\n<p>[\/et_pb_text][et_pb_text admin_label=&#8220;AUTOMATYKA de&#8220; module_class=&#8220;product_widget_wrap_automation&#8220; _builder_version=&#8220;4.23.1&#8243; _module_preset=&#8220;default&#8220; global_module=&#8220;167905&#8243; saved_tabs=&#8220;all&#8220; locked=&#8220;off&#8220; global_colors_info=&#8220;{}&#8220;]<\/p>\n<p><a href=\"https:\/\/www.secowarwick.com\/de\/service\/automatisierung\/\"><span class=\"product_wigtet_name\">AUTOMATISIERUNG<\/span><\/a><\/p>\n<p>[\/et_pb_text][et_pb_text admin_label=&#8220;SERVICE de&#8220; module_class=&#8220;product_widget_wrap_service&#8220; _builder_version=&#8220;4.23.1&#8243; _module_preset=&#8220;default&#8220; global_module=&#8220;167860&#8243; saved_tabs=&#8220;all&#8220; locked=&#8220;off&#8220; global_colors_info=&#8220;{}&#8220;]<\/p>\n<p><a href=\"https:\/\/www.secowarwick.com\/de\/professionelle-service-dienstleistungen\/\"><span class=\"product_wigtet_name\">SERVICE<\/span><\/a><\/p>\n<p>[\/et_pb_text][et_pb_text admin_label=&#8220;SUPLEMENTALS de&#8220; module_class=&#8220;product_widget_wrap_supleme&#8220; _builder_version=&#8220;4.23.1&#8243; _module_preset=&#8220;default&#8220; global_module=&#8220;167915&#8243; saved_tabs=&#8220;all&#8220; locked=&#8220;off&#8220; global_colors_info=&#8220;{}&#8220;]<\/p>\n<p><span class=\"product_wigtet_name\">ZUSATZSTOFFE:<\/span><\/p>\n<p>[\/et_pb_text][et_pb_text admin_label=&#8220;Product catalogue de&#8220; module_class=&#8220;suplementals_product_catalogue suplementals_wrap&#8220; _builder_version=&#8220;4.23.1&#8243; _module_preset=&#8220;default&#8220; global_module=&#8220;169659&#8243; saved_tabs=&#8220;all&#8220; locked=&#8220;off&#8220; global_colors_info=&#8220;{}&#8220;]<\/p>\n<p><a href=\"https:\/\/www.secowarwick.com\/wp-content\/uploads\/2025\/01\/VAC_catalogue_2024_web.pdf\" target=\"_blank\" rel=\"noopener\">Produktkatalog<\/a><\/p>\n<p>[\/et_pb_text][et_pb_text admin_label=&#8220;Product movie playlista de&#8220; module_class=&#8220;suplementals_product_movie suplementals_wrap&#8220; _builder_version=&#8220;4.23.1&#8243; _module_preset=&#8220;default&#8220; global_module=&#8220;169661&#8243; saved_tabs=&#8220;all&#8220; locked=&#8220;off&#8220; global_colors_info=&#8220;{}&#8220;]<\/p>\n<p><a href=\"https:\/\/www.youtube.com\/playlist?list=PLa0hhW_hoQqEsIHM5LQtr9h_9UlwGFBO8\" target=\"_blank\" rel=\"noopener\">Produktvideo<\/a><\/p>\n<p>[\/et_pb_text][et_pb_text admin_label=&#8220;dnabook-de&#8220; module_class=&#8220;suplementals_product_dna suplementals_wrap&#8220; _builder_version=&#8220;4.23.1&#8243; _module_preset=&#8220;default&#8220; global_module=&#8220;167874&#8243; saved_tabs=&#8220;all&#8220; locked=&#8220;off&#8220; global_colors_info=&#8220;{}&#8220;]<\/p>\n<p><a href=\"https:\/\/www.secowarwick.com\/wp-content\/uploads\/2025\/07\/DNA_BOOK.pdf\" target=\"_blank\" rel=\"noopener\">DNA\/BOOK<\/a><\/p>\n<p>[\/et_pb_text][et_pb_text admin_label=&#8220;ECO\/BOOK-de&#8220; module_class=&#8220;suplementals_product_eco suplementals_wrap&#8220; _builder_version=&#8220;4.23.1&#8243; _module_preset=&#8220;default&#8220; global_module=&#8220;167797&#8243; locked=&#8220;off&#8220; global_colors_info=&#8220;{}&#8220;]<\/p>\n<p><a href=\"https:\/\/www.secowarwick.com\/wp-content\/uploads\/2023\/06\/ECOBOOK.pdf\" target=\"_blank\" rel=\"noopener\">ECO\/BOOK<\/a><\/p>\n<p>[\/et_pb_text][et_pb_text admin_label=&#8220;product-widget-rfq-de&#8220; module_class=&#8220;product_widget_wrap_rfq-en&#8220; _builder_version=&#8220;4.23.1&#8243; _module_preset=&#8220;default&#8220; global_module=&#8220;186250&#8243; saved_tabs=&#8220;all&#8220; global_colors_info=&#8220;{}&#8220; locked=&#8220;off&#8220;]<\/p>\n<p style=\"text-align: center;\"><a class=\"small-button smallred\" href=\"https:\/\/www.secowarwick.com\/de\/fordern-sie-hier-ihr-angebot-an\/\"><span class=\"product_wigtet_name\">FRAGE NACH MEHR<\/span><\/a><\/p>\n<p>[\/et_pb_text][\/et_pb_column][\/et_pb_row][\/et_pb_section]<\/p>\n","protected":false},"excerpt":{"rendered":"<p>[et_pb_breadcrumbs _builder_version=&#8220;3.6&#8243; global_colors_info=&#8220;{}&#8220;][\/et_pb_breadcrumbs]Das an die individuellen Kundenbed\u00fcrfnisse angepasste Vakuumsystem zum Niederdruckkohlen (LPC) und H\u00e4rten &#8211; UniCase Master Custom Das an die individuellen Kundenbed\u00fcrfnisse angepasste Vakuumsystem f\u00fcr die Single-piece flow Vakuum-W\u00e4rmebehandlung mit Verformungskontrolle und h\u00f6chstm\u00f6glicher Prozesswiederholbarkeit auf einem einzigen Detail. The UniCase Master Custom \u2013 ist ein Vakuumw\u00e4rmebehandlungssystem f\u00fcr individuelle Vakuumw\u00e4rmebehandlung, das beim Niederdruckaufkohlen mit H\u00e4rten [&hellip;]<\/p>\n","protected":false},"author":2,"featured_media":127192,"parent":7106,"menu_order":0,"comment_status":"closed","ping_status":"closed","template":"","meta":{"_acf_changed":false,"_et_pb_use_builder":"on","_et_pb_old_content":"","_et_gb_content_width":"","footnotes":""},"class_list":["post-126416","page","type-page","status-publish","has-post-thumbnail"],"acf":[],"_links":{"self":[{"href":"https:\/\/www.secowarwick.com\/de\/wp-json\/wp\/v2\/pages\/126416","targetHints":{"allow":["GET"]}}],"collection":[{"href":"https:\/\/www.secowarwick.com\/de\/wp-json\/wp\/v2\/pages"}],"about":[{"href":"https:\/\/www.secowarwick.com\/de\/wp-json\/wp\/v2\/types\/page"}],"author":[{"embeddable":true,"href":"https:\/\/www.secowarwick.com\/de\/wp-json\/wp\/v2\/users\/2"}],"replies":[{"embeddable":true,"href":"https:\/\/www.secowarwick.com\/de\/wp-json\/wp\/v2\/comments?post=126416"}],"version-history":[{"count":20,"href":"https:\/\/www.secowarwick.com\/de\/wp-json\/wp\/v2\/pages\/126416\/revisions"}],"predecessor-version":[{"id":186266,"href":"https:\/\/www.secowarwick.com\/de\/wp-json\/wp\/v2\/pages\/126416\/revisions\/186266"}],"up":[{"embeddable":true,"href":"https:\/\/www.secowarwick.com\/de\/wp-json\/wp\/v2\/pages\/7106"}],"wp:featuredmedia":[{"embeddable":true,"href":"https:\/\/www.secowarwick.com\/de\/wp-json\/wp\/v2\/media\/127192"}],"wp:attachment":[{"href":"https:\/\/www.secowarwick.com\/de\/wp-json\/wp\/v2\/media?parent=126416"}],"curies":[{"name":"wp","href":"https:\/\/api.w.org\/{rel}","templated":true}]}}