{"id":127065,"date":"2022-04-27T12:21:45","date_gmt":"2022-04-27T10:21:45","guid":{"rendered":"https:\/\/www.secowarwick.com\/produkte\/vakuum-anlagen\/single-piece-flow-vacuum-systems\/"},"modified":"2025-12-05T10:38:31","modified_gmt":"2025-12-05T09:38:31","slug":"single-piece-flow-vakuum-systeme","status":"publish","type":"page","link":"https:\/\/www.secowarwick.com\/de\/produkte\/vakuum-anlagen\/single-piece-flow-vakuum-systeme\/","title":{"rendered":"W\u00e4rmebehandlungssysteme f\u00fcr Inline-Produktion &#8211; UniCase Master"},"content":{"rendered":"<p>[et_pb_section fb_built=&#8220;1&#8243; _builder_version=&#8220;4.16&#8243; global_colors_info=&#8220;{}&#8220;][et_pb_row _builder_version=&#8220;4.16&#8243; background_size=&#8220;initial&#8220; background_position=&#8220;top_left&#8220; background_repeat=&#8220;repeat&#8220; global_colors_info=&#8220;{}&#8220;][et_pb_column type=&#8220;4_4&#8243; _builder_version=&#8220;4.16&#8243; custom_padding=&#8220;|||&#8220; global_colors_info=&#8220;{}&#8220; custom_padding__hover=&#8220;|||&#8220;][et_pb_image src=&#8220;https:\/\/www.secowarwick.com\/wp-content\/uploads\/2019\/11\/slider-Unicase-Master.jpg&#8220; alt=&#8220;W\u00e4rmebehandlungssysteme f\u00fcr Inline-Produktion &#8211; UniCase Master\u00ae &#8220; title_text=&#8220;W\u00e4rmebehandlungssysteme f\u00fcr Inline-Produktion &#8211; UniCase Master\u00ae&#8220; align_tablet=&#8220;center&#8220; align_phone=&#8220;&#8220; align_last_edited=&#8220;on|desktop&#8220; _builder_version=&#8220;4.16&#8243; global_colors_info=&#8220;{}&#8220;][\/et_pb_image][et_pb_text module_class=&#8220;p-seco-product-header-text&#8220; _builder_version=&#8220;4.16&#8243; global_colors_info=&#8220;{}&#8220;][\/et_pb_text][\/et_pb_column][\/et_pb_row][et_pb_row _builder_version=&#8220;4.16&#8243; background_size=&#8220;initial&#8220; background_position=&#8220;top_left&#8220; background_repeat=&#8220;repeat&#8220; global_colors_info=&#8220;{}&#8220;][et_pb_column type=&#8220;4_4&#8243; _builder_version=&#8220;4.16&#8243; custom_padding=&#8220;|||&#8220; global_colors_info=&#8220;{}&#8220; custom_padding__hover=&#8220;|||&#8220;][et_pb_breadcrumbs _builder_version=&#8220;4.10.3&#8243; _module_preset=&#8220;default&#8220; global_colors_info=&#8220;{}&#8220;][\/et_pb_breadcrumbs][et_pb_text module_class=&#8220;podtytuly&#8220; _builder_version=&#8220;4.23.1&#8243; hover_enabled=&#8220;0&#8243; global_colors_info=&#8220;{}&#8220; sticky_enabled=&#8220;0&#8243;]<\/p>\n<h1>W\u00e4rmebehandlungssysteme f\u00fcr Inline-Produktion &#8211; UniCase Master<\/h1>\n<p>&nbsp;<\/p>\n<h2>Vakuum-Einzelst\u00fcckfluss-Systeme zum Niederdruckaufkohlen (LPC), Abschrecken, Anlassen und Gasabschrecken.<\/h2>\n<div>\u00a0<\/div>\n<p>UniCase Master ist ein <a href=\"https:\/\/www.secowarwick.com\/de\/produkte\/vakuum-anlagen\/\">Vakuumofen<\/a>, der die Verformung w\u00e4hrend der W\u00e4rmebehandlung durch ein pr\u00e4zises <strong>Oberfl\u00e4chenh\u00e4rtungssystem<\/strong> mit Einzelteilfluss deutlich reduziert und f\u00fcr Gro\u00dfserienfertigung entwickelt wurde.\u00a0 Die W\u00e4rmebehandlung, insbesondere das H\u00e4rten, f\u00fchrt zu Verformungen. Sie werden in\u00a0der Regel nachtr\u00e4glich durch eine Bearbeitung korrigiert, die hohe Kosten verursacht. Das Ziel jedes Massen-W\u00e4rmebehandlungsprozesses von Zahnr\u00e4dern ist es, Verformungen zu beseitigen oder zu reduzieren, aber UniCase Master ist das einzige System, das dies tun kann.<\/p>\n<p>&nbsp;<\/p>\n<p>[\/et_pb_text][et_pb_seco_products product_1_title=&#8220;UniCase Master&#8220; product_1_src=&#8220;https:\/\/www.secowarwick.com\/wp-content\/uploads\/2018\/12\/UCM2.jpg&#8220; product_1_alt=&#8220;Pr\u00e4zisionseinsatzh\u00e4rten f\u00fcr die Massenfertigung&#8220; product_1_button=&#8220;MEHR&#8220; product_1_url=&#8220;https:\/\/www.secowarwick.com\/de\/technik-im-rampenlicht\/praezisions-einsatzhaerten-fuer-die-grossserienfertigung\/&#8220; product_2_title=&#8220;UniCase Master 4D Quench&#8220; product_2_src=&#8220;https:\/\/www.secowarwick.com\/wp-content\/uploads\/2021\/03\/ucmv5.jpg&#8220; product_2_alt=&#8220;Eine moderne Alternative zur Druckabschreckung und Verzerrungskontrolle&#8220; product_2_button=&#8220;MEHR&#8220; product_2_url=&#8220;https:\/\/www.secowarwick.com\/de\/produkte\/vakuum-anlagen\/unicase-master-4d-quench\/&#8220; product_3_title=&#8220;UniCase Master Custom&#8220; product_3_src=&#8220;https:\/\/www.secowarwick.com\/wp-content\/uploads\/2022\/03\/UCM-Custom-2.jpg&#8220; product_3_alt=&#8220;Das Vakuumsystem f\u00fcr individuelle Vakuumw\u00e4rmebehandlungen&#8220; product_3_button=&#8220;MEHR&#8220; product_3_url=&#8220;https:\/\/www.secowarwick.com\/de\/produkte\/vakuumwaermebehandlungssystem-ucm-custom\/&#8220; module_id=&#8220;secoalutest&#8220; module_class=&#8220;disable-animation  max600&#8243; _builder_version=&#8220;4.23.1&#8243; module_alignment=&#8220;center&#8220; global_colors_info=&#8220;{}&#8220;][\/et_pb_seco_products][et_pb_text _builder_version=&#8220;4.23.1&#8243; custom_padding=&#8220;15px||15px|&#8220; global_colors_info=&#8220;{}&#8220;][\/et_pb_text][\/et_pb_column][\/et_pb_row][et_pb_row _builder_version=&#8220;4.16&#8243; background_size=&#8220;initial&#8220; background_position=&#8220;top_left&#8220; background_repeat=&#8220;repeat&#8220; global_colors_info=&#8220;{}&#8220;][et_pb_column type=&#8220;4_4&#8243; _builder_version=&#8220;4.16&#8243; custom_padding=&#8220;|||&#8220; global_colors_info=&#8220;{}&#8220; custom_padding__hover=&#8220;|||&#8220;][et_pb_code admin_label=&#8220;crm-rfq-de&#8220; _builder_version=&#8220;4.10.3&#8243; _module_preset=&#8220;default&#8220; global_module=&#8220;123766&#8243; global_colors_info=&#8220;{}&#8220;]<!-- [et_pb_line_break_holder] --><pee style=\"text-align: center;\"><a class=\"small-button smallred\" style=\"font-size: 20px; padding: 20px 60px;\" href=\"https:\/\/www.secowarwick.com\/de\/fordern-sie-hier-ihr-angebot-an\/\"><span style=\"display: block; transform: skew(15deg,0deg); -webkit-transform: skew(15deg,0deg); font-size: 20px; !important\">UM EIN ANGEBOT BITTEN<\/span><\/a><\/pee>[\/et_pb_code][\/et_pb_column][\/et_pb_row][\/et_pb_section]<\/p>\n","protected":false},"excerpt":{"rendered":"<p>[et_pb_breadcrumbs _builder_version=&#8220;4.10.3&#8243; _module_preset=&#8220;default&#8220; global_colors_info=&#8220;{}&#8220;][\/et_pb_breadcrumbs]W\u00e4rmebehandlungssysteme f\u00fcr Inline-Produktion &#8211; UniCase Master &nbsp; Vakuum-Einzelst\u00fcckfluss-Systeme zum Niederdruckaufkohlen (LPC), Abschrecken, Anlassen und Gasabschrecken. \u00a0 UniCase Master ist ein Vakuumofen, der die Verformung w\u00e4hrend der W\u00e4rmebehandlung durch ein pr\u00e4zises Oberfl\u00e4chenh\u00e4rtungssystem mit Einzelteilfluss deutlich reduziert und f\u00fcr Gro\u00dfserienfertigung entwickelt wurde.\u00a0 Die W\u00e4rmebehandlung, insbesondere das H\u00e4rten, f\u00fchrt zu Verformungen. Sie werden in\u00a0der Regel [&hellip;]<\/p>\n","protected":false},"author":2,"featured_media":86622,"parent":7218,"menu_order":0,"comment_status":"closed","ping_status":"closed","template":"","meta":{"_acf_changed":false,"_et_pb_use_builder":"on","_et_pb_old_content":"","_et_gb_content_width":"","footnotes":""},"class_list":["post-127065","page","type-page","status-publish","has-post-thumbnail"],"acf":[],"_links":{"self":[{"href":"https:\/\/www.secowarwick.com\/de\/wp-json\/wp\/v2\/pages\/127065","targetHints":{"allow":["GET"]}}],"collection":[{"href":"https:\/\/www.secowarwick.com\/de\/wp-json\/wp\/v2\/pages"}],"about":[{"href":"https:\/\/www.secowarwick.com\/de\/wp-json\/wp\/v2\/types\/page"}],"author":[{"embeddable":true,"href":"https:\/\/www.secowarwick.com\/de\/wp-json\/wp\/v2\/users\/2"}],"replies":[{"embeddable":true,"href":"https:\/\/www.secowarwick.com\/de\/wp-json\/wp\/v2\/comments?post=127065"}],"version-history":[{"count":13,"href":"https:\/\/www.secowarwick.com\/de\/wp-json\/wp\/v2\/pages\/127065\/revisions"}],"predecessor-version":[{"id":188214,"href":"https:\/\/www.secowarwick.com\/de\/wp-json\/wp\/v2\/pages\/127065\/revisions\/188214"}],"up":[{"embeddable":true,"href":"https:\/\/www.secowarwick.com\/de\/wp-json\/wp\/v2\/pages\/7218"}],"wp:featuredmedia":[{"embeddable":true,"href":"https:\/\/www.secowarwick.com\/de\/wp-json\/wp\/v2\/media\/86622"}],"wp:attachment":[{"href":"https:\/\/www.secowarwick.com\/de\/wp-json\/wp\/v2\/media?parent=127065"}],"curies":[{"name":"wp","href":"https:\/\/api.w.org\/{rel}","templated":true}]}}