{"id":127071,"date":"2022-04-27T13:12:55","date_gmt":"2022-04-27T11:12:55","guid":{"rendered":"https:\/\/www.secowarwick.com\/produkte\/vakuum-anlagen\/vacuum-furnaces-for-lpc\/"},"modified":"2025-12-05T10:09:04","modified_gmt":"2025-12-05T09:09:04","slug":"vakuumoefen-fuer-lpc","status":"publish","type":"page","link":"https:\/\/www.secowarwick.com\/de\/produkte\/vakuum-anlagen\/vakuumoefen-fuer-lpc\/","title":{"rendered":"Mehrkammerofen zum Niederdruckaufkohlen und \u00d6labschreckung oder Hochdruckgasabschreckung f\u00fcr die Gro\u00dfserienfertigung"},"content":{"rendered":"<p>[et_pb_section fb_built=&#8220;1&#8243; _builder_version=&#8220;4.16&#8243; global_colors_info=&#8220;{}&#8220;][et_pb_row _builder_version=&#8220;4.16&#8243; background_size=&#8220;initial&#8220; background_position=&#8220;top_left&#8220; background_repeat=&#8220;repeat&#8220; global_colors_info=&#8220;{}&#8220;][et_pb_column type=&#8220;4_4&#8243; _builder_version=&#8220;4.16&#8243; custom_padding=&#8220;|||&#8220; global_colors_info=&#8220;{}&#8220; custom_padding__hover=&#8220;|||&#8220;][et_pb_image src=&#8220;https:\/\/www.secowarwick.com\/wp-content\/uploads\/2019\/12\/ATMOSPHERE-HEAT-slider.jpg&#8220; alt=&#8220;Mehrkammerofen zum Niederdruckaufkohlen und \u00d6labschreckung oder Hochdruckgasabschreckung f\u00fcr die Gro\u00dfserienfertigung&#8220; title_text=&#8220;Mehrkammerofen zum Niederdruckaufkohlen und \u00d6labschreckung oder Hochdruckgasabschreckung f\u00fcr die Gro\u00dfserienfertigung&#8220; align_tablet=&#8220;center&#8220; align_phone=&#8220;&#8220; align_last_edited=&#8220;on|desktop&#8220; _builder_version=&#8220;4.16&#8243; global_colors_info=&#8220;{}&#8220;][\/et_pb_image][et_pb_text module_class=&#8220;p-seco-product-header-text&#8220; _builder_version=&#8220;4.16&#8243; global_colors_info=&#8220;{}&#8220;][\/et_pb_text][\/et_pb_column][\/et_pb_row][et_pb_row _builder_version=&#8220;4.16&#8243; custom_margin=&#8220;0px|||&#8220; custom_padding=&#8220;0px|||&#8220; global_colors_info=&#8220;{}&#8220;][et_pb_column type=&#8220;4_4&#8243; _builder_version=&#8220;4.16&#8243; custom_padding=&#8220;|||&#8220; global_colors_info=&#8220;{}&#8220; custom_padding__hover=&#8220;|||&#8220;][et_pb_breadcrumbs _builder_version=&#8220;4.10.3&#8243; _module_preset=&#8220;default&#8220; global_colors_info=&#8220;{}&#8220;][\/et_pb_breadcrumbs][et_pb_text module_class=&#8220;podtytuly&#8220; _builder_version=&#8220;4.23.1&#8243; _module_preset=&#8220;default&#8220; hover_enabled=&#8220;0&#8243; global_colors_info=&#8220;{}&#8220; sticky_enabled=&#8220;0&#8243;]<\/p>\n<h1>Mehrkammerofen zum Niederdruckaufkohlen und \u00d6labschreckung oder Hochdruckgasabschreckung f\u00fcr die Gro\u00dfserienfertigung.<\/h1>\n<p>&nbsp;<\/p>\n<h2>Mehrkammer-Vakuum\u00f6fen f\u00fcr Niederdruckkarburierung (LPC), H\u00e4rten (\u00d6l\/Gas) und Anlassen.<\/h2>\n<p>&nbsp;<\/p>\n<p>CaseMaster Evolution \u201eCMe\u201d ist eine Familie von <a href=\"https:\/\/www.secowarwick.com\/de\/produkte\/vakuum-anlagen\/\">Vakuum\u00f6fen<\/a>, die f\u00fcr die Halbdurchlaufh\u00e4rtung von Oberfl\u00e4chen durch <strong>Niederdruckaufkohlen<\/strong> und <strong>\u00d6labschreckung oder Hochdruckgasabschreckung<\/strong> \u00a0sowie f\u00fcr das Durchh\u00e4rtungsverfahren entwickelt wurden und eine breite Alternative zu atmosph\u00e4rischen \u00d6fen mit eingebautem Abschreckbeh\u00e4lter, Durchlaufleitungen und Mehrkammersystemen darstellen.\u00a0 Unabh\u00e4ngig von den grundlegenden Anwendungen kann er\u00a0in\u00a0vielen anderen W\u00e4rmebehandlungsprozessen wie Gl\u00fchen oder Messingl\u00f6ten verwendet werden.<\/p>\n<p>CaseMaster Evolution ist eine neue Generation von L\u00f6sungen mit eingebautem Abschreckbeh\u00e4lter, der eine zus\u00e4tzliche Option f\u00fcr eine breite Palette von LPC-Anwendungen in\u00a0verschiedenen Branchen wie Luft- und Raumfahrt, Automobilbranche, Maschinenbau, Lagerherstellung und kommerzielle W\u00e4rmebehandlung ist.<strong>\u00a0\u00a0\u00a0\u00a0\u00a0\u00a0\u00a0\u00a0\u00a0\u00a0\u00a0 <\/strong><\/p>\n<p><strong> \u00a0<\/strong><\/p>\n<p>&nbsp;<\/p>\n<p>[\/et_pb_text][et_pb_seco_products product_1_title=&#8220;H\u00e4rte\u00f6fen zum Niederdruckaufkohlen \u2013 CaseMaster Evolution D\/T&#8220; product_1_src=&#8220;https:\/\/www.secowarwick.com\/wp-content\/uploads\/2019\/12\/Case-Master-Evoltion2.jpg&#8220; product_1_alt=&#8220;H\u00e4rte\u00f6fen zum Niederdruckaufkohlen \u2013 CaseMaster Evolution D\/T&#8220; product_1_button=&#8220;MEHR&#8220; product_1_url=&#8220;https:\/\/www.secowarwick.com\/de\/produkte\/vakuum-anlagen\/casemasterevolution\/&#8220; product_2_title=&#8220;Integraler Abschreckofen \u2013 CaseMaster Evolution Super IQ&#8220; product_2_src=&#8220;https:\/\/www.secowarwick.com\/wp-content\/uploads\/2019\/06\/REX_SuperQ_250bw-e1576239478183.jpg&#8220; product_2_alt=&#8220;Integraler Abschreckofen \u2013 CaseMaster Evolution Super IQ&#8220; product_2_button=&#8220;MEHR&#8220; product_2_url=&#8220;https:\/\/www.secowarwick.com\/de\/produkte\/schutzgasoefen-und-systeme-atm\/super-iq-universal-kammerofen\/&#8220; product_3_title=&#8220;Dreikammer-Vakuumofen im\u00a0halbkontinuierlichen Produktionsmodus \u2013 CaseMaster Evolution T&#8220; product_3_src=&#8220;https:\/\/www.secowarwick.com\/wp-content\/uploads\/2019\/06\/CME-T-2.jpg&#8220; product_3_alt=&#8220;Dreikammer-Vakuumofen im\u00a0halbkontinuierlichen Produktionsmodus \u2013 CaseMaster Evolution T&#8220; product_3_button=&#8220;MEHR&#8220; product_3_url=&#8220;https:\/\/www.secowarwick.com\/de\/produkte\/vakuum-anlagen\/casemaster-evolution-t\/&#8220; product_4_title=&#8220;CaseMaster Evolution &#8211; T-HPGQ&#8220; product_4_src=&#8220;https:\/\/www.secowarwick.com\/wp-content\/uploads\/2022\/04\/soon250.jpg&#8220; product_4_alt=&#8220;COMING SOON&#8220; product_4_button=&#8220;MEHR&#8220; module_id=&#8220;secoalutest&#8220; module_class=&#8220;disable-animation max800&#8243; _builder_version=&#8220;4.23.1&#8243; global_colors_info=&#8220;{}&#8220;][\/et_pb_seco_products][et_pb_text _builder_version=&#8220;4.23.1&#8243; custom_padding=&#8220;15px||15px|&#8220; global_colors_info=&#8220;{}&#8220;][\/et_pb_text][\/et_pb_column][\/et_pb_row][et_pb_row _builder_version=&#8220;4.16&#8243; background_size=&#8220;initial&#8220; background_position=&#8220;top_left&#8220; background_repeat=&#8220;repeat&#8220; global_colors_info=&#8220;{}&#8220;][et_pb_column type=&#8220;4_4&#8243; _builder_version=&#8220;4.16&#8243; custom_padding=&#8220;|||&#8220; global_colors_info=&#8220;{}&#8220; custom_padding__hover=&#8220;|||&#8220;][et_pb_code admin_label=&#8220;crm-rfq-de&#8220; _builder_version=&#8220;4.10.3&#8243; _module_preset=&#8220;default&#8220; global_module=&#8220;123766&#8243; global_colors_info=&#8220;{}&#8220;]<!-- [et_pb_line_break_holder] --><pee style=\"text-align: center;\"><a class=\"small-button smallred\" style=\"font-size: 20px; padding: 20px 60px;\" href=\"https:\/\/www.secowarwick.com\/de\/fordern-sie-hier-ihr-angebot-an\/\"><span style=\"display: block; transform: skew(15deg,0deg); -webkit-transform: skew(15deg,0deg); font-size: 20px; !important\">UM EIN ANGEBOT BITTEN<\/span><\/a><\/pee>[\/et_pb_code][\/et_pb_column][\/et_pb_row][\/et_pb_section]<\/p>\n","protected":false},"excerpt":{"rendered":"<p>[et_pb_breadcrumbs _builder_version=&#8220;4.10.3&#8243; _module_preset=&#8220;default&#8220; global_colors_info=&#8220;{}&#8220;][\/et_pb_breadcrumbs]Mehrkammerofen zum Niederdruckaufkohlen und \u00d6labschreckung oder Hochdruckgasabschreckung f\u00fcr die Gro\u00dfserienfertigung. &nbsp; Mehrkammer-Vakuum\u00f6fen f\u00fcr Niederdruckkarburierung (LPC), H\u00e4rten (\u00d6l\/Gas) und Anlassen. &nbsp; CaseMaster Evolution \u201eCMe\u201d ist eine Familie von Vakuum\u00f6fen, die f\u00fcr die Halbdurchlaufh\u00e4rtung von Oberfl\u00e4chen durch Niederdruckaufkohlen und \u00d6labschreckung oder Hochdruckgasabschreckung \u00a0sowie f\u00fcr das Durchh\u00e4rtungsverfahren entwickelt wurden und eine breite Alternative zu atmosph\u00e4rischen [&hellip;]<\/p>\n","protected":false},"author":2,"featured_media":87892,"parent":7218,"menu_order":0,"comment_status":"closed","ping_status":"closed","template":"","meta":{"_acf_changed":false,"_et_pb_use_builder":"on","_et_pb_old_content":"","_et_gb_content_width":"","footnotes":""},"class_list":["post-127071","page","type-page","status-publish","has-post-thumbnail"],"acf":[],"_links":{"self":[{"href":"https:\/\/www.secowarwick.com\/de\/wp-json\/wp\/v2\/pages\/127071","targetHints":{"allow":["GET"]}}],"collection":[{"href":"https:\/\/www.secowarwick.com\/de\/wp-json\/wp\/v2\/pages"}],"about":[{"href":"https:\/\/www.secowarwick.com\/de\/wp-json\/wp\/v2\/types\/page"}],"author":[{"embeddable":true,"href":"https:\/\/www.secowarwick.com\/de\/wp-json\/wp\/v2\/users\/2"}],"replies":[{"embeddable":true,"href":"https:\/\/www.secowarwick.com\/de\/wp-json\/wp\/v2\/comments?post=127071"}],"version-history":[{"count":11,"href":"https:\/\/www.secowarwick.com\/de\/wp-json\/wp\/v2\/pages\/127071\/revisions"}],"predecessor-version":[{"id":188200,"href":"https:\/\/www.secowarwick.com\/de\/wp-json\/wp\/v2\/pages\/127071\/revisions\/188200"}],"up":[{"embeddable":true,"href":"https:\/\/www.secowarwick.com\/de\/wp-json\/wp\/v2\/pages\/7218"}],"wp:featuredmedia":[{"embeddable":true,"href":"https:\/\/www.secowarwick.com\/de\/wp-json\/wp\/v2\/media\/87892"}],"wp:attachment":[{"href":"https:\/\/www.secowarwick.com\/de\/wp-json\/wp\/v2\/media?parent=127071"}],"curies":[{"name":"wp","href":"https:\/\/api.w.org\/{rel}","templated":true}]}}