{"id":127077,"date":"2022-04-27T14:09:19","date_gmt":"2022-04-27T12:09:19","guid":{"rendered":"https:\/\/www.secowarwick.com\/single-chamber-vacuum-furnace\/"},"modified":"2025-12-05T09:43:19","modified_gmt":"2025-12-05T08:43:19","slug":"einkammer-vakuumofen","status":"publish","type":"page","link":"https:\/\/www.secowarwick.com\/de\/einkammer-vakuumofen\/","title":{"rendered":"Vakuum-Kammerofen &#8211; Vector"},"content":{"rendered":"<p>[et_pb_section fb_built=&#8220;1&#8243; _builder_version=&#8220;4.16&#8243; global_colors_info=&#8220;{}&#8220;][et_pb_row _builder_version=&#8220;4.16&#8243; _module_preset=&#8220;default&#8220; global_colors_info=&#8220;{}&#8220;][et_pb_column type=&#8220;4_4&#8243; _builder_version=&#8220;4.16&#8243; _module_preset=&#8220;default&#8220; global_colors_info=&#8220;{}&#8220;][et_pb_image src=&#8220;https:\/\/www.secowarwick.com\/wp-content\/uploads\/2019\/11\/slider-Vector.jpg&#8220; alt=&#8220;Vakuum-Kammerofen &#8211; Vector\u00ae SECO\/WARWICK&#8220; title_text=&#8220;Vakuum-Kammerofen &#8211; Vector\u00ae SECO\/WARWICK&#8220; _builder_version=&#8220;4.16&#8243; _module_preset=&#8220;default&#8220; global_colors_info=&#8220;{}&#8220;][\/et_pb_image][\/et_pb_column][\/et_pb_row][et_pb_row _builder_version=&#8220;4.16&#8243; custom_margin=&#8220;0px|||&#8220; custom_padding=&#8220;0px|||&#8220; global_colors_info=&#8220;{}&#8220;][et_pb_column type=&#8220;4_4&#8243; _builder_version=&#8220;4.16&#8243; custom_padding=&#8220;|||&#8220; global_colors_info=&#8220;{}&#8220; custom_padding__hover=&#8220;|||&#8220;][et_pb_breadcrumbs _builder_version=&#8220;4.10.3&#8243; _module_preset=&#8220;default&#8220; global_colors_info=&#8220;{}&#8220;][\/et_pb_breadcrumbs][et_pb_text module_class=&#8220;podtytuly&#8220; _builder_version=&#8220;4.23.1&#8243; _module_preset=&#8220;default&#8220; hover_enabled=&#8220;0&#8243; global_colors_info=&#8220;{}&#8220; sticky_enabled=&#8220;0&#8243;]<\/p>\n<h1>Vakuum-Kammerofen &#8211; Vector<\/h1>\n<h2>Vector ist ein Einkammer-Vakuumofen mit runder Graphitheizkammer, der f\u00fcr eine Vielzahl von W\u00e4rmebehandlungsprozessen und -anwendungen wie H\u00e4rten, Anlassen, Gl\u00fchen, Messingl\u00f6ten, Niederdruckaufkohlen und Sintern verwendet werden kann.<\/h2>\n<h2>Einkammer\u00f6fen zur Vakuumw\u00e4rmebehandlung und zum Hartl\u00f6ten.<\/h2>\n<p>&nbsp;<\/p>\n<p>Er\u00a0bietet wesentliche F\u00e4higkeiten f\u00fcr hohe Gleichm\u00e4\u00dfigkeit in\u00a0w\u00e4rmebehandelten Teilen, hohe Konsistenz der Arbeitslasten und hohe Batch-Bearbeitungsgeschwindigkeiten bei geringem Energie- und Prozessgasverbrauch.<\/p>\n<p>Diese \u00d6fen k\u00f6nnen f\u00fcr die meisten Standardprozesse von H\u00e4rten, Anlassen, Gl\u00fchen, Ausscheidungsh\u00e4rtung, Messingl\u00f6ten und Sintern verwendet werden. Vector\u00ae-\u00d6fen mit Hochdruckgask\u00fchlung sind die ideale L\u00f6sung f\u00fcr die meisten W\u00e4rmebehandlungsprozesse.<\/p>\n<p>&nbsp;<\/p>\n<p>[\/et_pb_text][et_pb_seco_products product_1_title=&#8220;Vector HV<br \/>Hochvakuum-Ofen&#8220; product_1_src=&#8220;https:\/\/www.secowarwick.com\/wp-content\/uploads\/2025\/10\/VectorHV.jpg&#8220; product_1_alt=&#8220;Einkammer-Hochvakuumofen f\u00fcr Mehrzweck- und dedizierte Anwendungen&#8220; product_1_button=&#8220;MEHR&#8220; product_1_url=&#8220;https:\/\/www.secowarwick.com\/de\/hochvakuumofen-vector-hv\/&#8220; product_2_title=&#8220;Vector HPGQ<br \/>Vakuumofen mit Hochdruckgasabschreckung&#8220; product_2_src=&#8220;https:\/\/www.secowarwick.com\/wp-content\/uploads\/2019\/12\/2016_VAC_Single-chamber-furnace-HPGQ-for-LPC-FineCarb\u00ae-PreNitLPC\u00ae.jpg&#8220; product_2_alt=&#8220;Ein fortschrittlicher Vakuumofen mit Hochdruckgasabschreckung&#8220; product_2_button=&#8220;MEHR&#8220; product_2_url=&#8220;https:\/\/www.secowarwick.com\/de\/produkte\/vakuum-anlagen\/vector\/&#8220; product_3_title=&#8220;Vakuumofen zum L\u00f6ten von Vakuum-Schaltr\u00f6hren &#8211; Vector UHV&#8220; product_3_src=&#8220;https:\/\/www.secowarwick.com\/wp-content\/uploads\/2023\/11\/VCB.jpg&#8220; product_3_alt=&#8220;Vakuumofen zum L\u00f6ten von Vakuum-Schaltr\u00f6hren &#8220; product_3_button=&#8220;MEHR&#8220; product_3_url=&#8220;https:\/\/www.secowarwick.com\/de\/vakuum-schaltroehren\/&#8220; product_4_title=&#8220;Vector 3D&#8220; product_4_src=&#8220;https:\/\/www.secowarwick.com\/wp-content\/uploads\/2020\/11\/vector3d-new.jpg&#8220; product_4_alt=&#8220;Vakuumofen f\u00fcr die W\u00e4rmebehandlung von Metallen nach der additiven Herstellung&#8220; product_4_button=&#8220; MEHR&#8220; product_4_url=&#8220;https:\/\/www.secowarwick.com\/de\/produkte\/vakuum-anlagen\/vector-3d\/&#8220; module_id=&#8220;secoalutest&#8220; module_class=&#8220;disable-animation max800&#8243; _builder_version=&#8220;4.23.1&#8243; global_colors_info=&#8220;{}&#8220;][\/et_pb_seco_products][et_pb_text _builder_version=&#8220;4.16&#8243; _module_preset=&#8220;default&#8220; global_colors_info=&#8220;{}&#8220;][\/et_pb_text][\/et_pb_column][\/et_pb_row][et_pb_row _builder_version=&#8220;4.16&#8243; _module_preset=&#8220;default&#8220; global_colors_info=&#8220;{}&#8220;][et_pb_column type=&#8220;4_4&#8243; _builder_version=&#8220;4.16&#8243; _module_preset=&#8220;default&#8220; global_colors_info=&#8220;{}&#8220;][et_pb_code admin_label=&#8220;crm-rfq-de&#8220; _builder_version=&#8220;4.10.3&#8243; _module_preset=&#8220;default&#8220; global_module=&#8220;123766&#8243; global_colors_info=&#8220;{}&#8220;]<!-- [et_pb_line_break_holder] --><pee style=\"text-align: center;\"><a class=\"small-button smallred\" style=\"font-size: 20px; padding: 20px 60px;\" href=\"https:\/\/www.secowarwick.com\/de\/fordern-sie-hier-ihr-angebot-an\/\"><span style=\"display: block; transform: skew(15deg,0deg); -webkit-transform: skew(15deg,0deg); font-size: 20px; !important\">UM EIN ANGEBOT BITTEN<\/span><\/a><\/pee>[\/et_pb_code][\/et_pb_column][\/et_pb_row][\/et_pb_section]<\/p>\n","protected":false},"excerpt":{"rendered":"<p>[et_pb_breadcrumbs _builder_version=&#8220;4.10.3&#8243; _module_preset=&#8220;default&#8220; global_colors_info=&#8220;{}&#8220;][\/et_pb_breadcrumbs]Vakuum-Kammerofen &#8211; Vector Vector ist ein Einkammer-Vakuumofen mit runder Graphitheizkammer, der f\u00fcr eine Vielzahl von W\u00e4rmebehandlungsprozessen und -anwendungen wie H\u00e4rten, Anlassen, Gl\u00fchen, Messingl\u00f6ten, Niederdruckaufkohlen und Sintern verwendet werden kann. Einkammer\u00f6fen zur Vakuumw\u00e4rmebehandlung und zum Hartl\u00f6ten. &nbsp; Er\u00a0bietet wesentliche F\u00e4higkeiten f\u00fcr hohe Gleichm\u00e4\u00dfigkeit in\u00a0w\u00e4rmebehandelten Teilen, hohe Konsistenz der Arbeitslasten und hohe Batch-Bearbeitungsgeschwindigkeiten bei [&hellip;]<\/p>\n","protected":false},"author":2,"featured_media":86556,"parent":0,"menu_order":0,"comment_status":"closed","ping_status":"closed","template":"","meta":{"_acf_changed":false,"_et_pb_use_builder":"on","_et_pb_old_content":"","_et_gb_content_width":"","footnotes":""},"class_list":["post-127077","page","type-page","status-publish","has-post-thumbnail"],"acf":[],"_links":{"self":[{"href":"https:\/\/www.secowarwick.com\/de\/wp-json\/wp\/v2\/pages\/127077","targetHints":{"allow":["GET"]}}],"collection":[{"href":"https:\/\/www.secowarwick.com\/de\/wp-json\/wp\/v2\/pages"}],"about":[{"href":"https:\/\/www.secowarwick.com\/de\/wp-json\/wp\/v2\/types\/page"}],"author":[{"embeddable":true,"href":"https:\/\/www.secowarwick.com\/de\/wp-json\/wp\/v2\/users\/2"}],"replies":[{"embeddable":true,"href":"https:\/\/www.secowarwick.com\/de\/wp-json\/wp\/v2\/comments?post=127077"}],"version-history":[{"count":22,"href":"https:\/\/www.secowarwick.com\/de\/wp-json\/wp\/v2\/pages\/127077\/revisions"}],"predecessor-version":[{"id":188192,"href":"https:\/\/www.secowarwick.com\/de\/wp-json\/wp\/v2\/pages\/127077\/revisions\/188192"}],"wp:featuredmedia":[{"embeddable":true,"href":"https:\/\/www.secowarwick.com\/de\/wp-json\/wp\/v2\/media\/86556"}],"wp:attachment":[{"href":"https:\/\/www.secowarwick.com\/de\/wp-json\/wp\/v2\/media?parent=127077"}],"curies":[{"name":"wp","href":"https:\/\/api.w.org\/{rel}","templated":true}]}}