{"id":127260,"date":"2022-05-19T12:43:14","date_gmt":"2022-05-19T10:43:14","guid":{"rendered":"https:\/\/www.secowarwick.com\/?page_id=127260"},"modified":"2023-08-29T12:31:39","modified_gmt":"2023-08-29T10:31:39","slug":"hartloeten-unter-kontrollierter-atmosphaere","status":"publish","type":"page","link":"https:\/\/www.secowarwick.com\/de\/produkte\/hartloeten-unter-kontrollierter-atmosphaere\/","title":{"rendered":"Hartl\u00f6ten von Aluminium unter kontrollierter Atmosph\u00e4re | CAB"},"content":{"rendered":"<p>[et_pb_section fb_built=&#8220;1&#8243; _builder_version=&#8220;4.16&#8243; global_colors_info=&#8220;{}&#8220;][et_pb_row _builder_version=&#8220;4.16&#8243; background_size=&#8220;initial&#8220; background_position=&#8220;top_left&#8220; background_repeat=&#8220;repeat&#8220; global_colors_info=&#8220;{}&#8220;][et_pb_column type=&#8220;4_4&#8243; _builder_version=&#8220;4.16&#8243; custom_padding=&#8220;|||&#8220; global_colors_info=&#8220;{}&#8220; custom_padding__hover=&#8220;|||&#8220;][et_pb_image src=&#8220;https:\/\/www.secowarwick.com\/wp-content\/uploads\/2019\/12\/slider-CONTINOUS-CAB-SYSTEM-1.jpg&#8220; alt=&#8220;Hartl\u00f6ten von Aluminium unter kontrollierter Atmosph\u00e4re | CAB&#8220; title_text=&#8220;Hartl\u00f6ten von Aluminium unter kontrollierter Atmosph\u00e4re | CAB&#8220; align_tablet=&#8220;center&#8220; align_phone=&#8220;&#8220; align_last_edited=&#8220;on|desktop&#8220; _builder_version=&#8220;4.16&#8243; global_colors_info=&#8220;{}&#8220;][\/et_pb_image][et_pb_text module_class=&#8220;p-seco-product-header-text&#8220; _builder_version=&#8220;4.16&#8243; global_colors_info=&#8220;{}&#8220;][\/et_pb_text][\/et_pb_column][\/et_pb_row][et_pb_row column_structure=&#8220;3_4,1_4&#8243; _builder_version=&#8220;4.16&#8243; custom_margin=&#8220;||0px|&#8220; custom_padding=&#8220;||0px|&#8220; global_colors_info=&#8220;{}&#8220;][et_pb_column type=&#8220;3_4&#8243; _builder_version=&#8220;4.16&#8243; custom_padding=&#8220;|||&#8220; global_colors_info=&#8220;{}&#8220; custom_padding__hover=&#8220;|||&#8220;][et_pb_breadcrumbs _builder_version=&#8220;4.10.3&#8243; _module_preset=&#8220;default&#8220; global_colors_info=&#8220;{}&#8220;][\/et_pb_breadcrumbs][et_pb_text module_class=&#8220;podtytuly&#8220; _builder_version=&#8220;4.16&#8243; global_colors_info=&#8220;{}&#8220;]<\/p>\n<h1>Hartl\u00f6ten von Aluminium unter kontrollierter Atmosph\u00e4re | CAB<\/h1>\n<p>[\/et_pb_text][\/et_pb_column][et_pb_column type=&#8220;1_4&#8243; _builder_version=&#8220;4.16&#8243; custom_padding=&#8220;55px||||false|false&#8220; custom_padding_tablet=&#8220;&#8220; custom_padding_phone=&#8220;0px||||false|false&#8220; custom_padding_last_edited=&#8220;on|desktop&#8220; global_colors_info=&#8220;{}&#8220; custom_padding__hover=&#8220;|||&#8220;][et_pb_text admin_label=&#8220;find-contact-apcab&#8220; module_class=&#8220;find-your-contact-modul&#8220; _builder_version=&#8220;4.16&#8243; text_font=&#8220;|600|||||||&#8220; saved_tabs=&#8220;all&#8220; global_colors_info=&#8220;{}&#8220;]<a href='https:\/\/www.secowarwick.com\/de\/produkte\/aluminium-prozesse\/contact\/' class='small-button smallred'><span><img decoding=\"async\" src=\"data:image\/svg+xml;base64,PHN2ZyB4bWxucz0iaHR0cDovL3d3dy53My5vcmcvMjAwMC9zdmciIHZlcnNpb249IjEuMSIgeG1sbnM6eGxpbms9Imh0dHA6Ly93d3cudzMub3JnLzE5OTkveGxpbmsiIHhtbG5zOnN2Z2pzPSJodHRwOi8vc3ZnanMuY29tL3N2Z2pzIiB3aWR0aD0iNTEyIiBoZWlnaHQ9IjUxMiIgeD0iMCIgeT0iMCIgdmlld0JveD0iMCAwIDQ2MS41MTYgNDYxLjUxNiIgc3R5bGU9ImVuYWJsZS1iYWNrZ3JvdW5kOm5ldyAwIDAgNTEyIDUxMiIgeG1sOnNwYWNlPSJwcmVzZXJ2ZSIgY2xhc3M9IiI+PGc+PGcgeG1sbnM9Imh0dHA6Ly93d3cudzMub3JnLzIwMDAvc3ZnIj48cGF0aCBkPSJtMTg1Ljc0NiAzNzEuMzMyYzQxLjI1MS4wMDEgODEuMzIyLTEzLjc2MiAxMTMuODY2LTM5LjExbDEyMi43NzggMTIyLjc3OGM5LjE3MiA4Ljg1OCAyMy43ODcgOC42MDQgMzIuNjQ1LS41NjggOC42NDEtOC45NDcgOC42NDEtMjMuMTMxIDAtMzIuMDc3bC0xMjIuNzc4LTEyMi43NzhjNjIuODk5LTgwLjk2OCA0OC4yNTItMTk3LjU5NS0zMi43MTYtMjYwLjQ5NHMtMTk3LjU5NC00OC4yNTItMjYwLjQ5MyAzMi43MTYtNDguMjUyIDE5Ny41OTUgMzIuNzE2IDI2MC40OTRjMzIuNTk3IDI1LjMyMyA3Mi43MDQgMzkuMDYgMTEzLjk4MiAzOS4wMzl6bS05OC42NTEtMjg0LjI3M2M1NC40ODQtNTQuNDg1IDE0Mi44Mi01NC40ODYgMTk3LjMwNS0uMDAyczU0LjQ4NiAxNDIuODIuMDAyIDE5Ny4zMDUtMTQyLjgyIDU0LjQ4Ni0xOTcuMzA1LjAwMmMtLjAwMS0uMDAxLS4wMDEtLjAwMS0uMDAyLS4wMDItNTQuNDg0LTU0LjA4Ny01NC44MDUtMTQyLjEwMS0uNzE4LTE5Ni41ODUuMjM5LS4yNC40NzgtLjQ3OS43MTgtLjcxOHoiIGZpbGw9IiNmZmZmZmYiIGRhdGEtb3JpZ2luYWw9IiMwMDAwMDAiIHN0eWxlPSIiIGNsYXNzPSIiPjwvcGF0aD48L2c+PC9nPjwvc3ZnPg==\" width=\"12px\" \/> FINDE DEIN CONTACT<\/span><\/a><br \/>\n[\/et_pb_text][\/et_pb_column][\/et_pb_row][et_pb_row _builder_version=&#8220;4.16&#8243; _module_preset=&#8220;default&#8220; global_colors_info=&#8220;{}&#8220;][et_pb_column type=&#8220;4_4&#8243; _builder_version=&#8220;4.16&#8243; _module_preset=&#8220;default&#8220; global_colors_info=&#8220;{}&#8220;][et_pb_text _builder_version=&#8220;4.16&#8243; custom_margin=&#8220;0px|||&#8220; custom_padding=&#8220;0px|||&#8220; global_colors_info=&#8220;{}&#8220;]<\/p>\n<p>Das Hartl\u00f6ten von Aluminium unter kontrollierter Atmosph\u00e4re (CAB) mit einem korrosionsfreien Flussmittel ist das bevorzugte Verfahren zur Herstellung von Aluminium-W\u00e4rmetauschern. Seit seiner Einf\u00fchrung in dieses Gebiet im Jahr 1983 hat SECO\/WARWICK die Entwicklung fortschrittlicher Technologien im Bereich des kontinuierlichen Flie\u00dfl\u00f6tverfahrens geleitet. Auf der Grundlage von \u00fcber 100 Jahren Erfahrung in der Ofenkonstruktion hat SECO\/WARWICK Innovationen wie verbesserte Muffelkonstruktionen, Konvektionsheizungen, kontinuierliche Atmosph\u00e4rensteuerungssysteme, energiesparende Konstruktionen, Systemumbauten und Machbarkeitsstudien f\u00fcr Upgrades vorangetrieben.<\/p>\n<p>Diese und andere Innovationen haben zur Entwicklung einer Vielzahl von L\u00f6tofensystemen gef\u00fchrt, um die wachsende Nachfrage nach Aluminiuml\u00f6tungen zu decken.<\/p>\n<p>Wir bieten optimale L\u00f6sungen f\u00fcr alle Arten von industriellen W\u00e4rmetauschern, die in der Lang-, Mittel- oder Einzelfertigung hergestellt werden.<\/p>\n<p>[\/et_pb_text][\/et_pb_column][\/et_pb_row][et_pb_row _builder_version=&#8220;4.16&#8243; module_alignment=&#8220;center&#8220; custom_margin=&#8220;0px|||&#8220; custom_padding=&#8220;0px|||&#8220; global_colors_info=&#8220;{}&#8220;][et_pb_column type=&#8220;4_4&#8243; _builder_version=&#8220;4.16&#8243; custom_padding=&#8220;|||&#8220; global_colors_info=&#8220;{}&#8220; custom_padding__hover=&#8220;|||&#8220;][et_pb_seco_products product_1_title=&#8220;CAB-\u00d6fenanlagen&#8220; product_1_src=&#8220;https:\/\/www.secowarwick.com\/wp-content\/uploads\/2019\/11\/CAB-Line.jpg&#8220; product_1_alt=&#8220;L\u00f6t\u00f6fen mit kontrollierter Atmosph\u00e4re (CAB) f\u00fcr Aluminium&#8220; product_1_button=&#8220;MEHR&#8220; product_1_url=&#8220;https:\/\/www.secowarwick.com\/de\/produkte\/hartloeten-unter-kontrollierter-atmosphaere\/cab-anlagen\/&#8220; product_2_title=&#8220;Kontinuierliche \u00d6fen zum Hartl\u00f6ten von Aluminium | EV\/CAB\u00ae &#8220; product_2_src=&#8220;https:\/\/www.secowarwick.com\/wp-content\/uploads\/2019\/11\/Continous-CAB-Line.jpg&#8220; product_2_alt=&#8220;Kontinuierliche CAB Anlagen &#8220; product_2_button=&#8220;MEHR&#8220; product_2_url=&#8220;https:\/\/www.secowarwick.com\/de\/produkte\/hartloeten-unter-kontrollierter-atmosphaere\/kontinuierliche-cab-anlagen\/&#8220; product_3_title=&#8220;Halbkontinuierliche \u00d6fen zum Hartl\u00f6ten von Aluminium&#8220; product_3_src=&#8220;https:\/\/www.secowarwick.com\/wp-content\/uploads\/2019\/11\/Semi-Continous-Products.jpg&#8220; product_3_alt=&#8220;Halbkontinuierliche L\u00f6t\u00f6fen f\u00fcr Aluminium&#8220; product_3_button=&#8220;MEHR&#8220; product_3_url=&#8220;https:\/\/www.secowarwick.com\/de\/produkte\/hartloeten-unter-kontrollierter-atmosphaere\/halbkontinuierliche-cab-anlagen\/&#8220; product_4_title=&#8220;Kammer\u00f6fen zum Hartl\u00f6ten von Aluminium&#8220; product_4_src=&#8220;https:\/\/www.secowarwick.com\/wp-content\/uploads\/2019\/11\/CAB-BATCH-500-x-500.jpg&#8220; product_4_alt=&#8220;Chargenl\u00f6t\u00f6fen f\u00fcr Aluminium&#8220; product_4_button=&#8220;MEHR&#8220; product_4_url=&#8220;https:\/\/www.secowarwick.com\/de\/produkte\/hartloeten-unter-kontrollierter-atmosphaere\/cab-batch-anlagen\/&#8220; product_5_title=&#8220;Aftermarkt f\u00fcr CAB-Anlagen&#8220; product_5_src=&#8220;https:\/\/www.secowarwick.com\/wp-content\/uploads\/2019\/11\/Aftermarket-CAB500-x-500.jpg&#8220; product_5_alt=&#8220;Aftermarkt f\u00fcr CAB-Anlagen&#8220; product_5_button=&#8220;MEHR&#8220; product_5_url=&#8220;https:\/\/www.secowarwick.com\/de\/produkte\/hartloeten-unter-kontrollierter-atmosphaere\/aftermarket-fur-cab-anlagen\/&#8220; module_id=&#8220;secoalutest&#8220; module_class=&#8220;disable-animation max800&#8243; _builder_version=&#8220;4.19.2&#8243; global_colors_info=&#8220;{}&#8220;][\/et_pb_seco_products][\/et_pb_column][\/et_pb_row][et_pb_row column_structure=&#8220;1_2,1_2&#8243; _builder_version=&#8220;4.16&#8243; background_color=&#8220;#ffffff&#8220; global_colors_info=&#8220;{}&#8220;][et_pb_column type=&#8220;1_2&#8243; _builder_version=&#8220;4.16&#8243; background_color=&#8220;#ffffff&#8220; custom_padding=&#8220;|||&#8220; global_colors_info=&#8220;{}&#8220; custom_padding__hover=&#8220;|||&#8220;][et_pb_text _builder_version=&#8220;4.16&#8243; border_color_all=&#8220;#ffffff&#8220; global_colors_info=&#8220;{}&#8220;]<strong><span style=\"color: #dc291e;\">\/<\/span>\u00a0Branchen:<\/strong><br \/>\nAutomobilindustrie, Energie-, Elektronik.<\/p>\n<p><strong><span style=\"color: #dc291e;\">\/<\/span>\u00a0Wesentliche Merkmale:<\/strong><br \/>\nSpezialisierte Aluminiuml\u00f6t- oder W\u00e4rmebehandlungsanlagen nach individuellen Anforderungen. Anpassung der Prozesse an die Spezifikation der Chargen-, Leistungs- und Qualit\u00e4tsanforderungen. Prozesszeitreduzierung, Energie und andere Faktoren zur Minimierung der Verbrauchsmedien, Erf\u00fcllung kundenspezifischer Standards wie Luftfahrt, Automobilindustrie, Umwelt und andere.<\/p>\n<p><strong><span style=\"color: #dc291e;\">\/<\/span>\u00a0Elemente der CAB-Linie:<\/strong><br \/>\nEntfetter, Flussmittelspr\u00fchsysteme, Trockner und CAB-L\u00f6tofen. Abh\u00e4ngig von den r\u00e4umlichen und logistischen Anforderungen des Kunden, k\u00f6nnen diese Einheiten in einer geraden Linie aufgebaut werden, als geschlossene Linie (Closed Loop) zusammen mit einem F\u00f6rdersystem oder im U- oder L-f\u00f6rmigen Aufbau.<br \/>\n[\/et_pb_text][\/et_pb_column][et_pb_column type=&#8220;1_2&#8243; _builder_version=&#8220;4.16&#8243; custom_padding=&#8220;|||&#8220; global_colors_info=&#8220;{}&#8220; custom_padding__hover=&#8220;|||&#8220;][et_pb_text _builder_version=&#8220;4.19.2&#8243; border_color_all=&#8220;#ffffff&#8220; global_colors_info=&#8220;{}&#8220;]<\/p>\n<p><strong><span style=\"color: #e30f13;\">\/<\/span>\u00a0Systems:<\/strong><\/p>\n<p>Computergesteuerter L\u00f6tprozess<\/p>\n<p><strong>Active Only\u00ae<\/strong>\u00a0\u2013 Halbkontinuierliche \u00a0Aluminium-Anlagen mit der h\u00f6chsten Flexibilit\u00e4t f\u00fcr\u00a0 Kunden mit einer hohen Vielfalt an HVAC W\u00e4rmetauschern.<\/p>\n<p>&nbsp;<\/p>\n<p>[\/et_pb_text][\/et_pb_column][\/et_pb_row][et_pb_row disabled_on=&#8220;on|on|on&#8220; _builder_version=&#8220;4.16&#8243; background_size=&#8220;initial&#8220; background_position=&#8220;top_left&#8220; background_repeat=&#8220;repeat&#8220; disabled=&#8220;on&#8220; global_colors_info=&#8220;{}&#8220;][et_pb_column type=&#8220;4_4&#8243; _builder_version=&#8220;4.16&#8243; custom_padding=&#8220;|||&#8220; global_colors_info=&#8220;{}&#8220; custom_padding__hover=&#8220;|||&#8220;][et_pb_text _builder_version=&#8220;4.16&#8243; global_colors_info=&#8220;{}&#8220;]<\/p>\n<h2>Produktmaterialien<\/h2>\n<p>[\/et_pb_text][\/et_pb_column][\/et_pb_row][et_pb_row column_structure=&#8220;1_2,1_2&#8243; disabled_on=&#8220;on|on|on&#8220; _builder_version=&#8220;4.16&#8243; background_color=&#8220;#ffffff&#8220; disabled=&#8220;on&#8220; global_colors_info=&#8220;{}&#8220;][et_pb_column type=&#8220;1_2&#8243; _builder_version=&#8220;4.16&#8243; background_color=&#8220;#ffffff&#8220; custom_padding=&#8220;|||&#8220; global_colors_info=&#8220;{}&#8220; custom_padding__hover=&#8220;|||&#8220;][et_pb_selected_documents _builder_version=&#8220;4.10.3&#8243; global_colors_info=&#8220;{}&#8220;][et_pb_document post_id=&#8220;118194&#8243; title=&#8220;R&#038;D CAB Furnace brochure&#8220; _builder_version=&#8220;4.10.3&#8243; global_colors_info=&#8220;{}&#8220;][\/et_pb_document][et_pb_document post_id=&#8220;20263&#8243; title=&#8220;Universal CAB Batch Furnace brochure&#8220; _builder_version=&#8220;4.10.3&#8243; global_colors_info=&#8220;{}&#8220;][\/et_pb_document][\/et_pb_selected_documents][\/et_pb_column][et_pb_column type=&#8220;1_2&#8243; _builder_version=&#8220;4.16&#8243; custom_padding=&#8220;|||&#8220; global_colors_info=&#8220;{}&#8220; custom_padding__hover=&#8220;|||&#8220;][et_pb_selected_documents _builder_version=&#8220;4.10.3&#8243; global_colors_info=&#8220;{}&#8220;][et_pb_document post_id=&#8220;114595&#8243; title=&#8220;CAB Controlled Atmosphere Aluminum Brazing Systems brochure&#8220; _builder_version=&#8220;4.10.3&#8243; global_colors_info=&#8220;{}&#8220;][\/et_pb_document][et_pb_document post_id=&#8220;35454&#8243; title=&#8220;Vacuum purging: a progressive innovation for CAB equipment and processes&#8220; _builder_version=&#8220;3.6&#8243; global_colors_info=&#8220;{}&#8220;][\/et_pb_document][\/et_pb_selected_documents][\/et_pb_column][\/et_pb_row][et_pb_row _builder_version=&#8220;4.16&#8243; background_size=&#8220;initial&#8220; background_position=&#8220;top_left&#8220; background_repeat=&#8220;repeat&#8220; global_colors_info=&#8220;{}&#8220;][et_pb_column type=&#8220;4_4&#8243; _builder_version=&#8220;4.16&#8243; custom_padding=&#8220;|||&#8220; global_colors_info=&#8220;{}&#8220; custom_padding__hover=&#8220;|||&#8220;][et_pb_code admin_label=&#8220;crm-rfq-de&#8220; _builder_version=&#8220;4.10.3&#8243; _module_preset=&#8220;default&#8220; global_module=&#8220;123766&#8243; global_colors_info=&#8220;{}&#8220;]<!-- [et_pb_line_break_holder] --><pee style=\"text-align: center;\"><a class=\"small-button smallred\" style=\"font-size: 20px; padding: 20px 60px;\" href=\"https:\/\/www.secowarwick.com\/de\/fordern-sie-hier-ihr-angebot-an\/\"><span style=\"display: block; transform: skew(15deg,0deg); -webkit-transform: skew(15deg,0deg); font-size: 20px; !important\">UM EIN ANGEBOT BITTEN<\/span><\/a><\/pee>[\/et_pb_code][\/et_pb_column][\/et_pb_row][\/et_pb_section]<\/p>\n","protected":false},"excerpt":{"rendered":"<p>[et_pb_breadcrumbs _builder_version=&#8220;4.10.3&#8243; _module_preset=&#8220;default&#8220; global_colors_info=&#8220;{}&#8220;][\/et_pb_breadcrumbs]Hartl\u00f6ten von Aluminium unter kontrollierter Atmosph\u00e4re | CAB<a href='https:\/\/www.secowarwick.com\/de\/produkte\/aluminium-prozesse\/contact\/' class='small-button smallred'><span>FINDE DEIN CONTACT<\/span><\/a> Das Hartl\u00f6ten von Aluminium unter kontrollierter Atmosph\u00e4re (CAB) mit einem korrosionsfreien Flussmittel ist das bevorzugte Verfahren zur Herstellung von Aluminium-W\u00e4rmetauschern. Seit seiner Einf\u00fchrung in dieses Gebiet im Jahr 1983 hat SECO\/WARWICK die Entwicklung fortschrittlicher Technologien im Bereich des kontinuierlichen [&hellip;]<\/p>\n","protected":false},"author":2,"featured_media":87632,"parent":7106,"menu_order":0,"comment_status":"closed","ping_status":"closed","template":"","meta":{"_acf_changed":false,"_et_pb_use_builder":"on","_et_pb_old_content":"","_et_gb_content_width":"","footnotes":""},"class_list":["post-127260","page","type-page","status-publish","has-post-thumbnail"],"acf":[],"_links":{"self":[{"href":"https:\/\/www.secowarwick.com\/de\/wp-json\/wp\/v2\/pages\/127260","targetHints":{"allow":["GET"]}}],"collection":[{"href":"https:\/\/www.secowarwick.com\/de\/wp-json\/wp\/v2\/pages"}],"about":[{"href":"https:\/\/www.secowarwick.com\/de\/wp-json\/wp\/v2\/types\/page"}],"author":[{"embeddable":true,"href":"https:\/\/www.secowarwick.com\/de\/wp-json\/wp\/v2\/users\/2"}],"replies":[{"embeddable":true,"href":"https:\/\/www.secowarwick.com\/de\/wp-json\/wp\/v2\/comments?post=127260"}],"version-history":[{"count":31,"href":"https:\/\/www.secowarwick.com\/de\/wp-json\/wp\/v2\/pages\/127260\/revisions"}],"predecessor-version":[{"id":145274,"href":"https:\/\/www.secowarwick.com\/de\/wp-json\/wp\/v2\/pages\/127260\/revisions\/145274"}],"up":[{"embeddable":true,"href":"https:\/\/www.secowarwick.com\/de\/wp-json\/wp\/v2\/pages\/7106"}],"wp:featuredmedia":[{"embeddable":true,"href":"https:\/\/www.secowarwick.com\/de\/wp-json\/wp\/v2\/media\/87632"}],"wp:attachment":[{"href":"https:\/\/www.secowarwick.com\/de\/wp-json\/wp\/v2\/media?parent=127260"}],"curies":[{"name":"wp","href":"https:\/\/api.w.org\/{rel}","templated":true}]}}