{"id":128395,"date":"2022-06-28T11:08:20","date_gmt":"2022-06-28T09:08:20","guid":{"rendered":"https:\/\/www.secowarwick.com\/?page_id=128395"},"modified":"2024-02-19T12:34:33","modified_gmt":"2024-02-19T11:34:33","slug":"vertikaler-vakuumofen-normalgluehen-loten","status":"publish","type":"page","link":"https:\/\/www.secowarwick.com\/de\/seco-deals-old\/vertikaler-vakuumofen-normalgluehen-loten\/","title":{"rendered":"Vertikaler Vakuumofen zum Normalgl\u00fchen und L\u00f6ten"},"content":{"rendered":"<p>[et_pb_section fb_built=&#8220;1&#8243; module_class=&#8220;getkontakt&#8220; _builder_version=&#8220;4.16&#8243; background_size=&#8220;initial&#8220; background_position=&#8220;top_left&#8220; background_repeat=&#8220;repeat-x&#8220; global_colors_info=&#8220;{}&#8220;][et_pb_row _builder_version=&#8220;4.16&#8243; background_size=&#8220;initial&#8220; background_position=&#8220;top_left&#8220; background_repeat=&#8220;repeat&#8220; global_colors_info=&#8220;{}&#8220;][et_pb_column type=&#8220;4_4&#8243; _builder_version=&#8220;4.16&#8243; custom_padding=&#8220;|||&#8220; global_colors_info=&#8220;{}&#8220; custom_padding__hover=&#8220;|||&#8220;][et_pb_image src=&#8220;https:\/\/www.secowarwick.com\/wp-content\/uploads\/2022\/06\/FURNACE1red.jpg&#8220; alt=&#8220;Vertical vacuum furnace 2.0VVPT-EH24\/50&#8243; title_text=&#8220;Vertical vacuum furnace &#8220; align_tablet=&#8220;center&#8220; align_phone=&#8220;&#8220; align_last_edited=&#8220;on|desktop&#8220; _builder_version=&#8220;4.16&#8243; custom_padding=&#8220;||28px|&#8220; global_colors_info=&#8220;{}&#8220;][\/et_pb_image][et_pb_breadcrumbs _builder_version=&#8220;3.6&#8243; global_colors_info=&#8220;{}&#8220;][\/et_pb_breadcrumbs][et_pb_text _builder_version=&#8220;4.16&#8243; header_font=&#8220;|||on|||||&#8220; global_colors_info=&#8220;{}&#8220;]<\/p>\n<h1>Vertikaler Vakuumofen <\/h1>\n<p>[\/et_pb_text][\/et_pb_column][\/et_pb_row][et_pb_row column_structure=&#8220;1_2,1_2&#8243; _builder_version=&#8220;4.16&#8243; custom_margin=&#8220;0px|||&#8220; custom_padding=&#8220;0px|||&#8220; global_colors_info=&#8220;{}&#8220;][et_pb_column type=&#8220;1_2&#8243; _builder_version=&#8220;4.16&#8243; custom_padding=&#8220;|||&#8220; global_colors_info=&#8220;{}&#8220; custom_padding__hover=&#8220;|||&#8220;][et_pb_text _builder_version=&#8220;4.16&#8243; header_font=&#8220;|||on|||||&#8220; global_colors_info=&#8220;{}&#8220;]<\/p>\n<h3>Vertikaler Vakuumofen 2,0VVPT-EH42\/50<\/h3>\n<p>Nutzraum: 750 x 750 x 1250 [mm] (B x T x H<br \/>Heizkammer: Quadratisch, Graphitisolierung<br \/>Bruttochargengewicht:\u00a0 1700 kg<br \/>Heizung: Graphit-Heizst\u00e4be<br \/>Max. Temperatur: 1300\u00b0C<br \/>Temperaturgleichm\u00e4\u00dfigkeit im Konvektionsgas: +\/- 5\u00b0C (150\u00b0C -750\u00b0C)<br \/>Temperaturgleichm\u00e4\u00dfigkeit im Vakuum: +\/- 5\u00b0C (510\u00b0C -1100\u00b0C)<br \/>Leistung des Heizsystems: 300 kW<br \/>Anzahl der Temperaturzonen: 1<br \/>Vakuumpumpen: Edwards GXS250\/2600 (1900m<sup>3<\/sup>\/h)<br \/>Arbeitsvakuum: &lt;5\u00d710<sup>-2<\/sup> mbar Bereich<br \/>K\u00fchlgebl\u00e4se: 37 kW<br \/>K\u00fchlgas: Stickstoff<br \/>Temperatur-Sicherheitssteuerung: Eurotherm 3216i<\/p>\n<p><strong>\/ PERFEKTE L\u00d6SUNG F\u00dcR:<\/strong><\/p>\n<p>\/ Werkzeuge<br \/>\/ \u00d6l und Gas<br \/>\/ Bergbau<br \/>\/ Maschinenbau<br \/>\/ Lagerung<br \/>\/ Windenergie<br \/>\/ Marine<\/p>\n<p>[\/et_pb_text][\/et_pb_column][et_pb_column type=&#8220;1_2&#8243; _builder_version=&#8220;4.16&#8243; custom_padding=&#8220;|||&#8220; global_colors_info=&#8220;{}&#8220; custom_padding__hover=&#8220;|||&#8220;][et_pb_image src=&#8220;https:\/\/www.secowarwick.com\/wp-content\/uploads\/2022\/06\/FURNACE2-red.jpg&#8220; alt=&#8220;Vertical vacuum furnace 2.0VVPT-EH24\/50&#8243; title_text=&#8220;Vertical vacuum furnace&#8220; show_in_lightbox=&#8220;on&#8220; align_tablet=&#8220;center&#8220; align_phone=&#8220;&#8220; align_last_edited=&#8220;on|desktop&#8220; _builder_version=&#8220;4.16&#8243; global_colors_info=&#8220;{}&#8220;][\/et_pb_image][\/et_pb_column][\/et_pb_row][et_pb_row column_structure=&#8220;1_2,1_2&#8243; use_custom_gutter=&#8220;on&#8220; gutter_width=&#8220;4&#8243; make_equal=&#8220;on&#8220; disabled_on=&#8220;on|on|on&#8220; module_id=&#8220;getkontakt&#8220; _builder_version=&#8220;4.16&#8243; custom_padding=&#8220;55px|||&#8220; disabled=&#8220;on&#8220; global_colors_info=&#8220;{}&#8220;][et_pb_column type=&#8220;1_2&#8243; _builder_version=&#8220;4.16&#8243; custom_padding=&#8220;|||&#8220; global_colors_info=&#8220;{}&#8220; custom_padding__hover=&#8220;|||&#8220;][et_pb_text admin_label=&#8220;WIN THE RACE&#8220; _builder_version=&#8220;4.16&#8243; animation_style=&#8220;fade&#8220; animation_delay=&#8220;600ms&#8220; global_colors_info=&#8220;{}&#8220;]<\/p>\n<h2><span style=\"font-size: 46pt;\"><strong><em>WIN THE RACE<\/em><\/strong><\/span><\/h2>\n<p>TOP QUALITY carburizing pit furnace. ORDER NOW- RECEIVE IN JUST 3 MONTHS<\/p>\n<p>A brand new atmosphere furnace with gas heating with special price!<\/p>\n<p>[\/et_pb_text][et_pb_image src=&#8220;https:\/\/www.secowarwick.com\/wp-content\/uploads\/2020\/06\/arrow-1.png&#8220; alt=&#8220;arrow&#8220; align=&#8220;right&#8220; align_tablet=&#8220;center&#8220; align_phone=&#8220;&#8220; align_last_edited=&#8220;on|desktop&#8220; disabled_on=&#8220;on||&#8220; _builder_version=&#8220;4.16&#8243; animation_style=&#8220;slide&#8220; animation_direction=&#8220;left&#8220; animation_delay=&#8220;500ms&#8220; global_colors_info=&#8220;{}&#8220;][\/et_pb_image][\/et_pb_column][et_pb_column type=&#8220;1_2&#8243; module_class=&#8220;needspeed&#8220; _builder_version=&#8220;4.16&#8243; custom_padding=&#8220;|||&#8220; global_colors_info=&#8220;{}&#8220; custom_padding__hover=&#8220;|||&#8220;][et_pb_image src=&#8220;https:\/\/www.secowarwick.com\/wp-content\/uploads\/2020\/06\/header_getstartedhereText-3.png&#8220; alt=&#8220;Image text get started here&#8220; show_bottom_space=&#8220;off&#8220; align_tablet=&#8220;center&#8220; align_phone=&#8220;&#8220; align_last_edited=&#8220;on|desktop&#8220; admin_label=&#8220;get started here&#8220; _builder_version=&#8220;4.16&#8243; custom_margin=&#8220;||0px|&#8220; custom_padding=&#8220;||20px|&#8220; animation_style=&#8220;slide&#8220; animation_direction=&#8220;right&#8220; animation_delay=&#8220;300ms&#8220; global_colors_info=&#8220;{}&#8220;][\/et_pb_image][\/et_pb_column][\/et_pb_row][\/et_pb_section][et_pb_section fb_built=&#8220;1&#8243; _builder_version=&#8220;4.16&#8243; background_color=&#8220;#f9f9f9&#8243; global_colors_info=&#8220;{}&#8220;][et_pb_row _builder_version=&#8220;4.16&#8243; background_size=&#8220;initial&#8220; background_position=&#8220;top_left&#8220; background_repeat=&#8220;repeat&#8220; global_colors_info=&#8220;{}&#8220;][et_pb_column type=&#8220;4_4&#8243; _builder_version=&#8220;4.16&#8243; custom_padding=&#8220;|||&#8220; global_colors_info=&#8220;{}&#8220; custom_padding__hover=&#8220;|||&#8220;][et_pb_text admin_label=&#8220;ONLY ONE OFFER&#8220; _builder_version=&#8220;4.16&#8243; text_line_height=&#8220;3.5em&#8220; header_3_font_size=&#8220;46&#8243; text_line_height_tablet=&#8220;0.7em&#8220; header_3_font_size_tablet=&#8220;&#8220; header_3_font_size_phone=&#8220;28&#8243; header_3_font_size_last_edited=&#8220;on|phone&#8220; global_colors_info=&#8220;{}&#8220;]<\/p>\n<h3 style=\"text-align: center;\"><span style=\"color: #000000;\">NUR <span style=\"color: #dc291e;\">EIN<\/span> SOLCHES ANGEBOT<\/span><br \/><span style=\"color: #000000;\">BESTELLEN SIE JETZT, <span style=\"color: #dc291e;\">BEVOR<\/span> ES EIN ANDERER TUT!<\/span><\/h3>\n<p>[\/et_pb_text][\/et_pb_column][\/et_pb_row][\/et_pb_section][et_pb_section fb_built=&#8220;1&#8243; disabled_on=&#8220;on|on|on&#8220; _builder_version=&#8220;4.16&#8243; disabled=&#8220;on&#8220; global_colors_info=&#8220;{}&#8220;][et_pb_row column_structure=&#8220;1_4,1_4,1_4,1_4&#8243; _builder_version=&#8220;4.16&#8243; global_colors_info=&#8220;{}&#8220;][et_pb_column type=&#8220;1_4&#8243; _builder_version=&#8220;4.16&#8243; custom_padding=&#8220;|||&#8220; global_colors_info=&#8220;{}&#8220; custom_padding__hover=&#8220;|||&#8220;][et_pb_blurb image=&#8220;https:\/\/www.secowarwick.com\/wp-content\/uploads\/2020\/06\/element_suytime-1.png&#8220; alt=&#8220;Speedometer and text speedup your time&#8220; _builder_version=&#8220;4.16&#8243; animation_style=&#8220;zoom&#8220; global_colors_info=&#8220;{}&#8220;]Your complete solution will be delivered within just 3 months instead of 6 months<br \/>\n[\/et_pb_blurb][\/et_pb_column][et_pb_column type=&#8220;1_4&#8243; _builder_version=&#8220;4.16&#8243; custom_padding=&#8220;|||&#8220; global_colors_info=&#8220;{}&#8220; custom_padding__hover=&#8220;|||&#8220;][et_pb_blurb image=&#8220;https:\/\/www.secowarwick.com\/wp-content\/uploads\/2020\/06\/element_suydevelopment-1.png&#8220; alt=&#8220;speedometer and text speed up your development&#8220; _builder_version=&#8220;4.16&#8243; animation_style=&#8220;zoom&#8220; animation_delay=&#8220;300ms&#8220; global_colors_info=&#8220;{}&#8220;]Replace your old, inefficient furnace with a brand new one without long waiting time. Speed up deliveries to your customers by buying a new furnace delivered fast.<br \/>\n[\/et_pb_blurb][\/et_pb_column][et_pb_column type=&#8220;1_4&#8243; _builder_version=&#8220;4.16&#8243; custom_padding=&#8220;|||&#8220; global_colors_info=&#8220;{}&#8220; custom_padding__hover=&#8220;|||&#8220;][et_pb_blurb image=&#8220;https:\/\/www.secowarwick.com\/wp-content\/uploads\/2020\/06\/element_suypossibilities.png&#8220; alt=&#8220;Speedometer and text speedup your possibilities&#8220; _builder_version=&#8220;4.16&#8243; animation_style=&#8220;zoom&#8220; animation_delay=&#8220;600ms&#8220; global_colors_info=&#8220;{}&#8220;]Expand your development and your offer. Don\u2019t wait!<br \/>\n[\/et_pb_blurb][\/et_pb_column][et_pb_column type=&#8220;1_4&#8243; _builder_version=&#8220;4.16&#8243; custom_padding=&#8220;|||&#8220; global_colors_info=&#8220;{}&#8220; custom_padding__hover=&#8220;|||&#8220;][et_pb_blurb image=&#8220;https:\/\/www.secowarwick.com\/wp-content\/uploads\/2020\/06\/element_suyproduction.png&#8220; alt=&#8220;speedometer and text speedup your production&#8220; _builder_version=&#8220;4.16&#8243; animation_style=&#8220;zoom&#8220; animation_delay=&#8220;900ms&#8220; global_colors_info=&#8220;{}&#8220;]Eliminate production line downtime caused by reduced efficiency of your furnace or by waiting for a new one.<br \/>\n[\/et_pb_blurb][\/et_pb_column][\/et_pb_row][et_pb_row _builder_version=&#8220;4.16&#8243; background_size=&#8220;initial&#8220; background_position=&#8220;top_left&#8220; background_repeat=&#8220;repeat&#8220; global_colors_info=&#8220;{}&#8220;][et_pb_column type=&#8220;4_4&#8243; _builder_version=&#8220;4.16&#8243; custom_padding=&#8220;|||&#8220; global_colors_info=&#8220;{}&#8220; custom_padding__hover=&#8220;|||&#8220;][et_pb_image src=&#8220;https:\/\/www.secowarwick.com\/wp-content\/uploads\/2020\/06\/banner_wegiveyoutime.png&#8220; alt=&#8220;image text we give you time&#8220; align=&#8220;center&#8220; align_tablet=&#8220;center&#8220; align_phone=&#8220;&#8220; align_last_edited=&#8220;on|desktop&#8220; disabled_on=&#8220;on||&#8220; admin_label=&#8220;we give you time desktop&#8220; _builder_version=&#8220;4.16&#8243; custom_margin=&#8220;45px|||&#8220; animation_style=&#8220;slide&#8220; animation_direction=&#8220;bottom&#8220; animation_delay=&#8220;900ms&#8220; global_colors_info=&#8220;{}&#8220;][\/et_pb_image][et_pb_image src=&#8220;https:\/\/www.secowarwick.com\/wp-content\/uploads\/2020\/06\/banner_wegiveyoutime_mobile.png&#8220; align=&#8220;center&#8220; align_tablet=&#8220;center&#8220; align_phone=&#8220;&#8220; align_last_edited=&#8220;on|desktop&#8220; disabled_on=&#8220;|on|on&#8220; admin_label=&#8220;we give you time&#8220; _builder_version=&#8220;4.16&#8243; custom_margin=&#8220;45px|||&#8220; animation_style=&#8220;slide&#8220; animation_direction=&#8220;bottom&#8220; animation_delay=&#8220;900ms&#8220; global_colors_info=&#8220;{}&#8220;][\/et_pb_image][\/et_pb_column][\/et_pb_row][\/et_pb_section][et_pb_section fb_built=&#8220;1&#8243; module_class=&#8220;needspeeduptlo&#8220; _builder_version=&#8220;4.16&#8243; background_color=&#8220;#f9f9f9&#8243; background_image=&#8220;https:\/\/www.secowarwick.com\/wp-content\/uploads\/2022\/06\/furnace-_1200_1200.jpg&#8220; background_position=&#8220;top_right&#8220; global_colors_info=&#8220;{}&#8220;][et_pb_row column_structure=&#8220;1_2,1_2&#8243; _builder_version=&#8220;4.16&#8243; background_size=&#8220;initial&#8220; background_position=&#8220;top_left&#8220; background_repeat=&#8220;repeat&#8220; global_colors_info=&#8220;{}&#8220;][et_pb_column type=&#8220;1_2&#8243; _builder_version=&#8220;4.16&#8243; custom_padding=&#8220;|||&#8220; global_colors_info=&#8220;{}&#8220; custom_padding__hover=&#8220;|||&#8220;][et_pb_text admin_label=&#8220;Vector HPGQ&#8220; _builder_version=&#8220;4.16&#8243; header_2_text_color=&#8220;#ffffff&#8220; header_3_text_color=&#8220;#ffffff&#8220; background_color=&#8220;#dc291e&#8220; custom_margin=&#8220;-15px|||&#8220; custom_margin_tablet=&#8220;&#8220; custom_margin_phone=&#8220;&#8220; custom_margin_last_edited=&#8220;on|desktop&#8220; custom_padding=&#8220;15px||5px|35px&#8220; animation_style=&#8220;slide&#8220; animation_direction=&#8220;left&#8220; custom_css_main_element=&#8220;max-width: 100%;&#8220; global_colors_info=&#8220;{}&#8220;]<\/p>\n<h2><strong>2.0VVPT-EH42\/50<\/strong><\/h2>\n<p>[\/et_pb_text][et_pb_text _builder_version=&#8220;4.16&#8243; animation_style=&#8220;slide&#8220; animation_direction=&#8220;bottom&#8220; animation_delay=&#8220;600ms&#8220; global_colors_info=&#8220;{}&#8220;]<\/p>\n<h3><strong><span style=\"color: #dc291e;\">\/ <\/span>WARUM EIN VERTIKALER VAKUUMOFEN?\u00a0<\/strong><\/h3>\n<p>\/ Arbeitsflexibilit\u00e4t, die sich aus der Geschwindigkeit der Erw\u00e4rmung und K\u00fchlung der Ladung ergibt,<\/p>\n<p>\/ sehr hohe Wiederholbarkeit der Prozesse und pr\u00e4zise W\u00e4rmebehandlung verschiedener Teile,<\/p>\n<p>\/ effizientes Vakuumpumpsystem,<\/p>\n<p>\/ hohe Genauigkeit der Prozesssteuerung,<\/p>\n<p>\/ sicherer Betrieb,<\/p>\n<p>\/ umweltfreundlich.<\/p>\n<p>&nbsp;<\/p>\n<h3><strong><span style=\"color: #dc291e;\">\/ <\/span>WELCHE ANWENDUNGEN?<\/strong><\/h3>\n<p>\/ Stahlteile, die eine au\u00dfergew\u00f6hnliche Verschlei\u00dffestigkeit erfordern<\/p>\n<p>\/ Aufkohlen von St\u00e4hlen (nach Anpassungen)<\/p>\n<p>&nbsp;<\/p>\n<h3><strong><span style=\"color: #dc291e;\">\/ <\/span>WELCHE PROZESSE?<\/strong><\/h3>\n<p>\/ Borieren<\/p>\n<p>\/ Niederdruck-Aufkohlen (nach Anpassungen)<\/p>\n<p>\/ Gasabschrecken,<\/p>\n<p>\/ Gl\u00fchen,<\/p>\n<p>\/ Normalgl\u00fchen,<\/p>\n<p>\/ L\u00f6sungsgl\u00fchen,<\/p>\n<p>\/ Entgasen,<\/p>\n<p>\/ Hartl\u00f6ten<\/p>\n<p>&nbsp;<\/p>\n<h3><strong><span style=\"color: #dc291e;\">\/ <\/span>VAKUUMTECHNIK \u2013 der Wert f\u00fcr Sie!<\/strong><\/h3>\n<p>\/ Kurze Aufheizzyklen,<\/p>\n<p>\/ Einheitliche Prozessergebnisse<\/p>\n<p>\/ Niedriger Prozessgasverbrauch<\/p>\n<p>[\/et_pb_text][et_pb_button button_url=&#8220;#getkontakt&#8220; button_text=&#8220;If you wish to consult an expert, enter your details here&#8220; disabled_on=&#8220;on|on|on&#8220; _builder_version=&#8220;4.16&#8243; custom_button=&#8220;on&#8220; button_text_size=&#8220;14&#8243; button_text_color=&#8220;#ffffff&#8220; button_bg_color=&#8220;#dc291e&#8220; button_border_width=&#8220;0&#8243; button_font=&#8220;|||on|||||&#8220; background_layout=&#8220;dark&#8220; animation_style=&#8220;slide&#8220; animation_direction=&#8220;bottom&#8220; animation_delay=&#8220;1600ms&#8220; custom_css_main_element=&#8220;max-width: 100%;||width: 100%;&#8220; disabled=&#8220;on&#8220; global_colors_info=&#8220;{}&#8220; button_text_size__hover_enabled=&#8220;off&#8220; button_one_text_size__hover_enabled=&#8220;off&#8220; button_two_text_size__hover_enabled=&#8220;off&#8220; button_text_color__hover_enabled=&#8220;off&#8220; button_one_text_color__hover_enabled=&#8220;off&#8220; button_two_text_color__hover_enabled=&#8220;off&#8220; button_border_width__hover_enabled=&#8220;off&#8220; button_one_border_width__hover_enabled=&#8220;off&#8220; button_two_border_width__hover_enabled=&#8220;off&#8220; button_border_color__hover_enabled=&#8220;off&#8220; button_one_border_color__hover_enabled=&#8220;off&#8220; button_two_border_color__hover_enabled=&#8220;off&#8220; button_border_radius__hover_enabled=&#8220;off&#8220; button_one_border_radius__hover_enabled=&#8220;off&#8220; button_two_border_radius__hover_enabled=&#8220;off&#8220; button_letter_spacing__hover_enabled=&#8220;off&#8220; button_one_letter_spacing__hover_enabled=&#8220;off&#8220; button_two_letter_spacing__hover_enabled=&#8220;off&#8220; button_bg_color__hover_enabled=&#8220;off&#8220; button_one_bg_color__hover_enabled=&#8220;off&#8220; button_two_bg_color__hover_enabled=&#8220;off&#8220;][\/et_pb_button][\/et_pb_column][et_pb_column type=&#8220;1_2&#8243; _builder_version=&#8220;4.16&#8243; custom_padding=&#8220;|||&#8220; global_colors_info=&#8220;{}&#8220; custom_padding__hover=&#8220;|||&#8220;][\/et_pb_column][\/et_pb_row][\/et_pb_section][et_pb_section fb_built=&#8220;1&#8243; module_id=&#8220;getquote&#8220; _builder_version=&#8220;4.16&#8243; _module_preset=&#8220;default&#8220; global_colors_info=&#8220;{}&#8220;][et_pb_row _builder_version=&#8220;4.16&#8243; _module_preset=&#8220;default&#8220; global_colors_info=&#8220;{}&#8220;][et_pb_column type=&#8220;4_4&#8243; _builder_version=&#8220;4.16&#8243; _module_preset=&#8220;default&#8220; global_colors_info=&#8220;{}&#8220;][et_pb_code admin_label=&#8220;crm-rfq-de&#8220; _builder_version=&#8220;4.10.3&#8243; _module_preset=&#8220;default&#8220; global_module=&#8220;123766&#8243; global_colors_info=&#8220;{}&#8220;]<!-- [et_pb_line_break_holder] --><pee style=\"text-align: center;\"><a class=\"small-button smallred\" style=\"font-size: 20px; padding: 20px 60px;\" href=\"https:\/\/www.secowarwick.com\/de\/fordern-sie-hier-ihr-angebot-an\/\"><span style=\"display: block; transform: skew(15deg,0deg); -webkit-transform: skew(15deg,0deg); font-size: 20px; !important\">UM EIN ANGEBOT BITTEN<\/span><\/a><\/pee>[\/et_pb_code][\/et_pb_column][\/et_pb_row][\/et_pb_section]<\/p>\n","protected":false},"excerpt":{"rendered":"<p>[et_pb_breadcrumbs _builder_version=&#8220;3.6&#8243; global_colors_info=&#8220;{}&#8220;][\/et_pb_breadcrumbs]Vertikaler Vakuumofen Vertikaler Vakuumofen 2,0VVPT-EH42\/50 Nutzraum: 750 x 750 x 1250 [mm] (B x T x HHeizkammer: Quadratisch, GraphitisolierungBruttochargengewicht:\u00a0 1700 kgHeizung: Graphit-Heizst\u00e4beMax. Temperatur: 1300\u00b0CTemperaturgleichm\u00e4\u00dfigkeit im Konvektionsgas: +\/- 5\u00b0C (150\u00b0C -750\u00b0C)Temperaturgleichm\u00e4\u00dfigkeit im Vakuum: +\/- 5\u00b0C (510\u00b0C -1100\u00b0C)Leistung des Heizsystems: 300 kWAnzahl der Temperaturzonen: 1Vakuumpumpen: Edwards GXS250\/2600 (1900m3\/h)Arbeitsvakuum: &lt;5\u00d710-2 mbar BereichK\u00fchlgebl\u00e4se: 37 kWK\u00fchlgas: StickstoffTemperatur-Sicherheitssteuerung: Eurotherm [&hellip;]<\/p>\n","protected":false},"author":2,"featured_media":128361,"parent":84826,"menu_order":0,"comment_status":"closed","ping_status":"closed","template":"","meta":{"_acf_changed":false,"_et_pb_use_builder":"on","_et_pb_old_content":"","_et_gb_content_width":"","footnotes":""},"class_list":["post-128395","page","type-page","status-publish","has-post-thumbnail"],"acf":[],"_links":{"self":[{"href":"https:\/\/www.secowarwick.com\/de\/wp-json\/wp\/v2\/pages\/128395","targetHints":{"allow":["GET"]}}],"collection":[{"href":"https:\/\/www.secowarwick.com\/de\/wp-json\/wp\/v2\/pages"}],"about":[{"href":"https:\/\/www.secowarwick.com\/de\/wp-json\/wp\/v2\/types\/page"}],"author":[{"embeddable":true,"href":"https:\/\/www.secowarwick.com\/de\/wp-json\/wp\/v2\/users\/2"}],"replies":[{"embeddable":true,"href":"https:\/\/www.secowarwick.com\/de\/wp-json\/wp\/v2\/comments?post=128395"}],"version-history":[{"count":19,"href":"https:\/\/www.secowarwick.com\/de\/wp-json\/wp\/v2\/pages\/128395\/revisions"}],"predecessor-version":[{"id":152393,"href":"https:\/\/www.secowarwick.com\/de\/wp-json\/wp\/v2\/pages\/128395\/revisions\/152393"}],"up":[{"embeddable":true,"href":"https:\/\/www.secowarwick.com\/de\/wp-json\/wp\/v2\/pages\/84826"}],"wp:featuredmedia":[{"embeddable":true,"href":"https:\/\/www.secowarwick.com\/de\/wp-json\/wp\/v2\/media\/128361"}],"wp:attachment":[{"href":"https:\/\/www.secowarwick.com\/de\/wp-json\/wp\/v2\/media?parent=128395"}],"curies":[{"name":"wp","href":"https:\/\/api.w.org\/{rel}","templated":true}]}}