{"id":128637,"date":"2022-06-29T13:58:23","date_gmt":"2022-06-29T11:58:23","guid":{"rendered":"https:\/\/www.secowarwick.com\/?page_id=128637"},"modified":"2025-02-07T13:30:32","modified_gmt":"2025-02-07T12:30:32","slug":"zuverlaessiger-arbeitgeber-des-jahres-22","status":"publish","type":"page","link":"https:\/\/www.secowarwick.com\/de\/zuverlaessiger-arbeitgeber-des-jahres-22\/","title":{"rendered":"Zuverl\u00e4ssiger Arbeitgeber des Jahres"},"content":{"rendered":"<p>[et_pb_section fb_built=&#8220;1&#8243; _builder_version=&#8220;4.16&#8243; _module_preset=&#8220;default&#8220; global_colors_info=&#8220;{}&#8220;][et_pb_row _builder_version=&#8220;4.16&#8243; _module_preset=&#8220;default&#8220; global_colors_info=&#8220;{}&#8220;][et_pb_column type=&#8220;4_4&#8243; _builder_version=&#8220;4.16&#8243; _module_preset=&#8220;default&#8220; global_colors_info=&#8220;{}&#8220;][et_pb_text _builder_version=&#8220;4.16&#8243; _module_preset=&#8220;default&#8220; global_colors_info=&#8220;{}&#8220;]<\/p>\n<h1>Zuverl\u00e4ssiger Arbeitgeber des Jahres<\/h1>\n<p>Die am 22. Februar 2022 erhaltene Auszeichnung ist ein weiterer Zuverl\u00e4ssiger Arbeitgeber des Jahresf\u00fcr ein polnisches Unternehmen. Die Jury des Wettbewerbs w\u00e4hlt die besten Arbeitgeber in Polen aus, sch\u00e4tzt diejenigen, die ihre Erfahrungen weitergeben und interessante HR-L\u00f6sungen f\u00f6rdern. Arbeitsbedingungen, vielversprechende Karrierem\u00f6glichkeiten, Mitarbeiterschulungen und Unterst\u00fctzung bei der pers\u00f6nlichen Entwicklung sind nur einige der Kriterien, die den Titel und die Haltung ausmachen, die es wert sind, als Zuverl\u00e4ssiger Arbeitgeber bezeichnet zu werden.<\/p>\n<p>[\/et_pb_text][\/et_pb_column][\/et_pb_row][et_pb_row column_structure=&#8220;1_4,1_4,1_4,1_4&#8243; _builder_version=&#8220;4.16&#8243; _module_preset=&#8220;default&#8220; global_colors_info=&#8220;{}&#8220;][et_pb_column type=&#8220;1_4&#8243; _builder_version=&#8220;4.16&#8243; _module_preset=&#8220;default&#8220; global_colors_info=&#8220;{}&#8220;][et_pb_image src=&#8220;https:\/\/www.secowarwick.com\/wp-content\/uploads\/2022\/06\/1-1.jpg&#8220; alt=&#8220;Reliable Employer of the Year 2022&#8243; title_text=&#8220;Reliable Employer of the Year&#8220; _builder_version=&#8220;4.16&#8243; _module_preset=&#8220;default&#8220; global_colors_info=&#8220;{}&#8220;][\/et_pb_image][\/et_pb_column][et_pb_column type=&#8220;1_4&#8243; _builder_version=&#8220;4.16&#8243; _module_preset=&#8220;default&#8220; global_colors_info=&#8220;{}&#8220;][et_pb_image src=&#8220;https:\/\/www.secowarwick.com\/wp-content\/uploads\/2022\/06\/2.jpg&#8220; title_text=&#8220;2&#8243; _builder_version=&#8220;4.23.1&#8243; _module_preset=&#8220;default&#8220; hover_enabled=&#8220;0&#8243; global_colors_info=&#8220;{}&#8220; alt=&#8220;Reliable Employer of the Year 2022&#8243; sticky_enabled=&#8220;0&#8243;][\/et_pb_image][\/et_pb_column][et_pb_column type=&#8220;1_4&#8243; _builder_version=&#8220;4.16&#8243; _module_preset=&#8220;default&#8220; global_colors_info=&#8220;{}&#8220;][et_pb_image src=&#8220;https:\/\/www.secowarwick.com\/wp-content\/uploads\/2022\/06\/3-1.jpg&#8220; alt=&#8220;Reliable Employer of the Year 2022&#8243; title_text=&#8220;Reliable Employer of the Year&#8220; _builder_version=&#8220;4.16&#8243; _module_preset=&#8220;default&#8220; global_colors_info=&#8220;{}&#8220;][\/et_pb_image][\/et_pb_column][et_pb_column type=&#8220;1_4&#8243; _builder_version=&#8220;4.16&#8243; _module_preset=&#8220;default&#8220; global_colors_info=&#8220;{}&#8220;][et_pb_image src=&#8220;https:\/\/www.secowarwick.com\/wp-content\/uploads\/2022\/06\/4-1.jpg&#8220; alt=&#8220;Reliable Employer of the Year 2022&#8243; title_text=&#8220;Reliable Employer of the Year&#8220; _builder_version=&#8220;4.16&#8243; _module_preset=&#8220;default&#8220; global_colors_info=&#8220;{}&#8220;][\/et_pb_image][\/et_pb_column][\/et_pb_row][\/et_pb_section]<\/p>\n","protected":false},"excerpt":{"rendered":"<p>Zuverl\u00e4ssiger Arbeitgeber des Jahres Die am 22. Februar 2022 erhaltene Auszeichnung ist ein weiterer Zuverl\u00e4ssiger Arbeitgeber des Jahresf\u00fcr ein polnisches Unternehmen. Die Jury des Wettbewerbs w\u00e4hlt die besten Arbeitgeber in Polen aus, sch\u00e4tzt diejenigen, die ihre Erfahrungen weitergeben und interessante HR-L\u00f6sungen f\u00f6rdern. Arbeitsbedingungen, vielversprechende Karrierem\u00f6glichkeiten, Mitarbeiterschulungen und Unterst\u00fctzung bei der pers\u00f6nlichen Entwicklung sind nur einige [&hellip;]<\/p>\n","protected":false},"author":2,"featured_media":0,"parent":0,"menu_order":0,"comment_status":"closed","ping_status":"closed","template":"","meta":{"_acf_changed":false,"_et_pb_use_builder":"on","_et_pb_old_content":"","_et_gb_content_width":"","footnotes":""},"class_list":["post-128637","page","type-page","status-publish"],"acf":[],"_links":{"self":[{"href":"https:\/\/www.secowarwick.com\/de\/wp-json\/wp\/v2\/pages\/128637","targetHints":{"allow":["GET"]}}],"collection":[{"href":"https:\/\/www.secowarwick.com\/de\/wp-json\/wp\/v2\/pages"}],"about":[{"href":"https:\/\/www.secowarwick.com\/de\/wp-json\/wp\/v2\/types\/page"}],"author":[{"embeddable":true,"href":"https:\/\/www.secowarwick.com\/de\/wp-json\/wp\/v2\/users\/2"}],"replies":[{"embeddable":true,"href":"https:\/\/www.secowarwick.com\/de\/wp-json\/wp\/v2\/comments?post=128637"}],"version-history":[{"count":8,"href":"https:\/\/www.secowarwick.com\/de\/wp-json\/wp\/v2\/pages\/128637\/revisions"}],"predecessor-version":[{"id":171971,"href":"https:\/\/www.secowarwick.com\/de\/wp-json\/wp\/v2\/pages\/128637\/revisions\/171971"}],"wp:attachment":[{"href":"https:\/\/www.secowarwick.com\/de\/wp-json\/wp\/v2\/media?parent=128637"}],"curies":[{"name":"wp","href":"https:\/\/api.w.org\/{rel}","templated":true}]}}