{"id":130125,"date":"2022-08-22T08:20:13","date_gmt":"2022-08-22T06:20:13","guid":{"rendered":"https:\/\/www.secowarwick.com\/customer-satisfaction-brand-2022\/"},"modified":"2022-08-22T08:49:32","modified_gmt":"2022-08-22T06:49:32","slug":"customer-satisfaction-brand-2022","status":"publish","type":"page","link":"https:\/\/www.secowarwick.com\/de\/unternehmen\/auszeichnungen-und-ehrungen\/customer-satisfaction-brand-2022\/","title":{"rendered":"Customer Satisfaction Brand Top 10"},"content":{"rendered":"<p>[et_pb_section fb_built=&#8220;1&#8243; _builder_version=&#8220;4.10.3&#8243; _module_preset=&#8220;default&#8220; global_colors_info=&#8220;{}&#8220;][et_pb_row _builder_version=&#8220;4.10.3&#8243; _module_preset=&#8220;default&#8220; global_colors_info=&#8220;{}&#8220;][et_pb_column type=&#8220;4_4&#8243; _builder_version=&#8220;4.10.3&#8243; _module_preset=&#8220;default&#8220; global_colors_info=&#8220;{}&#8220;][et_pb_breadcrumbs _builder_version=&#8220;4.10.3&#8243; _module_preset=&#8220;default&#8220; global_colors_info=&#8220;{}&#8220;][\/et_pb_breadcrumbs][et_pb_text _builder_version=&#8220;4.10.3&#8243; _module_preset=&#8220;default&#8220; global_colors_info=&#8220;{}&#8220;]<\/p>\n<h1>Customer Satisfaction Brand Top 10<\/h1>\n<p>Im M\u00e4rz 2022 erhielt SECO\/WARWICK die Auszeichnung &#8222;Customer Satisfaction Brand Top 10&#8220; von der CHTA, der China Heat Treatment Association. SECO\/WARWICK wurde f\u00fcr seine Erfahrung, Qualit\u00e4t und die F\u00e4higkeit, Produkte an die individuellen Bed\u00fcrfnisse unserer Kunden anzupassen, ausgezeichnet.<\/p>\n<p>[\/et_pb_text][et_pb_image src=&#8220;https:\/\/www.secowarwick.com\/wp-content\/uploads\/2022\/08\/china_award_2022-copy_2.jpg&#8220; alt=&#8220;Customer Satisfaction Brand  2022 Top 10&#8243; title_text=&#8220;Customer Satisfaction Brand &#8220; _builder_version=&#8220;4.10.3&#8243; _module_preset=&#8220;default&#8220; global_colors_info=&#8220;{}&#8220;][\/et_pb_image][\/et_pb_column][\/et_pb_row][\/et_pb_section]<\/p>\n","protected":false},"excerpt":{"rendered":"<p>[et_pb_breadcrumbs _builder_version=&#8220;4.10.3&#8243; _module_preset=&#8220;default&#8220; global_colors_info=&#8220;{}&#8220;][\/et_pb_breadcrumbs]Customer Satisfaction Brand Top 10 Im M\u00e4rz 2022 erhielt SECO\/WARWICK die Auszeichnung &#8222;Customer Satisfaction Brand Top 10&#8220; von der CHTA, der China Heat Treatment Association. SECO\/WARWICK wurde f\u00fcr seine Erfahrung, Qualit\u00e4t und die F\u00e4higkeit, Produkte an die individuellen Bed\u00fcrfnisse unserer Kunden anzupassen, ausgezeichnet.<\/p>\n","protected":false},"author":2,"featured_media":0,"parent":6718,"menu_order":0,"comment_status":"closed","ping_status":"closed","template":"","meta":{"_acf_changed":false,"_et_pb_use_builder":"on","_et_pb_old_content":"","_et_gb_content_width":"","footnotes":""},"class_list":["post-130125","page","type-page","status-publish"],"acf":[],"_links":{"self":[{"href":"https:\/\/www.secowarwick.com\/de\/wp-json\/wp\/v2\/pages\/130125","targetHints":{"allow":["GET"]}}],"collection":[{"href":"https:\/\/www.secowarwick.com\/de\/wp-json\/wp\/v2\/pages"}],"about":[{"href":"https:\/\/www.secowarwick.com\/de\/wp-json\/wp\/v2\/types\/page"}],"author":[{"embeddable":true,"href":"https:\/\/www.secowarwick.com\/de\/wp-json\/wp\/v2\/users\/2"}],"replies":[{"embeddable":true,"href":"https:\/\/www.secowarwick.com\/de\/wp-json\/wp\/v2\/comments?post=130125"}],"version-history":[{"count":4,"href":"https:\/\/www.secowarwick.com\/de\/wp-json\/wp\/v2\/pages\/130125\/revisions"}],"predecessor-version":[{"id":130147,"href":"https:\/\/www.secowarwick.com\/de\/wp-json\/wp\/v2\/pages\/130125\/revisions\/130147"}],"up":[{"embeddable":true,"href":"https:\/\/www.secowarwick.com\/de\/wp-json\/wp\/v2\/pages\/6718"}],"wp:attachment":[{"href":"https:\/\/www.secowarwick.com\/de\/wp-json\/wp\/v2\/media?parent=130125"}],"curies":[{"name":"wp","href":"https:\/\/api.w.org\/{rel}","templated":true}]}}