{"id":130224,"date":"2022-08-24T09:40:50","date_gmt":"2022-08-24T07:40:50","guid":{"rendered":"https:\/\/www.secowarwick.com\/karriere\/servicemonteure-m-w\/"},"modified":"2023-12-07T12:23:37","modified_gmt":"2023-12-07T11:23:37","slug":"servicemonteure-m-w","status":"publish","type":"page","link":"https:\/\/www.secowarwick.com\/de\/karriere\/servicemonteure-m-w\/","title":{"rendered":"SERVICEMONTEURE (M\/W)"},"content":{"rendered":"<p>[et_pb_section fb_built=&#8220;1&#8243; _builder_version=&#8220;4.16&#8243; global_colors_info=&#8220;{}&#8220;][et_pb_row column_structure=&#8220;2_3,1_3&#8243; _builder_version=&#8220;4.16&#8243; background_size=&#8220;initial&#8220; background_position=&#8220;top_left&#8220; background_repeat=&#8220;repeat&#8220; custom_margin=&#8220;||0px|&#8220; custom_padding=&#8220;||0px|&#8220; global_colors_info=&#8220;{}&#8220;][et_pb_column type=&#8220;2_3&#8243; _builder_version=&#8220;4.16&#8243; custom_padding=&#8220;|||&#8220; global_colors_info=&#8220;{}&#8220; custom_padding__hover=&#8220;|||&#8220;][et_pb_text admin_label=&#8220;stanowisko&#8220; module_class=&#8220;kariera2021-h1&#8243; _builder_version=&#8220;4.16&#8243; header_font=&#8220;Exo 2||||||||&#8220; global_colors_info=&#8220;{}&#8220;]<\/p>\n<h1>SERVICEMONTEURE (M\/W)<\/h1>\n<p>[\/et_pb_text][\/et_pb_column][et_pb_column type=&#8220;1_3&#8243; _builder_version=&#8220;4.16&#8243; custom_padding=&#8220;|||&#8220; global_colors_info=&#8220;{}&#8220; custom_padding__hover=&#8220;|||&#8220;][et_pb_text module_class=&#8220;kariera2021-aplikuj-teraz&#8220; _builder_version=&#8220;4.16&#8243; global_colors_info=&#8220;{}&#8220;]<a href=\"#aplikuj\">APLIKUJ TERAZ<\/a><br \/>\n[\/et_pb_text][\/et_pb_column][\/et_pb_row][et_pb_row column_structure=&#8220;2_3,1_3&#8243; _builder_version=&#8220;4.16&#8243; global_colors_info=&#8220;{}&#8220;][et_pb_column type=&#8220;2_3&#8243; _builder_version=&#8220;4.16&#8243; custom_padding=&#8220;|||&#8220; global_colors_info=&#8220;{}&#8220; custom_padding__hover=&#8220;|||&#8220;][et_pb_text module_class=&#8220;kariera2021-fakty&#8220; _builder_version=&#8220;4.19.2&#8243; hover_enabled=&#8220;0&#8243; global_colors_info=&#8220;{}&#8220; sticky_enabled=&#8220;0&#8243;]<\/p>\n<p>Bei SECO\/WARWICK zeigen wir jeder Tag Initiative, nutzen alle M\u00f6glichkeiten, \u00fcberschreiten Grenzen und schaffen L\u00f6sungen, die den Einfluss auf das Leben von 7,6 Milliarden Menschen haben. Dank unserer Anlagen fahren Autos, fliegen Flugzeuge und vieles mehr.<\/p>\n<p>Die SECO\/WARWICK Germany GmbH ist Teil einer weltweit f\u00fchrenden Gruppe f\u00fcr W\u00e4rmebehandlungsanlagen mit Endkunden aus Luft- und Raumfahrt, Automobilindustrie, Maschinenbauindustrie, Werkzeugindustrie, Medizinindustrie und Energetik. Durch innovative Produktentwicklungen und kundenspezifische Projektentwicklungen liefern unsere Produkte unseren Kunden einen erheblichen Wettbewerbsvorteil.<\/p>\n<p>&nbsp;<\/p>\n<h3>IHRE AUFGABEN, AN DENEN SIE WACHSEN K\u00d6NNEN<\/h3>\n<p><span style=\"color: #dc291e;\">\/<\/span> Wartung von W\u00e4rmebehandlungsanlagen beim Kunden, D-A-CH und Benelux<br \/><span style=\"color: #dc291e;\">\/<\/span> selbstst\u00e4ndige Durchf\u00fchrung von Reparaturarbeiten und Funktionstests<br \/><span style=\"color: #dc291e;\">\/<\/span> Montage unserer Produkte<br \/><span style=\"color: #dc291e;\">\/<\/span> Umbauten und Modernisierungen bestehender Anlagen<br \/><span style=\"color: #dc291e;\">\/<\/span> Inbetriebnahme unserer W\u00e4rmebehandlungsanlagen beim Kunden, D-A-CH und Benelux<\/p>\n<p>&nbsp;<\/p>\n<h3>PROFIL, MIT DEM SIE PUNKTEN K\u00d6NNEN<\/h3>\n<p><span style=\"color: #dc291e;\">\/<\/span> Abschluss zur Elektro-Fachkraft \/ zum Industriemechaniker<br \/><span style=\"color: #dc291e;\">\/<\/span> Erste Berufserfahrung<br \/><span style=\"color: #dc291e;\">\/<\/span> Kenntnisse im Bereich Installation von industriellen Gro\u00dfanlagen<br \/><span style=\"color: #dc291e;\">\/<\/span> Mechanisches Grundwissen als Elektriker\/ Elektrisches Grundwissen als Mechaniker<br \/><span style=\"color: #dc291e;\">\/<\/span> Grundlagenwissen in der SPS-Programmierung<br \/><span style=\"color: #dc291e;\">\/<\/span> Grundwissen im Bereich Hydraulik und Pneumatik<br \/><span style=\"color: #dc291e;\">\/<\/span> Grundwissen im Bereich technischer Gase<br \/><span style=\"color: #dc291e;\">\/<\/span> Gute englische Sprachkenntnisse<br \/><span style=\"color: #dc291e;\">\/<\/span> Hohe Reisebereitschaft<br \/><span style=\"color: #dc291e;\">\/<\/span> Ein hohes Ma\u00df an Flexibilit\u00e4t und Teamf\u00e4higkeit<\/p>\n<h3>\u00a0<\/h3>\n<h3>WAS WIR IHNEN BIETEN<\/h3>\n<p><span style=\"color: #dc291e;\">\/<\/span> Einen zeitlich unbefristeten Festanstellungsvertrag<br \/><span style=\"color: #dc291e;\">\/<\/span> Ein spannendes und abwechslungsreiches Aufgabengebiet<br \/><span style=\"color: #dc291e;\">\/<\/span> Ein kleines, innovatives und freundliches Team<br \/><span style=\"color: #dc291e;\">\/<\/span> Entwicklungsm\u00f6glichkeiten durch Teilnahme an dedizierten Fachschulungen<br \/><span style=\"color: #dc291e;\">\/<\/span> Eine Aufgabe mit internationaler Ausrichtung<\/p>\n<p>&nbsp;<\/p>\n<h3>SIE BEI \u200b\u200bSECO\/WARWICK<\/h3>\n<p>Die Arbeitsstelle, auf die Sie stolz sein werden, bei der sie gro\u00dfe Dinge schaffen und an die Zukunft denken, die etwas ver\u00e4ndern kann\u2026,<br \/>Willkommen in der Welt von SECO\/WARWICK!<\/p>\n<p>&nbsp;<\/p>\n<h3>MACHEN SIE MIT, BEWERBEN SIE SICH!<\/h3>\n<p>Frau <strong>Julia Erich<\/strong> steht Ihnen gerne unter +49 2821 71310-200 vorab f\u00fcr weitere Fragen zur Verf\u00fcgung. Wir freuen uns auf Ihre schriftliche Bewerbung an die <strong>SECO\/WARWICK Germany GmbH<\/strong>, An der Molkerei 9, 47551 Bedburg-Hau oder per E-Mail an: <a href=\"mailto:julia.erich@secowarwick.com\">julia.erich@secowarwick.com<\/a><\/p>\n<p>[\/et_pb_text][\/et_pb_column][et_pb_column type=&#8220;1_3&#8243; module_class=&#8220;kariera2021-prawa-kolumna&#8220; _builder_version=&#8220;4.16&#8243; custom_padding=&#8220;|||&#8220; global_colors_info=&#8220;{}&#8220; custom_padding__hover=&#8220;|||&#8220;][et_pb_image src=&#8220;https:\/\/www.secowarwick.com\/wp-content\/uploads\/2022\/08\/SERVICEMONTEURE_job-1.jpg&#8220; alt=&#8220;SERVICEMONTEURE job&#8220; title_text=&#8220;SERVICEMONTEURE job&#8220; align_tablet=&#8220;center&#8220; align_phone=&#8220;&#8220; align_last_edited=&#8220;on|desktop&#8220; _builder_version=&#8220;4.16&#8243; global_colors_info=&#8220;{}&#8220;][\/et_pb_image][et_pb_text admin_label=&#8220;FAKTY W PIGU\u0141CE&#8220; module_class=&#8220;kariera2021-fakty&#8220; _builder_version=&#8220;4.16&#8243; global_colors_info=&#8220;{}&#8220;]<\/p>\n<h3>FAKTEN AUF EINEN BLICK<\/h3>\n<p><strong>Ort:<\/strong> <span style=\"color: #dc291e;\">Deutschland<\/span><br \/><strong>Stadt:<\/strong> <span style=\"color: #dc291e;\">Bedburg-Hau<\/span><br \/><strong>Position:<\/strong> <span style=\"color: #dc291e;\">SERVICE-INGENIEUR<\/span><br \/><strong>Ausbildung:<\/strong> <span style=\"color: #dc291e;\">Sekundarstufe, Hochschule<\/span><br \/><strong>Sprache:<\/strong> <span style=\"color: #dc291e;\">Deutsch, Englisch<\/span><br \/><strong>Niveau:<\/strong> <span style=\"color: #dc291e;\">Fachkraft<\/span><br \/><strong>Besch\u00e4ftigungsart:<\/strong>: <span style=\"color: #dc291e;\">Vollzeit <\/span><br \/><strong>Form:<\/strong> <span style=\"color: #dc291e;\">Arbeitsvertrag<\/span><br \/><strong>Delegationen:<\/strong> <span style=\"color: #dc291e;\">oft<\/span><\/p>\n<p>[\/et_pb_text][et_pb_text disabled_on=&#8220;on|on|on&#8220; admin_label=&#8220;LinkedIn&#8220; module_class=&#8220;zaloguj-linked&#8220; _builder_version=&#8220;4.16&#8243; custom_margin=&#8220;35px||45px|&#8220; disabled=&#8220;on&#8220; global_colors_info=&#8220;{}&#8220;]<\/p>\n<p>Zaloguj si\u0119,<br \/>i aplikuj przez LinkedIn<\/p>\n<p><a href=\"https:\/\/www.linkedin.com\/feed\/update\/urn:li:activity:6777133668222701568\" target=\"_blank\" rel=\"noopener\">ZALOGUJ SI\u0118<\/a><\/p>\n<p>[\/et_pb_text][\/et_pb_column][\/et_pb_row][\/et_pb_section][et_pb_section fb_built=&#8220;1&#8243; _builder_version=&#8220;4.10.3&#8243; max_width=&#8220;1080px&#8220; module_alignment=&#8220;center&#8220; custom_padding=&#8220;0px||0px|&#8220; global_module=&#8220;111767&#8243; global_colors_info=&#8220;{}&#8220;][et_pb_row module_class=&#8220;kariera202kolumnajob&#8220; _builder_version=&#8220;4.16&#8243; global_colors_info=&#8220;{}&#8220;][et_pb_column type=&#8220;4_4&#8243; _builder_version=&#8220;4.16&#8243; custom_padding=&#8220;|||&#8220; global_colors_info=&#8220;{}&#8220; custom_padding__hover=&#8220;|||&#8220;][et_pb_toggle title=&#8220;INFORMACJA O PRZETWARZANIU DANYCH OSOBOWYCH&#8220; admin_label=&#8220;INFORMACJA O PRZETWARZANIU DANYCH OSOBOWYCH&#8220; _builder_version=&#8220;4.16&#8243; global_colors_info=&#8220;{}&#8220;]<\/p>\n<p>W zwi\u0105zku z obowi\u0105zywaniem rozporz\u0105dzenia Parlamentu Europejskiego i Rady (UE) 2016\/679 z dnia 27 kwietnia 2016 r. w sprawie ochrony os\u00f3b fizycznych w zwi\u0105zku z przetwarzaniem danych osobowych i\u00a0w sprawie swobodnego przep\u0142ywu takich danych oraz uchylenia dyrektywy 95\/46\/WE (\u201c<strong>RODO<\/strong>\u201d) niniejszym przekazujemy informacj\u0119 dotycz\u0105c\u0105 przetwarzania danych osobowych w zwi\u0105zku z rekrutacj\u0105. Informujemy, \u017ce \u017c\u0105damy podania jedynie takich danych osobowych, kt\u00f3re wskazane s\u0105 w obowi\u0105zuj\u0105cych przepisach prawa lub kt\u00f3re s\u0105 niezb\u0119dne do podj\u0119cia dzia\u0142a\u0144 przed zawarciem umowy (w przypadku rekrutacji na umow\u0119 cywilnoprawn\u0105). Podanie przez Pana\/Pani\u0105 danych osobowych wykraczaj\u0105cych poza ten zakres oznacza wyra\u017cenie zgody na przetwarzanie tych danych, kt\u00f3r\u0105 mo\u017ce Pan\/Pani cofn\u0105\u0107 zgodnie z trybem wskazanym poni\u017cej.<\/p>\n<p><strong>Administrator danych<\/strong><\/p>\n<p>Administratorem danych osobowych jest sp\u00f3\u0142ka, do kt\u00f3rej Pan\/Pani aplikuje (\u201e<strong>Administrator<\/strong>\u201d), tj. SECO\/WARWICK S.A., z siedzib\u0105 w \u015awiebodzinie, ul. Sobieskiego\u00a08, wpisana do rejestru przedsi\u0119biorc\u00f3w Krajowego Rejestru S\u0105dowego prowadzonego przez S\u0105d Rejonowy w Zielonej G\u00f3rze Wydzia\u0142 Gospodarczy Krajowego Rejestru S\u0105dowego pod numerem KRS 0000271014, NIP 927-010-07-56, e-mail: rekrutacja@secowarwick.com, telefon:\u00a0+48 68 38 20 500 lub SECO\/WARWICK Services sp. z o.o., z siedzib\u0105 w \u015awiebodzinie, ul.\u00a0Zachodnia 76 wpisana do rejestru przedsi\u0119biorc\u00f3w Krajowego Rejestru S\u0105dowego prowadzonego przez S\u0105d Rejonowy w Zielonej G\u00f3rze Wydzia\u0142 Gospodarczy Krajowego Rejestru S\u0105dowego pod numerem 0000590289, NIP 927-193-81-25, e-mail: rekrutacja@secowarwick.com, telefon: +48 68 38 20 500. Ka\u017cdorazowo dane Administratora s\u0105 wskazane w konkretnym og\u0142oszeniu o prac\u0119.<\/p>\n<p>W sprawach zwi\u0105zanych z danymi osobowymi, w szczeg\u00f3lno\u015bci w sprawach zwi\u0105zanych z wykonywaniem praw przys\u0142uguj\u0105cych na podstawie przepis\u00f3w dotycz\u0105cych ochrony danych osobowych prosimy o kontakt drog\u0105 pisemn\u0105 na wskazany adres siedziby w\u0142a\u015bciwego Administratora lub pod wskazanym adresem mailowym w\u0142a\u015bciwego Administratora.<\/p>\n<p><strong>Cele i podstawy przetwarzania<\/strong><\/p>\n<p>Pani\/Pana dane osobowe b\u0119d\u0105 przetwarzane w nast\u0119puj\u0105cych celach oraz na nast\u0119puj\u0105cych podstawach:<\/p>\n<p>a) w celu rekrutacji na wskazane w og\u0142oszeniu stanowisko.<\/p>\n<p style=\"padding-left: 30px;\"><strong>Podstawami przetwarzania danych osobowych przez\u00a0Administratora s\u0105:<\/strong><\/p>\n<ul>\n<li>6 ust. 1 lit. c) RODO &#8211; niezb\u0119dno\u015b\u0107 do wype\u0142nienia obowi\u0105zku prawnego ci\u0105\u017c\u0105cego na Administratorze<\/li>\n<li>6 ust. 1 lit. b) RODO &#8211; niezb\u0119dno\u015b\u0107 do podj\u0119cia dzia\u0142a\u0144 przed zawarciem umowy<\/li>\n<li>w pozosta\u0142ym zakresie Pana\/Pani zgoda, o kt\u00f3rej mowa w art. 6 ust. 1 lit. a) RODO lub art. 9 ust. 2 lit. a) RODO (w tym ostatnim przypadku, gdy dokumenty aplikacyjne zawieraj\u0105 dane osobowe szczeg\u00f3lnej kategorii okre\u015blone w art. 9 ust. 1 RODO, na przyk\u0142ad dane dotycz\u0105ce niepe\u0142nosprawno\u015bci).<\/li>\n<\/ul>\n<p style=\"padding-left: 30px;\">Prawo Administratora \u017c\u0105dania danych osobowych wynika z\u00a0przepis\u00f3w prawa lub jest niezb\u0119dne do zawarcia umowy, ich podanie przez Pana\/Pani\u0105 jest niezb\u0119dne do udzia\u0142u w procesie rekrutacyjnym, a\u00a0ich\u00a0niepodanie uniemo\u017cliwi udzia\u0142 w nim. W pozosta\u0142ym zakresie podanie danych jest dobrowolne, ale mo\u017ce wp\u0142yn\u0105\u0107 na ocen\u0119 Pana\/Pani przydatno\u015bci do\u00a0pracy na stanowisku, kt\u00f3rego dotyczy proces rekrutacyjny.<\/p>\n<p>b) w celu przysz\u0142ych rekrutacji, o ile wyrazi\u0142\/a Pan\/Pani zgod\u0119 na przetwarzanie danych osobowych w tym zakresie.<\/p>\n<p style=\"padding-left: 30px;\">Podstaw\u0105 przetwarzania danych osobowych jest Pana\/Pani zgoda, tj. art. 6 ust. 1 lit. a) RODO lub art. 9 ust. 2 lit. a) RODO (w tym ostatnim przypadku, gdy dokumenty aplikacyjne zawieraj\u0105 dane osobowe szczeg\u00f3lnych kategorii okre\u015blone w art. 9 ust. 1 RODO). W przypadku braku zgody na przetwarzanie przez Administratora danych osobowych na potrzeby przysz\u0142ych rekrutacji, Pana\/Pani dane osobowe nie b\u0119d\u0105 w nich uwzgl\u0119dniane.<\/p>\n<p>c) w celu ustalenia, dochodzenia lub obrony przed roszczeniami (w razie konieczno\u015bci i w uzasadnionych przypadkach).<\/p>\n<p style=\"padding-left: 30px;\">Podstawami przetwarzania danych s\u0105:<\/p>\n<ul>\n<li>6 ust. 1 lit. f) RODO, czyli prawnie uzasadniony interes Administratora polegaj\u0105cy na mo\u017cliwo\u015bci ustalenia, dochodzenia lub obrony przed roszczeniami<\/li>\n<li>9 ust. 2 lit. f) RODO, czyli niezb\u0119dno\u015b\u0107 do ustalenia, dochodzenia lub obrony roszcze\u0144 w przypadku danych osobowych szczeg\u00f3lnych kategorii.<\/li>\n<\/ul>\n<p style=\"padding-left: 30px;\">Podanie danych jest dobrowolne, ale w razie ich niepodania Administrator mo\u017ce zastosowa\u0107 dzia\u0142ania przewidziane prawem w celu uzyskania tych danych.<\/p>\n<p><strong>Odbiorcy danych<\/strong><\/p>\n<p>Pana\/Pani dane osobowe mog\u0105 zosta\u0107 przekazane podmiotom \u015bwiadcz\u0105cym us\u0142ugi na rzecz Administratora, w tym dostawcom system\u00f3w do zarz\u0105dzania rekrutacjami, dostawcom us\u0142ug i rozwi\u0105za\u0144 IT takich jak hosting oraz dostawcom system\u00f3w informatycznych, podmiotom \u015bwiadcz\u0105cym us\u0142ugi prawne i us\u0142ugi wsparcia rekrutacji, a tak\u017ce sp\u00f3\u0142kom nale\u017c\u0105cym do tej samej grupy kapita\u0142owej co Administrator.<\/p>\n<p><strong>Przekazywanie poza Europejski Obszar Gospodarczy<\/strong><\/p>\n<p>Dane osobowe mog\u0105 by\u0107 przekazywane poza Europejski Obszar Gospodarczy, w szczeg\u00f3lno\u015bci w zwi\u0105zku z tym, \u017ce znajduj\u0105 si\u0119 tam sp\u00f3\u0142ki grupy kapita\u0142owej, do kt\u00f3rej nale\u017cy Administrator. Dane osobowe b\u0119d\u0105 przekazywane wy\u0142\u0105cznie do pa\u0144stw, co do kt\u00f3rych Komisja Europejska wyda\u0142a decyzj\u0119 stwierdzaj\u0105c\u0105 odpowiedni stopie\u0144 ochrony danych lub na podstawie odpowiednich zabezpiecze\u0144, w szczeg\u00f3lno\u015bci um\u00f3w opartych na standardowych klauzulach umownych zatwierdzonych przez Komisj\u0119 Europejsk\u0105. Kopi\u0119 zastosowanych zabezpiecze\u0144 mo\u017cna uzyska\u0107 kontaktuj\u0105c si\u0119 z Administratorem.<\/p>\n<p><strong>Okres przetwarzania danych<\/strong><\/p>\n<p>Pana\/Pani dane osobowe b\u0119d\u0105 przetwarzane przez okres trwania procesu rekrutacyjnego, a po jego zako\u0144czeniu:<\/p>\n<ul>\n<li>przez okres lat trzech od zako\u0144czonej rekrutacji je\u017celi zostanie Pan\/Pani zatrudniony\/a<\/li>\n<li>przez okres roku od zako\u0144czonej rekrutacji je\u017celi znajdzie si\u0119 Pana\/Pani w\u015br\u00f3d tzw. kandydatur rekomendowanych<\/li>\n<li>zostan\u0105 niezw\u0142ocznie usuni\u0119te w pozosta\u0142ych przypadkach, chyba \u017ce wyrazi Pan\/Pani zgod\u0119 na przetwarzanie Pana\/Pani danych osobowych na potrzeby przysz\u0142ych rekrutacji.<\/li>\n<\/ul>\n<p>W zakresie w jakim przetwarzanie Pana\/Pani danych osobowych odbywa si\u0119 na podstawie zgody, dane osobowe b\u0119d\u0105 przetwarzane do momentu cofni\u0119cia zgody, nie d\u0142u\u017cej jednak ni\u017c do up\u0142ywu powy\u017cszych okres\u00f3w.<\/p>\n<p>W przypadku, gdy wyrazi\u0142\/a Pan\/Pani zgod\u0119 na wykorzystanie danych osobowych dla cel\u00f3w przysz\u0142ych rekrutacji dane osobowe b\u0119d\u0105 przetwarzane dla tych cel\u00f3w nie d\u0142u\u017cej ni\u017c przez okres\u00a012 miesi\u0119cy od otrzymania przez Administratora zg\u0142oszenia rekrutacyjnego. W przypadku, gdy okres przetwarzania Pana\/Pani danych osobowych up\u0142ynie w trakcie procesu rekrutacji, w kt\u00f3rym bierze Pan\/Pani udzia\u0142, okres przechowywania danych osobowych ulega przed\u0142u\u017ceniu, nie\u00a0d\u0142u\u017cej jednak ni\u017c do zako\u0144czenia procesu rekrutacji, chyba \u017ce\u00a0zostanie Pan\/Pani zatrudniony przez Administratora.<\/p>\n<p>W razie konieczno\u015bci i w uzasadnionych przypadkach Pana\/Pani dane osobowe b\u0119d\u0105 przechowywane przez okres konieczny do ustalenia, dochodzenia lub obrony przed roszczeniami.<\/p>\n<p><strong>Pana\/Pani prawa <\/strong><\/p>\n<p>Ma Pan\/Pani prawo \u017c\u0105dania od Administratora dost\u0119pu do danych osobowych, ich sprostowania, usuni\u0119cia lub ograniczenia przetwarzania, a tak\u017ce prawo do wniesienia sprzeciwu wobec przetwarzania oraz prawo do przenoszenia danych. Mo\u017cliwo\u015b\u0107 skorzystania z tych praw mo\u017ce\u00a0zale\u017ce\u0107 od podstawy przetwarzania danej kategorii danych osobowych.<\/p>\n<p>W takim zakresie w jakim Administrator przetwarza dane na podstawie zgody, przys\u0142uguje Panu\/Pani prawo do jej cofni\u0119cia w\u00a0dowolnym momencie poprzez kontakt pod adresem mailowym <a href=\"mailto:rekrutacja@secowarwick.com\">rekrutacja@secowarwick.com<\/a>. Cofni\u0119cie zgody nie\u00a0ma\u00a0wp\u0142ywu na zgodno\u015b\u0107 z prawem przetwarzania, do\u00a0kt\u00f3rego dosz\u0142o przed jej cofni\u0119ciem.<\/p>\n<p>Ma Pan\/Pani tak\u017ce prawo do wniesienia skargi do organu nadzorczego \u2013 Prezesa Urz\u0119du Ochrony Danych Osobowych.<\/p>\n<p><strong>Zautomatyzowane podejmowanie decyzji<\/strong><\/p>\n<p>Dane osobowe nie s\u0105 przetwarzane w spos\u00f3b, kt\u00f3ry\u00a0jest zwi\u0105zany z automatycznym podejmowaniem decyzji, w tym profilowaniem.<\/p>\n<p>W razie jakichkolwiek pyta\u0144 lub w\u0105tpliwo\u015bci dotycz\u0105cych przetwarzania przez Administratora danych osobowych zach\u0119camy do kontaktu pod adresem e-mail: <a href=\"mailto:rekrutacja@secowarwick.com\">rekrutacja@secowarwick.com<\/a>.<\/p>\n<p>[\/et_pb_toggle][et_pb_text admin_label=&#8220;WY\u015aLIJ CV&#8220; module_class=&#8220;kariera2020my&#8220; _builder_version=&#8220;4.16&#8243; header_3_font=&#8220;|||on|||||&#8220; custom_margin=&#8220;45px||25px|&#8220; custom_padding=&#8220;||25px|&#8220; global_colors_info=&#8220;{}&#8220;]<\/p>\n<h3>Lebenslauf senden<\/h3>\n<p>[\/et_pb_text][et_pb_text admin_label=&#8220;formularz&#8220; _builder_version=&#8220;4.16&#8243; global_colors_info=&#8220;{}&#8220;]<\/p>\n\n<div class=\"wpcf7 no-js\" id=\"wpcf7-f111771-o1\" lang=\"en-US\" dir=\"ltr\" data-wpcf7-id=\"111771\">\n<div class=\"screen-reader-response\"><p role=\"status\" aria-live=\"polite\" aria-atomic=\"true\"><\/p> <ul><\/ul><\/div>\n<form action=\"\/de\/wp-json\/wp\/v2\/pages\/130224#wpcf7-f111771-o1\" method=\"post\" class=\"wpcf7-form init\" aria-label=\"Contact form\" enctype=\"multipart\/form-data\" novalidate=\"novalidate\" data-status=\"init\">\n<fieldset class=\"hidden-fields-container\"><input type=\"hidden\" name=\"_wpcf7\" value=\"111771\" \/><input type=\"hidden\" name=\"_wpcf7_version\" value=\"6.1.5\" \/><input type=\"hidden\" name=\"_wpcf7_locale\" value=\"en_US\" \/><input type=\"hidden\" name=\"_wpcf7_unit_tag\" value=\"wpcf7-f111771-o1\" \/><input type=\"hidden\" name=\"_wpcf7_container_post\" value=\"0\" \/><input type=\"hidden\" name=\"_wpcf7_posted_data_hash\" value=\"\" \/>\n<\/fieldset>\n<div class=\"kariera-form\">\n\t<div class=\"kariera-jedna3\">\n\t\t<p><span class=\"wpcf7-form-control-wrap\" data-name=\"your-name\"><input size=\"40\" maxlength=\"400\" class=\"wpcf7-form-control wpcf7-text wpcf7-validates-as-required formwww\" aria-required=\"true\" aria-invalid=\"false\" placeholder=\"Name *\" value=\"\" type=\"text\" name=\"your-name\" \/><\/span>\n\t\t<\/p>\n\t<\/div>\n\t<div class=\"kariera-jedna3\">\n\t\t<p><span class=\"wpcf7-form-control-wrap\" data-name=\"your-email\"><input size=\"40\" maxlength=\"400\" class=\"wpcf7-form-control wpcf7-email wpcf7-validates-as-required wpcf7-text wpcf7-validates-as-email formwww\" aria-required=\"true\" aria-invalid=\"false\" placeholder=\"E-mail *\" value=\"\" type=\"email\" name=\"your-email\" \/><\/span>\n\t\t<\/p>\n\t<\/div>\n\t<div class=\"kariera-jedna3\">\n\t\t<p><span class=\"wpcf7-form-control-wrap\" data-name=\"cvv\"><input size=\"40\" class=\"wpcf7-form-control wpcf7-file wpcf7-validates-as-required plikcv\" accept=\"audio\/*,video\/*,image\/*\" aria-required=\"true\" aria-invalid=\"false\" type=\"file\" name=\"cvv\" \/><\/span>\n\t\t<\/p>\n\t<\/div>\n\t<p><span class=\"wpcf7-form-control-wrap\" data-name=\"omnie\"><textarea cols=\"40\" rows=\"10\" maxlength=\"2000\" class=\"wpcf7-form-control wpcf7-textarea formwww\" aria-invalid=\"false\" placeholder=\"Ein paar Worte von dir\" name=\"omnie\"><\/textarea><\/span>\n\t<\/p>\n\t<p><span class=\"wpcf7-form-control-wrap\" data-name=\"capital-quiz\"><label><span class=\"wpcf7-quiz-label\">Welches ist gr\u00f6\u00dfer: 2 oder 5?<\/span> <input size=\"40\" class=\"wpcf7-form-control wpcf7-quiz\" autocomplete=\"off\" aria-required=\"true\" aria-invalid=\"false\" type=\"text\" name=\"capital-quiz\" \/><\/label><input type=\"hidden\" name=\"_wpcf7_quiz_answer_capital-quiz\" value=\"0e1e0a462ad1c15f3809f31f8f031b22\" \/><\/span>\n\t<\/p>\n\t<p><span class=\"wpcf7-form-control-wrap\" data-name=\"privacypoiicyde\"><span class=\"wpcf7-form-control wpcf7-checkbox wpcf7-validates-as-required\"><span class=\"wpcf7-list-item first last\"><input type=\"checkbox\" name=\"privacypoiicyde[]\" value=\"Ich akzeptiere\" \/><span class=\"wpcf7-list-item-label\">Ich akzeptiere<\/span><\/span><\/span><\/span> die <a href=\"https:\/\/www.secowarwick.com\/de\/information-ueber-die-verarbeitung-personenbezogener-daten-der-kunden-und-kontrahenten\/\" target=\"_blank\">grunds\u00e4tze von datenschutz<\/a> der grunds\u00e4tze von datenschutz die SECO\/WARWICK Germany GmbH *\n\t<\/p>\n\t<p><span class=\"wpcf7-form-control-wrap\" data-name=\"rodode\"><span class=\"wpcf7-form-control wpcf7-checkbox wpcf7-validates-as-required\"><span class=\"wpcf7-list-item first last\"><input type=\"checkbox\" name=\"rodode[]\" value=\"Ich stimme\" \/><span class=\"wpcf7-list-item-label\">Ich stimme<\/span><\/span><\/span><\/span> der Verarbeitung meiner pers\u00f6nlichen Daten in der Aufforderung zur Einreichung von Vorschl\u00e4gen in \u00dcbereinstimmung mit <a href=\"https:\/\/www.secowarwick.com\/de\/information-ueber-die-verarbeitung-personenbezogener-daten-der-kunden-und-kontrahenten\/\" target=\"_blank\">den beigef\u00fcgten Informationen zu<\/a> *\n\t<\/p>\n\t<p><input class=\"wpcf7-form-control wpcf7-submit has-spinner\" type=\"submit\" value=\"#makeithappend Anwenden\" \/>\n\t<\/p>\n<\/div><div class=\"wpcf7-response-output\" aria-hidden=\"true\"><\/div>\n<\/form>\n<\/div>\n\n<p>[\/et_pb_text][\/et_pb_column][\/et_pb_row][\/et_pb_section]<\/p>\n","protected":false},"excerpt":{"rendered":"<p>SERVICEMONTEURE (M\/W)APLIKUJ TERAZ Bei SECO\/WARWICK zeigen wir jeder Tag Initiative, nutzen alle M\u00f6glichkeiten, \u00fcberschreiten Grenzen und schaffen L\u00f6sungen, die den Einfluss auf das Leben von 7,6 Milliarden Menschen haben. Dank unserer Anlagen fahren Autos, fliegen Flugzeuge und vieles mehr. Die SECO\/WARWICK Germany GmbH ist Teil einer weltweit f\u00fchrenden Gruppe f\u00fcr W\u00e4rmebehandlungsanlagen mit Endkunden aus Luft- [&hellip;]<\/p>\n","protected":false},"author":2,"featured_media":130205,"parent":111701,"menu_order":0,"comment_status":"closed","ping_status":"closed","template":"","meta":{"_acf_changed":false,"_et_pb_use_builder":"on","_et_pb_old_content":"","_et_gb_content_width":"","footnotes":""},"class_list":["post-130224","page","type-page","status-publish","has-post-thumbnail"],"acf":[],"_links":{"self":[{"href":"https:\/\/www.secowarwick.com\/de\/wp-json\/wp\/v2\/pages\/130224","targetHints":{"allow":["GET"]}}],"collection":[{"href":"https:\/\/www.secowarwick.com\/de\/wp-json\/wp\/v2\/pages"}],"about":[{"href":"https:\/\/www.secowarwick.com\/de\/wp-json\/wp\/v2\/types\/page"}],"author":[{"embeddable":true,"href":"https:\/\/www.secowarwick.com\/de\/wp-json\/wp\/v2\/users\/2"}],"replies":[{"embeddable":true,"href":"https:\/\/www.secowarwick.com\/de\/wp-json\/wp\/v2\/comments?post=130224"}],"version-history":[{"count":8,"href":"https:\/\/www.secowarwick.com\/de\/wp-json\/wp\/v2\/pages\/130224\/revisions"}],"predecessor-version":[{"id":145397,"href":"https:\/\/www.secowarwick.com\/de\/wp-json\/wp\/v2\/pages\/130224\/revisions\/145397"}],"up":[{"embeddable":true,"href":"https:\/\/www.secowarwick.com\/de\/wp-json\/wp\/v2\/pages\/111701"}],"wp:featuredmedia":[{"embeddable":true,"href":"https:\/\/www.secowarwick.com\/de\/wp-json\/wp\/v2\/media\/130205"}],"wp:attachment":[{"href":"https:\/\/www.secowarwick.com\/de\/wp-json\/wp\/v2\/media?parent=130224"}],"curies":[{"name":"wp","href":"https:\/\/api.w.org\/{rel}","templated":true}]}}