{"id":131027,"date":"2022-09-20T11:13:53","date_gmt":"2022-09-20T09:13:53","guid":{"rendered":"https:\/\/www.secowarwick.com\/?page_id=131027"},"modified":"2026-02-11T15:44:49","modified_gmt":"2026-02-11T14:44:49","slug":"bandoefen-typ-mesh-belt-fuer-die-waermebehandlung-unter-kontrollierter-atmosphaere","status":"publish","type":"page","link":"https:\/\/www.secowarwick.com\/de\/produkte\/schutzgasoefen-und-systeme-atm\/bandoefen-typ-mesh-belt-fuer-die-waermebehandlung-unter-kontrollierter-atmosphaere\/","title":{"rendered":"Mesh Belt Bandofen"},"content":{"rendered":"<p>[et_pb_section fb_built=&#8220;1&#8243; _builder_version=&#8220;4.16&#8243; global_colors_info=&#8220;{}&#8220;][et_pb_row _builder_version=&#8220;4.16&#8243; background_size=&#8220;initial&#8220; background_position=&#8220;top_left&#8220; background_repeat=&#8220;repeat&#8220; global_colors_info=&#8220;{}&#8220;][et_pb_column type=&#8220;4_4&#8243; _builder_version=&#8220;4.16&#8243; custom_padding=&#8220;|||&#8220; global_colors_info=&#8220;{}&#8220; custom_padding__hover=&#8220;|||&#8220;][et_pb_image src=&#8220;https:\/\/www.secowarwick.com\/wp-content\/uploads\/2022\/09\/Mesh-Belt-type-furnaces-for-heat-treatment-in-controlled-atmosphere.jpg&#8220; alt=&#8220;Band\u00f6fen Typ Mesh Belt f\u00fcr die W\u00e4rmebehandlung unter kontrollierter Atmosph\u00e4re SECO\/WARWICK&#8220; title_text=&#8220;Band\u00f6fen Typ Mesh Belt f\u00fcr die W\u00e4rmebehandlung unter kontrollierter Atmosph\u00e4re SECO\/WARWICK&#8220; align=&#8220;center&#8220; align_tablet=&#8220;center&#8220; align_phone=&#8220;&#8220; align_last_edited=&#8220;on|desktop&#8220; _builder_version=&#8220;4.16&#8243; global_colors_info=&#8220;{}&#8220;][\/et_pb_image][\/et_pb_column][\/et_pb_row][et_pb_row column_structure=&#8220;3_4,1_4&#8243; _builder_version=&#8220;4.16&#8243; global_colors_info=&#8220;{}&#8220;][et_pb_column type=&#8220;3_4&#8243; _builder_version=&#8220;4.16&#8243; custom_padding=&#8220;|||&#8220; global_colors_info=&#8220;{}&#8220; custom_padding__hover=&#8220;|||&#8220;][et_pb_breadcrumbs _builder_version=&#8220;3.6&#8243; global_colors_info=&#8220;{}&#8220;][\/et_pb_breadcrumbs][et_pb_text module_class=&#8220;podtytuly&#8220; _builder_version=&#8220;4.23.1&#8243; global_colors_info=&#8220;{}&#8220;]<\/p>\n<h1>Mesh Belt Bandofen<\/h1>\n<h2>Band\u00f6fen zur W\u00e4rmebehandlung mit kontrollierter Atmosph\u00e4re<\/h2>\n<p>Mesh-Belt-\u00d6fen sind f\u00fcr die thermische und thermochemische Behandlung von kleinen Bauteilen konzipiert.<\/p>\n<p>Warum?<\/p>\n<p>Weil sie einheitliche, reproduzierbare technologische Ergebnisse liefern.<\/p>\n<p><strong>Mesh-Belt-Ger\u00e4te<\/strong> k\u00f6nnen entweder mit Elektro- oder Gasheizung angeboten werden. Der Hauptofen PTE (elektrisch) oder PTG (Gas) ist f\u00fcr den Betrieb mit einer endothermen Atmosph\u00e4re ausgelegt, die von einem externen Generator erzeugt wird, der mit Erdgas oder Propan betrieben wird. Alternativ kann auch ein interner oder externer Methanoldissoziator eingebaut werden, mit dem durch Zugabe von Stickstoff eine alternative Version der endothermen Atmosph\u00e4re erreicht werden kann. Die verwendete Schutzatmosph\u00e4re h\u00e4lt das Produkt sauber oder unterst\u00fctzt die Oberfl\u00e4chenbehandlung und macht die Band\u00f6fen zu einem effizienten Werkzeug im\u00a0Produktionsprozess. \u00d6fen dieser Art mit Gitterband werden f\u00fcr die Bearbeitung einer Vielzahl von Kleinteilen wie Schrauben, Muttern, Bolzen und anderen Verbindungselementen verwendet. Dieser Ofentyp eignet sich besonders gut f\u00fcr das <strong>Abschrecken unter Schutzgas<\/strong>, das <strong>Karbonitrieren<\/strong> und das <strong>Aufkohlen im\u00a0Temperaturbereich<\/strong> von 840\u00b0C bis 955\u00b0C.<\/p>\n<p>[\/et_pb_text][et_pb_tabs module_class=&#8220;red-tabs eco-tab5&#8243; _builder_version=&#8220;4.23.1&#8243; custom_css_main_element=&#8220;margin-top: 2rem;||margin-bottom: 2rem;&#8220; global_colors_info=&#8220;{}&#8220;][et_pb_tab title=&#8220;Eigenschaften&#8220; _builder_version=&#8220;4.23.1&#8243; global_colors_info=&#8220;{}&#8220;]<\/p>\n<p><strong><span style=\"color: #dc291e;\">\/<\/span><\/strong> Bandofenanlagen werden in\u00a0Standardabmessungen f\u00fcr Nennleistungen von <strong>200 kg bis 500 kg pro Stunde vorgefertigt<\/strong>. Dies erm\u00f6glicht eine optimale Produktion, Lieferung und Installation. Auf besonderen Wunsch kann eine Linie mit einer h\u00f6heren Produktionskapazit\u00e4t hergestellt werden<br \/><strong><span style=\"color: #dc291e;\">\/<\/span><\/strong> Elektrische Spezifikation &#8211; die elektrisch beheizte Ausf\u00fchrung verf\u00fcgt \u00fcber Heizelemente, die leicht von au\u00dfen ausgetauscht werden k\u00f6nnen<br \/><strong><span style=\"color: #dc291e;\">\/<\/span><\/strong> Gasspezifikation &#8211; die Ausf\u00fchrung mit Gasheizung ist mit legierten Strahlungsrohren ausgestattet und zusammen mit dem Gasverbrennungssystem<br \/><strong><span style=\"color: #dc291e;\">\/<\/span><\/strong> Ofenmuffel &#8211; wird \u00fcber die gesamte L\u00e4nge des Ofens von speziellen Keramikst\u00fctzen getragen. Die Lebensdauer der Kupplungen wird durch zahlreiche numerische Berechnungen best\u00e4tigt, die sich in\u00a0der tats\u00e4chlichen Lebensdauer niederschlagen<br \/><strong><span style=\"color: #dc291e;\">\/<\/span><\/strong> Atmosph\u00e4renmischer &#8211; einzigartiges Design f\u00fcr sehr gute Ergebnisse sowohl bei der Temperaturverteilung als auch bei der Atmosph\u00e4renverteilung<br \/><strong><span style=\"color: #dc291e;\">\/<\/span><\/strong> Riemenantrieb &#8211; volle Synchronisierung der Riemengeschwindigkeit, kann \u00fcber einen weiten Bereich eingestellt werden, um eine vollst\u00e4ndige Flexibilit\u00e4t der Bearbeitungszyklen zu erreichen<br \/><strong><span style=\"color: #dc291e;\">\/<\/span><\/strong> Automatisierung &#8211; Der Betrieb der Verarbeitungslinie ist vollst\u00e4ndig automatisiert und wird \u00fcberwacht. Lediglich das Laden der zu verarbeitenden Teile in\u00a0den Ladebeh\u00e4lter und die Entnahme der Chargenbeh\u00e4lter erfolgt durch Personal. Alle anderen Aktivit\u00e4ten im\u00a0Zusammenhang mit dem Transport der Ladung durch die verschiedenen Streckenausr\u00fcstungen erfolgen automatisch unter der Kontrolle des Steuerungssystems<\/p>\n<p>[\/et_pb_tab][et_pb_tab title=&#8220;Vorteile&#8220; _builder_version=&#8220;4.23.1&#8243; global_colors_info=&#8220;{}&#8220;]<\/p>\n<p><strong><span style=\"color: #dc291e;\">\/<\/span><\/strong> Synchronisierung des Bandtransportsystems<br \/><strong><span style=\"color: #dc291e;\">\/<\/span><\/strong> Lange Lebensdauer der Schalld\u00e4mpfer dank optimaler Konstruktion und jahrelanger Erfahrung, unterst\u00fctzt durch zahlreiche numerische Berechnungen<br \/><strong><span style=\"color: #dc291e;\">\/<\/span><\/strong> Begrenzte Verschmutzung des Ofens durch \u00d6ld\u00e4mpfe<br \/><strong><span style=\"color: #dc291e;\">\/<\/span><\/strong> Hocheffiziente Verteilung der Ofenatmosph\u00e4re<br \/><strong><span style=\"color: #dc291e;\">\/<\/span><\/strong> Hocheffiziente Zirkulation des Abschreck\u00f6ls<br \/><strong><span style=\"color: #dc291e;\">\/<\/span><\/strong> Minimierung des Risikos der Verformung von geh\u00e4rteten Werkst\u00fccken<br \/><strong><span style=\"color: #dc291e;\">\/<\/span><\/strong> Niedrieger Energieverbrauch<br \/><strong><span style=\"color: #dc291e;\">\/<\/span><\/strong> Kann an die vorhandenen Gegebenheiten beim Kunden angepasst und konfiguriert werden<br \/><strong><span style=\"color: #dc291e;\">\/<\/span><\/strong> Programm f\u00fcr den Wochenendzyklus (Stand-by)<br \/><strong><span style=\"color: #dc291e;\">\/<\/span><\/strong> Anpassung an AMS-2750 und CQI-9<\/p>\n<p>[\/et_pb_tab][et_pb_tab title=&#8220;Prozesse&#8220; _builder_version=&#8220;4.23.1&#8243; global_colors_info=&#8220;{}&#8220;]<\/p>\n<p><strong><span style=\"color: #dc291e;\">\/<\/span><\/strong> Aufkohlen<br \/><strong><span style=\"color: #dc291e;\">\/<\/span><\/strong> Carbonitrieren<br \/><strong><span style=\"color: #dc291e;\">\/<\/span><\/strong> H\u00e4rten<br \/><strong><span style=\"color: #dc291e;\">\/<\/span><\/strong> Anlassen<\/p>\n<p>[\/et_pb_tab][et_pb_tab title=&#8220;Stoffe&#8220; _builder_version=&#8220;4.23.1&#8243; global_colors_info=&#8220;{}&#8220;]<\/p>\n<p><strong><span style=\"color: #dc291e;\">\/<\/span><\/strong> Stahl<\/p>\n<p>[\/et_pb_tab][et_pb_tab title=&#8220;Industrien&#8220; _builder_version=&#8220;4.23.1&#8243; global_colors_info=&#8220;{}&#8220;]<\/p>\n<p><strong><span style=\"color: #dc291e;\">\/<\/span><\/strong> Lagerindustrie<br \/><strong><span style=\"color: #dc291e;\">\/<\/span><\/strong> Automobilindustrie<br \/><strong><span style=\"color: #dc291e;\">\/<\/span><\/strong> Fasteners<br \/><strong><span style=\"color: #dc291e;\">\/<\/span><\/strong> Landwirtschaftsindustrie<br \/><strong><span style=\"color: #dc291e;\">\/<\/span><\/strong> Betriebsh\u00e4rtereien<\/p>\n<p>[\/et_pb_tab][et_pb_tab title=&#8220; &#8220; _builder_version=&#8220;4.23.1&#8243; _module_preset=&#8220;default&#8220; global_colors_info=&#8220;{}&#8220;]<\/p>\n<p><strong><span style=\"color: #ff0000;\">\/<\/span><\/strong> W\u00e4rmer\u00fcckgewinnungssystem<br \/><strong><span style=\"color: #ff0000;\">\/<\/span><\/strong>\u00a0 Bei der Entwicklung wird der Aspekt der W\u00e4rmespeicherkapazit\u00e4t des Ger\u00e4tes analysiert, um den W\u00e4rmeverlust zu reduzieren<br \/><strong><span style=\"color: #ff0000;\">\/<\/span><\/strong>\u00a0 Eine lange Lebensdauer einer Hauptofenmuffel<br \/><strong><span style=\"color: #ff0000;\">\/<\/span><\/strong>\u00a0 Die M\u00f6glichkeit der Anwendung von den Methanolspaltern anstelle der Endogasgeneratoren bei den W\u00e4rmebehandlungsprozessen<br \/><strong><span style=\"color: #ff0000;\">\/<\/span><\/strong> Die Gasemissionen in&nbsp;die Atmosph\u00e4re werden reduziert, indem die Anwendung von den Endogasgeneratoren entf\u00e4llt<br \/><strong><span style=\"color: #ff0000;\">\/<\/span><\/strong> Die Anwendung von Z\u00fcndkerzen anstelle eines Feuerschutzvorhangs am&nbsp;Ofeneinlauf. Reduzierte Gasentnahme und Gasemissionen in&nbsp;die Atmosph\u00e4re<br \/><strong><span style=\"color: #ff0000;\">\/<\/span><\/strong> Elektroheizungssystem anstelle des Gasheizungssystems<br \/><strong><span style=\"color: #ff0000;\">\/<\/span><\/strong> Gegossene R\u00fchrer mit einer verl\u00e4ngerten Nutzungsdauer<br \/><strong><span style=\"color: #ff0000;\">\/<\/span><\/strong> M\u00f6glichkeit der K\u00fchlung mit Luft-W\u00e4rmetauschern der installierten Umluftgebl\u00e4sen<\/p>\n<p>[\/et_pb_tab][\/et_pb_tabs][et_pb_code admin_label=&#8220;crm-rfq-de&#8220; _builder_version=&#8220;4.10.3&#8243; _module_preset=&#8220;default&#8220; global_module=&#8220;123766&#8243; global_colors_info=&#8220;{}&#8220;]<!-- [et_pb_line_break_holder] --><pee style=\"text-align: center;\"><a class=\"small-button smallred\" style=\"font-size: 20px; padding: 20px 60px;\" href=\"https:\/\/www.secowarwick.com\/de\/fordern-sie-hier-ihr-angebot-an\/\"><span style=\"display: block; transform: skew(15deg,0deg); -webkit-transform: skew(15deg,0deg); font-size: 20px; !important\">UM EIN ANGEBOT BITTEN<\/span><\/a><\/pee>[\/et_pb_code][\/et_pb_column][et_pb_column type=&#8220;1_4&#8243; _builder_version=&#8220;4.16&#8243; custom_padding=&#8220;|||&#8220; global_colors_info=&#8220;{}&#8220; custom_padding__hover=&#8220;|||&#8220;][et_pb_gallery posts_number=&#8220;1&#8243; show_title_and_caption=&#8220;off&#8220; show_pagination=&#8220;off&#8220; zoom_icon_color=&#8220;#e2001a&#8220; disabled_on=&#8220;on|on|on&#8220; module_class=&#8220;seco-products-gallery-new&#8220; _builder_version=&#8220;4.16&#8243; disabled=&#8220;on&#8220; global_colors_info=&#8220;{}&#8220;][\/et_pb_gallery][et_pb_text admin_label=&#8220;btn_de_premiumlibrary&#8220; module_class=&#8220;premium-library-button&#8220; _builder_version=&#8220;4.23.1&#8243; _module_preset=&#8220;default&#8220; text_orientation=&#8220;center&#8220; global_module=&#8220;157246&#8243; global_colors_info=&#8220;{}&#8220;]<\/p>\n<a href='https:\/\/www.secowarwick.com\/de\/premiuminhalte\/' class='small-button smallred'><span>PREMIUMINHALTE<\/span><\/a>\n<p>[\/et_pb_text][et_pb_text admin_label=&#8220;R&#038;D de&#8220; module_class=&#8220;product_widget_wrap_rd&#8220; _builder_version=&#8220;4.23.1&#8243; _module_preset=&#8220;default&#8220; text_orientation=&#8220;center&#8220; global_module=&#8220;167836&#8243; saved_tabs=&#8220;all&#8220; locked=&#8220;off&#8220; global_colors_info=&#8220;{}&#8220;]<\/p>\n<p><a href=\"https:\/\/www.secowarwick.com\/de\/rd\/\"><span class=\"product_wigtet_name\">R&amp;D<\/span><\/a><\/p>\n<p>[\/et_pb_text][et_pb_text admin_label=&#8220;AUTOMATYKA de&#8220; module_class=&#8220;product_widget_wrap_automation&#8220; _builder_version=&#8220;4.23.1&#8243; _module_preset=&#8220;default&#8220; global_module=&#8220;167905&#8243; saved_tabs=&#8220;all&#8220; locked=&#8220;off&#8220; global_colors_info=&#8220;{}&#8220;]<\/p>\n<p><a href=\"https:\/\/www.secowarwick.com\/de\/service\/automatisierung\/\"><span class=\"product_wigtet_name\">AUTOMATISIERUNG<\/span><\/a><\/p>\n<p>[\/et_pb_text][et_pb_text admin_label=&#8220;SERVICE de&#8220; module_class=&#8220;product_widget_wrap_service&#8220; _builder_version=&#8220;4.23.1&#8243; _module_preset=&#8220;default&#8220; global_module=&#8220;167860&#8243; saved_tabs=&#8220;all&#8220; locked=&#8220;off&#8220; global_colors_info=&#8220;{}&#8220;]<\/p>\n<p><a href=\"https:\/\/www.secowarwick.com\/de\/professionelle-service-dienstleistungen\/\"><span class=\"product_wigtet_name\">SERVICE<\/span><\/a><\/p>\n<p>[\/et_pb_text][et_pb_text admin_label=&#8220;SUPLEMENTALS de&#8220; module_class=&#8220;product_widget_wrap_supleme&#8220; _builder_version=&#8220;4.23.1&#8243; _module_preset=&#8220;default&#8220; global_module=&#8220;167915&#8243; saved_tabs=&#8220;all&#8220; locked=&#8220;off&#8220; global_colors_info=&#8220;{}&#8220;]<\/p>\n<p><span class=\"product_wigtet_name\">ZUSATZSTOFFE:<\/span><\/p>\n<p>[\/et_pb_text][et_pb_text admin_label=&#8220;Product brochure&#8220; module_class=&#8220;suplementals_product_brochure suplementals_wrap&#8220; _builder_version=&#8220;4.23.1&#8243; _module_preset=&#8220;default&#8220; hover_enabled=&#8220;0&#8243; locked=&#8220;off&#8220; global_colors_info=&#8220;{}&#8220; sticky_enabled=&#8220;0&#8243;]<a href=\"https:\/\/www.secowarwick.com\/wp-content\/uploads\/2025\/11\/ATM-MESHBELT-WWW.pdf\" target=\"_blank\" rel=\"noopener\" class=\"ga4_product_widget_brochure\">Produktbrosch\u00fcre<\/a>[\/et_pb_text][et_pb_text admin_label=&#8220;Product infographic&#8220; module_class=&#8220;suplementals_product_infographic suplementals_wrap&#8220; _builder_version=&#8220;4.23.1&#8243; _module_preset=&#8220;default&#8220; hover_enabled=&#8220;0&#8243; locked=&#8220;off&#8220; global_colors_info=&#8220;{}&#8220; sticky_enabled=&#8220;0&#8243;]<\/p>\n<p><a href=\"https:\/\/www.secowarwick.com\/wp-content\/uploads\/2023\/06\/MeshBelt.jpg\" target=\"_blank\" rel=\"noopener\" class=\"ga4_product_widget_infografic\">Produkt-Infografik<\/a><\/p>\n<p>[\/et_pb_text][et_pb_text admin_label=&#8220;Product movie playlista de&#8220; module_class=&#8220;suplementals_product_movie suplementals_wrap&#8220; _builder_version=&#8220;4.23.1&#8243; _module_preset=&#8220;default&#8220; global_module=&#8220;169661&#8243; saved_tabs=&#8220;all&#8220; locked=&#8220;off&#8220; global_colors_info=&#8220;{}&#8220;]<\/p>\n<p><a href=\"https:\/\/www.youtube.com\/playlist?list=PLa0hhW_hoQqEsIHM5LQtr9h_9UlwGFBO8\" target=\"_blank\" rel=\"noopener\">Produktvideo<\/a><\/p>\n<p>[\/et_pb_text][et_pb_text admin_label=&#8220;dnabook-de&#8220; module_class=&#8220;suplementals_product_dna suplementals_wrap&#8220; _builder_version=&#8220;4.23.1&#8243; _module_preset=&#8220;default&#8220; global_module=&#8220;167874&#8243; saved_tabs=&#8220;all&#8220; locked=&#8220;off&#8220; global_colors_info=&#8220;{}&#8220;]<\/p>\n<p><a href=\"https:\/\/www.secowarwick.com\/wp-content\/uploads\/2025\/07\/DNA_BOOK.pdf\" target=\"_blank\" rel=\"noopener\">DNA\/BOOK<\/a><\/p>\n<p>[\/et_pb_text][et_pb_text admin_label=&#8220;ECO\/BOOK-de&#8220; module_class=&#8220;suplementals_product_eco suplementals_wrap&#8220; _builder_version=&#8220;4.23.1&#8243; _module_preset=&#8220;default&#8220; global_module=&#8220;167797&#8243; locked=&#8220;off&#8220; global_colors_info=&#8220;{}&#8220;]<\/p>\n<p><a href=\"https:\/\/www.secowarwick.com\/wp-content\/uploads\/2023\/06\/ECOBOOK.pdf\" target=\"_blank\" rel=\"noopener\">ECO\/BOOK<\/a><\/p>\n<p>[\/et_pb_text][et_pb_text admin_label=&#8220;product-widget-rfq-de&#8220; module_class=&#8220;product_widget_wrap_rfq-en&#8220; _builder_version=&#8220;4.23.1&#8243; _module_preset=&#8220;default&#8220; global_module=&#8220;186250&#8243; saved_tabs=&#8220;all&#8220; locked=&#8220;off&#8220; global_colors_info=&#8220;{}&#8220;]<\/p>\n<p style=\"text-align: center;\"><a class=\"small-button smallred rfq-gtm-product-widget\" href=\"https:\/\/www.secowarwick.com\/de\/fordern-sie-hier-ihr-angebot-an\/\"><span class=\"product_wigtet_name\">FRAGE NACH MEHR<\/span><\/a><\/p>\n<p>[\/et_pb_text][\/et_pb_column][\/et_pb_row][\/et_pb_section]<\/p>\n","protected":false},"excerpt":{"rendered":"<p>[et_pb_breadcrumbs _builder_version=&#8220;3.6&#8243; global_colors_info=&#8220;{}&#8220;][\/et_pb_breadcrumbs]Mesh Belt Bandofen Band\u00f6fen zur W\u00e4rmebehandlung mit kontrollierter Atmosph\u00e4re Mesh-Belt-\u00d6fen sind f\u00fcr die thermische und thermochemische Behandlung von kleinen Bauteilen konzipiert. Warum? Weil sie einheitliche, reproduzierbare technologische Ergebnisse liefern. Mesh-Belt-Ger\u00e4te k\u00f6nnen entweder mit Elektro- oder Gasheizung angeboten werden. Der Hauptofen PTE (elektrisch) oder PTG (Gas) ist f\u00fcr den Betrieb mit einer endothermen Atmosph\u00e4re [&hellip;]<\/p>\n","protected":false},"author":2,"featured_media":131020,"parent":7137,"menu_order":0,"comment_status":"closed","ping_status":"closed","template":"","meta":{"_acf_changed":false,"_et_pb_use_builder":"on","_et_pb_old_content":"","_et_gb_content_width":"","footnotes":""},"class_list":["post-131027","page","type-page","status-publish","has-post-thumbnail"],"acf":[],"_links":{"self":[{"href":"https:\/\/www.secowarwick.com\/de\/wp-json\/wp\/v2\/pages\/131027","targetHints":{"allow":["GET"]}}],"collection":[{"href":"https:\/\/www.secowarwick.com\/de\/wp-json\/wp\/v2\/pages"}],"about":[{"href":"https:\/\/www.secowarwick.com\/de\/wp-json\/wp\/v2\/types\/page"}],"author":[{"embeddable":true,"href":"https:\/\/www.secowarwick.com\/de\/wp-json\/wp\/v2\/users\/2"}],"replies":[{"embeddable":true,"href":"https:\/\/www.secowarwick.com\/de\/wp-json\/wp\/v2\/comments?post=131027"}],"version-history":[{"count":24,"href":"https:\/\/www.secowarwick.com\/de\/wp-json\/wp\/v2\/pages\/131027\/revisions"}],"predecessor-version":[{"id":189455,"href":"https:\/\/www.secowarwick.com\/de\/wp-json\/wp\/v2\/pages\/131027\/revisions\/189455"}],"up":[{"embeddable":true,"href":"https:\/\/www.secowarwick.com\/de\/wp-json\/wp\/v2\/pages\/7137"}],"wp:featuredmedia":[{"embeddable":true,"href":"https:\/\/www.secowarwick.com\/de\/wp-json\/wp\/v2\/media\/131020"}],"wp:attachment":[{"href":"https:\/\/www.secowarwick.com\/de\/wp-json\/wp\/v2\/media?parent=131027"}],"curies":[{"name":"wp","href":"https:\/\/api.w.org\/{rel}","templated":true}]}}