{"id":131209,"date":"2022-09-23T20:37:44","date_gmt":"2022-09-23T18:37:44","guid":{"rendered":"https:\/\/www.secowarwick.com\/unternehmen\/auszeichnungen-und-ehrungen\/business-leader\/"},"modified":"2022-09-23T20:52:01","modified_gmt":"2022-09-23T18:52:01","slug":"business-leader","status":"publish","type":"page","link":"https:\/\/www.secowarwick.com\/de\/unternehmen\/auszeichnungen-und-ehrungen\/business-leader\/","title":{"rendered":"BUSINESS LEADER"},"content":{"rendered":"<p>SECO\/WARWICK erneut Business Leader<\/p>\n<p>Die Westliche Industrie- und Handelskammer (ZIPH) hat am 12. September 2022 zum dreizehnten Mal die besten Unternehmer der Westgebiete ausgezeichnet. Anerkannt wurden die internationalen Erfolge der Gesellschaft und die Tatsache, dass sie das Tempo ihrer Gesch\u00e4ftsentwicklung nicht verlangsamt.<\/p>\n<p>Am 12. September 2022, w\u00e4hrend einer feierlichen Gala in der Philharmonie von Gorz\u00f3w, nahm Katarzyna Sawka, stellvertretende Leiterin der Marketingabteilung der Gruppe SECO\/WARWICK, die Auszeichnung &#8222;Lubuski Lider Biznesu&#8220; <em>[Lebuser Business Leader]<\/em> im Namen der Gesellschaft entgegen.<\/p>\n<p><img decoding=\"async\" class=\"wp-image-131199 size-full aligncenter\" src=\"https:\/\/www.secowarwick.com\/wp-content\/uploads\/2022\/09\/BUSINESS-LEADER-2022-SECOWARWICK.jpg\" alt=\"BUSINESS LEADER 2022 SECO\/WARWICK\" width=\"1200\" height=\"630\" srcset=\"https:\/\/www.secowarwick.com\/wp-content\/uploads\/2022\/09\/BUSINESS-LEADER-2022-SECOWARWICK.jpg 1200w, https:\/\/www.secowarwick.com\/wp-content\/uploads\/2022\/09\/BUSINESS-LEADER-2022-SECOWARWICK-980x515.jpg 980w, https:\/\/www.secowarwick.com\/wp-content\/uploads\/2022\/09\/BUSINESS-LEADER-2022-SECOWARWICK-480x252.jpg 480w\" sizes=\"(min-width: 0px) and (max-width: 480px) 480px, (min-width: 481px) and (max-width: 980px) 980px, (min-width: 981px) 1200px, 100vw\" \/><\/p>\n<p>&nbsp;<\/p>\n<p>&nbsp;<\/p>\n","protected":false},"excerpt":{"rendered":"<p>SECO\/WARWICK erneut Business Leader Die Westliche Industrie- und Handelskammer (ZIPH) hat am 12. September 2022 zum dreizehnten Mal die besten Unternehmer der Westgebiete ausgezeichnet. Anerkannt wurden die internationalen Erfolge der Gesellschaft und die Tatsache, dass sie das Tempo ihrer Gesch\u00e4ftsentwicklung nicht verlangsamt. Am 12. September 2022, w\u00e4hrend einer feierlichen Gala in der Philharmonie von Gorz\u00f3w, [&hellip;]<\/p>\n","protected":false},"author":2,"featured_media":131199,"parent":6718,"menu_order":0,"comment_status":"closed","ping_status":"closed","template":"","meta":{"_acf_changed":false,"_et_pb_use_builder":"off","_et_pb_old_content":"","_et_gb_content_width":"","footnotes":""},"class_list":["post-131209","page","type-page","status-publish","has-post-thumbnail"],"acf":[],"_links":{"self":[{"href":"https:\/\/www.secowarwick.com\/de\/wp-json\/wp\/v2\/pages\/131209","targetHints":{"allow":["GET"]}}],"collection":[{"href":"https:\/\/www.secowarwick.com\/de\/wp-json\/wp\/v2\/pages"}],"about":[{"href":"https:\/\/www.secowarwick.com\/de\/wp-json\/wp\/v2\/types\/page"}],"author":[{"embeddable":true,"href":"https:\/\/www.secowarwick.com\/de\/wp-json\/wp\/v2\/users\/2"}],"replies":[{"embeddable":true,"href":"https:\/\/www.secowarwick.com\/de\/wp-json\/wp\/v2\/comments?post=131209"}],"version-history":[{"count":1,"href":"https:\/\/www.secowarwick.com\/de\/wp-json\/wp\/v2\/pages\/131209\/revisions"}],"predecessor-version":[{"id":131212,"href":"https:\/\/www.secowarwick.com\/de\/wp-json\/wp\/v2\/pages\/131209\/revisions\/131212"}],"up":[{"embeddable":true,"href":"https:\/\/www.secowarwick.com\/de\/wp-json\/wp\/v2\/pages\/6718"}],"wp:featuredmedia":[{"embeddable":true,"href":"https:\/\/www.secowarwick.com\/de\/wp-json\/wp\/v2\/media\/131199"}],"wp:attachment":[{"href":"https:\/\/www.secowarwick.com\/de\/wp-json\/wp\/v2\/media?parent=131209"}],"curies":[{"name":"wp","href":"https:\/\/api.w.org\/{rel}","templated":true}]}}