{"id":132670,"date":"2022-10-29T18:25:10","date_gmt":"2022-10-29T16:25:10","guid":{"rendered":"https:\/\/www.secowarwick.com\/cookie-policy\/"},"modified":"2025-02-25T12:28:54","modified_gmt":"2025-02-25T11:28:54","slug":"cookie-richtlinie","status":"publish","type":"page","link":"https:\/\/www.secowarwick.com\/de\/cookie-richtlinie\/","title":{"rendered":"COOKIE-RICHTLINIE VON SECO\/WARWICK"},"content":{"rendered":"<p>Dieses Dokument beschreibt die Regeln f\u00fcr die Verwendung von Cookies auf den Websites unter der Domain [secowarwick.com], die von SECO\/WARWICK S.A. mit Sitz in \u015awiebodzin, ul. Sobieskiego 8, 66-200 \u015awiebodzin, eingetragen im Unternehmerregister des Landesgerichtsregisters beim Amtsgericht in Zielona G\u00f3ra, 8. Wirtschaftsabteilung f\u00fcr das Landesgerichtsregister, unter der KRS-Nr. 0000271014, NIP 9270100756, mit einem Stammkapital von 2 059 710,80 PLN, das vollst\u00e4ndig eingezahlt wurde, betrieben werden.<\/p>\n<p><strong>Was sind Cookies und warum verwenden wir sie?<\/strong><\/p>\n<p>Cookies sind kleine Textdateien, die auf Ihren Ger\u00e4ten wie Computern, Smartphones oder Tablets gespeichert werden. Wir verwenden Cookies und andere \u00e4hnliche Technologien, um u.a. das ordnungsgem\u00e4\u00dfe Funktionieren unserer Websites zu gew\u00e4hrleisten, sie an Ihre Pr\u00e4ferenzen anzupassen und Informationen dar\u00fcber zu sammeln, wie Sie unsere Websites nutzen. Eine detaillierte Beschreibung der Zwecke, f\u00fcr die wir Cookies verwenden, finden Sie in der folgenden Tabelle.<\/p>\n<p><strong>Welche Arten von Cookies verwenden wir?<\/strong><\/p>\n<p>Je nach Verwendungszweck k\u00f6nnen die von uns verwendeten Cookies wie folgt unterteilt werden:<\/p>\n<ul>\n<li><strong>Funktionale Cookies<\/strong> \u2013 werden verwendet, um das ordnungsgem\u00e4\u00dfe Funktionieren unserer Websites und der auf ihnen verf\u00fcgbaren Dienste zu gew\u00e4hrleisten, z.B. um die Sicherheit zu gew\u00e4hrleisten, den Datenverkehr zu verwalten oder um Ihre Einwilligungen zu speichern.<\/li>\n<li><strong>Analyse-Cookies <\/strong>\u2013 werden verwendet, um Informationen \u00fcber Ihre Aktivit\u00e4ten auf unseren Websites f\u00fcr analytische und statistische Zwecke zu sammeln, um unsere Websites und Dienstleistungen zu verbessern.<\/li>\n<li><strong>Marketing Cookies<\/strong> \u2013 werden verwendet, um Informationen \u00fcber Ihre Aktivit\u00e4ten auf unseren Websites f\u00fcr Marketingzwecke zu sammeln, insbesondere um Online-Werbung zu gestalten und anzuzeigen.<\/li>\n<\/ul>\n<p>Je nach Dauer der Speicherung k\u00f6nnen die von uns verwendeten Cookies in Sitzungscookies und permanente Cookies unterteilt werden. Sitzungscookies werden f\u00fcr die Dauer der Nutzung des Browsers (die Dauer der Sitzung) auf Ihrem Ger\u00e4t abgelegt und gel\u00f6scht, wenn Sie den Browser schlie\u00dfen oder sich von der Website abmelden. Permanente Cookies hingegen werden f\u00fcr einen bestimmten Zeitraum auf Ihrem Ger\u00e4t abgelegt und danach gel\u00f6scht.<\/p>\n<p>Hinsichtlich der Herkunft der von uns verwendeten Cookies k\u00f6nnen wir sie in unsere eigenen Cookies (<em>First-Party-Cookies<\/em>) &#8211; die von unserer Internet-Domain stammen &#8211; und externe Cookies (<em>Third-Party-Cookies<\/em>) &#8211; die von Internet-Domains stammen, die von Dritten kontrolliert werden &#8211; unterteilen.<\/p>\n<p><strong>Wie kann ich die Cookies auf meinem Ger\u00e4t verwalten?<\/strong><\/p>\n<p>Cookies, die f\u00fcr das ordnungsgem\u00e4\u00dfe Funktionieren unserer Websites und der darauf verf\u00fcgbaren Dienste erforderlich sind, sind immer aktiv. Andere Cookies, die wir f\u00fcr andere Zwecke verwenden, werden jedoch nur dann gespeichert und gelesen, wenn Sie Ihre Zustimmung dazu gegeben haben.<\/p>\n<p>Sie k\u00f6nnen diese Zustimmung \u00fcber das Tool erteilen, das beim ersten Besuch unserer Websites angezeigt wird. Die Erteilung Ihrer Zustimmung ist freiwillig und nicht erforderlich, um unsere Websites zu nutzen, aber einige Funktionen unserer Websites stehen Ihnen m\u00f6glicherweise nur zur Verf\u00fcgung, wenn Sie Ihre Zustimmung erteilt haben. Sie k\u00f6nnen die von Ihnen erteilte Einwilligung jederzeit mit Wirkung f\u00fcr die Zukunft widerrufen, indem Sie das oben genannte Werkzeug benutzen. Um das Tool erneut aufzurufen und Ihre Einstellungen zu \u00e4ndern &#8211; um Ihre Zustimmung zu erteilen oder zu widerrufen &#8211; klicken Sie bitte auf den Link &#8222;Cookie-Einstellungen&#8220; in der Fu\u00dfzeile und hier.<\/p>\n<p><strong>\u00a0<\/strong>Sie k\u00f6nnen Cookies auch \u00fcber Ihre Browsereinstellungen verwalten. Auf diese Weise k\u00f6nnen Sie auch diejenigen Cookies l\u00f6schen oder blockieren, die f\u00fcr den Betrieb unserer Websites und Dienste unerl\u00e4sslich sind. Die Einschr\u00e4nkung oder Blockierung bestimmter Cookies kann daher zu einer Beeintr\u00e4chtigung der Funktionalit\u00e4t unserer Websites und der darauf verf\u00fcgbaren Dienste f\u00fchren oder sogar deren ordnungsgem\u00e4\u00dfe Funktion verhindern.<\/p>\n<p>Ausf\u00fchrliche Erl\u00e4uterungen zur Verwaltung von Cookies in den g\u00e4ngigsten Browsern finden Sie auf den folgenden Seiten:<\/p>\n<p><a href=\"https:\/\/support.google.com\/chrome\/answer\/95647\">Google Chrome<\/a><\/p>\n<p><a href=\"https:\/\/support.apple.com\/pl-pl\/guide\/safari\/sfri11471\/mac\" target=\"_blank\" rel=\"noopener\">Apple Safari<\/a><\/p>\n<p><a href=\"https:\/\/support.microsoft.com\/pl-pl\/windows\/program-microsoft-edge-i-przegl%C4%85danie-danych-a-prywatno%C5%9B%C4%87-bb8174ba-9d73-dcf2-9b4a-c582b4e640dd\">Microsoft Edge<\/a><\/p>\n<p><a href=\"https:\/\/support.mozilla.org\/pl\/kb\/ciasteczka\">Mozilla Firefox<\/a><\/p>\n<p><a href=\"https:\/\/help.opera.com\/pl\/latest\/web-preferences\/#cookies\">Opera<\/a><\/p>\n<p><strong>F\u00fcr welche Zwecke verwenden wir Cookies?<\/strong><\/p>\n<table style=\"width: 100%;\">\n<tbody>\n<tr>\n<td width=\"81\"><strong>Funktion<\/strong><\/td>\n<td width=\"166\"><strong>Dateinamen<\/strong><\/td>\n<td width=\"89\"><strong>Kategorie<\/strong><\/td>\n<td width=\"268\"><strong>Zweck<\/strong><\/td>\n<\/tr>\n<tr>\n<td width=\"81\"><strong>Cookie-Einstellungen<\/strong><\/td>\n<td width=\"166\">cmplz_banner-status<br \/>\ncmplz_consented_services<br \/>\ncmplz_consenttype<br \/>\ncmplz_functional<br \/>\ncmplz_marketing<br \/>\ncmplz_policy_id<br \/>\ncmplz_preferences<br \/>\ncmplz_statistics<\/td>\n<td width=\"89\">funktionale Cookies<\/td>\n<td width=\"268\">Diese Cookies werden verwendet, um Ihre Pr\u00e4ferenzen f\u00fcr die auf unseren Websites verwendeten Cookies zu speichern, einschlie\u00dflich der Speicherung von erteilten und abgelehnten Einwilligungen. Sie stammen von unseren Servern (eigene Cookies).<\/p>\n<p>G\u00fcltigkeitsdauer: 1 Jahr (alle aufgef\u00fchrten Dateien au\u00dfer cmplz_consenttype, die eine G\u00fcltigkeitsdauer von 365 Tagen hat)<\/td>\n<\/tr>\n<tr>\n<td width=\"81\"><strong>Google Analytics<\/strong><\/td>\n<td width=\"166\">_ga<br \/>\n_gat_UA-6830423-2<br \/>\n_gid<\/td>\n<td width=\"89\">Analyse-Cookies<\/td>\n<td width=\"268\">Wir verwenden die oben aufgef\u00fchrten Cookies, um die Nutzung unserer Websites durch die Nutzer mit Hilfe des Tools Google Analytics zu analysieren. Die einzelnen Cookies werden unter anderem verwendet, um Benutzerkennungen zu speichern und zwischen Benutzern zu unterscheiden sowie um Informationen und Statistiken \u00fcber die Nutzung unserer Websites zu sammeln und zu analysieren. Sie stammen von einem Drittanbieter \u2013 Google.<\/p>\n<p>Weitere Informationen finden Sie auf den Websites von Google:<\/p>\n<p><a href=\"https:\/\/policies.google.com\/technologies\/cookies\">https:\/\/policies.google.com\/technologies\/cookies<\/a> und <a href=\"https:\/\/policies.google.com\/technologies\/partner-sites\">https:\/\/policies.google.com\/technologies\/partner-sites<\/a><\/p>\n<p>G\u00fcltigkeitsdauer:<br \/>\n_ga \u2013 2 Jahre<br \/>\n_gat_UA-6830423-2 \u2013 1 Minute<br \/>\n_gid \u2013 1 Tag<\/p>\n<p>&nbsp;<\/td>\n<\/tr>\n<tr>\n<td width=\"81\"><strong>YouTube<\/strong><\/td>\n<td width=\"166\">visitor_info1_live<br \/>\nysc<\/td>\n<td width=\"89\">Marketing Cookies<\/td>\n<td width=\"268\">Wir verwenden diese Cookies im Zusammenhang mit der Einbettung von Inhalten von YouTube \u2013 Videos, die auf dieser Website verf\u00fcgbar sind. Die einzelnen Cookies werden unter anderem verwendet, um die Pr\u00e4ferenzen des Benutzers zu erfassen, damit auf YouTube ma\u00dfgeschneiderte Werbung angezeigt werden kann, und um eine eindeutige Kennung zu registrieren, mit der Statistiken \u00fcber die von ihm angesehenen Videos gef\u00fchrt werden k\u00f6nnen. Sie stammen von einem Drittanbieter \u2013 Google.<\/p>\n<p>Weitere Informationen finden Sie auf den Websites von Google:<br \/>\n<a href=\"https:\/\/policies.google.com\/technologies\/cookies\">https:\/\/policies.google.com\/technologies\/cookies<\/a><\/p>\n<p>G\u00fcltigkeitsdauer:<br \/>\nvisitor_info1_live \u2013 6 Monate<br \/>\nysc \u2013 Sitzungsdauer<\/td>\n<\/tr>\n<tr>\n<td width=\"81\"><strong>LinkedIn-Werbe-Cookies<\/strong><\/td>\n<td width=\"166\"><u>linkedin.com<br \/>\n<\/u>AnalyticsSyncHistory<br \/>\nbcookie<br \/>\nlang<br \/>\nlidc<br \/>\nUserMatchHistory<u>ads.linkedin.com<br \/>\n<\/u>lang<\/td>\n<td width=\"89\">Marketing Cookies<\/td>\n<td width=\"268\">Wir verwenden diese Cookies im Zusammenhang mit der Platzierung von LinkedIn-Werbungscodes. Diese Cookies stammen von einem Drittanbieter \u2013 LinkedIn \u2013 und werden verwendet, um Ihnen Werbung anzuzeigen und diese zu personalisieren sowie um die Konversion von Werbema\u00dfnahmen oder Remarketing zu messen. Einzelne Dateien werden u. a. verwendet, um LinkedInAds-IDs zu synchronisieren, Ger\u00e4te zu identifizieren, um Missbrauch auf der LinkedIn-Plattform zu erkennen, das Rechenzentrum auszuw\u00e4hlen und die Spracheinstellungen des Nutzers zu speichern.<\/p>\n<p>Weitere Informationen finden Sie auf den Websites von LinkedIn:<br \/>\n<a href=\"https:\/\/linkedin.com\/legal\/cookie-policy\">https:\/\/linkedin.com\/legal\/cookie-policy<\/a><\/p>\n<p>G\u00fcltigkeitsdauer:<br \/>\n<u>linkedin.com<br \/>\n<\/u>AnalyticsSyncHistory \u2013 30 Tage<br \/>\nbcookie \u2013 2 Jahre<br \/>\nlang \u2013 Sitzungsdauer<br \/>\nlidc \u2013 1 Tag<br \/>\nUserMatchHistory \u2013 30 Tage<\/p>\n<p><u>ads.linkedin.com<br \/>\n<\/u>lang \u2013 Sitzungsdauer<\/td>\n<\/tr>\n<tr>\n<td width=\"81\"><strong>Facebook-Werbe-Cookies<\/strong><\/td>\n<td width=\"166\">_fbp<br \/>\nfr<\/td>\n<td width=\"89\">Marketing Cookies<\/td>\n<td width=\"268\">Wir verwenden die aufgef\u00fchrten Cookies im Zusammenhang mit der Platzierung von Facebook-Werbecodes]. Die aufgef\u00fchrten Cookies werden von einem Drittanbieter &#8211; Facebook &#8211; zur Verf\u00fcgung gestellt und werden verwendet, um den Benutzern Werbung anzuzeigen und zu personalisieren und die Konversion von Marketingaktivit\u00e4ten oder Remarketing zu messen. Die einzelnen Cookies werden unter anderem dazu verwendet, die Wirksamkeit und Relevanz von Werbung zu messen und den Browser zu identifizieren, um Werbung und Website-Analysedienste bereitstellen zu k\u00f6nnen.<\/p>\n<p><strong>\u00a0<\/strong>Weitere Informationen finden Sie auf den Websites von Facebook:<br \/>\n<a href=\"https:\/\/www.facebook.com\/policies\/cookies\">https:\/\/www.facebook.com\/policies\/cookies<\/a><\/p>\n<p><strong>\u00a0<\/strong>G\u00fcltigkeitsdauer:<br \/>\n_fbp \u2013 90 Tage<br \/>\nfr \u2013 90 Tage<\/td>\n<\/tr>\n<tr>\n<td width=\"81\"><strong>Google-Werbe-Cookies<\/strong><\/td>\n<td width=\"166\">__Secure-3PAPISID<br \/>\n__Secure-3PSID<br \/>\n_gads<br \/>\n_gcl_au<br \/>\napisid<br \/>\ndv<br \/>\ngoogle_adsense_settings<br \/>\nhsid<br \/>\nogpc<br \/>\nsapisid<br \/>\nsid<br \/>\nssid<br \/>\nuule<br \/>\n1p_jar<br \/>\nconsent<br \/>\nnid<br \/>\notz<\/td>\n<td width=\"89\">Marketing Cookies<\/td>\n<td width=\"268\">Wir verwenden die aufgef\u00fchrten Cookies im Zusammenhang mit der Platzierung von Google-Werbecodes]. Die aufgef\u00fchrten Cookies stammen von einem Drittanbieter &#8211; Google &#8211; und werden in Verbindung mit unserer Nutzung von Google-Diensten verwendet, um uns die Nutzung dieser Dienste zu erm\u00f6glichen. Die einzelnen Cookies werden u.a. zur Optimierung von Werbekampagnen, zur Auslieferung von Werbung, zum Remarketing, zur Speicherung von Nutzerpr\u00e4ferenzen und -informationen sowie zur Betrugspr\u00e4vention verwendet.<\/p>\n<p><strong>\u00a0<\/strong>Weitere Informationen finden Sie auf den Websites von Google:<br \/>\n<a href=\"https:\/\/policies.google.com\/technologies\/cookies\">https:\/\/policies.google.com\/technologies\/cookies<\/a> und <a href=\"https:\/\/policies.google.com\/technologies\/partner-sites\">https:\/\/policies.google.com\/technologies\/partner-sites<\/a><\/p>\n<p><strong>\u00a0<\/strong>G\u00fcltigkeitsdauer:<br \/>\n__Secure-3PAPISID \u2013 2 Jahre<br \/>\n__Secure-3PSID \u2013 2 Jahre<br \/>\n_gads \u2013 13 Monate<br \/>\n_gcl_au \u2013 3 Monate<br \/>\napisid \u2013 2 Jahre<br \/>\ndv \u2013 2 Jahre<br \/>\ngoogle_adsense_settings \u2013 dauerhaft\/unbefristet<br \/>\nhsid \u2013 2 Jahre<br \/>\nogpc \u2013 1 Monat<br \/>\nsapisid \u2013 2 Jahre<br \/>\nsid \u2013 2 Jahre<br \/>\nssid \u2013 2 Jahre<br \/>\nuule \u2013 2 Jahre<br \/>\n1p_jar \u2013 30 Tage<br \/>\nconsent \u2013 9 Monate<br \/>\nnid \u2013 6 Monate<br \/>\notz \u2013 2 Jahre<\/p>\n<p>&nbsp;<\/td>\n<\/tr>\n<tr>\n<td width=\"81\"><strong>One Dynamics<\/strong><\/td>\n<td width=\"166\">msd365mkttr<br \/>\nmsd365mkttrs79f08280-5c63-4331-b04d-fb6f39afda51<br \/>\n319af4c0-e197-4de9-8a9b-fe98c8a2ca04<\/td>\n<td width=\"89\">Marketing Cookies<\/td>\n<td width=\"268\">Wir verwenden die oben aufgef\u00fchrten Cookies im Zusammenhang mit der Platzierung von Kontaktformularen, die mit dem CRM-System Microsoft DYNAMICS 365 verkn\u00fcpft sind. Sie sind nicht f\u00fcr das Versenden der Formulare notwendig.<\/p>\n<p>Identifiziert den Endnutzer. Wir setzen dieses Cookie, wenn ein Endnutzer eine Marketingseite besucht oder auf einen Link klickt (mit aktiviertem Tracking). Zu einem bestimmten Zeitpunkt, wenn dieser Endnutzer ein Formular abschickt, wird ein neuer Interessent erstellt, und wir verwenden das im Browser vorhandene Cookie, um fr\u00fchere Besuche mit dem neu generierten Interessenten zu verkn\u00fcpfen.<br \/>\nUm herauszufinden, wie viel Zeit der Nutzer auf der Website verbracht hat.<\/p>\n<p>G\u00fcltigkeitsdauer 1 Jahr<\/td>\n<\/tr>\n<\/tbody>\n<\/table>\n<p>&nbsp;<\/p>\n","protected":false},"excerpt":{"rendered":"<p>Dieses Dokument beschreibt die Regeln f\u00fcr die Verwendung von Cookies auf den Websites unter der Domain [secowarwick.com], die von SECO\/WARWICK S.A. mit Sitz in \u015awiebodzin, ul. Sobieskiego 8, 66-200 \u015awiebodzin, eingetragen im Unternehmerregister des Landesgerichtsregisters beim Amtsgericht in Zielona G\u00f3ra, 8. Wirtschaftsabteilung f\u00fcr das Landesgerichtsregister, unter der KRS-Nr. 0000271014, NIP 9270100756, mit einem Stammkapital von [&hellip;]<\/p>\n","protected":false},"author":2,"featured_media":0,"parent":0,"menu_order":0,"comment_status":"closed","ping_status":"closed","template":"","meta":{"_acf_changed":false,"_et_pb_use_builder":"","_et_pb_old_content":"","_et_gb_content_width":"","footnotes":""},"class_list":["post-132670","page","type-page","status-publish"],"acf":[],"_links":{"self":[{"href":"https:\/\/www.secowarwick.com\/de\/wp-json\/wp\/v2\/pages\/132670","targetHints":{"allow":["GET"]}}],"collection":[{"href":"https:\/\/www.secowarwick.com\/de\/wp-json\/wp\/v2\/pages"}],"about":[{"href":"https:\/\/www.secowarwick.com\/de\/wp-json\/wp\/v2\/types\/page"}],"author":[{"embeddable":true,"href":"https:\/\/www.secowarwick.com\/de\/wp-json\/wp\/v2\/users\/2"}],"replies":[{"embeddable":true,"href":"https:\/\/www.secowarwick.com\/de\/wp-json\/wp\/v2\/comments?post=132670"}],"version-history":[{"count":6,"href":"https:\/\/www.secowarwick.com\/de\/wp-json\/wp\/v2\/pages\/132670\/revisions"}],"predecessor-version":[{"id":172579,"href":"https:\/\/www.secowarwick.com\/de\/wp-json\/wp\/v2\/pages\/132670\/revisions\/172579"}],"wp:attachment":[{"href":"https:\/\/www.secowarwick.com\/de\/wp-json\/wp\/v2\/media?parent=132670"}],"curies":[{"name":"wp","href":"https:\/\/api.w.org\/{rel}","templated":true}]}}