{"id":132776,"date":"2022-10-12T13:18:05","date_gmt":"2022-10-12T11:18:05","guid":{"rendered":"https:\/\/www.secowarwick.com\/seco-deals\/black-friday-hunter\/"},"modified":"2023-02-28T11:30:24","modified_gmt":"2023-02-28T10:30:24","slug":"black-friday-jaeger","status":"publish","type":"page","link":"https:\/\/www.secowarwick.com\/de\/seco-deals-old\/black-friday-jaeger\/","title":{"rendered":"Black Friday J\u00e4ger startet JETZT"},"content":{"rendered":"<p>[et_pb_section fb_built=&#8220;1&#8243; _builder_version=&#8220;4.16&#8243; custom_margin=&#8220;0px|||&#8220; custom_padding=&#8220;0px|||&#8220; global_colors_info=&#8220;{}&#8220;][et_pb_row _builder_version=&#8220;4.16&#8243; background_size=&#8220;initial&#8220; background_position=&#8220;top_left&#8220; background_repeat=&#8220;repeat&#8220; global_colors_info=&#8220;{}&#8220;][et_pb_column type=&#8220;4_4&#8243; _builder_version=&#8220;4.16&#8243; custom_padding=&#8220;|||&#8220; global_colors_info=&#8220;{}&#8220; custom_padding__hover=&#8220;|||&#8220;][et_pb_image src=&#8220;https:\/\/www.secowarwick.com\/wp-content\/uploads\/2022\/10\/Vacuum-furnaces-on-black-friday-2022.jpg&#8220; alt=&#8220;Vacuum Furnace for Black Friday&#8220; title_text=&#8220;Vacuum-furnaces-on-black-friday-2022&#8243; align_tablet=&#8220;center&#8220; align_phone=&#8220;&#8220; align_last_edited=&#8220;on|desktop&#8220; _builder_version=&#8220;4.16&#8243; animation_style=&#8220;slide&#8220; animation_direction=&#8220;bottom&#8220; global_colors_info=&#8220;{}&#8220;][\/et_pb_image][et_pb_text admin_label=&#8220;Text&#8220; _builder_version=&#8220;4.19.2&#8243; custom_margin=&#8220;40px|||&#8220; custom_margin_tablet=&#8220;&#8220; custom_margin_phone=&#8220;20px|||&#8220; custom_margin_last_edited=&#8220;on|phone&#8220; animation_style=&#8220;fade&#8220; hover_enabled=&#8220;0&#8243; global_colors_info=&#8220;{}&#8220; module_class=&#8220;hunt&#8220; sticky_enabled=&#8220;0&#8243;]<\/p>\n<h1 style=\"text-align: center;\"><span style=\"font-size: 14pt; color: #000000;\">Verfolgen Sie die besten ANGEBOTE:<\/span><br \/><strong><span style=\"font-size: 14pt; color: #000000;\">ANGEBOT <span style=\"color: #dc291e;\">|<\/span> ARTIKEL <span style=\"color: #dc291e;\">|<\/span> ZEIT <\/span><\/strong><\/h1>\n<p style=\"text-align: center;\">Nur unsere Vakuum\u00f6fen (<a href=\"https:\/\/www.secowarwick.com\/de\/produkte\/vakuum-anlagen\/vector\/\" target=\"_blank\" rel=\"noopener\">Hochdruck-Gasabschreckung<\/a> oder <a href=\"https:\/\/www.secowarwick.com\/wp-content\/uploads\/2022\/07\/Vector-High-Vacuum-Vacuum-Furnace-SECOWARWICK-2.pdf\" target=\"_blank\" rel=\"noopener\">Hochvakuum<\/a>) l\u00f6sen Ihre W\u00e4rmebehandlungsprobleme!<\/p>\n<p style=\"text-align: center;\"><strong><span style=\"font-size: 14pt; color: #000000;\">Warum?<\/span><\/strong><\/p>\n<p style=\"text-align: center;\">Weil sie verschiedene Verfahren anbieten wie: H\u00e4rten, Anlassen, Gl\u00fchen, L\u00f6ten<\/p>\n<p style=\"text-align: center;\"><strong><span style=\"font-size: 14pt; color: #000000;\">F\u00fcr wen?<\/span><\/strong><\/p>\n<p style=\"text-align: center;\">F\u00fcr die gewerbliche W\u00e4rmebehandlung, die Luft- und Raumfahrt, die Automobilindustrie, die Pulvermetallurgie (PM) und andere Branchen.<\/p>\n<p style=\"text-align: center;\">Der horizontale <a href=\"https:\/\/www.secowarwick.com\/de\/einkammer-vakuumofen\/\" target=\"_blank\" rel=\"noopener\">Einkammer<\/a>&#8211;<a href=\"https:\/\/www.secowarwick.com\/de\/produkte\/vakuum-anlagen\/\" target=\"_blank\" rel=\"noopener\">Vakuumofen<\/a> von SECO\/WARWICK l\u00e4sst sich an viele Prozesse anpassen und ist somit die perfekte Plattform f\u00fcr die vielen vom Kunden geforderten Spezialfunktionen.<\/p>\n<p style=\"text-align: center;\">Sie m\u00fcssen so schnell wie ein J\u00e4ger handeln, um dieses Angebot zu ergreifen und einen neuen Vakuumofen in sogar 3 Wochen zu genie\u00dfen!<\/p>\n<p style=\"text-align: center;\"><strong><span style=\"font-size: 14pt; color: #000000;\">\u00a0 Seien Sie ein J\u00e4ger!<\/span><\/strong><\/p>\n<p>&nbsp;<\/p>\n<h3 style=\"text-align: center;\"><span style=\"color: #dc291e;\"><a style=\"color: #dc291e;\" href=\"https:\/\/www.secowarwick.com\/wp-content\/uploads\/2022\/10\/Vacuum-Furnace-for-Black-Friday.pdf\" target=\"_blank\" rel=\"noopener\"><strong><span style=\"font-size: 14pt;\">&gt;&gt;SUCHE NACH DEN ERW\u00dcNSCHT ANGEBOTEN&lt;&lt;\u00a0<\/span><\/strong><\/a><\/span><\/h3>\n<p>[\/et_pb_text][\/et_pb_column][\/et_pb_row][et_pb_row column_structure=&#8220;1_4,1_4,1_4,1_4&#8243; _builder_version=&#8220;4.16&#8243; _module_preset=&#8220;default&#8220; global_colors_info=&#8220;{}&#8220;][et_pb_column type=&#8220;1_4&#8243; _builder_version=&#8220;4.16&#8243; _module_preset=&#8220;default&#8220; global_colors_info=&#8220;{}&#8220;][et_pb_text module_class=&#8220;black-notka&#8220; _builder_version=&#8220;4.16&#8243; global_colors_info=&#8220;{}&#8220;]<\/p>\n<p><span style=\"font-size: 13pt; color: #000000;\"><strong>Schnelle &#8211; <\/strong>Lieferung<\/span><\/p>\n<p>[\/et_pb_text][\/et_pb_column][et_pb_column type=&#8220;1_4&#8243; _builder_version=&#8220;4.16&#8243; _module_preset=&#8220;default&#8220; global_colors_info=&#8220;{}&#8220;][et_pb_text module_class=&#8220;black-notka&#8220; _builder_version=&#8220;4.16&#8243; global_colors_info=&#8220;{}&#8220;]<\/p>\n<p><span style=\"font-size: 13pt; color: #000000;\"><strong>Reduzierte &#8211; <\/strong>Ausfallzeiten<\/span><\/p>\n<p>[\/et_pb_text][\/et_pb_column][et_pb_column type=&#8220;1_4&#8243; _builder_version=&#8220;4.16&#8243; _module_preset=&#8220;default&#8220; global_colors_info=&#8220;{}&#8220;][et_pb_text module_class=&#8220;black-notka&#8220; _builder_version=&#8220;4.16&#8243; global_colors_info=&#8220;{}&#8220;]<\/p>\n<p><span style=\"font-size: 13pt; color: #000000;\"><strong>Erh\u00f6hte &#8211;<\/strong> Flexibilit\u00e4t<\/span><\/p>\n<p>[\/et_pb_text][\/et_pb_column][et_pb_column type=&#8220;1_4&#8243; _builder_version=&#8220;4.16&#8243; _module_preset=&#8220;default&#8220; global_colors_info=&#8220;{}&#8220;][et_pb_text module_class=&#8220;black-notka&#8220; _builder_version=&#8220;4.16&#8243; global_colors_info=&#8220;{}&#8220;]<\/p>\n<p><span style=\"font-size: 13pt; color: #000000;\"><strong>Verbesserte &#8211;<\/strong> Produktivit\u00e4t<\/span><\/p>\n<p>[\/et_pb_text][\/et_pb_column][\/et_pb_row][et_pb_row _builder_version=&#8220;4.16&#8243; _module_preset=&#8220;default&#8220; global_colors_info=&#8220;{}&#8220;][et_pb_column type=&#8220;4_4&#8243; _builder_version=&#8220;4.16&#8243; _module_preset=&#8220;default&#8220; global_colors_info=&#8220;{}&#8220;][et_pb_text _builder_version=&#8220;4.16&#8243; custom_margin_tablet=&#8220;&#8220; custom_margin_phone=&#8220;10px|||&#8220; custom_margin_last_edited=&#8220;on|phone&#8220; custom_css_main_element=&#8220;z-index: 99 !important;&#8220; global_colors_info=&#8220;{}&#8220;]<\/p>\n<h4 style=\"text-align: center;\"><span style=\"color: #000000;\"><strong>BLACK FRIDAY EUROPE<\/strong><\/span><\/h4>\n<p>[\/et_pb_text][et_pb_text _builder_version=&#8220;4.16&#8243; custom_margin_tablet=&#8220;&#8220; custom_margin_phone=&#8220;10px|||&#8220; custom_margin_last_edited=&#8220;on|phone&#8220; custom_css_main_element=&#8220;z-index: 99 !important;&#8220; global_colors_info=&#8220;{}&#8220;][\/et_pb_text][et_pb_image src=&#8220;https:\/\/www.secowarwick.com\/wp-content\/uploads\/2022\/10\/BF_22_Vector_web.jpg&#8220; alt=&#8220;Vacuum Furnace get your furnace fast&#8220; title_text=&#8220;Black Friday offer&#8220; url=&#8220;https:\/\/www.secowarwick.com\/wp-content\/uploads\/2022\/10\/Vacuum-Furnace-for-Black-Friday.pdf&#8220; url_new_window=&#8220;on&#8220; align_tablet=&#8220;center&#8220; align_phone=&#8220;&#8220; align_last_edited=&#8220;on|desktop&#8220; _builder_version=&#8220;4.16&#8243; custom_margin=&#8220;-42px|||&#8220; animation_style=&#8220;slide&#8220; animation_direction=&#8220;bottom&#8220; global_colors_info=&#8220;{}&#8220;][\/et_pb_image][et_pb_text _builder_version=&#8220;4.16&#8243; animation_style=&#8220;fade&#8220; animation_delay=&#8220;400ms&#8220; global_colors_info=&#8220;{}&#8220;]<\/p>\n<h3 style=\"text-align: center;\">Einkammer-Vakuum\u00f6fen f\u00fcr eine Vielzahl von<\/h3>\n<h3 style=\"text-align: center;\">W\u00e4rmebehandlungsprozessen und -Anwendungen.<\/h3>\n<h3 style=\"text-align: center;\"><a href=\"https:\/\/www.secowarwick.com\/wp-content\/uploads\/2022\/10\/Vacuum-Furnace-for-Black-Friday.pdf\" target=\"_blank\" rel=\"noopener\"><span style=\"color: #dc291e;\">Schauen Sie<\/span><\/a>, welches Angebot noch verf\u00fcgbar ist.<\/h3>\n<p>[\/et_pb_text][et_pb_text _builder_version=&#8220;4.16&#8243; animation_style=&#8220;fade&#8220; animation_delay=&#8220;400ms&#8220; global_colors_info=&#8220;{}&#8220;]<\/p>\n<h3 style=\"text-align: center;\">KONSULTIEREN SIE UNSER TEAM!<\/h3>\n<p>[\/et_pb_text][\/et_pb_column][\/et_pb_row][et_pb_row _builder_version=&#8220;4.16&#8243; _module_preset=&#8220;default&#8220; global_colors_info=&#8220;{}&#8220;][et_pb_column type=&#8220;4_4&#8243; _builder_version=&#8220;4.16&#8243; _module_preset=&#8220;default&#8220; global_colors_info=&#8220;{}&#8220;][et_pb_code _builder_version=&#8220;4.16&#8243; _module_preset=&#8220;default&#8220; saved_tabs=&#8220;all&#8220; global_colors_info=&#8220;{}&#8220;]<pee style=\"text-align: center;\"><a class=\"small-button smallred\" style=\"font-size: 20px; padding: 20px 60px;\" href=\"https:\/\/www.secowarwick.com\/de\/fordern-sie-hier-ihr-angebot-an\/\"><span style=\"display: block; transform: skew(15deg,0deg); -webkit-transform: skew(15deg,0deg); font-size: 20px; !important\">FRAGE NACH MEHR<\/span><\/a><\/pee>[\/et_pb_code][\/et_pb_column][\/et_pb_row][\/et_pb_section]<\/p>\n","protected":false},"excerpt":{"rendered":"<p>Verfolgen Sie die besten ANGEBOTE:ANGEBOT | ARTIKEL | ZEIT Nur unsere Vakuum\u00f6fen (Hochdruck-Gasabschreckung oder Hochvakuum) l\u00f6sen Ihre W\u00e4rmebehandlungsprobleme! Warum? Weil sie verschiedene Verfahren anbieten wie: H\u00e4rten, Anlassen, Gl\u00fchen, L\u00f6ten F\u00fcr wen? F\u00fcr die gewerbliche W\u00e4rmebehandlung, die Luft- und Raumfahrt, die Automobilindustrie, die Pulvermetallurgie (PM) und andere Branchen. Der horizontale Einkammer-Vakuumofen von SECO\/WARWICK l\u00e4sst sich an [&hellip;]<\/p>\n","protected":false},"author":2,"featured_media":132225,"parent":84826,"menu_order":0,"comment_status":"closed","ping_status":"closed","template":"","meta":{"_acf_changed":false,"_et_pb_use_builder":"on","_et_pb_old_content":"","_et_gb_content_width":"","footnotes":""},"class_list":["post-132776","page","type-page","status-publish","has-post-thumbnail"],"acf":[],"_links":{"self":[{"href":"https:\/\/www.secowarwick.com\/de\/wp-json\/wp\/v2\/pages\/132776","targetHints":{"allow":["GET"]}}],"collection":[{"href":"https:\/\/www.secowarwick.com\/de\/wp-json\/wp\/v2\/pages"}],"about":[{"href":"https:\/\/www.secowarwick.com\/de\/wp-json\/wp\/v2\/types\/page"}],"author":[{"embeddable":true,"href":"https:\/\/www.secowarwick.com\/de\/wp-json\/wp\/v2\/users\/2"}],"replies":[{"embeddable":true,"href":"https:\/\/www.secowarwick.com\/de\/wp-json\/wp\/v2\/comments?post=132776"}],"version-history":[{"count":4,"href":"https:\/\/www.secowarwick.com\/de\/wp-json\/wp\/v2\/pages\/132776\/revisions"}],"predecessor-version":[{"id":136587,"href":"https:\/\/www.secowarwick.com\/de\/wp-json\/wp\/v2\/pages\/132776\/revisions\/136587"}],"up":[{"embeddable":true,"href":"https:\/\/www.secowarwick.com\/de\/wp-json\/wp\/v2\/pages\/84826"}],"wp:featuredmedia":[{"embeddable":true,"href":"https:\/\/www.secowarwick.com\/de\/wp-json\/wp\/v2\/media\/132225"}],"wp:attachment":[{"href":"https:\/\/www.secowarwick.com\/de\/wp-json\/wp\/v2\/media?parent=132776"}],"curies":[{"name":"wp","href":"https:\/\/api.w.org\/{rel}","templated":true}]}}