{"id":135037,"date":"2023-02-20T09:23:19","date_gmt":"2023-02-20T08:23:19","guid":{"rendered":"https:\/\/www.secowarwick.com\/?page_id=135037"},"modified":"2025-11-03T16:26:36","modified_gmt":"2025-11-03T15:26:36","slug":"hochvakuumofen-vector-hv","status":"publish","type":"page","link":"https:\/\/www.secowarwick.com\/de\/hochvakuumofen-vector-hv\/","title":{"rendered":"Hochvakuumofen \u2013 Vector HV"},"content":{"rendered":"<p>[et_pb_section fb_built=&#8220;1&#8243; _builder_version=&#8220;4.16&#8243; global_colors_info=&#8220;{}&#8220;][et_pb_row _builder_version=&#8220;4.16&#8243; background_size=&#8220;initial&#8220; background_position=&#8220;top_left&#8220; background_repeat=&#8220;repeat&#8220; global_colors_info=&#8220;{}&#8220;][et_pb_column type=&#8220;4_4&#8243; _builder_version=&#8220;4.16&#8243; custom_padding=&#8220;|||&#8220; global_colors_info=&#8220;{}&#8220; custom_padding__hover=&#8220;|||&#8220;][et_pb_image src=&#8220;https:\/\/www.secowarwick.com\/wp-content\/uploads\/2023\/01\/Slider-Vector-HV.jpg&#8220; alt=&#8220;Vacuum Furnace with High Vacuum&#8220; title_text=&#8220;Vacuum Furnace with High Vacuum Vector HV&#8220; align_tablet=&#8220;center&#8220; align_phone=&#8220;center&#8220; align_last_edited=&#8220;on|desktop&#8220; _builder_version=&#8220;4.19.2&#8243; global_colors_info=&#8220;{}&#8220;][\/et_pb_image][et_pb_breadcrumbs _builder_version=&#8220;3.6&#8243; global_colors_info=&#8220;{}&#8220;][\/et_pb_breadcrumbs][\/et_pb_column][\/et_pb_row][et_pb_row column_structure=&#8220;3_4,1_4&#8243; _builder_version=&#8220;4.16&#8243; global_colors_info=&#8220;{}&#8220;][et_pb_column type=&#8220;3_4&#8243; _builder_version=&#8220;4.16&#8243; custom_padding=&#8220;|||&#8220; global_colors_info=&#8220;{}&#8220; custom_padding__hover=&#8220;|||&#8220;][et_pb_text _builder_version=&#8220;4.23.1&#8243; text_orientation=&#8220;justified&#8220; custom_margin_tablet=&#8220;&#8220; custom_margin_phone=&#8220;-40px|||&#8220; custom_margin_last_edited=&#8220;on|phone&#8220; global_colors_info=&#8220;{}&#8220;]<\/p>\n<h1 style=\"text-align: left;\">Ein fortgeschrittener Hochvakuumofen mit multifunktionalen und ma\u00dfgeschneiderten\u00a0 Einsatzm\u00f6glichkeiten &#8211; Vector HV<\/h1>\n<p>Vector HV ist ein entweder horizontal oder vertikal aufgebauter <strong>Einkammer-Hochvakuumofen mit Gask\u00fchlung<\/strong>, der f\u00fcr eine Vielzahl von <strong>W\u00e4rmebehandlungsprozessen<\/strong> verwendet werden kann. Er\u00a0verf\u00fcgt \u00fcber wichtige Funktionen in\u00a0der Produktion einer <strong>hoher Gleichm\u00e4\u00dfigkeit<\/strong> bei w\u00e4rmebehandelten Teilen, einer <strong>hohen Prozessreinheit<\/strong>, einer hohen Konsistenz bei Arbeitslast und einer effizienten Bearbeitung bei geringerem Energie- und Prozessgasverbrauch.<\/p>\n<p>[\/et_pb_text][et_pb_tabs module_class=&#8220;red-tabs eco-tab7&#8243; _builder_version=&#8220;4.23.1&#8243; custom_css_main_element=&#8220;margin-top: 2rem;||margin-bottom: 2rem;&#8220; global_colors_info=&#8220;{}&#8220;][et_pb_tab title=&#8220;\u00dcberblick&#8220; _builder_version=&#8220;4.23.1&#8243; global_colors_info=&#8220;{}&#8220;]<\/p>\n<p>Vector HV \u00d6fen sind mit Graphit- oder Metall-Hei\u00dfzone ausgestattet. Sie sind die ideale L\u00f6sung f\u00fcr eine hochanspruchsvolle W\u00e4rmebehandlung in&nbsp;Bezug auf hohe Prozessreinheit und Oberfl\u00e4chenqualit\u00e4t der Teile. Mit mehreren Hundert weltweit installierten Systemen haben die Hochvakuum\u00f6fen von SECO\/WARWICK nachweisliche Erfahrung in&nbsp;Hochleistungstechnologie.<\/p>\n<p>[\/et_pb_tab][et_pb_tab title=&#8220;Eigenschaften&#8220; _builder_version=&#8220;4.23.1&#8243; global_colors_info=&#8220;{}&#8220;]<\/p>\n<p>Der Vector ist ein horizontaler Einkammer-Vakuumofen, der die Industriestandards in&nbsp;Bezug auf W\u00e4rmebehandlungsanlagen erf\u00fcllt sowie wurde viele hundert Mal wetlweit verkauft. Er&nbsp;bietet eine umfassende Palette von Optionen und Zubeh\u00f6ren f\u00fcr die Ausf\u00fchrung einer Vielzahl von Funktionen f\u00fcr W\u00e4rmebehandlungsanlagen. Der Ofen kann auch f\u00fcr Sonderfunktionen angepasst werden.<\/p>\n<h2>Technische Merkmale<\/h2>\n<p><strong><span style=\"color: #dc291e;\">\/<\/span><\/strong> Horizontale Standardkapazit\u00e4t von 200 bis 3,000 kg und mehr (440 bis 6,600 Ibs)<br \/><strong><span style=\"color: #dc291e;\">\/<\/span><\/strong> Standardkapazit\u00e4t: 1,500 kg (3,300 Ibs) und 2,500 kg (5,500 Ibs)<br \/><strong><span style=\"color: #dc291e;\">\/<\/span><\/strong> Betriebstemperatur \u2013 1450\u00b0C \/ 2640\u00b0F<br \/><strong><span style=\"color: #dc291e;\">\/<\/span><\/strong> Temperaturgleichm\u00e4\u00dfigkeit +\/-6\u00b0C \/ +\/-10\u00b0F<br \/><strong><span style=\"color: #dc291e;\">\/<\/span><\/strong> Gleichm\u00e4\u00dfige und effiziente Strahlungsw\u00e4rme 360\u00b0<br \/><strong><span style=\"color: #dc291e;\">\/<\/span><\/strong> Partialdruckregelung<br \/><strong><span style=\"color: #dc291e;\">\/<\/span><\/strong> Hochvakuumtechnik bis zu 10<sup>-8<\/sup> mbar<br \/><strong><span style=\"color: #dc291e;\">\/<\/span><\/strong> K\u00fchlgasen: N<sub>2<\/sub>, Ar, He\u00a0bis zu 15bar<br \/><strong><span style=\"color: #dc291e;\">\/<\/span><\/strong> kontrollierte erzwungene Konvektionsk\u00fchlung<br \/><strong><span style=\"color: #dc291e;\">\/<\/span><\/strong> Computersteuersystem (PLC + IPC), bedienerfreundlich<br \/><strong><span style=\"color: #dc291e;\">\/<\/span><\/strong> Bereit f\u00fcr die Anpassung an NADCAP- und AMS-Spezifikationen<br \/><strong><span style=\"color: #dc291e;\">\/<\/span><\/strong> Kompatibel mit weltweiten Industriestandards<\/p>\n<h2>SecoVac Automatisches Ofensteuerungssystem<\/h2>\n<p><strong>Wartung und Steuerungsfunktionen<\/strong><\/p>\n<p><strong><span style=\"color: #dc291e;\">\/<\/span><\/strong> Functionales, einfach zu bedienendes, intuitives System<br \/><strong><span style=\"color: #dc291e;\">\/<\/span><\/strong> Eine unterbrechungsfreie Stromversorgung (USV) (englisch: UPS)<br \/><strong><span style=\"color: #dc291e;\">\/<\/span><\/strong> Vollst\u00e4ndige Visualisierung und ein umfassendes Notfallmanagement<br \/><strong><span style=\"color: #dc291e;\">\/<\/span><\/strong> Automatische Erstellung von vordefinierten Berichten (grafisch oder numerisch) und mit Export in&nbsp;externe Dateien<br \/><strong><span style=\"color: #dc291e;\">\/<\/span><\/strong> Hierarchie der Benutzerzugriffsebenen<br \/><strong><span style=\"color: #dc291e;\">\/<\/span><\/strong> Fernsteuerung und -\u00fcberwachung<br \/><strong><span style=\"color: #dc291e;\">\/<\/span><\/strong> Benutzerdefiniertes Setup von Datenanalysediagrammen und -ausdr\u00fccke<br \/><strong><span style=\"color: #dc291e;\">\/<\/span><\/strong> Vollst\u00e4ndige Integration mit der SCADA-Software &#8211; keine Notwendigkeit der zus\u00e4tzlichen Software<\/p>\n<h2>Produktionsmerkmale<\/h2>\n<p><strong><span style=\"color: #dc291e;\">\/<\/span><\/strong> Bedienerfreundliche Programmierung der Prozesse des Ofensystems<br \/><strong><span style=\"color: #dc291e;\">\/<\/span><\/strong> Fortschrittliches Prozessmanagement mit einer unbegrenzten Anzahl von Rezepten<br \/><strong><span style=\"color: #dc291e;\">\/<\/span><\/strong> Systemschutz gegen falsche technologische Programmauswahl<\/p>\n<h2>Betriebsmerkmale<\/h2>\n<p><strong><span style=\"color: #dc291e;\">\/<\/span><\/strong> Betriebsstundenz\u00e4hler, Planungsf\u00e4higkeit regelm\u00e4\u00dfiger \u00dcberpr\u00fcfungen<br \/><strong><span style=\"color: #dc291e;\">\/<\/span><\/strong> Mehrere Sprachen<br \/><strong><span style=\"color: #dc291e;\">\/<\/span><\/strong> \u00dcberwachung des Lebensdauers der Thermoelemente<br \/><strong><span style=\"color: #dc291e;\">\/<\/span><\/strong> Aufbewahrter Betriebsverlauf des Ger\u00e4ts<br \/><strong><span style=\"color: #dc291e;\">\/<\/span><\/strong> \u00dcberwachung von Medienverbrauch mit optionalen Nachf\u00fcll- Warnhinweisen<br \/><strong><span style=\"color: #dc291e;\">\/<\/span><\/strong> Zweistufiger Warnalarm &#8211; Farbcodierung zur sofortigen Identifizierung der Warnalarme<br \/><strong><span style=\"color: #dc291e;\">\/<\/span><\/strong> Einfache Systemsicherungen<\/p>\n<h2>Verwaltungsmerkmale<\/h2>\n<p><strong><span style=\"color: #dc291e;\">\/<\/span><\/strong> Integration mit \u00fcbergeordneten Managementsystemen<br \/><strong><span style=\"color: #dc291e;\">\/<\/span><\/strong> Datensicherheit mit verschiedenen Benutzerzugriffsstufen<br \/><strong><span style=\"color: #dc291e;\">\/<\/span><\/strong> Produktionsoptimierung auf der Grundlage von gespeicherter Information<br \/><strong><span style=\"color: #dc291e;\">\/<\/span><\/strong> Reduzierte Bedienerbelastung durch Produktionsautomatisierung<br \/><strong><span style=\"color: #dc291e;\">\/<\/span><\/strong> Programmierbar f\u00fcr Zeit-\/Datumsverz\u00f6gerung zum Verarbeitungsbeginn mit einer Option f\u00fcr GSM-Alarmanlage (Global System for Mobile communication)<br \/><strong><span style=\"color: #dc291e;\">\/<\/span><\/strong> Langfristige Datenerfassung und Fernzugriff auf archivierte Informationen<br \/><strong><span style=\"color: #dc291e;\">\/<\/span><\/strong> Anwendungsbrowser bietet den Nur-Lese-Zugriff auf Daten<\/p>\n<p>[\/et_pb_tab][et_pb_tab title=&#8220;Vorteile&#8220; _builder_version=&#8220;4.23.1&#8243; global_colors_info=&#8220;{}&#8220;]<\/p>\n<p><strong><span style=\"color: #dc291e;\">\/<\/span><\/strong> Eine breite Palette von W\u00e4rmebehandlungsverfahren und -anwendungen<br \/><strong><span style=\"color: #dc291e;\">\/<\/span><\/strong> Stark beschleunigte Zyklen mit Hochvakuum<br \/><strong><span style=\"color: #dc291e;\">\/<\/span><\/strong> Hohe Qualit\u00e4t und idealer Oberfl\u00e4chenschutz der Teile<br \/><strong><span style=\"color: #dc291e;\">\/<\/span><\/strong> Niedriger Energie- und Prozessgasverbrauch, sowie Verbrauch von anderen Medien<br \/><strong><span style=\"color: #dc291e;\">\/<\/span><\/strong> Umweltfreundlich mit geringen Prozessgasemissionen<br \/><strong><span style=\"color: #dc291e;\">\/<\/span><\/strong> Ein einfaches, modulares Design, das an Vorg\u00e4nge und Anlagenzust\u00e4nde angepasst ist<br \/><strong><span style=\"color: #dc291e;\">\/<\/span><\/strong> Garantierte Qualit\u00e4t und wiederholbare Prozessergebnisse<br \/><strong><span style=\"color: #dc291e;\">\/<\/span><\/strong> Unterst\u00fctzung bei der vorbeugenden Wartung<br \/><strong><span style=\"color: #dc291e;\">\/<\/span><\/strong> Fernsteuerung und -\u00fcberwachung<br \/><strong><span style=\"color: #dc291e;\">\/<\/span><\/strong> Schnelle Lieferung und einfache Montage<br \/><strong><span style=\"color: #dc291e;\">\/<\/span><\/strong> Kundenspezifisch anpassbar<\/p>\n<p>[\/et_pb_tab][et_pb_tab title=&#8220;Processes&#8220; _builder_version=&#8220;4.23.1&#8243; global_colors_info=&#8220;{}&#8220;]<\/p>\n<p><strong><span style=\"color: #dc291e;\">\/<\/span><\/strong> H\u00e4rtl\u00f6ten\u00ad<br \/><strong><span style=\"color: #dc291e;\">\/<\/span><\/strong> Gl\u00fchen<br \/><strong><span style=\"color: #dc291e;\">\/<\/span><\/strong> Homogenisierung<br \/><strong><span style=\"color: #dc291e;\">\/<\/span><\/strong> Spannungsabbau<br \/><strong><span style=\"color: #dc291e;\">\/<\/span><\/strong> L\u00f6sungsw\u00e4rmebehandlung<br \/><strong><span style=\"color: #dc291e;\">\/<\/span><\/strong> Alterung<br \/><strong><span style=\"color: #dc291e;\">\/<\/span><\/strong> Abschrecken<br \/><strong><span style=\"color: #dc291e;\">\/<\/span><\/strong> Diffusionsschwei\u00dfen<br \/><strong><span style=\"color: #dc291e;\">\/<\/span><\/strong> Ausgasung<br \/><strong><span style=\"color: #dc291e;\">\/<\/span><\/strong> Sinterung<br \/><strong><span style=\"color: #dc291e;\">\/<\/span><\/strong> Anlassen<br \/><strong><span style=\"color: #dc291e;\">\/<\/span><\/strong> Spezielle Prozesse<\/p>\n<p>[\/et_pb_tab][et_pb_tab title=&#8220;Industrien&#8220; _builder_version=&#8220;4.23.1&#8243; global_colors_info=&#8220;{}&#8220;]<\/p>\n<p><strong><span style=\"color: #dc291e;\">\/<\/span><\/strong> Luftfahrt<br \/><strong><span style=\"color: #dc291e;\">\/<\/span><\/strong> Automotive<br \/><strong><span style=\"color: #dc291e;\">\/<\/span><\/strong> Maschinen<br \/><strong><span style=\"color: #dc291e;\">\/<\/span><\/strong> Werkzeuge<br \/><strong><span style=\"color: #dc291e;\">\/<\/span><\/strong> Energie<br \/><strong><span style=\"color: #dc291e;\">\/<\/span><\/strong> Medizin<br \/><strong><span style=\"color: #dc291e;\">\/<\/span><\/strong> Nuklear<br \/><strong><span style=\"color: #dc291e;\">\/<\/span><\/strong> Elektronisch<br \/><strong><span style=\"color: #dc291e;\">\/<\/span><\/strong> Metallurgie<br \/><strong><span style=\"color: #dc291e;\">\/<\/span><\/strong> Kommerzielle W\u00e4rmebehandlung<br \/><strong><span style=\"color: #dc291e;\">\/<\/span><\/strong> Spezialanwendungen<\/p>\n<p>[\/et_pb_tab][et_pb_tab title=&#8220;Material&#8220; _builder_version=&#8220;4.23.1&#8243; global_colors_info=&#8220;{}&#8220;]<\/p>\n<p><strong><span style=\"color: #dc291e;\">\/<\/span><\/strong> Legierte St\u00e4hle<br \/><strong><span style=\"color: #dc291e;\">\/<\/span><\/strong>\u00a0Edelst\u00e4hle<br \/><strong><span style=\"color: #dc291e;\">\/<\/span><\/strong>\u00a0Legierungen und Superlegierungen<br \/><strong><span style=\"color: #dc291e;\">\/<\/span><\/strong>\u00a0Titan und Titanlegierung<br \/><strong><span style=\"color: #dc291e;\">\/<\/span><\/strong>\u00a0Werkzeugst\u00e4hle<br \/><strong><span style=\"color: #dc291e;\">\/<\/span><\/strong> Hochfeste, niedriglegierte St\u00e4hle<\/p>\n<p>[\/et_pb_tab][et_pb_tab title=&#8220;Optionen&#8220; _builder_version=&#8220;4.23.1&#8243; _module_preset=&#8220;default&#8220; global_colors_info=&#8220;{}&#8220;]<\/p>\n<h2>Ofenoptionen<\/h2>\n<p><strong><span style=\"color: #dc291e;\">\/<\/span><\/strong> Horizontale oder vertikale Ausrichtung<br \/><strong><span style=\"color: #dc291e;\">\/<\/span><\/strong> Zylindrische Graphit- oder Metallheizkammer<br \/><strong><span style=\"color: #dc291e;\">\/<\/span><\/strong> Hochvakuum durch Diffusions-, Kryo- oder Turbomolekularpumpen<br \/><strong><span style=\"color: #dc291e;\">\/<\/span><\/strong> Betrieb bei h\u00f6heren Temperaturen<br \/><strong><span style=\"color: #dc291e;\">\/<\/span><\/strong> Verbesserte Temperaturhomogenit\u00e4t der Klasse 1 (AMS2750-Standard)<br \/><strong><span style=\"color: #dc291e;\">\/<\/span><\/strong> Mehrzonen-Temperaturregelung<br \/><strong><span style=\"color: #dc291e;\">\/<\/span><\/strong> Konvektionsheizung<span style=\"color: #dc291e;\">\/<\/span> Astrotorus-Dampfsperre<br \/><strong><span style=\"color: #dc291e;\">\/<\/span><\/strong> Farbauswahl<\/p>\n<h2>Systemsteuerungsoptionen<\/h2>\n<p><strong><span style=\"color: #dc291e;\">\/<\/span><\/strong> Auswahl von einer speicherprogrammierbaren Steuerung (SPS, englisch: programmable logic controller, PLC) und IPC-Steuerung<br \/><strong><span style=\"color: #dc291e;\">\/<\/span><\/strong> Energiemanagement-Steuerungssystem<br \/><strong><span style=\"color: #dc291e;\">\/<\/span><\/strong> Unabh\u00e4ngige Datenaufzeichnung<br \/><strong><span style=\"color: #dc291e;\">\/<\/span><\/strong> Fernsteuerung und -\u00fcberwachung<br \/><strong><span style=\"color: #dc291e;\">\/<\/span><\/strong> Klimatisierter Schaltschrank<\/p>\n<h2>Optionale Prozesse<\/h2>\n<p><strong><span style=\"color: #dc291e;\">\/<\/span><\/strong> Isothermes Abschrecken und kontrollierte Abschreckung<br \/><strong><span style=\"color: #dc291e;\">\/<\/span><\/strong> Anlassen<\/p>\n<p>[\/et_pb_tab][et_pb_tab title=&#8220; &#8220; _builder_version=&#8220;4.23.1&#8243; _module_preset=&#8220;default&#8220; global_colors_info=&#8220;{}&#8220;]<\/p>\n<p><strong><span style=\"color: #dc291e;\">\/ <\/span><\/strong>Vakuum als Schutz- und Prozessatmosph\u00e4re eliminiert den Bedarf f\u00fcr die Anwendung der sch\u00e4dlichen Prozessgase und deren Aussto\u00df in&nbsp;die Umwelt<br \/><strong><span style=\"color: #dc291e;\">\/ <\/span><\/strong>Keine CO2-Emissionen, kein Einsatz fossiler Brennstoffe<br \/><strong><span style=\"color: #dc291e;\">\/ <\/span><\/strong>Verwendung des umweltneutralen K\u00fchlgases (Stickstoff, Argon), das aus der Luft gewonnen und in&nbsp;die Luft abgegeben wird<br \/><strong><span style=\"color: #dc291e;\">\/ <\/span><\/strong>Verbesserte W\u00e4rmed\u00e4mmung spart Strom (ca. 20%)<br \/><strong><span style=\"color: #dc291e;\">\/ <\/span><\/strong>Hohe Energieeffizienz der verwendeten elektrischen Bauelementen (Elektromotoren gem\u00e4\u00df Leistungsklasse IE3, Wechselrichtersteuerung, usw.)<br \/><strong><span style=\"color: #dc291e;\">\/ <\/span><\/strong>Einsatz von Systemen und Algorithmen, die den Verbrauch von Energie und Prozessfaktoren reduzieren (Pumpen-, Heiz- und K\u00fchlsystem)<br \/><strong><span style=\"color: #dc291e;\">\/ <\/span><\/strong>Keine Schadstoffemissionen<br \/><strong><span style=\"color: #dc291e;\">\/ <\/span><\/strong>Verringerung der H\u00e4rteverformungen und der Hartbearbeitungskosten (hard machining)<br \/><strong><span style=\"color: #dc291e;\">\/ <\/span><\/strong>Eliminierung der Teilereinigung nach der W\u00e4rmebehandlung.<\/p>\n<p>[\/et_pb_tab][\/et_pb_tabs][et_pb_code admin_label=&#8220;crm-rfq-de&#8220; _builder_version=&#8220;4.10.3&#8243; _module_preset=&#8220;default&#8220; global_module=&#8220;123766&#8243; global_colors_info=&#8220;{}&#8220;]<!-- [et_pb_line_break_holder] --><pee style=\"text-align: center;\"><a class=\"small-button smallred\" style=\"font-size: 20px; padding: 20px 60px;\" href=\"https:\/\/www.secowarwick.com\/de\/fordern-sie-hier-ihr-angebot-an\/\"><span style=\"display: block; transform: skew(15deg,0deg); -webkit-transform: skew(15deg,0deg); font-size: 20px; !important\">UM EIN ANGEBOT BITTEN<\/span><\/a><\/pee>[\/et_pb_code][\/et_pb_column][et_pb_column type=&#8220;1_4&#8243; _builder_version=&#8220;4.16&#8243; custom_padding=&#8220;|||&#8220; global_colors_info=&#8220;{}&#8220; custom_padding__hover=&#8220;|||&#8220;][et_pb_gallery gallery_ids=&#8220;81630,81623,81585,81593,81602,81616,81564,81571,75681&#8243; posts_number=&#8220;1&#8243; show_title_and_caption=&#8220;off&#8220; show_pagination=&#8220;off&#8220; zoom_icon_color=&#8220;#e2001a&#8220; module_class=&#8220;seco-products-gallery-new&#8220; _builder_version=&#8220;4.23.1&#8243; custom_css_overlay_icon=&#8220;content: &#8218;GALERIE ANSEHEN&#8216;!important&#8220; global_colors_info=&#8220;{}&#8220;][\/et_pb_gallery][et_pb_text admin_label=&#8220;btn_de_premiumlibrary&#8220; module_class=&#8220;premium-library-button&#8220; _builder_version=&#8220;4.23.1&#8243; _module_preset=&#8220;default&#8220; text_orientation=&#8220;center&#8220; global_module=&#8220;157246&#8243; global_colors_info=&#8220;{}&#8220;]<\/p>\n<a href='https:\/\/www.secowarwick.com\/de\/premiuminhalte\/' class='small-button smallred'><span>PREMIUMINHALTE<\/span><\/a>\n<p>[\/et_pb_text][et_pb_text admin_label=&#8220;R&#038;D de&#8220; module_class=&#8220;product_widget_wrap_rd&#8220; _builder_version=&#8220;4.23.1&#8243; _module_preset=&#8220;default&#8220; text_orientation=&#8220;center&#8220; global_module=&#8220;167836&#8243; saved_tabs=&#8220;all&#8220; locked=&#8220;off&#8220; global_colors_info=&#8220;{}&#8220;]<\/p>\n<p><a href=\"https:\/\/www.secowarwick.com\/de\/rd\/\"><span class=\"product_wigtet_name\">R&amp;D<\/span><\/a><\/p>\n<p>[\/et_pb_text][et_pb_text admin_label=&#8220;AUTOMATYKA de&#8220; module_class=&#8220;product_widget_wrap_automation&#8220; _builder_version=&#8220;4.23.1&#8243; _module_preset=&#8220;default&#8220; global_module=&#8220;167905&#8243; saved_tabs=&#8220;all&#8220; locked=&#8220;off&#8220; global_colors_info=&#8220;{}&#8220;]<\/p>\n<p><a href=\"https:\/\/www.secowarwick.com\/de\/service\/automatisierung\/\"><span class=\"product_wigtet_name\">AUTOMATISIERUNG<\/span><\/a><\/p>\n<p>[\/et_pb_text][et_pb_text admin_label=&#8220;SERVICE de&#8220; module_class=&#8220;product_widget_wrap_service&#8220; _builder_version=&#8220;4.23.1&#8243; _module_preset=&#8220;default&#8220; global_module=&#8220;167860&#8243; saved_tabs=&#8220;all&#8220; locked=&#8220;off&#8220; global_colors_info=&#8220;{}&#8220;]<\/p>\n<p><a href=\"https:\/\/www.secowarwick.com\/de\/professionelle-service-dienstleistungen\/\"><span class=\"product_wigtet_name\">SERVICE<\/span><\/a><\/p>\n<p>[\/et_pb_text][et_pb_text admin_label=&#8220;SUPLEMENTALS de&#8220; module_class=&#8220;product_widget_wrap_supleme&#8220; _builder_version=&#8220;4.23.1&#8243; _module_preset=&#8220;default&#8220; global_module=&#8220;167915&#8243; saved_tabs=&#8220;all&#8220; locked=&#8220;off&#8220; global_colors_info=&#8220;{}&#8220;]<\/p>\n<p><span class=\"product_wigtet_name\">ZUSATZSTOFFE:<\/span><\/p>\n<p>[\/et_pb_text][et_pb_text admin_label=&#8220;Product brochure&#8220; module_class=&#8220;suplementals_product_brochure suplementals_wrap&#8220; _builder_version=&#8220;4.23.1&#8243; _module_preset=&#8220;default&#8220; hover_enabled=&#8220;0&#8243; locked=&#8220;off&#8220; global_colors_info=&#8220;{}&#8220; sticky_enabled=&#8220;0&#8243;]<\/p>\n<p><a href=\"https:\/\/www.secowarwick.com\/wp-content\/uploads\/2025\/11\/VAC-VECTOR-HV-WWW.pdf\" target=\"_blank\" rel=\"noopener\">Produktbrosch\u00fcre<\/a><\/p>\n<p>[\/et_pb_text][et_pb_text admin_label=&#8220;Product catalogue de&#8220; module_class=&#8220;suplementals_product_catalogue suplementals_wrap&#8220; _builder_version=&#8220;4.23.1&#8243; _module_preset=&#8220;default&#8220; global_module=&#8220;169659&#8243; saved_tabs=&#8220;all&#8220; locked=&#8220;off&#8220; global_colors_info=&#8220;{}&#8220;]<\/p>\n<p><a href=\"https:\/\/www.secowarwick.com\/wp-content\/uploads\/2025\/11\/VAC-VACUUM-FURNACE-WWW.pdf\" target=\"_blank\" rel=\"noopener\">Produktkatalog<\/a><\/p>\n<p>[\/et_pb_text][et_pb_text admin_label=&#8220;Product movie playlista de&#8220; module_class=&#8220;suplementals_product_movie suplementals_wrap&#8220; _builder_version=&#8220;4.23.1&#8243; _module_preset=&#8220;default&#8220; global_module=&#8220;169661&#8243; saved_tabs=&#8220;all&#8220; locked=&#8220;off&#8220; global_colors_info=&#8220;{}&#8220;]<\/p>\n<p><a href=\"https:\/\/www.youtube.com\/playlist?list=PLa0hhW_hoQqEsIHM5LQtr9h_9UlwGFBO8\" target=\"_blank\" rel=\"noopener\">Produktvideo<\/a><\/p>\n<p>[\/et_pb_text][et_pb_text admin_label=&#8220;Product infographic&#8220; module_class=&#8220;suplementals_product_infographic suplementals_wrap&#8220; _builder_version=&#8220;4.23.1&#8243; _module_preset=&#8220;default&#8220; locked=&#8220;off&#8220; global_colors_info=&#8220;{}&#8220;]<\/p>\n<p><a href=\"https:\/\/www.secowarwick.com\/wp-content\/uploads\/2023\/06\/VECTOR-HV.jpg\" target=\"_blank\" rel=\"noopener\">Produkt-Infografik<\/a><\/p>\n<p>[\/et_pb_text][et_pb_text admin_label=&#8220;dnabook-de&#8220; module_class=&#8220;suplementals_product_dna suplementals_wrap&#8220; _builder_version=&#8220;4.23.1&#8243; _module_preset=&#8220;default&#8220; global_module=&#8220;167874&#8243; saved_tabs=&#8220;all&#8220; locked=&#8220;off&#8220; global_colors_info=&#8220;{}&#8220;]<\/p>\n<p><a href=\"https:\/\/www.secowarwick.com\/wp-content\/uploads\/2025\/07\/DNA_BOOK.pdf\" target=\"_blank\" rel=\"noopener\">DNA\/BOOK<\/a><\/p>\n<p>[\/et_pb_text][et_pb_text admin_label=&#8220;ECO\/BOOK-de&#8220; module_class=&#8220;suplementals_product_eco suplementals_wrap&#8220; _builder_version=&#8220;4.23.1&#8243; _module_preset=&#8220;default&#8220; global_module=&#8220;167797&#8243; locked=&#8220;off&#8220; global_colors_info=&#8220;{}&#8220;]<\/p>\n<p><a href=\"https:\/\/www.secowarwick.com\/wp-content\/uploads\/2023\/06\/ECOBOOK.pdf\" target=\"_blank\" rel=\"noopener\">ECO\/BOOK<\/a><\/p>\n<p>[\/et_pb_text][et_pb_text admin_label=&#8220;product-widget-rfq-de&#8220; module_class=&#8220;product_widget_wrap_rfq-en&#8220; _builder_version=&#8220;4.23.1&#8243; _module_preset=&#8220;default&#8220; global_module=&#8220;186250&#8243; saved_tabs=&#8220;all&#8220; global_colors_info=&#8220;{}&#8220;]<\/p>\n<p style=\"text-align: center;\"><a class=\"small-button smallred\" href=\"https:\/\/www.secowarwick.com\/de\/fordern-sie-hier-ihr-angebot-an\/\"><span class=\"product_wigtet_name\">FRAGE NACH MEHR<\/span><\/a><\/p>\n<p>[\/et_pb_text][\/et_pb_column][\/et_pb_row][\/et_pb_section]<\/p>\n","protected":false},"excerpt":{"rendered":"<p>[et_pb_breadcrumbs _builder_version=&#8220;3.6&#8243; global_colors_info=&#8220;{}&#8220;][\/et_pb_breadcrumbs]Ein fortgeschrittener Hochvakuumofen mit multifunktionalen und ma\u00dfgeschneiderten\u00a0 Einsatzm\u00f6glichkeiten &#8211; Vector HV Vector HV ist ein entweder horizontal oder vertikal aufgebauter Einkammer-Hochvakuumofen mit Gask\u00fchlung, der f\u00fcr eine Vielzahl von W\u00e4rmebehandlungsprozessen verwendet werden kann. Er\u00a0verf\u00fcgt \u00fcber wichtige Funktionen in\u00a0der Produktion einer hoher Gleichm\u00e4\u00dfigkeit bei w\u00e4rmebehandelten Teilen, einer hohen Prozessreinheit, einer hohen Konsistenz bei Arbeitslast und [&hellip;]<\/p>\n","protected":false},"author":2,"featured_media":135025,"parent":0,"menu_order":0,"comment_status":"closed","ping_status":"closed","template":"","meta":{"_acf_changed":false,"_et_pb_use_builder":"on","_et_pb_old_content":"","_et_gb_content_width":"","footnotes":""},"class_list":["post-135037","page","type-page","status-publish","has-post-thumbnail"],"acf":[],"_links":{"self":[{"href":"https:\/\/www.secowarwick.com\/de\/wp-json\/wp\/v2\/pages\/135037","targetHints":{"allow":["GET"]}}],"collection":[{"href":"https:\/\/www.secowarwick.com\/de\/wp-json\/wp\/v2\/pages"}],"about":[{"href":"https:\/\/www.secowarwick.com\/de\/wp-json\/wp\/v2\/types\/page"}],"author":[{"embeddable":true,"href":"https:\/\/www.secowarwick.com\/de\/wp-json\/wp\/v2\/users\/2"}],"replies":[{"embeddable":true,"href":"https:\/\/www.secowarwick.com\/de\/wp-json\/wp\/v2\/comments?post=135037"}],"version-history":[{"count":39,"href":"https:\/\/www.secowarwick.com\/de\/wp-json\/wp\/v2\/pages\/135037\/revisions"}],"predecessor-version":[{"id":186676,"href":"https:\/\/www.secowarwick.com\/de\/wp-json\/wp\/v2\/pages\/135037\/revisions\/186676"}],"wp:featuredmedia":[{"embeddable":true,"href":"https:\/\/www.secowarwick.com\/de\/wp-json\/wp\/v2\/media\/135025"}],"wp:attachment":[{"href":"https:\/\/www.secowarwick.com\/de\/wp-json\/wp\/v2\/media?parent=135037"}],"curies":[{"name":"wp","href":"https:\/\/api.w.org\/{rel}","templated":true}]}}