{"id":138479,"date":"2023-03-29T11:05:06","date_gmt":"2023-03-29T09:05:06","guid":{"rendered":"https:\/\/www.secowarwick.com\/senergy\/"},"modified":"2025-06-11T11:27:17","modified_gmt":"2025-06-11T09:27:17","slug":"senergy","status":"publish","type":"page","link":"https:\/\/www.secowarwick.com\/de\/senergy\/","title":{"rendered":"SENERGY"},"content":{"rendered":"<p>[et_pb_section fb_built=&#8220;1&#8243; admin_label=&#8220;section&#8220; _builder_version=&#8220;4.16&#8243; custom_padding=&#8220;0px|||&#8220; transparent_background=&#8220;off&#8220; make_fullwidth=&#8220;off&#8220; use_custom_width=&#8220;off&#8220; width_unit=&#8220;on&#8220; global_colors_info=&#8220;{}&#8220;][et_pb_row column_structure=&#8220;3_4,1_4&#8243; _builder_version=&#8220;4.23.1&#8243; _module_preset=&#8220;default&#8220; global_colors_info=&#8220;{}&#8220;][et_pb_column type=&#8220;3_4&#8243; _builder_version=&#8220;4.16&#8243; _module_preset=&#8220;default&#8220; global_colors_info=&#8220;{}&#8220;][et_pb_code module_class=&#8220;custom-bread&#8220; _builder_version=&#8220;4.23.1&#8243; _module_preset=&#8220;default&#8220; global_colors_info=&#8220;{}&#8220;]<\/p>\n<div class=\"et_pb_module et_pb_breadcrumbs   et_pb_breadcrumbs_0\"><!-- [et_pb_line_break_holder] -->\t\t\t\t<pee id=\"breadcrumbs\"><span><span><a href=\"https:\/\/www.secowarwick.com\/de\/\">HOME<\/a><\/span> \/ <span><a href=\"https:\/\/www.secowarwick.com\/de\/service\/automatisierung\/\">AUTOMATISIERUNG<\/a><\/span> \/ <span class=\"breadcrumb_last\" aria-current=\"page\">SENERGY<\/span><\/span><\/pee><!-- [et_pb_line_break_holder] -->\t\t\t<\/div>\n<p>[\/et_pb_code][et_pb_text module_class=&#8220;red-square-list-parent podtytuly&#8220; _builder_version=&#8220;4.23.1&#8243; background_size=&#8220;initial&#8220; background_position=&#8220;top_left&#8220; background_repeat=&#8220;repeat&#8220; text_orientation=&#8220;justified&#8220; use_border_color=&#8220;off&#8220; global_colors_info=&#8220;{}&#8220;]<\/p>\n<h1>Analysiere Prozesse im\u00a0Hinblick auf Stromverbrauch<\/h1>\n<h2><img decoding=\"async\" class=\"alignleft wp-image-158521\" src=\"https:\/\/www.secowarwick.com\/wp-content\/uploads\/2024\/05\/synergy.svg\" alt=\"SENERGY\" width=\"80\" \/>Senergy ist ein Modul zur Stromverbrauchsanalyse eines ausgew\u00e4hlten Prozesses in\u00a0Bezug auf Durchschnitts- oder Medianverbrauch anderer Prozesse mit derselben oder anderer Rezeptur.<\/h2>\n<p>&nbsp;<\/p>\n<p>Senergy bietet einen \u00dcberblick \u00fcber durchgef\u00fchrte historische Prozesse. Dieses Modul ist so konzipiert, dass es\u00a0auf einzelnen Ger\u00e4ten funktioniert, sowie auf kompletten Produktionslinien und in\u00a0Fabriken. In\u00a0der Prozesstabelle \u2013 neben der Messung der Gesamtstrommenge \u2013 wird auch die Energiemenge f\u00fcr einzelne Rezeptursegmente sowie Stufen dieser Segmente gezeigt, z.B. Erw\u00e4rmen und Warmhalten.<\/p>\n<p>Es\u00a0ist m\u00f6glich, Energieverbrauchs\u00e4nderungen zu beobachten und alle Anomalien zu verfolgen. Mit der Einf\u00fchrung von Rezepturrevisionen und Abweichungsraten kann man einen gew\u00e4hlten Prozess mit anderen vergleichen (Differenz zwischen dem Stromverbrauch w\u00e4hrend des Prozesses und dem Durchschnittsverbrauch; Differenz zwischen der Prozessdauer und Durchschnittsdauer). Auf diese Weise ist der Benutzer in\u00a0der Lage, die Auswirkungen von Rezeptur\u00e4nderungen und nachtr\u00e4glichen Revisionen auf den Stromverbrauch im\u00a0Detail zu \u00fcberpr\u00fcfen und damit den Stromverbrauch zu sparen. Dar\u00fcber hinaus, wenn ein Alarm w\u00e4hrend des Prozesses aufgetreten ist, ist es\u00a0m\u00f6glich, eine Alarmbeschreibung sowie Anzahl der Alarmereignisse zu \u00fcberpr\u00fcfen.<\/p>\n<p>[\/et_pb_text][\/et_pb_column][et_pb_column type=&#8220;1_4&#8243; _builder_version=&#8220;4.23.1&#8243; _module_preset=&#8220;default&#8220; custom_padding=&#8220;75px||||false|false&#8220; custom_padding_tablet=&#8220;0px||||false|false&#8220; custom_padding_phone=&#8220;0px||||false|false&#8220; custom_padding_last_edited=&#8220;on|tablet&#8220; global_colors_info=&#8220;{}&#8220;][et_pb_text admin_label=&#8220;btn_de_premiumlibrary&#8220; module_class=&#8220;premium-library-button&#8220; _builder_version=&#8220;4.23.1&#8243; _module_preset=&#8220;default&#8220; text_orientation=&#8220;center&#8220; global_module=&#8220;157246&#8243; global_colors_info=&#8220;{}&#8220;]<\/p>\n<a href='https:\/\/www.secowarwick.com\/de\/premiuminhalte\/' class='small-button smallred'><span>PREMIUMINHALTE<\/span><\/a>\n<p>[\/et_pb_text][et_pb_text admin_label=&#8220;R&#038;D de&#8220; module_class=&#8220;product_widget_wrap_rd&#8220; _builder_version=&#8220;4.23.1&#8243; _module_preset=&#8220;default&#8220; text_orientation=&#8220;center&#8220; global_module=&#8220;167836&#8243; saved_tabs=&#8220;all&#8220; locked=&#8220;off&#8220; global_colors_info=&#8220;{}&#8220;]<\/p>\n<p><a href=\"https:\/\/www.secowarwick.com\/de\/rd\/\"><span class=\"product_wigtet_name\">R&amp;D<\/span><\/a><\/p>\n<p>[\/et_pb_text][et_pb_text admin_label=&#8220;Producte de&#8220; module_class=&#8220;product_widget_wrap_products &#8220; _builder_version=&#8220;4.23.1&#8243; _module_preset=&#8220;default&#8220; global_module=&#8220;179193&#8243; saved_tabs=&#8220;all&#8220; locked=&#8220;off&#8220; global_colors_info=&#8220;{}&#8220;]<\/p>\n<p><a href=\"https:\/\/www.secowarwick.com\/de\/produkte\/\" target=\"_blank\" rel=\"noopener\"><span class=\"product_wigtet_name\">PRODUKTE<\/span><\/a><\/p>\n<p>[\/et_pb_text][et_pb_text admin_label=&#8220;SERVICE de&#8220; module_class=&#8220;product_widget_wrap_service&#8220; _builder_version=&#8220;4.23.1&#8243; _module_preset=&#8220;default&#8220; global_module=&#8220;167860&#8243; saved_tabs=&#8220;all&#8220; locked=&#8220;off&#8220; global_colors_info=&#8220;{}&#8220;]<\/p>\n<p><a href=\"https:\/\/www.secowarwick.com\/de\/professionelle-service-dienstleistungen\/\"><span class=\"product_wigtet_name\">SERVICE<\/span><\/a><\/p>\n<p>[\/et_pb_text][et_pb_text admin_label=&#8220;SUPLEMENTALS de&#8220; module_class=&#8220;product_widget_wrap_supleme&#8220; _builder_version=&#8220;4.23.1&#8243; _module_preset=&#8220;default&#8220; global_module=&#8220;167915&#8243; saved_tabs=&#8220;all&#8220; locked=&#8220;off&#8220; global_colors_info=&#8220;{}&#8220;]<\/p>\n<p><span class=\"product_wigtet_name\">ZUSATZSTOFFE:<\/span><\/p>\n<p>[\/et_pb_text][et_pb_text admin_label=&#8220;dnabook-de&#8220; module_class=&#8220;suplementals_product_dna suplementals_wrap&#8220; _builder_version=&#8220;4.23.1&#8243; _module_preset=&#8220;default&#8220; global_module=&#8220;167874&#8243; saved_tabs=&#8220;all&#8220; locked=&#8220;off&#8220; global_colors_info=&#8220;{}&#8220;]<\/p>\n<p><a href=\"https:\/\/www.secowarwick.com\/wp-content\/uploads\/2024\/02\/2024_SECO_WARWICK_Catalog_DNA_EN_SECOLOGY.pdf\" target=\"_blank\" rel=\"noopener\">DNA\/BOOK<\/a><\/p>\n<p>[\/et_pb_text][et_pb_text admin_label=&#8220;ECO\/BOOK-de&#8220; module_class=&#8220;suplementals_product_eco suplementals_wrap&#8220; _builder_version=&#8220;4.23.1&#8243; _module_preset=&#8220;default&#8220; global_module=&#8220;167797&#8243; locked=&#8220;off&#8220; global_colors_info=&#8220;{}&#8220;]<\/p>\n<p><a href=\"https:\/\/www.secowarwick.com\/wp-content\/uploads\/2023\/06\/ECOBOOK.pdf\" target=\"_blank\" rel=\"noopener\">ECO\/BOOK<\/a><\/p>\n<p>[\/et_pb_text][\/et_pb_column][\/et_pb_row][\/et_pb_section][et_pb_section fb_built=&#8220;1&#8243; admin_label=&#8220;section&#8220; _builder_version=&#8220;4.19.2&#8243; background_color=&#8220;#f8f8f8&#8243; custom_margin=&#8220;-20px||||false|false&#8220; transparent_background=&#8220;off&#8220; make_fullwidth=&#8220;off&#8220; use_custom_width=&#8220;off&#8220; width_unit=&#8220;on&#8220; global_colors_info=&#8220;{}&#8220;][et_pb_row column_structure=&#8220;1_2,1_2&#8243; admin_label=&#8220;row&#8220; _builder_version=&#8220;4.16&#8243; background_size=&#8220;initial&#8220; background_position=&#8220;top_left&#8220; background_repeat=&#8220;repeat&#8220; global_colors_info=&#8220;{}&#8220;][et_pb_column type=&#8220;1_2&#8243; _builder_version=&#8220;4.16&#8243; custom_padding=&#8220;|||&#8220; global_colors_info=&#8220;{}&#8220; custom_padding__hover=&#8220;|||&#8220;][et_pb_text _builder_version=&#8220;4.19.2&#8243; _module_preset=&#8220;default&#8220; text_font_size=&#8220;16px&#8220; global_colors_info=&#8220;{}&#8220;]<\/p>\n<p>&nbsp;<\/p>\n<p>&nbsp;<\/p>\n<p>[\/et_pb_text][et_pb_text admin_label=&#8220;apostrof&#8220; module_class=&#8220;przecinek-tlo-nizej&#8220; _builder_version=&#8220;4.19.2&#8243; custom_margin=&#8220;50px|||&#8220; custom_margin_tablet=&#8220;&#8220; custom_margin_phone=&#8220;&#8220; custom_margin_last_edited=&#8220;on|desktop&#8220; saved_tabs=&#8220;all&#8220; global_colors_info=&#8220;{}&#8220;]<\/p>\n<p>Die Hauptfunktionen des Moduls sind:<\/p>\n<p>[\/et_pb_text][et_pb_text _builder_version=&#8220;4.19.2&#8243; _module_preset=&#8220;default&#8220; text_font_size=&#8220;16px&#8220; global_colors_info=&#8220;{}&#8220;]<\/p>\n<p><span style=\"color: #db1414;\"><strong>\/ <\/strong><\/span>Stromverbrauchsmessung und -analyse eines bestimmten Ger\u00e4ts<br \/><span style=\"color: #db1414;\"><strong>\/ <\/strong><\/span>Mediennutzungsvergleich der Zwillingsger\u00e4te<br \/><span style=\"color: #db1414;\"><strong>\/ <\/strong><\/span>Verfolgung der Auswirkungen von Rezeptur\u00e4nderungen f\u00fcr Energieintensit\u00e4t der Prozesse und Beobachtung von Anomalien,<br \/><span style=\"color: #db1414;\"><strong>\/ <\/strong><\/span> Gleichzeitige technologische, energetische und wirtschaftliche Analyse des Prozesses<\/p>\n<p>[\/et_pb_text][\/et_pb_column][et_pb_column type=&#8220;1_2&#8243; _builder_version=&#8220;4.16&#8243; custom_padding=&#8220;|||&#8220; global_colors_info=&#8220;{}&#8220; custom_padding__hover=&#8220;|||&#8220;][et_pb_image alt=&#8220;Ekonomia i ekologia id\u0105 w parze z Seconomy od Seco\/Warwick&#8220; title_text=&#8220;seco_preventive 2&#8243; align_tablet=&#8220;center&#8220; align_phone=&#8220;&#8220; align_last_edited=&#8220;on|desktop&#8220; _builder_version=&#8220;4.16&#8243; global_colors_info=&#8220;{}&#8220;][\/et_pb_image][et_pb_image src=&#8220;https:\/\/www.secowarwick.com\/wp-content\/uploads\/2023\/03\/Senergy-process-report.jpg&#8220; alt=&#8220;Senergy process report&#8220; title_text=&#8220;Senergy process report&#8220; align_tablet=&#8220;center&#8220; align_phone=&#8220;&#8220; align_last_edited=&#8220;on|desktop&#8220; _builder_version=&#8220;4.19.2&#8243; global_colors_info=&#8220;{}&#8220;][\/et_pb_image][\/et_pb_column][\/et_pb_row][et_pb_row column_structure=&#8220;1_2,1_2&#8243; admin_label=&#8220;row&#8220; _builder_version=&#8220;4.19.2&#8243; background_size=&#8220;initial&#8220; background_position=&#8220;top_left&#8220; background_repeat=&#8220;repeat&#8220; custom_margin=&#8220;-20px||||false|false&#8220; global_colors_info=&#8220;{}&#8220;][et_pb_column type=&#8220;1_2&#8243; _builder_version=&#8220;4.16&#8243; custom_padding=&#8220;|||&#8220; global_colors_info=&#8220;{}&#8220; custom_padding__hover=&#8220;|||&#8220;][et_pb_text _builder_version=&#8220;4.19.2&#8243; _module_preset=&#8220;default&#8220; text_font_size=&#8220;16px&#8220; global_colors_info=&#8220;{}&#8220;]<\/p>\n<p>&nbsp;<\/p>\n<p>&nbsp;<\/p>\n<p>[\/et_pb_text][et_pb_image src=&#8220;https:\/\/www.secowarwick.com\/wp-content\/uploads\/2023\/03\/Senergy-chart.jpg&#8220; alt=&#8220;Senergy chart&#8220; title_text=&#8220;Senergy chart&#8220; align_tablet=&#8220;center&#8220; align_phone=&#8220;&#8220; align_last_edited=&#8220;on|desktop&#8220; _builder_version=&#8220;4.19.2&#8243; global_colors_info=&#8220;{}&#8220;][\/et_pb_image][\/et_pb_column][et_pb_column type=&#8220;1_2&#8243; _builder_version=&#8220;4.16&#8243; custom_padding=&#8220;|||&#8220; global_colors_info=&#8220;{}&#8220; custom_padding__hover=&#8220;|||&#8220;][et_pb_text admin_label=&#8220;apostrof&#8220; module_class=&#8220;przecinek-tlo-nizej&#8220; _builder_version=&#8220;4.19.2&#8243; custom_margin=&#8220;||||false|false&#8220; custom_margin_tablet=&#8220;&#8220; custom_margin_phone=&#8220;&#8220; custom_margin_last_edited=&#8220;on|desktop&#8220; saved_tabs=&#8220;all&#8220; global_colors_info=&#8220;{}&#8220;]<\/p>\n<p>Dieses Modul pr\u00e4sentiert<\/p>\n<p>[\/et_pb_text][et_pb_text _builder_version=&#8220;4.23.1&#8243; _module_preset=&#8220;default&#8220; text_font_size=&#8220;16px&#8220; hover_enabled=&#8220;0&#8243; global_colors_info=&#8220;{}&#8220; text_orientation=&#8220;justified&#8220; sticky_enabled=&#8220;0&#8243;]<\/p>\n<p>einen Bericht, der eine genaue Datenanalyse \u00fcber den ausgew\u00e4hlten Vorgang erm\u00f6glicht, wie zum Beispiel:<\/p>\n<p><span style=\"color: #db1414;\"><strong>\/<\/strong><\/span> Energieverbrauchskosten,<br \/><span style=\"color: #db1414;\"><strong>\/<\/strong><\/span> Energieverbrauch nach Sektoren,<br \/><span style=\"color: #db1414;\"><strong>\/<\/strong><\/span> Statistiken.<\/p>\n<p>Standardm\u00e4\u00dfig wird ein Wirkleistungsdiagramm [kW] dargestellt, aber man kann die Diagrammstifte wechseln und die folgenden Diagramme auch ansehen, die betreffen:<\/p>\n<p><span style=\"color: #db1414;\"><strong>\/<\/strong><\/span> Phasenspannung und Grenzfl\u00e4chenspannung,<br \/><span style=\"color: #db1414;\"><strong>\/<\/strong><\/span> Strom,<br \/><span style=\"color: #db1414;\"><strong>\/<\/strong><\/span> Leistungsfaktor,<br \/><span style=\"color: #db1414;\"><strong>\/<\/strong><\/span> Scheinleistung,<br \/><span style=\"color: #db1414;\"><strong>\/<\/strong><\/span> Blindleistung,<br \/><span style=\"color: #db1414;\"><strong>\/<\/strong><\/span> Blindenergie,<br \/><span style=\"color: #db1414;\"><strong>\/<\/strong><\/span> Wirkenergie.<\/p>\n<p>[\/et_pb_text][\/et_pb_column][\/et_pb_row][\/et_pb_section][et_pb_section fb_built=&#8220;1&#8243; _builder_version=&#8220;4.23.1&#8243; _module_preset=&#8220;default&#8220; global_colors_info=&#8220;{}&#8220;][et_pb_row column_structure=&#8220;3_4,1_4&#8243; use_custom_gutter=&#8220;on&#8220; gutter_width=&#8220;2&#8243; module_class=&#8220;automatycy-wiersz-korzysci&#8220; _builder_version=&#8220;4.23.1&#8243; _module_preset=&#8220;default&#8220; locked=&#8220;off&#8220; global_colors_info=&#8220;{}&#8220;][et_pb_column type=&#8220;3_4&#8243; _builder_version=&#8220;4.23.1&#8243; _module_preset=&#8220;default&#8220; global_colors_info=&#8220;{}&#8220;][et_pb_text module_class=&#8220;przecinek-tlo-nizej&#8220; _builder_version=&#8220;4.23.1&#8243; text_text_color=&#8220;#000000&#8243; background_size=&#8220;initial&#8220; background_position=&#8220;top_left&#8220; background_repeat=&#8220;repeat&#8220; use_border_color=&#8220;off&#8220; global_colors_info=&#8220;{}&#8220;]SENERGY &#8211; VORTEILE[\/et_pb_text][et_pb_text module_class=&#8220;opis-korzysci&#8220; _builder_version=&#8220;4.23.1&#8243; _module_preset=&#8220;default&#8220; text_orientation=&#8220;justified&#8220; custom_margin=&#8220;20px||||false|false&#8220; global_colors_info=&#8220;{}&#8220;]<\/p>\n<p><strong><span style=\"color: #dc291e;\">\/<\/span><\/strong><strong>\u00a0Medienverbrauchsoptimierung <\/strong>und Betriebskostensenkung.<br \/><strong><span style=\"color: #dc291e;\">\/<\/span><\/strong><strong>\u00a0<\/strong>Mit SENERGY k\u00f6nnen die Benutzer Bereiche ermitteln, in\u00a0denen die Energieeffizienz verbessert werden kann, so dass ein fundierteres Ressourcenmanagement m\u00f6glich ist.<br \/><strong><span style=\"color: #dc291e;\">\/<\/span><\/strong><strong>\u00a0<\/strong>SENERGY unterst\u00fctzt die <strong>Verringerung des CO<sub>2<\/sub>-Fu\u00dfabdrucks<\/strong> durch die Optimierung des Energie- und Medienverbrauchs.<br \/><strong><span style=\"color: #dc291e;\">\/<\/span><\/strong><strong>\u00a0<\/strong>Analyse und Rezeptoptimierung, d.h. die Kostensenkungund die Prozesseffizienzsteigerung.<br \/><strong><span style=\"color: #dc291e;\">\/<\/span>\u00a0Erleichtert die Bedarfsplanung der Medienversorgung.<\/strong><\/p>\n<p>[\/et_pb_text][\/et_pb_column][et_pb_column type=&#8220;1_4&#8243; _builder_version=&#8220;4.23.1&#8243; _module_preset=&#8220;default&#8220; global_colors_info=&#8220;{}&#8220;][et_pb_image src=&#8220;https:\/\/www.secowarwick.com\/wp-content\/uploads\/2024\/05\/korzysci.png&#8220; alt=&#8220;korzy\u015bci&#8220; align=&#8220;center&#8220; module_class=&#8220;obraz-korzysci&#8220; _builder_version=&#8220;4.23.1&#8243; _module_preset=&#8220;default&#8220; global_colors_info=&#8220;{}&#8220;][\/et_pb_image][\/et_pb_column][\/et_pb_row][\/et_pb_section]<\/p>\n","protected":false},"excerpt":{"rendered":"<p>Analysiere Prozesse im\u00a0Hinblick auf Stromverbrauch Senergy ist ein Modul zur Stromverbrauchsanalyse eines ausgew\u00e4hlten Prozesses in\u00a0Bezug auf Durchschnitts- oder Medianverbrauch anderer Prozesse mit derselben oder anderer Rezeptur. &nbsp; Senergy bietet einen \u00dcberblick \u00fcber durchgef\u00fchrte historische Prozesse. Dieses Modul ist so konzipiert, dass es\u00a0auf einzelnen Ger\u00e4ten funktioniert, sowie auf kompletten Produktionslinien und in\u00a0Fabriken. In\u00a0der Prozesstabelle \u2013 neben [&hellip;]<\/p>\n","protected":false},"author":2,"featured_media":124805,"parent":0,"menu_order":0,"comment_status":"closed","ping_status":"closed","template":"","meta":{"_acf_changed":false,"_et_pb_use_builder":"on","_et_pb_old_content":"","_et_gb_content_width":"","footnotes":""},"class_list":["post-138479","page","type-page","status-publish","has-post-thumbnail"],"acf":[],"_links":{"self":[{"href":"https:\/\/www.secowarwick.com\/de\/wp-json\/wp\/v2\/pages\/138479","targetHints":{"allow":["GET"]}}],"collection":[{"href":"https:\/\/www.secowarwick.com\/de\/wp-json\/wp\/v2\/pages"}],"about":[{"href":"https:\/\/www.secowarwick.com\/de\/wp-json\/wp\/v2\/types\/page"}],"author":[{"embeddable":true,"href":"https:\/\/www.secowarwick.com\/de\/wp-json\/wp\/v2\/users\/2"}],"replies":[{"embeddable":true,"href":"https:\/\/www.secowarwick.com\/de\/wp-json\/wp\/v2\/comments?post=138479"}],"version-history":[{"count":11,"href":"https:\/\/www.secowarwick.com\/de\/wp-json\/wp\/v2\/pages\/138479\/revisions"}],"predecessor-version":[{"id":179320,"href":"https:\/\/www.secowarwick.com\/de\/wp-json\/wp\/v2\/pages\/138479\/revisions\/179320"}],"wp:featuredmedia":[{"embeddable":true,"href":"https:\/\/www.secowarwick.com\/de\/wp-json\/wp\/v2\/media\/124805"}],"wp:attachment":[{"href":"https:\/\/www.secowarwick.com\/de\/wp-json\/wp\/v2\/media?parent=138479"}],"curies":[{"name":"wp","href":"https:\/\/api.w.org\/{rel}","templated":true}]}}