{"id":143640,"date":"2023-06-21T15:04:31","date_gmt":"2023-06-21T13:04:31","guid":{"rendered":"https:\/\/www.secowarwick.com\/vacuum-furnace-with-gas-cooling\/"},"modified":"2025-04-23T14:05:33","modified_gmt":"2025-04-23T12:05:33","slug":"vakuumoefen-mit-gasabkuehlung","status":"publish","type":"page","link":"https:\/\/www.secowarwick.com\/de\/vakuumoefen-mit-gasabkuehlung\/","title":{"rendered":"VAKUUM\u00d6FEN MIT GASABK\u00dcHLUNG"},"content":{"rendered":"<p>[et_pb_section fb_built=&#8220;1&#8243; admin_label=&#8220;section&#8220; _builder_version=&#8220;4.16&#8243; custom_padding=&#8220;0px|||&#8220; transparent_background=&#8220;off&#8220; make_fullwidth=&#8220;off&#8220; use_custom_width=&#8220;off&#8220; width_unit=&#8220;on&#8220; global_colors_info=&#8220;{}&#8220;][et_pb_row _builder_version=&#8220;4.16&#8243; _module_preset=&#8220;default&#8220; global_colors_info=&#8220;{}&#8220;][et_pb_column type=&#8220;4_4&#8243; _builder_version=&#8220;4.16&#8243; _module_preset=&#8220;default&#8220; global_colors_info=&#8220;{}&#8220;][et_pb_breadcrumbs _builder_version=&#8220;4.10.3&#8243; _module_preset=&#8220;default&#8220; global_colors_info=&#8220;{}&#8220;][\/et_pb_breadcrumbs][\/et_pb_column][\/et_pb_row][et_pb_row admin_label=&#8220;row&#8220; _builder_version=&#8220;4.16&#8243; background_size=&#8220;initial&#8220; background_position=&#8220;top_left&#8220; background_repeat=&#8220;repeat&#8220; custom_padding=&#8220;0px|||&#8220; make_fullwidth=&#8220;off&#8220; use_custom_width=&#8220;off&#8220; width_unit=&#8220;on&#8220; global_colors_info=&#8220;{}&#8220;][et_pb_column type=&#8220;4_4&#8243; _builder_version=&#8220;4.16&#8243; custom_padding=&#8220;|||&#8220; global_colors_info=&#8220;{}&#8220; custom_padding__hover=&#8220;|||&#8220;][et_pb_divider show_divider=&#8220;off&#8220; _builder_version=&#8220;4.16&#8243; _module_preset=&#8220;default&#8220; global_colors_info=&#8220;{}&#8220;][\/et_pb_divider][et_pb_text module_class=&#8220;red-square-list-parent&#8220; _builder_version=&#8220;4.19.2&#8243; background_size=&#8220;initial&#8220; background_position=&#8220;top_left&#8220; background_repeat=&#8220;repeat&#8220; use_border_color=&#8220;off&#8220; global_colors_info=&#8220;{}&#8220;]<\/p>\n<h1>VAKUUM\u00d6FEN MIT GASABK\u00dcHLUNG BEI EINEM ABSCHRECKDRUCK VON 15 BAR<\/h1>\n<h2>TYP 10.0VPT-4035\/36IQ<\/h2>\n<p>Der Vakuumofen mit gasabk\u00fchlung bei einem abschreckdruck von 15 bar ist zur Vakuum-W\u00e4rmebehandlung bestimmt.<\/p>\n<h3>General information:<\/h3>\n<p><span style=\"color: #ff0000;\">\/ <\/span>Vakuum\u00f6fen mt&nbsp;Gasabk\u00fchlung bei einem Abschreckdruck von 15 bar,<br \/><span style=\"color: #ff0000;\">\/ <\/span>Hersteller: SECO\/WARWICK,<br \/><span style=\"color: #ff0000;\">\/ <\/span>Herstellungsjahr: 2017,<br \/><span style=\"color: #ff0000;\">\/ <\/span>Standort &#8211; Nordpolen,<br \/><span style=\"color: #ff0000;\">\/ <\/span>Ofen in&nbsp;Betrieb &#8211; M\u00f6glichkeit der Vor-Ort-Pr\u00fcfung,<br \/><span style=\"color: #ff0000;\">\/ <\/span>Der Ofen kann als Set mit Nitrierofen, K\u00fchlsystem und Gebl\u00e4sek\u00fchler erworben werden,<br \/><span style=\"color: #ff0000;\">\/ <\/span>Sehr niedrige Anzahl der durchgef\u00fchrten Zyklen,<br \/><span style=\"color: #ff0000;\">\/ <\/span>Wir bieten die technische Bewertung, Verlagerung und Installation der Vorrichtung am&nbsp;Zielstandort im&nbsp;Gebiet der Europ\u00e4ischen Union an.<\/p>\n<p>[\/et_pb_text][\/et_pb_column][\/et_pb_row][\/et_pb_section][et_pb_section fb_built=&#8220;1&#8243; admin_label=&#8220;section&#8220; _builder_version=&#8220;4.19.2&#8243; background_color=&#8220;#f8f8f8&#8243; custom_margin=&#8220;-20px||||false|false&#8220; custom_padding=&#8220;0px||||false|false&#8220; transparent_background=&#8220;off&#8220; make_fullwidth=&#8220;off&#8220; use_custom_width=&#8220;off&#8220; width_unit=&#8220;on&#8220; global_colors_info=&#8220;{}&#8220;][et_pb_row column_structure=&#8220;1_2,1_2&#8243; admin_label=&#8220;row&#8220; _builder_version=&#8220;4.19.2&#8243; background_size=&#8220;initial&#8220; background_position=&#8220;top_left&#8220; background_repeat=&#8220;repeat&#8220; custom_margin=&#8220;-20px||||false|false&#8220; global_colors_info=&#8220;{}&#8220;][et_pb_column type=&#8220;1_2&#8243; _builder_version=&#8220;4.16&#8243; custom_padding=&#8220;|||&#8220; global_colors_info=&#8220;{}&#8220; custom_padding__hover=&#8220;|||&#8220;][et_pb_gallery gallery_ids=&#8220;143623,143602,143609,143616&#8243; posts_number=&#8220;1&#8243; show_title_and_caption=&#8220;off&#8220; show_pagination=&#8220;off&#8220; zoom_icon_color=&#8220;#e2001a&#8220; module_class=&#8220;seco-products-gallery-new2025&#8243; _builder_version=&#8220;4.23.1&#8243; custom_margin=&#8220;||||false|false&#8220; hover_enabled=&#8220;0&#8243; locked=&#8220;off&#8220; global_colors_info=&#8220;{}&#8220; custom_css_free_form=&#8220;.et_overlay:before {||    content: &#8218;GALERIE ANSEHEN&#8216; !important;||}&#8220; sticky_enabled=&#8220;0&#8243;][\/et_pb_gallery][et_pb_image src=&#8220;https:\/\/www.secowarwick.com\/wp-content\/uploads\/2023\/06\/VACUUM-FURNACE-WITH-GAS-COOLING-2.jpg&#8220; alt=&#8220;VACUUM FURNACE WITH GAS COOLING UNDER PRESSURE OF 15 BAR&#8220; title_text=&#8220;VACUUM FURNACE WITH GAS COOLING (2)&#8220; align_tablet=&#8220;center&#8220; align_phone=&#8220;&#8220; align_last_edited=&#8220;on|desktop&#8220; _builder_version=&#8220;4.19.2&#8243; global_colors_info=&#8220;{}&#8220;][\/et_pb_image][\/et_pb_column][et_pb_column type=&#8220;1_2&#8243; _builder_version=&#8220;4.16&#8243; custom_padding=&#8220;|||&#8220; global_colors_info=&#8220;{}&#8220; custom_padding__hover=&#8220;|||&#8220;][et_pb_text admin_label=&#8220;apostrof&#8220; module_class=&#8220;przecinek-tlo-nizej&#8220; _builder_version=&#8220;4.19.2&#8243; custom_margin=&#8220;||||false|false&#8220; custom_margin_tablet=&#8220;&#8220; custom_margin_phone=&#8220;&#8220; custom_margin_last_edited=&#8220;on|desktop&#8220; saved_tabs=&#8220;all&#8220; global_colors_info=&#8220;{}&#8220;]<\/p>\n<h2>Technische Daten<\/h2>\n<p>[\/et_pb_text][et_pb_text _builder_version=&#8220;4.19.2&#8243; _module_preset=&#8220;default&#8220; global_colors_info=&#8220;{}&#8220;]<\/p>\n<h2>\u00a0<\/h2>\n<table style=\"width: 100.606%; height: 317px;\" width=\"549\">\n<tbody>\n<tr style=\"height: 34px;\">\n<td style=\"width: 133.575%; height: 34px;\" colspan=\"3\" width=\"549\">\n<h4 style=\"text-align: left;\"><strong>Grundlegende Daten<\/strong><\/h4>\n<\/td>\n<\/tr>\n<tr style=\"height: 18px;\">\n<td style=\"width: 62.651%; height: 18px;\" width=\"354\">Nutzbare Abmessungen (w&nbsp;x&nbsp;l x&nbsp;h)<\/td>\n<td style=\"width: 14.3%; height: 18px; text-align: center;\" width=\"78\">600 x&nbsp;600 x&nbsp;900<\/td>\n<td style=\"width: 56.6243%; height: 18px; text-align: center;\" width=\"116\">mm<\/td>\n<\/tr>\n<tr style=\"height: 21px;\">\n<td style=\"width: 62.651%; height: 21px;\" width=\"354\">Max. Chargengewicht<\/td>\n<td style=\"width: 14.3%; height: 21px; text-align: center;\" width=\"78\">600<\/td>\n<td style=\"width: 56.6243%; height: 21px; text-align: center;\" width=\"116\">kg<\/td>\n<\/tr>\n<tr style=\"height: 27px;\">\n<td style=\"width: 62.651%; height: 27px;\" width=\"354\">Max. Temperatur<\/td>\n<td style=\"width: 14.3%; height: 27px; text-align: center;\" width=\"78\">1300<\/td>\n<td style=\"width: 56.6243%; height: 27px; text-align: center;\" width=\"116\">\u00b0C<\/td>\n<\/tr>\n<tr style=\"height: 30px;\">\n<td style=\"width: 62.651%; height: 19px;\" width=\"354\">Gleichm\u00e4\u00dfigkeit der Temperaturverteilung in&nbsp;Konvektionsgas von 150 bis 750\u1d52C<\/td>\n<td style=\"width: 14.3%; height: 19px; text-align: center;\" width=\"78\">+\/- 5*<\/td>\n<td style=\"width: 56.6243%; height: 19px; text-align: center;\" width=\"116\">\u00b0C<\/td>\n<\/tr>\n<tr style=\"height: 19px;\">\n<td style=\"width: 62.651%; height: 10px;\" width=\"354\">Gleichm\u00e4\u00dfigkeit der Temperaturverteilung im&nbsp;Vakuum von 750 bis 1300\u1d52C<\/td>\n<td style=\"width: 14.3%; height: 10px; text-align: center;\" width=\"78\">+\/- 5*<\/td>\n<td style=\"width: 56.6243%; height: 10px; text-align: center;\" width=\"116\">\u00b0C<\/td>\n<\/tr>\n<tr style=\"height: 12px;\">\n<td style=\"width: 62.651%; height: 12px;\" width=\"354\">Endvakuum nach der Pr\u00fcfung<\/td>\n<td style=\"width: 14.3%; height: 12px; text-align: center;\" width=\"78\">5&#215;10<sup>-2<\/sup><\/td>\n<td style=\"width: 56.6243%; height: 12px; text-align: center;\" width=\"116\">mbar<\/td>\n<\/tr>\n<tr style=\"height: 28px;\">\n<td style=\"width: 62.651%; height: 28px;\" width=\"354\">Heizleistung<\/td>\n<td style=\"width: 14.3%; height: 28px; text-align: center;\" width=\"78\">150<\/td>\n<td style=\"width: 56.6243%; height: 28px; text-align: center;\" width=\"116\">kW<\/td>\n<\/tr>\n<tr style=\"height: 25px;\">\n<td style=\"width: 62.651%; height: 10px;\" width=\"354\">Leckrate<\/td>\n<td style=\"width: 14.3%; height: 10px; text-align: center;\" width=\"78\">3&#215;10<sup>-3<\/sup><\/td>\n<td style=\"width: 56.6243%; height: 10px; text-align: center;\" width=\"116\">mbar x&nbsp;l\/s<\/td>\n<\/tr>\n<tr style=\"height: 18px;\">\n<td style=\"width: 62.651%; height: 18px;\" width=\"354\">Max. K\u00fchlgasdruck<\/td>\n<td style=\"width: 14.3%; height: 18px; text-align: center;\" width=\"78\">15<\/td>\n<td style=\"width: 56.6243%; height: 18px; text-align: center;\" width=\"116\">bar abs.<\/td>\n<\/tr>\n<tr style=\"height: 20px;\">\n<td style=\"width: 62.651%; height: 20px;\" width=\"354\">Ofengewicht<\/td>\n<td style=\"width: 14.3%; height: 20px; text-align: center;\" width=\"78\">12,000<\/td>\n<td style=\"width: 56.6243%; height: 20px; text-align: center;\" width=\"116\">kg<\/td>\n<\/tr>\n<tr style=\"height: 15px;\">\n<td style=\"width: 62.651%; height: 15px;\" width=\"354\">Gesamtabmessungen (h&nbsp;x&nbsp;w&nbsp;x&nbsp;l)<\/td>\n<td style=\"width: 14.3%; height: 15px; text-align: center;\" width=\"78\">2400 x&nbsp;3500 x&nbsp;4500<\/td>\n<td style=\"width: 56.6243%; height: 15px; text-align: center;\" width=\"116\">mm<\/td>\n<\/tr>\n<tr style=\"height: 18px;\">\n<td style=\"width: 62.651%; height: 18px;\" width=\"354\">The housing volume<\/td>\n<td style=\"width: 14.3%; height: 18px; text-align: center;\" width=\"78\">5.99<\/td>\n<td style=\"width: 56.6243%; height: 18px; text-align: center;\" width=\"116\">m<sup>3<\/sup><\/td>\n<\/tr>\n<tr style=\"height: 35px;\">\n<td style=\"width: 62.651%; height: 35px;\" width=\"354\">K\u00fchlgasart<\/td>\n<td style=\"width: 70.9243%; height: 35px; text-align: center;\" colspan=\"2\" width=\"195\">Stickstoff<\/td>\n<\/tr>\n<tr style=\"height: 32px;\">\n<td style=\"width: 62.651%; height: 32px;\" width=\"354\">Anzahl der Heizzonen<\/td>\n<td style=\"width: 70.9243%; height: 32px; text-align: center;\" colspan=\"2\" width=\"195\">1<\/td>\n<\/tr>\n<\/tbody>\n<\/table>\n<p>&nbsp;<\/p>\n<p><a href=\"#_ftnref1\" name=\"_ftn1\"><\/a><\/p>\n<p>[\/et_pb_text][\/et_pb_column][\/et_pb_row][et_pb_row column_structure=&#8220;1_2,1_2&#8243; admin_label=&#8220;row&#8220; _builder_version=&#8220;4.19.2&#8243; background_size=&#8220;initial&#8220; background_position=&#8220;top_left&#8220; background_repeat=&#8220;repeat&#8220; custom_margin=&#8220;-20px||||false|false&#8220; global_colors_info=&#8220;{}&#8220;][et_pb_column type=&#8220;1_2&#8243; _builder_version=&#8220;4.16&#8243; custom_padding=&#8220;|||&#8220; global_colors_info=&#8220;{}&#8220; custom_padding__hover=&#8220;|||&#8220;][et_pb_text admin_label=&#8220;apostrof&#8220; module_class=&#8220;przecinek-tlo-nizej&#8220; _builder_version=&#8220;4.19.2&#8243; custom_margin=&#8220;||||false|false&#8220; custom_margin_tablet=&#8220;&#8220; custom_margin_phone=&#8220;&#8220; custom_margin_last_edited=&#8220;on|desktop&#8220; saved_tabs=&#8220;all&#8220; global_colors_info=&#8220;{}&#8220;]<\/p>\n<h3>Medien- und faktorenparameter<\/h3>\n<p>[\/et_pb_text][et_pb_text _builder_version=&#8220;4.19.2&#8243; _module_preset=&#8220;default&#8220; global_colors_info=&#8220;{}&#8220;]<\/p>\n<table style=\"width: 101.484%;\" width=\"657\">\n<tbody>\n<tr>\n<td style=\"width: 39.084%; text-align: center;\" rowspan=\"2\" width=\"270\"><strong>Medium<\/strong><\/td>\n<td style=\"width: 22.1374%; text-align: center;\" colspan=\"2\" width=\"145\"><strong>Druck<\/strong><\/td>\n<td style=\"width: 16.0305%; text-align: center;\" rowspan=\"2\" width=\"106\"><strong>Nenndurchfluss<\/strong><\/td>\n<td style=\"width: 36.1832%; text-align: center;\" rowspan=\"2\" width=\"135\"><strong>Verbrauchssch\u00e4tzung pro Zyklus<\/strong><\/td>\n<\/tr>\n<tr>\n<td style=\"width: 10.3817%; text-align: center;\" width=\"68\"><strong>Min.<\/strong><\/td>\n<td style=\"width: 11.7557%; text-align: center;\" width=\"77\"><strong>Max.<\/strong><\/td>\n<\/tr>\n<tr>\n<td style=\"width: 113.435%;\" colspan=\"5\" width=\"657\">\n<p style=\"text-align: center;\"><strong>Prozessgase<\/strong><\/p>\n<\/td>\n<\/tr>\n<tr>\n<td style=\"width: 39.084%;\" width=\"270\">Stickstof (99,999%N<sub>2<\/sub>)<\/td>\n<td style=\"width: 10.3817%; text-align: center;\" width=\"68\">-bar<\/td>\n<td style=\"width: 11.7557%; text-align: center;\" width=\"77\">25 bar<\/td>\n<td style=\"width: 16.0305%; text-align: center;\" width=\"106\">&#8211;<\/td>\n<td style=\"width: 36.1832%; text-align: center;\" width=\"135\">5.99 Nm<sup>3<\/sup><br \/>(bei 1 bar abs)<\/td>\n<\/tr>\n<tr>\n<td style=\"width: 113.435%;\" colspan=\"5\" width=\"657\">\n<p style=\"text-align: center;\"><strong>Pneumatische Installation<\/strong><\/p>\n<\/td>\n<\/tr>\n<tr>\n<td style=\"width: 39.084%;\" width=\"270\">Druckluft<\/td>\n<td style=\"width: 10.3817%; text-align: center;\" width=\"68\">6 bar<\/td>\n<td style=\"width: 11.7557%; text-align: center;\" width=\"77\">8 bar<\/td>\n<td style=\"width: 16.0305%; text-align: center;\" width=\"106\">\u00a0<\/td>\n<td style=\"width: 36.1832%; text-align: center;\" width=\"135\">0.5 m<sup>3<\/sup><\/td>\n<\/tr>\n<tr>\n<td style=\"width: 113.435%;\" colspan=\"5\" width=\"657\">\n<p style=\"text-align: center;\"><strong>K\u00fchlwasser<sup>1)<\/sup><\/strong><\/p>\n<\/td>\n<\/tr>\n<tr>\n<td style=\"width: 39.084%;\" width=\"270\">Ofenkreisl\u00e4ufe<\/td>\n<td style=\"width: 10.3817%; text-align: center;\" width=\"68\">2 bar<\/td>\n<td style=\"width: 11.7557%; text-align: center;\" width=\"77\">3,5 bar<\/td>\n<td style=\"width: 16.0305%; text-align: center;\" width=\"106\">10m<sup>3<\/sup>\/h<\/td>\n<td style=\"width: 36.1832%;\" width=\"135\">\u00a0<\/td>\n<\/tr>\n<tr>\n<td style=\"width: 39.084%;\" width=\"270\">K\u00fchlwasser \u2013 W\u00e4rme\u00fcbertrage<\/td>\n<td style=\"width: 10.3817%; text-align: center;\" width=\"68\">2 bar<\/td>\n<td style=\"width: 11.7557%; text-align: center;\" width=\"77\">3,5bar<\/td>\n<td style=\"width: 16.0305%; text-align: center;\" width=\"106\">70m<sup>3<\/sup>\/h<\/td>\n<td style=\"width: 36.1832%;\" width=\"135\">\u00a0<\/td>\n<\/tr>\n<tr>\n<td style=\"width: 39.084%;\" width=\"270\">Notwasserversorgung<\/td>\n<td style=\"width: 10.3817%; text-align: center;\" width=\"68\">2,5 bar<\/td>\n<td style=\"width: 11.7557%; text-align: center;\" width=\"77\">4 bar<\/td>\n<td style=\"width: 16.0305%; text-align: center;\" width=\"106\">10m<sup>3<\/sup>\/h<\/td>\n<td style=\"width: 36.1832%;\" width=\"135\">\u00a0<\/td>\n<\/tr>\n<tr>\n<td style=\"width: 113.435%;\" colspan=\"5\" width=\"657\">\n<p style=\"text-align: center;\"><strong>Elektrizit\u00e4t<\/strong><\/p>\n<\/td>\n<\/tr>\n<tr>\n<td style=\"width: 39.084%;\" width=\"270\">Netztyp<\/td>\n<td style=\"width: 74.3511%; text-align: left;\" colspan=\"4\" width=\"386\">TN-C-S<\/td>\n<\/tr>\n<tr>\n<td style=\"width: 39.084%;\" width=\"270\">Nennspannung<\/td>\n<td style=\"width: 74.3511%; text-align: left;\" colspan=\"4\" width=\"386\">3&#215;400 VAC \u00b110%, 50 Hz<\/td>\n<\/tr>\n<tr>\n<td style=\"width: 39.084%;\" width=\"270\">Elektrische Nennleistung<\/td>\n<td style=\"width: 74.3511%; text-align: left;\" colspan=\"4\" width=\"386\">288 kW<\/td>\n<\/tr>\n<tr>\n<td style=\"width: 39.084%;\" width=\"270\">Max. Stromaufnahme<\/td>\n<td style=\"width: 74.3511%; text-align: left;\" colspan=\"4\" width=\"386\">In= 416 A<\/td>\n<\/tr>\n<tr>\n<td style=\"width: 39.084%;\" width=\"270\">Max. Strom des Hauptschalter<\/td>\n<td style=\"width: 74.3511%; text-align: left;\" colspan=\"4\" width=\"386\">In= 800 A<\/td>\n<\/tr>\n<\/tbody>\n<\/table>\n<p><a href=\"#_ftnref1\" name=\"_ftn1\"><\/a><\/p>\n<p>[\/et_pb_text][\/et_pb_column][et_pb_column type=&#8220;1_2&#8243; _builder_version=&#8220;4.16&#8243; custom_padding=&#8220;|||&#8220; global_colors_info=&#8220;{}&#8220; custom_padding__hover=&#8220;|||&#8220;][et_pb_text admin_label=&#8220;apostrof&#8220; module_class=&#8220;przecinek-tlo-nizej&#8220; _builder_version=&#8220;4.19.2&#8243; custom_margin=&#8220;||||false|false&#8220; custom_margin_tablet=&#8220;&#8220; custom_margin_phone=&#8220;&#8220; custom_margin_last_edited=&#8220;on|desktop&#8220; saved_tabs=&#8220;all&#8220; global_colors_info=&#8220;{}&#8220;]<\/p>\n<h3>Steuerung<\/h3>\n<p>[\/et_pb_text][et_pb_text _builder_version=&#8220;4.19.2&#8243; _module_preset=&#8220;default&#8220; global_colors_info=&#8220;{}&#8220;]<\/p>\n<h3>\u00a0<\/h3>\n<p>Siemens-Industrie-PC mit Touchscreen:<\/p>\n<ul>\n<li>Betriebssystem: Windows 7 Ultimate<\/li>\n<li>Prozessvisualisierungssystem: Software WinCC 7.4<\/li>\n<\/ul>\n<p>[\/et_pb_text][\/et_pb_column][\/et_pb_row][\/et_pb_section]<\/p>\n","protected":false},"excerpt":{"rendered":"<p>[et_pb_breadcrumbs _builder_version=&#8220;4.10.3&#8243; _module_preset=&#8220;default&#8220; global_colors_info=&#8220;{}&#8220;][\/et_pb_breadcrumbs]VAKUUM\u00d6FEN MIT GASABK\u00dcHLUNG BEI EINEM ABSCHRECKDRUCK VON 15 BAR TYP 10.0VPT-4035\/36IQ Der Vakuumofen mit gasabk\u00fchlung bei einem abschreckdruck von 15 bar ist zur Vakuum-W\u00e4rmebehandlung bestimmt. General information: \/ Vakuum\u00f6fen mt&nbsp;Gasabk\u00fchlung bei einem Abschreckdruck von 15 bar,\/ Hersteller: SECO\/WARWICK,\/ Herstellungsjahr: 2017,\/ Standort &#8211; Nordpolen,\/ Ofen in&nbsp;Betrieb &#8211; M\u00f6glichkeit der Vor-Ort-Pr\u00fcfung,\/ Der Ofen kann [&hellip;]<\/p>\n","protected":false},"author":2,"featured_media":0,"parent":0,"menu_order":0,"comment_status":"closed","ping_status":"closed","template":"","meta":{"_acf_changed":false,"_et_pb_use_builder":"on","_et_pb_old_content":"","_et_gb_content_width":"","footnotes":""},"class_list":["post-143640","page","type-page","status-publish"],"acf":[],"_links":{"self":[{"href":"https:\/\/www.secowarwick.com\/de\/wp-json\/wp\/v2\/pages\/143640","targetHints":{"allow":["GET"]}}],"collection":[{"href":"https:\/\/www.secowarwick.com\/de\/wp-json\/wp\/v2\/pages"}],"about":[{"href":"https:\/\/www.secowarwick.com\/de\/wp-json\/wp\/v2\/types\/page"}],"author":[{"embeddable":true,"href":"https:\/\/www.secowarwick.com\/de\/wp-json\/wp\/v2\/users\/2"}],"replies":[{"embeddable":true,"href":"https:\/\/www.secowarwick.com\/de\/wp-json\/wp\/v2\/comments?post=143640"}],"version-history":[{"count":8,"href":"https:\/\/www.secowarwick.com\/de\/wp-json\/wp\/v2\/pages\/143640\/revisions"}],"predecessor-version":[{"id":176578,"href":"https:\/\/www.secowarwick.com\/de\/wp-json\/wp\/v2\/pages\/143640\/revisions\/176578"}],"wp:attachment":[{"href":"https:\/\/www.secowarwick.com\/de\/wp-json\/wp\/v2\/media?parent=143640"}],"curies":[{"name":"wp","href":"https:\/\/api.w.org\/{rel}","templated":true}]}}