{"id":143809,"date":"2023-06-21T07:49:54","date_gmt":"2023-06-21T05:49:54","guid":{"rendered":"https:\/\/www.secowarwick.com\/retort-electric-pit-furnace\/"},"modified":"2025-04-23T14:05:09","modified_gmt":"2025-04-23T12:05:09","slug":"elektrischer-schachtofen-mit-retorte","status":"publish","type":"page","link":"https:\/\/www.secowarwick.com\/de\/elektrischer-schachtofen-mit-retorte\/","title":{"rendered":"ELEKTRISCHER SCHACHTOFEN MIT RETORTE"},"content":{"rendered":"<p>[et_pb_section fb_built=&#8220;1&#8243; admin_label=&#8220;section&#8220; _builder_version=&#8220;4.16&#8243; custom_padding=&#8220;0px|||&#8220; transparent_background=&#8220;off&#8220; make_fullwidth=&#8220;off&#8220; use_custom_width=&#8220;off&#8220; width_unit=&#8220;on&#8220; global_colors_info=&#8220;{}&#8220;][et_pb_row _builder_version=&#8220;4.16&#8243; _module_preset=&#8220;default&#8220; global_colors_info=&#8220;{}&#8220;][et_pb_column type=&#8220;4_4&#8243; _builder_version=&#8220;4.16&#8243; _module_preset=&#8220;default&#8220; global_colors_info=&#8220;{}&#8220;][et_pb_breadcrumbs _builder_version=&#8220;4.10.3&#8243; _module_preset=&#8220;default&#8220; global_colors_info=&#8220;{}&#8220;][\/et_pb_breadcrumbs][\/et_pb_column][\/et_pb_row][et_pb_row admin_label=&#8220;row&#8220; _builder_version=&#8220;4.16&#8243; background_size=&#8220;initial&#8220; background_position=&#8220;top_left&#8220; background_repeat=&#8220;repeat&#8220; custom_padding=&#8220;0px|||&#8220; make_fullwidth=&#8220;off&#8220; use_custom_width=&#8220;off&#8220; width_unit=&#8220;on&#8220; global_colors_info=&#8220;{}&#8220;][et_pb_column type=&#8220;4_4&#8243; _builder_version=&#8220;4.16&#8243; custom_padding=&#8220;|||&#8220; global_colors_info=&#8220;{}&#8220; custom_padding__hover=&#8220;|||&#8220;][et_pb_divider show_divider=&#8220;off&#8220; _builder_version=&#8220;4.16&#8243; _module_preset=&#8220;default&#8220; global_colors_info=&#8220;{}&#8220;][\/et_pb_divider][et_pb_text module_class=&#8220;red-square-list-parent&#8220; _builder_version=&#8220;4.19.2&#8243; background_size=&#8220;initial&#8220; background_position=&#8220;top_left&#8220; background_repeat=&#8220;repeat&#8220; use_border_color=&#8220;off&#8220; global_colors_info=&#8220;{}&#8220;]<\/p>\n<h1>ELEKTRISCHER SCHACHTOFEN MIT RETORTE<\/h1>\n<h2>TYP VRNe-60.100-650-5-ZF<\/h2>\n<p>Der Schachtofen mit Retorte VRNe-60.100-650-5-ZF ist zur Durchf\u00fchrung von W\u00e4rme- und thermochemischen Behandlungsprozessen f\u00fcr Baust\u00e4hle bestimmt.<\/p>\n<p>Der Ofen ist insbesondere f\u00fcr folgende Verwendungen bestimmt:<\/p>\n<p><span style=\"color: #ff0000;\">\/ <\/span> Nitrieren mit ZeroFlow\u00ae -Technologie,<br \/><span style=\"color: #ff0000;\">\/ <\/span>Nitrieren mit kontrolliertem Stickstoffdurchfluss (N2),<br \/><span style=\"color: #ff0000;\">\/ <\/span>Anlassen,<br \/><span style=\"color: #ff0000;\">\/ <\/span>Oxidieren.<\/p>\n<p>Die W\u00e4rmebehandlungsprozesse werden in&nbsp;einer geschlossenen Retorte durchgef\u00fchrt. Innerhalb der Retorte wird ein Zwangskreislauf der Schutzatmpsoh\u00e4re mittels eines Umluftgebl\u00e4ses und eines Steuersystems (Innenzylinder) durchgef\u00fchrt. Diese Konstruktionsl\u00f6sung gew\u00e4hrleistet eine gleichm\u00e4\u00dfige Chargenerw\u00e4rmung im&nbsp;Ofennutzraum und stellt sicher, dass alle ihre Oberfl\u00e4chen mit der Schutzatmosph\u00e4rein Ber\u00fchrung kommen. Der Ofen verf\u00fcgt \u00fcber einen freistehenden Gasschrank und einen Steuerschrank, in&nbsp;dem die Automatisierungs- und Ofensteuerungselemente, Schaltanlagensteuerungen sowie Sicherheitseinrichtungen eingebaut sind.<\/p>\n<h3>Allgemeine Angaben:<\/h3>\n<p><span style=\"color: #ff0000;\">\/ <\/span>Elektrischer Schachtofen mit Retorte,<br \/><span style=\"color: #ff0000;\">\/ <\/span>Hersteller: SECO\/WARWICK,<br \/><span style=\"color: #ff0000;\">\/ <\/span>Herstellungsjahr: 2014,<br \/><span style=\"color: #ff0000;\">\/ <\/span>Standort: S\u00fcdpolen,<br \/><span style=\"color: #ff0000;\">\/ <\/span>F\u00fcr die Verlagerung vorbereitet,<br \/><span style=\"color: #ff0000;\">\/ <\/span>Wir bieten die technische Bewertung, Verlagerung und Installation der Vorrichtung am&nbsp;Zielstandort im&nbsp;Gebiet der Europ\u00e4ischen Union an.<\/p>\n<p>[\/et_pb_text][\/et_pb_column][\/et_pb_row][\/et_pb_section][et_pb_section fb_built=&#8220;1&#8243; admin_label=&#8220;section&#8220; _builder_version=&#8220;4.19.2&#8243; background_color=&#8220;#f8f8f8&#8243; custom_margin=&#8220;-20px||||false|false&#8220; custom_padding=&#8220;0px||||false|false&#8220; transparent_background=&#8220;off&#8220; make_fullwidth=&#8220;off&#8220; use_custom_width=&#8220;off&#8220; width_unit=&#8220;on&#8220; global_colors_info=&#8220;{}&#8220;][et_pb_row column_structure=&#8220;1_2,1_2&#8243; admin_label=&#8220;row&#8220; _builder_version=&#8220;4.19.2&#8243; background_size=&#8220;initial&#8220; background_position=&#8220;top_left&#8220; background_repeat=&#8220;repeat&#8220; custom_margin=&#8220;-20px||||false|false&#8220; global_colors_info=&#8220;{}&#8220;][et_pb_column type=&#8220;1_2&#8243; _builder_version=&#8220;4.16&#8243; custom_padding=&#8220;|||&#8220; global_colors_info=&#8220;{}&#8220; custom_padding__hover=&#8220;|||&#8220;][et_pb_gallery gallery_ids=&#8220;143516,143523&#8243; posts_number=&#8220;1&#8243; show_title_and_caption=&#8220;off&#8220; show_pagination=&#8220;off&#8220; zoom_icon_color=&#8220;#e2001a&#8220; module_class=&#8220;seco-products-gallery-new2025&#8243; _builder_version=&#8220;4.23.1&#8243; custom_margin=&#8220;||||false|false&#8220; hover_enabled=&#8220;0&#8243; locked=&#8220;off&#8220; global_colors_info=&#8220;{}&#8220; custom_css_free_form=&#8220;.et_overlay:before {||    content: &#8218;GALERIE ANSEHEN&#8216; !important;||}&#8220; sticky_enabled=&#8220;0&#8243;][\/et_pb_gallery][et_pb_image src=&#8220;https:\/\/www.secowarwick.com\/wp-content\/uploads\/2023\/06\/RETORT-ELECTRIC-PIT-FURNACE-3.jpg&#8220; alt=&#8220;RETORT ELECTRIC PIT FURNACE TYPE VRNe-60.100-650-5-ZF&#8220; title_text=&#8220;RETORT ELECTRIC PIT FURNACE (3)&#8220; align_tablet=&#8220;center&#8220; align_phone=&#8220;&#8220; align_last_edited=&#8220;on|desktop&#8220; _builder_version=&#8220;4.19.2&#8243; global_colors_info=&#8220;{}&#8220;][\/et_pb_image][et_pb_image src=&#8220;https:\/\/www.secowarwick.com\/wp-content\/uploads\/2023\/06\/RETORT-ELECTRIC-PIT-FURNACE-1-1.jpg&#8220; alt=&#8220;RETORT ELECTRIC PIT FURNACE TYPE VRNe-60.100-650-5-ZF&#8220; title_text=&#8220;RETORT ELECTRIC PIT FURNACE (1)&#8220; align_tablet=&#8220;center&#8220; align_phone=&#8220;&#8220; align_last_edited=&#8220;on|desktop&#8220; _builder_version=&#8220;4.19.2&#8243; global_colors_info=&#8220;{}&#8220;][\/et_pb_image][\/et_pb_column][et_pb_column type=&#8220;1_2&#8243; _builder_version=&#8220;4.16&#8243; custom_padding=&#8220;|||&#8220; global_colors_info=&#8220;{}&#8220; custom_padding__hover=&#8220;|||&#8220;][et_pb_text admin_label=&#8220;apostrof&#8220; module_class=&#8220;przecinek-tlo-nizej&#8220; _builder_version=&#8220;4.19.2&#8243; custom_margin=&#8220;||||false|false&#8220; custom_margin_tablet=&#8220;&#8220; custom_margin_phone=&#8220;&#8220; custom_margin_last_edited=&#8220;on|desktop&#8220; saved_tabs=&#8220;all&#8220; global_colors_info=&#8220;{}&#8220;]<\/p>\n<h2>Technische Daten<\/h2>\n<p>[\/et_pb_text][et_pb_text _builder_version=&#8220;4.23.1&#8243; _module_preset=&#8220;default&#8220; global_colors_info=&#8220;{}&#8220;]<\/p>\n<table style=\"width: 97.1082%; height: 643px;\" width=\"596\">\n<tbody>\n<tr style=\"height: 34px;\">\n<td style=\"width: 68.2933%; height: 34px;\" width=\"350\">Max. Betriebstemperatur<\/td>\n<td style=\"width: 17.0072%; height: 34px; text-align: center;\" width=\"169\">650<\/td>\n<td style=\"width: 11.9124%; height: 34px; text-align: center;\" width=\"74\">\u00b0C<\/td>\n<\/tr>\n<tr style=\"height: 12px;\">\n<td style=\"width: 68.2933%; height: 12px;\" width=\"350\">Temperaturverteilung im&nbsp;Nutzraum im&nbsp;station\u00e4ren Betrieb<\/td>\n<td style=\"width: 17.0072%; height: 12px; text-align: center;\" width=\"169\">+\/- 5*<\/td>\n<td style=\"width: 11.9124%; height: 12px; text-align: center;\" width=\"74\">\u00b0C<\/td>\n<\/tr>\n<tr style=\"height: 11px;\">\n<td style=\"width: 68.2933%; height: 11px;\" width=\"350\">Chargengewicht (Brutto)<\/td>\n<td style=\"width: 17.0072%; height: 11px; text-align: center;\" width=\"169\">500<\/td>\n<td style=\"width: 11.9124%; height: 11px; text-align: center;\" width=\"74\">kg<\/td>\n<\/tr>\n<tr style=\"height: 51px;\">\n<td style=\"width: 68.2933%; height: 51px;\" width=\"350\">Maximale Leistungsaufnahme<\/td>\n<td style=\"width: 17.0072%; height: 51px; text-align: center;\" width=\"169\">60<\/td>\n<td style=\"width: 11.9124%; height: 51px; text-align: center;\" width=\"74\">kW<\/td>\n<\/tr>\n<tr style=\"height: 0px;\">\n<td style=\"height: 10px; width: 68.2933%;\" width=\"594\"><strong>Stromversorgung<\/strong><\/td>\n<td style=\"width: 17.0072%; height: 10px;\"><strong>\u00a0<\/strong><\/td>\n<td style=\"width: 11.9124%; height: 10px;\"><strong>\u00a0<\/strong><\/td>\n<\/tr>\n<tr style=\"height: 23px;\">\n<td style=\"width: 68.2933%; height: 22px;\"><strong>Nutzraumabmessungen der Ofenheizkammer<\/strong><\/td>\n<td style=\"width: 28.9196%; height: 22px;\" colspan=\"2\">\u00a0<\/td>\n<\/tr>\n<tr style=\"height: 13px;\">\n<td style=\"width: 68.2933%; height: 13px;\" width=\"350\">Nutzdurchmesser der Heizkammer<\/td>\n<td style=\"width: 17.0072%; height: 13px; text-align: center;\" width=\"169\">600<\/td>\n<td style=\"width: 11.9124%; height: 13px; text-align: center;\" width=\"74\">mm<\/td>\n<\/tr>\n<tr style=\"height: 51px;\">\n<td style=\"width: 68.2933%; height: 51px;\" width=\"350\">Nutzh\u00f6he der Heizkammer<\/td>\n<td style=\"width: 17.0072%; height: 51px; text-align: center;\" width=\"169\">1000<\/td>\n<td style=\"width: 11.9124%; height: 51px; text-align: center;\" width=\"74\">mm<\/td>\n<\/tr>\n<tr style=\"height: 0px;\">\n<td style=\"height: 48px; width: 68.2933%;\" width=\"594\"><strong>Gase<\/strong><\/td>\n<td style=\"width: 28.9196%; height: 48px;\" colspan=\"2\">\u00a0<\/td>\n<\/tr>\n<tr style=\"height: 23px;\">\n<td style=\"width: 68.2933%; height: 23px;\"><strong>Ammoniak<\/strong><\/td>\n<td style=\"width: 28.9196%; height: 23px;\" colspan=\"2\"><strong>\u00a0<\/strong><\/td>\n<\/tr>\n<tr style=\"height: 16px;\">\n<td style=\"width: 68.2933%; height: 16px;\" width=\"350\">Druck<\/td>\n<td style=\"width: 17.0072%; height: 16px; text-align: center;\" width=\"169\">1,5<\/td>\n<td style=\"width: 11.9124%; height: 16px; text-align: center;\" width=\"74\">bar<\/td>\n<\/tr>\n<tr style=\"height: 10px;\">\n<td style=\"width: 68.2933%; height: 10px;\" width=\"350\">Sauberkeit<\/td>\n<td style=\"width: 17.0072%; height: 10px; text-align: center;\" width=\"169\">99,998<\/td>\n<td style=\"width: 11.9124%; height: 10px; text-align: center;\" width=\"74\">%<\/td>\n<\/tr>\n<tr style=\"height: 10px;\">\n<td style=\"width: 68.2933%; height: 10px;\" width=\"350\">Bedarf<\/td>\n<td style=\"width: 17.0072%; height: 10px; text-align: center;\" width=\"169\">1,62<\/td>\n<td style=\"width: 11.9124%; height: 10px; text-align: center;\" width=\"74\">m<sup>3<\/sup>\/h<\/td>\n<\/tr>\n<tr style=\"height: 51px;\">\n<td style=\"width: 97.2129%; height: 51px;\" colspan=\"3\" width=\"594\"><strong>Stickstoff<\/strong><\/td>\n<\/tr>\n<tr style=\"height: 12px;\">\n<td style=\"width: 68.2933%; height: 12px;\" width=\"350\">Druck<\/td>\n<td style=\"width: 17.0072%; height: 12px; text-align: center;\" width=\"169\">1,5<\/td>\n<td style=\"width: 11.9124%; height: 12px; text-align: center;\" width=\"74\">bar<\/td>\n<\/tr>\n<tr style=\"height: 35px;\">\n<td style=\"width: 68.2933%; height: 35px;\" width=\"350\">Sauberkeit<\/td>\n<td style=\"width: 17.0072%; height: 35px; text-align: center;\" width=\"169\">99,999<\/td>\n<td style=\"width: 11.9124%; height: 35px; text-align: center;\" width=\"74\">%<\/td>\n<\/tr>\n<tr style=\"height: 35px;\">\n<td style=\"width: 68.2933%; height: 35px;\" width=\"350\">Bedarf<\/td>\n<td style=\"width: 17.0072%; height: 35px; text-align: center;\" width=\"169\">3,50<\/td>\n<td style=\"width: 11.9124%; height: 35px; text-align: center;\" width=\"74\">m<sup>3<\/sup>\/h<\/td>\n<\/tr>\n<tr style=\"height: 14px;\">\n<td style=\"width: 97.2129%; height: 14px;\" colspan=\"3\" width=\"594\"><strong>Methan<\/strong><\/td>\n<\/tr>\n<tr style=\"height: 19px;\">\n<td style=\"width: 68.2933%; height: 19px;\" width=\"350\">Druck<\/td>\n<td style=\"width: 17.0072%; height: 19px; text-align: center;\" width=\"169\">50<\/td>\n<td style=\"width: 11.9124%; height: 19px; text-align: center;\" width=\"74\">mbar<\/td>\n<\/tr>\n<tr style=\"height: 10px;\">\n<td style=\"width: 68.2933%; height: 10px;\" width=\"350\">Bedarf<\/td>\n<td style=\"width: 17.0072%; height: 10px; text-align: center;\" width=\"169\">0,34<\/td>\n<td style=\"width: 11.9124%; height: 10px; text-align: center;\" width=\"74\">m<sup>3<\/sup>\/h<\/td>\n<\/tr>\n<tr style=\"height: 32px;\">\n<td style=\"width: 97.2129%; height: 32px;\" colspan=\"3\" width=\"594\"><strong>Druckluft<\/strong><\/td>\n<\/tr>\n<tr style=\"height: 21px;\">\n<td style=\"width: 68.2933%; height: 21px;\" width=\"350\">Druck<\/td>\n<td style=\"width: 17.0072%; height: 21px; text-align: center;\" width=\"169\">3<\/td>\n<td style=\"width: 11.9124%; height: 21px; text-align: center;\" width=\"74\">bar<\/td>\n<\/tr>\n<tr style=\"height: 51px;\">\n<td style=\"width: 68.2933%; height: 16px;\" width=\"350\">Bedarf<\/td>\n<td style=\"width: 17.0072%; height: 16px; text-align: center;\" width=\"169\">0,30<\/td>\n<td style=\"width: 11.9124%; height: 16px; text-align: center;\" width=\"74\">m<sup>3<\/sup>\/h<\/td>\n<\/tr>\n<tr style=\"height: 0px;\">\n<td style=\"height: 34px; width: 68.2933%;\" width=\"594\"><strong>K\u00fchlwasser<\/strong><\/td>\n<td style=\"width: 17.0072%; height: 34px;\"><strong>\u00a0<\/strong><\/td>\n<td style=\"width: 11.9124%; height: 34px;\"><strong>\u00a0<\/strong><\/td>\n<\/tr>\n<tr style=\"height: 23px;\">\n<td style=\"width: 68.2933%; height: 23px;\">Druck<\/td>\n<td style=\"width: 17.0072%; text-align: center; height: 23px;\">1,5<\/td>\n<td style=\"width: 11.9124%; text-align: center; height: 23px;\">bar<\/td>\n<\/tr>\n<tr style=\"height: 51px;\">\n<td style=\"width: 68.2933%; height: 10px;\" width=\"350\">Einlasstemperatur<\/td>\n<td style=\"width: 17.0072%; height: 10px; text-align: center;\" width=\"169\">18\u00b832<\/td>\n<td style=\"width: 11.9124%; height: 10px; text-align: center;\" width=\"74\">\u00b0C<\/td>\n<\/tr>\n<tr style=\"height: 51px;\">\n<td style=\"width: 68.2933%; height: 20px;\" width=\"350\">Bedarf<\/td>\n<td style=\"width: 17.0072%; height: 20px; text-align: center;\" width=\"169\">1,50<\/td>\n<td style=\"width: 11.9124%; height: 20px; text-align: center;\" width=\"74\">m<sup>3<\/sup>\/h<\/td>\n<\/tr>\n<\/tbody>\n<\/table>\n<p><a href=\"#_ftnref1\" name=\"_ftn1\"><\/a><\/p>\n<p>[\/et_pb_text][\/et_pb_column][\/et_pb_row][et_pb_row column_structure=&#8220;1_2,1_2&#8243; admin_label=&#8220;row&#8220; _builder_version=&#8220;4.19.2&#8243; background_size=&#8220;initial&#8220; background_position=&#8220;top_left&#8220; background_repeat=&#8220;repeat&#8220; custom_margin=&#8220;-20px||||false|false&#8220; global_colors_info=&#8220;{}&#8220;][et_pb_column type=&#8220;1_2&#8243; _builder_version=&#8220;4.16&#8243; custom_padding=&#8220;|||&#8220; global_colors_info=&#8220;{}&#8220; custom_padding__hover=&#8220;|||&#8220;][et_pb_text admin_label=&#8220;apostrof&#8220; module_class=&#8220;przecinek-tlo-nizej&#8220; _builder_version=&#8220;4.19.2&#8243; custom_margin=&#8220;||||false|false&#8220; custom_margin_tablet=&#8220;&#8220; custom_margin_phone=&#8220;&#8220; custom_margin_last_edited=&#8220;on|desktop&#8220; saved_tabs=&#8220;all&#8220; global_colors_info=&#8220;{}&#8220;]<\/p>\n<h2>Technische Daten<\/h2>\n<p>[\/et_pb_text][et_pb_text _builder_version=&#8220;4.19.2&#8243; _module_preset=&#8220;default&#8220; global_colors_info=&#8220;{}&#8220;]<\/p>\n<table style=\"width: 97.1082%; height: 466px;\" width=\"596\">\n<tbody>\n<tr style=\"height: 0px;\">\n<td style=\"height: 46px; width: 68.2933%;\" width=\"594\"><strong>Notk\u00fchlwasser<\/strong><\/td>\n<td style=\"width: 17.0072%; height: 46px;\"><strong>\u00a0<\/strong><\/td>\n<td style=\"width: 11.9124%; height: 46px;\"><strong>\u00a0<\/strong><\/td>\n<\/tr>\n<tr style=\"height: 23px;\">\n<td style=\"width: 68.2933%; height: 38px;\">Druck<\/td>\n<td style=\"width: 17.0072%; text-align: center; height: 38px;\">3<\/td>\n<td style=\"width: 11.9124%; text-align: center; height: 38px;\">bar<\/td>\n<\/tr>\n<tr style=\"height: 34px;\">\n<td style=\"width: 68.2933%; height: 34px;\" width=\"350\">Bedarf<\/td>\n<td style=\"width: 17.0072%; height: 34px; text-align: center;\" width=\"169\">1,50<\/td>\n<td style=\"width: 11.9124%; height: 34px; text-align: center;\" width=\"74\">m<sup>3<\/sup>\/h<\/td>\n<\/tr>\n<tr style=\"height: 25px;\">\n<td style=\"width: 68.2933%; height: 25px;\" width=\"350\"><strong>Thermoelement<\/strong><\/td>\n<td style=\"width: 17.0072%; height: 25px; text-align: center;\" width=\"169\">K<\/td>\n<td style=\"width: 11.9124%; height: 25px; text-align: center;\" width=\"74\">type<\/td>\n<\/tr>\n<tr style=\"height: 22px;\">\n<td style=\"width: 97.2129%; height: 22px;\" colspan=\"3\" width=\"594\"><strong>Geh\u00e4use<\/strong><\/td>\n<\/tr>\n<tr style=\"height: 27px;\">\n<td style=\"width: 68.2933%; height: 10px;\" width=\"350\">\n<p style=\"text-align: left;\">Materialart<\/p>\n<\/td>\n<td style=\"width: 28.9196%; height: 10px;\" colspan=\"2\" width=\"243\">\n<p style=\"text-align: center;\">Kohlenstoffstahl<\/p>\n<\/td>\n<\/tr>\n<tr style=\"height: 24px;\">\n<td style=\"width: 97.2129%; height: 24px;\" colspan=\"3\" width=\"594\"><strong>Keramische Isolierung<\/strong><\/td>\n<\/tr>\n<tr style=\"height: 10px;\">\n<td style=\"width: 68.2933%; height: 10px;\" width=\"350\">Materialart<\/td>\n<td style=\"width: 28.9196%; height: 10px;\" colspan=\"2\" width=\"243\">\n<p style=\"text-align: center;\">keramisches Vlies<\/p>\n<\/td>\n<\/tr>\n<tr style=\"height: 16px;\">\n<td style=\"width: 97.2129%; height: 16px;\" colspan=\"3\" width=\"594\"><strong>Retorte<\/strong><\/td>\n<\/tr>\n<tr style=\"height: 12px;\">\n<td style=\"width: 68.2933%; height: 12px;\" width=\"350\">Materialart<\/td>\n<td style=\"width: 28.9196%; height: 12px; text-align: center;\" colspan=\"2\" width=\"243\">INCONEL 600<\/td>\n<\/tr>\n<tr style=\"height: 25px;\">\n<td style=\"width: 68.2933%; height: 25px;\" width=\"350\">Volumen<\/td>\n<td style=\"width: 17.0072%; height: 25px; text-align: center;\" width=\"169\">0,7<\/td>\n<td style=\"width: 11.9124%; height: 25px; text-align: center;\" width=\"74\">m<sup>3<\/sup><\/td>\n<\/tr>\n<tr style=\"height: 36px;\">\n<td style=\"width: 68.2933%; height: 36px;\" width=\"350\">Max. Retortendruck<\/td>\n<td style=\"width: 17.0072%; height: 36px; text-align: center;\" width=\"169\">1150<\/td>\n<td style=\"width: 11.9124%; height: 36px; text-align: center;\" width=\"74\">mbar<\/td>\n<\/tr>\n<tr style=\"height: 30px;\">\n<td style=\"width: 68.2933%; height: 30px;\" width=\"350\"><strong>Atmosph\u00e4risches Zirkulationsgebl\u00e4se<\/strong><\/td>\n<td style=\"width: 17.0072%; height: 30px; text-align: center;\" width=\"169\"><strong>\u00a0<\/strong><\/td>\n<td style=\"width: 11.9124%; height: 30px; text-align: center;\" width=\"74\"><strong>\u00a0<\/strong><\/td>\n<\/tr>\n<tr style=\"height: 35px;\">\n<td style=\"width: 68.2933%; height: 35px;\" width=\"350\">Motordrehzahl<\/td>\n<td style=\"width: 17.0072%; height: 35px; text-align: center;\" width=\"169\">1450<\/td>\n<td style=\"width: 11.9124%; height: 35px; text-align: center;\" width=\"74\">rpm<\/td>\n<\/tr>\n<tr style=\"height: 31px;\">\n<td style=\"width: 68.2933%; height: 31px;\" width=\"350\">tMotorleistung<\/td>\n<td style=\"width: 17.0072%; height: 31px; text-align: center;\" width=\"169\">2,20<\/td>\n<td style=\"width: 11.9124%; height: 31px; text-align: center;\" width=\"74\">kW<\/td>\n<\/tr>\n<tr style=\"height: 32px;\">\n<td style=\"width: 97.2129%; height: 32px;\" colspan=\"3\" width=\"594\"><strong>Retorten-K\u00fchlgebl\u00e4se<\/strong><\/td>\n<\/tr>\n<tr style=\"height: 30px;\">\n<td style=\"width: 68.2933%; height: 30px;\" width=\"350\">Motorleistung<\/td>\n<td style=\"width: 17.0072%; height: 30px; text-align: center;\" width=\"169\">1450<\/td>\n<td style=\"width: 11.9124%; height: 30px; text-align: center;\" width=\"74\">rpm<\/td>\n<\/tr>\n<tr style=\"height: 10px;\">\n<td style=\"width: 68.2933%; height: 10px;\" width=\"350\">Leistungsf\u00e4higkeit<\/td>\n<td style=\"width: 17.0072%; height: 10px; text-align: center;\" width=\"169\">2,20<\/td>\n<td style=\"width: 11.9124%; height: 10px; text-align: center;\" width=\"74\">m<sup>3<\/sup><\/td>\n<\/tr>\n<\/tbody>\n<\/table>\n<p><a href=\"#_ftnref1\" name=\"_ftn1\"><\/a><\/p>\n<p>[\/et_pb_text][\/et_pb_column][et_pb_column type=&#8220;1_2&#8243; _builder_version=&#8220;4.16&#8243; custom_padding=&#8220;|||&#8220; global_colors_info=&#8220;{}&#8220; custom_padding__hover=&#8220;|||&#8220;][et_pb_text admin_label=&#8220;apostrof&#8220; module_class=&#8220;przecinek-tlo-nizej&#8220; _builder_version=&#8220;4.19.2&#8243; custom_margin=&#8220;||||false|false&#8220; custom_margin_tablet=&#8220;&#8220; custom_margin_phone=&#8220;&#8220; custom_margin_last_edited=&#8220;on|desktop&#8220; saved_tabs=&#8220;all&#8220; global_colors_info=&#8220;{}&#8220;]<\/p>\n<h2>Technische Daten<\/h2>\n<p>[\/et_pb_text][et_pb_text _builder_version=&#8220;4.19.2&#8243; _module_preset=&#8220;default&#8220; global_colors_info=&#8220;{}&#8220;]<\/p>\n<table style=\"width: 97.1082%; height: 364px;\" width=\"596\">\n<tbody>\n<tr style=\"height: 31px;\">\n<td style=\"width: 97.2129%; height: 10px;\" colspan=\"3\" width=\"594\"><strong>Heizelemente<\/strong><\/td>\n<\/tr>\n<tr style=\"height: 19px;\">\n<td style=\"width: 68.2933%; height: 19px;\" width=\"350\">Material<\/td>\n<td style=\"width: 28.9196%; height: 19px; text-align: center;\" colspan=\"2\" width=\"243\">KANTHAL D<\/td>\n<\/tr>\n<tr style=\"height: 29px;\">\n<td style=\"width: 68.2933%; height: 29px;\" width=\"350\">Anzahl der Heizzonen<\/td>\n<td style=\"width: 28.9196%; height: 29px; text-align: center;\" colspan=\"2\" width=\"243\">zwei (2)<\/td>\n<\/tr>\n<tr style=\"height: 35px;\">\n<td style=\"width: 68.2933%; height: 35px;\" width=\"350\">Verteilung der Heizelemente\u00a0<\/td>\n<td style=\"width: 28.9196%; height: 35px; text-align: center;\" colspan=\"2\" width=\"243\">um die Retorte herum<\/td>\n<\/tr>\n<tr style=\"height: 27px;\">\n<td style=\"width: 68.2933%; height: 27px;\" width=\"350\">Leistung der Heizelemente<\/td>\n<td style=\"width: 17.0072%; height: 27px; text-align: center;\" width=\"169\">50,00<\/td>\n<td style=\"width: 11.9124%; height: 27px; text-align: center;\" width=\"74\">kW<\/td>\n<\/tr>\n<tr style=\"height: 40px;\">\n<td style=\"width: 97.2129%; height: 40px;\" colspan=\"3\" width=\"594\"><strong>Ofensteuerung<\/strong><\/td>\n<\/tr>\n<tr style=\"height: 37px;\">\n<td style=\"width: 68.2933%; height: 37px;\" width=\"350\">Bedienpanel<\/td>\n<td style=\"width: 28.9196%; height: 37px; text-align: center;\" colspan=\"2\" width=\"243\">Wanderware TPCE<\/td>\n<\/tr>\n<tr style=\"height: 21px;\">\n<td style=\"width: 68.2933%; height: 21px;\" width=\"350\">Speicherprogrammierbare Steuerung (SPS)<\/td>\n<td style=\"width: 28.9196%; height: 21px; text-align: center;\" colspan=\"2\" width=\"243\">Simatic S7-300<\/td>\n<\/tr>\n<tr style=\"height: 20px;\">\n<td style=\"width: 68.2933%; height: 20px;\" width=\"350\">Digitale Sicherheitstemperaturbegrenzer<\/td>\n<td style=\"width: 28.9196%; height: 20px; text-align: center;\" colspan=\"2\" width=\"243\">ASCON<\/td>\n<\/tr>\n<tr style=\"height: 34px;\">\n<td style=\"width: 68.2933%; height: 34px;\" width=\"350\">Wasserstoffanalysator<\/td>\n<td style=\"width: 28.9196%; height: 34px; text-align: center;\" colspan=\"2\" width=\"243\">Analysator H2 Ssi<\/td>\n<\/tr>\n<tr style=\"height: 20px;\">\n<td style=\"width: 68.2933%; height: 20px;\" width=\"350\"><strong>Ofengewicht<\/strong><\/td>\n<td style=\"width: 17.0072%; height: 20px; text-align: center;\" width=\"169\">~3500<\/td>\n<td style=\"width: 11.9124%; height: 20px; text-align: center;\" width=\"74\">kg<\/td>\n<\/tr>\n<tr style=\"height: 32px;\">\n<td style=\"width: 68.2933%; height: 32px;\" width=\"350\"><strong>Umgebungstemperatur<\/strong><\/td>\n<td style=\"width: 17.0072%; height: 32px; text-align: center;\" width=\"169\">max. 35<\/td>\n<td style=\"width: 11.9124%; height: 32px; text-align: center;\" width=\"74\">\u00b0C<\/td>\n<\/tr>\n<tr style=\"height: 40px;\">\n<td style=\"width: 68.2933%; height: 40px;\" width=\"350\"><strong>Luftfeuchtigkeit<\/strong><\/td>\n<td style=\"width: 28.9196%; height: 40px; text-align: center;\" colspan=\"2\" width=\"243\">5-95 % ohne Kondensation<\/td>\n<\/tr>\n<\/tbody>\n<\/table>\n<p><a href=\"#_ftnref1\" name=\"_ftn1\"><\/a><\/p>\n<p>[\/et_pb_text][\/et_pb_column][\/et_pb_row][\/et_pb_section]<\/p>\n","protected":false},"excerpt":{"rendered":"<p>[et_pb_breadcrumbs _builder_version=&#8220;4.10.3&#8243; _module_preset=&#8220;default&#8220; global_colors_info=&#8220;{}&#8220;][\/et_pb_breadcrumbs]ELEKTRISCHER SCHACHTOFEN MIT RETORTE TYP VRNe-60.100-650-5-ZF Der Schachtofen mit Retorte VRNe-60.100-650-5-ZF ist zur Durchf\u00fchrung von W\u00e4rme- und thermochemischen Behandlungsprozessen f\u00fcr Baust\u00e4hle bestimmt. Der Ofen ist insbesondere f\u00fcr folgende Verwendungen bestimmt: \/ Nitrieren mit ZeroFlow\u00ae -Technologie,\/ Nitrieren mit kontrolliertem Stickstoffdurchfluss (N2),\/ Anlassen,\/ Oxidieren. Die W\u00e4rmebehandlungsprozesse werden in&nbsp;einer geschlossenen Retorte durchgef\u00fchrt. Innerhalb der Retorte [&hellip;]<\/p>\n","protected":false},"author":2,"featured_media":143530,"parent":0,"menu_order":0,"comment_status":"closed","ping_status":"closed","template":"","meta":{"_acf_changed":false,"_et_pb_use_builder":"on","_et_pb_old_content":"","_et_gb_content_width":"","footnotes":""},"class_list":["post-143809","page","type-page","status-publish","has-post-thumbnail"],"acf":[],"_links":{"self":[{"href":"https:\/\/www.secowarwick.com\/de\/wp-json\/wp\/v2\/pages\/143809","targetHints":{"allow":["GET"]}}],"collection":[{"href":"https:\/\/www.secowarwick.com\/de\/wp-json\/wp\/v2\/pages"}],"about":[{"href":"https:\/\/www.secowarwick.com\/de\/wp-json\/wp\/v2\/types\/page"}],"author":[{"embeddable":true,"href":"https:\/\/www.secowarwick.com\/de\/wp-json\/wp\/v2\/users\/2"}],"replies":[{"embeddable":true,"href":"https:\/\/www.secowarwick.com\/de\/wp-json\/wp\/v2\/comments?post=143809"}],"version-history":[{"count":9,"href":"https:\/\/www.secowarwick.com\/de\/wp-json\/wp\/v2\/pages\/143809\/revisions"}],"predecessor-version":[{"id":176576,"href":"https:\/\/www.secowarwick.com\/de\/wp-json\/wp\/v2\/pages\/143809\/revisions\/176576"}],"wp:featuredmedia":[{"embeddable":true,"href":"https:\/\/www.secowarwick.com\/de\/wp-json\/wp\/v2\/media\/143530"}],"wp:attachment":[{"href":"https:\/\/www.secowarwick.com\/de\/wp-json\/wp\/v2\/media?parent=143809"}],"curies":[{"name":"wp","href":"https:\/\/api.w.org\/{rel}","templated":true}]}}