{"id":146004,"date":"2023-09-20T09:06:05","date_gmt":"2023-09-20T07:06:05","guid":{"rendered":"https:\/\/www.secowarwick.com\/?page_id=146004"},"modified":"2023-09-20T11:54:03","modified_gmt":"2023-09-20T09:54:03","slug":"endothermischer-atmosphaerengenerator","status":"publish","type":"page","link":"https:\/\/www.secowarwick.com\/de\/endothermischer-atmosphaerengenerator\/","title":{"rendered":"ENDOTHERMISCHER ATMOSPH\u00c4RENGENERATOR"},"content":{"rendered":"<p>[et_pb_section fb_built=&#8220;1&#8243; admin_label=&#8220;section&#8220; _builder_version=&#8220;4.16&#8243; custom_padding=&#8220;0px|||&#8220; transparent_background=&#8220;off&#8220; make_fullwidth=&#8220;off&#8220; use_custom_width=&#8220;off&#8220; width_unit=&#8220;on&#8220; global_colors_info=&#8220;{}&#8220;][et_pb_row _builder_version=&#8220;4.16&#8243; _module_preset=&#8220;default&#8220; global_colors_info=&#8220;{}&#8220;][et_pb_column type=&#8220;4_4&#8243; _builder_version=&#8220;4.16&#8243; _module_preset=&#8220;default&#8220; global_colors_info=&#8220;{}&#8220;][et_pb_breadcrumbs _builder_version=&#8220;4.10.3&#8243; _module_preset=&#8220;default&#8220; global_colors_info=&#8220;{}&#8220;][\/et_pb_breadcrumbs][\/et_pb_column][\/et_pb_row][et_pb_row admin_label=&#8220;row&#8220; _builder_version=&#8220;4.16&#8243; background_size=&#8220;initial&#8220; background_position=&#8220;top_left&#8220; background_repeat=&#8220;repeat&#8220; custom_padding=&#8220;0px|||&#8220; make_fullwidth=&#8220;off&#8220; use_custom_width=&#8220;off&#8220; width_unit=&#8220;on&#8220; global_colors_info=&#8220;{}&#8220;][et_pb_column type=&#8220;4_4&#8243; _builder_version=&#8220;4.16&#8243; custom_padding=&#8220;|||&#8220; global_colors_info=&#8220;{}&#8220; custom_padding__hover=&#8220;|||&#8220;][et_pb_divider show_divider=&#8220;off&#8220; _builder_version=&#8220;4.16&#8243; _module_preset=&#8220;default&#8220; global_colors_info=&#8220;{}&#8220;][\/et_pb_divider][et_pb_text module_class=&#8220;red-square-list-parent&#8220; _builder_version=&#8220;4.19.2&#8243; background_size=&#8220;initial&#8220; background_position=&#8220;top_left&#8220; background_repeat=&#8220;repeat&#8220; hover_enabled=&#8220;0&#8243; use_border_color=&#8220;off&#8220; global_colors_info=&#8220;{}&#8220; sticky_enabled=&#8220;0&#8243;]<\/p>\n<h1>ENDOTHERMISCHER ATMOSPH\u00c4RENGENERATOR<\/h1>\n<h2>Typ G-60-ET<\/h2>\n<p>&nbsp;<\/p>\n<p><span style=\"color: #ff0000;\">\/ <\/span>Hersteller: SECO\/WARWICK,<br \/><span style=\"color: #ff0000;\">\/<\/span> Produktionsjahr: 2013,<br \/><span style=\"color: #ff0000;\">\/ <\/span>Standort: Polen \u2013 \u015awiebodzin,<br \/><span style=\"color: #ff0000;\">\/<\/span> Ger\u00e4t nie benutzt \u2013 Stornierte Kundenbestellungen,<span style=\"color: #ff0000;\"><br \/><\/span><span style=\"color: #ff0000;\">\/ <\/span>Zustand: sehr gut,<br \/><span style=\"color: #ff0000;\">\/ <\/span>Version ohne automatische Gasflussregelung. Upgrade durch SECO\/WARWICK m\u00f6glich,<br \/><span style=\"color: #ff0000;\">\/ <\/span>Wir bieten technische Bewertung, Umsiedlung und Installation des Ger\u00e4ts am Bestimmungsort innerhalb der EU an.<\/p>\n<h3>Zweck:<\/h3>\n<p>Der endothermische Atmosph\u00e4rengenerator G-60-ET ist zur Erzeugung einer kontrollierten endothermischen Atmosph\u00e4re aus Erdgas oder Propan und Luft konzipiert. Der Taupunkt der erzeugten Atmosph\u00e4re liegt im Bereich von 0\u00b0C \u00b1 5\u00b0C.<\/p>\n<p>[\/et_pb_text][\/et_pb_column][\/et_pb_row][\/et_pb_section][et_pb_section fb_built=&#8220;1&#8243; admin_label=&#8220;section&#8220; _builder_version=&#8220;4.19.2&#8243; background_color=&#8220;#f8f8f8&#8243; custom_margin=&#8220;-20px||||false|false&#8220; custom_padding=&#8220;0px||||false|false&#8220; transparent_background=&#8220;off&#8220; make_fullwidth=&#8220;off&#8220; use_custom_width=&#8220;off&#8220; width_unit=&#8220;on&#8220; global_colors_info=&#8220;{}&#8220;][et_pb_row column_structure=&#8220;1_2,1_2&#8243; admin_label=&#8220;row&#8220; _builder_version=&#8220;4.19.2&#8243; background_size=&#8220;initial&#8220; background_position=&#8220;top_left&#8220; background_repeat=&#8220;repeat&#8220; custom_margin=&#8220;-20px||||false|false&#8220; global_colors_info=&#8220;{}&#8220;][et_pb_column type=&#8220;1_2&#8243; _builder_version=&#8220;4.16&#8243; custom_padding=&#8220;|||&#8220; global_colors_info=&#8220;{}&#8220; custom_padding__hover=&#8220;|||&#8220;][et_pb_image src=&#8220;https:\/\/www.secowarwick.com\/wp-content\/uploads\/2023\/09\/ENDOTHERMIC-ATMOSPHERE-GENERATOR-Type-G-60-ET-scaled.jpg&#8220; alt=&#8220;ENDOTHERMIC ATMOSPHERE GENERATOR Type G-60-ET&#8220; title_text=&#8220;ENDOTHERMIC ATMOSPHERE GENERATOR Type G-60-ET&#8220; align_tablet=&#8220;center&#8220; align_phone=&#8220;&#8220; align_last_edited=&#8220;on|desktop&#8220; _builder_version=&#8220;4.19.2&#8243; global_colors_info=&#8220;{}&#8220;][\/et_pb_image][et_pb_image src=&#8220;https:\/\/www.secowarwick.com\/wp-content\/uploads\/2023\/09\/ENDOTHERMIC-ATMOSPHERE-GENERATOR-scaled.jpg&#8220; alt=&#8220;ENDOTHERMIC ATMOSPHERE GENERATOR&#8220; title_text=&#8220;ENDOTHERMIC ATMOSPHERE GENERATOR&#8220; align_tablet=&#8220;center&#8220; align_phone=&#8220;&#8220; align_last_edited=&#8220;on|desktop&#8220; _builder_version=&#8220;4.19.2&#8243; global_colors_info=&#8220;{}&#8220;][\/et_pb_image][\/et_pb_column][et_pb_column type=&#8220;1_2&#8243; _builder_version=&#8220;4.16&#8243; custom_padding=&#8220;|||&#8220; global_colors_info=&#8220;{}&#8220; custom_padding__hover=&#8220;|||&#8220;][et_pb_text admin_label=&#8220;apostrof&#8220; module_class=&#8220;przecinek-tlo-nizej&#8220; _builder_version=&#8220;4.19.2&#8243; custom_margin=&#8220;||||false|false&#8220; custom_margin_tablet=&#8220;&#8220; custom_margin_phone=&#8220;&#8220; custom_margin_last_edited=&#8220;on|desktop&#8220; hover_enabled=&#8220;0&#8243; saved_tabs=&#8220;all&#8220; global_colors_info=&#8220;{}&#8220; sticky_enabled=&#8220;0&#8243;]<\/p>\n<h2>Technische Daten<\/h2>\n<p>[\/et_pb_text][et_pb_text _builder_version=&#8220;4.19.2&#8243; _module_preset=&#8220;default&#8220; hover_enabled=&#8220;0&#8243; global_colors_info=&#8220;{}&#8220; sticky_enabled=&#8220;0&#8243;]<\/p>\n<table style=\"width: 97.1082%; height: 550px;\" width=\"596\">\n<tbody>\n<tr style=\"height: 34px;\">\n<td style=\"width: 52.9406%; height: 34px; text-align: center;\" width=\"350\"><strong>Teilname <\/strong><\/td>\n<td style=\"width: 15.7624%; height: 34px; text-align: center;\" width=\"169\"><strong>Einheit <\/strong><\/td>\n<td style=\"width: 28.5099%; height: 34px; text-align: center;\" width=\"74\"><strong>Wert<\/strong><\/td>\n<\/tr>\n<tr style=\"height: 12px;\">\n<td style=\"width: 52.9406%; height: 12px;\" width=\"350\">Abmessungen<\/td>\n<td style=\"width: 15.7624%; height: 12px; text-align: center;\" width=\"169\">mm<\/td>\n<td style=\"width: 28.5099%; height: 12px; text-align: center;\" width=\"74\">Gem\u00e4\u00df Montagezeichnung<\/td>\n<\/tr>\n<tr style=\"height: 11px;\">\n<td style=\"width: 52.9406%; height: 11px;\" width=\"350\">Installierte Leistung<\/td>\n<td style=\"width: 15.7624%; height: 11px; text-align: center;\" width=\"169\">kW<\/td>\n<td style=\"width: 28.5099%; height: 11px; text-align: center;\" width=\"74\">~32<\/td>\n<\/tr>\n<tr style=\"height: 51px;\">\n<td style=\"width: 52.9406%; height: 51px;\" width=\"350\">Bruttogewicht<\/td>\n<td style=\"width: 15.7624%; height: 51px; text-align: center;\" width=\"169\">kg<\/td>\n<td style=\"width: 28.5099%; height: 51px; text-align: center;\" width=\"74\">~2600<\/td>\n<\/tr>\n<tr style=\"height: 0px;\">\n<td style=\"height: 10px; width: 52.9406%; text-align: left;\" width=\"594\">ENDO Atmosph\u00e4renaufnahme (bei freiem Austritt der Atmosph\u00e4re)<\/td>\n<td style=\"width: 15.7624%; height: 10px; text-align: center;\">m<sup>3<\/sup>\/h<\/td>\n<td style=\"width: 28.5099%; height: 10px; text-align: center;\">60<\/td>\n<\/tr>\n<tr style=\"height: 13px;\">\n<td style=\"width: 52.9406%; height: 13px;\" width=\"350\">Typ und Menge des Katalysators<\/td>\n<td style=\"width: 15.7624%; height: 13px; text-align: center;\" width=\"169\">dm<sup>3<\/sup><\/td>\n<td style=\"width: 28.5099%; height: 13px; text-align: center;\" width=\"74\">5-8%Ni &#8211; 30dm<sup>3<\/sup><\/td>\n<\/tr>\n<tr style=\"height: 51px;\">\n<td style=\"width: 52.9406%; height: 51px;\" width=\"350\">Prozessgasanforderung<\/td>\n<td style=\"width: 15.7624%; height: 51px; text-align: center;\" width=\"169\">Nm<sup>3<\/sup>\/h<\/td>\n<td style=\"width: 28.5099%; height: 51px; text-align: center;\" width=\"74\">5 \u2013 Propan<br \/>13,6 \u2013 Methan<\/td>\n<\/tr>\n<tr style=\"height: 16px;\">\n<td style=\"width: 52.9406%; height: 16px;\" width=\"350\">Heizwert des Prozessgases<\/td>\n<td style=\"width: 15.7624%; height: 16px; text-align: center;\" width=\"169\">MJ\/m<sup>3<\/sup><\/td>\n<td style=\"width: 28.5099%; height: 16px; text-align: center;\" width=\"74\">35- Methan<br \/>93 \u2013 Propan<\/td>\n<\/tr>\n<tr style=\"height: 10px;\">\n<td style=\"width: 52.9406%; height: 10px;\" width=\"350\">Nenntemperatur<\/td>\n<td style=\"width: 15.7624%; height: 10px; text-align: center;\" width=\"169\"><sup>o<\/sup>C<\/td>\n<td style=\"width: 28.5099%; height: 10px; text-align: center;\" width=\"74\">1050<\/td>\n<\/tr>\n<tr style=\"height: 10px;\">\n<td style=\"width: 52.9406%; height: 10px;\" width=\"350\">Typ des Temperatursensors<\/td>\n<td style=\"width: 15.7624%; height: 10px; text-align: center;\" width=\"169\">\u00a0<\/td>\n<td style=\"width: 28.5099%; height: 10px; text-align: center;\" width=\"74\">S<\/td>\n<\/tr>\n<tr style=\"height: 12px;\">\n<td style=\"width: 52.9406%; height: 12px;\" width=\"350\">Luft-Gas-Verh\u00e4ltnis<br \/>f\u00fcr Propan<br \/>f\u00fcr Methan<\/td>\n<td style=\"width: 15.7624%; height: 12px; text-align: center;\" width=\"169\">\u00a0<\/td>\n<td style=\"width: 28.5099%; height: 12px; text-align: center;\" width=\"74\">7,5 do 1v<br \/>3,5 do 1<\/td>\n<\/tr>\n<\/tbody>\n<\/table>\n<p><a href=\"#_ftnref1\" name=\"_ftn1\"><\/a><\/p>\n<p>[\/et_pb_text][et_pb_text _builder_version=&#8220;4.19.2&#8243; _module_preset=&#8220;default&#8220; global_colors_info=&#8220;{}&#8220;]<\/p>\n<p>&nbsp;<\/p>\n<p>&nbsp;<\/p>\n<p>[\/et_pb_text][et_pb_text admin_label=&#8220;apostrof&#8220; module_class=&#8220;przecinek-tlo-nizej&#8220; _builder_version=&#8220;4.19.2&#8243; custom_margin=&#8220;||||false|false&#8220; custom_margin_tablet=&#8220;&#8220; custom_margin_phone=&#8220;&#8220; custom_margin_last_edited=&#8220;on|desktop&#8220; hover_enabled=&#8220;0&#8243; saved_tabs=&#8220;all&#8220; global_colors_info=&#8220;{}&#8220; sticky_enabled=&#8220;0&#8243;]<\/p>\n<h2>Liste der Energiefaktoren, die zur Versorgung des Generators ben\u00f6tigt werden<\/h2>\n<p>[\/et_pb_text][et_pb_text _builder_version=&#8220;4.19.2&#8243; _module_preset=&#8220;default&#8220; hover_enabled=&#8220;0&#8243; global_colors_info=&#8220;{}&#8220; sticky_enabled=&#8220;0&#8243;]<\/p>\n<table style=\"border-collapse: collapse; width: 100%; height: 328px;\">\n<tbody>\n<tr style=\"height: 23px;\">\n<td style=\"width: 20%; height: 23px; text-align: center;\"><strong>Technischer Faktor<\/strong><\/td>\n<td style=\"width: 20%; height: 23px; text-align: center;\"><strong>Anschluss<\/strong><\/td>\n<td style=\"width: 20%; height: 23px; text-align: center;\"><strong>Druckbereich<\/strong><\/td>\n<td style=\"width: 20%; height: 23px; text-align: center;\"><strong>Faktorbedarf <\/strong><\/td>\n<td style=\"width: 20%; height: 23px; text-align: center;\"><strong>Bemerkungen<\/strong><\/td>\n<\/tr>\n<tr style=\"height: 47px;\">\n<td style=\"width: 20%; height: 47px;\">K\u00fchlwasserversorgung<\/td>\n<td style=\"width: 20%; height: 47px; text-align: center;\">G1\/2\u201d<\/td>\n<td style=\"width: 20%; height: 47px; text-align: center;\">2-5 Bar<\/td>\n<td style=\"width: 20%; height: 47px; text-align: center;\">1,2 [m<sup>3<\/sup>\/h]<\/td>\n<td style=\"width: 20%; height: 47px; text-align: center;\">Temp.&lt;25\u00baC Wasserh\u00e4rte: \u226410\u00b0n<\/td>\n<\/tr>\n<tr style=\"height: 47px;\">\n<td style=\"width: 20%; height: 47px;\">Prozessgasversorgung<\/td>\n<td style=\"width: 20%; height: 47px; text-align: center;\">G 3\/4\u201d<\/td>\n<td style=\"width: 20%; height: 47px; text-align: center;\">150-400 [mbar]<\/td>\n<td style=\"width: 20%; height: 47px; text-align: center;\">13,6 [Nm<sup>3<\/sup>\/h]<br \/>5 [Nm<sup>3<\/sup>\/h]<\/td>\n<td style=\"width: 20%; height: 47px; text-align: center;\">Methan<br \/>Propan<\/td>\n<\/tr>\n<tr style=\"height: 47px;\">\n<td style=\"width: 20%; height: 47px;\">Verbrennungsluftauslass<\/td>\n<td style=\"width: 20%; height: 47px; text-align: center;\">\u00a0DN50 Rohr<\/td>\n<td style=\"width: 20%; height: 47px; text-align: center;\">Freier Auslass<\/td>\n<td style=\"width: 20%; height: 47px; text-align: center;\">max.60 [m<sup>3<\/sup>\/h]<\/td>\n<td style=\"width: 20%; height: 47px; text-align: center;\">\u00a0<\/td>\n<\/tr>\n<tr style=\"height: 47px;\">\n<td style=\"width: 20%; height: 47px;\">Heizungselementversorgung<\/td>\n<td style=\"width: 20%; height: 47px; text-align: center;\">\u00a0<\/td>\n<td style=\"width: 20%; height: 47px; text-align: center;\">\u00a0<\/td>\n<td style=\"width: 20%; height: 47px; text-align: center;\">30 [kW]<\/td>\n<td style=\"width: 20%; height: 47px; text-align: center;\">3x400V 50Hz<br \/>(3x380V 50Hz)<\/td>\n<\/tr>\n<tr style=\"height: 23px;\">\n<td style=\"width: 20%; height: 23px;\">Probennahmestelle<\/td>\n<td style=\"width: 20%; height: 23px; text-align: center;\">\u00a0<\/td>\n<td style=\"width: 20%; height: 23px; text-align: center;\">30-80 [mbar]<\/td>\n<td style=\"width: 20%; height: 23px; text-align: center;\">\u00a0<\/td>\n<td style=\"width: 20%; height: 23px; text-align: center;\">\u00a0Anschluss &#8211; Ende mit Innendurchmesser von 6mm<\/td>\n<\/tr>\n<tr style=\"height: 71px;\">\n<td style=\"width: 20%; height: 71px;\">ENDO Atmosph\u00e4renausleitung zum Ofen<\/td>\n<td style=\"width: 20%; height: 71px; text-align: center;\">G2\u201c<\/td>\n<td style=\"width: 20%; height: 71px; text-align: center;\">30-80 [mbar]<\/td>\n<td style=\"width: 20%; height: 71px; text-align: center;\">60 [m<sup>3<\/sup>\/h]<\/td>\n<td style=\"width: 20%; height: 71px; text-align: center;\">\u00a0<\/td>\n<\/tr>\n<tr style=\"height: 23px;\">\n<td style=\"width: 20%; height: 23px;\">Abgasableitung<\/td>\n<td style=\"width: 20%; height: 23px; text-align: center;\">\u00a0<\/td>\n<td style=\"width: 20%; height: 23px; text-align: center;\">\u00a0<\/td>\n<td style=\"width: 20%; height: 23px; text-align: center;\">~1700 [m<sup>3<\/sup>\/h]<\/td>\n<td style=\"width: 20%; height: 23px; text-align: center;\">Temp. = ok.400<sup>o<\/sup>C<\/td>\n<\/tr>\n<\/tbody>\n<\/table>\n<p>[\/et_pb_text][\/et_pb_column][\/et_pb_row][\/et_pb_section]<\/p>\n","protected":false},"excerpt":{"rendered":"<p>[et_pb_breadcrumbs _builder_version=&#8220;4.10.3&#8243; _module_preset=&#8220;default&#8220; global_colors_info=&#8220;{}&#8220;][\/et_pb_breadcrumbs]ENDOTHERMISCHER ATMOSPH\u00c4RENGENERATOR Typ G-60-ET &nbsp; \/ Hersteller: SECO\/WARWICK,\/ Produktionsjahr: 2013,\/ Standort: Polen \u2013 \u015awiebodzin,\/ Ger\u00e4t nie benutzt \u2013 Stornierte Kundenbestellungen,\/ Zustand: sehr gut,\/ Version ohne automatische Gasflussregelung. Upgrade durch SECO\/WARWICK m\u00f6glich,\/ Wir bieten technische Bewertung, Umsiedlung und Installation des Ger\u00e4ts am Bestimmungsort innerhalb der EU an. Zweck: Der endothermische Atmosph\u00e4rengenerator G-60-ET ist [&hellip;]<\/p>\n","protected":false},"author":2,"featured_media":0,"parent":0,"menu_order":0,"comment_status":"closed","ping_status":"closed","template":"","meta":{"_acf_changed":false,"_et_pb_use_builder":"on","_et_pb_old_content":"","_et_gb_content_width":"","footnotes":""},"class_list":["post-146004","page","type-page","status-publish"],"acf":[],"_links":{"self":[{"href":"https:\/\/www.secowarwick.com\/de\/wp-json\/wp\/v2\/pages\/146004","targetHints":{"allow":["GET"]}}],"collection":[{"href":"https:\/\/www.secowarwick.com\/de\/wp-json\/wp\/v2\/pages"}],"about":[{"href":"https:\/\/www.secowarwick.com\/de\/wp-json\/wp\/v2\/types\/page"}],"author":[{"embeddable":true,"href":"https:\/\/www.secowarwick.com\/de\/wp-json\/wp\/v2\/users\/2"}],"replies":[{"embeddable":true,"href":"https:\/\/www.secowarwick.com\/de\/wp-json\/wp\/v2\/comments?post=146004"}],"version-history":[{"count":9,"href":"https:\/\/www.secowarwick.com\/de\/wp-json\/wp\/v2\/pages\/146004\/revisions"}],"predecessor-version":[{"id":146074,"href":"https:\/\/www.secowarwick.com\/de\/wp-json\/wp\/v2\/pages\/146004\/revisions\/146074"}],"wp:attachment":[{"href":"https:\/\/www.secowarwick.com\/de\/wp-json\/wp\/v2\/media?parent=146004"}],"curies":[{"name":"wp","href":"https:\/\/api.w.org\/{rel}","templated":true}]}}