{"id":147042,"date":"2023-09-28T14:38:25","date_gmt":"2023-09-28T12:38:25","guid":{"rendered":"https:\/\/www.secowarwick.com\/?page_id=147042"},"modified":"2025-06-11T11:11:59","modified_gmt":"2025-06-11T09:11:59","slug":"alarme","status":"publish","type":"page","link":"https:\/\/www.secowarwick.com\/de\/service\/automatisierung\/alarme\/","title":{"rendered":"Alarme"},"content":{"rendered":"<p>[et_pb_section fb_built=&#8220;1&#8243; admin_label=&#8220;section&#8220; _builder_version=&#8220;4.16&#8243; custom_padding=&#8220;0px|||&#8220; transparent_background=&#8220;off&#8220; make_fullwidth=&#8220;off&#8220; use_custom_width=&#8220;off&#8220; width_unit=&#8220;on&#8220; global_colors_info=&#8220;{}&#8220;][et_pb_row column_structure=&#8220;3_4,1_4&#8243; admin_label=&#8220;row&#8220; _builder_version=&#8220;4.23.1&#8243; background_size=&#8220;initial&#8220; background_position=&#8220;top_left&#8220; background_repeat=&#8220;repeat&#8220; custom_padding=&#8220;||||false|false&#8220; make_fullwidth=&#8220;off&#8220; use_custom_width=&#8220;off&#8220; width_unit=&#8220;on&#8220; global_colors_info=&#8220;{}&#8220;][et_pb_column type=&#8220;3_4&#8243; _builder_version=&#8220;4.16&#8243; custom_padding=&#8220;|||&#8220; global_colors_info=&#8220;{}&#8220; custom_padding__hover=&#8220;|||&#8220;][et_pb_code module_class=&#8220;custom-bread&#8220; _builder_version=&#8220;4.23.1&#8243; _module_preset=&#8220;default&#8220; global_colors_info=&#8220;{}&#8220;]<\/p>\n<div class=\"et_pb_module et_pb_breadcrumbs   et_pb_breadcrumbs_0\"><!-- [et_pb_line_break_holder] -->\t\t\t\t<pee id=\"breadcrumbs\"><span><span><a href=\"https:\/\/www.secowarwick.com\/de\/\">HOME<\/a><\/span> \/ <span><a href=\"https:\/\/www.secowarwick.com\/de\/service\/automatisierung\/\">AUTOMATISIERUNG<\/a><\/span> \/ <span class=\"breadcrumb_last\" aria-current=\"page\">ALARME<\/span><\/span><\/pee><!-- [et_pb_line_break_holder] -->\t\t\t<\/div>\n<p><!-- [et_pb_line_break_holder] -->[\/et_pb_code][et_pb_text module_class=&#8220;red-square-list-parent podtytuly&#8220; _builder_version=&#8220;4.23.1&#8243; background_size=&#8220;initial&#8220; background_position=&#8220;top_left&#8220; background_repeat=&#8220;repeat&#8220; hover_enabled=&#8220;0&#8243; use_border_color=&#8220;off&#8220; global_colors_info=&#8220;{}&#8220; text_orientation=&#8220;justified&#8220; sticky_enabled=&#8220;0&#8243;]<\/p>\n<h1>ALARME<\/h1>\n<h2><span data-contrast=\"auto\"><img decoding=\"async\" class=\"alignleft wp-image-158484\" src=\"https:\/\/www.secowarwick.com\/wp-content\/uploads\/2024\/05\/sw-alarms-icon_2.svg\" alt=\"ALARME\" width=\"80\" \/>Habe den Finger am\u00a0Puls der Zeit, indem die Alarmstatistiken sowie historische und aktuelle Alarme und Warnungen \u00fcberpr\u00fcft werden.<\/span><span data-ccp-props=\"{&quot;201341983&quot;:0,&quot;335559739&quot;:0,&quot;335559740&quot;:240}\">\u00a0<\/span><\/h2>\n<p>&nbsp;<\/p>\n<p><span data-contrast=\"auto\">Alarme ist ein Modul, mit dem die historischen Alarmstatistiken eines bestimmten Ger\u00e4ts \u00fcberpr\u00fcft werden k\u00f6nnen. Der Benutzer hat eine vollst\u00e4ndige \u00dcbersicht \u00fcber die aktiven Alarme und Warnungen sowie Zugang zu ihrer Historie in\u00a0einem konfigurierbaren Zeitbereich.<\/span><span data-ccp-props=\"{&quot;201341983&quot;:0,&quot;335559739&quot;:0,&quot;335559740&quot;:240}\">\u00a0<\/span><\/p>\n<p><span data-contrast=\"auto\">Die Alarmstatistik zeigt die 10 am\u00a0h\u00e4ufigsten auftretenden Alarme in\u00a0einem bestimmten Zeitraum. Die Statistik wird in\u00a0tabellarischer Form dargestellt, aus der die Alarmbeschreibung, die Alarmanzahl in\u00a0einem bestimmten Zeitraum und die relative H\u00e4ufigkeit (grafische und numerische Darstellung der Alarme in\u00a0Bezug auf alle Alarme, ausgedr\u00fcckt in\u00a0Prozent) hervorgehen.<\/span><span data-ccp-props=\"{&quot;201341983&quot;:0,&quot;335559739&quot;:0,&quot;335559740&quot;:240}\">\u00a0<\/span><\/p>\n<p>[\/et_pb_text][\/et_pb_column][et_pb_column type=&#8220;1_4&#8243; _builder_version=&#8220;4.23.1&#8243; custom_padding=&#8220;75px||||false|false&#8220; custom_padding_tablet=&#8220;0px||||false|false&#8220; custom_padding_phone=&#8220;0px||||false|false&#8220; custom_padding_last_edited=&#8220;on|tablet&#8220; global_colors_info=&#8220;{}&#8220; custom_padding__hover=&#8220;|||&#8220;][et_pb_text admin_label=&#8220;btn_de_premiumlibrary&#8220; module_class=&#8220;premium-library-button&#8220; _builder_version=&#8220;4.23.1&#8243; _module_preset=&#8220;default&#8220; text_orientation=&#8220;center&#8220; global_module=&#8220;157246&#8243; global_colors_info=&#8220;{}&#8220;]<\/p>\n<a href='https:\/\/www.secowarwick.com\/de\/premiuminhalte\/' class='small-button smallred'><span>PREMIUMINHALTE<\/span><\/a>\n<p>[\/et_pb_text][et_pb_text admin_label=&#8220;R&#038;D de&#8220; module_class=&#8220;product_widget_wrap_rd&#8220; _builder_version=&#8220;4.23.1&#8243; _module_preset=&#8220;default&#8220; text_orientation=&#8220;center&#8220; global_module=&#8220;167836&#8243; saved_tabs=&#8220;all&#8220; locked=&#8220;off&#8220; global_colors_info=&#8220;{}&#8220;]<\/p>\n<p><a href=\"https:\/\/www.secowarwick.com\/de\/rd\/\"><span class=\"product_wigtet_name\">R&amp;D<\/span><\/a><\/p>\n<p>[\/et_pb_text][et_pb_text admin_label=&#8220;Producte de&#8220; module_class=&#8220;product_widget_wrap_products &#8220; _builder_version=&#8220;4.23.1&#8243; _module_preset=&#8220;default&#8220; global_module=&#8220;179193&#8243; saved_tabs=&#8220;all&#8220; locked=&#8220;off&#8220; global_colors_info=&#8220;{}&#8220;]<\/p>\n<p><a href=\"https:\/\/www.secowarwick.com\/de\/produkte\/\" target=\"_blank\" rel=\"noopener\"><span class=\"product_wigtet_name\">PRODUKTE<\/span><\/a><\/p>\n<p>[\/et_pb_text][et_pb_text admin_label=&#8220;SERVICE de&#8220; module_class=&#8220;product_widget_wrap_service&#8220; _builder_version=&#8220;4.23.1&#8243; _module_preset=&#8220;default&#8220; global_module=&#8220;167860&#8243; saved_tabs=&#8220;all&#8220; locked=&#8220;off&#8220; global_colors_info=&#8220;{}&#8220;]<\/p>\n<p><a href=\"https:\/\/www.secowarwick.com\/de\/professionelle-service-dienstleistungen\/\"><span class=\"product_wigtet_name\">SERVICE<\/span><\/a><\/p>\n<p>[\/et_pb_text][et_pb_text admin_label=&#8220;SUPLEMENTALS de&#8220; module_class=&#8220;product_widget_wrap_supleme&#8220; _builder_version=&#8220;4.23.1&#8243; _module_preset=&#8220;default&#8220; global_module=&#8220;167915&#8243; saved_tabs=&#8220;all&#8220; locked=&#8220;off&#8220; global_colors_info=&#8220;{}&#8220;]<\/p>\n<p><span class=\"product_wigtet_name\">ZUSATZSTOFFE:<\/span><\/p>\n<p>[\/et_pb_text][et_pb_text admin_label=&#8220;dnabook-de&#8220; module_class=&#8220;suplementals_product_dna suplementals_wrap&#8220; _builder_version=&#8220;4.23.1&#8243; _module_preset=&#8220;default&#8220; global_module=&#8220;167874&#8243; saved_tabs=&#8220;all&#8220; locked=&#8220;off&#8220; global_colors_info=&#8220;{}&#8220;]<\/p>\n<p><a href=\"https:\/\/www.secowarwick.com\/wp-content\/uploads\/2024\/02\/2024_SECO_WARWICK_Catalog_DNA_EN_SECOLOGY.pdf\" target=\"_blank\" rel=\"noopener\">DNA\/BOOK<\/a><\/p>\n<p>[\/et_pb_text][et_pb_text admin_label=&#8220;ECO\/BOOK-de&#8220; module_class=&#8220;suplementals_product_eco suplementals_wrap&#8220; _builder_version=&#8220;4.23.1&#8243; _module_preset=&#8220;default&#8220; global_module=&#8220;167797&#8243; locked=&#8220;off&#8220; global_colors_info=&#8220;{}&#8220;]<\/p>\n<p><a href=\"https:\/\/www.secowarwick.com\/wp-content\/uploads\/2023\/06\/ECOBOOK.pdf\" target=\"_blank\" rel=\"noopener\">ECO\/BOOK<\/a><\/p>\n<p>[\/et_pb_text][\/et_pb_column][\/et_pb_row][\/et_pb_section][et_pb_section fb_built=&#8220;1&#8243; admin_label=&#8220;section&#8220; _builder_version=&#8220;4.19.2&#8243; background_color=&#8220;#f8f8f8&#8243; custom_margin=&#8220;-20px||||false|false&#8220; custom_padding=&#8220;0px||||false|false&#8220; transparent_background=&#8220;off&#8220; make_fullwidth=&#8220;off&#8220; use_custom_width=&#8220;off&#8220; width_unit=&#8220;on&#8220; global_colors_info=&#8220;{}&#8220;][et_pb_row column_structure=&#8220;1_2,1_2&#8243; admin_label=&#8220;row&#8220; _builder_version=&#8220;4.19.2&#8243; background_size=&#8220;initial&#8220; background_position=&#8220;top_left&#8220; background_repeat=&#8220;repeat&#8220; custom_margin=&#8220;-20px||||false|false&#8220; global_colors_info=&#8220;{}&#8220;][et_pb_column type=&#8220;1_2&#8243; _builder_version=&#8220;4.16&#8243; custom_padding=&#8220;|||&#8220; global_colors_info=&#8220;{}&#8220; custom_padding__hover=&#8220;|||&#8220;][et_pb_image src=&#8220;https:\/\/www.secowarwick.com\/wp-content\/uploads\/2023\/09\/alarm-statistics.jpg&#8220; alt=&#8220;Alarm statisctics SECO\/WARWICK&#8220; title_text=&#8220;alarm statistics&#8220; align_tablet=&#8220;center&#8220; align_phone=&#8220;&#8220; align_last_edited=&#8220;on|desktop&#8220; _builder_version=&#8220;4.19.2&#8243; global_colors_info=&#8220;{}&#8220;][\/et_pb_image][et_pb_image _builder_version=&#8220;4.19.2&#8243; _module_preset=&#8220;default&#8220; global_colors_info=&#8220;{}&#8220;][\/et_pb_image][et_pb_image src=&#8220;https:\/\/www.secowarwick.com\/wp-content\/uploads\/2023\/09\/historical-alerts-and-warnings.jpg&#8220; alt=&#8220;Historical alerts and warnings SECO\/WARWICK&#8220; title_text=&#8220;historical alerts and warnings&#8220; align_tablet=&#8220;center&#8220; align_phone=&#8220;&#8220; align_last_edited=&#8220;on|desktop&#8220; _builder_version=&#8220;4.19.2&#8243; global_colors_info=&#8220;{}&#8220;][\/et_pb_image][\/et_pb_column][et_pb_column type=&#8220;1_2&#8243; _builder_version=&#8220;4.16&#8243; custom_padding=&#8220;|||&#8220; global_colors_info=&#8220;{}&#8220; custom_padding__hover=&#8220;|||&#8220;][et_pb_text admin_label=&#8220;apostrof&#8220; module_class=&#8220;przecinek-tlo-nizej&#8220; _builder_version=&#8220;4.23.1&#8243; custom_margin=&#8220;||||false|false&#8220; custom_margin_last_edited=&#8220;off|desktop&#8220; saved_tabs=&#8220;all&#8220; global_colors_info=&#8220;{}&#8220;]<\/p>\n<p><span class=\"NormalTextRun SpellingErrorV2Themed SCXW175684049 BCX0\">Die<\/span> <span class=\"NormalTextRun SpellingErrorV2Themed SCXW175684049 BCX0\">wichtigsten<\/span> <span class=\"NormalTextRun SpellingErrorV2Themed SCXW175684049 BCX0\">Funktionen<\/span><span class=\"NormalTextRun SCXW175684049 BCX0\"> des <\/span><span class=\"NormalTextRun SpellingErrorV2Themed SCXW175684049 BCX0\">Moduls<\/span><\/p>\n<p>[\/et_pb_text][et_pb_text _builder_version=&#8220;4.23.1&#8243; _module_preset=&#8220;default&#8220; text_font_size=&#8220;16px&#8220; hover_enabled=&#8220;0&#8243; global_colors_info=&#8220;{}&#8220; text_orientation=&#8220;justified&#8220; sticky_enabled=&#8220;0&#8243;]<\/p>\n<p><span class=\"TextRun SCXW102932848 BCX0\" lang=\"PL-PL\" xml:lang=\"PL-PL\" data-contrast=\"none\"><span class=\"NormalTextRun SCXW102932848 BCX0\"><span style=\"color: #db1414;\"><strong>\/ <\/strong><\/span><span class=\"NormalTextRun SpellingErrorV2Themed SCXW242662248 BCX0\">M\u00f6glichkeit<\/span><span class=\"NormalTextRun SCXW242662248 BCX0\"> der <\/span><span class=\"NormalTextRun SpellingErrorV2Themed SCXW242662248 BCX0\">\u00dcberpr\u00fcfung<\/span> <span class=\"NormalTextRun SpellingErrorV2Themed SCXW242662248 BCX0\">aller<\/span> <span class=\"NormalTextRun SpellingErrorV2Themed SCXW242662248 BCX0\">am<\/span> <span class=\"NormalTextRun SpellingErrorV2Themed SCXW242662248 BCX0\">Ofen<\/span> <span class=\"NormalTextRun SpellingErrorV2Themed SCXW242662248 BCX0\">auftretenden<\/span> <span class=\"NormalTextRun SpellingErrorV2Themed SCXW242662248 BCX0\">Alarme<\/span> <span class=\"NormalTextRun SpellingErrorV2Themed SCXW242662248 BCX0\">und<\/span> <span class=\"NormalTextRun SpellingErrorV2Themed SCXW242662248 BCX0\">Warnungen<\/span><span class=\"NormalTextRun SCXW242662248 BCX0\">,<\/span><\/span><\/span><span class=\"LineBreakBlob BlobObject DragDrop SCXW102932848 BCX0\"><br class=\"SCXW102932848 BCX0\" \/><\/span><span class=\"TextRun SCXW102932848 BCX0\" lang=\"PL-PL\" xml:lang=\"PL-PL\" data-contrast=\"none\"><span class=\"NormalTextRun SCXW102932848 BCX0\"><span style=\"color: #db1414;\"><strong>\/ <\/strong><\/span><span class=\"TextRun SCXW242662248 BCX0\" lang=\"PL-PL\" xml:lang=\"PL-PL\" data-contrast=\"auto\"><span class=\"NormalTextRun SpellingErrorV2Themed SpellingErrorHighlight SCXW242662248 BCX0\">M\u00f6glichkeit<\/span><span class=\"NormalTextRun SCXW242662248 BCX0\"> der <\/span><span class=\"NormalTextRun SpellingErrorV2Themed SCXW242662248 BCX0\">\u00dcberpr\u00fcfung<\/span> <span class=\"NormalTextRun SpellingErrorV2Themed SCXW242662248 BCX0\">aller <\/span><\/span><span class=\"TextRun SCXW242662248 BCX0\" lang=\"PL-PL\" xml:lang=\"PL-PL\" data-contrast=\"auto\"><span class=\"NormalTextRun SpellingErrorV2Themed SCXW242662248 BCX0\">sich<\/span> <span class=\"NormalTextRun SpellingErrorV2Themed SCXW242662248 BCX0\">aus<\/span> <span class=\"NormalTextRun SpellingErrorV2Themed SCXW242662248 BCX0\">einzelnen<\/span> <span class=\"NormalTextRun SpellingErrorV2Themed SCXW242662248 BCX0\">Algorithmen<\/span> <span class=\"NormalTextRun SpellingErrorV2Themed SCXW242662248 BCX0\">ergebenden<\/span> <span class=\"NormalTextRun SpellingErrorV2Themed SCXW242662248 BCX0\">Alarme<\/span> <span class=\"NormalTextRun SpellingErrorV2Themed SCXW242662248 BCX0\">und<\/span> <span class=\"NormalTextRun SpellingErrorV2Themed SCXW242662248 BCX0\">Warnungen<\/span><\/span> <span class=\"TextRun SCXW242662248 BCX0\" lang=\"PL-PL\" xml:lang=\"PL-PL\" data-contrast=\"auto\"><span class=\"NormalTextRun SCXW242662248 BCX0\">des Seco\/<\/span><span class=\"NormalTextRun SCXW242662248 BCX0\">Predictive-Moduls<\/span><\/span><\/span><\/span><span class=\"LineBreakBlob BlobObject DragDrop SCXW102932848 BCX0\"><br class=\"SCXW102932848 BCX0\" \/><\/span><span class=\"TextRun SCXW102932848 BCX0\" lang=\"PL-PL\" xml:lang=\"PL-PL\" data-contrast=\"none\"><span class=\"NormalTextRun SCXW102932848 BCX0\"><span style=\"color: #db1414;\"><strong>\/ <\/strong><\/span><span class=\"TextRun SCXW242662248 BCX0\" lang=\"PL-PL\" xml:lang=\"PL-PL\" data-contrast=\"auto\"><span class=\"NormalTextRun SCXW242662248 BCX0\">E-Mail-<\/span><span class=\"NormalTextRun SpellingErrorV2Themed SCXW242662248 BCX0\">Benachrichtigungen<\/span><span class=\"NormalTextRun SCXW242662248 BCX0\">-&gt; <\/span><span class=\"NormalTextRun SpellingErrorV2Themed SCXW242662248 BCX0\">wenn<\/span> <span class=\"NormalTextRun SpellingErrorV2Themed SCXW242662248 BCX0\">ein<\/span><span class=\"NormalTextRun SCXW242662248 BCX0\"> Alarm <\/span><span class=\"NormalTextRun SpellingErrorV2Themed SCXW242662248 BCX0\">oder<\/span> <span class=\"NormalTextRun SpellingErrorV2Themed SCXW242662248 BCX0\">eine<\/span> <span class=\"NormalTextRun SpellingErrorV2Themed SCXW242662248 BCX0\">Warnung<\/span> <span class=\"NormalTextRun SpellingErrorV2Themed SCXW242662248 BCX0\">ausgel\u00f6st<\/span> <span class=\"NormalTextRun SpellingErrorV2Themed SCXW242662248 BCX0\">wird<\/span><span class=\"NormalTextRun SCXW242662248 BCX0\">,<\/span><\/span><\/span><\/span><span class=\"LineBreakBlob BlobObject DragDrop SCXW102932848 BCX0\"><br class=\"SCXW102932848 BCX0\" \/><\/span><span class=\"TextRun SCXW102932848 BCX0\" lang=\"PL-PL\" xml:lang=\"PL-PL\" data-contrast=\"none\"><span style=\"color: #db1414;\"><strong>\/ <\/strong><\/span><\/span><span data-contrast=\"auto\">Auswahl der Art der Alarmquittierung (&#8222;Unbestimmt&#8220; &#8211; keine Alarmquittierung, &#8222;Richtig&#8220; &#8211; Alarmanzeige gem\u00e4\u00df Ger\u00e4testatus, &#8222;Falsch&#8220; &#8211; Alarm soll nicht erscheinen) und M\u00f6glichkeit, einen eigenen Kommentar einzuf\u00fcgen.<\/span><span data-ccp-props=\"{&quot;201341983&quot;:0,&quot;335559739&quot;:0,&quot;335559740&quot;:240}\">\u00a0<\/span><\/p>\n<p><span data-ccp-props=\"{&quot;201341983&quot;:0,&quot;335559739&quot;:160,&quot;335559740&quot;:259}\">\u00a0<\/span><\/p>\n<p>[\/et_pb_text][et_pb_text admin_label=&#8220;apostrof&#8220; module_class=&#8220;przecinek-tlo-nizej&#8220; _builder_version=&#8220;4.23.1&#8243; custom_margin=&#8220;||||false|false&#8220; custom_margin_tablet=&#8220;&#8220; custom_margin_phone=&#8220;&#8220; custom_margin_last_edited=&#8220;on|desktop&#8220; saved_tabs=&#8220;all&#8220; global_colors_info=&#8220;{}&#8220;]<\/p>\n<p><span class=\"NormalTextRun SpellingErrorV2Themed SCXW63181000 BCX0\">Anzeige<\/span><span class=\"NormalTextRun SCXW63181000 BCX0\"> von <\/span><span class=\"NormalTextRun SpellingErrorV2Themed SCXW63181000 BCX0\">Alarmen<\/span><\/p>\n<p>[\/et_pb_text][et_pb_text _builder_version=&#8220;4.23.1&#8243; _module_preset=&#8220;default&#8220; text_font_size=&#8220;16px&#8220; hover_enabled=&#8220;0&#8243; global_colors_info=&#8220;{}&#8220; text_orientation=&#8220;justified&#8220; sticky_enabled=&#8220;0&#8243;]<\/p>\n<p>&nbsp;<\/p>\n<p><span style=\"color: #db1414;\"><strong>\/ <\/strong><\/span><span class=\"NormalTextRun SpellingErrorV2Themed SCXW184696176 BCX0\">vom<\/span><span class=\"NormalTextRun SCXW184696176 BCX0\"> Seco\/<\/span><span class=\"NormalTextRun SpellingErrorV2Themed SCXW184696176 BCX0\">Predictive-Modul<\/span><span class=\"NormalTextRun SCXW184696176 BCX0\"> (<\/span><span class=\"NormalTextRun SpellingErrorV2Themed SCXW184696176 BCX0\">die<\/span> <span class=\"NormalTextRun SpellingErrorV2Themed SCXW184696176 BCX0\">sich<\/span> <span class=\"NormalTextRun SpellingErrorV2Themed SCXW184696176 BCX0\">aus<\/span> <span class=\"NormalTextRun SpellingErrorV2Themed SCXW184696176 BCX0\">einzelnen<\/span> <span class=\"NormalTextRun SpellingErrorV2Themed SCXW184696176 BCX0\">Algorithmen<\/span> <span class=\"NormalTextRun SpellingErrorV2Themed SCXW184696176 BCX0\">erge<\/span><span class=\"NormalTextRun SpellingErrorV2Themed SCXW184696176 BCX0\">bende<\/span> <span class=\"NormalTextRun SpellingErrorV2Themed SCXW184696176 BCX0\">Alarme<\/span> <span class=\"NormalTextRun SpellingErrorV2Themed SCXW184696176 BCX0\">und<\/span> <span class=\"NormalTextRun SpellingErrorV2Themed SCXW184696176 BCX0\">Warnungen<\/span> <span class=\"NormalTextRun SCXW184696176 BCX0\">&#8211; <\/span><span class=\"NormalTextRun SpellingErrorV2Themed SCXW184696176 BCX0\">z.B<\/span><span class=\"NormalTextRun SCXW184696176 BCX0\">. <\/span><span class=\"NormalTextRun SpellingErrorV2Themed SCXW184696176 BCX0\">Widerstandswert<\/span> <span class=\"NormalTextRun SpellingErrorV2Themed SCXW184696176 BCX0\">\u00fcberschritten<\/span><span class=\"NormalTextRun SCXW184696176 BCX0\">)<\/span><span class=\"NormalTextRun SCXW184696176 BCX0\">,<\/span><br \/><span style=\"color: #db1414;\"><strong>\/ <\/strong><\/span><span class=\"NormalTextRun SpellingErrorV2Themed SCXW215504008 BCX0\">vom<\/span><span class=\"NormalTextRun SpellingErrorV2Themed SCXW215504008 BCX0\">Ofen<\/span><span class=\"NormalTextRun SCXW215504008 BCX0\"> (<\/span><span class=\"NormalTextRun SpellingErrorV2Themed SCXW215504008 BCX0\">z.B<\/span><span class=\"NormalTextRun SCXW215504008 BCX0\">. <\/span><span class=\"NormalTextRun SpellingErrorV2Themed SCXW215504008 BCX0\">Kopfbesch\u00e4digung<\/span><span class=\"NormalTextRun SCXW215504008 BCX0\">).<\/span><\/p>\n<p>[\/et_pb_text][\/et_pb_column][\/et_pb_row][\/et_pb_section][et_pb_section fb_built=&#8220;1&#8243; _builder_version=&#8220;4.23.1&#8243; _module_preset=&#8220;default&#8220; global_colors_info=&#8220;{}&#8220;][et_pb_row column_structure=&#8220;3_4,1_4&#8243; use_custom_gutter=&#8220;on&#8220; gutter_width=&#8220;2&#8243; module_class=&#8220;automatycy-wiersz-korzysci&#8220; _builder_version=&#8220;4.23.1&#8243; _module_preset=&#8220;default&#8220; locked=&#8220;off&#8220; global_colors_info=&#8220;{}&#8220;][et_pb_column type=&#8220;3_4&#8243; _builder_version=&#8220;4.23.1&#8243; _module_preset=&#8220;default&#8220; global_colors_info=&#8220;{}&#8220;][et_pb_text module_class=&#8220;przecinek-tlo-nizej&#8220; _builder_version=&#8220;4.23.1&#8243; text_text_color=&#8220;#000000&#8243; background_size=&#8220;initial&#8220; background_position=&#8220;top_left&#8220; background_repeat=&#8220;repeat&#8220; use_border_color=&#8220;off&#8220; global_colors_info=&#8220;{}&#8220;]<\/p>\n<p>ALARME &#8211; VORTEILE<\/p>\n<p>[\/et_pb_text][et_pb_text module_class=&#8220;opis-korzysci&#8220; _builder_version=&#8220;4.23.1&#8243; _module_preset=&#8220;default&#8220; custom_margin=&#8220;20px||||false|false&#8220; hover_enabled=&#8220;0&#8243; global_colors_info=&#8220;{}&#8220; text_orientation=&#8220;justified&#8220; sticky_enabled=&#8220;0&#8243;]<\/p>\n<p><strong><span style=\"color: #dc291e;\">\/<\/span>\u00a0Abhilfema\u00dfnahmen<\/strong>: Identifizierung typischer Probleme und sofortige Abhilfema\u00dfnahmen.<br \/><strong><span style=\"color: #dc291e;\">\/<\/span>\u00a0<\/strong>Die h\u00e4ufigsten Probleme<strong> leicht zu erkennen <\/strong>bedeutet, auf m\u00f6gliche Ausf\u00e4lle vorbereitet zu sein und die Stillst\u00e4nde zu minimieren<strong>.<br \/><\/strong><strong><span style=\"color: #dc291e;\">\/<\/span>\u00a0Produktionssicherheit: <\/strong>Die Anomalienverfolgung in\u00a0den Prozessparametern erm\u00f6glicht eine angemessene Reaktion und erh\u00f6ht die Sicherheit und Kontinuit\u00e4t des Ger\u00e4tebetriebs und des Produktionsprozesses<strong>.<br \/><\/strong><strong><span style=\"color: #dc291e;\">\/<\/span>\u00a0\u00dcberwachung <\/strong>dank des Zugangs zu wichtigen Informationen und gleichzeitig schnelle Identifizierung m\u00f6glicher Probleme und deren L\u00f6sung.<br \/><strong><span style=\"color: #dc291e;\">\/<\/span>\u00a0Der Zugang zu Notfallinformationen <\/strong>ohne physische Anwesenheit am\u00a0Ger\u00e4t bedeutet:<br \/><strong>&#8211; Sicherheit:<\/strong> Der Vorrichtungszustand kann aus der Ferne \u00fcberwacht werden,, was eine schnelle Reaktion im\u00a0Falle eines Ausfalls oder einer Unregelm\u00e4\u00dfigkeit erm\u00f6glicht.<br \/><strong>&#8211; Zeitersparnis: <\/strong>Durch den Zugang zu Informationen entf\u00e4llt die Notwendigkeit, das Ger\u00e4t pers\u00f6nlich zu \u00fcberpr\u00fcfen und schnell zu bewerten, ob und welche Ma\u00dfnahmen erforderlich sind.<br \/><strong>&#8211; Effizienz: durch Konzentration auf andere Aufgaben bei gleichzeitiger \u00dcberwachung des Vorrichtungszustands.<\/strong><\/p>\n<p>[\/et_pb_text][\/et_pb_column][et_pb_column type=&#8220;1_4&#8243; _builder_version=&#8220;4.23.1&#8243; _module_preset=&#8220;default&#8220; global_colors_info=&#8220;{}&#8220;][et_pb_image src=&#8220;https:\/\/www.secowarwick.com\/wp-content\/uploads\/2024\/05\/korzysci.png&#8220; alt=&#8220;korzy\u015bci&#8220; align=&#8220;center&#8220; module_class=&#8220;obraz-korzysci&#8220; _builder_version=&#8220;4.23.1&#8243; _module_preset=&#8220;default&#8220; global_colors_info=&#8220;{}&#8220;][\/et_pb_image][\/et_pb_column][\/et_pb_row][\/et_pb_section]<\/p>\n","protected":false},"excerpt":{"rendered":"<p>ALARME Habe den Finger am\u00a0Puls der Zeit, indem die Alarmstatistiken sowie historische und aktuelle Alarme und Warnungen \u00fcberpr\u00fcft werden.\u00a0 &nbsp; Alarme ist ein Modul, mit dem die historischen Alarmstatistiken eines bestimmten Ger\u00e4ts \u00fcberpr\u00fcft werden k\u00f6nnen. Der Benutzer hat eine vollst\u00e4ndige \u00dcbersicht \u00fcber die aktiven Alarme und Warnungen sowie Zugang zu ihrer Historie in\u00a0einem konfigurierbaren Zeitbereich.\u00a0 [&hellip;]<\/p>\n","protected":false},"author":2,"featured_media":0,"parent":125079,"menu_order":0,"comment_status":"closed","ping_status":"closed","template":"","meta":{"_acf_changed":false,"_et_pb_use_builder":"on","_et_pb_old_content":"","_et_gb_content_width":"","footnotes":""},"class_list":["post-147042","page","type-page","status-publish"],"acf":[],"_links":{"self":[{"href":"https:\/\/www.secowarwick.com\/de\/wp-json\/wp\/v2\/pages\/147042","targetHints":{"allow":["GET"]}}],"collection":[{"href":"https:\/\/www.secowarwick.com\/de\/wp-json\/wp\/v2\/pages"}],"about":[{"href":"https:\/\/www.secowarwick.com\/de\/wp-json\/wp\/v2\/types\/page"}],"author":[{"embeddable":true,"href":"https:\/\/www.secowarwick.com\/de\/wp-json\/wp\/v2\/users\/2"}],"replies":[{"embeddable":true,"href":"https:\/\/www.secowarwick.com\/de\/wp-json\/wp\/v2\/comments?post=147042"}],"version-history":[{"count":13,"href":"https:\/\/www.secowarwick.com\/de\/wp-json\/wp\/v2\/pages\/147042\/revisions"}],"predecessor-version":[{"id":179310,"href":"https:\/\/www.secowarwick.com\/de\/wp-json\/wp\/v2\/pages\/147042\/revisions\/179310"}],"up":[{"embeddable":true,"href":"https:\/\/www.secowarwick.com\/de\/wp-json\/wp\/v2\/pages\/125079"}],"wp:attachment":[{"href":"https:\/\/www.secowarwick.com\/de\/wp-json\/wp\/v2\/media?parent=147042"}],"curies":[{"name":"wp","href":"https:\/\/api.w.org\/{rel}","templated":true}]}}