{"id":147103,"date":"2023-09-28T15:01:18","date_gmt":"2023-09-28T13:01:18","guid":{"rendered":"https:\/\/www.secowarwick.com\/service\/automatisierung\/my-support\/"},"modified":"2025-06-11T11:20:59","modified_gmt":"2025-06-11T09:20:59","slug":"meine-unterstuetzung","status":"publish","type":"page","link":"https:\/\/www.secowarwick.com\/de\/service\/automatisierung\/meine-unterstuetzung\/","title":{"rendered":"Meine Unterst\u00fctzung"},"content":{"rendered":"<p>[et_pb_section fb_built=&#8220;1&#8243; admin_label=&#8220;section&#8220; _builder_version=&#8220;4.16&#8243; custom_padding=&#8220;0px|||&#8220; transparent_background=&#8220;off&#8220; make_fullwidth=&#8220;off&#8220; use_custom_width=&#8220;off&#8220; width_unit=&#8220;on&#8220; global_colors_info=&#8220;{}&#8220;][et_pb_row column_structure=&#8220;3_4,1_4&#8243; admin_label=&#8220;row&#8220; _builder_version=&#8220;4.23.1&#8243; background_size=&#8220;initial&#8220; background_position=&#8220;top_left&#8220; background_repeat=&#8220;repeat&#8220; custom_padding=&#8220;||||false|false&#8220; make_fullwidth=&#8220;off&#8220; use_custom_width=&#8220;off&#8220; width_unit=&#8220;on&#8220; global_colors_info=&#8220;{}&#8220;][et_pb_column type=&#8220;3_4&#8243; _builder_version=&#8220;4.16&#8243; custom_padding=&#8220;|||&#8220; global_colors_info=&#8220;{}&#8220; custom_padding__hover=&#8220;|||&#8220;][et_pb_code module_class=&#8220;custom-bread&#8220; _builder_version=&#8220;4.23.1&#8243; _module_preset=&#8220;default&#8220; global_colors_info=&#8220;{}&#8220;]<\/p>\n<div class=\"et_pb_module et_pb_breadcrumbs   et_pb_breadcrumbs_0\"><!-- [et_pb_line_break_holder] -->\t\t\t\t<pee id=\"breadcrumbs\"><span><span><a href=\"https:\/\/www.secowarwick.com\/de\/\">HOME<\/a><\/span> \/ <span><a href=\"https:\/\/www.secowarwick.com\/de\/service\/automatisierung\/\">AUTOMATISIERUNG<\/a><\/span> \/ <span class=\"breadcrumb_last\" aria-current=\"page\">MEINE UNTERST\u00dcTZUNG<\/span><\/span><\/pee><!-- [et_pb_line_break_holder] -->\t\t\t<\/div>\n<p>[\/et_pb_code][et_pb_text module_class=&#8220;red-square-list-parent podtytuly&#8220; _builder_version=&#8220;4.23.1&#8243; background_size=&#8220;initial&#8220; background_position=&#8220;top_left&#8220; background_repeat=&#8220;repeat&#8220; hover_enabled=&#8220;0&#8243; use_border_color=&#8220;off&#8220; global_colors_info=&#8220;{}&#8220; text_orientation=&#8220;justified&#8220; sticky_enabled=&#8220;0&#8243;]<\/p>\n<h1>MEINE UNTERST\u00dcTZUNG<\/h1>\n<h2><img decoding=\"async\" class=\"alignleft wp-image-158509\" src=\"https:\/\/www.secowarwick.com\/wp-content\/uploads\/2024\/05\/sw-support-icon_2.svg\" alt=\"MEINE UNTERST\u00dcTZUNG\" width=\"80\" \/>Dein Zugang zum technischen Support, wo du ein Problem melden kannst, das du nicht in\u00a0der Lage bist, selbst zu l\u00f6sen, oder nach einer L\u00f6sung f\u00fcr ein \u00e4hnliches Problem suchen kannst.<\/h2>\n<p><span data-contrast=\"auto\">Im\u00a0Rahmen dieses Moduls hat der Benutzer Zugriff auf den Kundenservice, wo er\u00a0die Meldungen selbst einsehen kann (auf der Suche nach einer L\u00f6sung f\u00fcr ein \u00e4hnliches Problem) oder ein neues Problem mit dem Ofen melden kann. Jeder Meldung wird eine Nummer und eine f\u00fcr die L\u00f6sung des Problems verantwortliche Person zugewiesen, was die Kontaktaufnahme mit dem SECO\/WARWICK-Service sowie die Meldungs\u00fcberwachung und -l\u00f6sung erleichtert. Dadurch wird sichergestellt, dass die Meldung angenommen und bearbeitet wird.<\/span><span data-ccp-props=\"{&quot;201341983&quot;:0,&quot;335559739&quot;:0,&quot;335559740&quot;:240}\">\u00a0<\/span><\/p>\n<p><span data-contrast=\"auto\">Au\u00dferdem gibt es\u00a0eine von unseren Spezialisten erstellte Wissensdatenbank, in\u00a0der man auf breiten und fachkundigen technischen Support zugreifen kann, wo Probleml\u00f6sungen ver\u00f6ffentlicht werden. Diese Datenbank wird st\u00e4ndig aktualisiert, erweitert und verbessert, so dass du Zugang zu den neuesten Informationen und echten F\u00e4llen hast.<\/span><span data-ccp-props=\"{&quot;201341983&quot;:0,&quot;335559739&quot;:0,&quot;335559740&quot;:240}\">\u00a0<\/span><\/p>\n<p>[\/et_pb_text][\/et_pb_column][et_pb_column type=&#8220;1_4&#8243; _builder_version=&#8220;4.23.1&#8243; custom_padding=&#8220;75px||||false|false&#8220; custom_padding_tablet=&#8220;0px||||false|false&#8220; custom_padding_phone=&#8220;0px||||false|false&#8220; custom_padding_last_edited=&#8220;on|tablet&#8220; global_colors_info=&#8220;{}&#8220; custom_padding__hover=&#8220;|||&#8220;][et_pb_text admin_label=&#8220;btn_de_premiumlibrary&#8220; module_class=&#8220;premium-library-button&#8220; _builder_version=&#8220;4.23.1&#8243; _module_preset=&#8220;default&#8220; text_orientation=&#8220;center&#8220; global_module=&#8220;157246&#8243; global_colors_info=&#8220;{}&#8220;]<\/p>\n<a href='https:\/\/www.secowarwick.com\/de\/premiuminhalte\/' class='small-button smallred'><span>PREMIUMINHALTE<\/span><\/a>\n<p>[\/et_pb_text][et_pb_text admin_label=&#8220;R&#038;D de&#8220; module_class=&#8220;product_widget_wrap_rd&#8220; _builder_version=&#8220;4.23.1&#8243; _module_preset=&#8220;default&#8220; text_orientation=&#8220;center&#8220; global_module=&#8220;167836&#8243; saved_tabs=&#8220;all&#8220; locked=&#8220;off&#8220; global_colors_info=&#8220;{}&#8220;]<\/p>\n<p><a href=\"https:\/\/www.secowarwick.com\/de\/rd\/\"><span class=\"product_wigtet_name\">R&amp;D<\/span><\/a><\/p>\n<p>[\/et_pb_text][et_pb_text admin_label=&#8220;Producte de&#8220; module_class=&#8220;product_widget_wrap_products &#8220; _builder_version=&#8220;4.23.1&#8243; _module_preset=&#8220;default&#8220; global_module=&#8220;179193&#8243; saved_tabs=&#8220;all&#8220; locked=&#8220;off&#8220; global_colors_info=&#8220;{}&#8220;]<\/p>\n<p><a href=\"https:\/\/www.secowarwick.com\/de\/produkte\/\" target=\"_blank\" rel=\"noopener\"><span class=\"product_wigtet_name\">PRODUKTE<\/span><\/a><\/p>\n<p>[\/et_pb_text][et_pb_text admin_label=&#8220;SERVICE de&#8220; module_class=&#8220;product_widget_wrap_service&#8220; _builder_version=&#8220;4.23.1&#8243; _module_preset=&#8220;default&#8220; global_module=&#8220;167860&#8243; saved_tabs=&#8220;all&#8220; locked=&#8220;off&#8220; global_colors_info=&#8220;{}&#8220;]<\/p>\n<p><a href=\"https:\/\/www.secowarwick.com\/de\/professionelle-service-dienstleistungen\/\"><span class=\"product_wigtet_name\">SERVICE<\/span><\/a><\/p>\n<p>[\/et_pb_text][et_pb_text admin_label=&#8220;SUPLEMENTALS de&#8220; module_class=&#8220;product_widget_wrap_supleme&#8220; _builder_version=&#8220;4.23.1&#8243; _module_preset=&#8220;default&#8220; global_module=&#8220;167915&#8243; saved_tabs=&#8220;all&#8220; locked=&#8220;off&#8220; global_colors_info=&#8220;{}&#8220;]<\/p>\n<p><span class=\"product_wigtet_name\">ZUSATZSTOFFE:<\/span><\/p>\n<p>[\/et_pb_text][et_pb_text admin_label=&#8220;dnabook-de&#8220; module_class=&#8220;suplementals_product_dna suplementals_wrap&#8220; _builder_version=&#8220;4.23.1&#8243; _module_preset=&#8220;default&#8220; global_module=&#8220;167874&#8243; saved_tabs=&#8220;all&#8220; locked=&#8220;off&#8220; global_colors_info=&#8220;{}&#8220;]<\/p>\n<p><a href=\"https:\/\/www.secowarwick.com\/wp-content\/uploads\/2024\/02\/2024_SECO_WARWICK_Catalog_DNA_EN_SECOLOGY.pdf\" target=\"_blank\" rel=\"noopener\">DNA\/BOOK<\/a><\/p>\n<p>[\/et_pb_text][et_pb_text admin_label=&#8220;ECO\/BOOK-de&#8220; module_class=&#8220;suplementals_product_eco suplementals_wrap&#8220; _builder_version=&#8220;4.23.1&#8243; _module_preset=&#8220;default&#8220; global_module=&#8220;167797&#8243; locked=&#8220;off&#8220; global_colors_info=&#8220;{}&#8220;]<\/p>\n<p><a href=\"https:\/\/www.secowarwick.com\/wp-content\/uploads\/2023\/06\/ECOBOOK.pdf\" target=\"_blank\" rel=\"noopener\">ECO\/BOOK<\/a><\/p>\n<p>[\/et_pb_text][\/et_pb_column][\/et_pb_row][\/et_pb_section][et_pb_section fb_built=&#8220;1&#8243; admin_label=&#8220;section&#8220; _builder_version=&#8220;4.19.2&#8243; background_color=&#8220;#f8f8f8&#8243; custom_margin=&#8220;-20px||||false|false&#8220; custom_padding=&#8220;0px||||false|false&#8220; transparent_background=&#8220;off&#8220; make_fullwidth=&#8220;off&#8220; use_custom_width=&#8220;off&#8220; width_unit=&#8220;on&#8220; global_colors_info=&#8220;{}&#8220;][et_pb_row column_structure=&#8220;1_2,1_2&#8243; admin_label=&#8220;row&#8220; _builder_version=&#8220;4.19.2&#8243; background_size=&#8220;initial&#8220; background_position=&#8220;top_left&#8220; background_repeat=&#8220;repeat&#8220; custom_margin=&#8220;-20px||||false|false&#8220; global_colors_info=&#8220;{}&#8220;][et_pb_column type=&#8220;1_2&#8243; _builder_version=&#8220;4.16&#8243; custom_padding=&#8220;|||&#8220; global_colors_info=&#8220;{}&#8220; custom_padding__hover=&#8220;|||&#8220;][et_pb_text _builder_version=&#8220;4.19.2&#8243; _module_preset=&#8220;default&#8220; global_colors_info=&#8220;{}&#8220;]<\/p>\n<p>&nbsp;<\/p>\n<p>&nbsp;<\/p>\n<p>&nbsp;<\/p>\n<p>[\/et_pb_text][et_pb_image src=&#8220;https:\/\/www.secowarwick.com\/wp-content\/uploads\/2023\/09\/My-support.jpg&#8220; alt=&#8220;Automation Systems &#8211; My support &#8220; title_text=&#8220;My support&#8220; align_tablet=&#8220;center&#8220; align_phone=&#8220;&#8220; align_last_edited=&#8220;on|desktop&#8220; _builder_version=&#8220;4.19.2&#8243; global_colors_info=&#8220;{}&#8220;][\/et_pb_image][\/et_pb_column][et_pb_column type=&#8220;1_2&#8243; _builder_version=&#8220;4.16&#8243; custom_padding=&#8220;|||&#8220; global_colors_info=&#8220;{}&#8220; custom_padding__hover=&#8220;|||&#8220;][et_pb_text admin_label=&#8220;apostrof&#8220; module_class=&#8220;przecinek-tlo-nizej&#8220; _builder_version=&#8220;4.19.2&#8243; custom_margin=&#8220;50px|||&#8220; custom_margin_tablet=&#8220;&#8220; custom_margin_phone=&#8220;&#8220; custom_margin_last_edited=&#8220;on|desktop&#8220; saved_tabs=&#8220;all&#8220; global_colors_info=&#8220;{}&#8220;]<\/p>\n<p><span class=\"TextRun SCXW130432565 BCX0\" lang=\"PL-PL\" xml:lang=\"PL-PL\" data-contrast=\"none\"><span class=\"NormalTextRun SCXW130432565 BCX0\"><span class=\"TextRun SCXW152256974 BCX0\" lang=\"EN-US\" xml:lang=\"EN-US\" data-contrast=\"none\"><span class=\"NormalTextRun SCXW152256974 BCX0\">The module main functions are<\/span><\/span><\/span><\/span><span class=\"EOP SCXW130432565 BCX0\" data-ccp-props=\"{&quot;201341983&quot;:0,&quot;335559739&quot;:150,&quot;335559740&quot;:240}\">\u00a0<\/span><\/p>\n<p>[\/et_pb_text][et_pb_text _builder_version=&#8220;4.23.1&#8243; _module_preset=&#8220;default&#8220; text_font_size=&#8220;16px&#8220; hover_enabled=&#8220;0&#8243; global_colors_info=&#8220;{}&#8220; text_orientation=&#8220;justified&#8220; sticky_enabled=&#8220;0&#8243;]<\/p>\n<p><span class=\"TextRun SCXW102932848 BCX0\" lang=\"PL-PL\" xml:lang=\"PL-PL\" data-contrast=\"none\"><span class=\"NormalTextRun SCXW102932848 BCX0\"><span style=\"color: #db1414;\"><strong>\/<\/strong><\/span><span class=\"TextRun SCXW5305357 BCX0\" lang=\"PL-PL\" xml:lang=\"PL-PL\" data-contrast=\"auto\"><span class=\"NormalTextRun SpellingErrorV2Themed SpellingErrorHighlight SCXW5305357 BCX0\">Kontaktservice <\/span><\/span><span class=\"TextRun SCXW5305357 BCX0\" lang=\"PL-PL\" xml:lang=\"PL-PL\" data-contrast=\"auto\"><span class=\"NormalTextRun SpellingErrorV2Themed SCXW5305357 BCX0\">u<\/span><\/span><span class=\"TextRun SCXW5305357 BCX0\" lang=\"PL-PL\" xml:lang=\"PL-PL\" data-contrast=\"auto\"><span class=\"NormalTextRun SpellingErrorV2Themed SCXW5305357 BCX0\">nd<\/span><\/span><span class=\"TextRun SCXW5305357 BCX0\" lang=\"PL-PL\" xml:lang=\"PL-PL\" data-contrast=\"auto\"> <span class=\"NormalTextRun SpellingErrorV2Themed SCXW5305357 BCX0\">die<\/span> <span class=\"NormalTextRun SpellingErrorV2Themed SCXW5305357 BCX0\">M\u00f6glichkeit<\/span><span class=\"NormalTextRun SCXW5305357 BCX0\">, <\/span><span class=\"NormalTextRun SpellingErrorV2Themed SCXW5305357 BCX0\">ein<\/span> <span class=\"NormalTextRun SpellingErrorV2Themed SCXW5305357 BCX0\">neues<\/span><span class=\"NormalTextRun SCXW5305357 BCX0\"> Problem <\/span><span class=\"NormalTextRun SpellingErrorV2Themed SCXW5305357 BCX0\">zu<\/span> <span class=\"NormalTextRun SpellingErrorV2Themed SCXW5305357 BCX0\">melden,<\/span><\/span><\/span><\/span><span class=\"LineBreakBlob BlobObject DragDrop SCXW102932848 BCX0\"><br class=\"SCXW102932848 BCX0\" \/><\/span><span class=\"TextRun SCXW102932848 BCX0\" lang=\"PL-PL\" xml:lang=\"PL-PL\" data-contrast=\"none\"><span class=\"NormalTextRun SCXW102932848 BCX0\"><span style=\"color: #db1414;\"><strong>\/<\/strong><\/span><span class=\"TextRun SCXW5305357 BCX0\" lang=\"PL-PL\" xml:lang=\"PL-PL\" data-contrast=\"none\"><span class=\"NormalTextRun SCXW5305357 BCX0\">\u202f<\/span><\/span><span class=\"TextRun SCXW5305357 BCX0\" lang=\"PL-PL\" xml:lang=\"PL-PL\" data-contrast=\"auto\"><span class=\"NormalTextRun SpellingErrorV2Themed SpellingErrorHighlight SCXW5305357 BCX0\">\u00dcbersicht<\/span> <span class=\"NormalTextRun SpellingErrorV2Themed SCXW5305357 BCX0\">\u00fcber<\/span> <span class=\"NormalTextRun SpellingErrorV2Themed SCXW5305357 BCX0\">die<\/span><span class=\"NormalTextRun SCXW5305357 BCX0\"> Historie der <\/span><span class=\"NormalTextRun SpellingErrorV2Themed SCXW5305357 BCX0\">Servicemeldungen<\/span><span class=\"NormalTextRun SCXW5305357 BCX0\">,<\/span><\/span><\/span><\/span><span class=\"LineBreakBlob BlobObject DragDrop SCXW102932848 BCX0\"><br class=\"SCXW102932848 BCX0\" \/><\/span><span class=\"TextRun SCXW102932848 BCX0\" lang=\"PL-PL\" xml:lang=\"PL-PL\" data-contrast=\"none\"><span class=\"NormalTextRun SCXW102932848 BCX0\"><span style=\"color: #db1414;\"><strong>\/ <\/strong><\/span><span class=\"TextRun SCXW239738720 BCX0\" lang=\"PL-PL\" xml:lang=\"PL-PL\" data-contrast=\"auto\"><span class=\"NormalTextRun SpellingErrorV2Themed SCXW239738720 BCX0\">Meldung<\/span><span class=\"NormalTextRun SCXW239738720 BCX0\">-Status-<\/span><span class=\"NormalTextRun SpellingErrorV2Themed SCXW239738720 BCX0\">Verfolgung<\/span><span class=\"NormalTextRun SCXW239738720 BCX0\">,<\/span><\/span><\/span><\/span><span class=\"LineBreakBlob BlobObject DragDrop SCXW102932848 BCX0\"><br class=\"SCXW102932848 BCX0\" \/><\/span><span class=\"TextRun SCXW102932848 BCX0\" lang=\"PL-PL\" xml:lang=\"PL-PL\" data-contrast=\"none\"><span style=\"color: #db1414;\"><strong>\/ <\/strong><\/span><span class=\"NormalTextRun SCXW245049403 BCX0\">E-Mail-<\/span><span class=\"NormalTextRun SpellingErrorV2Themed SCXW245049403 BCX0\">Benachrichtigungen<\/span><span class=\"NormalTextRun SCXW245049403 BCX0\"> -&gt; <\/span><span class=\"NormalTextRun SCXW245049403 BCX0\">im\u00a0Falle <\/span><span class=\"NormalTextRun SpellingErrorV2Themed SCXW245049403 BCX0\">wesentlicher<\/span> <span class=\"NormalTextRun SpellingErrorV2Themed SCXW245049403 BCX0\">\u00c4nderungen<\/span><span class=\"NormalTextRun SCXW245049403 BCX0\"> der <\/span><span class=\"NormalTextRun SpellingErrorV2Themed SCXW245049403 BCX0\">Meldung<\/span> <span class=\"NormalTextRun SpellingErrorV2Themed SCXW245049403 BCX0\">Servicetechniker-Wechsel<\/span><span class=\"NormalTextRun SCXW245049403 BCX0\">, <\/span><span class=\"NormalTextRun SpellingErrorV2Themed SCXW245049403 BCX0\">\u00c4nderung<\/span><span class=\"NormalTextRun SCXW245049403 BCX0\"> des Status, <\/span><span class=\"NormalTextRun SpellingErrorV2Themed SCXW245049403 BCX0\">Hinzuf\u00fcgung<\/span> <span class=\"NormalTextRun SpellingErrorV2Themed SCXW245049403 BCX0\">einer<\/span> <span class=\"NormalTextRun SpellingErrorV2Themed SCXW245049403 BCX0\">Notiz<\/span> <span class=\"NormalTextRun SpellingErrorV2Themed SCXW245049403 BCX0\">durch<\/span><span class=\"NormalTextRun SCXW245049403 BCX0\"> den <\/span><span class=\"NormalTextRun SpellingErrorV2Themed SpellingErrorHighlight SCXW245049403 BCX0\">Servicetechniker<\/span> <span class=\"NormalTextRun SpellingErrorV2Themed SCXW245049403 BCX0\">usw<\/span><span class=\"NormalTextRun SCXW245049403 BCX0\">.),<\/span><span style=\"color: #db1414;\"><strong><span class=\"NormalTextRun SCXW19497820 BCX0\"><br \/>\/ <\/span><\/strong><\/span><span class=\"NormalTextRun SCXW19497820 BCX0\"><span class=\"TextRun SCXW245049403 BCX0\" lang=\"PL-PL\" xml:lang=\"PL-PL\" data-contrast=\"auto\"><span class=\"NormalTextRun SpellingErrorV2Themed SCXW245049403 BCX0\">D<\/span><span class=\"NormalTextRun SpellingErrorV2Themed SCXW245049403 BCX0\">ie<\/span> <span class=\"NormalTextRun SpellingErrorV2Themed SCXW245049403 BCX0\">M\u00f6glichkeit<\/span><span class=\"NormalTextRun SCXW245049403 BCX0\">, <\/span><span class=\"NormalTextRun SpellingErrorV2Themed SCXW245049403 BCX0\">das<\/span><span class=\"NormalTextRun SCXW245049403 BCX0\"> Problem mit <\/span><span class=\"NormalTextRun SpellingErrorV2Themed SCXW245049403 BCX0\">Hilfe<\/span><span class=\"NormalTextRun SCXW245049403 BCX0\"> der <\/span><span class=\"NormalTextRun SpellingErrorV2Themed SCXW245049403 BCX0\">Wissensdatenbank<\/span> <span class=\"NormalTextRun SpellingErrorV2Themed SCXW245049403 BCX0\">selbst<\/span> <span class=\"NormalTextRun SpellingErrorV2Themed SCXW245049403 BCX0\">zu<\/span> <span class=\"NormalTextRun SpellingErrorV2Themed SCXW245049403 BCX0\">l\u00f6sen<\/span><span class=\"NormalTextRun SCXW245049403 BCX0\">.<\/span><\/span><\/span><\/span><\/p>\n<p>&nbsp;<\/p>\n<p>[\/et_pb_text][\/et_pb_column][\/et_pb_row][\/et_pb_section][et_pb_section fb_built=&#8220;1&#8243; _builder_version=&#8220;4.23.1&#8243; _module_preset=&#8220;default&#8220; global_colors_info=&#8220;{}&#8220;][et_pb_row column_structure=&#8220;3_4,1_4&#8243; use_custom_gutter=&#8220;on&#8220; gutter_width=&#8220;2&#8243; module_class=&#8220;automatycy-wiersz-korzysci&#8220; _builder_version=&#8220;4.23.1&#8243; _module_preset=&#8220;default&#8220; locked=&#8220;off&#8220; global_colors_info=&#8220;{}&#8220;][et_pb_column type=&#8220;3_4&#8243; _builder_version=&#8220;4.23.1&#8243; _module_preset=&#8220;default&#8220; global_colors_info=&#8220;{}&#8220;][et_pb_text module_class=&#8220;przecinek-tlo-nizej&#8220; _builder_version=&#8220;4.23.1&#8243; text_text_color=&#8220;#000000&#8243; background_size=&#8220;initial&#8220; background_position=&#8220;top_left&#8220; background_repeat=&#8220;repeat&#8220; use_border_color=&#8220;off&#8220; global_colors_info=&#8220;{}&#8220;]MEINE UNTERST\u00dcTZUNG &#8211; VORTEILE[\/et_pb_text][et_pb_text module_class=&#8220;opis-korzysci&#8220; _builder_version=&#8220;4.23.1&#8243; _module_preset=&#8220;default&#8220; custom_margin=&#8220;20px||||false|false&#8220; hover_enabled=&#8220;0&#8243; global_colors_info=&#8220;{}&#8220; text_orientation=&#8220;justified&#8220; sticky_enabled=&#8220;0&#8243;]<\/p>\n<p><strong><span style=\"color: #dc291e;\">\/<\/span><\/strong><strong>\u00a0Eine Plattform f\u00fcr Hilfe und Kommunikation.<br \/><\/strong><strong><span style=\"color: #dc291e;\">\/<\/span>\u00a0Technischer Support immer <\/strong>verf\u00fcgbar: zu jeder Zeit ist der technische Support hier immer verf\u00fcgbar.<br \/><strong><span style=\"color: #dc291e;\">\/<\/span><\/strong><strong>\u00a0<\/strong>Meldungshistorie &#8211; Ihre historische Kenntnis der Probleme.<br \/><strong><span style=\"color: #dc291e;\">\/<\/span><\/strong><strong>\u00a0<\/strong>Eine fachliche <strong>Wissensbasis<\/strong> mit L\u00f6sungen und Hinweisen, eine Schatzkammer an Fachwissen \u00fcber die Technologie und Ihre L\u00f6sung sowie \u00e4hnliche F\u00e4lle.<br \/><strong><span style=\"color: #dc291e;\">\/<\/span>\u00a0Selbstst\u00e4ndige Probleml\u00f6sung = Unabh\u00e4ngigkeit und eine sofortige L\u00f6sung.<\/strong><\/p>\n<p>[\/et_pb_text][\/et_pb_column][et_pb_column type=&#8220;1_4&#8243; _builder_version=&#8220;4.23.1&#8243; _module_preset=&#8220;default&#8220; global_colors_info=&#8220;{}&#8220;][et_pb_image src=&#8220;https:\/\/www.secowarwick.com\/wp-content\/uploads\/2024\/05\/korzysci.png&#8220; alt=&#8220;korzy\u015bci&#8220; align=&#8220;center&#8220; module_class=&#8220;obraz-korzysci&#8220; _builder_version=&#8220;4.23.1&#8243; _module_preset=&#8220;default&#8220; global_colors_info=&#8220;{}&#8220;][\/et_pb_image][\/et_pb_column][\/et_pb_row][\/et_pb_section]<\/p>\n","protected":false},"excerpt":{"rendered":"<p>MEINE UNTERST\u00dcTZUNG Dein Zugang zum technischen Support, wo du ein Problem melden kannst, das du nicht in\u00a0der Lage bist, selbst zu l\u00f6sen, oder nach einer L\u00f6sung f\u00fcr ein \u00e4hnliches Problem suchen kannst. Im\u00a0Rahmen dieses Moduls hat der Benutzer Zugriff auf den Kundenservice, wo er\u00a0die Meldungen selbst einsehen kann (auf der Suche nach einer L\u00f6sung f\u00fcr [&hellip;]<\/p>\n","protected":false},"author":2,"featured_media":0,"parent":125079,"menu_order":0,"comment_status":"closed","ping_status":"closed","template":"","meta":{"_acf_changed":false,"_et_pb_use_builder":"on","_et_pb_old_content":"","_et_gb_content_width":"","footnotes":""},"class_list":["post-147103","page","type-page","status-publish"],"acf":[],"_links":{"self":[{"href":"https:\/\/www.secowarwick.com\/de\/wp-json\/wp\/v2\/pages\/147103","targetHints":{"allow":["GET"]}}],"collection":[{"href":"https:\/\/www.secowarwick.com\/de\/wp-json\/wp\/v2\/pages"}],"about":[{"href":"https:\/\/www.secowarwick.com\/de\/wp-json\/wp\/v2\/types\/page"}],"author":[{"embeddable":true,"href":"https:\/\/www.secowarwick.com\/de\/wp-json\/wp\/v2\/users\/2"}],"replies":[{"embeddable":true,"href":"https:\/\/www.secowarwick.com\/de\/wp-json\/wp\/v2\/comments?post=147103"}],"version-history":[{"count":9,"href":"https:\/\/www.secowarwick.com\/de\/wp-json\/wp\/v2\/pages\/147103\/revisions"}],"predecessor-version":[{"id":179316,"href":"https:\/\/www.secowarwick.com\/de\/wp-json\/wp\/v2\/pages\/147103\/revisions\/179316"}],"up":[{"embeddable":true,"href":"https:\/\/www.secowarwick.com\/de\/wp-json\/wp\/v2\/pages\/125079"}],"wp:attachment":[{"href":"https:\/\/www.secowarwick.com\/de\/wp-json\/wp\/v2\/media?parent=147103"}],"curies":[{"name":"wp","href":"https:\/\/api.w.org\/{rel}","templated":true}]}}