{"id":147160,"date":"2023-11-13T12:31:25","date_gmt":"2023-11-13T11:31:25","guid":{"rendered":"https:\/\/www.secowarwick.com\/?page_id=147160"},"modified":"2025-10-31T13:13:22","modified_gmt":"2025-10-31T12:13:22","slug":"universeller-kammerofen-vab","status":"publish","type":"page","link":"https:\/\/www.secowarwick.com\/de\/produkte\/vakuum-anlagen\/universeller-kammerofen-vab\/","title":{"rendered":"Universeller Kammerofen VAB"},"content":{"rendered":"<p>[et_pb_section fb_built=&#8220;1&#8243; _builder_version=&#8220;4.16&#8243; global_colors_info=&#8220;{}&#8220;][et_pb_row _builder_version=&#8220;4.16&#8243; background_size=&#8220;initial&#8220; background_position=&#8220;top_left&#8220; background_repeat=&#8220;repeat&#8220; global_colors_info=&#8220;{}&#8220;][et_pb_column type=&#8220;4_4&#8243; _builder_version=&#8220;4.16&#8243; custom_padding=&#8220;|||&#8220; global_colors_info=&#8220;{}&#8220; custom_padding__hover=&#8220;|||&#8220;][et_pb_image src=&#8220;https:\/\/www.secowarwick.com\/wp-content\/uploads\/2023\/10\/Universal-VAB-Chamber-Furnace.jpg&#8220; alt=&#8220;The VAB chamber furnace is designed for vacuum aluminum brazing&#8220; title_text=&#8220;Universal VAB Chamber Furnace&#8220; align_tablet=&#8220;center&#8220; align_phone=&#8220;center&#8220; align_last_edited=&#8220;on|desktop&#8220; _builder_version=&#8220;4.19.2&#8243; global_colors_info=&#8220;{}&#8220;][\/et_pb_image][et_pb_breadcrumbs _builder_version=&#8220;3.6&#8243; global_colors_info=&#8220;{}&#8220;][\/et_pb_breadcrumbs][\/et_pb_column][\/et_pb_row][et_pb_row column_structure=&#8220;3_4,1_4&#8243; _builder_version=&#8220;4.16&#8243; global_colors_info=&#8220;{}&#8220;][et_pb_column type=&#8220;3_4&#8243; _builder_version=&#8220;4.16&#8243; custom_padding=&#8220;|||&#8220; global_colors_info=&#8220;{}&#8220; custom_padding__hover=&#8220;|||&#8220;][et_pb_text _builder_version=&#8220;4.23.1&#8243; text_orientation=&#8220;justified&#8220; custom_margin_tablet=&#8220;&#8220; custom_margin_phone=&#8220;-40px|||&#8220; custom_margin_last_edited=&#8220;on|phone&#8220; global_colors_info=&#8220;{}&#8220;]<\/p>\n<h1>Universeller Kammerofen VAB<\/h1>\n<h2>Vakuumofen mit Hochvakuum und Beschickungssystem \u2013 VAB 2xX<\/h2>\n<p>Der Kammerofen VAB mit Beschickungssystem ist eine Anlage bestimmt f\u00fcr das Vakuuml\u00f6ten von Aluminium. Durch den Einsatz einer effektiven und effizienten Technologie, die kein Flussmittel ben\u00f6tigt (No-Flux-Technologie), kann die Umweltsicherheit deutlich erh\u00f6ht werden, w\u00e4hrend gleichzeitig wiederholbare Ergebnisse erzielt werden. Diese L\u00f6sung garantiert eine hohe Gleichm\u00e4\u00dfigkeit der Erw\u00e4rmung und minimiert Produktionsm\u00e4ngel dank der optimierten Positionierung der Heizelemente, die es\u00a0erm\u00f6glicht, f\u00fcr jede Stelle der Charge die gleichen Bedingungen einzuhalten.<\/p>\n<p>[\/et_pb_text][et_pb_tabs module_class=&#8220;red-tabs eco-tab8&#8243; _builder_version=&#8220;4.23.1&#8243; custom_css_main_element=&#8220;margin-top: 2rem;||margin-bottom: 2rem;&#8220; global_colors_info=&#8220;{}&#8220;][et_pb_tab title=&#8220;\u00dcberblick&#8220; _builder_version=&#8220;4.23.1&#8243; global_colors_info=&#8220;{}&#8220;]<\/p>\n<p>Der Kammerofen VAB mit Beschickungssystem ist mit einem Hochleistungssystem zur Erreichung eines hohen Vakuums und einer optimierten Heizkammer ausgestattet.\u00a0 Dank der entsprechenden Konstruktion und Anordnung der Heizelemente erh\u00e4lt der Kunde hochwertige Teile, insbesondere f\u00fcr das L\u00f6ten von W\u00e4rmetauschern.<\/p>\n<p>Der VAB 2xX ist ein horizontal ausgerichteter Einkammer-Hochvakuumofen bestimmt f\u00fcr das L\u00f6ten von Aluminium. Er\u00a0verf\u00fcgt \u00fcber ein rechteckiges Geh\u00e4use und zwei parallel ausgerichtete Beschickungen. Die Heizkammer besteht aus leicht abnehmbaren Platten, die nach au\u00dfen herausgenommen werden k\u00f6nnen. Au\u00dferdem ist sie mit einem Mehrzonen-Heizsystem ausgestattet, das jede Wand der Kammer und den Raum zwischen den beiden parallelen Beschickungen abdeckt. Diese L\u00f6sung erm\u00f6glicht eine pr\u00e4zise Kontrolle und Temperaturregelung. Das Geh\u00e4use des Ofens wurde in\u00a0Einzelmantelkonstruktion hergestellt, um die Innenwand des Ofens auf Temperatur zu halten und so die Kondensation zu vermeiden. Die gel\u00f6teten Teile werden auf einer Halterung in\u00a0Form von H\u00e4ngern platziert, die auf Schienen aufgeh\u00e4ngt und h\u00e4ngend in\u00a0den Ofen transportiert werden.<\/p>\n<p>[\/et_pb_tab][et_pb_tab title=&#8220;Eigenschaften&#8220; _builder_version=&#8220;4.23.1&#8243; _module_preset=&#8220;default&#8220; global_colors_info=&#8220;{}&#8220;]<\/p>\n<h2>Eigenschaften<\/h2>\n<p><strong><span style=\"color: #dc291e;\">\/<\/span><\/strong> Horizontale Standardkapazit\u00e4t von 1800 kg und mehr<br \/><strong><span style=\"color: #dc291e;\">\/<\/span><\/strong> Betriebstemperatur &#8211; 650\u00b0C<br \/><strong><span style=\"color: #dc291e;\">\/<\/span><\/strong> Temperaturhomogenit\u00e4t +\/-3\u00b0C<br \/><strong><span style=\"color: #dc291e;\">\/<\/span><\/strong> Gleichm\u00e4\u00dfige und effiziente 360\u00b0-Strahlungsheizung<br \/><strong><span style=\"color: #dc291e;\">\/<\/span><\/strong> Partialdruckregelung<br \/><strong><span style=\"color: #dc291e;\">\/<\/span><\/strong> Verarbeitung im\u00a0Hochvakuum bis zu 10<sup>-5<\/sup> mbar<br \/><strong><span style=\"color: #dc291e;\">\/<\/span><\/strong> K\u00fchlgase: N2<br \/><strong><span style=\"color: #dc291e;\">\/<\/span><\/strong> Rechteckige Heizzone aus Metall<br \/><strong><span style=\"color: #dc291e;\">\/<\/span><\/strong> Computer-Steuerungssystem (PLC+IPC), bedienerfreundlich<br \/><strong><span style=\"color: #dc291e;\">\/<\/span><\/strong> Einhaltung globaler Industriestandards<\/p>\n<h2>Automatisches System zur Ofensteuerung SecoVac\u00a0<\/h2>\n<p><strong>Wartungs- und Kontrollfunktionen<\/strong><\/p>\n<p><strong><span style=\"color: #dc291e;\">\/<\/span><\/strong> Funktionelles, benutzerfreundliches, intuitives System<br \/><strong><span style=\"color: #dc291e;\">\/<\/span><\/strong> Unterbrechungsfreie Stromversorgung (USV)<br \/><strong><span style=\"color: #dc291e;\">\/<\/span><\/strong> Vollst\u00e4ndige Visualisierung und umfassendes Management von Notfallsituationen<br \/><strong><span style=\"color: #dc291e;\">\/<\/span><\/strong> Automatische Erstellung von vordefinierten Berichten (grafisch oder numerisch) und mit Export in\u00a0externe Dateien<br \/><strong><span style=\"color: #dc291e;\">\/<\/span><\/strong> Hierarchie der Benutzerzugriffsebenen<br \/><strong><span style=\"color: #dc291e;\">\/<\/span><\/strong> Fernsteuerung und \u00dcberwachung<br \/><strong><span style=\"color: #dc291e;\">\/<\/span><\/strong> Individuelle Konfiguration aller Datenanalysegrafiken und -ausdrucke<br \/><strong><span style=\"color: #dc291e;\">\/<\/span><\/strong> Vollst\u00e4ndige Integration in\u00a0die SCADA-Software &#8211; keine Installation zus\u00e4tzlicher Software erforderlich<\/p>\n<h2>Produktionsfunktionen<\/h2>\n<p><strong><span style=\"color: #dc291e;\">\/<\/span><\/strong> Benutzerfreundliche Programmierung der Systemprozesse des Ofens<br \/><strong><span style=\"color: #dc291e;\">\/<\/span><\/strong> Fortschrittliches Prozessmanagement mit einer unbegrenzten Anzahl von Rezepturen<br \/><strong><span style=\"color: #dc291e;\">\/<\/span><\/strong> System zur Absicherung gegen fehlerhafte Auswahl technologischer Programme<\/p>\n<h2>Betriebliche Funktionen<\/h2>\n<p><strong><span style=\"color: #dc291e;\">\/<\/span><\/strong> Betriebsstundenz\u00e4hler, M\u00f6glichkeit zur Planung periodischer Inspektionen<br \/><strong><span style=\"color: #dc291e;\">\/<\/span><\/strong> Mehrere Sprachen<br \/><strong><span style=\"color: #dc291e;\">\/<\/span><\/strong> \u00dcberwachung der Lebensdauer von Thermoelementen<br \/><strong><span style=\"color: #dc291e;\">\/<\/span><\/strong> Gespeicherte Betriebshistorie<br \/><strong><span style=\"color: #dc291e;\">\/<\/span><\/strong> \u00dcberwachung des Medienverbrauchs, mit optionalen Nachf\u00fcllwarnungen<br \/><strong><span style=\"color: #dc291e;\">\/<\/span><\/strong> Zweistufiger Warnalarm &#8211; Farbcodierung erm\u00f6glicht sofortige Identifizierung von Alarmen<br \/><strong><span style=\"color: #dc291e;\">\/<\/span><\/strong> Einfache Systemsicherung<\/p>\n<h2>Management-Funktionen<\/h2>\n<p><strong><span style=\"color: #dc291e;\">\/<\/span><\/strong> Integration mit \u00fcbergeordneten Verwaltungssystemen<br \/><strong><span style=\"color: #dc291e;\">\/<\/span><\/strong> Datensicherheit durch verschiedene Ebenen des Benutzerzugriffs<br \/><strong><span style=\"color: #dc291e;\">\/<\/span><\/strong> Produktionsoptimierung auf Basis der gesammelten Informationen<br \/><strong><span style=\"color: #dc291e;\">\/<\/span><\/strong> Reduzierte Belastung des Bedienpersonals durch die Automatisierung der Produktion<br \/><strong><span style=\"color: #dc291e;\">\/<\/span><\/strong> Programmierbare Verz\u00f6gerung der Startzeit\/des Startdatums des Prozesses mit der Option einer GSM (Global System for Mobile Communication) Benachrichtigung<br \/><strong><span style=\"color: #dc291e;\">\/<\/span><\/strong> Langfristige Datenaufzeichnung und Fernzugriff auf archivierte Informationen<br \/><strong><span style=\"color: #dc291e;\">\/<\/span><\/strong> Der Anwendungsbrowser bietet schreibgesch\u00fctzten Zugriff auf Daten<\/p>\n<h2>Modelle<\/h2>\n<p>450x1580x1780<\/p>\n<h2>DEDIZIERTE ZUSATZGER\u00c4TE<\/h2>\n<p><strong><span style=\"color: #dc291e;\">\/<\/span><\/strong> Manuelle und\/oder automatische Ladeger\u00e4te<br \/><strong><span style=\"color: #dc291e;\">\/<\/span><\/strong> Beschickungsstation<br \/><strong><span style=\"color: #dc291e;\">\/<\/span><\/strong> K\u00fchlstation<br \/><strong><span style=\"color: #dc291e;\">\/<\/span><\/strong> Ausr\u00fcstung aus rostfreiem Stahl<br \/><strong><span style=\"color: #dc291e;\">\/<\/span><\/strong> Geschlossenes K\u00fchlwassersystem (ZOWOCH)<br \/><strong><span style=\"color: #dc291e;\">\/<\/span><\/strong> Gaspuffertank<br \/><strong><span style=\"color: #dc291e;\">\/<\/span><\/strong> Helium-Recycling-System<br \/><strong><span style=\"color: #dc291e;\">\/<\/span><\/strong> L\u00e4rmschutz f\u00fcr das Pumpensystem<br \/><strong><span style=\"color: #dc291e;\">\/<\/span><\/strong> Taupunktmesssystem am\u00a0Gaseingang<br \/><strong><span style=\"color: #dc291e;\">\/<\/span><\/strong> Separate K\u00e4ltemaschine zur K\u00fchlung der Diffusionspumpe<br \/><strong><span style=\"color: #dc291e;\">\/<\/span><\/strong> Speicher f\u00fcr Temperaturverteilung oder Datapaq<br \/><strong><span style=\"color: #dc291e;\">\/<\/span><\/strong> Zeitsparender Ersatzteilsatz<\/p>\n<p>[\/et_pb_tab][et_pb_tab title=&#8220;Vorteile &#8220; _builder_version=&#8220;4.19.2&#8243; global_colors_info=&#8220;{}&#8220;]<\/p>\n<p><strong><span style=\"color: #e31300;\">\/ <\/span><\/strong>Wiederholbarkeit der Ergebnisse<br \/><strong><span style=\"color: #e31300;\">\/ <\/span><\/strong>Gute und robuste L\u00f6tverbindung<br \/><strong><span style=\"color: #e31300;\">\/ <\/span><\/strong>Kann mit anderen Ger\u00e4ten kombiniert werden (Ent\u00f6ler)<br \/><strong><span style=\"color: #e31300;\">\/ <\/span><\/strong>Sauberkeit der Teile\/keine Oxidation<br \/><strong><span style=\"color: #e31300;\">\/ <\/span><\/strong>Hohe Qualit\u00e4t und perfekter Oberfl\u00e4chenschutz der Teile<br \/><strong><span style=\"color: #e31300;\">\/ <\/span><\/strong>Geringer Verbrauch von Energie, Prozessgasen und anderen Medien<br \/><strong><span style=\"color: #e31300;\">\/ <\/span><\/strong>Umweltfreundlich mit geringer Emission von Prozessgasen<br \/><strong><span style=\"color: #e31300;\">\/ <\/span><\/strong>Einfacher, modularer Aufbau, abgestimmt und angepasst an Aufgaben und Bedingungen im&nbsp;Betrieb<br \/><strong><span style=\"color: #e31300;\">\/ <\/span><\/strong>Garantierte Qualit\u00e4t und wiederholbare Prozessergebnisse<br \/><strong><span style=\"color: #e31300;\">\/ <\/span><\/strong>Unterst\u00fctzung bei der vorbeugenden Wartung<br \/><strong><span style=\"color: #e31300;\">\/ <\/span><\/strong>Fernsteuerung und \u00dcberwachung<br \/><strong><span style=\"color: #e31300;\">\/ <\/span><\/strong>Schnelle Lieferung und einfache Montage<br \/><strong><span style=\"color: #e31300;\">\/ <\/span><\/strong>M\u00f6glichkeit der Anpassung an Kundenw\u00fcnsche<\/p>\n<p>[\/et_pb_tab][et_pb_tab title=&#8220;Optionen&#8220; _builder_version=&#8220;4.23.1&#8243; _module_preset=&#8220;default&#8220; global_colors_info=&#8220;{}&#8220;]<\/p>\n<h2>Optionen des Ofens<\/h2>\n<p><strong><span style=\"color: #dc291e;\">\/<\/span> <\/strong>Hochvakuum dank Diffusionspumpe, Kryopumpe oder Turbomolekularpumpe<br \/><strong><span style=\"color: #dc291e;\">\/<\/span> <\/strong>Betrieb bei h\u00f6heren Temperaturen<br \/><strong><span style=\"color: #dc291e;\">\/<\/span> <\/strong>Mehrkammer-Temperaturkontrolle<br \/><strong><span style=\"color: #dc291e;\">\/<\/span> <\/strong>Tieftemperatur- und Kryogenfalle<br \/><strong><span style=\"color: #dc291e;\">\/<\/span> <\/strong>Farbauswahl<\/p>\n<h2><strong><br \/><\/strong>Optionen f\u00fcr das Steuerungssystem<\/h2>\n<p><strong><span style=\"color: #dc291e;\">\/<\/span> <\/strong>Wahl des Steuerungssystems &#8211; PLC, IPC<br \/><strong><span style=\"color: #dc291e;\">\/<\/span> <\/strong>Steuerung f\u00fcr Energiemanagementsystem<br \/><strong><span style=\"color: #dc291e;\">\/<\/span> <\/strong>Unabh\u00e4ngiger Datenrekorder<br \/><strong><span style=\"color: #dc291e;\">\/<\/span> <\/strong>Fernsteuerung und \u00dcberwachung<br \/><strong><span style=\"color: #dc291e;\">\/<\/span> <\/strong>Klimatisierter Schaltschrank<\/p>\n<h2>Optionale Prozesse<\/h2>\n<p><strong><span style=\"color: #dc291e;\">\/<\/span> <\/strong>Isothermes und kontrolliertes Abk\u00fchlen<br \/><strong><span style=\"color: #dc291e;\">\/<\/span> <\/strong>Anlassen<\/p>\n<p>[\/et_pb_tab][et_pb_tab title=&#8220;Prozesse&#8220; _builder_version=&#8220;4.19.2&#8243; global_colors_info=&#8220;{}&#8220;]<span style=\"color: #e31300;\"><strong>\/ <\/strong><\/span>L\u00f6ten[\/et_pb_tab][et_pb_tab title=&#8220;Industriezweige&#8220; _builder_version=&#8220;4.19.2&#8243; global_colors_info=&#8220;{}&#8220;]<\/p>\n<p><span style=\"color: #e31300;\"><strong>\/ <\/strong><\/span>Heizungs-, L\u00fcftungs-, Klima- und K\u00e4ltetechnikindustrie (HVAC&amp;R)<br \/><span style=\"color: #e31300;\"><strong>\/ <\/strong><\/span> Automobil- und Offroad-Industrie<br \/><span style=\"color: #e31300;\"><strong>\/ <\/strong><\/span>Stromgeneratoren und Kraftwerke<br \/><span style=\"color: #e31300;\"><strong>\/ <\/strong><\/span>Luft- und Raumfahrt<br \/><span style=\"color: #e31300;\"><strong>\/ <\/strong><\/span>Eisenbahn<br \/><span style=\"color: #e31300;\"><strong>\/ <\/strong><\/span>Elektronik<br \/><span style=\"color: #e31300;\"><strong>\/ <\/strong><\/span> Haushaltsger\u00e4te<\/p>\n<p>[\/et_pb_tab][et_pb_tab title=&#8220;Werkstoffe&#8220; _builder_version=&#8220;4.19.2&#8243; global_colors_info=&#8220;{}&#8220;]<\/p>\n<p><strong><span style=\"color: #dc291e;\">\/<\/span><\/strong> Alle Aluminiumlegierungen, die mit Flussmittel gel\u00f6tet werden k\u00f6nnen, k\u00f6nnen vakuumgel\u00f6tet werden. Dar\u00fcber hinaus k\u00f6nnen einige magnesiumhaltige Aluminiumlegierungen (z.B. die Serie 5xxx), die nicht leicht mit Flussmittel gel\u00f6tet werden k\u00f6nnen, vakuumgel\u00f6tet werden<br \/><strong><span style=\"color: #dc291e;\">\/<\/span><\/strong> Mit den richtigen Techniken k\u00f6nnen Legierungen der Serien lxxx, 3xxx, 5xxx und 7xxx vakuumgel\u00f6tet werden<strong><\/p>\n<p><\/strong><\/p>\n<p>[\/et_pb_tab][et_pb_tab title=&#8220;Eigenschaften&#8220; _builder_version=&#8220;4.23.1&#8243; global_colors_info=&#8220;{}&#8220;]<\/p>\n<p>Das flussmittelfreie L\u00f6ten (fluxless brazing) im\u00a0Vakuum bietet den Vorteil, dass Flussmitteleinschl\u00fcsse eliminiert werden k\u00f6nnen und Blindhohlr\u00e4ume, gekr\u00fcmmte Bahnen und kleine \u00dcberg\u00e4nge in\u00a0gel\u00f6teten Teilen gestaltet werden k\u00f6nnen, ohne dass es\u00a0zu den nachteiligen Auswirkungen kommt, die mit der Flussmittelentfernung und dem Einschluss von Flussmittel nach dem L\u00f6ten verbunden sind. Die pr\u00e4zise Temperaturkontrolle erm\u00f6glicht die Nutzung des engen L\u00f6ttemperaturbereichs, der f\u00fcr diese Art von Material zur Verf\u00fcgung steht.<\/p>\n<p>[\/et_pb_tab][et_pb_tab title=&#8220; &#8220; _builder_version=&#8220;4.23.1&#8243; _module_preset=&#8220;default&#8220; global_colors_info=&#8220;{}&#8220;]<\/p>\n<p><strong><span style=\"color: #dc291e;\">\/ <\/span><\/strong>Vakuum als Schutz- und Prozessatmosph\u00e4re eliminiert den Bedarf f\u00fcr die Anwendung der sch\u00e4dlichen Prozessgase und deren Aussto\u00df in&nbsp;die Umwelt<br \/><strong><span style=\"color: #dc291e;\">\/ <\/span><\/strong>Keine CO2-Emissionen, kein Einsatz fossiler Brennstoffe<br \/><strong><span style=\"color: #dc291e;\">\/ <\/span><\/strong>Verwendung des umweltneutralen K\u00fchlgases (Stickstoff, Argon), das aus der Luft gewonnen und in&nbsp;die Luft abgegeben wird<br \/><strong><span style=\"color: #dc291e;\">\/ <\/span><\/strong>Verbesserte W\u00e4rmed\u00e4mmung spart Strom (ca. 20%)<br \/><strong><span style=\"color: #dc291e;\">\/ <\/span><\/strong>Hohe Energieeffizienz der verwendeten elektrischen Bauelementen (Elektromotoren gem\u00e4\u00df Leistungsklasse IE3, Wechselrichtersteuerung, usw.)<br \/><strong><span style=\"color: #dc291e;\">\/ <\/span><\/strong>Einsatz von Systemen und Algorithmen, die den Verbrauch von Energie und Prozessfaktoren reduzieren (Pumpen-, Heiz- und K\u00fchlsystem)<br \/><strong><span style=\"color: #dc291e;\">\/ <\/span><\/strong>Keine Schadstoffemissionen<br \/><strong><span style=\"color: #dc291e;\">\/ <\/span><\/strong>Verringerung der H\u00e4rteverformungen und der Hartbearbeitungskosten (hard machining)<br \/><strong><span style=\"color: #dc291e;\">\/ <\/span><\/strong>Eliminierung der Teilereinigung nach der W\u00e4rmebehandlung<\/p>\n<p>[\/et_pb_tab][\/et_pb_tabs][et_pb_code _builder_version=&#8220;4.19.2&#8243; _module_preset=&#8220;default&#8220; saved_tabs=&#8220;all&#8220; global_colors_info=&#8220;{}&#8220;]<pee style=\"text-align: center;\"><a class=\"small-button smallred\" style=\"font-size: 20px; padding: 20px 60px;\" href=\"https:\/\/www.secowarwick.com\/de\/fordern-sie-hier-ihr-angebot-an\/\"><span style=\"display: block; transform: skew(15deg,0deg); -webkit-transform: skew(15deg,0deg); font-size: 20px; !important\">UM EIN ANGEBOT BITTEN<\/span><\/a><\/pee>[\/et_pb_code][\/et_pb_column][et_pb_column type=&#8220;1_4&#8243; _builder_version=&#8220;4.16&#8243; custom_padding=&#8220;|||&#8220; global_colors_info=&#8220;{}&#8220; custom_padding__hover=&#8220;|||&#8220;][et_pb_gallery gallery_ids=&#8220;81630,81623,81585,81593,81602,81616,81564,81571,75681&#8243; posts_number=&#8220;1&#8243; show_title_and_caption=&#8220;off&#8220; show_pagination=&#8220;off&#8220; zoom_icon_color=&#8220;#e2001a&#8220; module_class=&#8220;seco-products-gallery-new&#8220; _builder_version=&#8220;4.23.1&#8243; custom_css_overlay_icon=&#8220;content:&#8217;GALERIE ANSEHEN&#8216; !important;&#8220; global_colors_info=&#8220;{}&#8220;][\/et_pb_gallery][et_pb_text admin_label=&#8220;btn_de_premiumlibrary&#8220; module_class=&#8220;premium-library-button&#8220; _builder_version=&#8220;4.23.1&#8243; _module_preset=&#8220;default&#8220; text_orientation=&#8220;center&#8220; global_module=&#8220;157246&#8243; global_colors_info=&#8220;{}&#8220;]<\/p>\n<a href='https:\/\/www.secowarwick.com\/de\/premiuminhalte\/' class='small-button smallred'><span>PREMIUMINHALTE<\/span><\/a>\n<p>[\/et_pb_text][et_pb_text admin_label=&#8220;R&#038;D de&#8220; module_class=&#8220;product_widget_wrap_rd&#8220; _builder_version=&#8220;4.23.1&#8243; _module_preset=&#8220;default&#8220; text_orientation=&#8220;center&#8220; global_module=&#8220;167836&#8243; saved_tabs=&#8220;all&#8220; locked=&#8220;off&#8220; global_colors_info=&#8220;{}&#8220;]<\/p>\n<p><a href=\"https:\/\/www.secowarwick.com\/de\/rd\/\"><span class=\"product_wigtet_name\">R&amp;D<\/span><\/a><\/p>\n<p>[\/et_pb_text][et_pb_text admin_label=&#8220;AUTOMATYKA de&#8220; module_class=&#8220;product_widget_wrap_automation&#8220; _builder_version=&#8220;4.23.1&#8243; _module_preset=&#8220;default&#8220; global_module=&#8220;167905&#8243; saved_tabs=&#8220;all&#8220; locked=&#8220;off&#8220; global_colors_info=&#8220;{}&#8220;]<\/p>\n<p><a href=\"https:\/\/www.secowarwick.com\/de\/service\/automatisierung\/\"><span class=\"product_wigtet_name\">AUTOMATISIERUNG<\/span><\/a><\/p>\n<p>[\/et_pb_text][et_pb_text admin_label=&#8220;SERVICE de&#8220; module_class=&#8220;product_widget_wrap_service&#8220; _builder_version=&#8220;4.23.1&#8243; _module_preset=&#8220;default&#8220; global_module=&#8220;167860&#8243; saved_tabs=&#8220;all&#8220; locked=&#8220;off&#8220; global_colors_info=&#8220;{}&#8220;]<\/p>\n<p><a href=\"https:\/\/www.secowarwick.com\/de\/professionelle-service-dienstleistungen\/\"><span class=\"product_wigtet_name\">SERVICE<\/span><\/a><\/p>\n<p>[\/et_pb_text][et_pb_text admin_label=&#8220;SUPLEMENTALS de&#8220; module_class=&#8220;product_widget_wrap_supleme&#8220; _builder_version=&#8220;4.23.1&#8243; _module_preset=&#8220;default&#8220; global_module=&#8220;167915&#8243; saved_tabs=&#8220;all&#8220; locked=&#8220;off&#8220; global_colors_info=&#8220;{}&#8220;]<\/p>\n<p><span class=\"product_wigtet_name\">ZUSATZSTOFFE:<\/span><\/p>\n<p>[\/et_pb_text][et_pb_text admin_label=&#8220;Product brochure&#8220; module_class=&#8220;suplementals_product_brochure suplementals_wrap&#8220; _builder_version=&#8220;4.23.1&#8243; _module_preset=&#8220;default&#8220; hover_enabled=&#8220;0&#8243; locked=&#8220;off&#8220; global_colors_info=&#8220;{}&#8220; sticky_enabled=&#8220;0&#8243;]<\/p>\n<p><a href=\"https:\/\/www.secowarwick.com\/wp-content\/uploads\/2025\/10\/VAC-VAB-Line-WWW.pdf\" target=\"_blank\" rel=\"noopener\">Produktbrosch\u00fcre<\/a><\/p>\n<p>[\/et_pb_text][et_pb_text admin_label=&#8220;Product catalogue de&#8220; module_class=&#8220;suplementals_product_catalogue suplementals_wrap&#8220; _builder_version=&#8220;4.23.1&#8243; _module_preset=&#8220;default&#8220; global_module=&#8220;169659&#8243; saved_tabs=&#8220;all&#8220; locked=&#8220;off&#8220; global_colors_info=&#8220;{}&#8220;]<\/p>\n<p><a href=\"https:\/\/www.secowarwick.com\/wp-content\/uploads\/2025\/01\/VAC_catalogue_2024_web.pdf\" target=\"_blank\" rel=\"noopener\">Produktkatalog<\/a><\/p>\n<p>[\/et_pb_text][et_pb_text admin_label=&#8220;Product movie playlista de&#8220; module_class=&#8220;suplementals_product_movie suplementals_wrap&#8220; _builder_version=&#8220;4.23.1&#8243; _module_preset=&#8220;default&#8220; global_module=&#8220;169661&#8243; saved_tabs=&#8220;all&#8220; locked=&#8220;off&#8220; global_colors_info=&#8220;{}&#8220;]<\/p>\n<p><a href=\"https:\/\/www.youtube.com\/playlist?list=PLa0hhW_hoQqEsIHM5LQtr9h_9UlwGFBO8\" target=\"_blank\" rel=\"noopener\">Produktvideo<\/a><\/p>\n<p>[\/et_pb_text][et_pb_text admin_label=&#8220;dnabook-de&#8220; module_class=&#8220;suplementals_product_dna suplementals_wrap&#8220; _builder_version=&#8220;4.23.1&#8243; _module_preset=&#8220;default&#8220; global_module=&#8220;167874&#8243; saved_tabs=&#8220;all&#8220; locked=&#8220;off&#8220; global_colors_info=&#8220;{}&#8220;]<\/p>\n<p><a href=\"https:\/\/www.secowarwick.com\/wp-content\/uploads\/2025\/07\/DNA_BOOK.pdf\" target=\"_blank\" rel=\"noopener\">DNA\/BOOK<\/a><\/p>\n<p>[\/et_pb_text][et_pb_text admin_label=&#8220;ECO\/BOOK-de&#8220; module_class=&#8220;suplementals_product_eco suplementals_wrap&#8220; _builder_version=&#8220;4.23.1&#8243; _module_preset=&#8220;default&#8220; global_module=&#8220;167797&#8243; locked=&#8220;off&#8220; global_colors_info=&#8220;{}&#8220;]<\/p>\n<p><a href=\"https:\/\/www.secowarwick.com\/wp-content\/uploads\/2023\/06\/ECOBOOK.pdf\" target=\"_blank\" rel=\"noopener\">ECO\/BOOK<\/a><\/p>\n<p>[\/et_pb_text][et_pb_text admin_label=&#8220;product-widget-rfq-de&#8220; module_class=&#8220;product_widget_wrap_rfq-en&#8220; _builder_version=&#8220;4.23.1&#8243; _module_preset=&#8220;default&#8220; global_module=&#8220;186250&#8243; saved_tabs=&#8220;all&#8220; locked=&#8220;off&#8220; global_colors_info=&#8220;{}&#8220;]<\/p>\n<p style=\"text-align: center;\"><a class=\"small-button smallred\" href=\"https:\/\/www.secowarwick.com\/de\/fordern-sie-hier-ihr-angebot-an\/\"><span class=\"product_wigtet_name\">FRAGE NACH MEHR<\/span><\/a><\/p>\n<p>[\/et_pb_text][\/et_pb_column][\/et_pb_row][\/et_pb_section]<\/p>\n","protected":false},"excerpt":{"rendered":"<p>[et_pb_breadcrumbs _builder_version=&#8220;3.6&#8243; global_colors_info=&#8220;{}&#8220;][\/et_pb_breadcrumbs]Universeller Kammerofen VAB Vakuumofen mit Hochvakuum und Beschickungssystem \u2013 VAB 2xX Der Kammerofen VAB mit Beschickungssystem ist eine Anlage bestimmt f\u00fcr das Vakuuml\u00f6ten von Aluminium. Durch den Einsatz einer effektiven und effizienten Technologie, die kein Flussmittel ben\u00f6tigt (No-Flux-Technologie), kann die Umweltsicherheit deutlich erh\u00f6ht werden, w\u00e4hrend gleichzeitig wiederholbare Ergebnisse erzielt werden. Diese L\u00f6sung garantiert [&hellip;]<\/p>\n","protected":false},"author":2,"featured_media":0,"parent":7218,"menu_order":0,"comment_status":"closed","ping_status":"closed","template":"","meta":{"_acf_changed":false,"_et_pb_use_builder":"on","_et_pb_old_content":"","_et_gb_content_width":"","footnotes":""},"class_list":["post-147160","page","type-page","status-publish"],"acf":[],"_links":{"self":[{"href":"https:\/\/www.secowarwick.com\/de\/wp-json\/wp\/v2\/pages\/147160","targetHints":{"allow":["GET"]}}],"collection":[{"href":"https:\/\/www.secowarwick.com\/de\/wp-json\/wp\/v2\/pages"}],"about":[{"href":"https:\/\/www.secowarwick.com\/de\/wp-json\/wp\/v2\/types\/page"}],"author":[{"embeddable":true,"href":"https:\/\/www.secowarwick.com\/de\/wp-json\/wp\/v2\/users\/2"}],"replies":[{"embeddable":true,"href":"https:\/\/www.secowarwick.com\/de\/wp-json\/wp\/v2\/comments?post=147160"}],"version-history":[{"count":48,"href":"https:\/\/www.secowarwick.com\/de\/wp-json\/wp\/v2\/pages\/147160\/revisions"}],"predecessor-version":[{"id":186532,"href":"https:\/\/www.secowarwick.com\/de\/wp-json\/wp\/v2\/pages\/147160\/revisions\/186532"}],"up":[{"embeddable":true,"href":"https:\/\/www.secowarwick.com\/de\/wp-json\/wp\/v2\/pages\/7218"}],"wp:attachment":[{"href":"https:\/\/www.secowarwick.com\/de\/wp-json\/wp\/v2\/media?parent=147160"}],"curies":[{"name":"wp","href":"https:\/\/api.w.org\/{rel}","templated":true}]}}