{"id":147187,"date":"2023-11-19T09:40:54","date_gmt":"2023-11-19T08:40:54","guid":{"rendered":"https:\/\/www.secowarwick.com\/?page_id=147187"},"modified":"2025-10-31T13:20:33","modified_gmt":"2025-10-31T12:20:33","slug":"vakuumofen-zum-entoelen","status":"publish","type":"page","link":"https:\/\/www.secowarwick.com\/de\/produkte\/vakuum-anlagen\/vakuumofen-zum-entoelen\/","title":{"rendered":"Vakuumofen zum Ent\u00f6len"},"content":{"rendered":"<p>[et_pb_section fb_built=&#8220;1&#8243; _builder_version=&#8220;4.16&#8243; global_colors_info=&#8220;{}&#8220;][et_pb_row _builder_version=&#8220;4.16&#8243; background_size=&#8220;initial&#8220; background_position=&#8220;top_left&#8220; background_repeat=&#8220;repeat&#8220; global_colors_info=&#8220;{}&#8220;][et_pb_column type=&#8220;4_4&#8243; _builder_version=&#8220;4.16&#8243; custom_padding=&#8220;|||&#8220; global_colors_info=&#8220;{}&#8220; custom_padding__hover=&#8220;|||&#8220;][et_pb_image src=&#8220;https:\/\/www.secowarwick.com\/wp-content\/uploads\/2023\/10\/VAB-Furnace-for-removing-residual-oil.jpg&#8220; alt=&#8220;Furnace for removing residual oil from the forming  process or pressing of parts&#8220; title_text=&#8220;VAB Furnace for removing residual oil&#8220; align_tablet=&#8220;center&#8220; align_phone=&#8220;center&#8220; align_last_edited=&#8220;on|desktop&#8220; _builder_version=&#8220;4.19.2&#8243; global_colors_info=&#8220;{}&#8220;][\/et_pb_image][et_pb_breadcrumbs _builder_version=&#8220;3.6&#8243; global_colors_info=&#8220;{}&#8220;][\/et_pb_breadcrumbs][\/et_pb_column][\/et_pb_row][et_pb_row column_structure=&#8220;3_4,1_4&#8243; _builder_version=&#8220;4.16&#8243; global_colors_info=&#8220;{}&#8220;][et_pb_column type=&#8220;3_4&#8243; _builder_version=&#8220;4.16&#8243; custom_padding=&#8220;|||&#8220; global_colors_info=&#8220;{}&#8220; custom_padding__hover=&#8220;|||&#8220;][et_pb_text _builder_version=&#8220;4.23.1&#8243; text_orientation=&#8220;justified&#8220; custom_margin_tablet=&#8220;&#8220; custom_margin_phone=&#8220;-40px|||&#8220; custom_margin_last_edited=&#8220;on|phone&#8220; global_colors_info=&#8220;{}&#8220;]<\/p>\n<h1>Vakuumofen zum Ent\u00f6len<\/h1>\n<h2>Entfernung von Rest\u00f6l aus dem Guss oder dem Pressen von Teilen vor der weiteren W\u00e4rmebehandlung.<\/h2>\n<p>Ein Vakuum-Ent\u00f6lungssystem wird verwendet, um Rest\u00f6l aus dem Form- oder Stanzprozess eines Teils zu entfernen.\u00a0 Es\u00a0wird vor einer weiteren W\u00e4rmebehandlung, meist dem L\u00f6ten, durchgef\u00fchrt.\u00a0 Dieser Vorgang ist notwendig, um sicherzustellen, dass das Teil vor dem L\u00f6tprozess ausreichend sauber ist.\u00a0 Beim Entfernen des \u00d6ls wird das Teil unter Vakuum auf die \u00d6lverdampfungstemperatur erhitzt.\u00a0 Die Temperatur im\u00a0Ofen wird durch ein Mehrzonen-Heizsystem geregelt, das eine pr\u00e4zise Kontrolle und Temperatureinstellung erm\u00f6glicht.\u00a0 Ein speziell entwickeltes Pumpensystem entfernt den \u00d6ldampf aus dem Ofenraum, der dann im\u00a0Auslasssystem kondensiert wird.\u00a0 Das zur\u00fcckgewonnene \u00d6l wird in\u00a0einem Tank gelagert.<\/p>\n<p>[\/et_pb_text][et_pb_tabs module_class=&#8220;red-tabs  eco-tab6&#8243; _builder_version=&#8220;4.23.1&#8243; custom_css_main_element=&#8220;margin-top: 2rem;||margin-bottom: 2rem;&#8220; global_colors_info=&#8220;{}&#8220;][et_pb_tab title=&#8220;Vorteile &#8220; _builder_version=&#8220;4.23.1&#8243; global_colors_info=&#8220;{}&#8220;]<\/p>\n<p><strong><span style=\"color: #e31300;\">\/ <\/span><\/strong>Hohe Qualit\u00e4t und perfekter Oberfl\u00e4chenschutz der Teile<br \/><strong><span style=\"color: #e31300;\">\/ <\/span><\/strong>Geringer Verbrauch von Energie, Prozessgasen und anderen Medien<br \/><strong><span style=\"color: #e31300;\">\/ <\/span><\/strong>Umweltfreundlich mit geringer Emission von Prozessgasen<br \/><strong><span style=\"color: #e31300;\">\/ <\/span><\/strong>Einfacher, modularer Aufbau, abgestimmt und angepasst an Aufgaben und Bedingungen im\u00a0Betrieb<br \/><strong><span style=\"color: #e31300;\">\/ <\/span><\/strong>Garantierte Qualit\u00e4t und wiederholbare Prozessergebnisse<br \/><strong><span style=\"color: #e31300;\">\/ <\/span><\/strong>Unterst\u00fctzung bei der vorbeugenden Wartung<br \/><strong><span style=\"color: #e31300;\">\/ <\/span><\/strong>Fernsteuerung und \u00dcberwachung<br \/><strong><span style=\"color: #e31300;\">\/ <\/span><\/strong>Schnelle Lieferung und einfache Montage<br \/><strong><span style=\"color: #e31300;\">\/ <\/span><\/strong>M\u00f6glichkeit der Anpassung an Kundenw\u00fcnsche<br \/><strong><span style=\"color: #e31300;\">\/ <\/span><\/strong>M\u00f6glichkeit der Integration mit einem L\u00f6tofen<\/p>\n<p>[\/et_pb_tab][et_pb_tab title=&#8220;Prozesse&#8220; _builder_version=&#8220;4.23.1&#8243; global_colors_info=&#8220;{}&#8220;]<\/p>\n<p><span style=\"color: #e31300;\"><strong>\/ <\/strong><\/span>Spezielle Prozesse<\/p>\n<p>[\/et_pb_tab][et_pb_tab title=&#8220;Industriezweige&#8220; _builder_version=&#8220;4.19.2&#8243; global_colors_info=&#8220;{}&#8220;]<\/p>\n<p><span style=\"color: #e31300;\"><strong>\/ <\/strong><\/span>Automobilindustrie<br \/><span style=\"color: #e31300;\"><strong>\/ <\/strong><\/span> Maschinenindustrie<\/p>\n<p>[\/et_pb_tab][et_pb_tab title=&#8220;Werkstoffe&#8220; _builder_version=&#8220;4.19.2&#8243; global_colors_info=&#8220;{}&#8220;]<\/p>\n<p><strong><span style=\"color: #ff0000;\">\/<\/span><\/strong> Aluminiumlegierungen<\/p>\n<p>[\/et_pb_tab][et_pb_tab title=&#8220;Eigenschaften&#8220; _builder_version=&#8220;4.23.1&#8243; _module_preset=&#8220;default&#8220; global_colors_info=&#8220;{}&#8220;]<\/p>\n<p><span style=\"color: #e31300;\"><strong>\/ <\/strong><\/span>Horizontale Standardkapazit\u00e4t von 1300 kg und mehr<br \/><span style=\"color: #e31300;\"><strong>\/ <\/strong><\/span>Betriebstemperatur &#8211; 380\u00b0C<br \/><span style=\"color: #e31300;\"><strong>\/ <\/strong><\/span>Temperaturhomogenit\u00e4t +\/-6\u00b0C \/ +\/-10\u00b0F<br \/><span style=\"color: #e31300;\"><strong>\/ <\/strong><\/span>Partialdruckregelung<br \/><span style=\"color: #e31300;\"><strong>\/ <\/strong><\/span>Verarbeitung im\u00a0Hochvakuum bis zu 10<sup>-2<\/sup> mbar<br \/><span style=\"color: #e31300;\"><strong>\/ <\/strong><\/span>K\u00fchlgase: N2,<br \/><span style=\"color: #e31300;\"><strong>\/ <\/strong><\/span>Computer-Steuerungssystem (PLC+IPC), bedienerfreundlich<br \/><span style=\"color: #e31300;\"><strong>\/ <\/strong><\/span>Einhaltung globaler Industriestandards<\/p>\n<h2>Automatisches System zur Ofensteuerung SecoVac\u00a0<\/h2>\n<p><strong>Wartungs- und Kontrollfunktionen<\/strong><\/p>\n<p><span style=\"color: #e31300;\"><strong>\/ <\/strong><\/span>Funktionelles, benutzerfreundliches, intuitives System<br \/><span style=\"color: #e31300;\"><strong>\/ <\/strong><\/span>Unterbrechungsfreie Stromversorgung (USV)<br \/><span style=\"color: #e31300;\"><strong>\/ <\/strong><\/span>Vollst\u00e4ndige Visualisierung und umfassendes Management von Notfallsituationen<br \/><span style=\"color: #e31300;\"><strong>\/ <\/strong><\/span>Automatische Erstellung von vordefinierten Berichten (grafisch oder numerisch) und mit Export in\u00a0externe Dateien<br \/><span style=\"color: #e31300;\"><strong>\/ <\/strong><\/span>Hierarchie der Benutzerzugriffsebenen<br \/><span style=\"color: #e31300;\"><strong>\/ <\/strong><\/span>Fernsteuerung und \u00dcberwachung<br \/><span style=\"color: #e31300;\"><strong>\/ <\/strong><\/span>Individuelle Konfiguration aller Datenanalysegrafiken und -ausdrucke<br \/><span style=\"color: #e31300;\"><strong>\/ <\/strong><\/span>Vollst\u00e4ndige Integration in\u00a0die SCADA-Software &#8211; keine Installation zus\u00e4tzlicher Software erforderlich<\/p>\n<h2>Produktionsfunktionen<\/h2>\n<p><span style=\"color: #e31300;\"><strong>\/ <\/strong><\/span>Benutzerfreundliche Programmierung der Systemprozesse des Ofens<br \/><span style=\"color: #e31300;\"><strong>\/ <\/strong><\/span>Fortschrittliches Prozessmanagement mit einer unbegrenzten Anzahl von Rezepturen<br \/><span style=\"color: #e31300;\"><strong>\/ <\/strong><\/span>System zur Absicherung gegen fehlerhafte Auswahl technologischer Programme<\/p>\n<h2>Betriebliche Funktionen<\/h2>\n<p><span style=\"color: #e31300;\"><strong>\/ <\/strong><\/span>Betriebsstundenz\u00e4hler, M\u00f6glichkeit zur Planung periodischer Inspektionen<br \/><span style=\"color: #e31300;\"><strong>\/ <\/strong><\/span>Mehrere Sprachen<br \/><span style=\"color: #e31300;\"><strong>\/ <\/strong><\/span>\u00dcberwachung der Lebensdauer von Thermoelementen<br \/><span style=\"color: #e31300;\"><strong>\/ <\/strong><\/span>Gespeicherte Betriebshistorie<br \/><span style=\"color: #e31300;\"><strong>\/ <\/strong><\/span>\u00dcberwachung des Medienverbrauchs, mit optionalen Nachf\u00fcllwarnungen<br \/><span style=\"color: #e31300;\"><strong>\/ <\/strong><\/span>Zweistufiger Warnalarm &#8211; Farbcodierung erm\u00f6glicht sofortige Identifizierung von Alarmen<br \/><span style=\"color: #e31300;\"><strong>\/ <\/strong><\/span>Einfache Systemsicherung<\/p>\n<h2>Management-Funktionen<\/h2>\n<p><span style=\"color: #e31300;\"><strong>\/ <\/strong><\/span>Integration mit \u00fcbergeordneten Verwaltungssystemen<br \/><span style=\"color: #e31300;\"><strong>\/ <\/strong><\/span>Datensicherheit durch verschiedene Ebenen des Benutzerzugriffs<br \/><span style=\"color: #e31300;\"><strong>\/ <\/strong><\/span>Produktionsoptimierung auf Basis der gesammelten Informationen<br \/><span style=\"color: #e31300;\"><strong>\/ <\/strong><\/span>Reduzierte Belastung des Bedienpersonals durch die Automatisierung der Produktion<br \/><span style=\"color: #e31300;\"><strong>\/ <\/strong><\/span>Programmierbare Verz\u00f6gerung der Startzeit\/des Startdatums des Prozesses mit der Option einer GSM (Global System for Mobile Communication) Benachrichtigung<br \/><span style=\"color: #e31300;\"><strong>\/ <\/strong><\/span>Langfristige Datenaufzeichnung und Fernzugriff auf archivierte Informationen<br \/><span style=\"color: #e31300;\"><strong>\/ <\/strong><\/span>Der Anwendungsbrowser bietet schreibgesch\u00fctzten Zugriff auf Daten.<\/p>\n<h2>Modelle<\/h2>\n<p>450x2000x3000 WxHxL<\/p>\n<h2>\u00a0DEDIZIERTE ZUSATZGER\u00c4TE<\/h2>\n<p><span style=\"color: #e31300;\"><strong>\/ <\/strong><\/span>Manuelles oder automatisches Ladeger\u00e4t<br \/><span style=\"color: #e31300;\"><strong>\/ <\/strong><\/span>Ausr\u00fcstung aus rostfreiem Stahl<br \/><span style=\"color: #e31300;\"><strong>\/ <\/strong><\/span>Geschlossenes K\u00fchlwassersystem (ZOWOCH)<br \/><span style=\"color: #e31300;\"><strong>\/ <\/strong><\/span>Gaspuffertank<br \/><span style=\"color: #e31300;\"><strong>\/ <\/strong><\/span>L\u00e4rmschutz f\u00fcr das Pumpensystem<br \/><span style=\"color: #e31300;\"><strong>\/ <\/strong><\/span>Taupunktmesssystem am\u00a0Gaseingang<br \/><span style=\"color: #e31300;\"><strong>\/ <\/strong><\/span>Speicher f\u00fcr Temperaturverteilung oder Datapaq<br \/><span style=\"color: #e31300;\"><strong>\/ <\/strong><\/span>Zeitsparender Ersatzteilsat<\/p>\n<p>[\/et_pb_tab][et_pb_tab title=&#8220;Optionen&#8220; _builder_version=&#8220;4.23.1&#8243; _module_preset=&#8220;default&#8220; global_colors_info=&#8220;{}&#8220;]<\/p>\n<h2>Optionen f\u00fcr das Steuerungssystem<\/h2>\n<p><span style=\"color: #e31300;\"><strong>\/ <\/strong><\/span>Wahl des Steuerungssystems &#8211; PLC, IPC<br \/><span style=\"color: #e31300;\"><strong>\/ <\/strong><\/span>Steuerung f\u00fcr Energiemanagementsystem<br \/><span style=\"color: #e31300;\"><strong>\/ <\/strong><\/span>Unabh\u00e4ngiger Datenrekorder<br \/><span style=\"color: #e31300;\"><strong>\/ <\/strong><\/span>Fernsteuerung und \u00dcberwachung<br \/><span style=\"color: #e31300;\"><strong>\/ <\/strong><\/span>Klimatisierter Schaltschrank<\/p>\n<p>[\/et_pb_tab][et_pb_tab title=&#8220; &#8220; _builder_version=&#8220;4.23.1&#8243; _module_preset=&#8220;default&#8220; global_colors_info=&#8220;{}&#8220;]<\/p>\n<p><strong><span style=\"color: #dc291e;\">\/ <\/span><\/strong>Vakuum als Schutz- und Prozessatmosph\u00e4re eliminiert den Bedarf f\u00fcr die Anwendung der sch\u00e4dlichen Prozessgase und deren Aussto\u00df in&nbsp;die Umwelt<br \/><strong><span style=\"color: #dc291e;\">\/ <\/span><\/strong>Keine CO2-Emissionen, kein Einsatz fossiler Brennstoffe<br \/><strong><span style=\"color: #dc291e;\">\/ <\/span><\/strong>Verwendung des umweltneutralen K\u00fchlgases (Stickstoff, Argon), das aus der Luft gewonnen und in&nbsp;die Luft abgegeben wird<br \/><strong><span style=\"color: #dc291e;\">\/ <\/span><\/strong>Verbesserte W\u00e4rmed\u00e4mmung spart Strom (ca. 20%)<br \/><strong><span style=\"color: #dc291e;\">\/ <\/span><\/strong>Hohe Energieeffizienz der verwendeten elektrischen Bauelementen (Elektromotoren gem\u00e4\u00df Leistungsklasse IE3, Wechselrichtersteuerung, usw.)<br \/><strong><span style=\"color: #dc291e;\">\/ <\/span><\/strong>Einsatz von Systemen und Algorithmen, die den Verbrauch von Energie und Prozessfaktoren reduzieren (Pumpen-, Heiz- und K\u00fchlsystem)<br \/><strong><span style=\"color: #dc291e;\">\/ <\/span><\/strong>Keine Schadstoffemissionen<br \/><strong><span style=\"color: #dc291e;\">\/ <\/span><\/strong>Verringerung der H\u00e4rteverformungen und der Hartbearbeitungskosten (hard machining)<br \/><strong><span style=\"color: #dc291e;\">\/ <\/span><\/strong>Eliminierung der Teilereinigung nach der W\u00e4rmebehandlung.<\/p>\n<p>[\/et_pb_tab][\/et_pb_tabs][et_pb_code _builder_version=&#8220;4.19.2&#8243; _module_preset=&#8220;default&#8220; saved_tabs=&#8220;all&#8220; global_colors_info=&#8220;{}&#8220;]<pee style=\"text-align: center;\"><a class=\"small-button smallred\" style=\"font-size: 20px; padding: 20px 60px;\" href=\"https:\/\/www.secowarwick.com\/de\/fordern-sie-hier-ihr-angebot-an\/\"><span style=\"display: block; transform: skew(15deg,0deg); -webkit-transform: skew(15deg,0deg); font-size: 20px; !important\">UM EIN ANGEBOT BITTEN<\/span><\/a><\/pee>[\/et_pb_code][\/et_pb_column][et_pb_column type=&#8220;1_4&#8243; _builder_version=&#8220;4.16&#8243; custom_padding=&#8220;|||&#8220; global_colors_info=&#8220;{}&#8220; custom_padding__hover=&#8220;|||&#8220;][et_pb_gallery gallery_ids=&#8220;148179,148172&#8243; posts_number=&#8220;1&#8243; show_title_and_caption=&#8220;off&#8220; show_pagination=&#8220;off&#8220; zoom_icon_color=&#8220;#e2001a&#8220; module_class=&#8220;seco-products-gallery-new&#8220; _builder_version=&#8220;4.23.1&#8243; custom_css_overlay_icon=&#8220;content:&#8217;GALERIE ANSEHEN&#8216; !important;&#8220; global_colors_info=&#8220;{}&#8220;][\/et_pb_gallery][et_pb_text admin_label=&#8220;btn_de_premiumlibrary&#8220; module_class=&#8220;premium-library-button&#8220; _builder_version=&#8220;4.23.1&#8243; _module_preset=&#8220;default&#8220; text_orientation=&#8220;center&#8220; global_module=&#8220;157246&#8243; global_colors_info=&#8220;{}&#8220;]<\/p>\n<a href='https:\/\/www.secowarwick.com\/de\/premiuminhalte\/' class='small-button smallred'><span>PREMIUMINHALTE<\/span><\/a>\n<p>[\/et_pb_text][et_pb_text admin_label=&#8220;R&#038;D de&#8220; module_class=&#8220;product_widget_wrap_rd&#8220; _builder_version=&#8220;4.23.1&#8243; _module_preset=&#8220;default&#8220; text_orientation=&#8220;center&#8220; global_module=&#8220;167836&#8243; saved_tabs=&#8220;all&#8220; locked=&#8220;off&#8220; global_colors_info=&#8220;{}&#8220;]<\/p>\n<p><a href=\"https:\/\/www.secowarwick.com\/de\/rd\/\"><span class=\"product_wigtet_name\">R&amp;D<\/span><\/a><\/p>\n<p>[\/et_pb_text][et_pb_text admin_label=&#8220;AUTOMATYKA de&#8220; module_class=&#8220;product_widget_wrap_automation&#8220; _builder_version=&#8220;4.23.1&#8243; _module_preset=&#8220;default&#8220; global_module=&#8220;167905&#8243; saved_tabs=&#8220;all&#8220; locked=&#8220;off&#8220; global_colors_info=&#8220;{}&#8220;]<\/p>\n<p><a href=\"https:\/\/www.secowarwick.com\/de\/service\/automatisierung\/\"><span class=\"product_wigtet_name\">AUTOMATISIERUNG<\/span><\/a><\/p>\n<p>[\/et_pb_text][et_pb_text admin_label=&#8220;SERVICE de&#8220; module_class=&#8220;product_widget_wrap_service&#8220; _builder_version=&#8220;4.23.1&#8243; _module_preset=&#8220;default&#8220; global_module=&#8220;167860&#8243; saved_tabs=&#8220;all&#8220; locked=&#8220;off&#8220; global_colors_info=&#8220;{}&#8220;]<\/p>\n<p><a href=\"https:\/\/www.secowarwick.com\/de\/professionelle-service-dienstleistungen\/\"><span class=\"product_wigtet_name\">SERVICE<\/span><\/a><\/p>\n<p>[\/et_pb_text][et_pb_text admin_label=&#8220;SUPLEMENTALS de&#8220; module_class=&#8220;product_widget_wrap_supleme&#8220; _builder_version=&#8220;4.23.1&#8243; _module_preset=&#8220;default&#8220; global_module=&#8220;167915&#8243; saved_tabs=&#8220;all&#8220; locked=&#8220;off&#8220; global_colors_info=&#8220;{}&#8220;]<\/p>\n<p><span class=\"product_wigtet_name\">ZUSATZSTOFFE:<\/span><\/p>\n<p>[\/et_pb_text][et_pb_text admin_label=&#8220;Product brochure&#8220; module_class=&#8220;suplementals_product_brochure suplementals_wrap&#8220; _builder_version=&#8220;4.23.1&#8243; _module_preset=&#8220;default&#8220; hover_enabled=&#8220;0&#8243; locked=&#8220;off&#8220; global_colors_info=&#8220;{}&#8220; sticky_enabled=&#8220;0&#8243;]<\/p>\n<p><a href=\"https:\/\/www.secowarwick.com\/wp-content\/uploads\/2025\/10\/VAC-VAB-Line-WWW.pdf\" target=\"_blank\" rel=\"noopener\">Produktbrosch\u00fcre<\/a><\/p>\n<p>[\/et_pb_text][et_pb_text admin_label=&#8220;Product catalogue de&#8220; module_class=&#8220;suplementals_product_catalogue suplementals_wrap&#8220; _builder_version=&#8220;4.23.1&#8243; _module_preset=&#8220;default&#8220; global_module=&#8220;169659&#8243; saved_tabs=&#8220;all&#8220; locked=&#8220;off&#8220; global_colors_info=&#8220;{}&#8220;]<\/p>\n<p><a href=\"https:\/\/www.secowarwick.com\/wp-content\/uploads\/2025\/01\/VAC_catalogue_2024_web.pdf\" target=\"_blank\" rel=\"noopener\">Produktkatalog<\/a><\/p>\n<p>[\/et_pb_text][et_pb_text admin_label=&#8220;Product movie playlista de&#8220; module_class=&#8220;suplementals_product_movie suplementals_wrap&#8220; _builder_version=&#8220;4.23.1&#8243; _module_preset=&#8220;default&#8220; global_module=&#8220;169661&#8243; saved_tabs=&#8220;all&#8220; locked=&#8220;off&#8220; global_colors_info=&#8220;{}&#8220;]<\/p>\n<p><a href=\"https:\/\/www.youtube.com\/playlist?list=PLa0hhW_hoQqEsIHM5LQtr9h_9UlwGFBO8\" target=\"_blank\" rel=\"noopener\">Produktvideo<\/a><\/p>\n<p>[\/et_pb_text][et_pb_text admin_label=&#8220;dnabook-de&#8220; module_class=&#8220;suplementals_product_dna suplementals_wrap&#8220; _builder_version=&#8220;4.23.1&#8243; _module_preset=&#8220;default&#8220; global_module=&#8220;167874&#8243; saved_tabs=&#8220;all&#8220; locked=&#8220;off&#8220; global_colors_info=&#8220;{}&#8220;]<\/p>\n<p><a href=\"https:\/\/www.secowarwick.com\/wp-content\/uploads\/2025\/07\/DNA_BOOK.pdf\" target=\"_blank\" rel=\"noopener\">DNA\/BOOK<\/a><\/p>\n<p>[\/et_pb_text][et_pb_text admin_label=&#8220;ECO\/BOOK-de&#8220; module_class=&#8220;suplementals_product_eco suplementals_wrap&#8220; _builder_version=&#8220;4.23.1&#8243; _module_preset=&#8220;default&#8220; global_module=&#8220;167797&#8243; locked=&#8220;off&#8220; global_colors_info=&#8220;{}&#8220;]<\/p>\n<p><a href=\"https:\/\/www.secowarwick.com\/wp-content\/uploads\/2023\/06\/ECOBOOK.pdf\" target=\"_blank\" rel=\"noopener\">ECO\/BOOK<\/a><\/p>\n<p>[\/et_pb_text][et_pb_text admin_label=&#8220;product-widget-rfq-de&#8220; module_class=&#8220;product_widget_wrap_rfq-en&#8220; _builder_version=&#8220;4.23.1&#8243; _module_preset=&#8220;default&#8220; global_module=&#8220;186250&#8243; saved_tabs=&#8220;all&#8220; locked=&#8220;off&#8220; global_colors_info=&#8220;{}&#8220;]<\/p>\n<p style=\"text-align: center;\"><a class=\"small-button smallred\" href=\"https:\/\/www.secowarwick.com\/de\/fordern-sie-hier-ihr-angebot-an\/\"><span class=\"product_wigtet_name\">FRAGE NACH MEHR<\/span><\/a><\/p>\n<p>[\/et_pb_text][\/et_pb_column][\/et_pb_row][\/et_pb_section]<\/p>\n","protected":false},"excerpt":{"rendered":"<p>[et_pb_breadcrumbs _builder_version=&#8220;3.6&#8243; global_colors_info=&#8220;{}&#8220;][\/et_pb_breadcrumbs]Vakuumofen zum Ent\u00f6len Entfernung von Rest\u00f6l aus dem Guss oder dem Pressen von Teilen vor der weiteren W\u00e4rmebehandlung. Ein Vakuum-Ent\u00f6lungssystem wird verwendet, um Rest\u00f6l aus dem Form- oder Stanzprozess eines Teils zu entfernen.\u00a0 Es\u00a0wird vor einer weiteren W\u00e4rmebehandlung, meist dem L\u00f6ten, durchgef\u00fchrt.\u00a0 Dieser Vorgang ist notwendig, um sicherzustellen, dass das Teil vor dem [&hellip;]<\/p>\n","protected":false},"author":2,"featured_media":0,"parent":7218,"menu_order":0,"comment_status":"closed","ping_status":"closed","template":"","meta":{"_acf_changed":false,"_et_pb_use_builder":"on","_et_pb_old_content":"","_et_gb_content_width":"","footnotes":""},"class_list":["post-147187","page","type-page","status-publish"],"acf":[],"_links":{"self":[{"href":"https:\/\/www.secowarwick.com\/de\/wp-json\/wp\/v2\/pages\/147187","targetHints":{"allow":["GET"]}}],"collection":[{"href":"https:\/\/www.secowarwick.com\/de\/wp-json\/wp\/v2\/pages"}],"about":[{"href":"https:\/\/www.secowarwick.com\/de\/wp-json\/wp\/v2\/types\/page"}],"author":[{"embeddable":true,"href":"https:\/\/www.secowarwick.com\/de\/wp-json\/wp\/v2\/users\/2"}],"replies":[{"embeddable":true,"href":"https:\/\/www.secowarwick.com\/de\/wp-json\/wp\/v2\/comments?post=147187"}],"version-history":[{"count":53,"href":"https:\/\/www.secowarwick.com\/de\/wp-json\/wp\/v2\/pages\/147187\/revisions"}],"predecessor-version":[{"id":186541,"href":"https:\/\/www.secowarwick.com\/de\/wp-json\/wp\/v2\/pages\/147187\/revisions\/186541"}],"up":[{"embeddable":true,"href":"https:\/\/www.secowarwick.com\/de\/wp-json\/wp\/v2\/pages\/7218"}],"wp:attachment":[{"href":"https:\/\/www.secowarwick.com\/de\/wp-json\/wp\/v2\/media?parent=147187"}],"curies":[{"name":"wp","href":"https:\/\/api.w.org\/{rel}","templated":true}]}}