{"id":147622,"date":"2023-10-17T11:17:21","date_gmt":"2023-10-17T09:17:21","guid":{"rendered":"https:\/\/www.secowarwick.com\/seco-deals\/black-friday\/"},"modified":"2023-11-14T09:32:32","modified_gmt":"2023-11-14T08:32:32","slug":"black-friday","status":"publish","type":"page","link":"https:\/\/www.secowarwick.com\/de\/seco-deals-old\/black-friday\/","title":{"rendered":"BLACK FRIDAY ANGEBOT BEI SECO\/WARWICK"},"content":{"rendered":"<p>[et_pb_section fb_built=&#8220;1&#8243; _builder_version=&#8220;4.16&#8243; custom_margin=&#8220;0px|||&#8220; custom_padding=&#8220;0px|||&#8220; global_colors_info=&#8220;{}&#8220;][et_pb_row _builder_version=&#8220;4.16&#8243; background_size=&#8220;initial&#8220; background_position=&#8220;top_left&#8220; background_repeat=&#8220;repeat&#8220; global_colors_info=&#8220;{}&#8220;][et_pb_column type=&#8220;4_4&#8243; _builder_version=&#8220;4.16&#8243; custom_padding=&#8220;|||&#8220; global_colors_info=&#8220;{}&#8220; custom_padding__hover=&#8220;|||&#8220;][et_pb_image src=&#8220;https:\/\/www.secowarwick.com\/wp-content\/uploads\/2023\/10\/blackfriday-2023.jpg&#8220; alt=&#8220;Black Friday 2023 SECO\/WARWICK&#8220; title_text=&#8220;2023BlackFriday&#8220; align_tablet=&#8220;center&#8220; align_phone=&#8220;&#8220; align_last_edited=&#8220;on|desktop&#8220; _builder_version=&#8220;4.19.2&#8243; animation_style=&#8220;slide&#8220; animation_direction=&#8220;bottom&#8220; global_colors_info=&#8220;{}&#8220;][\/et_pb_image][et_pb_text admin_label=&#8220;Text&#8220; module_class=&#8220;hunt&#8220; _builder_version=&#8220;4.19.2&#8243; custom_margin=&#8220;40px|||&#8220; custom_margin_tablet=&#8220;&#8220; custom_margin_phone=&#8220;20px|||&#8220; custom_margin_last_edited=&#8220;on|phone&#8220; animation_style=&#8220;fade&#8220; global_colors_info=&#8220;{}&#8220;]<\/p>\n<h2>\u00a0<\/h2>\n<h2 style=\"text-align: center;\"><span class=\"TextRun SCXW131133941 BCX0\" lang=\"PL-PL\" xml:lang=\"PL-PL\" data-contrast=\"none\"><span class=\"NormalTextRun SpellingErrorV2Themed SCXW131133941 BCX0\">Die<\/span> <span class=\"NormalTextRun SpellingErrorV2Themed SCXW131133941 BCX0\">besten<\/span><span class=\"NormalTextRun SCXW131133941 BCX0\"> SECO\/WARWICK-<\/span><span class=\"NormalTextRun SpellingErrorV2Themed SCXW131133941 BCX0\">Angebote<\/span><span class=\"NormalTextRun SCXW131133941 BCX0\"> im Fokus<\/span><\/span><span class=\"EOP SCXW131133941 BCX0\" data-ccp-props=\"{&quot;201341983&quot;:0,&quot;335551550&quot;:2,&quot;335551620&quot;:2,&quot;335559739&quot;:160,&quot;335559740&quot;:259}\">\u00a0<\/span>:<\/h2>\n<p>&nbsp;<\/p>\n<p style=\"text-align: center;\"><strong><span style=\"font-size: 14pt; color: #000000;\"><span class=\"TextRun SCXW74091883 BCX0\" lang=\"PL-PL\" xml:lang=\"PL-PL\" data-contrast=\"none\"><span class=\"NormalTextRun SCXW74091883 BCX0\">ANGEBOT<\/span><\/span> <span style=\"color: #dc291e;\">|<\/span> <span class=\"TextRun SCXW74091883 BCX0\" lang=\"PL-PL\" xml:lang=\"PL-PL\" data-contrast=\"none\"><span class=\"NormalTextRun SCXW74091883 BCX0\">PRODUKT<\/span><\/span> <span style=\"color: #dc291e;\">|<\/span> <span class=\"TextRun SCXW74091883 BCX0\" lang=\"PL-PL\" xml:lang=\"PL-PL\" data-contrast=\"none\"><span class=\"NormalTextRun SCXW74091883 BCX0\">ZEIT<\/span><\/span> <\/span><\/strong><\/p>\n<p style=\"text-align: center;\"><span class=\"TextRun SCXW63308710 BCX0\" lang=\"PL-PL\" xml:lang=\"PL-PL\" data-contrast=\"none\"><span class=\"NormalTextRun SpellingErrorV2Themed SCXW63308710 BCX0\">Sicher<\/span><span class=\"NormalTextRun SpellingErrorV2Themed SCXW63308710 BCX0\">e<\/span> <span class=\"NormalTextRun SpellingErrorV2Themed SCXW63308710 BCX0\">dir<\/span> <span class=\"NormalTextRun SpellingErrorV2Themed SCXW63308710 BCX0\">das<\/span> <span class=\"NormalTextRun SpellingErrorV2Themed SCXW63308710 BCX0\">beste<\/span> <span class=\"NormalTextRun SpellingErrorV2Themed SCXW63308710 BCX0\">Verkaufsangebot<\/span> <span class=\"NormalTextRun SpellingErrorV2Themed SCXW63308710 BCX0\">f\u00fcr<\/span><span class=\"NormalTextRun SCXW63308710 BCX0\"> SECO\/WARWICK <\/span><span class=\"NormalTextRun SpellingErrorV2Themed SCXW63308710 BCX0\">Vakuum\u00f6fen<\/span><span class=\"NormalTextRun SCXW63308710 BCX0\">! <\/span><span class=\"NormalTextRun SCXW63308710 BCX0\">Ziele <\/span><span class=\"NormalTextRun SpellingErrorV2Themed SCXW63308710 BCX0\">gut<\/span><span class=\"NormalTextRun SCXW63308710 BCX0\">, <\/span><span class=\"NormalTextRun SpellingErrorV2Themed SCXW63308710 BCX0\">bevor<\/span><span class=\"NormalTextRun SCXW63308710 BCX0\"> der Black <\/span><span class=\"NormalTextRun SpellingErrorV2Themed SCXW63308710 BCX0\">Friday-Wahnsinn<\/span> <span class=\"NormalTextRun SpellingErrorV2Themed SCXW63308710 BCX0\">losbricht<\/span><span class=\"NormalTextRun SCXW63308710 BCX0\">. <\/span><span class=\"NormalTextRun SpellingErrorV2Themed SCXW63308710 BCX0\">Jetzt<\/span> <span class=\"NormalTextRun SpellingErrorV2Themed SCXW63308710 BCX0\">profitieren<\/span><span class=\"NormalTextRun SCXW63308710 BCX0\">!<\/span><\/span><span class=\"EOP SCXW63308710 BCX0\" data-ccp-props=\"{&quot;201341983&quot;:0,&quot;335559739&quot;:160,&quot;335559740&quot;:259}\">\u00a0<\/span><\/p>\n<p style=\"text-align: center;\"><span class=\"TextRun SCXW40574254 BCX0\" lang=\"PL-PL\" xml:lang=\"PL-PL\" data-contrast=\"none\"><span class=\"NormalTextRun SCXW40574254 BCX0\">Was <\/span><span class=\"NormalTextRun SpellingErrorV2Themed SCXW40574254 BCX0\">gewinnst<\/span> <span class=\"NormalTextRun SpellingErrorV2Themed SCXW40574254 BCX0\">du<\/span> <span class=\"NormalTextRun SpellingErrorV2Themed SCXW40574254 BCX0\">beim<\/span> <span class=\"NormalTextRun SpellingErrorV2Themed SCXW40574254 BCX0\">Kauf<\/span><span class=\"NormalTextRun SCXW40574254 BCX0\"> vo<\/span><span class=\"NormalTextRun SCXW40574254 BCX0\">n VECTOR-<\/span><span class=\"NormalTextRun SpellingErrorV2Themed SCXW40574254 BCX0\">Vakuum\u00f6fen<\/span><\/span> <span class=\"TextRun SCXW40574254 BCX0\" lang=\"PL-PL\" xml:lang=\"PL-PL\" data-contrast=\"none\"><span class=\"NormalTextRun SCXW40574254 BCX0\">in der BLACK FRIDAY SECO\/WARWICK <\/span><span class=\"NormalTextRun SpellingErrorV2Themed SCXW40574254 BCX0\">Sonderaktion<\/span><span class=\"NormalTextRun SCXW40574254 BCX0\">?<\/span><\/span><span class=\"EOP SCXW40574254 BCX0\" data-ccp-props=\"{&quot;201341983&quot;:0,&quot;335559739&quot;:160,&quot;335559740&quot;:259}\">\u00a0<\/span><\/p>\n<h3 style=\"text-align: center;\">\u00a0<\/h3>\n<p>[\/et_pb_text][\/et_pb_column][\/et_pb_row][et_pb_row column_structure=&#8220;1_3,1_3,1_3&#8243; _builder_version=&#8220;4.19.2&#8243; _module_preset=&#8220;default&#8220; width_tablet=&#8220;100%&#8220; width_phone=&#8220;100%&#8220; width_last_edited=&#8220;on|tablet&#8220; max_width=&#8220;900px&#8220; module_alignment=&#8220;center&#8220; custom_margin=&#8220;||||false|false&#8220; custom_padding=&#8220;||60px||false|false&#8220; global_colors_info=&#8220;{}&#8220;][et_pb_column type=&#8220;1_3&#8243; _builder_version=&#8220;4.19.2&#8243; _module_preset=&#8220;default&#8220; global_colors_info=&#8220;{}&#8220;][et_pb_blurb title=&#8220;ZEIT&#8220; image=&#8220;https:\/\/www.secowarwick.com\/wp-content\/uploads\/2023\/10\/clock-1.png&#8220; alt=&#8220;save your time&#8220; image_icon_width=&#8220;60%&#8220; _builder_version=&#8220;4.19.2&#8243; header_font=&#8220;|800|||||||&#8220; header_text_align=&#8220;center&#8220; header_font_size=&#8220;16&#8243; body_font=&#8220;||||||||&#8220; text_orientation=&#8220;center&#8220; custom_margin=&#8220;-14px|||&#8220; locked=&#8220;off&#8220; global_colors_info=&#8220;{}&#8220;]<\/p>\n<p><span class=\"NormalTextRun SpellingErrorV2Themed SCXW151415820 BCX0\">K\u00fcrzere<\/span> <span class=\"NormalTextRun SpellingErrorV2Themed SCXW151415820 BCX0\">Lieferzeiten<\/span> <span class=\"NormalTextRun SpellingErrorV2Themed SCXW151415820 BCX0\">als<\/span> <span class=\"NormalTextRun SpellingErrorV2Themed SCXW151415820 BCX0\">\u00fcblich<\/span><span class=\"NormalTextRun SCXW151415820 BCX0\">, der <\/span><span class=\"NormalTextRun SpellingErrorV2Themed SCXW151415820 BCX0\">Ofen<\/span><span class=\"NormalTextRun SCXW151415820 BCX0\"> kann <\/span><span class=\"NormalTextRun SpellingErrorV2Themed SCXW151415820 BCX0\">kann<\/span> <span class=\"NormalTextRun SpellingErrorV2Themed SCXW151415820 BCX0\">jetzt<\/span> <span class=\"NormalTextRun SpellingErrorV2Themed SCXW151415820 BCX0\">dir<\/span> <span class=\"NormalTextRun SpellingErrorV2Themed SCXW151415820 BCX0\">geh\u00f6ren<\/span><\/p>\n<p>[\/et_pb_blurb][\/et_pb_column][et_pb_column type=&#8220;1_3&#8243; _builder_version=&#8220;4.19.2&#8243; _module_preset=&#8220;default&#8220; global_colors_info=&#8220;{}&#8220;][et_pb_blurb title=&#8220;GELD&#8220; image=&#8220;https:\/\/www.secowarwick.com\/wp-content\/uploads\/2023\/10\/save-money-1.png&#8220; alt=&#8220;save your money&#8220; image_icon_width=&#8220;60%&#8220; _builder_version=&#8220;4.19.2&#8243; header_font=&#8220;|800|||||||&#8220; header_text_align=&#8220;center&#8220; header_font_size=&#8220;16&#8243; body_font=&#8220;||||||||&#8220; text_orientation=&#8220;center&#8220; custom_margin=&#8220;-14px|||&#8220; locked=&#8220;off&#8220; global_colors_info=&#8220;{}&#8220;]<\/p>\n<p><span class=\"NormalTextRun SpellingErrorV2Themed SCXW199677524 BCX0\">Geringere<\/span> <span class=\"NormalTextRun SpellingErrorV2Themed SCXW199677524 BCX0\">Ausfallkosten<\/span> <span class=\"NormalTextRun SpellingErrorV2Themed SCXW199677524 BCX0\">und<\/span> <span class=\"NormalTextRun SpellingErrorV2Themed SCXW199677524 BCX0\">Produktionskontinuit\u00e4t<\/span><\/p>\n<p>[\/et_pb_blurb][\/et_pb_column][et_pb_column type=&#8220;1_3&#8243; _builder_version=&#8220;4.19.2&#8243; _module_preset=&#8220;default&#8220; global_colors_info=&#8220;{}&#8220;][et_pb_blurb title=&#8220;SEELENFRIEDEN&#8220; image=&#8220;https:\/\/www.secowarwick.com\/wp-content\/uploads\/2023\/10\/target-1.png&#8220; alt=&#8220;peace of mind&#8220; image_icon_width=&#8220;60%&#8220; _builder_version=&#8220;4.19.2&#8243; header_font=&#8220;|800|||||||&#8220; header_text_align=&#8220;center&#8220; header_font_size=&#8220;16&#8243; body_font=&#8220;||||||||&#8220; text_orientation=&#8220;center&#8220; custom_margin=&#8220;-14px|||&#8220; locked=&#8220;off&#8220; global_colors_info=&#8220;{}&#8220;]<\/p>\n<p><span class=\"NormalTextRun SpellingErrorV2Themed SCXW259258737 BCX0\">Neue<\/span> <span class=\"NormalTextRun SpellingErrorV2Themed SCXW259258737 BCX0\">und<\/span> <span class=\"NormalTextRun SpellingErrorV2Themed SCXW259258737 BCX0\">verbesserte<\/span> <span class=\"NormalTextRun SpellingErrorV2Themed SCXW259258737 BCX0\">Leistung<\/span><span class=\"NormalTextRun SCXW259258737 BCX0\">, <\/span><span class=\"NormalTextRun SpellingErrorV2Themed SCXW259258737 BCX0\">dank<\/span><span class=\"NormalTextRun SCXW259258737 BCX0\"> der <\/span><span class=\"NormalTextRun SpellingErrorV2Themed SpellingErrorHighlight SCXW259258737 BCX0\">Vector<\/span><span class=\"NormalTextRun SpellingErrorV2Themed SpellingErrorHighlight SCXW259258737 BCX0\">&#8211;<\/span><span class=\"NormalTextRun SpellingErrorV2Themed SpellingErrorHighlight SCXW259258737 BCX0\">Vakuum\u00f6fen<\/span><\/p>\n<p>[\/et_pb_blurb][\/et_pb_column][\/et_pb_row][et_pb_row column_structure=&#8220;1_2,1_2&#8243; _builder_version=&#8220;4.19.2&#8243; _module_preset=&#8220;default&#8220; global_colors_info=&#8220;{}&#8220;][et_pb_column type=&#8220;1_2&#8243; _builder_version=&#8220;4.19.2&#8243; _module_preset=&#8220;default&#8220; global_colors_info=&#8220;{}&#8220;][et_pb_text _builder_version=&#8220;4.19.2&#8243; custom_margin_tablet=&#8220;&#8220; custom_margin_phone=&#8220;10px|||&#8220; custom_margin_last_edited=&#8220;on|phone&#8220; custom_css_main_element=&#8220;z-index: 99 !important;&#8220; global_colors_info=&#8220;{}&#8220;]<\/p>\n<h2 style=\"text-align: center;\"><span style=\"color: #000000;\"><strong>BLACK FRIDAY AMERIKA<\/strong><\/span><\/h2>\n<p>[\/et_pb_text][et_pb_image src=&#8220;https:\/\/www.secowarwick.com\/wp-content\/uploads\/2023\/10\/A-top-shelf-well-equipped-vacuum-furnace-popular-in-Europe-1.jpg&#8220; alt=&#8220;Dedicated to the American market&#8220; title_text=&#8220;vacuum furnace india&#8220; url_new_window=&#8220;on&#8220; align_tablet=&#8220;center&#8220; align_phone=&#8220;&#8220; align_last_edited=&#8220;on|desktop&#8220; _builder_version=&#8220;4.19.2&#8243; custom_margin=&#8220;-42px|||&#8220; animation_style=&#8220;slide&#8220; animation_direction=&#8220;bottom&#8220; global_colors_info=&#8220;{}&#8220;][\/et_pb_image][et_pb_text _builder_version=&#8220;4.19.2&#8243; custom_margin_tablet=&#8220;&#8220; custom_margin_phone=&#8220;10px|||&#8220; custom_margin_last_edited=&#8220;on|phone&#8220; custom_css_main_element=&#8220;z-index: 99 !important;&#8220; global_colors_info=&#8220;{}&#8220;]<\/p>\n<h3 style=\"text-align: center;\"><span class=\"TextRun SCXW263345804 BCX0\" lang=\"PL-PL\" xml:lang=\"PL-PL\" data-contrast=\"none\"><span class=\"NormalTextRun SpellingErrorV2Themed SCXW263345804 BCX0\">S<\/span><span class=\"NormalTextRun SpellingErrorV2Themed SCXW263345804 BCX0\">peziell<\/span> <span class=\"NormalTextRun SpellingErrorV2Themed SCXW263345804 BCX0\">f\u00fcr<\/span><span class=\"NormalTextRun SCXW263345804 BCX0\"> den <\/span><span class=\"NormalTextRun SpellingErrorV2Themed SCXW263345804 BCX0\">amerikanischen<\/span> <span class=\"NormalTextRun SpellingErrorV2Themed SCXW263345804 BCX0\">Markt<\/span><span class=\"NormalTextRun SCXW263345804 BCX0\"> &#8211; <\/span><span class=\"NormalTextRun SpellingErrorV2Themed SCXW263345804 BCX0\">die<\/span> <span class=\"NormalTextRun SCXW263345804 BCX0\">US-<\/span><span class=\"NormalTextRun SpellingErrorV2Themed SCXW263345804 BCX0\">amerikanische<\/span><span class=\"NormalTextRun SpellingErrorV2Themed SCXW263345804 BCX0\">n<\/span> <span class=\"NormalTextRun SpellingErrorV2Themed SCXW263345804 BCX0\">Anforderungen<\/span> <span class=\"NormalTextRun SpellingErrorV2Themed SCXW263345804 BCX0\">erf\u00fcllender<\/span> <span class=\"NormalTextRun SpellingErrorV2Themed SpellingErrorHighlight SCXW263345804 BCX0\">\u00f6konomisch<\/span><span class=\"NormalTextRun SpellingErrorV2Themed SpellingErrorHighlight SCXW263345804 BCX0\">er<\/span> <span class=\"NormalTextRun SpellingErrorV2Themed SCXW263345804 BCX0\">Vakuum-Ofen<\/span><span class=\"NormalTextRun SCXW263345804 BCX0\">.<\/span><\/span><span class=\"EOP SCXW263345804 BCX0\" data-ccp-props=\"{&quot;201341983&quot;:2,&quot;335559739&quot;:0,&quot;335559740&quot;:288}\">\u00a0<\/span><\/h3>\n<p>[\/et_pb_text][et_pb_text _builder_version=&#8220;4.19.2&#8243; _module_preset=&#8220;default&#8220; custom_margin=&#8220;|200px|||false|false&#8220; locked=&#8220;off&#8220; global_colors_info=&#8220;{}&#8220;]<\/p>\n<p style=\"text-align: right;\"><a class=\"small-button smallred\" style=\"font-size: 16px; padding: 10px 30px;\" href=\"https:\/\/www.secovacusa.com\/product\/vector-for-sale\"><span style=\"display: block; transform: skew(15deg,0deg); -webkit-transform: skew(15deg,0deg); font-size: 16px;\"> MEHR INFOS <\/span><\/a><\/p>\n<p>[\/et_pb_text][\/et_pb_column][et_pb_column type=&#8220;1_2&#8243; _builder_version=&#8220;4.19.2&#8243; _module_preset=&#8220;default&#8220; global_colors_info=&#8220;{}&#8220;][et_pb_text _builder_version=&#8220;4.19.2&#8243; custom_margin_tablet=&#8220;&#8220; custom_margin_phone=&#8220;10px|||&#8220; custom_margin_last_edited=&#8220;on|phone&#8220; custom_css_main_element=&#8220;z-index: 99 !important;&#8220; global_colors_info=&#8220;{}&#8220;]<\/p>\n<h2 style=\"text-align: center;\"><span style=\"color: #000000;\"><strong>BLACK FRIDAY <span class=\"TextRun SCXW113176902 BCX0\" lang=\"PL-PL\" xml:lang=\"PL-PL\" data-contrast=\"none\"><span class=\"NormalTextRun SCXW113176902 BCX0\">EUROPA UND INDIEN<\/span><\/span><\/strong><\/span><\/h2>\n<p>[\/et_pb_text][et_pb_image src=&#8220;https:\/\/www.secowarwick.com\/wp-content\/uploads\/2023\/10\/Dedicated-to-the-American-market-1.jpg&#8220; alt=&#8220;A top shelf well-equipped vacuum furnace popular in Europe&#8220; title_text=&#8220;vacuum furnace america&#8220; url_new_window=&#8220;on&#8220; align_tablet=&#8220;center&#8220; align_phone=&#8220;&#8220; align_last_edited=&#8220;on|desktop&#8220; _builder_version=&#8220;4.19.2&#8243; custom_margin=&#8220;-42px|||&#8220; animation_style=&#8220;slide&#8220; animation_direction=&#8220;bottom&#8220; global_colors_info=&#8220;{}&#8220;][\/et_pb_image][et_pb_text _builder_version=&#8220;4.19.2&#8243; animation_style=&#8220;fade&#8220; animation_delay=&#8220;400ms&#8220; global_colors_info=&#8220;{}&#8220;]<\/p>\n<h3 style=\"text-align: center;\"><span class=\"TextRun SCXW242501440 BCX0\" lang=\"PL-PL\" xml:lang=\"PL-PL\" data-contrast=\"none\"><span class=\"NormalTextRun SpellingErrorV2Themed SCXW242501440 BCX0\">Beliebt<\/span><span class=\"NormalTextRun SCXW242501440 BCX0\"> in Europa, perfekt <\/span><span class=\"NormalTextRun SpellingErrorV2Themed SCXW242501440 BCX0\">f\u00fcr<\/span><span class=\"NormalTextRun SCXW242501440 BCX0\"> den <\/span><span class=\"NormalTextRun SpellingErrorV2Themed SCXW242501440 BCX0\">indischen<\/span> <span class=\"NormalTextRun SpellingErrorV2Themed SCXW242501440 BCX0\">Markt<\/span><span class=\"NormalTextRun SCXW242501440 BCX0\">,<\/span> <span class=\"NormalTextRun SpellingErrorV2Themed SCXW242501440 BCX0\">reich<\/span> <span class=\"NormalTextRun SpellingErrorV2Themed SCXW242501440 BCX0\">ausgestattet<\/span><span class=\"NormalTextRun SpellingErrorV2Themed SCXW242501440 BCX0\">er<\/span> <span class=\"NormalTextRun SpellingErrorV2Themed SCXW242501440 BCX0\">Vakuum<\/span><span class=\"NormalTextRun SpellingErrorV2Themed SCXW242501440 BCX0\">ofen<\/span> <span class=\"NormalTextRun SCXW242501440 BCX0\">von <\/span><span class=\"NormalTextRun SpellingErrorV2Themed SCXW242501440 BCX0\">allerh\u00f6chster<\/span> <span class=\"NormalTextRun SpellingErrorV2Themed SCXW242501440 BCX0\">Qualit\u00e4t<\/span><span class=\"NormalTextRun SCXW242501440 BCX0\">.<\/span><\/span><span class=\"EOP SCXW242501440 BCX0\" data-ccp-props=\"{&quot;201341983&quot;:2,&quot;335559739&quot;:0,&quot;335559740&quot;:288}\">\u00a0<\/span><\/h3>\n<p>[\/et_pb_text][et_pb_text _builder_version=&#8220;4.19.2&#8243; _module_preset=&#8220;default&#8220; custom_margin=&#8220;|200px|||false|false&#8220; hover_enabled=&#8220;0&#8243; locked=&#8220;off&#8220; global_colors_info=&#8220;{}&#8220; sticky_enabled=&#8220;0&#8243;]<\/p>\n<p style=\"text-align: right;\"><a class=\"small-button smallred\" style=\"font-size: 16px; padding: 10px 30px;\" href=\"https:\/\/www.secowarwick.com\/wp-content\/uploads\/2023\/11\/2023_Black-Friday_Offerta_v2.pdf\" target=\"_blank\" rel=\"noopener\"><span style=\"display: block; transform: skew(15deg,0deg); -webkit-transform: skew(15deg,0deg); font-size: 16px;\"> MEHR INFOS <\/span><\/a><\/p>\n<p>[\/et_pb_text][\/et_pb_column][\/et_pb_row][et_pb_row _builder_version=&#8220;4.16&#8243; _module_preset=&#8220;default&#8220; global_colors_info=&#8220;{}&#8220;][et_pb_column type=&#8220;4_4&#8243; _builder_version=&#8220;4.16&#8243; _module_preset=&#8220;default&#8220; global_colors_info=&#8220;{}&#8220;][et_pb_text _builder_version=&#8220;4.19.2&#8243; animation_style=&#8220;fade&#8220; animation_delay=&#8220;400ms&#8220; global_colors_info=&#8220;{}&#8220;]<\/p>\n<h3 style=\"text-align: center;\"><span style=\"color: #dc291e;\">UNSER TEAM KONSULTIEREN!<\/span><\/h3>\n<p>[\/et_pb_text][et_pb_image src=&#8220;https:\/\/www.secowarwick.com\/wp-content\/uploads\/2023\/09\/arrow2.png&#8220; alt=&#8220;Strza\u0142ka&#8220; title_text=&#8220;arrow2&#8243; _builder_version=&#8220;4.19.2&#8243; _module_preset=&#8220;default&#8220; custom_margin=&#8220;|||570px|false|false&#8220; global_colors_info=&#8220;{}&#8220;][\/et_pb_image][\/et_pb_column][\/et_pb_row][et_pb_row _builder_version=&#8220;4.16&#8243; _module_preset=&#8220;default&#8220; global_colors_info=&#8220;{}&#8220;][et_pb_column type=&#8220;4_4&#8243; _builder_version=&#8220;4.16&#8243; _module_preset=&#8220;default&#8220; global_colors_info=&#8220;{}&#8220;][et_pb_code _builder_version=&#8220;4.19.2&#8243; _module_preset=&#8220;default&#8220; saved_tabs=&#8220;all&#8220; global_colors_info=&#8220;{}&#8220;]<pee style=\"text-align: center;\"><a class=\"small-button smallred\" style=\"font-size: 20px; padding: 20px 60px;\" href=\"https:\/\/www.secowarwick.com\/de\/fordern-sie-hier-ihr-angebot-an\/\"><span style=\"display: block; transform: skew(15deg,0deg); -webkit-transform: skew(15deg,0deg); font-size: 20px; !important\">FRAGE NACH MEHR<\/span><\/a><\/pee>[\/et_pb_code][\/et_pb_column][\/et_pb_row][\/et_pb_section]<\/p>\n","protected":false},"excerpt":{"rendered":"<p>\u00a0 Die besten SECO\/WARWICK-Angebote im Fokus\u00a0: &nbsp; ANGEBOT | PRODUKT | ZEIT Sichere dir das beste Verkaufsangebot f\u00fcr SECO\/WARWICK Vakuum\u00f6fen! Ziele gut, bevor der Black Friday-Wahnsinn losbricht. Jetzt profitieren!\u00a0 Was gewinnst du beim Kauf von VECTOR-Vakuum\u00f6fen in der BLACK FRIDAY SECO\/WARWICK Sonderaktion?\u00a0 \u00a0K\u00fcrzere Lieferzeiten als \u00fcblich, der Ofen kann kann jetzt dir geh\u00f6renGeringere Ausfallkosten und [&hellip;]<\/p>\n","protected":false},"author":2,"featured_media":0,"parent":84826,"menu_order":0,"comment_status":"closed","ping_status":"closed","template":"","meta":{"_acf_changed":false,"_et_pb_use_builder":"on","_et_pb_old_content":"","_et_gb_content_width":"","footnotes":""},"class_list":["post-147622","page","type-page","status-publish"],"acf":[],"_links":{"self":[{"href":"https:\/\/www.secowarwick.com\/de\/wp-json\/wp\/v2\/pages\/147622","targetHints":{"allow":["GET"]}}],"collection":[{"href":"https:\/\/www.secowarwick.com\/de\/wp-json\/wp\/v2\/pages"}],"about":[{"href":"https:\/\/www.secowarwick.com\/de\/wp-json\/wp\/v2\/types\/page"}],"author":[{"embeddable":true,"href":"https:\/\/www.secowarwick.com\/de\/wp-json\/wp\/v2\/users\/2"}],"replies":[{"embeddable":true,"href":"https:\/\/www.secowarwick.com\/de\/wp-json\/wp\/v2\/comments?post=147622"}],"version-history":[{"count":17,"href":"https:\/\/www.secowarwick.com\/de\/wp-json\/wp\/v2\/pages\/147622\/revisions"}],"predecessor-version":[{"id":149041,"href":"https:\/\/www.secowarwick.com\/de\/wp-json\/wp\/v2\/pages\/147622\/revisions\/149041"}],"up":[{"embeddable":true,"href":"https:\/\/www.secowarwick.com\/de\/wp-json\/wp\/v2\/pages\/84826"}],"wp:attachment":[{"href":"https:\/\/www.secowarwick.com\/de\/wp-json\/wp\/v2\/media?parent=147622"}],"curies":[{"name":"wp","href":"https:\/\/api.w.org\/{rel}","templated":true}]}}