{"id":147643,"date":"2023-10-23T06:49:16","date_gmt":"2023-10-23T04:49:16","guid":{"rendered":"https:\/\/www.secowarwick.com\/?page_id=147643"},"modified":"2023-10-23T07:07:41","modified_gmt":"2023-10-23T05:07:41","slug":"wirtschaftspreis-2023","status":"publish","type":"page","link":"https:\/\/www.secowarwick.com\/de\/unternehmen\/auszeichnungen-und-ehrungen\/wirtschaftspreis-2023\/","title":{"rendered":"Economic Award"},"content":{"rendered":"<p>[et_pb_section fb_built=&#8220;1&#8243; _builder_version=&#8220;4.16&#8243; global_colors_info=&#8220;{}&#8220;][et_pb_row _builder_version=&#8220;4.16&#8243; background_size=&#8220;initial&#8220; background_position=&#8220;top_left&#8220; background_repeat=&#8220;repeat&#8220; global_colors_info=&#8220;{}&#8220;][et_pb_column type=&#8220;4_4&#8243; _builder_version=&#8220;4.16&#8243; custom_padding=&#8220;|||&#8220; global_colors_info=&#8220;{}&#8220; custom_padding__hover=&#8220;|||&#8220;][et_pb_text _builder_version=&#8220;4.19.2&#8243; background_size=&#8220;initial&#8220; background_position=&#8220;top_left&#8220; background_repeat=&#8220;repeat&#8220; global_colors_info=&#8220;{}&#8220;]<\/p>\n<h3>Am Donnerstag, dem 5. Oktober, wurden im Lubuski Theater die Wirtschaftspreise des Marschalls der Wojewodschaft Lubusz verliehen. Die Preisverleihung markierte den H\u00f6hepunkt des bedeutendsten wirtschaftlichen Ereignisses des Jahres in der Region <strong>\u2013 dem Wirtschaftskongress Lubusz 2023.<\/strong><\/h3>\n<p>&nbsp;<\/p>\n<p><img decoding=\"async\" class=\"wp-image-147629 size-large aligncenter\" src=\"https:\/\/www.secowarwick.com\/wp-content\/uploads\/2023\/10\/nagroda-gospodarcza-1024x567.jpg\" alt=\"Innowacyjne Du\u017ce Przedsi\u0119biorstwo\" width=\"1024\" height=\"567\" srcset=\"https:\/\/www.secowarwick.com\/wp-content\/uploads\/2023\/10\/nagroda-gospodarcza-1024x567.jpg 1024w, https:\/\/www.secowarwick.com\/wp-content\/uploads\/2023\/10\/nagroda-gospodarcza-980x543.jpg 980w, https:\/\/www.secowarwick.com\/wp-content\/uploads\/2023\/10\/nagroda-gospodarcza-480x266.jpg 480w\" sizes=\"(min-width: 0px) and (max-width: 480px) 480px, (min-width: 481px) and (max-width: 980px) 980px, (min-width: 981px) 1024px, 100vw\" \/><\/p>\n<div class=\"flex-1 overflow-hidden\">\n<div class=\"react-scroll-to-bottom--css-rqlkw-79elbk h-full dark:bg-gray-800\">\n<div class=\"react-scroll-to-bottom--css-rqlkw-1n7m0yu\">\n<div class=\"flex flex-col text-sm dark:bg-gray-800\">\n<div class=\"group final-completion w-full text-token-text-primary border-b border-black\/10 gizmo:border-0 dark:border-gray-900\/50 gizmo:dark:border-0 bg-gray-50 gizmo:bg-transparent dark:bg-[#444654] gizmo:dark:bg-transparent\" data-testid=\"conversation-turn-19\">\n<div class=\"p-4 justify-center text-base md:gap-6 md:py-6 m-auto\">\n<div class=\"flex flex-1 gap-4 text-base mx-auto md:gap-6 gizmo:gap-3 gizmo:md:px-5 gizmo:lg:px-1 gizmo:xl:px-5 md:max-w-2xl lg:max-w-[38rem] gizmo:md:max-w-3xl gizmo:lg:max-w-[40rem] gizmo:xl:max-w-[48rem] xl:max-w-3xl }\">\n<div class=\"relative flex w-[calc(100%-50px)] flex-col gizmo:w-full lg:w-[calc(100%-115px)] agent-turn\">\n<div class=\"flex-col gap-1 md:gap-3\">\n<div class=\"flex flex-grow flex-col gap-3 max-w-full\">\n<div class=\"min-h-[20px] flex flex-col items-start gap-3 whitespace-pre-wrap break-words overflow-x-auto\">\n<div class=\"markdown prose w-full break-words dark:prose-invert light\">\n<p>Mit gro\u00dfer Freude verk\u00fcnden wir, dass das <strong>SECO\/WARWICK-Team um die Auszeichnung in der Kategorie &#8222;Innovatives Gro\u00dfunternehmen&#8220; k\u00e4mpfte und einen Podiumsplatz errang, d.h. den zweiten Platz!<\/strong><\/p>\n<p>Die sechste Ausgabe des Wettbewerbs, erneut in Zusammenarbeit mit der Bank Gospodarstwa Krajowego in der Lubusz-Region organisiert, hatte zum Ziel, innovative Unternehmen, Produkte, Technologien und Dienstleistungen sowie andere moderne L\u00f6sungen zu w\u00fcrdigen und zu f\u00f6rdern, die die sozio\u00f6konomische Entwicklung der Wojewodschaft Lubusz beeinflussen. In diesem Jahr wurden Auszeichnungen in vier Kategorien vergeben: innovative Mikro-, Klein-, Mittel- und Gro\u00dfunternehmen, und alle Unternehmen aus der Wojewodschaft Lubusz waren zur Teilnahme berechtigt.<\/p>\n<p>Dies ist eine \u00e4u\u00dferst bedeutsame Anerkennung f\u00fcr uns, die uns zu noch gr\u00f6\u00dferen Anstrengungen in der Suche nach neuen Entwicklungswegen, Innovationen und Technologien antreibt. Nicht nur auf dem lokalen Markt, sondern auch auf der internationalen B\u00fchne.<\/p>\n<\/div>\n<\/div>\n<\/div>\n<\/div>\n<\/div>\n<\/div>\n<\/div>\n<\/div>\n<\/div>\n<\/div>\n<\/div>\n<\/div>\n<div class=\"flex-1 overflow-hidden\">\n<div class=\"react-scroll-to-bottom--css-rqlkw-79elbk h-full dark:bg-gray-800\">\n<div class=\"react-scroll-to-bottom--css-rqlkw-1n7m0yu\">\n<div class=\"flex flex-col text-sm dark:bg-gray-800\">\n<div class=\"group final-completion w-full text-token-text-primary border-b border-black\/10 gizmo:border-0 dark:border-gray-900\/50 gizmo:dark:border-0 bg-gray-50 gizmo:bg-transparent dark:bg-[#444654] gizmo:dark:bg-transparent\" data-testid=\"conversation-turn-17\">\n<div class=\"p-4 justify-center text-base md:gap-6 md:py-6 m-auto\">\n<div class=\"flex flex-1 gap-4 text-base mx-auto md:gap-6 gizmo:gap-3 gizmo:md:px-5 gizmo:lg:px-1 gizmo:xl:px-5 md:max-w-2xl lg:max-w-[38rem] gizmo:md:max-w-3xl gizmo:lg:max-w-[40rem] gizmo:xl:max-w-[48rem] xl:max-w-3xl }\">\n<div class=\"relative flex w-[calc(100%-50px)] flex-col gizmo:w-full lg:w-[calc(100%-115px)] agent-turn\">\n<div class=\"flex-col gap-1 md:gap-3\">\n<div class=\"flex flex-grow flex-col gap-3 max-w-full\">\n<div class=\"min-h-[20px] flex flex-col items-start gap-3 whitespace-pre-wrap break-words overflow-x-auto\">\n<div class=\"markdown prose w-full break-words dark:prose-invert light\">\u00a0<\/div>\n<\/div>\n<\/div>\n<\/div>\n<\/div>\n<\/div>\n<\/div>\n<\/div>\n<\/div>\n<\/div>\n<\/div>\n<\/div>\n<p>[\/et_pb_text][\/et_pb_column][\/et_pb_row][\/et_pb_section]<\/p>\n","protected":false},"excerpt":{"rendered":"<p>Am Donnerstag, dem 5. Oktober, wurden im Lubuski Theater die Wirtschaftspreise des Marschalls der Wojewodschaft Lubusz verliehen. Die Preisverleihung markierte den H\u00f6hepunkt des bedeutendsten wirtschaftlichen Ereignisses des Jahres in der Region \u2013 dem Wirtschaftskongress Lubusz 2023. &nbsp; Mit gro\u00dfer Freude verk\u00fcnden wir, dass das SECO\/WARWICK-Team um die Auszeichnung in der Kategorie &#8222;Innovatives Gro\u00dfunternehmen&#8220; k\u00e4mpfte und [&hellip;]<\/p>\n","protected":false},"author":2,"featured_media":147631,"parent":6718,"menu_order":0,"comment_status":"closed","ping_status":"closed","template":"","meta":{"_acf_changed":false,"_et_pb_use_builder":"on","_et_pb_old_content":"<h3>W czwartek, 5 pa\u017adziernika, w Teatrze Lubuskim, wr\u0119czono\u202fNagrody Gospodarcze Marsza\u0142ka Wojew\u00f3dztwa Lubuskiego.\u202fGala wr\u0119czenia nagr\u00f3d by\u0142a fina\u0142em najwa\u017cniejszego gospodarczego wydarzenia roku w regionie \u2013 <strong>Kongresu Gospodarczego Lubuskie 2023.<\/strong><\/h3><p><img class=\"wp-image-147629 size-large aligncenter\" src=\"https:\/\/www.secowarwick.com\/wp-content\/uploads\/2023\/10\/nagroda-gospodarcza-1024x567.jpg\" alt=\"Innowacyjne Du\u017ce Przedsi\u0119biorstwo\" width=\"1024\" height=\"567\" \/><\/p><p>Z ogromn\u0105 rado\u015bci\u0105 og\u0142aszamy, \u017ce Dru\u017cyna SECO\/WARWICK walczy\u0142a konkursie o <strong>nagrod\u0119 w kategorii \"Innowacyjne Du\u017ce Przedsi\u0119biorstwo\" i zaj\u0119\u0142a miejsce na podium, tj. drugie miejsce!<\/strong><\/p><p>Sz\u00f3sta edycja konkursu, po raz kolejny organizowana we wsp\u00f3\u0142pracy z\u202fBankiem Gospodarstwa Krajowego Region Lubuski, mia\u0142a na celu nagrodzenie i promocj\u0119 innowacyjnych firm, produkt\u00f3w, technologii i us\u0142ug, a tak\u017ce innych nowoczesnych rozwi\u0105za\u0144 wp\u0142ywaj\u0105cych na rozw\u00f3j spo\u0142eczno-gospodarczy Wojew\u00f3dztwa Lubuskiego. W tym roku nagrody by\u0142y przyznawane w 4 kategoriach: innowacyjne mikro, ma\u0142e, \u015brednie oraz du\u017ce przedsi\u0119biorstwo, a startowa\u0107 mog\u0142y wszystkie firmy z wojew\u00f3dztwa lubuskiego.<\/p><p><span class=\"TextRun SCXW40671914 BCX0\" lang=\"PL-PL\" xml:lang=\"PL-PL\" data-contrast=\"auto\"><span class=\"NormalTextRun SCXW40671914 BCX0\">To dla nas bardzo wa\u017cne wyr\u00f3\u017cnienie, kt\u00f3re nap\u0119dza nas do jeszcze lepszej pracy, poszukiwania nowych \u015bcie\u017cek rozwoju, nowych innowacji i technologii. Nie tylko na rynku lokalnym, ale tak\u017ce na arenie mi\u0119dzynarodowej.<\/span><\/span><span class=\"EOP SCXW40671914 BCX0\" data-ccp-props=\"{\"201341983\":0,\"335559739\":0,\"335559740\":240}\">\u00a0<\/span><\/p>","_et_gb_content_width":"","footnotes":""},"class_list":["post-147643","page","type-page","status-publish","has-post-thumbnail"],"acf":[],"_links":{"self":[{"href":"https:\/\/www.secowarwick.com\/de\/wp-json\/wp\/v2\/pages\/147643","targetHints":{"allow":["GET"]}}],"collection":[{"href":"https:\/\/www.secowarwick.com\/de\/wp-json\/wp\/v2\/pages"}],"about":[{"href":"https:\/\/www.secowarwick.com\/de\/wp-json\/wp\/v2\/types\/page"}],"author":[{"embeddable":true,"href":"https:\/\/www.secowarwick.com\/de\/wp-json\/wp\/v2\/users\/2"}],"replies":[{"embeddable":true,"href":"https:\/\/www.secowarwick.com\/de\/wp-json\/wp\/v2\/comments?post=147643"}],"version-history":[{"count":6,"href":"https:\/\/www.secowarwick.com\/de\/wp-json\/wp\/v2\/pages\/147643\/revisions"}],"predecessor-version":[{"id":147662,"href":"https:\/\/www.secowarwick.com\/de\/wp-json\/wp\/v2\/pages\/147643\/revisions\/147662"}],"up":[{"embeddable":true,"href":"https:\/\/www.secowarwick.com\/de\/wp-json\/wp\/v2\/pages\/6718"}],"wp:featuredmedia":[{"embeddable":true,"href":"https:\/\/www.secowarwick.com\/de\/wp-json\/wp\/v2\/media\/147631"}],"wp:attachment":[{"href":"https:\/\/www.secowarwick.com\/de\/wp-json\/wp\/v2\/media?parent=147643"}],"curies":[{"name":"wp","href":"https:\/\/api.w.org\/{rel}","templated":true}]}}