{"id":148036,"date":"2023-11-19T10:50:45","date_gmt":"2023-11-19T09:50:45","guid":{"rendered":"https:\/\/www.secowarwick.com\/?page_id=148036"},"modified":"2025-10-31T13:16:39","modified_gmt":"2025-10-31T12:16:39","slug":"kammerofen-vab","status":"publish","type":"page","link":"https:\/\/www.secowarwick.com\/de\/produkte\/vakuum-anlagen\/kammerofen-vab\/","title":{"rendered":"Kammerofen VAB"},"content":{"rendered":"<p>[et_pb_section fb_built=&#8220;1&#8243; _builder_version=&#8220;4.16&#8243; global_colors_info=&#8220;{}&#8220;][et_pb_row _builder_version=&#8220;4.16&#8243; background_size=&#8220;initial&#8220; background_position=&#8220;top_left&#8220; background_repeat=&#8220;repeat&#8220; global_colors_info=&#8220;{}&#8220;][et_pb_column type=&#8220;4_4&#8243; _builder_version=&#8220;4.16&#8243; custom_padding=&#8220;|||&#8220; global_colors_info=&#8220;{}&#8220; custom_padding__hover=&#8220;|||&#8220;][et_pb_image src=&#8220;https:\/\/www.secowarwick.com\/wp-content\/uploads\/2023\/10\/Universal-batch-chamber-furnace-VAB.jpg&#8220; alt=&#8220;The VAB chamber furnace is designed for vacuum aluminum brazing&#8220; title_text=&#8220;Universal batch chamber furnace VAB&#8220; align_tablet=&#8220;center&#8220; align_phone=&#8220;center&#8220; align_last_edited=&#8220;on|desktop&#8220; _builder_version=&#8220;4.19.2&#8243; global_colors_info=&#8220;{}&#8220;][\/et_pb_image][et_pb_breadcrumbs _builder_version=&#8220;3.6&#8243; global_colors_info=&#8220;{}&#8220;][\/et_pb_breadcrumbs][\/et_pb_column][\/et_pb_row][et_pb_row column_structure=&#8220;3_4,1_4&#8243; _builder_version=&#8220;4.16&#8243; global_colors_info=&#8220;{}&#8220;][et_pb_column type=&#8220;3_4&#8243; _builder_version=&#8220;4.16&#8243; custom_padding=&#8220;|||&#8220; global_colors_info=&#8220;{}&#8220; custom_padding__hover=&#8220;|||&#8220;][et_pb_text _builder_version=&#8220;4.23.1&#8243; text_orientation=&#8220;justified&#8220; custom_margin_tablet=&#8220;&#8220; custom_margin_phone=&#8220;-40px|||&#8220; custom_margin_last_edited=&#8220;on|phone&#8220; global_colors_info=&#8220;{}&#8220;]<\/p>\n<h1>Kammerofen VAB<\/h1>\n<h2>VAB, universeller Kammerofen VAB<\/h2>\n<p>Der Kammerofen VAB ist eine Anlage bestimmt f\u00fcr das Vakuuml\u00f6ten von Aluminium. Es\u00a0ist eine wirksame und effiziente Technologie, die kein Flussmittel ben\u00f6tigt (No-Flux-Technologie). Sie bietet eine gr\u00f6\u00dfere Umweltsicherheit bei gleichzeitiger Wiederholbarkeit der Ergebnisse. Eine Linie von Vakuum\u00f6fen f\u00fcr die halbkontinuierliche oder Beschickungsherstellung von Aluminiumkomponenten, die haupts\u00e4chlich f\u00fcr die Automobil- und Luftfahrtindustrie bestimmt sind.<\/p>\n<p>[\/et_pb_text][et_pb_tabs module_class=&#8220;red-tabs  eco-tab7&#8243; _builder_version=&#8220;4.23.1&#8243; custom_css_main_element=&#8220;margin-top: 2rem;||margin-bottom: 2rem;&#8220; global_colors_info=&#8220;{}&#8220;][et_pb_tab title=&#8220;\u00dcberblick&#8220; _builder_version=&#8220;4.23.1&#8243; _module_preset=&#8220;default&#8220; global_colors_info=&#8220;{}&#8220;]<\/p>\n<p>Der Kammerofen VAB ist eine flussmittelfreie Anlage zum L\u00f6ten von Aluminium in\u00a0einer Hochvakuumumgebung. Die Besonderheit des Ofens ist die Kontrolle der L\u00f6tprozesse, die auf einer konstanten Temperatur gehalten werden, in\u00a0Verbindung mit der hohen Dichtigkeit der Kammer. Das Vakuuml\u00f6tverfahren garantiert Qualit\u00e4t und ein sauberes und makelloses Aussehen der Teile.<\/p>\n<p>[\/et_pb_tab][et_pb_tab title=&#8220;Vorteile&#8220; _builder_version=&#8220;4.23.1&#8243; global_colors_info=&#8220;{}&#8220;]<\/p>\n<p><strong><span style=\"color: #e31300;\">\/ <\/span><\/strong>Gleichm\u00e4\u00dfige Temperaturverteilung<br \/><strong><span style=\"color: #e31300;\">\/ <\/span><\/strong>Wiederholbarkeit der Ergebnisse und Minimierung von nicht konformen Produkten<br \/><strong><span style=\"color: #e31300;\">\/ <\/span><\/strong>Einfaches Beladen<br \/><strong><span style=\"color: #e31300;\">\/ <\/span><\/strong>Kann mit anderen Ger\u00e4ten kombiniert werden (Ent\u00f6ler)<br \/><strong><span style=\"color: #e31300;\">\/ <\/span><\/strong>Sauberkeit der Teile\/keine Oxidation<\/p>\n<p>[\/et_pb_tab][et_pb_tab title=&#8220;Prozesse&#8220; _builder_version=&#8220;4.23.1&#8243; global_colors_info=&#8220;{}&#8220;]<\/p>\n<p><span style=\"color: #e31300;\"><strong>\/ <\/strong><\/span><span data-teams=\"true\">Spezielle Prozesse<\/span><\/p>\n<p>[\/et_pb_tab][et_pb_tab title=&#8220;Werkstoffe&#8220; _builder_version=&#8220;4.23.1&#8243; global_colors_info=&#8220;{}&#8220;]<\/p>\n<p><strong><span style=\"color: #ff0000;\">\/ <\/span><\/strong>Alle Aluminiumlegierungen, die mit Flussmittel gel\u00f6tet werden k\u00f6nnen, k\u00f6nnen vakuumgel\u00f6tet werden. Dar\u00fcber hinaus k\u00f6nnen einige magnesiumhaltige Aluminiumlegierungen (z.B. die Serie 5xxx), die nicht leicht mit Flussmittel gel\u00f6tet werden k\u00f6nnen, vakuumgel\u00f6tet werden<br \/><strong><span style=\"color: #ff0000;\">\/ <\/span><\/strong>Mit den richtigen Techniken k\u00f6nnen Legierungen der Serien lxxx, 3xxx, 5xxx und 7xxx vakuumgel\u00f6tet werden<\/p>\n<p>[\/et_pb_tab][et_pb_tab title=&#8220;Eigenschaften&#8220; _builder_version=&#8220;4.23.1&#8243; _module_preset=&#8220;default&#8220; global_colors_info=&#8220;{}&#8220;]<\/p>\n<p>Das flussmittelfreie L\u00f6ten (fluxless brazing) im\u00a0Vakuum bietet den Vorteil, dass Flussmitteleinschl\u00fcsse eliminiert werden k\u00f6nnen und Blindhohlr\u00e4ume, gekr\u00fcmmte Bahnen und kleine \u00dcberg\u00e4nge in\u00a0gel\u00f6teten Teilen gestaltet werden k\u00f6nnen, ohne dass es\u00a0zu den nachteiligen Auswirkungen kommt, die mit der Flussmittelentfernung und dem Einschluss von Flussmittel nach dem L\u00f6ten verbunden sind.<\/p>\n<p>[\/et_pb_tab][et_pb_tab title=&#8220;Industriezweige&#8220; _builder_version=&#8220;4.23.1&#8243; global_colors_info=&#8220;{}&#8220;]<\/p>\n<p><span style=\"color: #e31300;\"><strong>\/ <\/strong><\/span>Heizungs-, L\u00fcftungs-, Klima- und K\u00e4ltetechnikindustrie (HVAC&amp;R)<br \/><span style=\"color: #e31300;\"><strong>\/ <\/strong><\/span>Automobil- und Offroad-Industrie<br \/><span style=\"color: #e31300;\"><strong>\/ <\/strong><\/span>Stromgeneratoren und Kraftwerke<br \/><span style=\"color: #e31300;\"><strong>\/ <\/strong><\/span>Luft- und Raumfahrt<br \/><span style=\"color: #e31300;\"><strong>\/ <\/strong><\/span>Eisenbahn<br \/><span style=\"color: #e31300;\"><strong>\/ <\/strong><\/span>Elektronik<br \/><span style=\"color: #e31300;\"><strong>\/ <\/strong><\/span>Haushaltsger\u00e4te<\/p>\n<p>[\/et_pb_tab][et_pb_tab title=&#8220;Optionen&#8220; _builder_version=&#8220;4.23.1&#8243; _module_preset=&#8220;default&#8220; global_colors_info=&#8220;{}&#8220;]<\/p>\n<h2>Optionen f\u00fcr das Steuerungssystem<\/h2>\n<p><span style=\"color: #e31300;\"><strong>\/<\/strong><\/span> Auswahl des Steuerungssystems &#8211; PLC, IPC<br \/><span style=\"color: #e31300;\"><strong>\/<\/strong><\/span> Energiemanagement-Steuerung<br \/><span style=\"color: #e31300;\"><strong>\/<\/strong><\/span> Unabh\u00e4ngiger Datenlogger<br \/><span style=\"color: #e31300;\"><strong>\/<\/strong><\/span> Fernsteuerung und \u00dcberwachung<br \/><span style=\"color: #e31300;\"><strong>\/<\/strong><\/span> Klimatisierter Schaltschrank<\/p>\n<p>[\/et_pb_tab][et_pb_tab title=&#8220; &#8220; _builder_version=&#8220;4.23.1&#8243; _module_preset=&#8220;default&#8220; global_colors_info=&#8220;{}&#8220;]<\/p>\n<p><strong><span style=\"color: #dc291e;\">\/ <\/span><\/strong>Vakuum als Schutz- und Prozessatmosph\u00e4re eliminiert den Bedarf f\u00fcr die Anwendung der sch\u00e4dlichen Prozessgase und deren Aussto\u00df in&nbsp;die Umwelt<br \/><strong><span style=\"color: #dc291e;\">\/ <\/span><\/strong>Keine CO2-Emissionen, kein Einsatz fossiler Brennstoffe<br \/><strong><span style=\"color: #dc291e;\">\/ <\/span><\/strong>Verwendung des umweltneutralen K\u00fchlgases (Stickstoff, Argon), das aus der Luft gewonnen und in&nbsp;die Luft abgegeben wird<br \/><strong><span style=\"color: #dc291e;\">\/ <\/span><\/strong>Verbesserte W\u00e4rmed\u00e4mmung spart Strom (ca. 20%)<br \/><strong><span style=\"color: #dc291e;\">\/ <\/span><\/strong>Hohe Energieeffizienz der verwendeten elektrischen Bauelementen (Elektromotoren gem\u00e4\u00df Leistungsklasse IE3, Wechselrichtersteuerung, usw.)<br \/><strong><span style=\"color: #dc291e;\">\/ <\/span><\/strong>Einsatz von Systemen und Algorithmen, die den Verbrauch von Energie und Prozessfaktoren reduzieren (Pumpen-, Heiz- und K\u00fchlsystem)<br \/><strong><span style=\"color: #dc291e;\">\/ <\/span><\/strong>Keine Schadstoffemissionen<br \/><strong><span style=\"color: #dc291e;\">\/ <\/span><\/strong>Verringerung der H\u00e4rteverformungen und der Hartbearbeitungskosten (hard machining)<br \/><strong><span style=\"color: #dc291e;\">\/ <\/span><\/strong>Eliminierung der Teilereinigung nach der W\u00e4rmebehandlung.<\/p>\n<p>[\/et_pb_tab][\/et_pb_tabs][et_pb_code _builder_version=&#8220;4.19.2&#8243; _module_preset=&#8220;default&#8220; saved_tabs=&#8220;all&#8220; global_colors_info=&#8220;{}&#8220;]<pee style=\"text-align: center;\"><a class=\"small-button smallred\" style=\"font-size: 20px; padding: 20px 60px;\" href=\"https:\/\/www.secowarwick.com\/de\/fordern-sie-hier-ihr-angebot-an\/\"><span style=\"display: block; transform: skew(15deg,0deg); -webkit-transform: skew(15deg,0deg); font-size: 20px; !important\">UM EIN ANGEBOT BITTEN<\/span><\/a><\/pee>[\/et_pb_code][\/et_pb_column][et_pb_column type=&#8220;1_4&#8243; _builder_version=&#8220;4.16&#8243; custom_padding=&#8220;|||&#8220; global_colors_info=&#8220;{}&#8220; custom_padding__hover=&#8220;|||&#8220;][et_pb_gallery gallery_ids=&#8220;148151,148158,148165,148186&#8243; posts_number=&#8220;1&#8243; show_title_and_caption=&#8220;off&#8220; show_pagination=&#8220;off&#8220; zoom_icon_color=&#8220;#e2001a&#8220; module_class=&#8220;seco-products-gallery-new&#8220; _builder_version=&#8220;4.23.1&#8243; custom_css_overlay_icon=&#8220;content:&#8217;GALERIE ANSEHEN&#8216; !important;&#8220; global_colors_info=&#8220;{}&#8220;][\/et_pb_gallery][et_pb_text admin_label=&#8220;btn_de_premiumlibrary&#8220; module_class=&#8220;premium-library-button&#8220; _builder_version=&#8220;4.23.1&#8243; _module_preset=&#8220;default&#8220; text_orientation=&#8220;center&#8220; global_module=&#8220;157246&#8243; global_colors_info=&#8220;{}&#8220;]<\/p>\n<a href='https:\/\/www.secowarwick.com\/de\/premiuminhalte\/' class='small-button smallred'><span>PREMIUMINHALTE<\/span><\/a>\n<p>[\/et_pb_text][et_pb_text admin_label=&#8220;R&#038;D de&#8220; module_class=&#8220;product_widget_wrap_rd&#8220; _builder_version=&#8220;4.23.1&#8243; _module_preset=&#8220;default&#8220; text_orientation=&#8220;center&#8220; global_module=&#8220;167836&#8243; saved_tabs=&#8220;all&#8220; locked=&#8220;off&#8220; global_colors_info=&#8220;{}&#8220;]<\/p>\n<p><a href=\"https:\/\/www.secowarwick.com\/de\/rd\/\"><span class=\"product_wigtet_name\">R&amp;D<\/span><\/a><\/p>\n<p>[\/et_pb_text][et_pb_text admin_label=&#8220;AUTOMATYKA de&#8220; module_class=&#8220;product_widget_wrap_automation&#8220; _builder_version=&#8220;4.23.1&#8243; _module_preset=&#8220;default&#8220; global_module=&#8220;167905&#8243; saved_tabs=&#8220;all&#8220; locked=&#8220;off&#8220; global_colors_info=&#8220;{}&#8220;]<\/p>\n<p><a href=\"https:\/\/www.secowarwick.com\/de\/service\/automatisierung\/\"><span class=\"product_wigtet_name\">AUTOMATISIERUNG<\/span><\/a><\/p>\n<p>[\/et_pb_text][et_pb_text admin_label=&#8220;SERVICE de&#8220; module_class=&#8220;product_widget_wrap_service&#8220; _builder_version=&#8220;4.23.1&#8243; _module_preset=&#8220;default&#8220; global_module=&#8220;167860&#8243; saved_tabs=&#8220;all&#8220; locked=&#8220;off&#8220; global_colors_info=&#8220;{}&#8220;]<\/p>\n<p><a href=\"https:\/\/www.secowarwick.com\/de\/professionelle-service-dienstleistungen\/\"><span class=\"product_wigtet_name\">SERVICE<\/span><\/a><\/p>\n<p>[\/et_pb_text][et_pb_text admin_label=&#8220;SUPLEMENTALS de&#8220; module_class=&#8220;product_widget_wrap_supleme&#8220; _builder_version=&#8220;4.23.1&#8243; _module_preset=&#8220;default&#8220; global_module=&#8220;167915&#8243; saved_tabs=&#8220;all&#8220; locked=&#8220;off&#8220; global_colors_info=&#8220;{}&#8220;]<\/p>\n<p><span class=\"product_wigtet_name\">ZUSATZSTOFFE:<\/span><\/p>\n<p>[\/et_pb_text][et_pb_text admin_label=&#8220;Product brochure&#8220; module_class=&#8220;suplementals_product_brochure suplementals_wrap&#8220; _builder_version=&#8220;4.23.1&#8243; _module_preset=&#8220;default&#8220; hover_enabled=&#8220;0&#8243; locked=&#8220;off&#8220; global_colors_info=&#8220;{}&#8220; sticky_enabled=&#8220;0&#8243;]<\/p>\n<p><a href=\"https:\/\/www.secowarwick.com\/wp-content\/uploads\/2025\/10\/VAC-VAB-Line-WWW.pdf\" target=\"_blank\" rel=\"noopener\">Produktbrosch\u00fcre<\/a><\/p>\n<p>[\/et_pb_text][et_pb_text admin_label=&#8220;Product catalogue de&#8220; module_class=&#8220;suplementals_product_catalogue suplementals_wrap&#8220; _builder_version=&#8220;4.23.1&#8243; _module_preset=&#8220;default&#8220; global_module=&#8220;169659&#8243; saved_tabs=&#8220;all&#8220; locked=&#8220;off&#8220; global_colors_info=&#8220;{}&#8220;]<\/p>\n<p><a href=\"https:\/\/www.secowarwick.com\/wp-content\/uploads\/2025\/01\/VAC_catalogue_2024_web.pdf\" target=\"_blank\" rel=\"noopener\">Produktkatalog<\/a><\/p>\n<p>[\/et_pb_text][et_pb_text admin_label=&#8220;Product movie playlista de&#8220; module_class=&#8220;suplementals_product_movie suplementals_wrap&#8220; _builder_version=&#8220;4.23.1&#8243; _module_preset=&#8220;default&#8220; global_module=&#8220;169661&#8243; saved_tabs=&#8220;all&#8220; locked=&#8220;off&#8220; global_colors_info=&#8220;{}&#8220;]<\/p>\n<p><a href=\"https:\/\/www.youtube.com\/playlist?list=PLa0hhW_hoQqEsIHM5LQtr9h_9UlwGFBO8\" target=\"_blank\" rel=\"noopener\">Produktvideo<\/a><\/p>\n<p>[\/et_pb_text][et_pb_text admin_label=&#8220;dnabook-de&#8220; module_class=&#8220;suplementals_product_dna suplementals_wrap&#8220; _builder_version=&#8220;4.23.1&#8243; _module_preset=&#8220;default&#8220; global_module=&#8220;167874&#8243; saved_tabs=&#8220;all&#8220; locked=&#8220;off&#8220; global_colors_info=&#8220;{}&#8220;]<\/p>\n<p><a href=\"https:\/\/www.secowarwick.com\/wp-content\/uploads\/2025\/07\/DNA_BOOK.pdf\" target=\"_blank\" rel=\"noopener\">DNA\/BOOK<\/a><\/p>\n<p>[\/et_pb_text][et_pb_text admin_label=&#8220;ECO\/BOOK-de&#8220; module_class=&#8220;suplementals_product_eco suplementals_wrap&#8220; _builder_version=&#8220;4.23.1&#8243; _module_preset=&#8220;default&#8220; global_module=&#8220;167797&#8243; locked=&#8220;off&#8220; global_colors_info=&#8220;{}&#8220;]<\/p>\n<p><a href=\"https:\/\/www.secowarwick.com\/wp-content\/uploads\/2023\/06\/ECOBOOK.pdf\" target=\"_blank\" rel=\"noopener\">ECO\/BOOK<\/a><\/p>\n<p>[\/et_pb_text][et_pb_text admin_label=&#8220;product-widget-rfq-de&#8220; module_class=&#8220;product_widget_wrap_rfq-en&#8220; _builder_version=&#8220;4.23.1&#8243; _module_preset=&#8220;default&#8220; global_module=&#8220;186250&#8243; saved_tabs=&#8220;all&#8220; locked=&#8220;off&#8220; global_colors_info=&#8220;{}&#8220;]<\/p>\n<p style=\"text-align: center;\"><a class=\"small-button smallred\" href=\"https:\/\/www.secowarwick.com\/de\/fordern-sie-hier-ihr-angebot-an\/\"><span class=\"product_wigtet_name\">FRAGE NACH MEHR<\/span><\/a><\/p>\n<p>[\/et_pb_text][\/et_pb_column][\/et_pb_row][\/et_pb_section]<\/p>\n","protected":false},"excerpt":{"rendered":"<p>[et_pb_breadcrumbs _builder_version=&#8220;3.6&#8243; global_colors_info=&#8220;{}&#8220;][\/et_pb_breadcrumbs]Kammerofen VAB VAB, universeller Kammerofen VAB Der Kammerofen VAB ist eine Anlage bestimmt f\u00fcr das Vakuuml\u00f6ten von Aluminium. Es\u00a0ist eine wirksame und effiziente Technologie, die kein Flussmittel ben\u00f6tigt (No-Flux-Technologie). Sie bietet eine gr\u00f6\u00dfere Umweltsicherheit bei gleichzeitiger Wiederholbarkeit der Ergebnisse. Eine Linie von Vakuum\u00f6fen f\u00fcr die halbkontinuierliche oder Beschickungsherstellung von Aluminiumkomponenten, die haupts\u00e4chlich f\u00fcr [&hellip;]<\/p>\n","protected":false},"author":2,"featured_media":0,"parent":7218,"menu_order":0,"comment_status":"closed","ping_status":"closed","template":"","meta":{"_acf_changed":false,"_et_pb_use_builder":"on","_et_pb_old_content":"","_et_gb_content_width":"","footnotes":""},"class_list":["post-148036","page","type-page","status-publish"],"acf":[],"_links":{"self":[{"href":"https:\/\/www.secowarwick.com\/de\/wp-json\/wp\/v2\/pages\/148036","targetHints":{"allow":["GET"]}}],"collection":[{"href":"https:\/\/www.secowarwick.com\/de\/wp-json\/wp\/v2\/pages"}],"about":[{"href":"https:\/\/www.secowarwick.com\/de\/wp-json\/wp\/v2\/types\/page"}],"author":[{"embeddable":true,"href":"https:\/\/www.secowarwick.com\/de\/wp-json\/wp\/v2\/users\/2"}],"replies":[{"embeddable":true,"href":"https:\/\/www.secowarwick.com\/de\/wp-json\/wp\/v2\/comments?post=148036"}],"version-history":[{"count":42,"href":"https:\/\/www.secowarwick.com\/de\/wp-json\/wp\/v2\/pages\/148036\/revisions"}],"predecessor-version":[{"id":186537,"href":"https:\/\/www.secowarwick.com\/de\/wp-json\/wp\/v2\/pages\/148036\/revisions\/186537"}],"up":[{"embeddable":true,"href":"https:\/\/www.secowarwick.com\/de\/wp-json\/wp\/v2\/pages\/7218"}],"wp:attachment":[{"href":"https:\/\/www.secowarwick.com\/de\/wp-json\/wp\/v2\/media?parent=148036"}],"curies":[{"name":"wp","href":"https:\/\/api.w.org\/{rel}","templated":true}]}}