{"id":148259,"date":"2023-11-19T09:44:42","date_gmt":"2023-11-19T08:44:42","guid":{"rendered":"https:\/\/www.secowarwick.com\/?page_id=148259"},"modified":"2025-12-05T11:45:17","modified_gmt":"2025-12-05T10:45:17","slug":"vab-technologie","status":"publish","type":"page","link":"https:\/\/www.secowarwick.com\/de\/produkte\/vakuum-anlagen\/vab-technologie\/","title":{"rendered":"VAB-Technologie"},"content":{"rendered":"<p>[et_pb_section fb_built=&#8220;1&#8243; _builder_version=&#8220;4.16&#8243; global_colors_info=&#8220;{}&#8220;][et_pb_row _builder_version=&#8220;4.16&#8243; _module_preset=&#8220;default&#8220; global_colors_info=&#8220;{}&#8220;][et_pb_column type=&#8220;4_4&#8243; _builder_version=&#8220;4.16&#8243; _module_preset=&#8220;default&#8220; global_colors_info=&#8220;{}&#8220;][et_pb_image src=&#8220;https:\/\/www.secowarwick.com\/wp-content\/uploads\/2023\/09\/VAB-furnace-line.jpg&#8220; alt=&#8220;Furnaces for vacuum aluminum brazing&#8220; title_text=&#8220;VAB furnace line&#8220; _builder_version=&#8220;4.19.2&#8243; _module_preset=&#8220;default&#8220; global_colors_info=&#8220;{}&#8220;][\/et_pb_image][et_pb_breadcrumbs _builder_version=&#8220;4.10.3&#8243; _module_preset=&#8220;default&#8220; global_colors_info=&#8220;{}&#8220;][\/et_pb_breadcrumbs][\/et_pb_column][\/et_pb_row][et_pb_row column_structure=&#8220;2_3,1_3&#8243; _builder_version=&#8220;4.23.1&#8243; _module_preset=&#8220;default&#8220; global_colors_info=&#8220;{}&#8220;][et_pb_column type=&#8220;2_3&#8243; _builder_version=&#8220;4.23.1&#8243; _module_preset=&#8220;default&#8220; global_colors_info=&#8220;{}&#8220;][et_pb_text module_class=&#8220;podtytuly&#8220; _builder_version=&#8220;4.23.1&#8243; _module_preset=&#8220;default&#8220; hover_enabled=&#8220;0&#8243; global_colors_info=&#8220;{}&#8220; sticky_enabled=&#8220;0&#8243;]<\/p>\n<h1>VAB-Technologie<\/h1>\n<h2>Vakuum\u00f6fen zum Aluminiumhartl\u00f6ten.<\/h2>\n<p>Die seit langem bekannte VAB-Technologie gewinnt angesichts ihrer Umweltfreundlichkeit und technischer Sauberkeit an Bedeutung.\u00a0\u00a0Die VAB-\u00d6fen liefern zuverl\u00e4ssige und wiederholbare Ergebnisse der L\u00f6tverbindungen, und zwar in\u00a0einer Vielzahl von den auf die Kundenerwartungen und \u2013 anforderungen abgestimmten Vorrichtungen.<\/p>\n<p>&nbsp;<\/p>\n<p>[\/et_pb_text][\/et_pb_column][et_pb_column type=&#8220;1_3&#8243; _builder_version=&#8220;4.23.1&#8243; _module_preset=&#8220;default&#8220; global_colors_info=&#8220;{}&#8220;][et_pb_selected_documents _builder_version=&#8220;4.23.1&#8243; _module_preset=&#8220;default&#8220; global_colors_info=&#8220;{}&#8220;][et_pb_document post_id=&#8220;154280&#8243; title=&#8220;Vacuum Aluminum Brazing technology &#8211; brochure&#8220; _builder_version=&#8220;4.23.1&#8243; _module_preset=&#8220;default&#8220; global_colors_info=&#8220;{}&#8220;][\/et_pb_document][\/et_pb_selected_documents][et_pb_text _builder_version=&#8220;4.23.1&#8243; _module_preset=&#8220;default&#8220; global_colors_info=&#8220;{}&#8220;]<\/p>\n<p>Erweitern Sie Ihr Wissen und sehen Sie sich die <a href=\"https:\/\/www.youtube.com\/watch?v=aJdVDnnYajY\" target=\"_blank\" rel=\"noopener\"><strong>Fallstudie \u00fcber das 2,0 bar Vakuum-Aluminium-L\u00f6tsystem an<\/strong>.<\/a><\/p>\n<p>[\/et_pb_text][\/et_pb_column][\/et_pb_row][et_pb_row _builder_version=&#8220;4.16&#8243; custom_margin=&#8220;0px|||&#8220; custom_padding=&#8220;0px|||&#8220; global_colors_info=&#8220;{}&#8220;][et_pb_column type=&#8220;4_4&#8243; _builder_version=&#8220;4.16&#8243; custom_padding=&#8220;|||&#8220; global_colors_info=&#8220;{}&#8220; custom_padding__hover=&#8220;|||&#8220;][et_pb_seco_products product_1_title=&#8220;VAB-Ofenlinie&#8220; product_1_src=&#8220;https:\/\/www.secowarwick.com\/wp-content\/uploads\/2023\/10\/VAB-furnace-line.jpg&#8220; product_1_alt=&#8220;VAB-Ofenlinie&#8220; product_1_button=&#8220;MEHR&#8220; product_1_url=&#8220;https:\/\/www.secowarwick.com\/de\/produkte\/vakuum-anlagen\/vab-ofenlinie\/&#8220; product_2_title=&#8220;Universeller Kammerofen VAB&#8220; product_2_src=&#8220;https:\/\/www.secowarwick.com\/wp-content\/uploads\/2023\/10\/Universal-VAB-Chamber-Furnacemini.jpg&#8220; product_2_alt=&#8220;Universeller Kammerofen VAB&#8220; product_2_button=&#8220;MEHR&#8220; product_2_url=&#8220;https:\/\/www.secowarwick.com\/de\/produkte\/vakuum-anlagen\/universeller-kammerofen-vab\/&#8220; product_3_title=&#8220;Kammerofen VAB&#8220; product_3_src=&#8220;https:\/\/www.secowarwick.com\/wp-content\/uploads\/2023\/10\/Universal-batch-chamber-furnace-VABmini.jpg&#8220; product_3_alt=&#8220;Kammerofen VAB&#8220; product_3_button=&#8220;MEHR&#8220; product_3_url=&#8220;https:\/\/www.secowarwick.com\/de\/produkte\/vakuum-anlagen\/kammerofen-vab\/&#8220; product_4_title=&#8220;VAB, Mehrkammerofen, modularer Ofen&#8220; product_4_src=&#8220;https:\/\/www.secowarwick.com\/wp-content\/uploads\/2023\/10\/VAB-multi-chambersmini.jpg&#8220; product_4_alt=&#8220;VAB, Mehrkammerofen, modularer Ofen&#8220; product_4_button=&#8220; MEHR&#8220; product_4_url=&#8220;https:\/\/www.secowarwick.com\/de\/produkte\/vakuum-anlagen\/vab-mehrkammerofen\/&#8220; product_5_title=&#8220;Vakuumofen zum Ent\u00f6len&#8220; product_5_src=&#8220;https:\/\/www.secowarwick.com\/wp-content\/uploads\/2023\/10\/VAB-Furnace-for-removing-residual-oilmini.jpg&#8220; product_5_alt=&#8220;Vakuumofen zum Ent\u00f6len&#8220; product_5_button=&#8220;MEHR&#8220; product_5_url=&#8220;https:\/\/www.secowarwick.com\/de\/produkte\/vakuum-anlagen\/vakuumofen-zum-entoelen\/&#8220; product_6_title=&#8220;Pr\u00e4sentation des Innovativen VAB-Verarbeitungsofens&#8220; product_6_src=&#8220;https:\/\/www.secowarwick.com\/wp-content\/uploads\/2023\/11\/VECTOR-VAB-RD.jpg&#8220; product_6_alt=&#8220;Pr\u00e4sentation des Innovativen VAB-Verarbeitungsofens&#8220; product_6_button=&#8220;MEHR&#8220; product_6_url=&#8220;https:\/\/www.secowarwick.com\/de\/produkte\/vakuum-anlagen\/praesentation-des-innovativen-vab-verarbeitungsofens\/&#8220; module_id=&#8220;secoalutest&#8220; module_class=&#8220;disable-animation max800&#8243; _builder_version=&#8220;4.19.2&#8243; global_colors_info=&#8220;{}&#8220;][\/et_pb_seco_products][\/et_pb_column][\/et_pb_row][et_pb_row _builder_version=&#8220;4.16&#8243; _module_preset=&#8220;default&#8220; global_colors_info=&#8220;{}&#8220;][et_pb_column type=&#8220;4_4&#8243; _builder_version=&#8220;4.16&#8243; _module_preset=&#8220;default&#8220; global_colors_info=&#8220;{}&#8220;][et_pb_code _builder_version=&#8220;4.19.2&#8243; _module_preset=&#8220;default&#8220; saved_tabs=&#8220;all&#8220; global_colors_info=&#8220;{}&#8220;]<pee style=\"text-align: center;\"><a class=\"small-button smallred\" style=\"font-size: 20px; padding: 20px 60px;\" href=\"https:\/\/www.secowarwick.com\/de\/fordern-sie-hier-ihr-angebot-an\/\"><span style=\"display: block; transform: skew(15deg,0deg); -webkit-transform: skew(15deg,0deg); font-size: 20px; !important\">UM EIN ANGEBOT BITTEN<\/span><\/a><\/pee>[\/et_pb_code][\/et_pb_column][\/et_pb_row][\/et_pb_section]<\/p>\n","protected":false},"excerpt":{"rendered":"<p>[et_pb_breadcrumbs _builder_version=&#8220;4.10.3&#8243; _module_preset=&#8220;default&#8220; global_colors_info=&#8220;{}&#8220;][\/et_pb_breadcrumbs]VAB-Technologie Vakuum\u00f6fen zum Aluminiumhartl\u00f6ten. Die seit langem bekannte VAB-Technologie gewinnt angesichts ihrer Umweltfreundlichkeit und technischer Sauberkeit an Bedeutung.\u00a0\u00a0Die VAB-\u00d6fen liefern zuverl\u00e4ssige und wiederholbare Ergebnisse der L\u00f6tverbindungen, und zwar in\u00a0einer Vielzahl von den auf die Kundenerwartungen und \u2013 anforderungen abgestimmten Vorrichtungen. &nbsp;[et_pb_selected_documents _builder_version=&#8220;4.23.1&#8243; _module_preset=&#8220;default&#8220; global_colors_info=&#8220;{}&#8220;][et_pb_document post_id=&#8220;154280&#8243; title=&#8220;Vacuum Aluminum Brazing technology &#8211; brochure&#8220; _builder_version=&#8220;4.23.1&#8243; [&hellip;]<\/p>\n","protected":false},"author":2,"featured_media":0,"parent":7218,"menu_order":0,"comment_status":"closed","ping_status":"closed","template":"","meta":{"_acf_changed":false,"_et_pb_use_builder":"on","_et_pb_old_content":"","_et_gb_content_width":"","footnotes":""},"class_list":["post-148259","page","type-page","status-publish"],"acf":[],"_links":{"self":[{"href":"https:\/\/www.secowarwick.com\/de\/wp-json\/wp\/v2\/pages\/148259","targetHints":{"allow":["GET"]}}],"collection":[{"href":"https:\/\/www.secowarwick.com\/de\/wp-json\/wp\/v2\/pages"}],"about":[{"href":"https:\/\/www.secowarwick.com\/de\/wp-json\/wp\/v2\/types\/page"}],"author":[{"embeddable":true,"href":"https:\/\/www.secowarwick.com\/de\/wp-json\/wp\/v2\/users\/2"}],"replies":[{"embeddable":true,"href":"https:\/\/www.secowarwick.com\/de\/wp-json\/wp\/v2\/comments?post=148259"}],"version-history":[{"count":24,"href":"https:\/\/www.secowarwick.com\/de\/wp-json\/wp\/v2\/pages\/148259\/revisions"}],"predecessor-version":[{"id":188226,"href":"https:\/\/www.secowarwick.com\/de\/wp-json\/wp\/v2\/pages\/148259\/revisions\/188226"}],"up":[{"embeddable":true,"href":"https:\/\/www.secowarwick.com\/de\/wp-json\/wp\/v2\/pages\/7218"}],"wp:attachment":[{"href":"https:\/\/www.secowarwick.com\/de\/wp-json\/wp\/v2\/media?parent=148259"}],"curies":[{"name":"wp","href":"https:\/\/api.w.org\/{rel}","templated":true}]}}