{"id":148277,"date":"2023-09-19T11:40:42","date_gmt":"2023-09-19T09:40:42","guid":{"rendered":"https:\/\/www.secowarwick.com\/produkte\/vakuum-anlagen\/vab-furnace-line\/"},"modified":"2025-10-31T13:14:35","modified_gmt":"2025-10-31T12:14:35","slug":"vab-ofenlinie","status":"publish","type":"page","link":"https:\/\/www.secowarwick.com\/de\/produkte\/vakuum-anlagen\/vab-ofenlinie\/","title":{"rendered":"VAB-Ofenlinie"},"content":{"rendered":"<p>[et_pb_section fb_built=&#8220;1&#8243; _builder_version=&#8220;4.16&#8243; global_colors_info=&#8220;{}&#8220;][et_pb_row _builder_version=&#8220;4.16&#8243; background_size=&#8220;initial&#8220; background_position=&#8220;top_left&#8220; background_repeat=&#8220;repeat&#8220; global_colors_info=&#8220;{}&#8220;][et_pb_column type=&#8220;4_4&#8243; _builder_version=&#8220;4.16&#8243; custom_padding=&#8220;|||&#8220; global_colors_info=&#8220;{}&#8220; custom_padding__hover=&#8220;|||&#8220;][et_pb_image src=&#8220;https:\/\/www.secowarwick.com\/wp-content\/uploads\/2023\/09\/VAB-furnace-line.jpg&#8220; alt=&#8220;Furnaces for vacuum aluminum brazing&#8220; title_text=&#8220;VAB furnace line&#8220; align_tablet=&#8220;center&#8220; align_phone=&#8220;center&#8220; align_last_edited=&#8220;on|desktop&#8220; _builder_version=&#8220;4.19.2&#8243; global_colors_info=&#8220;{}&#8220;][\/et_pb_image][et_pb_breadcrumbs _builder_version=&#8220;3.6&#8243; global_colors_info=&#8220;{}&#8220;][\/et_pb_breadcrumbs][\/et_pb_column][\/et_pb_row][et_pb_row column_structure=&#8220;3_4,1_4&#8243; _builder_version=&#8220;4.16&#8243; global_colors_info=&#8220;{}&#8220;][et_pb_column type=&#8220;3_4&#8243; _builder_version=&#8220;4.16&#8243; custom_padding=&#8220;|||&#8220; global_colors_info=&#8220;{}&#8220; custom_padding__hover=&#8220;|||&#8220;][et_pb_text _builder_version=&#8220;4.23.1&#8243; text_orientation=&#8220;justified&#8220; custom_margin_tablet=&#8220;&#8220; custom_margin_phone=&#8220;-40px|||&#8220; custom_margin_last_edited=&#8220;on|phone&#8220; global_colors_info=&#8220;{}&#8220;]<\/p>\n<h1>VAB-Ofenlinie<\/h1>\n<h2>\u00d6fen zum Vakuumhartl\u00f6ten von Aluminium<\/h2>\n<p>Die seit langem bekannte VAB-Technologie gewinnt angesichts ihrer Umweltfreundlichkeit und technischer Sauberkeit an Bedeutung.\u00a0\u00a0Die VAB-\u00d6fen liefern zuverl\u00e4ssige und wiederholbare Ergebnisse der L\u00f6tverbindungen, und zwar in\u00a0einer Vielzahl von den auf die Kundenerwartungen und \u2013 anforderungen abgestimmten Vorrichtungen.<\/p>\n<p>[\/et_pb_text][et_pb_tabs module_class=&#8220;red-tabs  eco-tab6&#8243; _builder_version=&#8220;4.23.1&#8243; custom_css_main_element=&#8220;margin-top: 2rem;||margin-bottom: 2rem;&#8220; global_colors_info=&#8220;{}&#8220;][et_pb_tab title=&#8220;\u00dcberblick&#8220; _builder_version=&#8220;4.23.1&#8243; global_colors_info=&#8220;{}&#8220;]<\/p>\n<p>\u00d6fen und die VAB-Technologie (flussmittelfreies Hartl\u00f6ten) sind L\u00f6sungen f\u00fcr das Vakuumhartl\u00f6ten von Aluminium. Bei ihrem Verfahren wird das Flussmittel eliminiert, das zur Herstellung legierter Verbindungen in\u00a0hartgel\u00f6teten Werkst\u00fccken oder in\u00a0fester Form im\u00a0Ofen nicht verwendet wird. Ein Schl\u00fcsselelement des Vakuumhartl\u00f6tens von Aluminium ist die Verwendung von Magnesium als Legierungszusatz in\u00a0hartgel\u00f6teten Werkst\u00fccken oder in\u00a0fester Form im\u00a0Ofen. Magnesium ist f\u00fcr den Prozess unerl\u00e4sslich, da es\u00a0bei der Verdunstung Sauerstoff und Wasserdampf binden kann, wodurch die Reinheit des Vakuums verbessert wird. Es\u00a0reduziert auch das Aluminiumoxid auf der Oberfl\u00e4che der hartgel\u00f6teten Teile, so dass diese gleichm\u00e4\u00dfig und schnell benetzt werden k\u00f6nnen.<\/p>\n<p>Das Vakuumhartl\u00f6ten von Aluminium hat einen sehr engen Bereich zul\u00e4ssiger Prozesstemperaturen. Grunds\u00e4tzlich muss sich der Schwei\u00dfzusatzwerkstoff (Filler) verfl\u00fcssigen, bevor das Grundmetall die Solidustemperatur erreicht. In\u00a0den meisten F\u00e4llen ist dieser Temperaturunterschied sehr gering (5-10 \u00baC), so dass das Prozesstemperaturprofil und die F\u00e4higkeit des Ofens, dieses zu erreichen, entscheidend sind.<\/p>\n<p>Die VAB-Technologie ist ideal f\u00fcr: komplizierte Formen, Innen- und Gro\u00dffl\u00e4chenschwei\u00dfungen, verschiedene Aluminiumsorten und -dicken.<\/p>\n<p>[\/et_pb_tab][et_pb_tab title=&#8220;Vorteile&#8220; _builder_version=&#8220;4.19.2&#8243; global_colors_info=&#8220;{}&#8220;]<\/p>\n<p><strong><span style=\"color: #e31300;\">\/ <\/span><\/strong>Beim sauerstofffreien Hartl\u00f6ten entfallen die Kosten f\u00fcr Flussmittel und seinen Anwendung<br \/><strong><span style=\"color: #e31300;\">\/ <\/span><\/strong>Teilereinigung beschr\u00e4nkt sich auf die Reinigung vor dem Prozess<br \/><strong><span style=\"color: #e31300;\">\/ <\/span><\/strong>Nach dem Prozess sind die Teile sauber und haben eine mattgraue Oberfl\u00e4che<br \/><strong><span style=\"color: #e31300;\">\/ <\/span><\/strong>Eliminierung potenzieller Korrosionsstellen durch Beseitigung des Flussmittels umweltfreundliche Technologie<br \/><strong><span style=\"color: #e31300;\">\/ <\/span><\/strong>Reproduzierbarkeit der Ergebnisse durch hohe Temperaturgleichm\u00e4\u00dfigkeit und Hochvakuum<br \/><strong><span style=\"color: #e31300;\">\/ <\/span><\/strong>Keine R\u00fcckst\u00e4nde oder Korrosion aufgrund von Flussmittelverunreinigung<br \/><strong><span style=\"color: #e31300;\">\/ <\/span><\/strong>Hochwertiges Produkt<\/p>\n<p>[\/et_pb_tab][et_pb_tab title=&#8220;Prozesse&#8220; _builder_version=&#8220;4.19.2&#8243; global_colors_info=&#8220;{}&#8220;]<\/p>\n<p><span style=\"color: #e31300;\"><strong>\/ <\/strong><\/span>Hartl\u00f6ten<\/p>\n<p>[\/et_pb_tab][et_pb_tab title=&#8220;Industrien&#8220; _builder_version=&#8220;4.19.2&#8243; global_colors_info=&#8220;{}&#8220;]<\/p>\n<p><span style=\"color: #e31300;\"><strong>\/ <\/strong><\/span>Heizungs-, L\u00fcftungs-, Klima- und K\u00e4ltetechnikindustrie (HLK, angl. HVAC&amp;R)<br \/><span style=\"color: #e31300;\"><strong>\/ <\/strong><\/span>Automobilindustrie<br \/><span style=\"color: #e31300;\"><strong>\/ <\/strong><\/span>Luftfahrt<br \/><span style=\"color: #e31300;\"><strong>\/ <\/strong><\/span>Bahnindustrie<br \/><span style=\"color: #e31300;\"><strong>\/ <\/strong><\/span>Elektronik und Elektro-Hausger\u00e4te<br \/><span style=\"color: #e31300;\"><strong>\/ <\/strong><\/span>Generatorhersteller und Kraftwerke<\/p>\n<p>[\/et_pb_tab][et_pb_tab title=&#8220;Werkstoffe&#8220; _builder_version=&#8220;4.19.2&#8243; global_colors_info=&#8220;{}&#8220;]<\/p>\n<p><span style=\"color: #dc291e;\"><strong>\/<\/strong><\/span> Alle Aluminiumlegierungen, die mit Flussmittel hartgel\u00f6tet werden k\u00f6nnen, k\u00f6nnen vakuumhartgel\u00f6tet werden. Dar\u00fcber hinaus k\u00f6nnen einige Aluminium-Magnesium-Legierungen (z.B. 5xxx-er Serie), die nicht leicht im&nbsp;Flussmittelverfahren hartzul\u00f6ten sind, vakuumhartgel\u00f6tet werden.<br \/><span style=\"color: #dc291e;\"><strong>\/<\/strong><\/span> Mit den richtigen Techniken k\u00f6nnen die Legierungen der lxxx-, 3xxx-, 5xxx-, 6xxx- und 7xxx-Serie vakuumhartgel\u00f6tet werden.<\/p>\n<p>[\/et_pb_tab][et_pb_tab title=&#8220;Optionen&#8220; _builder_version=&#8220;4.19.2&#8243; _module_preset=&#8220;default&#8220; global_colors_info=&#8220;{}&#8220;]<\/p>\n<p>Die Produkte der VAB-Technologie k\u00f6nnen wir in&nbsp;3 Typen unterteilen:<\/p>\n<p><span style=\"color: #dc291e;\">VAB-Chargenofen mit aufgeh\u00e4ngter Charge und eigenem Transportsystem<\/span><\/p>\n<p><img decoding=\"async\" class=\"alignnone wp-image-145874 size-full\" src=\"https:\/\/www.secowarwick.com\/wp-content\/uploads\/2023\/09\/VAB-3.jpg\" alt=\"VAB-Chargenofen mit aufgeh\u00e4ngter Charge und eigenem Transportsystem\" width=\"1200\" height=\"900\" srcset=\"https:\/\/www.secowarwick.com\/wp-content\/uploads\/2023\/09\/VAB-3.jpg 1200w, https:\/\/www.secowarwick.com\/wp-content\/uploads\/2023\/09\/VAB-3-980x735.jpg 980w, https:\/\/www.secowarwick.com\/wp-content\/uploads\/2023\/09\/VAB-3-480x360.jpg 480w\" sizes=\"(min-width: 0px) and (max-width: 480px) 480px, (min-width: 481px) and (max-width: 980px) 980px, (min-width: 981px) 1200px, 100vw\" \/><\/p>\n<p><span style=\"color: #dc291e;\"><br \/>2. VAB-Chargenofen mit Arbeitsbereich f\u00fcr die Luft- und Raumfahrt und die kommerzielle Behandlung, beladen auf Schalen<\/span><\/p>\n<p><img decoding=\"async\" class=\"wp-image-145205 alignnone size-full\" src=\"https:\/\/www.secowarwick.com\/wp-content\/uploads\/2023\/08\/Batch-VAB-with-space-dedicated-to-the-aerospace-industry-and-commercial-heat-treatment-loaded-on-trays.jpg\" alt=\"VAB-Mehrkammerofen - kontinuierliche Durchlauflinie\" width=\"764\" height=\"417\" srcset=\"https:\/\/www.secowarwick.com\/wp-content\/uploads\/2023\/08\/Batch-VAB-with-space-dedicated-to-the-aerospace-industry-and-commercial-heat-treatment-loaded-on-trays.jpg 764w, https:\/\/www.secowarwick.com\/wp-content\/uploads\/2023\/08\/Batch-VAB-with-space-dedicated-to-the-aerospace-industry-and-commercial-heat-treatment-loaded-on-trays-480x262.jpg 480w\" sizes=\"(min-width: 0px) and (max-width: 480px) 480px, (min-width: 481px) 764px, 100vw\" \/><\/p>\n<p><span style=\"color: #dc291e;\"><br \/>VAB-Mehrkammerofen &#8211; kontinuierliche Durchlauflinie<\/span><\/p>\n<p><img decoding=\"async\" class=\"alignnone wp-image-145867 size-full\" src=\"https:\/\/www.secowarwick.com\/wp-content\/uploads\/2023\/09\/Vacuum-Aluminum-Brazing-1.jpg\" alt=\"VAB multi-chamber, - continuous line\" width=\"1200\" height=\"900\" srcset=\"https:\/\/www.secowarwick.com\/wp-content\/uploads\/2023\/09\/Vacuum-Aluminum-Brazing-1.jpg 1200w, https:\/\/www.secowarwick.com\/wp-content\/uploads\/2023\/09\/Vacuum-Aluminum-Brazing-1-980x735.jpg 980w, https:\/\/www.secowarwick.com\/wp-content\/uploads\/2023\/09\/Vacuum-Aluminum-Brazing-1-480x360.jpg 480w\" sizes=\"(min-width: 0px) and (max-width: 480px) 480px, (min-width: 481px) and (max-width: 980px) 980px, (min-width: 981px) 1200px, 100vw\" \/><\/p>\n<p>Ein zus\u00e4tzliches Produkt, das f\u00fcr die VAB-Technologie verwendet werden kann, ist Vakuumofen zur Ent\u00f6lung der Teile nach dem Pressvorgang. Er&nbsp;kann mit jeder der drei Arten von VAB-Produkten arbeiten und wird zur Ent\u00f6lung der Teile vor Ladung deren in&nbsp;den Ofen verwendet. Stattdessen kann ein Alkoholw\u00e4scher verwendet werden und dank des Vakuum-Ent\u00f6lers beschleunigen wir den Prozess im&nbsp;VAB-Hauptofen. Die Teile werden im&nbsp;Ent\u00f6ler auf 370-400\u00baC erhitzt und in&nbsp;den VAB-Hauptofen \u00fcbertragen, so dass die Teile im&nbsp;VAB-Ofen von 400\u00baC auf 600\u00baC erhitzt werden.<\/p>\n<p>Ein weiteres Zusatzprodukt der VAB-Linie kann eine Luftk\u00fchlkammer sein. Die Teile werden nach dem Hartl\u00f6ten bei 600 \u00baC auf unter 500 \u00baC abgek\u00fchlt und zur Freigabe der Hartl\u00f6tkammer in&nbsp;eine andere K\u00fchlkammer \u00fcbertragen, in&nbsp;der die W\u00e4rmetauscher luftgek\u00fchlt sind. Bei dieser Temperatur oxidiert das Aluminium nicht mehr und das ist sicher f\u00fcr Qualit\u00e4t und Oberfl\u00e4che.<\/p>\n<p>&nbsp;<\/p>\n<p>[\/et_pb_tab][et_pb_tab title=&#8220; &#8220; _builder_version=&#8220;4.23.1&#8243; _module_preset=&#8220;default&#8220; global_colors_info=&#8220;{}&#8220;]<\/p>\n<p><strong><span style=\"color: #dc291e;\">\/<\/span>\u00a0<\/strong>Vakuum als Schutz- und Prozessatmosph\u00e4re eliminiert den Bedarf f\u00fcr die Anwendung der sch\u00e4dlichen Prozessgase und deren Aussto\u00df in&nbsp;die Umwelt<br \/><strong><span style=\"color: #dc291e;\">\/<\/span> <\/strong>Keine CO2-Emissionen, kein Einsatz fossiler Brennstoffe<br \/><strong><span style=\"color: #dc291e;\">\/<\/span>\u00a0<\/strong>Verwendung des umweltneutralen K\u00fchlgases (Stickstoff, Argon), das aus der Luft gewonnen und in&nbsp;die Luft abgegeben wird<br \/><strong><span style=\"color: #dc291e;\">\/<\/span> <\/strong>Verbesserte W\u00e4rmed\u00e4mmung spart Strom (ca. 20%)<br \/><strong><span style=\"color: #dc291e;\">\/<\/span> <\/strong>Hohe Energieeffizienz der verwendeten elektrischen Bauelementen (Elektromotoren gem\u00e4\u00df Leistungsklasse IE3, Wechselrichtersteuerung, usw.)<br \/><strong><span style=\"color: #dc291e;\">\/<\/span> <\/strong>Einsatz von Systemen und Algorithmen, die den Verbrauch von Energie und Prozessfaktoren reduzieren (Pumpen-, Heiz- und K\u00fchlsystem)<br \/><strong><span style=\"color: #dc291e;\">\/<\/span> <\/strong>Keine Schadstoffemissionen<br \/><strong><span style=\"color: #dc291e;\">\/<\/span> <\/strong>Verringerung der H\u00e4rteverformungen und der Hartbearbeitungskosten (hard machining)<br \/><strong><span style=\"color: #dc291e;\">\/ <\/span><\/strong>Eliminierung der Teilereinigung nach der W\u00e4rmebehandlung.<\/p>\n<p>[\/et_pb_tab][\/et_pb_tabs][et_pb_code _builder_version=&#8220;4.19.2&#8243; _module_preset=&#8220;default&#8220; saved_tabs=&#8220;all&#8220; global_colors_info=&#8220;{}&#8220;]<pee style=\"text-align: center;\"><a class=\"small-button smallred\" style=\"font-size: 20px; padding: 20px 60px;\" href=\"https:\/\/www.secowarwick.com\/de\/fordern-sie-hier-ihr-angebot-an\/\"><span style=\"display: block; transform: skew(15deg,0deg); -webkit-transform: skew(15deg,0deg); font-size: 20px; !important\">UM EIN ANGEBOT BITTEN<\/span><\/a><\/pee>[\/et_pb_code][\/et_pb_column][et_pb_column type=&#8220;1_4&#8243; _builder_version=&#8220;4.16&#8243; custom_padding=&#8220;|||&#8220; global_colors_info=&#8220;{}&#8220; custom_padding__hover=&#8220;|||&#8220;][et_pb_gallery gallery_ids=&#8220;81630,81623,81585,81593,81602,81616,81564,81571,75681&#8243; posts_number=&#8220;1&#8243; show_title_and_caption=&#8220;off&#8220; show_pagination=&#8220;off&#8220; zoom_icon_color=&#8220;#e2001a&#8220; module_class=&#8220;seco-products-gallery-new&#8220; _builder_version=&#8220;4.23.1&#8243; custom_css_overlay_icon=&#8220;content:&#8217;GALERIE ANSEHEN&#8216; !important;&#8220; global_colors_info=&#8220;{}&#8220;][\/et_pb_gallery][et_pb_text admin_label=&#8220;btn_de_premiumlibrary&#8220; module_class=&#8220;premium-library-button&#8220; _builder_version=&#8220;4.23.1&#8243; _module_preset=&#8220;default&#8220; text_orientation=&#8220;center&#8220; global_module=&#8220;157246&#8243; global_colors_info=&#8220;{}&#8220;]<\/p>\n<a href='https:\/\/www.secowarwick.com\/de\/premiuminhalte\/' class='small-button smallred'><span>PREMIUMINHALTE<\/span><\/a>\n<p>[\/et_pb_text][et_pb_text admin_label=&#8220;R&#038;D de&#8220; module_class=&#8220;product_widget_wrap_rd&#8220; _builder_version=&#8220;4.23.1&#8243; _module_preset=&#8220;default&#8220; text_orientation=&#8220;center&#8220; global_module=&#8220;167836&#8243; saved_tabs=&#8220;all&#8220; locked=&#8220;off&#8220; global_colors_info=&#8220;{}&#8220;]<\/p>\n<p><a href=\"https:\/\/www.secowarwick.com\/de\/rd\/\"><span class=\"product_wigtet_name\">R&amp;D<\/span><\/a><\/p>\n<p>[\/et_pb_text][et_pb_text admin_label=&#8220;AUTOMATYKA de&#8220; module_class=&#8220;product_widget_wrap_automation&#8220; _builder_version=&#8220;4.23.1&#8243; _module_preset=&#8220;default&#8220; global_module=&#8220;167905&#8243; saved_tabs=&#8220;all&#8220; locked=&#8220;off&#8220; global_colors_info=&#8220;{}&#8220;]<\/p>\n<p><a href=\"https:\/\/www.secowarwick.com\/de\/service\/automatisierung\/\"><span class=\"product_wigtet_name\">AUTOMATISIERUNG<\/span><\/a><\/p>\n<p>[\/et_pb_text][et_pb_text admin_label=&#8220;SERVICE de&#8220; module_class=&#8220;product_widget_wrap_service&#8220; _builder_version=&#8220;4.23.1&#8243; _module_preset=&#8220;default&#8220; global_module=&#8220;167860&#8243; saved_tabs=&#8220;all&#8220; locked=&#8220;off&#8220; global_colors_info=&#8220;{}&#8220;]<\/p>\n<p><a href=\"https:\/\/www.secowarwick.com\/de\/professionelle-service-dienstleistungen\/\"><span class=\"product_wigtet_name\">SERVICE<\/span><\/a><\/p>\n<p>[\/et_pb_text][et_pb_text admin_label=&#8220;SUPLEMENTALS de&#8220; module_class=&#8220;product_widget_wrap_supleme&#8220; _builder_version=&#8220;4.23.1&#8243; _module_preset=&#8220;default&#8220; global_module=&#8220;167915&#8243; saved_tabs=&#8220;all&#8220; locked=&#8220;off&#8220; global_colors_info=&#8220;{}&#8220;]<\/p>\n<p><span class=\"product_wigtet_name\">ZUSATZSTOFFE:<\/span><\/p>\n<p>[\/et_pb_text][et_pb_text admin_label=&#8220;Product brochure&#8220; module_class=&#8220;suplementals_product_brochure suplementals_wrap&#8220; _builder_version=&#8220;4.23.1&#8243; _module_preset=&#8220;default&#8220; hover_enabled=&#8220;0&#8243; locked=&#8220;off&#8220; global_colors_info=&#8220;{}&#8220; sticky_enabled=&#8220;0&#8243;]<\/p>\n<p><a href=\"https:\/\/www.secowarwick.com\/wp-content\/uploads\/2025\/10\/VAC-VAB-Line-WWW.pdf\" target=\"_blank\" rel=\"noopener\">Produktbrosch\u00fcre<\/a><\/p>\n<p>[\/et_pb_text][et_pb_text admin_label=&#8220;Product catalogue de&#8220; module_class=&#8220;suplementals_product_catalogue suplementals_wrap&#8220; _builder_version=&#8220;4.23.1&#8243; _module_preset=&#8220;default&#8220; global_module=&#8220;169659&#8243; saved_tabs=&#8220;all&#8220; locked=&#8220;off&#8220; global_colors_info=&#8220;{}&#8220;]<\/p>\n<p><a href=\"https:\/\/www.secowarwick.com\/wp-content\/uploads\/2025\/01\/VAC_catalogue_2024_web.pdf\" target=\"_blank\" rel=\"noopener\">Produktkatalog<\/a><\/p>\n<p>[\/et_pb_text][et_pb_text admin_label=&#8220;Product movie playlista de&#8220; module_class=&#8220;suplementals_product_movie suplementals_wrap&#8220; _builder_version=&#8220;4.23.1&#8243; _module_preset=&#8220;default&#8220; global_module=&#8220;169661&#8243; saved_tabs=&#8220;all&#8220; locked=&#8220;off&#8220; global_colors_info=&#8220;{}&#8220;]<\/p>\n<p><a href=\"https:\/\/www.youtube.com\/playlist?list=PLa0hhW_hoQqEsIHM5LQtr9h_9UlwGFBO8\" target=\"_blank\" rel=\"noopener\">Produktvideo<\/a><\/p>\n<p>[\/et_pb_text][et_pb_text admin_label=&#8220;dnabook-de&#8220; module_class=&#8220;suplementals_product_dna suplementals_wrap&#8220; _builder_version=&#8220;4.23.1&#8243; _module_preset=&#8220;default&#8220; global_module=&#8220;167874&#8243; saved_tabs=&#8220;all&#8220; locked=&#8220;off&#8220; global_colors_info=&#8220;{}&#8220;]<\/p>\n<p><a href=\"https:\/\/www.secowarwick.com\/wp-content\/uploads\/2025\/07\/DNA_BOOK.pdf\" target=\"_blank\" rel=\"noopener\">DNA\/BOOK<\/a><\/p>\n<p>[\/et_pb_text][et_pb_text admin_label=&#8220;ECO\/BOOK-de&#8220; module_class=&#8220;suplementals_product_eco suplementals_wrap&#8220; _builder_version=&#8220;4.23.1&#8243; _module_preset=&#8220;default&#8220; global_module=&#8220;167797&#8243; locked=&#8220;off&#8220; global_colors_info=&#8220;{}&#8220;]<\/p>\n<p><a href=\"https:\/\/www.secowarwick.com\/wp-content\/uploads\/2023\/06\/ECOBOOK.pdf\" target=\"_blank\" rel=\"noopener\">ECO\/BOOK<\/a><\/p>\n<p>[\/et_pb_text][et_pb_text admin_label=&#8220;product-widget-rfq-de&#8220; module_class=&#8220;product_widget_wrap_rfq-en&#8220; _builder_version=&#8220;4.23.1&#8243; _module_preset=&#8220;default&#8220; global_module=&#8220;186250&#8243; saved_tabs=&#8220;all&#8220; locked=&#8220;off&#8220; global_colors_info=&#8220;{}&#8220;]<\/p>\n<p style=\"text-align: center;\"><a class=\"small-button smallred\" href=\"https:\/\/www.secowarwick.com\/de\/fordern-sie-hier-ihr-angebot-an\/\"><span class=\"product_wigtet_name\">FRAGE NACH MEHR<\/span><\/a><\/p>\n<p>[\/et_pb_text][\/et_pb_column][\/et_pb_row][\/et_pb_section]<\/p>\n","protected":false},"excerpt":{"rendered":"<p>[et_pb_breadcrumbs _builder_version=&#8220;3.6&#8243; global_colors_info=&#8220;{}&#8220;][\/et_pb_breadcrumbs]VAB-Ofenlinie \u00d6fen zum Vakuumhartl\u00f6ten von Aluminium Die seit langem bekannte VAB-Technologie gewinnt angesichts ihrer Umweltfreundlichkeit und technischer Sauberkeit an Bedeutung.\u00a0\u00a0Die VAB-\u00d6fen liefern zuverl\u00e4ssige und wiederholbare Ergebnisse der L\u00f6tverbindungen, und zwar in\u00a0einer Vielzahl von den auf die Kundenerwartungen und \u2013 anforderungen abgestimmten Vorrichtungen.\u00d6fen und die VAB-Technologie (flussmittelfreies Hartl\u00f6ten) sind L\u00f6sungen f\u00fcr das Vakuumhartl\u00f6ten von [&hellip;]<\/p>\n","protected":false},"author":2,"featured_media":0,"parent":7218,"menu_order":0,"comment_status":"closed","ping_status":"closed","template":"","meta":{"_acf_changed":false,"_et_pb_use_builder":"on","_et_pb_old_content":"","_et_gb_content_width":"","footnotes":""},"class_list":["post-148277","page","type-page","status-publish"],"acf":[],"_links":{"self":[{"href":"https:\/\/www.secowarwick.com\/de\/wp-json\/wp\/v2\/pages\/148277","targetHints":{"allow":["GET"]}}],"collection":[{"href":"https:\/\/www.secowarwick.com\/de\/wp-json\/wp\/v2\/pages"}],"about":[{"href":"https:\/\/www.secowarwick.com\/de\/wp-json\/wp\/v2\/types\/page"}],"author":[{"embeddable":true,"href":"https:\/\/www.secowarwick.com\/de\/wp-json\/wp\/v2\/users\/2"}],"replies":[{"embeddable":true,"href":"https:\/\/www.secowarwick.com\/de\/wp-json\/wp\/v2\/comments?post=148277"}],"version-history":[{"count":22,"href":"https:\/\/www.secowarwick.com\/de\/wp-json\/wp\/v2\/pages\/148277\/revisions"}],"predecessor-version":[{"id":186534,"href":"https:\/\/www.secowarwick.com\/de\/wp-json\/wp\/v2\/pages\/148277\/revisions\/186534"}],"up":[{"embeddable":true,"href":"https:\/\/www.secowarwick.com\/de\/wp-json\/wp\/v2\/pages\/7218"}],"wp:attachment":[{"href":"https:\/\/www.secowarwick.com\/de\/wp-json\/wp\/v2\/media?parent=148277"}],"curies":[{"name":"wp","href":"https:\/\/api.w.org\/{rel}","templated":true}]}}