{"id":148521,"date":"2023-10-31T12:44:45","date_gmt":"2023-10-31T11:44:45","guid":{"rendered":"https:\/\/www.secowarwick.com\/trends\/"},"modified":"2025-06-11T11:15:24","modified_gmt":"2025-06-11T09:15:24","slug":"trends","status":"publish","type":"page","link":"https:\/\/www.secowarwick.com\/de\/service\/automatisierung\/trends\/","title":{"rendered":"Trends"},"content":{"rendered":"<p>[et_pb_section fb_built=&#8220;1&#8243; admin_label=&#8220;section&#8220; _builder_version=&#8220;4.16&#8243; custom_padding=&#8220;0px|||&#8220; transparent_background=&#8220;off&#8220; make_fullwidth=&#8220;off&#8220; use_custom_width=&#8220;off&#8220; width_unit=&#8220;on&#8220; global_colors_info=&#8220;{}&#8220;][et_pb_row column_structure=&#8220;3_4,1_4&#8243; admin_label=&#8220;row&#8220; _builder_version=&#8220;4.23.1&#8243; background_size=&#8220;initial&#8220; background_position=&#8220;top_left&#8220; background_repeat=&#8220;repeat&#8220; custom_padding=&#8220;||||false|false&#8220; make_fullwidth=&#8220;off&#8220; use_custom_width=&#8220;off&#8220; width_unit=&#8220;on&#8220; global_colors_info=&#8220;{}&#8220;][et_pb_column type=&#8220;3_4&#8243; _builder_version=&#8220;4.16&#8243; custom_padding=&#8220;|||&#8220; global_colors_info=&#8220;{}&#8220; custom_padding__hover=&#8220;|||&#8220;][et_pb_code module_class=&#8220;custom-bread&#8220; _builder_version=&#8220;4.23.1&#8243; _module_preset=&#8220;default&#8220; global_colors_info=&#8220;{}&#8220;]<\/p>\n<div class=\"et_pb_module et_pb_breadcrumbs   et_pb_breadcrumbs_0\"><!-- [et_pb_line_break_holder] -->\t\t\t\t<pee id=\"breadcrumbs\"><span><span><a href=\"https:\/\/www.secowarwick.com\/de\/\">HOME<\/a><\/span> \/ <span><a href=\"https:\/\/www.secowarwick.com\/de\/service\/automatisierung\/\">AUTOMATISIERUNG<\/a><\/span> \/ <span class=\"breadcrumb_last\" aria-current=\"page\">TRENDS<\/span><\/span><\/pee><!-- [et_pb_line_break_holder] -->\t\t\t<\/div>\n<p>[\/et_pb_code][et_pb_text module_class=&#8220;red-square-list-parent podtytuly&#8220; _builder_version=&#8220;4.23.1&#8243; background_size=&#8220;initial&#8220; background_position=&#8220;top_left&#8220; background_repeat=&#8220;repeat&#8220; hover_enabled=&#8220;0&#8243; use_border_color=&#8220;off&#8220; global_colors_info=&#8220;{}&#8220; text_orientation=&#8220;justified&#8220; sticky_enabled=&#8220;0&#8243;]<\/p>\n<h1>TRENDS<\/h1>\n<h2><span data-contrast=\"auto\"><img decoding=\"async\" class=\"alignleft wp-image-158497\" src=\"https:\/\/www.secowarwick.com\/wp-content\/uploads\/2024\/05\/sw-trends-icon_2.svg\" alt=\"TRENDS\" width=\"80\" \/>Verschaffen Sie sich einen \u00dcberblick \u00fcber die wichtigsten auf dem Ger\u00e4t aufgezeichneten Signale.\u00a0 Ihre Ver\u00e4nderungsgeschichte wartet darauf, bekannt und analysiert zu werden.<\/span><span data-ccp-props=\"{&quot;201341983&quot;:0,&quot;335559739&quot;:0,&quot;335559740&quot;:240}\">\u00a0<\/span><\/h2>\n<p><span data-contrast=\"auto\">\u202f<\/span><span data-ccp-props=\"{&quot;201341983&quot;:0,&quot;335559739&quot;:0,&quot;335559740&quot;:240}\">\u00a0<\/span><\/p>\n<p><span data-contrast=\"auto\">Trends ist das Modul, das f\u00fcr die Aufzeichnung und Anzeige der Trendkurven der analogen Basissignale des Ger\u00e4ts verantwortlich ist. Dies erm\u00f6glicht eine detaillierte Analyse der \u00c4nderungshistorie auf bequeme Art und Weise \u2013\u00a0 und zwar \u00fcber den Browser.<\/span><span data-ccp-props=\"{&quot;201341983&quot;:0,&quot;335559739&quot;:0,&quot;335559740&quot;:240}\">\u00a0<\/span><\/p>\n<p><span data-contrast=\"auto\">Dieses Modul erm\u00f6glicht es\u00a0dem Benutzer, die Signalwertver\u00e4nderungen im\u00a0Zeitverlauf zu verfolgen. Auf diese Weise kann der Benutzer selbst\u00e4ndig Wertver\u00e4nderungen ausgew\u00e4hlter Signale verfolgen und analysieren.<\/span><span data-ccp-props=\"{&quot;201341983&quot;:0,&quot;335559739&quot;:0,&quot;335559740&quot;:240}\">\u00a0<\/span><\/p>\n<p>[\/et_pb_text][\/et_pb_column][et_pb_column type=&#8220;1_4&#8243; _builder_version=&#8220;4.23.1&#8243; custom_padding=&#8220;75px||||false|false&#8220; custom_padding_tablet=&#8220;0px||||false|false&#8220; custom_padding_phone=&#8220;0px||||false|false&#8220; custom_padding_last_edited=&#8220;on|tablet&#8220; global_colors_info=&#8220;{}&#8220; custom_padding__hover=&#8220;|||&#8220;][et_pb_text admin_label=&#8220;btn_de_premiumlibrary&#8220; module_class=&#8220;premium-library-button&#8220; _builder_version=&#8220;4.23.1&#8243; _module_preset=&#8220;default&#8220; text_orientation=&#8220;center&#8220; global_module=&#8220;157246&#8243; global_colors_info=&#8220;{}&#8220;]<\/p>\n<a href='https:\/\/www.secowarwick.com\/de\/premiuminhalte\/' class='small-button smallred'><span>PREMIUMINHALTE<\/span><\/a>\n<p>[\/et_pb_text][et_pb_text admin_label=&#8220;R&#038;D de&#8220; module_class=&#8220;product_widget_wrap_rd&#8220; _builder_version=&#8220;4.23.1&#8243; _module_preset=&#8220;default&#8220; text_orientation=&#8220;center&#8220; global_module=&#8220;167836&#8243; saved_tabs=&#8220;all&#8220; locked=&#8220;off&#8220; global_colors_info=&#8220;{}&#8220;]<\/p>\n<p><a href=\"https:\/\/www.secowarwick.com\/de\/rd\/\"><span class=\"product_wigtet_name\">R&amp;D<\/span><\/a><\/p>\n<p>[\/et_pb_text][et_pb_text admin_label=&#8220;Producte de&#8220; module_class=&#8220;product_widget_wrap_products &#8220; _builder_version=&#8220;4.23.1&#8243; _module_preset=&#8220;default&#8220; global_module=&#8220;179193&#8243; saved_tabs=&#8220;all&#8220; locked=&#8220;off&#8220; global_colors_info=&#8220;{}&#8220;]<\/p>\n<p><a href=\"https:\/\/www.secowarwick.com\/de\/produkte\/\" target=\"_blank\" rel=\"noopener\"><span class=\"product_wigtet_name\">PRODUKTE<\/span><\/a><\/p>\n<p>[\/et_pb_text][et_pb_text admin_label=&#8220;SERVICE de&#8220; module_class=&#8220;product_widget_wrap_service&#8220; _builder_version=&#8220;4.23.1&#8243; _module_preset=&#8220;default&#8220; global_module=&#8220;167860&#8243; saved_tabs=&#8220;all&#8220; locked=&#8220;off&#8220; global_colors_info=&#8220;{}&#8220;]<\/p>\n<p><a href=\"https:\/\/www.secowarwick.com\/de\/professionelle-service-dienstleistungen\/\"><span class=\"product_wigtet_name\">SERVICE<\/span><\/a><\/p>\n<p>[\/et_pb_text][et_pb_text admin_label=&#8220;SUPLEMENTALS de&#8220; module_class=&#8220;product_widget_wrap_supleme&#8220; _builder_version=&#8220;4.23.1&#8243; _module_preset=&#8220;default&#8220; global_module=&#8220;167915&#8243; saved_tabs=&#8220;all&#8220; locked=&#8220;off&#8220; global_colors_info=&#8220;{}&#8220;]<\/p>\n<p><span class=\"product_wigtet_name\">ZUSATZSTOFFE:<\/span><\/p>\n<p>[\/et_pb_text][et_pb_text admin_label=&#8220;dnabook-de&#8220; module_class=&#8220;suplementals_product_dna suplementals_wrap&#8220; _builder_version=&#8220;4.23.1&#8243; _module_preset=&#8220;default&#8220; global_module=&#8220;167874&#8243; saved_tabs=&#8220;all&#8220; locked=&#8220;off&#8220; global_colors_info=&#8220;{}&#8220;]<\/p>\n<p><a href=\"https:\/\/www.secowarwick.com\/wp-content\/uploads\/2024\/02\/2024_SECO_WARWICK_Catalog_DNA_EN_SECOLOGY.pdf\" target=\"_blank\" rel=\"noopener\">DNA\/BOOK<\/a><\/p>\n<p>[\/et_pb_text][et_pb_text admin_label=&#8220;ECO\/BOOK-de&#8220; module_class=&#8220;suplementals_product_eco suplementals_wrap&#8220; _builder_version=&#8220;4.23.1&#8243; _module_preset=&#8220;default&#8220; global_module=&#8220;167797&#8243; locked=&#8220;off&#8220; global_colors_info=&#8220;{}&#8220;]<\/p>\n<p><a href=\"https:\/\/www.secowarwick.com\/wp-content\/uploads\/2023\/06\/ECOBOOK.pdf\" target=\"_blank\" rel=\"noopener\">ECO\/BOOK<\/a><\/p>\n<p>[\/et_pb_text][\/et_pb_column][\/et_pb_row][\/et_pb_section][et_pb_section fb_built=&#8220;1&#8243; admin_label=&#8220;section&#8220; _builder_version=&#8220;4.19.2&#8243; background_color=&#8220;#f8f8f8&#8243; custom_margin=&#8220;-20px||||false|false&#8220; custom_padding=&#8220;0px||||false|false&#8220; transparent_background=&#8220;off&#8220; make_fullwidth=&#8220;off&#8220; use_custom_width=&#8220;off&#8220; width_unit=&#8220;on&#8220; global_colors_info=&#8220;{}&#8220;][et_pb_row column_structure=&#8220;1_2,1_2&#8243; admin_label=&#8220;row&#8220; _builder_version=&#8220;4.19.2&#8243; background_size=&#8220;initial&#8220; background_position=&#8220;top_left&#8220; background_repeat=&#8220;repeat&#8220; custom_margin=&#8220;-20px||||false|false&#8220; global_colors_info=&#8220;{}&#8220;][et_pb_column type=&#8220;1_2&#8243; _builder_version=&#8220;4.16&#8243; custom_padding=&#8220;|||&#8220; global_colors_info=&#8220;{}&#8220; custom_padding__hover=&#8220;|||&#8220;][et_pb_image src=&#8220;https:\/\/www.secowarwick.com\/wp-content\/uploads\/2023\/10\/Trends-chart.png&#8220; alt=&#8220;Automation Service: trends chart&#8220; title_text=&#8220;Trends chart&#8220; align_tablet=&#8220;center&#8220; align_phone=&#8220;&#8220; align_last_edited=&#8220;on|desktop&#8220; _builder_version=&#8220;4.19.2&#8243; global_colors_info=&#8220;{}&#8220;][\/et_pb_image][\/et_pb_column][et_pb_column type=&#8220;1_2&#8243; _builder_version=&#8220;4.16&#8243; custom_padding=&#8220;|||&#8220; global_colors_info=&#8220;{}&#8220; custom_padding__hover=&#8220;|||&#8220;][et_pb_text admin_label=&#8220;apostrof&#8220; module_class=&#8220;przecinek-tlo-nizej&#8220; _builder_version=&#8220;4.19.2&#8243; custom_margin=&#8220;50px|||&#8220; custom_margin_tablet=&#8220;&#8220; custom_margin_phone=&#8220;&#8220; custom_margin_last_edited=&#8220;on|desktop&#8220; saved_tabs=&#8220;all&#8220; global_colors_info=&#8220;{}&#8220;]<\/p>\n<p><span class=\"TextRun SCXW95720505 BCX0\" lang=\"PL-PL\" xml:lang=\"PL-PL\" data-contrast=\"none\"><span class=\"NormalTextRun SpellingErrorV2Themed SpellingErrorHighlight SCXW95720505 BCX0\">Hauptfunktionen<\/span><span class=\"NormalTextRun SCXW95720505 BCX0\"> des <\/span><span class=\"NormalTextRun SpellingErrorV2Themed SCXW95720505 BCX0\">Moduls<\/span><\/span><\/p>\n<p>[\/et_pb_text][et_pb_text _builder_version=&#8220;4.19.2&#8243; _module_preset=&#8220;default&#8220; text_font_size=&#8220;16px&#8220; global_colors_info=&#8220;{}&#8220;]<\/p>\n<p><span class=\"TextRun SCXW102932848 BCX0\" lang=\"PL-PL\" xml:lang=\"PL-PL\" data-contrast=\"none\"><span class=\"NormalTextRun SCXW102932848 BCX0\"><span style=\"color: #db1414;\"><strong>\/ <\/strong><\/span><span class=\"NormalTextRun SpellingErrorV2Themed SpellingErrorHighlight SCXW153666544 BCX0\">\u00dcbersicht <\/span><span class=\"NormalTextRun SpellingErrorV2Themed SCXW153666544 BCX0\">u<\/span><span class=\"NormalTextRun SpellingErrorV2Themed SCXW153666544 BCX0\">nd&nbsp;<\/span><span class=\"NormalTextRun SpellingErrorV2Themed SCXW153666544 BCX0\">Analyse<\/span> <span class=\"NormalTextRun SpellingErrorV2Themed SCXW153666544 BCX0\">aller<\/span> <span class=\"NormalTextRun SpellingErrorV2Themed SCXW153666544 BCX0\">Trendkurven,<\/span><\/span><\/span><span class=\"LineBreakBlob BlobObject DragDrop SCXW102932848 BCX0\"><br class=\"SCXW102932848 BCX0\" \/><\/span><span class=\"TextRun SCXW102932848 BCX0\" lang=\"PL-PL\" xml:lang=\"PL-PL\" data-contrast=\"none\"><span class=\"NormalTextRun SCXW102932848 BCX0\"><span style=\"color: #db1414;\"><strong>\/ <\/strong><\/span><span class=\"NormalTextRun SCXW201213344 BCX0\">Marker-<\/span><span class=\"NormalTextRun SpellingErrorV2Themed SCXW201213344 BCX0\">\u00c4nderung,<\/span><\/span><\/span><span class=\"LineBreakBlob BlobObject DragDrop SCXW102932848 BCX0\"><br class=\"SCXW102932848 BCX0\" \/><\/span><span class=\"TextRun SCXW102932848 BCX0\" lang=\"PL-PL\" xml:lang=\"PL-PL\" data-contrast=\"none\"><span style=\"color: #db1414;\"><strong>\/ <\/strong><\/span><span class=\"NormalTextRun SpellingErrorV2Themed SCXW215804210 BCX0\">M\u00f6glichkeit<\/span><span style=\"color: #db1414;\"><span class=\"NormalTextRun SCXW215804210 BCX0\">, <\/span><\/span><span class=\"NormalTextRun SpellingErrorV2Themed SCXW215804210 BCX0\">Daten<\/span> <span class=\"NormalTextRun SpellingErrorV2Themed SCXW215804210 BCX0\">zu<\/span> <span class=\"NormalTextRun SpellingErrorV2Themed SCXW215804210 BCX0\">exportieren<\/span><span class=\"NormalTextRun SCXW215804210 BCX0\"> (im&nbsp;<\/span><span class=\"NormalTextRun SpellingErrorV2Themed SCXW215804210 BCX0\">csv-Dateiformat<\/span><span class=\"NormalTextRun SCXW215804210 BCX0\">):<\/span><span style=\"color: #db1414;\"><strong><br \/><\/strong><\/span><\/span><span class=\"TextRun SCXW102932848 BCX0\" lang=\"PL-PL\" xml:lang=\"PL-PL\" data-contrast=\"none\"><span style=\"color: #db1414;\"><strong>&#8211; <\/strong><\/span><span class=\"TextRun SCXW237543710 BCX0\" lang=\"PL-PL\" xml:lang=\"PL-PL\" data-contrast=\"auto\"><span class=\"NormalTextRun SpellingErrorV2Themed SCXW237543710 BCX0\">alle<\/span><span class=\"NormalTextRun SCXW237543710 BCX0\"> in&nbsp;der <\/span><span class=\"NormalTextRun SpellingErrorV2Themed SCXW237543710 BCX0\">Datenbank<\/span> <span class=\"NormalTextRun SpellingErrorV2Themed SCXW237543710 BCX0\">gespeicherten<\/span> <span class=\"NormalTextRun SpellingErrorV2Themed SCXW237543710 BCX0\">Werte<\/span> <span class=\"NormalTextRun SpellingErrorV2Themed SCXW237543710 BCX0\">f\u00fcr<\/span> <span class=\"NormalTextRun SpellingErrorV2Themed SCXW237543710 BCX0\">einen<\/span> <span class=\"NormalTextRun SpellingErrorV2Themed SCXW237543710 BCX0\">bestimmten<\/span> <span class=\"NormalTextRun SpellingErrorV2Themed SCXW237543710 BCX0\">Zeitraum<\/span><span class=\"NormalTextRun SCXW237543710 BCX0\">,<\/span><\/span><span class=\"EOP SCXW237543710 BCX0\" data-ccp-props=\"{&quot;201341983&quot;:0,&quot;335559739&quot;:0,&quot;335559740&quot;:240}\">\u00a0<\/span><span style=\"color: #db1414;\"><strong><span class=\"EOP SCXW237543710 BCX0\" data-ccp-props=\"{&quot;201341983&quot;:0,&quot;335559739&quot;:0,&quot;335559740&quot;:240}\"><br \/><\/span><\/strong><\/span><\/span><span class=\"TextRun SCXW102932848 BCX0\" lang=\"PL-PL\" xml:lang=\"PL-PL\" data-contrast=\"none\"><span style=\"color: #db1414;\"><strong>&#8211; <\/strong><\/span><span class=\"NormalTextRun SpellingErrorV2Themed SpellingErrorHighlight SCXW173563642 BCX0\">Durchschnittswerte<\/span><span class=\"NormalTextRun SpellingErrorV2Themed SCXW173563642 BCX0\">direkt<\/span> <span class=\"NormalTextRun SpellingErrorV2Themed SCXW173563642 BCX0\">aus<\/span> <span class=\"NormalTextRun SpellingErrorV2Themed SCXW173563642 BCX0\">dem<\/span> <span class=\"NormalTextRun SpellingErrorV2Themed SCXW173563642 BCX0\">Diagramm<\/span><span class=\"NormalTextRun SCXW173563642 BCX0\">.<\/span><\/span><\/p>\n<p>&nbsp;<\/p>\n<p>&nbsp;<\/p>\n<p>&nbsp;<\/p>\n<p>&nbsp;<\/p>\n<p>[\/et_pb_text][\/et_pb_column][\/et_pb_row][\/et_pb_section][et_pb_section fb_built=&#8220;1&#8243; _builder_version=&#8220;4.23.1&#8243; _module_preset=&#8220;default&#8220; global_colors_info=&#8220;{}&#8220;][et_pb_row column_structure=&#8220;3_4,1_4&#8243; use_custom_gutter=&#8220;on&#8220; gutter_width=&#8220;2&#8243; module_class=&#8220;automatycy-wiersz-korzysci&#8220; _builder_version=&#8220;4.23.1&#8243; _module_preset=&#8220;default&#8220; locked=&#8220;off&#8220; global_colors_info=&#8220;{}&#8220;][et_pb_column type=&#8220;3_4&#8243; _builder_version=&#8220;4.23.1&#8243; _module_preset=&#8220;default&#8220; global_colors_info=&#8220;{}&#8220;][et_pb_text module_class=&#8220;przecinek-tlo-nizej&#8220; _builder_version=&#8220;4.23.1&#8243; text_text_color=&#8220;#000000&#8243; background_size=&#8220;initial&#8220; background_position=&#8220;top_left&#8220; background_repeat=&#8220;repeat&#8220; use_border_color=&#8220;off&#8220; global_colors_info=&#8220;{}&#8220;]TRENDS &#8211; VORTEILE[\/et_pb_text][et_pb_text module_class=&#8220;opis-korzysci&#8220; _builder_version=&#8220;4.23.1&#8243; _module_preset=&#8220;default&#8220; custom_margin=&#8220;20px||||false|false&#8220; hover_enabled=&#8220;0&#8243; global_colors_info=&#8220;{}&#8220; text_orientation=&#8220;justified&#8220; sticky_enabled=&#8220;0&#8243;]<\/p>\n<p><strong><span style=\"color: #dc291e;\">\/<\/span><\/strong><strong>\u00a0Abhilfema\u00dfnahmen: <\/strong>Problemidentifizierung und Anomalieidentifikation bei der Chargenbehandlung sowie sofortige Abhilfema\u00dfnahmen.<br \/><strong><span style=\"color: #dc291e;\">\/<\/span>\u00a0Produktionssicherheit: <\/strong>Die Anomalienverfolgung in\u00a0den Prozessparametern erm\u00f6glicht eine angemessene Reaktion und erh\u00f6ht die Sicherheit und Kontinuit\u00e4t des Ger\u00e4tebetriebs und des Produktionsprozesses<strong>.<br \/><\/strong><strong><span style=\"color: #dc291e;\">\/<\/span>\u00a0Der Datenexport <\/strong>bietet die M\u00f6glichkeit zur weiteren Datenanalyse in\u00a0externen Systemen.<br \/><strong><span style=\"color: #dc291e;\">\/<\/span>\u00a0Zugang zu Informationen <\/strong>\u00fcber Signal\u00e4nderungen ohne physische Anwesenheit am\u00a0Ger\u00e4t bedeutet:<br \/><strong>&#8211; Sicherheit: <\/strong>Der Vorrichtungszustand kann aus der Ferne \u00fcberwacht werden, so dass die Daten in\u00a0Echtzeit analysiert werden k\u00f6nnen.<br \/><strong>&#8211; Zeitersparnis: <\/strong>durch den Zugang zu Informationen entf\u00e4llt die Notwendigkeit, das Ger\u00e4t pers\u00f6nlich zu \u00fcberpr\u00fcfen und schnell zu bewerten, ob und welche Ma\u00dfnahmen erforderlich sind.<br \/><strong>&#8211; Effizienz: durch Konzentration auf andere Aufgaben bei gleichzeitiger \u00dcberwachung des Vorrichtungszustands.<\/strong><\/p>\n<p>[\/et_pb_text][\/et_pb_column][et_pb_column type=&#8220;1_4&#8243; _builder_version=&#8220;4.23.1&#8243; _module_preset=&#8220;default&#8220; global_colors_info=&#8220;{}&#8220;][et_pb_image src=&#8220;https:\/\/www.secowarwick.com\/wp-content\/uploads\/2024\/05\/korzysci.png&#8220; alt=&#8220;korzy\u015bci&#8220; align=&#8220;center&#8220; module_class=&#8220;obraz-korzysci&#8220; _builder_version=&#8220;4.23.1&#8243; _module_preset=&#8220;default&#8220; global_colors_info=&#8220;{}&#8220;][\/et_pb_image][\/et_pb_column][\/et_pb_row][\/et_pb_section]<\/p>\n","protected":false},"excerpt":{"rendered":"<p>TRENDS Verschaffen Sie sich einen \u00dcberblick \u00fcber die wichtigsten auf dem Ger\u00e4t aufgezeichneten Signale.\u00a0 Ihre Ver\u00e4nderungsgeschichte wartet darauf, bekannt und analysiert zu werden.\u00a0 \u202f\u00a0 Trends ist das Modul, das f\u00fcr die Aufzeichnung und Anzeige der Trendkurven der analogen Basissignale des Ger\u00e4ts verantwortlich ist. Dies erm\u00f6glicht eine detaillierte Analyse der \u00c4nderungshistorie auf bequeme Art und Weise [&hellip;]<\/p>\n","protected":false},"author":2,"featured_media":0,"parent":125079,"menu_order":0,"comment_status":"closed","ping_status":"closed","template":"","meta":{"_acf_changed":false,"_et_pb_use_builder":"on","_et_pb_old_content":"","_et_gb_content_width":"","footnotes":""},"class_list":["post-148521","page","type-page","status-publish"],"acf":[],"_links":{"self":[{"href":"https:\/\/www.secowarwick.com\/de\/wp-json\/wp\/v2\/pages\/148521","targetHints":{"allow":["GET"]}}],"collection":[{"href":"https:\/\/www.secowarwick.com\/de\/wp-json\/wp\/v2\/pages"}],"about":[{"href":"https:\/\/www.secowarwick.com\/de\/wp-json\/wp\/v2\/types\/page"}],"author":[{"embeddable":true,"href":"https:\/\/www.secowarwick.com\/de\/wp-json\/wp\/v2\/users\/2"}],"replies":[{"embeddable":true,"href":"https:\/\/www.secowarwick.com\/de\/wp-json\/wp\/v2\/comments?post=148521"}],"version-history":[{"count":8,"href":"https:\/\/www.secowarwick.com\/de\/wp-json\/wp\/v2\/pages\/148521\/revisions"}],"predecessor-version":[{"id":179312,"href":"https:\/\/www.secowarwick.com\/de\/wp-json\/wp\/v2\/pages\/148521\/revisions\/179312"}],"up":[{"embeddable":true,"href":"https:\/\/www.secowarwick.com\/de\/wp-json\/wp\/v2\/pages\/125079"}],"wp:attachment":[{"href":"https:\/\/www.secowarwick.com\/de\/wp-json\/wp\/v2\/media?parent=148521"}],"curies":[{"name":"wp","href":"https:\/\/api.w.org\/{rel}","templated":true}]}}