{"id":148833,"date":"2023-11-20T13:29:04","date_gmt":"2023-11-20T12:29:04","guid":{"rendered":"https:\/\/www.secowarwick.com\/?page_id=148833"},"modified":"2023-11-20T13:29:11","modified_gmt":"2023-11-20T12:29:11","slug":"praesentation-des-innovativen-vab-verarbeitungsofens","status":"publish","type":"page","link":"https:\/\/www.secowarwick.com\/de\/produkte\/vakuum-anlagen\/praesentation-des-innovativen-vab-verarbeitungsofens\/","title":{"rendered":"Pr\u00e4sentation des Innovativen VAB-Verarbeitungsofens"},"content":{"rendered":"<p>[et_pb_section fb_built=&#8220;1&#8243; _builder_version=&#8220;4.19.2&#8243; _module_preset=&#8220;default&#8220; global_colors_info=&#8220;{}&#8220;][et_pb_row _builder_version=&#8220;4.19.2&#8243; _module_preset=&#8220;default&#8220; global_colors_info=&#8220;{}&#8220;][et_pb_column type=&#8220;4_4&#8243; _builder_version=&#8220;4.19.2&#8243; _module_preset=&#8220;default&#8220; global_colors_info=&#8220;{}&#8220;][et_pb_breadcrumbs _builder_version=&#8220;4.19.2&#8243; _module_preset=&#8220;default&#8220; global_colors_info=&#8220;{}&#8220;][\/et_pb_breadcrumbs][et_pb_text _builder_version=&#8220;4.19.2&#8243; _module_preset=&#8220;default&#8220; hover_enabled=&#8220;0&#8243; global_colors_info=&#8220;{}&#8220; sticky_enabled=&#8220;0&#8243;]<\/p>\n<h1>Pr\u00e4sentation des Innovativen VAB-Verarbeitungsofens<\/h1>\n<p><span lang=\"EN-US\">In unserer Forschungs- und Entwicklungsabteilung wurde ein neuer Ofen entwickelt, der speziell f\u00fcr Tests und VAB-Verarbeitungsprozesse konzipiert ist. Dies bietet eine einzigartige Gelegenheit, die Funktionsweise der VAB-Technologie eigenst\u00e4ndig zu \u00fcberpr\u00fcfen und neue Aluminiumlegierungen auf ihre Eignung zur Flux-Eliminierung zu testen.<\/span><\/p>\n<h2>\u00d6ffnen Sie die T\u00fcren zur Zukunft der W\u00e4rmebehandlung<\/h2>\n<p><span lang=\"EN-US\">Dank dieser innovativen L\u00f6sung haben Kunden die M\u00f6glichkeit, die neuesten Fortschritte in der W\u00e4rmebehandlungsbranche zu erkunden. Der neue VAB-Ofen in unserer Forschungs- und Entwicklungsabteilung markiert einen Durchbruch bei Tests und der Entwicklung innovativer Materialien.<\/span><\/p>\n<h2>Wir laden Sie zur Zusammenarbeit ein<\/h2>\n<p><span lang=\"EN-US\">Gemeinsam k\u00f6nnen wir die Standards in der W\u00e4rmebehandlung neu definieren. Nehmen Sie noch heute Kontakt mit uns auf und schlie\u00dfen Sie sich der Zukunft der W\u00e4rmebehandlung an.<\/span><\/p>\n<p>[\/et_pb_text][et_pb_text _builder_version=&#8220;4.19.2&#8243; _module_preset=&#8220;default&#8220; global_colors_info=&#8220;{}&#8220;]<\/p>\n<p>&nbsp;<\/p>\n<p>&nbsp;<\/p>\n<p>[\/et_pb_text][et_pb_code _builder_version=&#8220;4.19.2&#8243; _module_preset=&#8220;default&#8220; hover_enabled=&#8220;0&#8243; saved_tabs=&#8220;all&#8220; locked=&#8220;off&#8220; global_colors_info=&#8220;{}&#8220; sticky_enabled=&#8220;0&#8243;]<pee style=\"text-align: center;\"><a class=\"small-button smallred\" style=\"font-size: 20px; padding: 20px 60px;\" href=\"https:\/\/www.secowarwick.com\/de\/fordern-sie-hier-ihr-angebot-an\/\"><span style=\"display: block; transform: skew(15deg,0deg); -webkit-transform: skew(15deg,0deg); font-size: 20px; !important\">UM EIN ANGEBOT BITTEN<\/span><\/a><\/pee>[\/et_pb_code][et_pb_text _builder_version=&#8220;4.19.2&#8243; _module_preset=&#8220;default&#8220; hover_enabled=&#8220;0&#8243; global_colors_info=&#8220;{}&#8220; sticky_enabled=&#8220;0&#8243;]<\/p>\n<p>&nbsp;<\/p>\n<p>&nbsp;<\/p>\n<p>[\/et_pb_text][et_pb_image src=&#8220;https:\/\/www.secowarwick.com\/wp-content\/uploads\/2023\/11\/VECTOR-VAB.jpg&#8220; alt=&#8220;Nowy piec VAB w R&#038;D&#8220; title_text=&#8220;VECTOR VAB&#8220; _builder_version=&#8220;4.19.2&#8243; _module_preset=&#8220;default&#8220; global_colors_info=&#8220;{}&#8220;][\/et_pb_image][\/et_pb_column][\/et_pb_row][\/et_pb_section]<\/p>\n","protected":false},"excerpt":{"rendered":"<p>[et_pb_breadcrumbs _builder_version=&#8220;4.19.2&#8243; _module_preset=&#8220;default&#8220; global_colors_info=&#8220;{}&#8220;][\/et_pb_breadcrumbs]Pr\u00e4sentation des Innovativen VAB-Verarbeitungsofens In unserer Forschungs- und Entwicklungsabteilung wurde ein neuer Ofen entwickelt, der speziell f\u00fcr Tests und VAB-Verarbeitungsprozesse konzipiert ist. Dies bietet eine einzigartige Gelegenheit, die Funktionsweise der VAB-Technologie eigenst\u00e4ndig zu \u00fcberpr\u00fcfen und neue Aluminiumlegierungen auf ihre Eignung zur Flux-Eliminierung zu testen. \u00d6ffnen Sie die T\u00fcren zur Zukunft der W\u00e4rmebehandlung [&hellip;]<\/p>\n","protected":false},"author":2,"featured_media":0,"parent":7218,"menu_order":0,"comment_status":"closed","ping_status":"closed","template":"","meta":{"_acf_changed":false,"_et_pb_use_builder":"on","_et_pb_old_content":"","_et_gb_content_width":"","footnotes":""},"class_list":["post-148833","page","type-page","status-publish"],"acf":[],"_links":{"self":[{"href":"https:\/\/www.secowarwick.com\/de\/wp-json\/wp\/v2\/pages\/148833","targetHints":{"allow":["GET"]}}],"collection":[{"href":"https:\/\/www.secowarwick.com\/de\/wp-json\/wp\/v2\/pages"}],"about":[{"href":"https:\/\/www.secowarwick.com\/de\/wp-json\/wp\/v2\/types\/page"}],"author":[{"embeddable":true,"href":"https:\/\/www.secowarwick.com\/de\/wp-json\/wp\/v2\/users\/2"}],"replies":[{"embeddable":true,"href":"https:\/\/www.secowarwick.com\/de\/wp-json\/wp\/v2\/comments?post=148833"}],"version-history":[{"count":8,"href":"https:\/\/www.secowarwick.com\/de\/wp-json\/wp\/v2\/pages\/148833\/revisions"}],"predecessor-version":[{"id":149324,"href":"https:\/\/www.secowarwick.com\/de\/wp-json\/wp\/v2\/pages\/148833\/revisions\/149324"}],"up":[{"embeddable":true,"href":"https:\/\/www.secowarwick.com\/de\/wp-json\/wp\/v2\/pages\/7218"}],"wp:attachment":[{"href":"https:\/\/www.secowarwick.com\/de\/wp-json\/wp\/v2\/media?parent=148833"}],"curies":[{"name":"wp","href":"https:\/\/api.w.org\/{rel}","templated":true}]}}