{"id":149680,"date":"2023-11-29T13:27:04","date_gmt":"2023-11-29T12:27:04","guid":{"rendered":"https:\/\/www.secowarwick.com\/?page_id=149680"},"modified":"2025-10-30T11:34:48","modified_gmt":"2025-10-30T10:34:48","slug":"vakuum-schaltroehren","status":"publish","type":"page","link":"https:\/\/www.secowarwick.com\/de\/vakuum-schaltroehren\/","title":{"rendered":"Vakuum-Ofen zum Hartl\u00f6ten von Vakuum-Schaltr\u00f6hren"},"content":{"rendered":"<p>[et_pb_section fb_built=&#8220;1&#8243; _builder_version=&#8220;4.16&#8243; global_colors_info=&#8220;{}&#8220;][et_pb_row _builder_version=&#8220;4.16&#8243; background_size=&#8220;initial&#8220; background_position=&#8220;top_left&#8220; background_repeat=&#8220;repeat&#8220; global_colors_info=&#8220;{}&#8220;][et_pb_column type=&#8220;4_4&#8243; _builder_version=&#8220;4.16&#8243; custom_padding=&#8220;|||&#8220; global_colors_info=&#8220;{}&#8220; custom_padding__hover=&#8220;|||&#8220;][et_pb_image src=&#8220;https:\/\/www.secowarwick.com\/wp-content\/uploads\/2023\/11\/brazing-vacuum-interrupters.jpg&#8220; alt=&#8220;Vacuum furnace for brazing vacuum interrupters  &#8220; title_text=&#8220;brazing vacuum interrupters&#8220; align_tablet=&#8220;center&#8220; align_phone=&#8220;center&#8220; align_last_edited=&#8220;on|desktop&#8220; _builder_version=&#8220;4.19.2&#8243; global_colors_info=&#8220;{}&#8220;][\/et_pb_image][et_pb_breadcrumbs _builder_version=&#8220;3.6&#8243; global_colors_info=&#8220;{}&#8220;][\/et_pb_breadcrumbs][\/et_pb_column][\/et_pb_row][et_pb_row column_structure=&#8220;3_4,1_4&#8243; _builder_version=&#8220;4.16&#8243; global_colors_info=&#8220;{}&#8220;][et_pb_column type=&#8220;3_4&#8243; _builder_version=&#8220;4.16&#8243; custom_padding=&#8220;|||&#8220; global_colors_info=&#8220;{}&#8220; custom_padding__hover=&#8220;|||&#8220;][et_pb_text _builder_version=&#8220;4.23.1&#8243; text_orientation=&#8220;justified&#8220; custom_margin_tablet=&#8220;&#8220; custom_margin_phone=&#8220;-40px|||&#8220; custom_margin_last_edited=&#8220;on|phone&#8220; global_colors_info=&#8220;{}&#8220;]<\/p>\n<h1><span class=\"TextRun SCXW258884939 BCX0\" lang=\"EN-US\" xml:lang=\"EN-US\" data-contrast=\"auto\"><span class=\"NormalTextRun SpellingErrorV2Themed SpellingErrorHighlight SCXW258884939 BCX0\">Vakuum-Ofen<\/span> <span class=\"NormalTextRun SpellingErrorV2Themed SCXW258884939 BCX0\">zum<\/span> <span class=\"NormalTextRun SpellingErrorV2Themed SCXW258884939 BCX0\">Hartl\u00f6ten<\/span><span class=\"NormalTextRun SCXW258884939 BCX0\"> von <\/span><span class=\"NormalTextRun SpellingErrorV2Themed SCXW258884939 BCX0\">Vakuum-Schaltr\u00f6hren<\/span><\/span><span class=\"EOP SCXW258884939 BCX0\" data-ccp-props=\"{&quot;201341983&quot;:0,&quot;335559685&quot;:360,&quot;335559739&quot;:0,&quot;335559740&quot;:259}\">\u00a0<\/span><\/h1>\n<h2>Vector UHV &#8211; Vakuumofen zum L\u00f6ten von Vakuum-Leistungsschaltern (VCB)<\/h2>\n<p><span data-contrast=\"auto\">Vector ist ein <\/span><b><span data-contrast=\"auto\">einkammeriger Vakuumofen<\/span><\/b><span data-contrast=\"auto\">, der f\u00fcr das <\/span><b><span data-contrast=\"auto\">Vakuumhartl\u00f6ten<\/span><\/b><span data-contrast=\"auto\"> von <\/span><b><span data-contrast=\"auto\">elektrischen Bauteilen<\/span><\/b><span data-contrast=\"auto\">, verschiedenen Schaltkomponenten wie <\/span><b><span data-contrast=\"auto\">Vakuumschaltr\u00f6hren<\/span><\/b><span data-contrast=\"auto\"> und <\/span><b><span data-contrast=\"auto\">Vakuum-Leistungsschaltern (VCB)<\/span><\/b><span data-contrast=\"auto\"> bestimmt ist.<\/span><span data-ccp-props=\"{&quot;201341983&quot;:0,&quot;335559685&quot;:360,&quot;335559739&quot;:0,&quot;335559740&quot;:259}\">\u00a0<\/span><\/p>\n<p><span data-contrast=\"auto\">F\u00fcr diese Art von Anwendungen sind hochreine Prozessatmosph\u00e4ren erforderlich. Daher sind diese \u00d6fen mit Turbomolekularpumpen ausgestattet, um Hoch- oder Ultrahochvakuum zu erreichen. Au\u00dferdem werden die Ger\u00e4te aufgrund der hohen Reinheitsanforderungen in\u00a0einem speziellen Reinraum in\u00a0unserer Werkstatt zusammengebaut und getestet, um das Risiko einer Verunreinigung innerhalb des Ofensystems zu minimieren.<\/span><span data-ccp-props=\"{&quot;201341983&quot;:0,&quot;335559685&quot;:360,&quot;335559739&quot;:0,&quot;335559740&quot;:259}\">\u00a0<\/span><\/p>\n<p>[\/et_pb_text][et_pb_tabs module_class=&#8220;red-tabs  eco-tab6&#8243; _builder_version=&#8220;4.23.1&#8243; custom_css_main_element=&#8220;margin-top: 2rem;||margin-bottom: 2rem;&#8220; global_colors_info=&#8220;{}&#8220;][et_pb_tab title=&#8220;\u00dcberblick&#8220; _builder_version=&#8220;4.23.1&#8243; global_colors_info=&#8220;{}&#8220;]<\/p>\n<p><span class=\"TextRun SCXW174024797 BCX0\" lang=\"EN-US\" xml:lang=\"EN-US\" data-contrast=\"auto\"><span class=\"NormalTextRun SCXW174024797 BCX0\">Der Vector <\/span><span class=\"NormalTextRun SpellingErrorV2Themed SCXW174024797 BCX0\">ist<\/span> <span class=\"NormalTextRun SpellingErrorV2Themed SCXW174024797 BCX0\">ein<\/span> <span class=\"NormalTextRun SpellingErrorV2Themed SCXW174024797 BCX0\">horizontaler<\/span> <span class=\"NormalTextRun SpellingErrorV2Themed SCXW174024797 BCX0\">Einkammer-Vakuumofen<\/span><span class=\"NormalTextRun SCXW174024797 BCX0\">, der <\/span><span class=\"NormalTextRun SpellingErrorV2Themed SCXW174024797 BCX0\">mit<\/span> <span class=\"NormalTextRun SpellingErrorV2Themed SCXW174024797 BCX0\">einer<\/span> <span class=\"NormalTextRun SpellingErrorV2Themed SCXW174024797 BCX0\">Molybd\u00e4n-Heizzone<\/span> <span class=\"NormalTextRun SCXW174024797 BCX0\">f\u00fcr den <\/span><span class=\"NormalTextRun SpellingErrorV2Themed SpellingErrorHighlight SCXW174024797 BCX0\">reinen<\/span> <span class=\"NormalTextRun SpellingErrorV2Themed SCXW174024797 BCX0\">Prozess<\/span><span class=\"NormalTextRun SCXW174024797 BCX0\"> und <\/span><span class=\"NormalTextRun SpellingErrorV2Themed SCXW174024797 BCX0\">Turbomolekularpumpen<\/span> <span class=\"NormalTextRun SpellingErrorV2Themed SCXW174024797 BCX0\">zum<\/span> <span class=\"NormalTextRun SpellingErrorV2Themed SCXW174024797 BCX0\">Erreichen<\/span><span class=\"NormalTextRun SCXW174024797 BCX0\"> des <\/span><span class=\"NormalTextRun SpellingErrorV2Themed SCXW174024797 BCX0\">Hochvakuums<\/span> <span class=\"NormalTextRun SpellingErrorV2Themed SCXW174024797 BCX0\">ausgestattet<\/span> <span class=\"NormalTextRun SpellingErrorV2Themed SCXW174024797 BCX0\">ist<\/span><span class=\"NormalTextRun SCXW174024797 BCX0\">. <\/span><span class=\"NormalTextRun SpellingErrorV2Themed SCXW174024797 BCX0\">Zus\u00e4tzlich<\/span> <span class=\"NormalTextRun SpellingErrorV2Themed SCXW174024797 BCX0\">ist<\/span><span class=\"NormalTextRun SCXW174024797 BCX0\"> der <\/span><span class=\"NormalTextRun SpellingErrorV2Themed SCXW174024797 BCX0\">gr\u00f6\u00dfere<\/span> <span class=\"NormalTextRun SpellingErrorV2Themed SCXW174024797 BCX0\">Ofen<\/span> <span class=\"NormalTextRun SpellingErrorV2Themed SCXW174024797 BCX0\">mit<\/span> <span class=\"NormalTextRun SpellingErrorV2Themed SCXW174024797 BCX0\">einem<\/span> <span class=\"NormalTextRun SpellingErrorV2Themed SCXW174024797 BCX0\">mittleren<\/span> <span class=\"NormalTextRun SpellingErrorV2Themed SCXW174024797 BCX0\">Heizelement<\/span> <span class=\"NormalTextRun SpellingErrorV2Themed SCXW174024797 BCX0\">ausger\u00fcstet<\/span><span class=\"NormalTextRun SCXW174024797 BCX0\">, um <\/span><span class=\"NormalTextRun SpellingErrorV2Themed SCXW174024797 BCX0\">eine<\/span> <span class=\"NormalTextRun SpellingErrorV2Themed SCXW174024797 BCX0\">optimale<\/span> <span class=\"NormalTextRun SpellingErrorV2Themed SCXW174024797 BCX0\">Gleichm\u00e4\u00dfigkeit<\/span> <span class=\"NormalTextRun SpellingErrorV2Themed SCXW174024797 BCX0\">aller<\/span> <span class=\"NormalTextRun SpellingErrorV2Themed SCXW174024797 BCX0\">Werkst\u00fccke<\/span> <span class=\"NormalTextRun SpellingErrorV2Themed SCXW174024797 BCX0\">zu<\/span> <span class=\"NormalTextRun SpellingErrorV2Themed SCXW174024797 BCX0\">gew\u00e4hrleisten<\/span><span class=\"NormalTextRun SCXW174024797 BCX0\">.<\/span><\/span><span class=\"EOP SCXW174024797 BCX0\" data-ccp-props=\"{&quot;201341983&quot;:0,&quot;335559685&quot;:360,&quot;335559739&quot;:0,&quot;335559740&quot;:259}\">\u00a0<\/span><\/p>\n<p>[\/et_pb_tab][et_pb_tab title=&#8220;Merkmale &#8220; _builder_version=&#8220;4.23.1&#8243; global_colors_info=&#8220;{}&#8220;]<\/p>\n<p><strong><span style=\"color: #e31300;\">\/ <\/span><\/strong><span data-contrast=\"auto\">Horizontale Ausrichtung<\/span><span data-ccp-props=\"{&quot;134233117&quot;:true,&quot;134233118&quot;:true,&quot;201341983&quot;:0,&quot;335559739&quot;:0,&quot;335559740&quot;:240}\"><br \/><\/span><span data-contrast=\"auto\"><strong><span style=\"color: #e31300;\">\/ <\/span><\/strong>Zwei Standardgr\u00f6\u00dfen: 600x600x900 und 1000x1000x1200 (mit mittlerem Heizelement)<\/span><span data-ccp-props=\"{&quot;134233117&quot;:false,&quot;134233118&quot;:false,&quot;201341983&quot;:0,&quot;335559738&quot;:0,&quot;335559739&quot;:0,&quot;335559740&quot;:240}\"><br \/><\/span><span data-contrast=\"auto\"><strong><span style=\"color: #e31300;\">\/ <\/span><\/strong>Standardkapazit\u00e4t 600 kg und bis zu 1500 kg<\/span><span data-ccp-props=\"{&quot;134233117&quot;:false,&quot;134233118&quot;:false,&quot;201341983&quot;:0,&quot;335559738&quot;:0,&quot;335559739&quot;:0,&quot;335559740&quot;:240}\"><br \/><\/span><span data-contrast=\"auto\"><strong><span style=\"color: #e31300;\">\/ <\/span><\/strong>Metall Heizzone<\/span><span data-ccp-props=\"{&quot;134233117&quot;:false,&quot;134233118&quot;:false,&quot;201341983&quot;:0,&quot;335559738&quot;:0,&quot;335559739&quot;:0,&quot;335559740&quot;:240}\"><br \/><\/span><span data-contrast=\"auto\"><strong><span style=\"color: #e31300;\">\/ <\/span><\/strong>Sechs durch Thyristoren gesteuerte Regelzonen<\/span><span data-ccp-props=\"{&quot;134233117&quot;:false,&quot;134233118&quot;:false,&quot;201341983&quot;:0,&quot;335559738&quot;:0,&quot;335559739&quot;:0,&quot;335559740&quot;:240}\"><br \/><\/span><span data-contrast=\"auto\"><strong><span style=\"color: #e31300;\">\/ <\/span><\/strong>Ultrahochvakuum<\/span> <span data-contrast=\"auto\">durch Einsatz von Turbomolekularpumpen<\/span><span data-ccp-props=\"{&quot;134233117&quot;:false,&quot;134233118&quot;:false,&quot;201341983&quot;:0,&quot;335559738&quot;:0,&quot;335559739&quot;:0,&quot;335559740&quot;:240}\"><br \/><\/span><span data-contrast=\"auto\"><strong><span style=\"color: #e31300;\">\/ <\/span><\/strong>Externe Gasabschreckung<\/span><span data-ccp-props=\"{&quot;134233117&quot;:false,&quot;134233118&quot;:false,&quot;201341983&quot;:0,&quot;335559738&quot;:0,&quot;335559739&quot;:0,&quot;335559740&quot;:240}\"><br \/><\/span><span data-contrast=\"auto\"><strong><span style=\"color: #e31300;\">\/ <\/span><\/strong>Abschreckdruck: 1 bar Bas.<\/span><span data-ccp-props=\"{&quot;134233117&quot;:false,&quot;134233118&quot;:false,&quot;201341983&quot;:0,&quot;335559738&quot;:0,&quot;335559739&quot;:0,&quot;335559740&quot;:240}\"><br \/><\/span><span data-contrast=\"auto\"><strong><span style=\"color: #e31300;\">\/ <\/span><\/strong>K\u00fchlgasen: N<\/span><span data-contrast=\"auto\">2<\/span><span data-contrast=\"auto\">, Ar<\/span><span data-ccp-props=\"{&quot;134233117&quot;:false,&quot;134233118&quot;:false,&quot;201341983&quot;:0,&quot;335559738&quot;:0,&quot;335559739&quot;:0,&quot;335559740&quot;:240}\"><br \/><\/span><span data-contrast=\"auto\"><strong><span style=\"color: #e31300;\">\/ <\/span><\/strong>Computersteuersystem, bedienerfreundlich<\/span><\/p>\n<p>[\/et_pb_tab][et_pb_tab title=&#8220;Vorteile &#8220; _builder_version=&#8220;4.23.1&#8243; global_colors_info=&#8220;{}&#8220;]<\/p>\n<p><span style=\"color: #e31300;\"><strong>\/ <\/strong><\/span><span data-contrast=\"auto\">Temperaturgleichm\u00e4\u00dfigkeit: \u00b1 3<\/span><span data-contrast=\"auto\">o<\/span><span data-contrast=\"auto\">C\u00a0<\/span><span data-ccp-props=\"{&quot;134233117&quot;:false,&quot;134233118&quot;:false,&quot;201341983&quot;:0,&quot;335559738&quot;:0,&quot;335559739&quot;:0,&quot;335559740&quot;:240}\"><br \/><\/span><span data-contrast=\"auto\"><span style=\"color: #e31300;\"><strong>\/ <\/strong><\/span>Endg\u00fcltiges Vakuum: \u22648&#215;10<\/span><span data-contrast=\"auto\">-8<\/span><span data-contrast=\"auto\"> mbar\u00a0<\/span><span data-ccp-props=\"{&quot;134233117&quot;:false,&quot;134233118&quot;:false,&quot;201341983&quot;:0,&quot;335559738&quot;:0,&quot;335559739&quot;:0,&quot;335559740&quot;:240}\"><br \/><\/span><span data-contrast=\"auto\"><span style=\"color: #e31300;\"><strong>\/ <\/strong><\/span>Betriebsvakuum<\/span>\u00a0<span data-contrast=\"auto\">bei einer Temperatur von 850<\/span><span data-contrast=\"auto\">o<\/span><span data-contrast=\"auto\">C: 1&#215;10<\/span><span data-contrast=\"auto\">-6<\/span><span data-contrast=\"auto\"> mbar<\/span><span data-ccp-props=\"{&quot;134233117&quot;:false,&quot;134233118&quot;:false,&quot;201341983&quot;:0,&quot;335559738&quot;:0,&quot;335559739&quot;:0,&quot;335559740&quot;:240}\"><br \/><\/span><span data-contrast=\"auto\"><span style=\"color: #e31300;\"><strong>\/ <\/strong><\/span>Leckrate: Bereich 1&#215;10-4 mbar l\/s<\/span><span data-ccp-props=\"{&quot;134233117&quot;:false,&quot;134233118&quot;:false,&quot;201341983&quot;:0,&quot;335559738&quot;:0,&quot;335559739&quot;:0,&quot;335559740&quot;:240}\">\u00a0<\/span><\/p>\n<p>[\/et_pb_tab][et_pb_tab title=&#8220;Prozesse&#8220; _builder_version=&#8220;4.23.1&#8243; global_colors_info=&#8220;{}&#8220;]<\/p>\n<p><span class=\"TextRun SCXW265209376 BCX0\" lang=\"EN-US\" xml:lang=\"EN-US\" data-contrast=\"auto\"><span class=\"NormalTextRun SCXW265209376 BCX0\"><span style=\"color: #ff0000;\"><strong>\/<\/strong><\/span> <span class=\"TextRun SCXW10705312 BCX0\" lang=\"EN-US\" xml:lang=\"EN-US\" data-contrast=\"auto\"><span class=\"NormalTextRun SpellingErrorV2Themed SCXW10705312 BCX0\">Hartl\u00f6ten<\/span><\/span><\/span><\/span><\/p>\n<p>[\/et_pb_tab][et_pb_tab title=&#8220;Branchen &#8220; _builder_version=&#8220;4.23.1&#8243; global_colors_info=&#8220;{}&#8220;]<\/p>\n<p><span style=\"color: #e31300;\"><strong>\/ <\/strong><\/span><span data-contrast=\"auto\">Elektroindustrie<\/span><span data-ccp-props=\"{&quot;201341983&quot;:0,&quot;335559739&quot;:0,&quot;335559740&quot;:259}\"><br \/><\/span><span data-contrast=\"auto\"><span style=\"color: #e31300;\"><strong>\/ <\/strong><\/span>Energiewirtschaft<\/span><span data-ccp-props=\"{&quot;201341983&quot;:0,&quot;335559739&quot;:0,&quot;335559740&quot;:259}\"><br \/><\/span><span data-contrast=\"auto\"><span style=\"color: #e31300;\"><strong>\/ <\/strong><\/span>Energiewirtschaft<\/span><\/p>\n<p>[\/et_pb_tab][et_pb_tab title=&#8220;Optionen&#8220; _builder_version=&#8220;4.23.1&#8243; _module_preset=&#8220;default&#8220; global_colors_info=&#8220;{}&#8220;]<\/p>\n<h2><span class=\"TextRun SCXW135153830 BCX0\" lang=\"EN-US\" xml:lang=\"EN-US\" data-contrast=\"auto\"><span class=\"NormalTextRun SCXW135153830 BCX0\"><span class=\"EOP SCXW84542889 BCX0\" data-ccp-props=\"{&quot;201341983&quot;:0,&quot;335559739&quot;:0,&quot;335559740&quot;:259}\"><span class=\"NormalTextRun SCXW238087266 BCX0\">Zwei <\/span><span class=\"NormalTextRun SpellingErrorV2Themed SCXW238087266 BCX0\">Gr\u00f6\u00dfen<\/span><\/span>:<\/span><\/span><span class=\"EOP SCXW135153830 BCX0\" data-ccp-props=\"{&quot;201341983&quot;:0,&quot;335559685&quot;:720,&quot;335559739&quot;:160,&quot;335559740&quot;:259}\">\u00a0<\/span><\/h2>\n<p><span style=\"color: #e31300;\"><strong>\/ <\/strong><\/span><span class=\"TextRun SCXW252100160 BCX0\" lang=\"EN-US\" xml:lang=\"EN-US\" data-contrast=\"auto\"><span class=\"NormalTextRun SCXW252100160 BCX0\">600x600x900mm <\/span><span class=\"NormalTextRun SpellingErrorV2Themed SCXW252100160 BCX0\">mit<\/span> <span class=\"NormalTextRun SpellingErrorV2Themed SCXW252100160 BCX0\">Chargengewicht<\/span> <span class=\"NormalTextRun SCXW252100160 BCX0\">200kg <\/span><span class=\"NormalTextRun SpellingErrorV2Themed SCXW252100160 BCX0\">ohne<\/span> <span class=\"NormalTextRun SpellingErrorV2Themed SCXW252100160 BCX0\">mittleres<\/span> <span class=\"NormalTextRun SpellingErrorV2Themed SCXW252100160 BCX0\">Heizelement<\/span><\/span><span data-ccp-props=\"{&quot;201341983&quot;:0,&quot;335559739&quot;:160,&quot;335559740&quot;:259}\"><br \/><\/span><span data-contrast=\"auto\"><span style=\"color: #e31300;\"><strong>\/ <\/strong><\/span><span class=\"TextRun SCXW227089707 BCX0\" lang=\"EN-US\" xml:lang=\"EN-US\" data-contrast=\"auto\"><span class=\"NormalTextRun SCXW227089707 BCX0\">1000x1000x1200 <\/span><span class=\"NormalTextRun SCXW227089707 BCX0\">mit<\/span> <span class=\"NormalTextRun SCXW227089707 BCX0\">Chargengewicht<\/span> <span class=\"NormalTextRun SCXW227089707 BCX0\">1200kg <\/span><span class=\"NormalTextRun SCXW227089707 BCX0\">oder<\/span><span class=\"NormalTextRun SCXW227089707 BCX0\"> 1500kg <\/span><span class=\"NormalTextRun SCXW227089707 BCX0\">mit<\/span> <span class=\"NormalTextRun SCXW227089707 BCX0\">mittlerem<\/span> <span class=\"NormalTextRun SCXW227089707 BCX0\">Heizelement<\/span><span class=\"NormalTextRun SCXW227089707 BCX0\"> (2x500mmx1000mmx1200mm)<br \/><span style=\"color: #e31300;\"><strong>\/ <\/strong><\/span>Andere Gr\u00f6\u00dfen auf Anfrage<br \/><\/span><\/span><\/span><\/p>\n<p>[\/et_pb_tab][et_pb_tab title=&#8220; &#8220; _builder_version=&#8220;4.23.1&#8243; _module_preset=&#8220;default&#8220; global_colors_info=&#8220;{}&#8220;]<\/p>\n<p><strong><span style=\"color: #dc291e;\">\/ <\/span><\/strong>Vakuum als Schutz- und Prozessatmosph\u00e4re eliminiert den Bedarf f\u00fcr die Anwendung der sch\u00e4dlichen Prozessgase und deren Aussto\u00df in&nbsp;die Umwelt<br \/><strong><span style=\"color: #dc291e;\">\/ <\/span><\/strong>Keine CO2-Emissionen, kein Einsatz fossiler Brennstoffe<br \/><strong><span style=\"color: #dc291e;\">\/ <\/span><\/strong>Verwendung des umweltneutralen K\u00fchlgases (Stickstoff, Argon), das aus der Luft gewonnen und in&nbsp;die Luft abgegeben wird<br \/><strong><span style=\"color: #dc291e;\">\/ <\/span><\/strong>Verbesserte W\u00e4rmed\u00e4mmung spart Strom (ca. 20%)<br \/><strong><span style=\"color: #dc291e;\">\/ <\/span><\/strong>Hohe Energieeffizienz der verwendeten elektrischen Bauelementen (Elektromotoren gem\u00e4\u00df Leistungsklasse IE3, Wechselrichtersteuerung, usw.)<br \/><strong><span style=\"color: #dc291e;\">\/ <\/span><\/strong>Einsatz von Systemen und Algorithmen, die den Verbrauch von Energie und Prozessfaktoren reduzieren (Pumpen-, Heiz- und K\u00fchlsystem)<br \/><strong><span style=\"color: #dc291e;\">\/ <\/span><\/strong>Keine Schadstoffemissionen<br \/><strong><span style=\"color: #dc291e;\">\/ <\/span><\/strong>Verringerung der H\u00e4rteverformungen und der Hartbearbeitungskosten (hard machining)<br \/><strong><span style=\"color: #dc291e;\">\/ <\/span><\/strong>Eliminierung der Teilereinigung nach der W\u00e4rmebehandlung<\/p>\n<p>[\/et_pb_tab][\/et_pb_tabs][et_pb_code _builder_version=&#8220;4.19.2&#8243; _module_preset=&#8220;default&#8220; saved_tabs=&#8220;all&#8220; global_colors_info=&#8220;{}&#8220;]<pee style=\"text-align: center;\"><a class=\"small-button smallred\" style=\"font-size: 20px; padding: 20px 60px;\" href=\"https:\/\/www.secowarwick.com\/de\/fordern-sie-hier-ihr-angebot-an\/\"><span style=\"display: block; transform: skew(15deg,0deg); -webkit-transform: skew(15deg,0deg); font-size: 20px; !important\">FRAGE NACH MEHR<\/span><\/a><\/pee>[\/et_pb_code][\/et_pb_column][et_pb_column type=&#8220;1_4&#8243; _builder_version=&#8220;4.16&#8243; custom_padding=&#8220;|||&#8220; global_colors_info=&#8220;{}&#8220; custom_padding__hover=&#8220;|||&#8220;][et_pb_gallery gallery_ids=&#8220;149939,149946,149953,149960&#8243; posts_number=&#8220;1&#8243; show_title_and_caption=&#8220;off&#8220; show_pagination=&#8220;off&#8220; zoom_icon_color=&#8220;#e2001a&#8220; disabled_on=&#8220;off|off|off&#8220; module_class=&#8220;seco-products-gallery-new&#8220; _builder_version=&#8220;4.23.1&#8243; custom_css_overlay_icon=&#8220;content: &#8218;GALERIE ANSEHEN&#8216;!important&#8220; locked=&#8220;off&#8220; global_colors_info=&#8220;{}&#8220;][\/et_pb_gallery][et_pb_text admin_label=&#8220;btn_de_premiumlibrary&#8220; module_class=&#8220;premium-library-button&#8220; _builder_version=&#8220;4.23.1&#8243; _module_preset=&#8220;default&#8220; text_orientation=&#8220;center&#8220; global_module=&#8220;157246&#8243; global_colors_info=&#8220;{}&#8220;]<\/p>\n<a href='https:\/\/www.secowarwick.com\/de\/premiuminhalte\/' class='small-button smallred'><span>PREMIUMINHALTE<\/span><\/a>\n<p>[\/et_pb_text][et_pb_text admin_label=&#8220;R&#038;D de&#8220; module_class=&#8220;product_widget_wrap_rd&#8220; _builder_version=&#8220;4.23.1&#8243; _module_preset=&#8220;default&#8220; text_orientation=&#8220;center&#8220; global_module=&#8220;167836&#8243; saved_tabs=&#8220;all&#8220; locked=&#8220;off&#8220; global_colors_info=&#8220;{}&#8220;]<\/p>\n<p><a href=\"https:\/\/www.secowarwick.com\/de\/rd\/\"><span class=\"product_wigtet_name\">R&amp;D<\/span><\/a><\/p>\n<p>[\/et_pb_text][et_pb_text admin_label=&#8220;AUTOMATYKA de&#8220; module_class=&#8220;product_widget_wrap_automation&#8220; _builder_version=&#8220;4.23.1&#8243; _module_preset=&#8220;default&#8220; global_module=&#8220;167905&#8243; saved_tabs=&#8220;all&#8220; locked=&#8220;off&#8220; global_colors_info=&#8220;{}&#8220;]<\/p>\n<p><a href=\"https:\/\/www.secowarwick.com\/de\/service\/automatisierung\/\"><span class=\"product_wigtet_name\">AUTOMATISIERUNG<\/span><\/a><\/p>\n<p>[\/et_pb_text][et_pb_text admin_label=&#8220;SERVICE de&#8220; module_class=&#8220;product_widget_wrap_service&#8220; _builder_version=&#8220;4.23.1&#8243; _module_preset=&#8220;default&#8220; global_module=&#8220;167860&#8243; saved_tabs=&#8220;all&#8220; locked=&#8220;off&#8220; global_colors_info=&#8220;{}&#8220;]<\/p>\n<p><a href=\"https:\/\/www.secowarwick.com\/de\/professionelle-service-dienstleistungen\/\"><span class=\"product_wigtet_name\">SERVICE<\/span><\/a><\/p>\n<p>[\/et_pb_text][et_pb_text admin_label=&#8220;SUPLEMENTALS de&#8220; module_class=&#8220;product_widget_wrap_supleme&#8220; _builder_version=&#8220;4.23.1&#8243; _module_preset=&#8220;default&#8220; global_module=&#8220;167915&#8243; saved_tabs=&#8220;all&#8220; locked=&#8220;off&#8220; global_colors_info=&#8220;{}&#8220;]<\/p>\n<p><span class=\"product_wigtet_name\">ZUSATZSTOFFE:<\/span><\/p>\n<p>[\/et_pb_text][et_pb_text admin_label=&#8220;Product catalogue de&#8220; module_class=&#8220;suplementals_product_catalogue suplementals_wrap&#8220; _builder_version=&#8220;4.23.1&#8243; _module_preset=&#8220;default&#8220; global_module=&#8220;169659&#8243; saved_tabs=&#8220;all&#8220; locked=&#8220;off&#8220; global_colors_info=&#8220;{}&#8220;]<\/p>\n<p><a href=\"https:\/\/www.secowarwick.com\/wp-content\/uploads\/2025\/01\/VAC_catalogue_2024_web.pdf\" target=\"_blank\" rel=\"noopener\">Produktkatalog<\/a><\/p>\n<p>[\/et_pb_text][et_pb_text admin_label=&#8220;Product movie playlista de&#8220; module_class=&#8220;suplementals_product_movie suplementals_wrap&#8220; _builder_version=&#8220;4.23.1&#8243; _module_preset=&#8220;default&#8220; global_module=&#8220;169661&#8243; saved_tabs=&#8220;all&#8220; locked=&#8220;off&#8220; global_colors_info=&#8220;{}&#8220;]<\/p>\n<p><a href=\"https:\/\/www.youtube.com\/playlist?list=PLa0hhW_hoQqEsIHM5LQtr9h_9UlwGFBO8\" target=\"_blank\" rel=\"noopener\">Produktvideo<\/a><\/p>\n<p>[\/et_pb_text][et_pb_text admin_label=&#8220;dnabook-de&#8220; module_class=&#8220;suplementals_product_dna suplementals_wrap&#8220; _builder_version=&#8220;4.23.1&#8243; _module_preset=&#8220;default&#8220; global_module=&#8220;167874&#8243; saved_tabs=&#8220;all&#8220; locked=&#8220;off&#8220; global_colors_info=&#8220;{}&#8220;]<\/p>\n<p><a href=\"https:\/\/www.secowarwick.com\/wp-content\/uploads\/2025\/07\/DNA_BOOK.pdf\" target=\"_blank\" rel=\"noopener\">DNA\/BOOK<\/a><\/p>\n<p>[\/et_pb_text][et_pb_text admin_label=&#8220;ECO\/BOOK-de&#8220; module_class=&#8220;suplementals_product_eco suplementals_wrap&#8220; _builder_version=&#8220;4.23.1&#8243; _module_preset=&#8220;default&#8220; global_module=&#8220;167797&#8243; locked=&#8220;off&#8220; global_colors_info=&#8220;{}&#8220;]<\/p>\n<p><a href=\"https:\/\/www.secowarwick.com\/wp-content\/uploads\/2023\/06\/ECOBOOK.pdf\" target=\"_blank\" rel=\"noopener\">ECO\/BOOK<\/a><\/p>\n<p>[\/et_pb_text][et_pb_text admin_label=&#8220;product-widget-rfq-de&#8220; module_class=&#8220;product_widget_wrap_rfq-en&#8220; _builder_version=&#8220;4.23.1&#8243; _module_preset=&#8220;default&#8220; global_module=&#8220;186250&#8243; saved_tabs=&#8220;all&#8220; global_colors_info=&#8220;{}&#8220; locked=&#8220;off&#8220;]<\/p>\n<p style=\"text-align: center;\"><a class=\"small-button smallred\" href=\"https:\/\/www.secowarwick.com\/de\/fordern-sie-hier-ihr-angebot-an\/\"><span class=\"product_wigtet_name\">FRAGE NACH MEHR<\/span><\/a><\/p>\n<p>[\/et_pb_text][\/et_pb_column][\/et_pb_row][\/et_pb_section]<\/p>\n","protected":false},"excerpt":{"rendered":"<p>[et_pb_breadcrumbs _builder_version=&#8220;3.6&#8243; global_colors_info=&#8220;{}&#8220;][\/et_pb_breadcrumbs]Vakuum-Ofen zum Hartl\u00f6ten von Vakuum-Schaltr\u00f6hren\u00a0 Vector UHV &#8211; Vakuumofen zum L\u00f6ten von Vakuum-Leistungsschaltern (VCB) Vector ist ein einkammeriger Vakuumofen, der f\u00fcr das Vakuumhartl\u00f6ten von elektrischen Bauteilen, verschiedenen Schaltkomponenten wie Vakuumschaltr\u00f6hren und Vakuum-Leistungsschaltern (VCB) bestimmt ist.\u00a0 F\u00fcr diese Art von Anwendungen sind hochreine Prozessatmosph\u00e4ren erforderlich. Daher sind diese \u00d6fen mit Turbomolekularpumpen ausgestattet, um Hoch- [&hellip;]<\/p>\n","protected":false},"author":2,"featured_media":149695,"parent":0,"menu_order":0,"comment_status":"closed","ping_status":"closed","template":"","meta":{"_acf_changed":false,"_et_pb_use_builder":"on","_et_pb_old_content":"","_et_gb_content_width":"","footnotes":""},"class_list":["post-149680","page","type-page","status-publish","has-post-thumbnail"],"acf":[],"_links":{"self":[{"href":"https:\/\/www.secowarwick.com\/de\/wp-json\/wp\/v2\/pages\/149680","targetHints":{"allow":["GET"]}}],"collection":[{"href":"https:\/\/www.secowarwick.com\/de\/wp-json\/wp\/v2\/pages"}],"about":[{"href":"https:\/\/www.secowarwick.com\/de\/wp-json\/wp\/v2\/types\/page"}],"author":[{"embeddable":true,"href":"https:\/\/www.secowarwick.com\/de\/wp-json\/wp\/v2\/users\/2"}],"replies":[{"embeddable":true,"href":"https:\/\/www.secowarwick.com\/de\/wp-json\/wp\/v2\/comments?post=149680"}],"version-history":[{"count":18,"href":"https:\/\/www.secowarwick.com\/de\/wp-json\/wp\/v2\/pages\/149680\/revisions"}],"predecessor-version":[{"id":186255,"href":"https:\/\/www.secowarwick.com\/de\/wp-json\/wp\/v2\/pages\/149680\/revisions\/186255"}],"wp:featuredmedia":[{"embeddable":true,"href":"https:\/\/www.secowarwick.com\/de\/wp-json\/wp\/v2\/media\/149695"}],"wp:attachment":[{"href":"https:\/\/www.secowarwick.com\/de\/wp-json\/wp\/v2\/media?parent=149680"}],"curies":[{"name":"wp","href":"https:\/\/api.w.org\/{rel}","templated":true}]}}