{"id":150652,"date":"2023-12-14T11:14:16","date_gmt":"2023-12-14T10:14:16","guid":{"rendered":"https:\/\/www.secowarwick.com\/produkte\/hartloeten-unter-kontrollierter-atmosphaere\/kontinuierliche-cab-anlagen\/purification-of-graphite-materials-11\/"},"modified":"2026-03-18T14:24:17","modified_gmt":"2026-03-18T13:24:17","slug":"reinigung-von-graphit-materialien","status":"publish","type":"page","link":"https:\/\/www.secowarwick.com\/de\/produkte\/vakuum-anlagen\/reinigung-von-graphit-materialien\/","title":{"rendered":"Industrie\u00f6fen f\u00fcr CVI\u2013 und CVD\u2013Verfahren sowie die Reinigung von graphitischen Materialien"},"content":{"rendered":"<p>[et_pb_section fb_built=&#8220;1&#8243; _builder_version=&#8220;4.16&#8243; global_colors_info=&#8220;{}&#8220;][et_pb_row _builder_version=&#8220;4.16&#8243; background_size=&#8220;initial&#8220; background_position=&#8220;top_left&#8220; background_repeat=&#8220;repeat&#8220; global_colors_info=&#8220;{}&#8220;][et_pb_column type=&#8220;4_4&#8243; _builder_version=&#8220;4.16&#8243; custom_padding=&#8220;|||&#8220; global_colors_info=&#8220;{}&#8220; custom_padding__hover=&#8220;|||&#8220;][et_pb_image src=&#8220;https:\/\/www.secowarwick.com\/wp-content\/uploads\/2024\/01\/Industrial-furnaces-for-CVI-CVD.jpg&#8220; alt=&#8220;Vacuum furnaaces &#8211; graphene purification&#8220; title_text=&#8220;Industrial furnaces for CVI, CVD&#8220; align_tablet=&#8220;center&#8220; align_phone=&#8220;center&#8220; align_last_edited=&#8220;on|desktop&#8220; _builder_version=&#8220;4.23.1&#8243; global_colors_info=&#8220;{}&#8220;][\/et_pb_image][et_pb_breadcrumbs _builder_version=&#8220;3.6&#8243; global_colors_info=&#8220;{}&#8220;][\/et_pb_breadcrumbs][\/et_pb_column][\/et_pb_row][et_pb_row column_structure=&#8220;3_4,1_4&#8243; _builder_version=&#8220;4.16&#8243; global_colors_info=&#8220;{}&#8220;][et_pb_column type=&#8220;3_4&#8243; _builder_version=&#8220;4.16&#8243; custom_padding=&#8220;|||&#8220; global_colors_info=&#8220;{}&#8220; custom_padding__hover=&#8220;|||&#8220;][et_pb_text _builder_version=&#8220;4.27.6&#8243; text_orientation=&#8220;justified&#8220; custom_margin_tablet=&#8220;&#8220; custom_margin_phone=&#8220;-40px|||&#8220; custom_margin_last_edited=&#8220;on|phone&#8220; global_colors_info=&#8220;{}&#8220;]<\/p>\n<h1><span class=\"TextRun Highlight SCXW237570725 BCX0\" lang=\"PL-PL\" xml:lang=\"PL-PL\" data-contrast=\"none\"><span class=\"NormalTextRun SpellingErrorV2Themed SCXW237570725 BCX0\" data-ccp-charstyle=\"Strong\">Industrie\u00f6fen<\/span> <span class=\"NormalTextRun SpellingErrorV2Themed SCXW237570725 BCX0\" data-ccp-charstyle=\"Strong\">f\u00fcr<\/span><span class=\"NormalTextRun SCXW237570725 BCX0\" data-ccp-charstyle=\"Strong\"> CVI<\/span><span class=\"NormalTextRun SCXW237570725 BCX0\" data-ccp-charstyle=\"Strong\">&#8211; <\/span><span class=\"NormalTextRun SpellingErrorV2Themed SCXW237570725 BCX0\" data-ccp-charstyle=\"Strong\">und<\/span> <span class=\"NormalTextRun SCXW237570725 BCX0\" data-ccp-charstyle=\"Strong\">CVD<\/span><span class=\"NormalTextRun SCXW237570725 BCX0\" data-ccp-charstyle=\"Strong\">&#8211;<\/span><span class=\"NormalTextRun SpellingErrorV2Themed SCXW237570725 BCX0\" data-ccp-charstyle=\"Strong\">Verfahren<\/span> <span class=\"NormalTextRun SCXW237570725 BCX0\" data-ccp-charstyle=\"Strong\">sowie<\/span> <span class=\"NormalTextRun SpellingErrorV2Themed SCXW237570725 BCX0\" data-ccp-charstyle=\"Strong\">die<\/span> <span class=\"NormalTextRun SpellingErrorV2Themed SCXW237570725 BCX0\" data-ccp-charstyle=\"Strong\">Reinigung<\/span><span class=\"NormalTextRun SCXW237570725 BCX0\" data-ccp-charstyle=\"Strong\"> von <\/span><span class=\"NormalTextRun SpellingErrorV2Themed SCXW237570725 BCX0\" data-ccp-charstyle=\"Strong\">graphitischen<\/span> <span class=\"NormalTextRun SpellingErrorV2Themed SCXW237570725 BCX0\" data-ccp-charstyle=\"Strong\">Materialien<\/span><\/span><span class=\"EOP SCXW237570725 BCX0\" data-ccp-props=\"{&quot;201341983&quot;:0,&quot;335559739&quot;:160,&quot;335559740&quot;:259}\">\u00a0<\/span><\/h1>\n<h2><span class=\"EOP SCXW14184719 BCX0\" data-ccp-props=\"{&quot;201341983&quot;:0,&quot;335559739&quot;:200,&quot;335559740&quot;:276}\"><span class=\"TextRun Highlight SCXW222258734 BCX0\" lang=\"PL-PL\" xml:lang=\"PL-PL\" data-contrast=\"none\"><span class=\"NormalTextRun SpellingErrorV2Themed SCXW222258734 BCX0\">Chemische<\/span> <span class=\"NormalTextRun SpellingErrorV2Themed SCXW222258734 BCX0\">Dampfphaseninfitration<\/span> <span class=\"NormalTextRun SCXW222258734 BCX0\">| <\/span><span class=\"NormalTextRun SpellingErrorV2Themed SCXW222258734 BCX0\">Chemische<\/span> <span class=\"NormalTextRun SpellingErrorV2Themed SCXW222258734 BCX0\">Gasphasenabscheidung<\/span><span class=\"NormalTextRun SCXW222258734 BCX0\"> | <\/span><span class=\"NormalTextRun SpellingErrorV2Themed SCXW222258734 BCX0\">Reinigung<\/span><span class=\"NormalTextRun SCXW222258734 BCX0\"> | <\/span><span class=\"NormalTextRun SpellingErrorV2Themed SCXW222258734 BCX0\">Graphitierung.<\/span><\/span><\/span><\/h2>\n<h2><span class=\"EOP SCXW14184719 BCX0\" data-ccp-props=\"{&quot;201341983&quot;:0,&quot;335559739&quot;:200,&quot;335559740&quot;:276}\">CVD, CVI, FIC, IVD, Slurry-Beschichtungen und Vakuum\u00f6fen zur thermischen Reinigung.\u00a0<\/span><\/h2>\n<p><b><span data-contrast=\"none\">CVI-\u00d6fen<\/span><\/b><span data-contrast=\"none\"> (chemische Dampfphaseninfitration, eng. <\/span><b><span data-contrast=\"none\">C<\/span><\/b><span data-contrast=\"none\">hemical <\/span><b><span data-contrast=\"none\">V<\/span><\/b><span data-contrast=\"none\">apor <\/span><b><span data-contrast=\"none\">I<\/span><\/b><span data-contrast=\"none\">nfiltration) sind spezielle L\u00f6sungen f\u00fcr das CVI-Verfahren, eine Technik zur Herstellung kohlenstoffhaltiger Materialien, wie z. B.\u00a0Graphit, durch Kohlenstoff-S\u00e4ttigung in\u00a0der Dampfphase.<\/span><br \/><span data-contrast=\"none\">Sie sind so konzipiert, dass sie eine kontrollierte Abscheidung amorpher Kohlenstoffschichten erm\u00f6glichen.<\/span><span data-ccp-props=\"{&quot;201341983&quot;:0,&quot;335559739&quot;:160,&quot;335559740&quot;:259}\">\u00a0<\/span><\/p>\n<p><b><span data-contrast=\"none\">CVD-\u00d6fen<\/span><\/b><span data-contrast=\"none\"> (Chemische Gasphasenabscheidung, eng. <\/span><b><span data-contrast=\"none\">C<\/span><\/b><span data-contrast=\"none\">hemical <\/span><b><span data-contrast=\"none\">V<\/span><\/b><span data-contrast=\"none\">apor <\/span><b><span data-contrast=\"none\">D<\/span><\/b><span data-contrast=\"none\">eposition) sind spezielle \u00d6fen f\u00fcr das CVD-Verfahren (Beschichtungsverfahren), eine Technik zur Herstellung von Beschichtungen durch chemische Reaktionen in\u00a0der Gasphase, z. B.\u00a0aus MTS CH3SiCl3 Methyltrichlorsilan-Gas.\u00a0<\/span><span data-ccp-props=\"{&quot;201341983&quot;:0,&quot;335559739&quot;:160,&quot;335559740&quot;:259}\">\u00a0<\/span><\/p>\n<p><span data-contrast=\"none\">Sie sind so konzipiert, dass sie eine kontrollierte Abscheidung von Materialien auf der Oberfl\u00e4che der zu behandelnden Materialien erm\u00f6glichen.<\/span><span data-ccp-props=\"{&quot;201341983&quot;:0,&quot;335559739&quot;:160,&quot;335559740&quot;:259}\">\u00a0<\/span><\/p>\n<p><b><span data-contrast=\"none\">Gasreinigungs\u00f6fen<\/span><\/b><span data-contrast=\"none\"> (die Gase wie Chlorwasserstoff (HCl) verwenden) dienen der Reinigung von graphitischen Materialien.<\/span><span data-ccp-props=\"{&quot;201341983&quot;:0,&quot;335559739&quot;:160,&quot;335559740&quot;:259}\">\u00a0<\/span><\/p>\n<p>[\/et_pb_text][et_pb_seco_products product_1_title=&#8220;CVD-\u00d6fen \u2013 Chemische Gasphasenabscheidung&#8220; product_1_src=&#8220;https:\/\/www.secowarwick.com\/wp-content\/uploads\/2026\/03\/CVD-\u2013-Chemical-Vapor-Deposition.jpg&#8220; product_1_alt=&#8220;CVD-\u00d6fen \u2013 Chemische Gasphasenabscheidung&#8220; product_1_button=&#8220;MEHR&#8220; product_1_url=&#8220;https:\/\/www.secowarwick.com\/de\/produkte\/vakuum-anlagen\/reinigung-von-graphit-materialien\/cvd-oefen-chemische-gasphasenabscheidung\/&#8220; product_2_title=&#8220;\u00d6fen f\u00fcr chemische Gasphaseninfiltration (CVI-\u00d6fen)&#8220; product_2_src=&#8220;https:\/\/www.secowarwick.com\/wp-content\/uploads\/2026\/03\/CVI-\u2013-Chemical-Vapor-Infiltration.jpg&#8220; product_2_alt=&#8220;\u00d6fen f\u00fcr chemische Gasphaseninfiltration (CVI-\u00d6fen)&#8220; product_2_button=&#8220;MEHR&#8220; product_2_url=&#8220;https:\/\/www.secowarwick.com\/de\/produkte\/vakuum-anlagen\/reinigung-von-graphit-materialien\/oefen-fuer-chemische-gasphaseninfiltration\/&#8220; product_3_title=&#8220;Reinigungs\u00f6fen f\u00fcr Graphitmaterialien  &#8220; product_3_src=&#8220;https:\/\/www.secowarwick.com\/wp-content\/uploads\/2026\/03\/Puryfikacja-1.jpg&#8220; product_3_alt=&#8220;Reinigungs\u00f6fen f\u00fcr Graphitmaterialien  &#8220; product_3_button=&#8220;MEHR&#8220; product_3_url=&#8220;https:\/\/www.secowarwick.com\/de\/produkte\/vakuum-anlagen\/reinigung-von-graphit-materialien\/reinigungsoefen-fuer-graphitmaterialien\/&#8220; module_id=&#8220;secoalutest&#8220; module_class=&#8220;disable-animation kafel-seco-product-dlugi-tytul&#8220; _builder_version=&#8220;4.27.6&#8243; _module_preset=&#8220;default&#8220; max_width=&#8220;600px&#8220; module_alignment=&#8220;center&#8220; hover_enabled=&#8220;0&#8243; custom_css_main_element=&#8220;max-width: 600px;||margin-left: auto;||margin-right: auto;&#8220; locked=&#8220;off&#8220; global_colors_info=&#8220;{}&#8220; title_text=&#8220;CVI-\u2013-Chemical-Vapor-Infiltration&#8220; sticky_enabled=&#8220;0&#8243;][\/et_pb_seco_products][et_pb_code admin_label=&#8220;crm-rfq-de&#8220; _builder_version=&#8220;4.10.3&#8243; _module_preset=&#8220;default&#8220; global_module=&#8220;123766&#8243; locked=&#8220;off&#8220; global_colors_info=&#8220;{}&#8220;]<!-- [et_pb_line_break_holder] --><pee style=\"text-align: center;\"><a class=\"small-button smallred\" style=\"font-size: 20px; padding: 20px 60px;\" href=\"https:\/\/www.secowarwick.com\/de\/fordern-sie-hier-ihr-angebot-an\/\"><span style=\"display: block; transform: skew(15deg,0deg); -webkit-transform: skew(15deg,0deg); font-size: 20px; !important\">UM EIN ANGEBOT BITTEN<\/span><\/a><\/pee>[\/et_pb_code][\/et_pb_column][et_pb_column type=&#8220;1_4&#8243; _builder_version=&#8220;4.16&#8243; custom_padding=&#8220;|||&#8220; global_colors_info=&#8220;{}&#8220; custom_padding__hover=&#8220;|||&#8220;][et_pb_text admin_label=&#8220;btn_de_premiumlibrary&#8220; module_class=&#8220;premium-library-button&#8220; _builder_version=&#8220;4.23.1&#8243; _module_preset=&#8220;default&#8220; text_orientation=&#8220;center&#8220; global_module=&#8220;157246&#8243; global_colors_info=&#8220;{}&#8220;]<\/p>\n<a href='https:\/\/www.secowarwick.com\/de\/premiuminhalte\/' class='small-button smallred'><span>PREMIUMINHALTE<\/span><\/a>\n<p>[\/et_pb_text][et_pb_text admin_label=&#8220;R&#038;D de&#8220; module_class=&#8220;product_widget_wrap_rd&#8220; _builder_version=&#8220;4.23.1&#8243; _module_preset=&#8220;default&#8220; text_orientation=&#8220;center&#8220; global_module=&#8220;167836&#8243; saved_tabs=&#8220;all&#8220; locked=&#8220;off&#8220; global_colors_info=&#8220;{}&#8220;]<\/p>\n<p><a href=\"https:\/\/www.secowarwick.com\/de\/rd\/\"><span class=\"product_wigtet_name\">R&amp;D<\/span><\/a><\/p>\n<p>[\/et_pb_text][et_pb_text admin_label=&#8220;AUTOMATYKA de&#8220; module_class=&#8220;product_widget_wrap_automation&#8220; _builder_version=&#8220;4.23.1&#8243; _module_preset=&#8220;default&#8220; global_module=&#8220;167905&#8243; saved_tabs=&#8220;all&#8220; locked=&#8220;off&#8220; global_colors_info=&#8220;{}&#8220;]<\/p>\n<p><a href=\"https:\/\/www.secowarwick.com\/de\/service\/automatisierung\/\"><span class=\"product_wigtet_name\">AUTOMATISIERUNG<\/span><\/a><\/p>\n<p>[\/et_pb_text][et_pb_text admin_label=&#8220;SERVICE de&#8220; module_class=&#8220;product_widget_wrap_service&#8220; _builder_version=&#8220;4.23.1&#8243; _module_preset=&#8220;default&#8220; global_module=&#8220;167860&#8243; saved_tabs=&#8220;all&#8220; locked=&#8220;off&#8220; global_colors_info=&#8220;{}&#8220;]<\/p>\n<p><a href=\"https:\/\/www.secowarwick.com\/de\/professionelle-service-dienstleistungen\/\"><span class=\"product_wigtet_name\">SERVICE<\/span><\/a><\/p>\n<p>[\/et_pb_text][et_pb_text admin_label=&#8220;SUPLEMENTALS de&#8220; module_class=&#8220;product_widget_wrap_supleme&#8220; _builder_version=&#8220;4.23.1&#8243; _module_preset=&#8220;default&#8220; global_module=&#8220;167915&#8243; saved_tabs=&#8220;all&#8220; locked=&#8220;off&#8220; global_colors_info=&#8220;{}&#8220;]<\/p>\n<p><span class=\"product_wigtet_name\">ZUSATZSTOFFE:<\/span><\/p>\n<p>[\/et_pb_text][et_pb_text admin_label=&#8220;Product catalogue de&#8220; module_class=&#8220;suplementals_product_catalogue suplementals_wrap&#8220; _builder_version=&#8220;4.23.1&#8243; _module_preset=&#8220;default&#8220; global_module=&#8220;169659&#8243; saved_tabs=&#8220;all&#8220; locked=&#8220;off&#8220; global_colors_info=&#8220;{}&#8220;]<\/p>\n<p><a href=\"https:\/\/www.secowarwick.com\/wp-content\/uploads\/2025\/11\/VAC-VACUUM-FURNACE-WWW.pdf\" target=\"_blank\" rel=\"noopener\" class=\"ga4_product_widget_catalogue\">Produktkatalog<\/a><\/p>\n<p>[\/et_pb_text][et_pb_text admin_label=&#8220;Product movie playlista de&#8220; module_class=&#8220;suplementals_product_movie suplementals_wrap&#8220; _builder_version=&#8220;4.23.1&#8243; _module_preset=&#8220;default&#8220; global_module=&#8220;169661&#8243; saved_tabs=&#8220;all&#8220; locked=&#8220;off&#8220; global_colors_info=&#8220;{}&#8220;]<\/p>\n<p><a href=\"https:\/\/www.youtube.com\/playlist?list=PLa0hhW_hoQqEsIHM5LQtr9h_9UlwGFBO8\" target=\"_blank\" rel=\"noopener\">Produktvideo<\/a><\/p>\n<p>[\/et_pb_text][et_pb_text admin_label=&#8220;dnabook-de&#8220; module_class=&#8220;suplementals_product_dna suplementals_wrap&#8220; _builder_version=&#8220;4.23.1&#8243; _module_preset=&#8220;default&#8220; global_module=&#8220;167874&#8243; saved_tabs=&#8220;all&#8220; locked=&#8220;off&#8220; global_colors_info=&#8220;{}&#8220;]<\/p>\n<p><a href=\"https:\/\/www.secowarwick.com\/wp-content\/uploads\/2025\/07\/DNA_BOOK.pdf\" target=\"_blank\" rel=\"noopener\">DNA\/BOOK<\/a><\/p>\n<p>[\/et_pb_text][et_pb_text admin_label=&#8220;ECO\/BOOK-de&#8220; module_class=&#8220;suplementals_product_eco suplementals_wrap&#8220; _builder_version=&#8220;4.23.1&#8243; _module_preset=&#8220;default&#8220; global_module=&#8220;167797&#8243; locked=&#8220;off&#8220; global_colors_info=&#8220;{}&#8220;]<\/p>\n<p><a href=\"https:\/\/www.secowarwick.com\/wp-content\/uploads\/2023\/06\/ECOBOOK.pdf\" target=\"_blank\" rel=\"noopener\">ECO\/BOOK<\/a><\/p>\n<p>[\/et_pb_text][et_pb_text admin_label=&#8220;product-widget-rfq-de&#8220; module_class=&#8220;product_widget_wrap_rfq-en&#8220; _builder_version=&#8220;4.23.1&#8243; _module_preset=&#8220;default&#8220; global_module=&#8220;186250&#8243; saved_tabs=&#8220;all&#8220; locked=&#8220;off&#8220; global_colors_info=&#8220;{}&#8220;]<\/p>\n<p style=\"text-align: center;\"><a class=\"small-button smallred rfq-gtm-product-widget\" href=\"https:\/\/www.secowarwick.com\/de\/fordern-sie-hier-ihr-angebot-an\/\"><span class=\"product_wigtet_name\">FRAGE NACH MEHR<\/span><\/a><\/p>\n<p>[\/et_pb_text][\/et_pb_column][\/et_pb_row][\/et_pb_section]<\/p>\n","protected":false},"excerpt":{"rendered":"<p>[et_pb_breadcrumbs _builder_version=&#8220;3.6&#8243; global_colors_info=&#8220;{}&#8220;][\/et_pb_breadcrumbs]Industrie\u00f6fen f\u00fcr CVI- und CVD-Verfahren sowie die Reinigung von graphitischen Materialien\u00a0 Chemische Dampfphaseninfitration | Chemische Gasphasenabscheidung | Reinigung | Graphitierung. CVD, CVI, FIC, IVD, Slurry-Beschichtungen und Vakuum\u00f6fen zur thermischen Reinigung.\u00a0 CVI-\u00d6fen (chemische Dampfphaseninfitration, eng. Chemical Vapor Infiltration) sind spezielle L\u00f6sungen f\u00fcr das CVI-Verfahren, eine Technik zur Herstellung kohlenstoffhaltiger Materialien, wie z. B.\u00a0Graphit, durch [&hellip;]<\/p>\n","protected":false},"author":2,"featured_media":150497,"parent":7218,"menu_order":0,"comment_status":"closed","ping_status":"closed","template":"","meta":{"_acf_changed":false,"_et_pb_use_builder":"on","_et_pb_old_content":"","_et_gb_content_width":"","footnotes":""},"class_list":["post-150652","page","type-page","status-publish","has-post-thumbnail"],"acf":[],"_links":{"self":[{"href":"https:\/\/www.secowarwick.com\/de\/wp-json\/wp\/v2\/pages\/150652","targetHints":{"allow":["GET"]}}],"collection":[{"href":"https:\/\/www.secowarwick.com\/de\/wp-json\/wp\/v2\/pages"}],"about":[{"href":"https:\/\/www.secowarwick.com\/de\/wp-json\/wp\/v2\/types\/page"}],"author":[{"embeddable":true,"href":"https:\/\/www.secowarwick.com\/de\/wp-json\/wp\/v2\/users\/2"}],"replies":[{"embeddable":true,"href":"https:\/\/www.secowarwick.com\/de\/wp-json\/wp\/v2\/comments?post=150652"}],"version-history":[{"count":20,"href":"https:\/\/www.secowarwick.com\/de\/wp-json\/wp\/v2\/pages\/150652\/revisions"}],"predecessor-version":[{"id":190946,"href":"https:\/\/www.secowarwick.com\/de\/wp-json\/wp\/v2\/pages\/150652\/revisions\/190946"}],"up":[{"embeddable":true,"href":"https:\/\/www.secowarwick.com\/de\/wp-json\/wp\/v2\/pages\/7218"}],"wp:featuredmedia":[{"embeddable":true,"href":"https:\/\/www.secowarwick.com\/de\/wp-json\/wp\/v2\/media\/150497"}],"wp:attachment":[{"href":"https:\/\/www.secowarwick.com\/de\/wp-json\/wp\/v2\/media?parent=150652"}],"curies":[{"name":"wp","href":"https:\/\/api.w.org\/{rel}","templated":true}]}}