{"id":150911,"date":"2024-01-19T12:12:46","date_gmt":"2024-01-19T11:12:46","guid":{"rendered":"https:\/\/www.secowarwick.com\/?page_id=150911"},"modified":"2024-01-19T12:41:01","modified_gmt":"2024-01-19T11:41:01","slug":"projektingenieur","status":"publish","type":"page","link":"https:\/\/www.secowarwick.com\/de\/karriere\/projektingenieur\/","title":{"rendered":"Projektingenieur (M\/W)"},"content":{"rendered":"<p>[et_pb_section fb_built=&#8220;1&#8243; _builder_version=&#8220;4.16&#8243; global_colors_info=&#8220;{}&#8220;][et_pb_row column_structure=&#8220;2_3,1_3&#8243; _builder_version=&#8220;4.16&#8243; background_size=&#8220;initial&#8220; background_position=&#8220;top_left&#8220; background_repeat=&#8220;repeat&#8220; custom_margin=&#8220;||0px|&#8220; custom_padding=&#8220;||0px|&#8220; global_colors_info=&#8220;{}&#8220;][et_pb_column type=&#8220;2_3&#8243; _builder_version=&#8220;4.16&#8243; custom_padding=&#8220;|||&#8220; global_colors_info=&#8220;{}&#8220; custom_padding__hover=&#8220;|||&#8220;][et_pb_text admin_label=&#8220;stanowisko&#8220; module_class=&#8220;kariera2021-h1&#8243; _builder_version=&#8220;4.23.1&#8243; header_font=&#8220;TitilliumWeb Black||||||||&#8220; global_colors_info=&#8220;{}&#8220;]<\/p>\n<p>Zur Unterst\u00fctzung unseres weltweit t\u00e4tigen Teams suchen wir f\u00fcr unseren Standort in Bedburg-Hau:<\/p>\n<h1>PROJEKTINGENIEUR (M\/W)<\/h1>\n<p>[\/et_pb_text][\/et_pb_column][et_pb_column type=&#8220;1_3&#8243; _builder_version=&#8220;4.16&#8243; custom_padding=&#8220;|||&#8220; global_colors_info=&#8220;{}&#8220; custom_padding__hover=&#8220;|||&#8220;][\/et_pb_column][\/et_pb_row][et_pb_row column_structure=&#8220;2_3,1_3&#8243; _builder_version=&#8220;4.16&#8243; global_colors_info=&#8220;{}&#8220;][et_pb_column type=&#8220;2_3&#8243; _builder_version=&#8220;4.16&#8243; custom_padding=&#8220;|||&#8220; global_colors_info=&#8220;{}&#8220; custom_padding__hover=&#8220;|||&#8220;][et_pb_text module_class=&#8220;kariera2021-fakty&#8220; _builder_version=&#8220;4.23.1&#8243; global_colors_info=&#8220;{}&#8220;]<\/p>\n<p><strong>Die SECO\/WARWICK<\/strong> Germany GmbH ist Teil einer weltweit f\u00fchrenden Gruppe f\u00fcr W\u00e4rmebehandlungsanlagen mit Endkunden aus Luft- und Raumfahrt, Automobilindustrie, Maschinenbauindustrie, Werkzeugindustrie, Medizinindustrie und Energetik. Durch innovative Produktentwicklungen und kundenspezifische Projektentwicklungen, liefern unsere Produkte unseren Kunden einen erheblichen Wettbewerbsvorteil.<\/p>\n<p><strong>Die SECO\/WARWICK<\/strong> Gruppe besteht aus sieben Gesellschaften auf vier Kontinenten mit Kunden in 70 L\u00e4ndern. Die Gruppe liefert sowohl Standardanlagen als auch kundenspezifische hochmoderne W\u00e4rmebehandlungsanlagen.<\/p>\n<p>&nbsp;<\/p>\n<h3>IHRE AUFGABEN, AN DENEN SIE WACHSEN K\u00d6NNEN<\/h3>\n<p><span style=\"color: #dc291e;\">\/\u00a0<\/span>Aufnahme von Projektanfragen<br \/><span style=\"color: #dc291e;\">\/\u00a0<\/span>Kalkulation der Angebote und Kundenprojekte<br \/><span style=\"color: #dc291e;\">\/\u00a0<\/span>Technische Vertriebsunterst\u00fctzung bei Vergabeprozessen und laufenden Projekten<br \/><span style=\"color: #dc291e;\">\/\u00a0<\/span>Nachhaltung von erstellten Angeboten<br \/><span style=\"color: #dc291e;\">\/\u00a0<\/span>Verkauf von Service und Ersatzteilen<br \/><span style=\"color: #dc291e;\">\/\u00a0<\/span>Kundenakquise<br \/><span style=\"color: #dc291e;\">\/\u00a0<\/span>Kundenbesuche; Vorbesuche hinsichtlich Angebotserstellung<br \/><span style=\"color: #dc291e;\">\/\u00a0<\/span>Projektplanung, Konzipierung<br \/><span style=\"color: #dc291e;\">\/\u00a0<\/span>Hilfestellung zur Projektumsetzung unter der Leitung der Serviceeinsatzleitung<br \/><span style=\"color: #dc291e;\">\/\u00a0<\/span>Zusammenarbeit mit und Koordination von Lieferanten<\/p>\n<p>&nbsp;<\/p>\n<h3>IHR PROFIL, MIT DEM SIE PUNKTEN K\u00d6NNEN<\/h3>\n<p><span style=\"color: #dc291e;\">\/\u00a0<\/span>Mehrj\u00e4hrige Berufserfahrung im Projektmanagement, gerne im W\u00e4rmebehandlungbereich<br \/><span style=\"color: #dc291e;\">\/\u00a0<\/span>Routinierter Umgang mit MS Office, ERP Systemen<br \/><span style=\"color: #dc291e;\">\/\u00a0<\/span>Sehr gute Deutsch- und Englischkenntnisse<br \/><span style=\"color: #dc291e;\">\/\u00a0<\/span>Ein hohes Ma\u00df an Flexibilit\u00e4t und Eigeninitiative<br \/><span style=\"color: #dc291e;\">\/\u00a0<\/span>Reisebereitschaft f\u00fcr gelegentliche Kundenbesuche<\/p>\n<h3>\u00a0<\/h3>\n<h3>WAS WIR IHNEN BIETEN<\/h3>\n<p><span style=\"color: #dc291e;\">\/\u00a0<\/span>Einen zeitlich unbefristeten Festanstellungsvertrag<br \/><span style=\"color: #dc291e;\">\/\u00a0<\/span>Ein spannendes und abwechslungsreiches Aufgabengebiet<br \/><span style=\"color: #dc291e;\">\/\u00a0<\/span>Ein kleines, innovatives und freundliches Team<br \/><span style=\"color: #dc291e;\">\/\u00a0<\/span>Entwicklungsm\u00f6glichkeiten durch Teilnahme an dedizierten Fachschulungen<br \/><span style=\"color: #dc291e;\">\/\u00a0<\/span>Eine Aufgabe mit internationaler Ausrichtung<\/p>\n<p>&nbsp;<\/p>\n<p>Frau <strong>Julia Erich<\/strong> steht Ihnen gerne unter +49 151 40210713 vorab f\u00fcr weitere Fragen zur Verf\u00fcgung. Wir freuen uns auf Ihre schriftliche Bewerbung an die <strong>SECO\/WARWICK Germany GmbH<\/strong>, An der Molkerei 9, 47551 Bedburg-Hau oder per E-Mail an: <a href=\"mailto:julia.erich@secowarwick.com\"><strong>julia.erich@secowarwick.com<\/strong><\/a><\/p>\n<p>[\/et_pb_text][\/et_pb_column][et_pb_column type=&#8220;1_3&#8243; module_class=&#8220;kariera2021-prawa-kolumna&#8220; _builder_version=&#8220;4.16&#8243; custom_padding=&#8220;|||&#8220; global_colors_info=&#8220;{}&#8220; custom_padding__hover=&#8220;|||&#8220;][\/et_pb_column][\/et_pb_row][\/et_pb_section]<\/p>\n","protected":false},"excerpt":{"rendered":"<p>Zur Unterst\u00fctzung unseres weltweit t\u00e4tigen Teams suchen wir f\u00fcr unseren Standort in Bedburg-Hau: PROJEKTINGENIEUR (M\/W)Die SECO\/WARWICK Germany GmbH ist Teil einer weltweit f\u00fchrenden Gruppe f\u00fcr W\u00e4rmebehandlungsanlagen mit Endkunden aus Luft- und Raumfahrt, Automobilindustrie, Maschinenbauindustrie, Werkzeugindustrie, Medizinindustrie und Energetik. Durch innovative Produktentwicklungen und kundenspezifische Projektentwicklungen, liefern unsere Produkte unseren Kunden einen erheblichen Wettbewerbsvorteil. Die SECO\/WARWICK Gruppe [&hellip;]<\/p>\n","protected":false},"author":2,"featured_media":0,"parent":111701,"menu_order":0,"comment_status":"closed","ping_status":"closed","template":"","meta":{"_acf_changed":false,"_et_pb_use_builder":"on","_et_pb_old_content":"","_et_gb_content_width":"","footnotes":""},"class_list":["post-150911","page","type-page","status-publish"],"acf":[],"_links":{"self":[{"href":"https:\/\/www.secowarwick.com\/de\/wp-json\/wp\/v2\/pages\/150911","targetHints":{"allow":["GET"]}}],"collection":[{"href":"https:\/\/www.secowarwick.com\/de\/wp-json\/wp\/v2\/pages"}],"about":[{"href":"https:\/\/www.secowarwick.com\/de\/wp-json\/wp\/v2\/types\/page"}],"author":[{"embeddable":true,"href":"https:\/\/www.secowarwick.com\/de\/wp-json\/wp\/v2\/users\/2"}],"replies":[{"embeddable":true,"href":"https:\/\/www.secowarwick.com\/de\/wp-json\/wp\/v2\/comments?post=150911"}],"version-history":[{"count":10,"href":"https:\/\/www.secowarwick.com\/de\/wp-json\/wp\/v2\/pages\/150911\/revisions"}],"predecessor-version":[{"id":150945,"href":"https:\/\/www.secowarwick.com\/de\/wp-json\/wp\/v2\/pages\/150911\/revisions\/150945"}],"up":[{"embeddable":true,"href":"https:\/\/www.secowarwick.com\/de\/wp-json\/wp\/v2\/pages\/111701"}],"wp:attachment":[{"href":"https:\/\/www.secowarwick.com\/de\/wp-json\/wp\/v2\/media?parent=150911"}],"curies":[{"name":"wp","href":"https:\/\/api.w.org\/{rel}","templated":true}]}}