{"id":153189,"date":"2023-08-22T14:33:43","date_gmt":"2023-08-22T12:33:43","guid":{"rendered":"https:\/\/www.secowarwick.com\/washing-device\/"},"modified":"2024-03-05T13:26:17","modified_gmt":"2024-03-05T12:26:17","slug":"waschvorrichtung","status":"publish","type":"page","link":"https:\/\/www.secowarwick.com\/de\/waschvorrichtung\/","title":{"rendered":"Waschvorrichtung"},"content":{"rendered":"<p>[et_pb_section fb_built=&#8220;1&#8243; admin_label=&#8220;section&#8220; _builder_version=&#8220;4.16&#8243; custom_padding=&#8220;0px|||&#8220; transparent_background=&#8220;off&#8220; make_fullwidth=&#8220;off&#8220; use_custom_width=&#8220;off&#8220; width_unit=&#8220;on&#8220; global_colors_info=&#8220;{}&#8220;][et_pb_row _builder_version=&#8220;4.16&#8243; _module_preset=&#8220;default&#8220; global_colors_info=&#8220;{}&#8220;][et_pb_column type=&#8220;4_4&#8243; _builder_version=&#8220;4.16&#8243; _module_preset=&#8220;default&#8220; global_colors_info=&#8220;{}&#8220;][et_pb_breadcrumbs _builder_version=&#8220;4.10.3&#8243; _module_preset=&#8220;default&#8220; global_colors_info=&#8220;{}&#8220;][\/et_pb_breadcrumbs][\/et_pb_column][\/et_pb_row][et_pb_row admin_label=&#8220;row&#8220; _builder_version=&#8220;4.16&#8243; background_size=&#8220;initial&#8220; background_position=&#8220;top_left&#8220; background_repeat=&#8220;repeat&#8220; custom_padding=&#8220;0px|||&#8220; make_fullwidth=&#8220;off&#8220; use_custom_width=&#8220;off&#8220; width_unit=&#8220;on&#8220; global_colors_info=&#8220;{}&#8220;][et_pb_column type=&#8220;4_4&#8243; _builder_version=&#8220;4.16&#8243; custom_padding=&#8220;|||&#8220; global_colors_info=&#8220;{}&#8220; custom_padding__hover=&#8220;|||&#8220;][et_pb_divider show_divider=&#8220;off&#8220; _builder_version=&#8220;4.16&#8243; _module_preset=&#8220;default&#8220; global_colors_info=&#8220;{}&#8220;][\/et_pb_divider][et_pb_text module_class=&#8220;red-square-list-parent&#8220; _builder_version=&#8220;4.23.1&#8243; background_size=&#8220;initial&#8220; background_position=&#8220;top_left&#8220; background_repeat=&#8220;repeat&#8220; hover_enabled=&#8220;0&#8243; use_border_color=&#8220;off&#8220; global_colors_info=&#8220;{}&#8220; sticky_enabled=&#8220;0&#8243;]<\/p>\n<h1>WASCHGER\u00c4T<\/h1>\n<p>&nbsp;<\/p>\n<h2>MODELL HV 6612<\/h2>\n<p>Professionelles Waschger\u00e4t Modell HV 6612<\/p>\n<h3>Allgemeine Informationen:<\/h3>\n<p><span style=\"color: #ff0000;\"><strong>\/<\/strong><\/span> Hersteller: Rubig\/HYDROVAC<br \/><span style=\"color: #ff0000;\"><strong>\/<\/strong><\/span> Baujahr 2002,<br \/><span style=\"color: #ff0000;\"><strong>\/<\/strong><\/span> Zustand: vor einigen Jahren einer umfassenden \u00dcberholung unterzogen, derzeit nicht in Gebrauch,<br \/><strong><span style=\"color: #ff0000;\">\/<\/span><\/strong> Standort: Ungarn,<br \/><span style=\"color: #ff0000;\"><strong>\/<\/strong><\/span> Ger\u00e4t abgeklemmt: f\u00fcr den Transport vorbereitet.<\/p>\n<p>&nbsp;<\/p>\n<h4 style=\"text-align: center;\"><strong>Wir bieten technische Bewertung, Umzug und Installation des Ger\u00e4ts am vorgesehenen Standort innerhalb der Europ\u00e4ischen Union an<\/strong>.<\/h4>\n<p>[\/et_pb_text][\/et_pb_column][\/et_pb_row][\/et_pb_section][et_pb_section fb_built=&#8220;1&#8243; admin_label=&#8220;section&#8220; _builder_version=&#8220;4.19.2&#8243; background_color=&#8220;#f8f8f8&#8243; custom_margin=&#8220;-20px||||false|false&#8220; custom_padding=&#8220;0px||||false|false&#8220; transparent_background=&#8220;off&#8220; make_fullwidth=&#8220;off&#8220; use_custom_width=&#8220;off&#8220; width_unit=&#8220;on&#8220; global_colors_info=&#8220;{}&#8220;][et_pb_row column_structure=&#8220;1_2,1_2&#8243; admin_label=&#8220;row&#8220; _builder_version=&#8220;4.19.2&#8243; background_size=&#8220;initial&#8220; background_position=&#8220;top_left&#8220; background_repeat=&#8220;repeat&#8220; custom_margin=&#8220;-20px||||false|false&#8220; global_colors_info=&#8220;{}&#8220;][et_pb_column type=&#8220;1_2&#8243; _builder_version=&#8220;4.16&#8243; custom_padding=&#8220;|||&#8220; global_colors_info=&#8220;{}&#8220; custom_padding__hover=&#8220;|||&#8220;][et_pb_text _builder_version=&#8220;4.19.2&#8243; _module_preset=&#8220;default&#8220; text_font_size=&#8220;16px&#8220; global_colors_info=&#8220;{}&#8220;]<\/p>\n<p>&nbsp;<\/p>\n<p>&nbsp;<\/p>\n<p>[\/et_pb_text][et_pb_image src=&#8220;https:\/\/www.secowarwick.com\/wp-content\/uploads\/2023\/08\/uzradzenie-myjace.jpg&#8220; alt=&#8220;Professional washing device model HV 6612&#8243; title_text=&#8220;WASHING DEVICE&#8220; align_tablet=&#8220;center&#8220; align_phone=&#8220;&#8220; align_last_edited=&#8220;on|desktop&#8220; _builder_version=&#8220;4.19.2&#8243; global_colors_info=&#8220;{}&#8220;][\/et_pb_image][\/et_pb_column][et_pb_column type=&#8220;1_2&#8243; _builder_version=&#8220;4.16&#8243; custom_padding=&#8220;|||&#8220; global_colors_info=&#8220;{}&#8220; custom_padding__hover=&#8220;|||&#8220;][et_pb_text admin_label=&#8220;apostrof&#8220; module_class=&#8220;przecinek-tlo-nizej&#8220; _builder_version=&#8220;4.23.1&#8243; custom_margin=&#8220;||||false|false&#8220; custom_margin_tablet=&#8220;&#8220; custom_margin_phone=&#8220;&#8220; custom_margin_last_edited=&#8220;on|desktop&#8220; saved_tabs=&#8220;all&#8220; global_colors_info=&#8220;{}&#8220;]<\/p>\n<h2>Grundlegende technische Daten<\/h2>\n<p>[\/et_pb_text][et_pb_text _builder_version=&#8220;4.23.1&#8243; _module_preset=&#8220;default&#8220; global_colors_info=&#8220;{}&#8220;]<\/p>\n<p><span style=\"color: #ff0000;\"><strong>\/ <\/strong><\/span>Arbeitskammerabmessungen [mm] B=600 x H=600 x L=1200<\/p>\n<p><span style=\"color: #ff0000;\"><strong>\/ <\/strong><\/span>Maximales Beladungsgewicht 750 kg.<\/p>\n<p><span style=\"color: #ff0000;\"><strong>\/ <\/strong><\/span>Ger\u00e4teabmessungen [mm] B=2100 x H=3500 x L=3450<\/p>\n<p><span style=\"color: #ff0000;\"><strong>\/<\/strong><\/span> Waschkammerabmessungen [mm] 950 mm x 1200 mm<\/p>\n<p><span style=\"color: #ff0000;\"><strong>\/<\/strong><\/span> Waschkammerkapazit\u00e4t 855 Liter<\/p>\n<p><span style=\"color: #ff0000;\"><strong>\/<\/strong><\/span> Vakuumpumpe 155 m3\/h 80-100 mbar<\/p>\n<p><span style=\"color: #ff0000;\"><strong>\/<\/strong><\/span> Steuerung &#8211; SIEMENS &#8211; COROS OP25<\/p>\n<p><strong>Detaillierte technische Daten sind auf Anfrage erh\u00e4ltlich.<\/strong><\/p>\n<p><a href=\"#_ftnref1\" name=\"_ftn1\"><\/a><\/p>\n<p>[\/et_pb_text][\/et_pb_column][\/et_pb_row][\/et_pb_section]<\/p>\n","protected":false},"excerpt":{"rendered":"<p>[et_pb_breadcrumbs _builder_version=&#8220;4.10.3&#8243; _module_preset=&#8220;default&#8220; global_colors_info=&#8220;{}&#8220;][\/et_pb_breadcrumbs]WASCHGER\u00c4T &nbsp; MODELL HV 6612 Professionelles Waschger\u00e4t Modell HV 6612 Allgemeine Informationen: \/ Hersteller: Rubig\/HYDROVAC\/ Baujahr 2002,\/ Zustand: vor einigen Jahren einer umfassenden \u00dcberholung unterzogen, derzeit nicht in Gebrauch,\/ Standort: Ungarn,\/ Ger\u00e4t abgeklemmt: f\u00fcr den Transport vorbereitet. &nbsp; Wir bieten technische Bewertung, Umzug und Installation des Ger\u00e4ts am vorgesehenen Standort innerhalb der [&hellip;]<\/p>\n","protected":false},"author":2,"featured_media":0,"parent":0,"menu_order":0,"comment_status":"closed","ping_status":"closed","template":"","meta":{"_acf_changed":false,"_et_pb_use_builder":"on","_et_pb_old_content":"","_et_gb_content_width":"","footnotes":""},"class_list":["post-153189","page","type-page","status-publish"],"acf":[],"_links":{"self":[{"href":"https:\/\/www.secowarwick.com\/de\/wp-json\/wp\/v2\/pages\/153189","targetHints":{"allow":["GET"]}}],"collection":[{"href":"https:\/\/www.secowarwick.com\/de\/wp-json\/wp\/v2\/pages"}],"about":[{"href":"https:\/\/www.secowarwick.com\/de\/wp-json\/wp\/v2\/types\/page"}],"author":[{"embeddable":true,"href":"https:\/\/www.secowarwick.com\/de\/wp-json\/wp\/v2\/users\/2"}],"replies":[{"embeddable":true,"href":"https:\/\/www.secowarwick.com\/de\/wp-json\/wp\/v2\/comments?post=153189"}],"version-history":[{"count":4,"href":"https:\/\/www.secowarwick.com\/de\/wp-json\/wp\/v2\/pages\/153189\/revisions"}],"predecessor-version":[{"id":153195,"href":"https:\/\/www.secowarwick.com\/de\/wp-json\/wp\/v2\/pages\/153189\/revisions\/153195"}],"wp:attachment":[{"href":"https:\/\/www.secowarwick.com\/de\/wp-json\/wp\/v2\/media?parent=153189"}],"curies":[{"name":"wp","href":"https:\/\/api.w.org\/{rel}","templated":true}]}}