{"id":157991,"date":"2024-04-19T07:30:17","date_gmt":"2024-04-19T05:30:17","guid":{"rendered":"https:\/\/www.secowarwick.com\/zbiornik-buforowy-helu\/"},"modified":"2024-05-14T08:05:22","modified_gmt":"2024-05-14T06:05:22","slug":"helium-puffertank","status":"publish","type":"page","link":"https:\/\/www.secowarwick.com\/de\/helium-puffertank\/","title":{"rendered":"Helium-Puffertank V=3000 l [3m3] mit Kompressoreinheit und Kondensatabscheider"},"content":{"rendered":"<p>[et_pb_section fb_built=&#8220;1&#8243; admin_label=&#8220;section&#8220; _builder_version=&#8220;4.23.1&#8243; custom_padding=&#8220;||||false|false&#8220; transparent_background=&#8220;off&#8220; make_fullwidth=&#8220;off&#8220; use_custom_width=&#8220;off&#8220; width_unit=&#8220;on&#8220; global_colors_info=&#8220;{}&#8220;][et_pb_row column_structure=&#8220;1_2,1_2&#8243; admin_label=&#8220;row&#8220; _builder_version=&#8220;4.16&#8243; background_size=&#8220;initial&#8220; background_position=&#8220;top_left&#8220; background_repeat=&#8220;repeat&#8220; custom_padding=&#8220;0px|||&#8220; make_fullwidth=&#8220;off&#8220; use_custom_width=&#8220;off&#8220; width_unit=&#8220;on&#8220; global_colors_info=&#8220;{}&#8220;][et_pb_column type=&#8220;1_2&#8243; _builder_version=&#8220;4.16&#8243; custom_padding=&#8220;|||&#8220; global_colors_info=&#8220;{}&#8220; custom_padding__hover=&#8220;|||&#8220;][et_pb_text module_class=&#8220;red-square-list-parent&#8220; _builder_version=&#8220;4.23.1&#8243; background_size=&#8220;initial&#8220; background_position=&#8220;top_left&#8220; background_repeat=&#8220;repeat&#8220; hover_enabled=&#8220;0&#8243; use_border_color=&#8220;off&#8220; global_colors_info=&#8220;{}&#8220; sticky_enabled=&#8220;0&#8243;]<\/p>\n<p>Helium-Puffertank mit Kompressoreinheit und Kondensatabscheider<\/p>\n<h3>Allgemeine Angaben<\/h3>\n<p><span style=\"color: #ff0000;\">\/ <\/span>Hersteller: SECO\/WARWICK<br \/><span style=\"color: #ff0000;\">\/ <\/span>Produktionsjahr: 2009<br \/><span style=\"color: #ff0000;\">\/ <\/span>Standort \u2013 Zentralpolen<br \/><span style=\"color: #ff0000;\">\/ <\/span>Ger\u00e4t abgeklemmt &#8211; keine Pr\u00fcfung vor Ort m\u00f6glich<br \/><span style=\"color: #ff0000;\">\/ <\/span>Wir bieten die technische Bewertung, die Verlagerung und die Installation der Vorrichtung am Zielstandort in der Europ\u00e4ischen Union an.<\/p>\n<p>&nbsp;<\/p>\n<h3>Verwendungszweck<\/h3>\n<p>Der Puffertank ist f\u00fcr den Betrieb in einer W\u00e4rmebehandlungsofenanlage ausgelegt, die mit einem zul\u00e4ssigen PS-Druck =-1\/25bar arbeitet. Der Puffertank arbeitet mit einem PS-Druck =-1\/40 bar und einer H\u00f6chsttemperatur von 20\/+80\u00b0C.<\/p>\n<p>Komprimiertes Helium ist die in W\u00e4rmebehandlungs\u00f6fen von Metallen verwendete Atmosph\u00e4re. Das in den Ofen eingelassene Gas, nachdem es die Luft verdr\u00e4ngt hat, sch\u00fctzt die Metallcharge vor Oxidation und Entkohlung ihrer Oberfl\u00e4che bei hohen Temperaturen. Komprimiertes Helium ist eine nicht-explosive Atmosph\u00e4re. \u00a0Komplett mit Kompressoreinheit der Firma BAUER KOMPRESOREN und Helium-Kondensatabscheider der Firma KLEUSBERG Deutschland 100l.<\/p>\n<p>[\/et_pb_text][\/et_pb_column][et_pb_column type=&#8220;1_2&#8243; _builder_version=&#8220;4.16&#8243; custom_padding=&#8220;|||&#8220; global_colors_info=&#8220;{}&#8220; custom_padding__hover=&#8220;|||&#8220;][et_pb_image src=&#8220;https:\/\/www.secowarwick.com\/wp-content\/uploads\/2024\/04\/hel-zbiornik-buforowy.jpg&#8220; alt=&#8220;Zbiornik buforowy Helu V=3000 l %913m3%93 z agregatem spr\u0119\u017carkowym oraz separatorem kondensatu SECO\/WARWICK&#8220; _builder_version=&#8220;4.23.1&#8243; _module_preset=&#8220;default&#8220; global_colors_info=&#8220;{}&#8220;][\/et_pb_image][\/et_pb_column][\/et_pb_row][\/et_pb_section][et_pb_section fb_built=&#8220;1&#8243; admin_label=&#8220;section&#8220; _builder_version=&#8220;4.19.2&#8243; background_color=&#8220;#f8f8f8&#8243; custom_margin=&#8220;-20px||||false|false&#8220; custom_padding=&#8220;0px||||false|false&#8220; transparent_background=&#8220;off&#8220; make_fullwidth=&#8220;off&#8220; use_custom_width=&#8220;off&#8220; width_unit=&#8220;on&#8220; global_colors_info=&#8220;{}&#8220;][et_pb_row column_structure=&#8220;1_2,1_2&#8243; admin_label=&#8220;row&#8220; _builder_version=&#8220;4.19.2&#8243; background_size=&#8220;initial&#8220; background_position=&#8220;top_left&#8220; background_repeat=&#8220;repeat&#8220; custom_margin=&#8220;-20px||||false|false&#8220; global_colors_info=&#8220;{}&#8220;][et_pb_column type=&#8220;1_2&#8243; _builder_version=&#8220;4.16&#8243; custom_padding=&#8220;|||&#8220; global_colors_info=&#8220;{}&#8220; custom_padding__hover=&#8220;|||&#8220;][et_pb_image src=&#8220;https:\/\/www.secowarwick.com\/wp-content\/uploads\/2024\/04\/Zbiornik-buforowy-Helu.jpg&#8220; alt=&#8220;Zbiornik buforowy Helu  V=3000  l %913m3%93 z agregatem spr\u0119\u017carkowym oraz separatorem kondensatu SECO\/WARWICK&#8220; title_text=&#8220;VACUUM FURNACE WITH GAS COOLING (2)&#8220; align_tablet=&#8220;center&#8220; align_phone=&#8220;&#8220; align_last_edited=&#8220;on|desktop&#8220; _builder_version=&#8220;4.23.1&#8243; global_colors_info=&#8220;{}&#8220;][\/et_pb_image][\/et_pb_column][et_pb_column type=&#8220;1_2&#8243; _builder_version=&#8220;4.16&#8243; custom_padding=&#8220;|||&#8220; global_colors_info=&#8220;{}&#8220; custom_padding__hover=&#8220;|||&#8220;][et_pb_text admin_label=&#8220;apostrof&#8220; module_class=&#8220;przecinek-tlo-nizej&#8220; _builder_version=&#8220;4.23.1&#8243; custom_margin=&#8220;||||false|false&#8220; custom_margin_tablet=&#8220;&#8220; custom_margin_phone=&#8220;&#8220; custom_margin_last_edited=&#8220;on|desktop&#8220; hover_enabled=&#8220;0&#8243; saved_tabs=&#8220;all&#8220; global_colors_info=&#8220;{}&#8220; sticky_enabled=&#8220;0&#8243;]<\/p>\n<h2>Technische Daten<\/h2>\n<p>[\/et_pb_text][et_pb_text _builder_version=&#8220;4.23.1&#8243; _module_preset=&#8220;default&#8220; hover_enabled=&#8220;0&#8243; global_colors_info=&#8220;{}&#8220; sticky_enabled=&#8220;0&#8243;]<\/p>\n<table width=\"100%\">\n<tbody>\n<tr>\n<td><strong>Leistungsdaten<\/strong><\/td>\n<td><strong>Innenraum<\/strong><\/td>\n<\/tr>\n<tr>\n<td>Fassungsverm\u00f6gen<\/td>\n<td>3000 l<\/td>\n<\/tr>\n<tr>\n<td>H\u00f6chstzul\u00e4ssiger Betriebsdruck<\/td>\n<td>40 bar\/-1 bar<\/td>\n<\/tr>\n<tr>\n<td>Auslegungsdruck<\/td>\n<td>40 bar\/-1 bar<\/td>\n<\/tr>\n<tr>\n<td>Wasserpr\u00fcfung<\/td>\n<td>57,2 bar<\/td>\n<\/tr>\n<tr>\n<td>H\u00f6chstzul\u00e4ssige Betriebstemperatur<\/td>\n<td>80 <sup>0<\/sup>C<\/td>\n<\/tr>\n<tr>\n<td>Mindestzul\u00e4ssige Betriebstemperatur<\/td>\n<td>20 <sup>0<\/sup>C<\/td>\n<\/tr>\n<tr>\n<td>Auslegungstemperatur<\/td>\n<td>80 <sup>0<\/sup>C\/20 <sup>0<\/sup>C<\/td>\n<\/tr>\n<tr>\n<td>Geh\u00e4usegewicht<\/td>\n<td>2500 kg<\/td>\n<\/tr>\n<tr>\n<td>Geh\u00e4usegewicht mit Wasser<\/td>\n<td>5500 kg<\/td>\n<\/tr>\n<\/tbody>\n<\/table>\n<p>&nbsp;<\/p>\n<p>[\/et_pb_text][\/et_pb_column][\/et_pb_row][\/et_pb_section]<\/p>\n","protected":false},"excerpt":{"rendered":"<p>Helium-Puffertank mit Kompressoreinheit und Kondensatabscheider Allgemeine Angaben \/ Hersteller: SECO\/WARWICK\/ Produktionsjahr: 2009\/ Standort \u2013 Zentralpolen\/ Ger\u00e4t abgeklemmt &#8211; keine Pr\u00fcfung vor Ort m\u00f6glich\/ Wir bieten die technische Bewertung, die Verlagerung und die Installation der Vorrichtung am Zielstandort in der Europ\u00e4ischen Union an. &nbsp; Verwendungszweck Der Puffertank ist f\u00fcr den Betrieb in einer W\u00e4rmebehandlungsofenanlage ausgelegt, die [&hellip;]<\/p>\n","protected":false},"author":2,"featured_media":0,"parent":0,"menu_order":0,"comment_status":"closed","ping_status":"closed","template":"","meta":{"_acf_changed":false,"_et_pb_use_builder":"on","_et_pb_old_content":"","_et_gb_content_width":"","footnotes":""},"class_list":["post-157991","page","type-page","status-publish"],"acf":[],"_links":{"self":[{"href":"https:\/\/www.secowarwick.com\/de\/wp-json\/wp\/v2\/pages\/157991","targetHints":{"allow":["GET"]}}],"collection":[{"href":"https:\/\/www.secowarwick.com\/de\/wp-json\/wp\/v2\/pages"}],"about":[{"href":"https:\/\/www.secowarwick.com\/de\/wp-json\/wp\/v2\/types\/page"}],"author":[{"embeddable":true,"href":"https:\/\/www.secowarwick.com\/de\/wp-json\/wp\/v2\/users\/2"}],"replies":[{"embeddable":true,"href":"https:\/\/www.secowarwick.com\/de\/wp-json\/wp\/v2\/comments?post=157991"}],"version-history":[{"count":3,"href":"https:\/\/www.secowarwick.com\/de\/wp-json\/wp\/v2\/pages\/157991\/revisions"}],"predecessor-version":[{"id":158095,"href":"https:\/\/www.secowarwick.com\/de\/wp-json\/wp\/v2\/pages\/157991\/revisions\/158095"}],"wp:attachment":[{"href":"https:\/\/www.secowarwick.com\/de\/wp-json\/wp\/v2\/media?parent=157991"}],"curies":[{"name":"wp","href":"https:\/\/api.w.org\/{rel}","templated":true}]}}