{"id":158786,"date":"2024-05-13T10:21:35","date_gmt":"2024-05-13T08:21:35","guid":{"rendered":"https:\/\/www.secowarwick.com\/professionelle-service-dienstleistungen\/oee\/"},"modified":"2025-06-11T11:08:40","modified_gmt":"2025-06-11T09:08:40","slug":"oee","status":"publish","type":"page","link":"https:\/\/www.secowarwick.com\/de\/professionelle-service-dienstleistungen\/oee\/","title":{"rendered":"OEE"},"content":{"rendered":"<p>[et_pb_section fb_built=&#8220;1&#8243; admin_label=&#8220;section&#8220; _builder_version=&#8220;4.16&#8243; background_color=&#8220;#f8f8f8&#8243; custom_padding=&#8220;0px|||&#8220; global_colors_info=&#8220;{}&#8220;][et_pb_row column_structure=&#8220;3_4,1_4&#8243; admin_label=&#8220;row&#8220; _builder_version=&#8220;4.23.1&#8243; background_size=&#8220;initial&#8220; background_position=&#8220;top_left&#8220; background_repeat=&#8220;repeat&#8220; global_colors_info=&#8220;{}&#8220;][et_pb_column type=&#8220;3_4&#8243; _builder_version=&#8220;4.16&#8243; custom_padding=&#8220;|||&#8220; global_colors_info=&#8220;{}&#8220; custom_padding__hover=&#8220;|||&#8220;][et_pb_code _builder_version=&#8220;4.23.1&#8243; _module_preset=&#8220;default&#8220; global_colors_info=&#8220;{}&#8220;]<\/p>\n<div class=\"et_pb_module et_pb_breadcrumbs   et_pb_breadcrumbs_0\"><!-- [et_pb_line_break_holder] -->\t\t\t\t<pee id=\"breadcrumbs\"><span><span><a href=\"https:\/\/www.secowarwick.com\/pl\/\">HOME<\/a><\/span> \/ <span><a href=\"https:\/\/www.secowarwick.com\/pl\/service\/automatyka\/\">AUTOMATYKA<\/a><\/span> \/ <span class=\"breadcrumb_last\" aria-current=\"page\">OEE<\/span><\/span><\/pee><!-- [et_pb_line_break_holder] -->\t\t\t<\/div>\n<p>[\/et_pb_code][et_pb_text module_class=&#8220;podtytuly&#8220; _builder_version=&#8220;4.23.1&#8243; background_size=&#8220;initial&#8220; background_position=&#8220;top_left&#8220; background_repeat=&#8220;repeat&#8220; text_orientation=&#8220;justified&#8220; use_border_color=&#8220;off&#8220; global_colors_info=&#8220;{}&#8220;]<\/p>\n<h1>OEE<\/h1>\n<h2><img decoding=\"async\" class=\"alignleft wp-image-158467\" src=\"https:\/\/www.secowarwick.com\/wp-content\/uploads\/2024\/05\/sw-oee-icon_2.svg\" alt=\"OEE\" width=\"80\" \/>\u00dcberwachen und analysieren Sie die Vorrichtungsproduktivit\u00e4t und -nutzung<\/h2>\n<p>&nbsp;<\/p>\n<p>&nbsp;<\/p>\n<p>GAE- (Gesamtanlageneffektivit\u00e4t; eng. OEE &#8211; Overall Equipment Effectiveness) ist eine im\u00a0Produktionsmanagement verwendete Kennzahl, die die Produktivit\u00e4t von Maschinen misst. GAE ist eine Kennzahl daf\u00fcr, in\u00a0welchem Umfang Maschinen (in\u00a0diesem Fall Industrie\u00f6fen) im\u00a0Produktionsprozess eingesetzt werden und wie effizient sie ihre Aufgaben erf\u00fcllen k\u00f6nnen.<\/p>\n<p>Das Modul erm\u00f6glicht es, den Kennzahlwert &#8222;Arbeit&#8220; und &#8222;Verf\u00fcgbarkeit&#8220; f\u00fcr ein bestimmtes Ger\u00e4t zu jedem Zeitpunkt zu berechnen. Dargestellt ist auch die prozentuale Verteilung der Ofenzust\u00e4nde, aus denen die oben genannten Kennzahlen berechnet werden.<\/p>\n<p>[\/et_pb_text][\/et_pb_column][et_pb_column type=&#8220;1_4&#8243; _builder_version=&#8220;4.23.1&#8243; custom_padding=&#8220;75px||||false|false&#8220; custom_padding_tablet=&#8220;0px||||false|false&#8220; custom_padding_phone=&#8220;0px||||false|false&#8220; custom_padding_last_edited=&#8220;on|tablet&#8220; global_colors_info=&#8220;{}&#8220; custom_padding__hover=&#8220;|||&#8220;][et_pb_text admin_label=&#8220;btn_de_premiumlibrary&#8220; module_class=&#8220;premium-library-button&#8220; _builder_version=&#8220;4.23.1&#8243; _module_preset=&#8220;default&#8220; text_orientation=&#8220;center&#8220; global_module=&#8220;157246&#8243; global_colors_info=&#8220;{}&#8220;]<\/p>\n<a href='https:\/\/www.secowarwick.com\/de\/premiuminhalte\/' class='small-button smallred'><span>PREMIUMINHALTE<\/span><\/a>\n<p>[\/et_pb_text][et_pb_text admin_label=&#8220;R&#038;D de&#8220; module_class=&#8220;product_widget_wrap_rd&#8220; _builder_version=&#8220;4.23.1&#8243; _module_preset=&#8220;default&#8220; text_orientation=&#8220;center&#8220; global_module=&#8220;167836&#8243; saved_tabs=&#8220;all&#8220; locked=&#8220;off&#8220; global_colors_info=&#8220;{}&#8220;]<\/p>\n<p><a href=\"https:\/\/www.secowarwick.com\/de\/rd\/\"><span class=\"product_wigtet_name\">R&amp;D<\/span><\/a><\/p>\n<p>[\/et_pb_text][et_pb_text admin_label=&#8220;Producte de&#8220; module_class=&#8220;product_widget_wrap_products &#8220; _builder_version=&#8220;4.23.1&#8243; _module_preset=&#8220;default&#8220; global_module=&#8220;179193&#8243; saved_tabs=&#8220;all&#8220; locked=&#8220;off&#8220; global_colors_info=&#8220;{}&#8220;]<\/p>\n<p><a href=\"https:\/\/www.secowarwick.com\/de\/produkte\/\" target=\"_blank\" rel=\"noopener\"><span class=\"product_wigtet_name\">PRODUKTE<\/span><\/a><\/p>\n<p>[\/et_pb_text][et_pb_text admin_label=&#8220;SERVICE de&#8220; module_class=&#8220;product_widget_wrap_service&#8220; _builder_version=&#8220;4.23.1&#8243; _module_preset=&#8220;default&#8220; global_module=&#8220;167860&#8243; saved_tabs=&#8220;all&#8220; locked=&#8220;off&#8220; global_colors_info=&#8220;{}&#8220;]<\/p>\n<p><a href=\"https:\/\/www.secowarwick.com\/de\/professionelle-service-dienstleistungen\/\"><span class=\"product_wigtet_name\">SERVICE<\/span><\/a><\/p>\n<p>[\/et_pb_text][et_pb_text admin_label=&#8220;SUPLEMENTALS de&#8220; module_class=&#8220;product_widget_wrap_supleme&#8220; _builder_version=&#8220;4.23.1&#8243; _module_preset=&#8220;default&#8220; global_module=&#8220;167915&#8243; saved_tabs=&#8220;all&#8220; locked=&#8220;off&#8220; global_colors_info=&#8220;{}&#8220;]<\/p>\n<p><span class=\"product_wigtet_name\">ZUSATZSTOFFE:<\/span><\/p>\n<p>[\/et_pb_text][et_pb_text admin_label=&#8220;dnabook-de&#8220; module_class=&#8220;suplementals_product_dna suplementals_wrap&#8220; _builder_version=&#8220;4.23.1&#8243; _module_preset=&#8220;default&#8220; global_module=&#8220;167874&#8243; saved_tabs=&#8220;all&#8220; locked=&#8220;off&#8220; global_colors_info=&#8220;{}&#8220;]<\/p>\n<p><a href=\"https:\/\/www.secowarwick.com\/wp-content\/uploads\/2024\/02\/2024_SECO_WARWICK_Catalog_DNA_EN_SECOLOGY.pdf\" target=\"_blank\" rel=\"noopener\">DNA\/BOOK<\/a><\/p>\n<p>[\/et_pb_text][et_pb_text admin_label=&#8220;ECO\/BOOK-de&#8220; module_class=&#8220;suplementals_product_eco suplementals_wrap&#8220; _builder_version=&#8220;4.23.1&#8243; _module_preset=&#8220;default&#8220; global_module=&#8220;167797&#8243; locked=&#8220;off&#8220; global_colors_info=&#8220;{}&#8220;]<\/p>\n<p><a href=\"https:\/\/www.secowarwick.com\/wp-content\/uploads\/2023\/06\/ECOBOOK.pdf\" target=\"_blank\" rel=\"noopener\">ECO\/BOOK<\/a><\/p>\n<p>[\/et_pb_text][\/et_pb_column][\/et_pb_row][\/et_pb_section][et_pb_section fb_built=&#8220;1&#8243; admin_label=&#8220;section&#8220; _builder_version=&#8220;4.16&#8243; custom_padding=&#8220;0px|||&#8220; global_colors_info=&#8220;{}&#8220;][et_pb_row column_structure=&#8220;1_2,1_2&#8243; admin_label=&#8220;row&#8220; _builder_version=&#8220;4.16&#8243; background_size=&#8220;initial&#8220; background_position=&#8220;top_left&#8220; background_repeat=&#8220;repeat&#8220; custom_padding=&#8220;||0px|&#8220; global_colors_info=&#8220;{}&#8220;][et_pb_column type=&#8220;1_2&#8243; _builder_version=&#8220;4.16&#8243; custom_padding=&#8220;|||&#8220; global_colors_info=&#8220;{}&#8220; custom_padding__hover=&#8220;|||&#8220;][et_pb_text module_class=&#8220;przecinek-tlo-nizej&#8220; _builder_version=&#8220;4.23.1&#8243; background_size=&#8220;initial&#8220; background_position=&#8220;top_left&#8220; background_repeat=&#8220;repeat&#8220; use_border_color=&#8220;off&#8220; global_colors_info=&#8220;{}&#8220;]Hauptfunktionen des Moduls:[\/et_pb_text][et_pb_text _builder_version=&#8220;4.23.1&#8243; background_size=&#8220;initial&#8220; background_position=&#8220;top_left&#8220; background_repeat=&#8220;repeat&#8220; use_border_color=&#8220;off&#8220; global_colors_info=&#8220;{}&#8220;]<\/p>\n<p><span style=\"color: #dc291e;\"><strong>\/ <\/strong><\/span>Bewertung des Maschinenzustands und -einsatz,<br \/><span style=\"color: #dc291e;\"><strong>\/ <\/strong><\/span>Wirksamkeitsbewertung von zur Verbesserung der Vorrichtungsverf\u00fcgbarkeit implementierten L\u00f6sungen,<br \/><strong><span style=\"color: #dc291e;\">\/ <\/span><\/strong>Einfachere Produktionsplanung,<br \/><strong><span style=\"color: #dc291e;\">\/ <\/span> <\/strong>Produktionsoptimierung.<\/p>\n<p>[\/et_pb_text][\/et_pb_column][et_pb_column type=&#8220;1_2&#8243; _builder_version=&#8220;4.16&#8243; custom_padding=&#8220;|||&#8220; global_colors_info=&#8220;{}&#8220; custom_padding__hover=&#8220;|||&#8220;][et_pb_image src=&#8220;https:\/\/www.secowarwick.com\/wp-content\/uploads\/2024\/05\/oee.jpg&#8220; alt=&#8220;OEE<br \/>\nMonitoruj i analizuj produktywno\u015b\u0107 i wykorzystanie swojego urz\u0105dzenia&#8220; _builder_version=&#8220;4.23.1&#8243; _module_preset=&#8220;default&#8220; global_colors_info=&#8220;{}&#8220;][\/et_pb_image][\/et_pb_column][\/et_pb_row][et_pb_row _builder_version=&#8220;4.23.1&#8243; _module_preset=&#8220;default&#8220; global_colors_info=&#8220;{}&#8220;][et_pb_column type=&#8220;4_4&#8243; _builder_version=&#8220;4.23.1&#8243; _module_preset=&#8220;default&#8220; global_colors_info=&#8220;{}&#8220;][\/et_pb_column][\/et_pb_row][et_pb_row column_structure=&#8220;3_4,1_4&#8243; use_custom_gutter=&#8220;on&#8220; gutter_width=&#8220;2&#8243; module_class=&#8220;automatycy-wiersz-korzysci&#8220; _builder_version=&#8220;4.23.1&#8243; _module_preset=&#8220;default&#8220; locked=&#8220;off&#8220; global_colors_info=&#8220;{}&#8220;][et_pb_column type=&#8220;3_4&#8243; _builder_version=&#8220;4.23.1&#8243; _module_preset=&#8220;default&#8220; global_colors_info=&#8220;{}&#8220;][et_pb_text module_class=&#8220;przecinek-tlo-nizej&#8220; _builder_version=&#8220;4.23.1&#8243; text_text_color=&#8220;#000000&#8243; background_size=&#8220;initial&#8220; background_position=&#8220;top_left&#8220; background_repeat=&#8220;repeat&#8220; use_border_color=&#8220;off&#8220; global_colors_info=&#8220;{}&#8220;]<\/p>\n<p>OEE (GAE) &#8211; VORTEILE<\/p>\n<p>[\/et_pb_text][et_pb_text module_class=&#8220;opis-korzysci&#8220; _builder_version=&#8220;4.23.1&#8243; _module_preset=&#8220;default&#8220; custom_margin=&#8220;20px||||false|false&#8220; hover_enabled=&#8220;0&#8243; global_colors_info=&#8220;{}&#8220; text_orientation=&#8220;justified&#8220; sticky_enabled=&#8220;0&#8243;]<\/p>\n<p><strong><span style=\"color: #dc291e;\">\/<\/span><\/strong>\u00a0Genaue Kennzahlenberechnung und -darstellung, die den <strong>Vorrichtungseinsatz <\/strong>zeigen , was f\u00fcr die Bewertung ihrer Wirksamkeit und Effizienz entscheidend ist.<br \/><strong><span style=\"color: #dc291e;\">\/<\/span>\u00a0Gesamtbewertung des Ofenzustands, <\/strong>um schnell auf potenzielle Probleme reagieren zu k\u00f6nnen.<br \/><strong><span style=\"color: #dc291e;\">\/<\/span><\/strong>\u00a0Die Bewertung der Wirksamkeit der implementierten L\u00f6sungen f\u00fchrt zu einer verbesserten Vorrichtungsverf\u00fcgbarkeit und einer <strong><span style=\"color: #dc291e;\">\/<\/span><\/strong>\u00a0<strong>kontinuierlichen Verbesserung der Produktionsprozesse<\/strong>.<br \/><strong><span style=\"color: #dc291e;\">\/<\/span><\/strong>\u00a0Das GAE-Modul <strong>erleichtert die Produktionsplanung<\/strong> und Optimierung der Ressourcennutzung.<br \/><strong><span style=\"color: #dc291e;\">\/<\/span><\/strong>\u00a0Durch die Ofenbetriebs\u00fcberwachungdie Identifizierung von Optimierungsbereichenerm\u00f6glicht das OEE-Modul eine <strong>effiziente Nutzung der Ofenfunktionalit\u00e4ten<\/strong>.<br \/><strong><span style=\"color: #dc291e;\">\/<\/span>\u00a0Das Modul erm\u00f6glicht es, die Wirksamkeit der implementierten L\u00f6sungen regelm\u00e4\u00dfig zu \u00fcberpr\u00fcfen.<\/strong><\/p>\n<p>[\/et_pb_text][\/et_pb_column][et_pb_column type=&#8220;1_4&#8243; _builder_version=&#8220;4.23.1&#8243; _module_preset=&#8220;default&#8220; global_colors_info=&#8220;{}&#8220;][et_pb_image src=&#8220;https:\/\/www.secowarwick.com\/wp-content\/uploads\/2024\/05\/korzysci.png&#8220; alt=&#8220;korzy\u015bci&#8220; align=&#8220;center&#8220; module_class=&#8220;obraz-korzysci&#8220; _builder_version=&#8220;4.23.1&#8243; _module_preset=&#8220;default&#8220; global_colors_info=&#8220;{}&#8220;][\/et_pb_image][\/et_pb_column][\/et_pb_row][\/et_pb_section]<\/p>\n","protected":false},"excerpt":{"rendered":"<p>OEE \u00dcberwachen und analysieren Sie die Vorrichtungsproduktivit\u00e4t und -nutzung &nbsp; &nbsp; GAE- (Gesamtanlageneffektivit\u00e4t; eng. OEE &#8211; Overall Equipment Effectiveness) ist eine im\u00a0Produktionsmanagement verwendete Kennzahl, die die Produktivit\u00e4t von Maschinen misst. GAE ist eine Kennzahl daf\u00fcr, in\u00a0welchem Umfang Maschinen (in\u00a0diesem Fall Industrie\u00f6fen) im\u00a0Produktionsprozess eingesetzt werden und wie effizient sie ihre Aufgaben erf\u00fcllen k\u00f6nnen. Das Modul erm\u00f6glicht [&hellip;]<\/p>\n","protected":false},"author":2,"featured_media":0,"parent":56996,"menu_order":0,"comment_status":"closed","ping_status":"closed","template":"","meta":{"_acf_changed":false,"_et_pb_use_builder":"on","_et_pb_old_content":"","_et_gb_content_width":"","footnotes":""},"class_list":["post-158786","page","type-page","status-publish"],"acf":[],"_links":{"self":[{"href":"https:\/\/www.secowarwick.com\/de\/wp-json\/wp\/v2\/pages\/158786","targetHints":{"allow":["GET"]}}],"collection":[{"href":"https:\/\/www.secowarwick.com\/de\/wp-json\/wp\/v2\/pages"}],"about":[{"href":"https:\/\/www.secowarwick.com\/de\/wp-json\/wp\/v2\/types\/page"}],"author":[{"embeddable":true,"href":"https:\/\/www.secowarwick.com\/de\/wp-json\/wp\/v2\/users\/2"}],"replies":[{"embeddable":true,"href":"https:\/\/www.secowarwick.com\/de\/wp-json\/wp\/v2\/comments?post=158786"}],"version-history":[{"count":8,"href":"https:\/\/www.secowarwick.com\/de\/wp-json\/wp\/v2\/pages\/158786\/revisions"}],"predecessor-version":[{"id":179308,"href":"https:\/\/www.secowarwick.com\/de\/wp-json\/wp\/v2\/pages\/158786\/revisions\/179308"}],"up":[{"embeddable":true,"href":"https:\/\/www.secowarwick.com\/de\/wp-json\/wp\/v2\/pages\/56996"}],"wp:attachment":[{"href":"https:\/\/www.secowarwick.com\/de\/wp-json\/wp\/v2\/media?parent=158786"}],"curies":[{"name":"wp","href":"https:\/\/api.w.org\/{rel}","templated":true}]}}