{"id":158843,"date":"2024-05-20T19:42:26","date_gmt":"2024-05-20T17:42:26","guid":{"rendered":"https:\/\/www.secowarwick.com\/unternehmen\/auszeichnungen-und-ehrungen\/fair-company\/"},"modified":"2024-05-20T19:45:46","modified_gmt":"2024-05-20T17:45:46","slug":"gute-gesellschaft","status":"publish","type":"page","link":"https:\/\/www.secowarwick.com\/de\/unternehmen\/auszeichnungen-und-ehrungen\/gute-gesellschaft\/","title":{"rendered":"Gute Gesellschaft"},"content":{"rendered":"<p>15.05.2024<\/p>\n<h3>Die Die Webseiten Redaktion ForumBiznesu.pl (Wirtschaftsforum), Organisator des Socially Responsible Leadership Programme, hat SECO\/WARWICK den Preistr\u00e4ger-Titel in der Kategorie &#8222;Good Company 2024&#8220; (Gute Gesellschaft 2024) verliehen. \u201c<em>Wir wurden f\u00fcr unser Engagement bei der Verbreitung der Grunds\u00e4tze des Socially Responsible Business (SRB) im Unternehmen ausgezeichnet, insbesondere im Hinblick auf die umgesetzten Programme zur sozialen Verantwortung, die Aktivit\u00e4ten f\u00fcr lokale Gemeinschaften und die Umweltsensibilit\u00e4t<\/em>.\u201d<\/h3>\n<p><img decoding=\"async\" class=\"size-full wp-image-158834 aligncenter\" src=\"https:\/\/www.secowarwick.com\/wp-content\/uploads\/2024\/05\/Fair_Company_2024.jpg\" alt=\"Fair Company\" width=\"800\" height=\"800\" srcset=\"https:\/\/www.secowarwick.com\/wp-content\/uploads\/2024\/05\/Fair_Company_2024.jpg 800w, https:\/\/www.secowarwick.com\/wp-content\/uploads\/2024\/05\/Fair_Company_2024-480x480.jpg 480w\" sizes=\"(min-width: 0px) and (max-width: 480px) 480px, (min-width: 481px) 800px, 100vw\" \/><\/p>\n<p>&nbsp;<\/p>\n<p>&nbsp;<\/p>\n","protected":false},"excerpt":{"rendered":"<p>15.05.2024 Die Die Webseiten Redaktion ForumBiznesu.pl (Wirtschaftsforum), Organisator des Socially Responsible Leadership Programme, hat SECO\/WARWICK den Preistr\u00e4ger-Titel in der Kategorie &#8222;Good Company 2024&#8220; (Gute Gesellschaft 2024) verliehen. \u201cWir wurden f\u00fcr unser Engagement bei der Verbreitung der Grunds\u00e4tze des Socially Responsible Business (SRB) im Unternehmen ausgezeichnet, insbesondere im Hinblick auf die umgesetzten Programme zur sozialen Verantwortung, [&hellip;]<\/p>\n","protected":false},"author":2,"featured_media":0,"parent":6718,"menu_order":0,"comment_status":"closed","ping_status":"closed","template":"","meta":{"_acf_changed":false,"_et_pb_use_builder":"","_et_pb_old_content":"","_et_gb_content_width":"","footnotes":""},"class_list":["post-158843","page","type-page","status-publish"],"acf":[],"_links":{"self":[{"href":"https:\/\/www.secowarwick.com\/de\/wp-json\/wp\/v2\/pages\/158843","targetHints":{"allow":["GET"]}}],"collection":[{"href":"https:\/\/www.secowarwick.com\/de\/wp-json\/wp\/v2\/pages"}],"about":[{"href":"https:\/\/www.secowarwick.com\/de\/wp-json\/wp\/v2\/types\/page"}],"author":[{"embeddable":true,"href":"https:\/\/www.secowarwick.com\/de\/wp-json\/wp\/v2\/users\/2"}],"replies":[{"embeddable":true,"href":"https:\/\/www.secowarwick.com\/de\/wp-json\/wp\/v2\/comments?post=158843"}],"version-history":[{"count":2,"href":"https:\/\/www.secowarwick.com\/de\/wp-json\/wp\/v2\/pages\/158843\/revisions"}],"predecessor-version":[{"id":158847,"href":"https:\/\/www.secowarwick.com\/de\/wp-json\/wp\/v2\/pages\/158843\/revisions\/158847"}],"up":[{"embeddable":true,"href":"https:\/\/www.secowarwick.com\/de\/wp-json\/wp\/v2\/pages\/6718"}],"wp:attachment":[{"href":"https:\/\/www.secowarwick.com\/de\/wp-json\/wp\/v2\/media?parent=158843"}],"curies":[{"name":"wp","href":"https:\/\/api.w.org\/{rel}","templated":true}]}}