{"id":158882,"date":"2024-05-20T20:01:27","date_gmt":"2024-05-20T18:01:27","guid":{"rendered":"https:\/\/www.secowarwick.com\/unternehmen\/auszeichnungen-und-ehrungen\/top-10-companies\/"},"modified":"2024-05-20T20:04:00","modified_gmt":"2024-05-20T18:04:00","slug":"top-10-unternehmen","status":"publish","type":"page","link":"https:\/\/www.secowarwick.com\/de\/unternehmen\/auszeichnungen-und-ehrungen\/top-10-unternehmen\/","title":{"rendered":"TOP 10 Unternehmen Bereitstellung von industriellen Vakuuml\u00f6sungen"},"content":{"rendered":"<p>15.05.2024<\/p>\n<h3>SECO\/WARWICK wurde in die TOP 10 der gr\u00f6\u00dften Unternehmen der Welt aufgenommen, die bei der Bereitstellung von industriellen Vakuuml\u00f6sungen f\u00fchrend sind<\/h3>\n<p><img decoding=\"async\" class=\"size-full wp-image-158873 aligncenter\" src=\"https:\/\/www.secowarwick.com\/wp-content\/uploads\/2024\/05\/top10-big.jpg\" alt=\"Top 10 companies Industrial Vacum Solutions \" width=\"839\" height=\"630\" srcset=\"https:\/\/www.secowarwick.com\/wp-content\/uploads\/2024\/05\/top10-big.jpg 839w, https:\/\/www.secowarwick.com\/wp-content\/uploads\/2024\/05\/top10-big-480x360.jpg 480w\" sizes=\"(min-width: 0px) and (max-width: 480px) 480px, (min-width: 481px) 839px, 100vw\" \/><\/p>\n<p style=\"text-align: center;\"><a class=\"small-button smallred\" style=\"font-size: 20px; padding: 20px 60px;\" href=\"https:\/\/www.themanufacturingoutlook.com\/seco-warwick\" target=\"_blank\" rel=\"noopener\"><span style=\"display: block; transform: skew(15deg,0deg); -webkit-transform: skew(15deg,0deg); font-size: 20px;\">MEHR<\/span><\/a><\/p>\n","protected":false},"excerpt":{"rendered":"<p>15.05.2024 SECO\/WARWICK wurde in die TOP 10 der gr\u00f6\u00dften Unternehmen der Welt aufgenommen, die bei der Bereitstellung von industriellen Vakuuml\u00f6sungen f\u00fchrend sind MEHR<\/p>\n","protected":false},"author":2,"featured_media":0,"parent":6718,"menu_order":0,"comment_status":"closed","ping_status":"closed","template":"","meta":{"_acf_changed":false,"_et_pb_use_builder":"off","_et_pb_old_content":"","_et_gb_content_width":"","footnotes":""},"class_list":["post-158882","page","type-page","status-publish"],"acf":[],"_links":{"self":[{"href":"https:\/\/www.secowarwick.com\/de\/wp-json\/wp\/v2\/pages\/158882","targetHints":{"allow":["GET"]}}],"collection":[{"href":"https:\/\/www.secowarwick.com\/de\/wp-json\/wp\/v2\/pages"}],"about":[{"href":"https:\/\/www.secowarwick.com\/de\/wp-json\/wp\/v2\/types\/page"}],"author":[{"embeddable":true,"href":"https:\/\/www.secowarwick.com\/de\/wp-json\/wp\/v2\/users\/2"}],"replies":[{"embeddable":true,"href":"https:\/\/www.secowarwick.com\/de\/wp-json\/wp\/v2\/comments?post=158882"}],"version-history":[{"count":1,"href":"https:\/\/www.secowarwick.com\/de\/wp-json\/wp\/v2\/pages\/158882\/revisions"}],"predecessor-version":[{"id":158885,"href":"https:\/\/www.secowarwick.com\/de\/wp-json\/wp\/v2\/pages\/158882\/revisions\/158885"}],"up":[{"embeddable":true,"href":"https:\/\/www.secowarwick.com\/de\/wp-json\/wp\/v2\/pages\/6718"}],"wp:attachment":[{"href":"https:\/\/www.secowarwick.com\/de\/wp-json\/wp\/v2\/media?parent=158882"}],"curies":[{"name":"wp","href":"https:\/\/api.w.org\/{rel}","templated":true}]}}